{"id":389066,"date":"2025-03-11T13:20:38","date_gmt":"2025-03-11T13:20:38","guid":{"rendered":"https:\/\/www.purejewels.com\/?post_type=product&#038;p=389066"},"modified":"2026-03-06T09:55:36","modified_gmt":"2026-03-06T09:55:36","slug":"zumrut-kolye-51304","status":"publish","type":"product","link":"https:\/\/www.purejewels.com\/tr\/product\/emerald-necklace-51304\/","title":{"rendered":"Vision Z\u00fcmr\u00fct Kolye"},"content":{"rendered":"<p data-start=\"607\" data-end=\"642\"><strong data-start=\"607\" data-end=\"640\">Zamans\u0131z Zarafetin Sembol\u00fc<\/strong><\/p>\n<p data-start=\"644\" data-end=\"960\">Bu <strong data-start=\"649\" data-end=\"679\">22 Ayar G\u00fcndo\u011fumu Alt\u0131n Kolye<\/strong> bir \u015fey yok. <strong data-start=\"689\" data-end=\"710\">Zariya Koleksiyonu<\/strong> toplamda \u00fc\u00e7 \u00e7arp\u0131c\u0131 z\u00fcmr\u00fct i\u00e7eren ince bir i\u015f\u00e7ilik \u015faheseridir.<strong data-start=\"761\" data-end=\"804\"> 1.55ct<\/strong>. Zengin ye\u015fil tonlar\u0131, s\u0131cak su ile g\u00fczel bir kontrast olu\u015fturur. <strong data-start=\"863\" data-end=\"883\">alt\u0131n-g\u00fcl \u0131\u015f\u0131lt\u0131s\u0131<\/strong> . <strong data-start=\"887\" data-end=\"903\">G\u00fcndo\u011fumu Alt\u0131n<\/strong>Bu zarif tasar\u0131ma derinlik ve incelik kat\u0131yor.<\/p>\n<p data-start=\"962\" data-end=\"1010\"><strong data-start=\"962\" data-end=\"1008\">Karma\u015f\u0131k \u0130\u015f\u00e7ilik ve Kal\u0131c\u0131 G\u00fc\u00e7<\/strong><\/p>\n<p data-start=\"1012\" data-end=\"1289\">ile tasarlanm\u0131\u015ft\u0131r. <strong data-start=\"1028\" data-end=\"1057\">b\u00fck\u00fcml\u00fc tel ve baklal\u0131 zincir<\/strong>Bu kolye sadece g\u00fczelli\u011fi artt\u0131rmakla kalmaz, ayn\u0131 zamanda rahat kullan\u0131m i\u00e7in dayan\u0131kl\u0131l\u0131k ve esneklik sa\u011flar. Titiz detayland\u0131rma, kolyenin inceli\u011fini yans\u0131t\u0131r. <strong data-start=\"1217\" data-end=\"1238\">Zariya Koleksiyonu<\/strong>miras\u0131 \u00e7a\u011fda\u015f bir dokunu\u015fla kutluyor.<\/p>\n<p data-start=\"1291\" data-end=\"1327\"><strong data-start=\"1291\" data-end=\"1325\">G\u00fcn Do\u011fumu Alt\u0131n\u0131n\u0131n Parlakl\u0131\u011f\u0131<\/strong><\/p>\n<p data-start=\"1329\" data-end=\"1580\">\u00d6zel \u00fcr\u00fcnlerimizden \u00fcretilmi\u015ftir <strong data-start=\"1356\" data-end=\"1378\">G\u00fcndo\u011fumu Alt\u0131n ala\u015f\u0131m\u0131<\/strong>bu kolyede de <strong data-start=\"1406\" data-end=\"1429\">22 ayar alt\u0131n\u0131n safl\u0131\u011f\u0131<\/strong> g\u00fc\u00e7 sa\u011flarken. \u015eafa\u011f\u0131n ilk \u0131\u015f\u0131klar\u0131ndan ilham alan <strong data-start=\"1496\" data-end=\"1515\">alt\u0131n-g\u00fcl tonu<\/strong> T\u00fcm cilt tonlar\u0131n\u0131 tamamlayan s\u0131cak, sofistike bir \u0131\u015f\u0131lt\u0131 katar.<\/p>\n<p data-start=\"1582\" data-end=\"1601\"><strong data-start=\"1582\" data-end=\"1599\">Stil \u0130pu\u00e7lar\u0131:<\/strong><\/p>\n<ul data-start=\"1602\" data-end=\"1890\">\n<li data-start=\"1602\" data-end=\"1704\"><strong data-start=\"1604\" data-end=\"1628\">Zahmetsiz \u015e\u0131kl\u0131k:<\/strong> \u0130nce ama l\u00fcks bir ifade ve m\u00fckemmel bir aksesuar i\u00e7in klasik bir k\u0131yafetle tek ba\u015f\u0131na giyin.<\/li>\n<li data-start=\"1705\" data-end=\"1799\"><strong data-start=\"1707\" data-end=\"1724\">Katmanl\u0131 g\u00f6r\u00fcn\u00fcm:<\/strong> Di\u011ferleriyle e\u015fle\u015ftirin <a href=\"https:\/\/www.purejewels.com\/tr\/urun-kategori%cc%87si%cc%87\/22-ayar-altin-zincir\/baklali-zincir\/\"><strong data-start=\"1744\" data-end=\"1767\">Sunrise Alt\u0131n Zincirler<\/strong><\/a> modaya uygun, istiflenmi\u015f bir etki i\u00e7in.<\/li>\n<li data-start=\"1800\" data-end=\"1890\"><strong data-start=\"1802\" data-end=\"1820\">\u015eenlikli Cazibe:<\/strong> \u015eununla e\u015fle\u015ftirin <a href=\"https:\/\/www.purejewels.com\/tr\/urun-kategori%cc%87si%cc%87\/koleksiyonlar\/mantra-koleksi%cc%87yonu\/\"><strong data-start=\"1835\" data-end=\"1866\">z\u00fcmr\u00fct k\u00fcpe veya bilezik<\/strong><\/a>\u00a0 ya da <a href=\"https:\/\/www.purejewels.com\/tr\/urun\/51298-zumrutlu-22-ayar-altin-ponka\/\">poncha<\/a> muhte\u015fem bir topluluk i\u00e7in.<\/li>\n<\/ul>\n<p data-start=\"1892\" data-end=\"2043\" data-is-last-node=\"\" data-is-only-node=\"\">Bu <strong data-start=\"1897\" data-end=\"1936\">Z\u00fcmr\u00fctl\u00fc G\u00fcn Do\u011fumu Alt\u0131n Kolye<\/strong> miras, el i\u015f\u00e7ili\u011fi ve modern zarafeti harmanlayarak her m\u00fccevher koleksiyonuna zamans\u0131z bir katk\u0131 sa\u011flar.<\/p>\n<p data-start=\"1892\" data-end=\"2043\" data-is-last-node=\"\" data-is-only-node=\"\"><b>Aral\u0131k Kimli\u011fi <\/b>SGNLSNZC002<br \/>\n<b>SKU:<\/b>\u00a051304<\/p>","protected":false},"excerpt":{"rendered":"<p>Vision Z\u00fcmr\u00fct Kolye, l\u00fcks 22 ayar alt\u0131ndan \u00fcretilmi\u015ftir. Bu 18 in\u00e7lik \u015faheser, zarif bir zincir boyunca zarif bir \u015fekilde yerle\u015ftirilmi\u015f 1,55 ct do\u011fal z\u00fcmr\u00fct sergiliyor. B\u00fck\u00fcml\u00fc tel tekni\u011fi hem g\u00fczelli\u011fi hem de dayan\u0131kl\u0131l\u0131\u011f\u0131 art\u0131r\u0131rken, bu oval z\u00fcmr\u00fctlerin canl\u0131 ye\u015fili alt\u0131n\u0131n s\u0131cak \u0131\u015f\u0131lt\u0131s\u0131yla zarif bir tezat olu\u015fturuyor.<\/p>\n<p><strong>Malzeme:<\/strong> 22 Ayar G\u00fcndo\u011fumu Alt\u0131n<br \/>\n<strong>Safl\u0131k: <\/strong>91.6% saf alt\u0131n<strong><br \/>\n<strong>Hallmark: <\/strong><\/strong>\u0130ngiliz Damgas\u0131<strong><strong><br \/>\n<strong>De\u011ferli ta\u015f: <\/strong><\/strong><\/strong>Do\u011fal Z\u00fcmr\u00fctler<strong><strong><br \/>\n<strong>M\u00fccevher A\u011f\u0131rl\u0131\u011f\u0131: <\/strong><\/strong><\/strong>Toplam 1,55 ct<strong><strong><strong><br \/>\n<strong>K\u00f6ken: <\/strong><\/strong><\/strong><\/strong>Zambiya<strong><strong><strong><strong><br \/>\n<strong>Benimkini: <\/strong><\/strong><\/strong><\/strong><\/strong>Gemfields<strong><strong><strong><strong><strong><br \/>\n<strong>Uzunluk: <\/strong><\/strong><\/strong><\/strong><\/strong><\/strong>18 in\u00e7<strong><strong><strong><strong><strong><br \/>\n<strong>A\u011f\u0131rl\u0131k: <\/strong><\/strong><\/strong><\/strong><\/strong><\/strong>6.2 Gms<strong><strong><strong><strong><strong><br \/>\n<strong>SKU: <\/strong><\/strong><\/strong><\/strong><\/strong><\/strong>51304<\/p>\n<p><strong>Fiyat ve Teslimat:<\/strong>\u00a0KDV ve teslimat \u00fccretleri dahil<br \/>\n<a href=\"https:\/\/www.purejewels.com\/tr\/i%cc%87ade-poli%cc%87ti%cc%87kasi\/\">\u0130ade Politikas\u0131<\/a><\/p>","protected":false},"featured_media":389233,"comment_status":"closed","ping_status":"closed","template":"","meta":{"_eb_attr":"","_crsspst_to_jayantr4sg-hostcom":false},"product_brand":[],"product_cat":[6190,5754,5957,1229,1253,1778,5747],"product_tag":[],"class_list":{"0":"post-389066","1":"product","2":"type-product","3":"status-publish","4":"has-post-thumbnail","6":"product_cat-easter-jewellery","7":"product_cat-emerald","8":"product_cat-gold-emerald-necklaces","9":"product_cat-22ct-gold-jewellery","10":"product_cat-gold-necklaces","11":"product_cat-short-necklaces","12":"product_cat-mantra-collection","14":"first","15":"instock","16":"taxable","17":"shipping-taxable","18":"purchasable","19":"product-type-simple","20":"add-to-wishlist-before_image"},"yoast_head":"<!-- This site is optimized with the Yoast SEO plugin v27.5 - https:\/\/yoast.com\/product\/yoast-seo-wordpress\/ -->\n<title>Emerald Necklace | 22ct Sunrise Gold | Luxury Jewellery<\/title>\n<meta name=\"description\" content=\"Discover the elegance of the Emerald Necklace in 22ct Sunrise Gold. A luxurious piece of fine jewellery, crafted to perfection for a timeless, radiant look.\" \/>\n<meta name=\"robots\" content=\"index, follow, max-snippet:-1, max-image-preview:large, max-video-preview:-1\" \/>\n<link rel=\"canonical\" href=\"https:\/\/www.purejewels.com\/tr\/urun\/zumrut-kolye-51304\/\" \/>\n<meta property=\"og:locale\" content=\"tr_TR\" \/>\n<meta property=\"og:type\" content=\"article\" \/>\n<meta property=\"og:title\" content=\"Emerald Necklace | 22ct Sunrise Gold | Luxury Jewellery\" \/>\n<meta property=\"og:description\" content=\"Discover the elegance of the Emerald Necklace in 22ct Sunrise Gold. A luxurious piece of fine jewellery, crafted to perfection for a timeless, radiant look.\" \/>\n<meta property=\"og:url\" content=\"https:\/\/www.purejewels.com\/tr\/urun\/zumrut-kolye-51304\/\" \/>\n<meta property=\"og:site_name\" content=\"PureJewels UK\" \/>\n<meta property=\"article:modified_time\" content=\"2026-03-06T09:55:36+00:00\" \/>\n<meta property=\"og:image\" content=\"https:\/\/static.purejewels.com\/wp-content\/uploads\/2025\/03\/51304.png\" \/>\n\t<meta property=\"og:image:width\" content=\"1000\" \/>\n\t<meta property=\"og:image:height\" content=\"1000\" \/>\n\t<meta property=\"og:image:type\" content=\"image\/png\" \/>\n<meta name=\"twitter:card\" content=\"summary_large_image\" \/>\n<meta name=\"twitter:label1\" content=\"Tahmini okuma s\u00fcresi\" \/>\n\t<meta name=\"twitter:data1\" content=\"2 dakika\" \/>\n<script type=\"application\/ld+json\" class=\"yoast-schema-graph\">{\"@context\":\"https:\\\/\\\/schema.org\",\"@graph\":[{\"@type\":[\"WebPage\",\"ItemPage\"],\"@id\":\"https:\\\/\\\/www.purejewels.com\\\/product\\\/emerald-necklace-51304\\\/\",\"url\":\"https:\\\/\\\/www.purejewels.com\\\/product\\\/emerald-necklace-51304\\\/\",\"name\":\"Emerald Necklace | 22ct Sunrise Gold | Luxury Jewellery\",\"isPartOf\":{\"@id\":\"https:\\\/\\\/www.purejewels.com\\\/#website\"},\"primaryImageOfPage\":{\"@id\":\"https:\\\/\\\/www.purejewels.com\\\/product\\\/emerald-necklace-51304\\\/#primaryimage\"},\"image\":{\"@id\":\"https:\\\/\\\/www.purejewels.com\\\/product\\\/emerald-necklace-51304\\\/#primaryimage\"},\"thumbnailUrl\":\"https:\\\/\\\/static.purejewels.com\\\/wp-content\\\/uploads\\\/2025\\\/03\\\/51304.png\",\"datePublished\":\"2025-03-11T13:20:38+00:00\",\"dateModified\":\"2026-03-06T09:55:36+00:00\",\"description\":\"Discover the elegance of the Emerald Necklace in 22ct Sunrise Gold. A luxurious piece of fine jewellery, crafted to perfection for a timeless, radiant look.\",\"breadcrumb\":{\"@id\":\"https:\\\/\\\/www.purejewels.com\\\/product\\\/emerald-necklace-51304\\\/#breadcrumb\"},\"inLanguage\":\"tr\",\"potentialAction\":[{\"@type\":\"ReadAction\",\"target\":[\"https:\\\/\\\/www.purejewels.com\\\/product\\\/emerald-necklace-51304\\\/\"]}]},{\"@type\":\"ImageObject\",\"inLanguage\":\"tr\",\"@id\":\"https:\\\/\\\/www.purejewels.com\\\/product\\\/emerald-necklace-51304\\\/#primaryimage\",\"url\":\"https:\\\/\\\/static.purejewels.com\\\/wp-content\\\/uploads\\\/2025\\\/03\\\/51304.png\",\"contentUrl\":\"https:\\\/\\\/static.purejewels.com\\\/wp-content\\\/uploads\\\/2025\\\/03\\\/51304.png\",\"width\":1000,\"height\":1000},{\"@type\":\"BreadcrumbList\",\"@id\":\"https:\\\/\\\/www.purejewels.com\\\/product\\\/emerald-necklace-51304\\\/#breadcrumb\",\"itemListElement\":[{\"@type\":\"ListItem\",\"position\":1,\"name\":\"Home\",\"item\":\"https:\\\/\\\/www.purejewels.com\\\/\"},{\"@type\":\"ListItem\",\"position\":2,\"name\":\"Shop\",\"item\":\"https:\\\/\\\/www.purejewels.com\\\/shop\\\/\"},{\"@type\":\"ListItem\",\"position\":3,\"name\":\"Vision Emerald Necklace\"}]},{\"@type\":\"WebSite\",\"@id\":\"https:\\\/\\\/www.purejewels.com\\\/#website\",\"url\":\"https:\\\/\\\/www.purejewels.com\\\/\",\"name\":\"PureJewels UK\",\"description\":\"Share the Love\",\"publisher\":{\"@id\":\"https:\\\/\\\/www.purejewels.com\\\/#organization\"},\"potentialAction\":[{\"@type\":\"SearchAction\",\"target\":{\"@type\":\"EntryPoint\",\"urlTemplate\":\"https:\\\/\\\/www.purejewels.com\\\/?s={search_term_string}\"},\"query-input\":{\"@type\":\"PropertyValueSpecification\",\"valueRequired\":true,\"valueName\":\"search_term_string\"}}],\"inLanguage\":\"tr\"},{\"@type\":\"Organization\",\"@id\":\"https:\\\/\\\/www.purejewels.com\\\/#organization\",\"name\":\"PureJewels UK\",\"url\":\"https:\\\/\\\/www.purejewels.com\\\/\",\"logo\":{\"@type\":\"ImageObject\",\"inLanguage\":\"tr\",\"@id\":\"https:\\\/\\\/www.purejewels.com\\\/#\\\/schema\\\/logo\\\/image\\\/\",\"url\":\"https:\\\/\\\/static.purejewels.com\\\/wp-content\\\/uploads\\\/2020\\\/11\\\/Logo-PJ-New-1.png\",\"contentUrl\":\"https:\\\/\\\/static.purejewels.com\\\/wp-content\\\/uploads\\\/2020\\\/11\\\/Logo-PJ-New-1.png\",\"width\":150,\"height\":80,\"caption\":\"PureJewels UK\"},\"image\":{\"@id\":\"https:\\\/\\\/www.purejewels.com\\\/#\\\/schema\\\/logo\\\/image\\\/\"}}]}<\/script>\n<!-- \/ Yoast SEO plugin. -->","yoast_head_json":{"title":"Z\u00fcmr\u00fct Kolye | 22 Ayar G\u00fcndo\u011fumu Alt\u0131n | L\u00fcks M\u00fccevherler","description":"22ct Sunrise Alt\u0131n Z\u00fcmr\u00fct Kolye'nin zarafetini ke\u015ffedin. Zamans\u0131z, \u0131\u015f\u0131lt\u0131l\u0131 bir g\u00f6r\u00fcn\u00fcm i\u00e7in m\u00fckemmel bir \u015fekilde haz\u0131rlanm\u0131\u015f l\u00fcks bir m\u00fccevher par\u00e7as\u0131.","robots":{"index":"index","follow":"follow","max-snippet":"max-snippet:-1","max-image-preview":"max-image-preview:large","max-video-preview":"max-video-preview:-1"},"canonical":"https:\/\/www.purejewels.com\/tr\/urun\/zumrut-kolye-51304\/","og_locale":"tr_TR","og_type":"article","og_title":"Emerald Necklace | 22ct Sunrise Gold | Luxury Jewellery","og_description":"Discover the elegance of the Emerald Necklace in 22ct Sunrise Gold. A luxurious piece of fine jewellery, crafted to perfection for a timeless, radiant look.","og_url":"https:\/\/www.purejewels.com\/tr\/urun\/zumrut-kolye-51304\/","og_site_name":"PureJewels UK","article_modified_time":"2026-03-06T09:55:36+00:00","og_image":[{"width":1000,"height":1000,"url":"https:\/\/static.purejewels.com\/wp-content\/uploads\/2025\/03\/51304.png","type":"image\/png"}],"twitter_card":"summary_large_image","twitter_misc":{"Tahmini okuma s\u00fcresi":"2 dakika"},"schema":{"@context":"https:\/\/schema.org","@graph":[{"@type":["WebPage","ItemPage"],"@id":"https:\/\/www.purejewels.com\/product\/emerald-necklace-51304\/","url":"https:\/\/www.purejewels.com\/product\/emerald-necklace-51304\/","name":"Z\u00fcmr\u00fct Kolye | 22 Ayar G\u00fcndo\u011fumu Alt\u0131n | L\u00fcks M\u00fccevherler","isPartOf":{"@id":"https:\/\/www.purejewels.com\/#website"},"primaryImageOfPage":{"@id":"https:\/\/www.purejewels.com\/product\/emerald-necklace-51304\/#primaryimage"},"image":{"@id":"https:\/\/www.purejewels.com\/product\/emerald-necklace-51304\/#primaryimage"},"thumbnailUrl":"https:\/\/static.purejewels.com\/wp-content\/uploads\/2025\/03\/51304.png","datePublished":"2025-03-11T13:20:38+00:00","dateModified":"2026-03-06T09:55:36+00:00","description":"22ct Sunrise Alt\u0131n Z\u00fcmr\u00fct Kolye'nin zarafetini ke\u015ffedin. Zamans\u0131z, \u0131\u015f\u0131lt\u0131l\u0131 bir g\u00f6r\u00fcn\u00fcm i\u00e7in m\u00fckemmel bir \u015fekilde haz\u0131rlanm\u0131\u015f l\u00fcks bir m\u00fccevher par\u00e7as\u0131.","breadcrumb":{"@id":"https:\/\/www.purejewels.com\/product\/emerald-necklace-51304\/#breadcrumb"},"inLanguage":"tr","potentialAction":[{"@type":"ReadAction","target":["https:\/\/www.purejewels.com\/product\/emerald-necklace-51304\/"]}]},{"@type":"ImageObject","inLanguage":"tr","@id":"https:\/\/www.purejewels.com\/product\/emerald-necklace-51304\/#primaryimage","url":"https:\/\/static.purejewels.com\/wp-content\/uploads\/2025\/03\/51304.png","contentUrl":"https:\/\/static.purejewels.com\/wp-content\/uploads\/2025\/03\/51304.png","width":1000,"height":1000},{"@type":"BreadcrumbList","@id":"https:\/\/www.purejewels.com\/product\/emerald-necklace-51304\/#breadcrumb","itemListElement":[{"@type":"ListItem","position":1,"name":"Home","item":"https:\/\/www.purejewels.com\/"},{"@type":"ListItem","position":2,"name":"Shop","item":"https:\/\/www.purejewels.com\/shop\/"},{"@type":"ListItem","position":3,"name":"Vision Emerald Necklace"}]},{"@type":"WebSite","@id":"https:\/\/www.purejewels.com\/#website","url":"https:\/\/www.purejewels.com\/","name":"PureJewels \u0130ngiltere","description":"Sevgiyi Payla\u015f\u0131n","publisher":{"@id":"https:\/\/www.purejewels.com\/#organization"},"potentialAction":[{"@type":"SearchAction","target":{"@type":"EntryPoint","urlTemplate":"https:\/\/www.purejewels.com\/?s={search_term_string}"},"query-input":{"@type":"PropertyValueSpecification","valueRequired":true,"valueName":"search_term_string"}}],"inLanguage":"tr"},{"@type":"Organization","@id":"https:\/\/www.purejewels.com\/#organization","name":"PureJewels \u0130ngiltere","url":"https:\/\/www.purejewels.com\/","logo":{"@type":"ImageObject","inLanguage":"tr","@id":"https:\/\/www.purejewels.com\/#\/schema\/logo\/image\/","url":"https:\/\/static.purejewels.com\/wp-content\/uploads\/2020\/11\/Logo-PJ-New-1.png","contentUrl":"https:\/\/static.purejewels.com\/wp-content\/uploads\/2020\/11\/Logo-PJ-New-1.png","width":150,"height":80,"caption":"PureJewels UK"},"image":{"@id":"https:\/\/www.purejewels.com\/#\/schema\/logo\/image\/"}}]}},"_links":{"self":[{"href":"https:\/\/www.purejewels.com\/tr\/wp-json\/wp\/v2\/product\/389066","targetHints":{"allow":["GET"]}}],"collection":[{"href":"https:\/\/www.purejewels.com\/tr\/wp-json\/wp\/v2\/product"}],"about":[{"href":"https:\/\/www.purejewels.com\/tr\/wp-json\/wp\/v2\/types\/product"}],"replies":[{"embeddable":true,"href":"https:\/\/www.purejewels.com\/tr\/wp-json\/wp\/v2\/comments?post=389066"}],"version-history":[{"count":6,"href":"https:\/\/www.purejewels.com\/tr\/wp-json\/wp\/v2\/product\/389066\/revisions"}],"predecessor-version":[{"id":390209,"href":"https:\/\/www.purejewels.com\/tr\/wp-json\/wp\/v2\/product\/389066\/revisions\/390209"}],"wp:featuredmedia":[{"embeddable":true,"href":"https:\/\/www.purejewels.com\/tr\/wp-json\/wp\/v2\/media\/389233"}],"wp:attachment":[{"href":"https:\/\/www.purejewels.com\/tr\/wp-json\/wp\/v2\/media?parent=389066"}],"wp:term":[{"taxonomy":"product_brand","embeddable":true,"href":"https:\/\/www.purejewels.com\/tr\/wp-json\/wp\/v2\/product_brand?post=389066"},{"taxonomy":"product_cat","embeddable":true,"href":"https:\/\/www.purejewels.com\/tr\/wp-json\/wp\/v2\/product_cat?post=389066"},{"taxonomy":"product_tag","embeddable":true,"href":"https:\/\/www.purejewels.com\/tr\/wp-json\/wp\/v2\/product_tag?post=389066"}],"curies":[{"name":"wp","href":"https:\/\/api.w.org\/{rel}","templated":true}]}}