{"id":389068,"date":"2025-01-16T13:28:29","date_gmt":"2025-01-16T13:28:29","guid":{"rendered":"https:\/\/www.purejewels.com\/?post_type=product&#038;p=389068"},"modified":"2026-03-06T09:55:14","modified_gmt":"2026-03-06T09:55:14","slug":"kadinlar-icin-zumrut-bileklik-51294","status":"publish","type":"product","link":"https:\/\/www.purejewels.com\/tr\/product\/emerald-bracelet-for-women-51294\/","title":{"rendered":"Vision Z\u00fcmr\u00fct Bileklik"},"content":{"rendered":"<p data-start=\"562\" data-end=\"611\"><strong data-start=\"562\" data-end=\"609\">Gelenek ve Zarafetin M\u00fckemmel Dengesi<\/strong><\/p>\n<p data-start=\"613\" data-end=\"905\">Zamans\u0131z g\u00fczellik i\u00e7in tasarlanan bu <strong data-start=\"648\" data-end=\"678\">22 Ayar G\u00fcndo\u011fumu Alt\u0131n Bileklik<\/strong> bir \u015fey yok. <strong data-start=\"688\" data-end=\"709\">Zariya Koleksiyonu<\/strong> vitrinler <strong data-start=\"720\" data-end=\"763\">toplam 1,15 ct de\u011ferinde \u00fc\u00e7 \u00e7arp\u0131c\u0131 z\u00fcmr\u00fct<\/strong>. Koyu ye\u015fil tonlar\u0131, s\u0131cak su ile g\u00fczel bir kontrast olu\u015fturur. <strong data-start=\"822\" data-end=\"842\">alt\u0131n-g\u00fcl \u0131\u015f\u0131lt\u0131s\u0131<\/strong> . <strong data-start=\"846\" data-end=\"862\">G\u00fcndo\u011fumu Alt\u0131n<\/strong>Bu da par\u00e7an\u0131n l\u00fcks cazibesini art\u0131r\u0131yor.<\/p>\n<p data-start=\"907\" data-end=\"956\"><strong data-start=\"907\" data-end=\"954\">Karma\u015f\u0131k \u0130\u015f\u00e7ilik ve Kal\u0131c\u0131 G\u00fc\u00e7<\/strong><\/p>\n<p data-start=\"958\" data-end=\"1250\">\u00d6zellikli bir <strong data-start=\"970\" data-end=\"999\">b\u00fck\u00fcml\u00fc tel ve baklal\u0131 zincir<\/strong>, bu <strong data-start=\"1006\" data-end=\"1027\">6,5 in\u00e7 bilezik<\/strong> sadece g\u00f6rsel olarak \u00e7arp\u0131c\u0131 olmakla kalmaz, ayn\u0131 zamanda g\u00fcnl\u00fck kullan\u0131m i\u00e7in dayan\u0131kl\u0131 ve esnektir. Karma\u015f\u0131k detaylar ince i\u015f\u00e7ili\u011fi yans\u0131t\u0131r. <strong data-start=\"1170\" data-end=\"1191\">Zariya Koleksiyonu<\/strong>geleneksel sanat\u0131 \u00e7a\u011fda\u015f tasar\u0131mla harmanl\u0131yor.<\/p>\n<p data-start=\"1252\" data-end=\"1288\"><strong data-start=\"1252\" data-end=\"1286\">G\u00fcn Do\u011fumu Alt\u0131n\u0131n\u0131n Parlakl\u0131\u011f\u0131<\/strong><\/p>\n<p data-start=\"1290\" data-end=\"1561\">Bizim \u00fcr\u00fcnlerimizden <strong data-start=\"1307\" data-end=\"1339\">\u00f6zel Sunrise Alt\u0131n ala\u015f\u0131m\u0131<\/strong>bu bileklik, bilezi\u011fin <strong data-start=\"1367\" data-end=\"1390\">22 ayar alt\u0131n\u0131n safl\u0131\u011f\u0131<\/strong>uzun \u00f6m\u00fcrl\u00fcl\u00fck ve \u015f\u0131kl\u0131k sa\u011flar. \u0130lham kayna\u011f\u0131 <strong data-start=\"1441\" data-end=\"1464\">\u015fafa\u011f\u0131n ilk \u0131\u015f\u0131klar\u0131<\/strong>, onun <strong data-start=\"1470\" data-end=\"1489\">alt\u0131n-g\u00fcl tonu<\/strong> T\u00fcm cilt tonlar\u0131n\u0131 tamamlar, her g\u00f6r\u00fcn\u00fcme s\u0131cakl\u0131k ve incelik katar.<\/p>\n<p data-start=\"1563\" data-end=\"1582\"><strong data-start=\"1563\" data-end=\"1580\">Stil \u0130pu\u00e7lar\u0131:<\/strong><\/p>\n<ul data-start=\"1583\" data-end=\"1859\">\n<li data-start=\"1583\" data-end=\"1662\"><strong data-start=\"1585\" data-end=\"1608\">Zarif Sadelik:<\/strong> Sofistike ve abart\u0131s\u0131z bir g\u00f6r\u00fcn\u00fcm i\u00e7in tek ba\u015f\u0131na giyin.<\/li>\n<li data-start=\"1663\" data-end=\"1751\"><strong data-start=\"1665\" data-end=\"1682\">Katmanl\u0131 Glam:<\/strong> \u015eununla e\u015fle\u015ftirin <a href=\"https:\/\/www.purejewels.com\/tr\/urun\/51295-zumrutlu-22-ayar-altin-bilezik\/\">Horizon Z\u00fcmr\u00fct Bileklik<\/a> \u015f\u0131k bir y\u0131\u011f\u0131n i\u00e7in.<\/li>\n<li data-start=\"1752\" data-end=\"1859\"><strong data-start=\"1754\" data-end=\"1773\">Bayram Cazibesi:<\/strong> \u015eununla e\u015fle\u015ftirin <strong data-start=\"1788\" data-end=\"1822\">z\u00fcmr\u00fct k\u00fcpe veya kolye<\/strong> koordineli, muhte\u015fem bir topluluk i\u00e7in.<\/li>\n<\/ul>\n<p data-start=\"1861\" data-end=\"2049\" data-is-last-node=\"\" data-is-only-node=\"\">\u00c7ok y\u00f6nl\u00fc ve zarif bir par\u00e7a olan bu <strong data-start=\"1897\" data-end=\"1936\">Z\u00fcmr\u00fctl\u00fc G\u00fcn Do\u011fumu Alt\u0131n Bileklik<\/strong> her m\u00fccevher koleksiyonuna zamans\u0131z bir ektir, miras\u0131n g\u00fczelli\u011fini ve \u00e7a\u011fda\u015f inceli\u011fi kutlar.<\/p>\n<p data-start=\"1861\" data-end=\"2049\" data-is-last-node=\"\" data-is-only-node=\"\"><b>Aral\u0131k Kimli\u011fi <\/b>SGBRGSZC002<br \/>\n<b>SKU:<\/b>\u00a051294<\/p>","protected":false},"excerpt":{"rendered":"<div class=\"btn-atc atc-slide\">\n<p>Bu 22 ayar Sunrise Gold Vision Bileklik, burgu tel ve baklal\u0131 zincir tasar\u0131m\u0131na zarif bir \u015fekilde yerle\u015ftirilmi\u015f 1,15 ayar do\u011fal z\u00fcmr\u00fct i\u00e7erir. \u00d6zel Sunrise Gold ala\u015f\u0131m\u0131m\u0131zdan \u00fcretilen bu bilezik, 22 ayar alt\u0131n\u0131n safl\u0131\u011f\u0131n\u0131 koruyarak dayan\u0131kl\u0131l\u0131k ve \u0131\u015f\u0131lt\u0131l\u0131 bir alt\u0131n-g\u00fcl tonu sunar.<\/p>\n<p><strong>Malzeme:<\/strong>\u00a022 Ayar G\u00fcndo\u011fumu Alt\u0131n<br \/>\n<strong>Safl\u0131k:<\/strong>\u00a091.6% saf alt\u0131n<br \/>\n<strong>Hallmark:<\/strong>\u00a0\u0130ngiliz Damgas\u0131<br \/>\n<strong>De\u011ferli ta\u015f:<\/strong>\u00a0Do\u011fal Z\u00fcmr\u00fctler<br \/>\n<strong>M\u00fccevher A\u011f\u0131rl\u0131\u011f\u0131:<\/strong> Toplam 1,15 ct<br \/>\n<strong>K\u00f6ken:<\/strong>\u00a0Zambiya<br \/>\n<strong>Benimkini:<\/strong>\u00a0Gemfields<br \/>\n<strong>Uzunluk:<\/strong> 6,5 \u0130n\u00e7<br \/>\n<strong>Br\u00fct A\u011f\u0131rl\u0131k:<\/strong> 3.7 Gms<br \/>\n<strong>SKU:<\/strong> 51294<\/p>\n<p><strong>Fiyat ve Teslimat:<\/strong>\u00a0KDV ve teslimat \u00fccretleri dahil<br \/>\n<a href=\"https:\/\/www.purejewels.com\/tr\/i%cc%87ade-poli%cc%87ti%cc%87kasi\/\">\u0130ade Politikas\u0131<\/a><\/p>\n<\/div>\n<div class=\"product_meta\"><\/div>","protected":false},"featured_media":389224,"comment_status":"closed","ping_status":"closed","template":"","meta":{"_eb_attr":"","_crsspst_to_jayantr4sg-hostcom":false},"product_brand":[],"product_cat":[1791,5699,6190,5754,1324,5966,1229,1569,1573,1574,5349,5747],"product_tag":[1430],"class_list":{"0":"post-389068","1":"product","2":"type-product","3":"status-publish","4":"has-post-thumbnail","6":"product_cat-anniversary-gifts","7":"product_cat-coloured-gemstone-jewellery","8":"product_cat-easter-jewellery","9":"product_cat-emerald","10":"product_cat-gold-bracelet","11":"product_cat-gold-emerald-bracelets","12":"product_cat-22ct-gold-jewellery","13":"product_cat-valentine-day-gifts","14":"product_cat-wedding-gifts","15":"product_cat-womens-jewellery","16":"product_cat-yellow-gold-jewellery","17":"product_cat-mantra-collection","18":"product_tag-diwali-gift","20":"first","21":"instock","22":"taxable","23":"shipping-taxable","24":"purchasable","25":"product-type-simple","26":"add-to-wishlist-before_image"},"yoast_head":"<!-- This site is optimized with the Yoast SEO plugin v27.3 - https:\/\/yoast.com\/product\/yoast-seo-wordpress\/ -->\n<title>Emerald Bracelet for Women | 22ct Sunrise Gold Luxury Jewellery<\/title>\n<meta name=\"description\" content=\"Find the perfect emerald bracelet for women in 22ct gold. Our luxury jewellery features natural emeralds and expert craftsmanship.\" \/>\n<meta name=\"robots\" content=\"index, follow, max-snippet:-1, max-image-preview:large, max-video-preview:-1\" \/>\n<link rel=\"canonical\" href=\"https:\/\/www.purejewels.com\/tr\/urun\/kadinlar-icin-zumrut-bileklik-51294\/\" \/>\n<meta property=\"og:locale\" content=\"tr_TR\" \/>\n<meta property=\"og:type\" content=\"article\" \/>\n<meta property=\"og:title\" content=\"Emerald Bracelet for Women | 22ct Sunrise Gold Luxury Jewellery\" \/>\n<meta property=\"og:description\" content=\"Find the perfect emerald bracelet for women in 22ct gold. Our luxury jewellery features natural emeralds and expert craftsmanship.\" \/>\n<meta property=\"og:url\" content=\"https:\/\/www.purejewels.com\/tr\/urun\/kadinlar-icin-zumrut-bileklik-51294\/\" \/>\n<meta property=\"og:site_name\" content=\"PureJewels UK\" \/>\n<meta property=\"article:modified_time\" content=\"2026-03-06T09:55:14+00:00\" \/>\n<meta property=\"og:image\" content=\"https:\/\/static.purejewels.com\/wp-content\/uploads\/2025\/03\/51294.png\" \/>\n\t<meta property=\"og:image:width\" content=\"1000\" \/>\n\t<meta property=\"og:image:height\" content=\"1000\" \/>\n\t<meta property=\"og:image:type\" content=\"image\/png\" \/>\n<meta name=\"twitter:card\" content=\"summary_large_image\" \/>\n<meta name=\"twitter:label1\" content=\"Tahmini okuma s\u00fcresi\" \/>\n\t<meta name=\"twitter:data1\" content=\"1 dakika\" \/>\n<script type=\"application\/ld+json\" class=\"yoast-schema-graph\">{\"@context\":\"https:\\\/\\\/schema.org\",\"@graph\":[{\"@type\":[\"WebPage\",\"ItemPage\"],\"@id\":\"https:\\\/\\\/www.purejewels.com\\\/product\\\/emerald-bracelet-for-women-51294\\\/\",\"url\":\"https:\\\/\\\/www.purejewels.com\\\/product\\\/emerald-bracelet-for-women-51294\\\/\",\"name\":\"Emerald Bracelet for Women | 22ct Sunrise Gold Luxury Jewellery\",\"isPartOf\":{\"@id\":\"https:\\\/\\\/www.purejewels.com\\\/#website\"},\"primaryImageOfPage\":{\"@id\":\"https:\\\/\\\/www.purejewels.com\\\/product\\\/emerald-bracelet-for-women-51294\\\/#primaryimage\"},\"image\":{\"@id\":\"https:\\\/\\\/www.purejewels.com\\\/product\\\/emerald-bracelet-for-women-51294\\\/#primaryimage\"},\"thumbnailUrl\":\"https:\\\/\\\/static.purejewels.com\\\/wp-content\\\/uploads\\\/2025\\\/03\\\/51294.png\",\"datePublished\":\"2025-01-16T13:28:29+00:00\",\"dateModified\":\"2026-03-06T09:55:14+00:00\",\"description\":\"Find the perfect emerald bracelet for women in 22ct gold. Our luxury jewellery features natural emeralds and expert craftsmanship.\",\"breadcrumb\":{\"@id\":\"https:\\\/\\\/www.purejewels.com\\\/product\\\/emerald-bracelet-for-women-51294\\\/#breadcrumb\"},\"inLanguage\":\"tr\",\"potentialAction\":[{\"@type\":\"ReadAction\",\"target\":[\"https:\\\/\\\/www.purejewels.com\\\/product\\\/emerald-bracelet-for-women-51294\\\/\"]}]},{\"@type\":\"ImageObject\",\"inLanguage\":\"tr\",\"@id\":\"https:\\\/\\\/www.purejewels.com\\\/product\\\/emerald-bracelet-for-women-51294\\\/#primaryimage\",\"url\":\"https:\\\/\\\/static.purejewels.com\\\/wp-content\\\/uploads\\\/2025\\\/03\\\/51294.png\",\"contentUrl\":\"https:\\\/\\\/static.purejewels.com\\\/wp-content\\\/uploads\\\/2025\\\/03\\\/51294.png\",\"width\":1000,\"height\":1000,\"caption\":\"22ct Gold Emerald Bracelet\"},{\"@type\":\"BreadcrumbList\",\"@id\":\"https:\\\/\\\/www.purejewels.com\\\/product\\\/emerald-bracelet-for-women-51294\\\/#breadcrumb\",\"itemListElement\":[{\"@type\":\"ListItem\",\"position\":1,\"name\":\"Home\",\"item\":\"https:\\\/\\\/www.purejewels.com\\\/\"},{\"@type\":\"ListItem\",\"position\":2,\"name\":\"Shop\",\"item\":\"https:\\\/\\\/www.purejewels.com\\\/shop\\\/\"},{\"@type\":\"ListItem\",\"position\":3,\"name\":\"Vision Emerald Bracelet\"}]},{\"@type\":\"WebSite\",\"@id\":\"https:\\\/\\\/www.purejewels.com\\\/#website\",\"url\":\"https:\\\/\\\/www.purejewels.com\\\/\",\"name\":\"PureJewels UK\",\"description\":\"Share the Love\",\"publisher\":{\"@id\":\"https:\\\/\\\/www.purejewels.com\\\/#organization\"},\"potentialAction\":[{\"@type\":\"SearchAction\",\"target\":{\"@type\":\"EntryPoint\",\"urlTemplate\":\"https:\\\/\\\/www.purejewels.com\\\/?s={search_term_string}\"},\"query-input\":{\"@type\":\"PropertyValueSpecification\",\"valueRequired\":true,\"valueName\":\"search_term_string\"}}],\"inLanguage\":\"tr\"},{\"@type\":\"Organization\",\"@id\":\"https:\\\/\\\/www.purejewels.com\\\/#organization\",\"name\":\"PureJewels UK\",\"url\":\"https:\\\/\\\/www.purejewels.com\\\/\",\"logo\":{\"@type\":\"ImageObject\",\"inLanguage\":\"tr\",\"@id\":\"https:\\\/\\\/www.purejewels.com\\\/#\\\/schema\\\/logo\\\/image\\\/\",\"url\":\"https:\\\/\\\/static.purejewels.com\\\/wp-content\\\/uploads\\\/2020\\\/11\\\/Logo-PJ-New-1.png\",\"contentUrl\":\"https:\\\/\\\/static.purejewels.com\\\/wp-content\\\/uploads\\\/2020\\\/11\\\/Logo-PJ-New-1.png\",\"width\":150,\"height\":80,\"caption\":\"PureJewels UK\"},\"image\":{\"@id\":\"https:\\\/\\\/www.purejewels.com\\\/#\\\/schema\\\/logo\\\/image\\\/\"}}]}<\/script>\n<!-- \/ Yoast SEO plugin. -->","yoast_head_json":{"title":"Kad\u0131nlar i\u00e7in Z\u00fcmr\u00fct Bileklik | 22 Ayar Sunrise Alt\u0131n L\u00fcks M\u00fccevherat","description":"Kad\u0131nlar i\u00e7in 22 ayar alt\u0131ndan m\u00fckemmel z\u00fcmr\u00fct bilezi\u011fi bulun. L\u00fcks m\u00fccevherlerimizde do\u011fal z\u00fcmr\u00fctler ve uzman i\u015f\u00e7ilik bulunur.","robots":{"index":"index","follow":"follow","max-snippet":"max-snippet:-1","max-image-preview":"max-image-preview:large","max-video-preview":"max-video-preview:-1"},"canonical":"https:\/\/www.purejewels.com\/tr\/urun\/kadinlar-icin-zumrut-bileklik-51294\/","og_locale":"tr_TR","og_type":"article","og_title":"Emerald Bracelet for Women | 22ct Sunrise Gold Luxury Jewellery","og_description":"Find the perfect emerald bracelet for women in 22ct gold. Our luxury jewellery features natural emeralds and expert craftsmanship.","og_url":"https:\/\/www.purejewels.com\/tr\/urun\/kadinlar-icin-zumrut-bileklik-51294\/","og_site_name":"PureJewels UK","article_modified_time":"2026-03-06T09:55:14+00:00","og_image":[{"width":1000,"height":1000,"url":"https:\/\/static.purejewels.com\/wp-content\/uploads\/2025\/03\/51294.png","type":"image\/png"}],"twitter_card":"summary_large_image","twitter_misc":{"Tahmini okuma s\u00fcresi":"1 dakika"},"schema":{"@context":"https:\/\/schema.org","@graph":[{"@type":["WebPage","ItemPage"],"@id":"https:\/\/www.purejewels.com\/product\/emerald-bracelet-for-women-51294\/","url":"https:\/\/www.purejewels.com\/product\/emerald-bracelet-for-women-51294\/","name":"Kad\u0131nlar i\u00e7in Z\u00fcmr\u00fct Bileklik | 22 Ayar Sunrise Alt\u0131n L\u00fcks M\u00fccevherat","isPartOf":{"@id":"https:\/\/www.purejewels.com\/#website"},"primaryImageOfPage":{"@id":"https:\/\/www.purejewels.com\/product\/emerald-bracelet-for-women-51294\/#primaryimage"},"image":{"@id":"https:\/\/www.purejewels.com\/product\/emerald-bracelet-for-women-51294\/#primaryimage"},"thumbnailUrl":"https:\/\/static.purejewels.com\/wp-content\/uploads\/2025\/03\/51294.png","datePublished":"2025-01-16T13:28:29+00:00","dateModified":"2026-03-06T09:55:14+00:00","description":"Kad\u0131nlar i\u00e7in 22 ayar alt\u0131ndan m\u00fckemmel z\u00fcmr\u00fct bilezi\u011fi bulun. L\u00fcks m\u00fccevherlerimizde do\u011fal z\u00fcmr\u00fctler ve uzman i\u015f\u00e7ilik bulunur.","breadcrumb":{"@id":"https:\/\/www.purejewels.com\/product\/emerald-bracelet-for-women-51294\/#breadcrumb"},"inLanguage":"tr","potentialAction":[{"@type":"ReadAction","target":["https:\/\/www.purejewels.com\/product\/emerald-bracelet-for-women-51294\/"]}]},{"@type":"ImageObject","inLanguage":"tr","@id":"https:\/\/www.purejewels.com\/product\/emerald-bracelet-for-women-51294\/#primaryimage","url":"https:\/\/static.purejewels.com\/wp-content\/uploads\/2025\/03\/51294.png","contentUrl":"https:\/\/static.purejewels.com\/wp-content\/uploads\/2025\/03\/51294.png","width":1000,"height":1000,"caption":"22ct Gold Emerald Bracelet"},{"@type":"BreadcrumbList","@id":"https:\/\/www.purejewels.com\/product\/emerald-bracelet-for-women-51294\/#breadcrumb","itemListElement":[{"@type":"ListItem","position":1,"name":"Home","item":"https:\/\/www.purejewels.com\/"},{"@type":"ListItem","position":2,"name":"Shop","item":"https:\/\/www.purejewels.com\/shop\/"},{"@type":"ListItem","position":3,"name":"Vision Emerald Bracelet"}]},{"@type":"WebSite","@id":"https:\/\/www.purejewels.com\/#website","url":"https:\/\/www.purejewels.com\/","name":"PureJewels \u0130ngiltere","description":"Sevgiyi Payla\u015f\u0131n","publisher":{"@id":"https:\/\/www.purejewels.com\/#organization"},"potentialAction":[{"@type":"SearchAction","target":{"@type":"EntryPoint","urlTemplate":"https:\/\/www.purejewels.com\/?s={search_term_string}"},"query-input":{"@type":"PropertyValueSpecification","valueRequired":true,"valueName":"search_term_string"}}],"inLanguage":"tr"},{"@type":"Organization","@id":"https:\/\/www.purejewels.com\/#organization","name":"PureJewels \u0130ngiltere","url":"https:\/\/www.purejewels.com\/","logo":{"@type":"ImageObject","inLanguage":"tr","@id":"https:\/\/www.purejewels.com\/#\/schema\/logo\/image\/","url":"https:\/\/static.purejewels.com\/wp-content\/uploads\/2020\/11\/Logo-PJ-New-1.png","contentUrl":"https:\/\/static.purejewels.com\/wp-content\/uploads\/2020\/11\/Logo-PJ-New-1.png","width":150,"height":80,"caption":"PureJewels UK"},"image":{"@id":"https:\/\/www.purejewels.com\/#\/schema\/logo\/image\/"}}]}},"_links":{"self":[{"href":"https:\/\/www.purejewels.com\/tr\/wp-json\/wp\/v2\/product\/389068","targetHints":{"allow":["GET"]}}],"collection":[{"href":"https:\/\/www.purejewels.com\/tr\/wp-json\/wp\/v2\/product"}],"about":[{"href":"https:\/\/www.purejewels.com\/tr\/wp-json\/wp\/v2\/types\/product"}],"replies":[{"embeddable":true,"href":"https:\/\/www.purejewels.com\/tr\/wp-json\/wp\/v2\/comments?post=389068"}],"version-history":[{"count":5,"href":"https:\/\/www.purejewels.com\/tr\/wp-json\/wp\/v2\/product\/389068\/revisions"}],"predecessor-version":[{"id":426035,"href":"https:\/\/www.purejewels.com\/tr\/wp-json\/wp\/v2\/product\/389068\/revisions\/426035"}],"wp:featuredmedia":[{"embeddable":true,"href":"https:\/\/www.purejewels.com\/tr\/wp-json\/wp\/v2\/media\/389224"}],"wp:attachment":[{"href":"https:\/\/www.purejewels.com\/tr\/wp-json\/wp\/v2\/media?parent=389068"}],"wp:term":[{"taxonomy":"product_brand","embeddable":true,"href":"https:\/\/www.purejewels.com\/tr\/wp-json\/wp\/v2\/product_brand?post=389068"},{"taxonomy":"product_cat","embeddable":true,"href":"https:\/\/www.purejewels.com\/tr\/wp-json\/wp\/v2\/product_cat?post=389068"},{"taxonomy":"product_tag","embeddable":true,"href":"https:\/\/www.purejewels.com\/tr\/wp-json\/wp\/v2\/product_tag?post=389068"}],"curies":[{"name":"wp","href":"https:\/\/api.w.org\/{rel}","templated":true}]}}