{"id":389070,"date":"2025-03-09T13:38:59","date_gmt":"2025-03-09T13:38:59","guid":{"rendered":"https:\/\/www.purejewels.com\/?post_type=product&#038;p=389070"},"modified":"2026-02-09T12:01:01","modified_gmt":"2026-02-09T12:01:01","slug":"22-ayar-gundogumu-altin-zumrutlu-lariat-kolye-51287","status":"publish","type":"product","link":"https:\/\/www.purejewels.com\/tr\/product\/22ct-sunrise-gold-lariat-necklace-with-emeralds-51287\/","title":{"rendered":"Kayan Y\u0131ld\u0131z Z\u00fcmr\u00fct Lariat"},"content":{"rendered":"<h4 data-start=\"59\" data-end=\"91\"><strong data-start=\"64\" data-end=\"89\">\u0130lham ve Hikaye<\/strong><\/h4>\n<p data-start=\"92\" data-end=\"567\">Zarafeti zahmetsiz bir zarafetle kucaklayan kad\u0131nlar i\u00e7in tasarlanan bu 22 ayar Z\u00fcmr\u00fctl\u00fc G\u00fcn Do\u011fumu Alt\u0131n Lariat Kolye, do\u011fan\u0131n en g\u00fczel hazinelerine bir \u00f6vg\u00fc niteli\u011findedir. Canl\u0131 z\u00fcmr\u00fctlerle bezenmi\u015f kordonun zengin alt\u0131n rengi, yemye\u015fil manzaralarla bulu\u015fan g\u00fcn do\u011fumunun g\u00fczelli\u011fini \u00e7a\u011fr\u0131\u015ft\u0131r\u0131yor. Zamans\u0131z sofistikelikten ilham alan bu par\u00e7a, gelenek ve modernli\u011fin uyumlu bir kar\u0131\u015f\u0131m\u0131n\u0131 arayanlar i\u00e7in m\u00fckemmel bir g\u00fc\u00e7, yenilenme ve rafine l\u00fcks\u00fcn somut bir \u00f6rne\u011fidir.<\/p>\n<h4 data-start=\"569\" data-end=\"606\"><strong data-start=\"574\" data-end=\"604\">Malzeme ve \u0130\u015f\u00e7ilik<\/strong><\/h4>\n<p data-start=\"607\" data-end=\"1092\">Titizlikle haz\u0131rlanm\u0131\u015f <strong data-start=\"633\" data-end=\"665\">91,6% saf 22 ayar G\u00fcndo\u011fumu Alt\u0131n<\/strong>bu kement kolye ola\u011fan\u00fcst\u00fc bir sanat eseri sergiliyor. Zambiya'dan elde edilen do\u011fal z\u00fcmr\u00fctler <strong data-start=\"763\" data-end=\"776\">Gemfields<\/strong>bilgelik ve refah\u0131 simgeleyen koyu ye\u015fil tonlar\u0131yla \u00e7arp\u0131c\u0131 bir kontrast olu\u015fturuyor. ile <strong data-start=\"872\" data-end=\"892\">\u0130ngiliz Damgas\u0131<\/strong> \u00d6zg\u00fcnl\u00fck ve kalite sa\u011flayan her ayr\u0131nt\u0131 \u00f6zenle tasarlanm\u0131\u015ft\u0131r. Narin ancak sa\u011flam zincir zarif bir \u015fekilde <strong data-start=\"1019\" data-end=\"1032\">18 in\u00e7<\/strong>Bu da onu abart\u0131s\u0131z zenginli\u011fin \u00e7ok y\u00f6nl\u00fc bir ifadesi haline getiriyor.<\/p>\n<h4 data-start=\"1094\" data-end=\"1117\"><strong data-start=\"1099\" data-end=\"1115\">Stil \u0130pu\u00e7lar\u0131<\/strong><\/h4>\n<ul data-start=\"1118\" data-end=\"1380\">\n<li data-start=\"1118\" data-end=\"1210\">Bir e\u015fle\u015ftirme ile e\u015fle\u015ftirin <a href=\"https:\/\/www.purejewels.com\/tr\/urun\/kadinlar-icin-zumrut-bileklik-51294\/\"><strong data-start=\"1144\" data-end=\"1174\">22 ayar Sunrise Alt\u0131n bileklik<\/strong><\/a>\u00a0 ya da <a href=\"https:\/\/www.purejewels.com\/tr\/urun\/51298-zumrutlu-22-ayar-altin-ponka\/\">22 ayar Sunrise Alt\u0131n poncha<\/a> kusursuz ve uyumlu bir g\u00f6r\u00fcn\u00fcm i\u00e7in.<\/li>\n<li data-start=\"1211\" data-end=\"1292\">\u00c7ekici kement siluetini vurgulamak i\u00e7in derin V yakal\u0131 bir elbisenin \u00fczerine giyin.<\/li>\n<li data-start=\"1293\" data-end=\"1380\">Bunu bir <a href=\"https:\/\/www.purejewels.com\/tr\/urun\/51285-zumrutlu-22-ayar-gundogumu-altin-kolye-ucu\/\">daha k\u0131sa alt\u0131n kolye<\/a>\u00a0 K\u0131yafetinize boyut ve \u015f\u0131kl\u0131k katmak i\u00e7in.<\/li>\n<\/ul>\n<p><b>Aral\u0131k Kimli\u011fi <\/b>SGNLLTZC001<br \/>\n<b>SKU:<\/b>\u00a051287<\/p>","protected":false},"excerpt":{"rendered":"<p>Zarafet ve sofistikeli\u011fin zamans\u0131z bir kar\u0131\u015f\u0131m\u0131 olan bu 22 ayar Sunrise Gold Shooting Star Lariat, enfes do\u011fal Zambiya z\u00fcmr\u00fctlerine sahiptir. 91,6% saf alt\u0131ndan \u00fcretilmi\u015f ve \u0130ngiliz Hallmark damgas\u0131yla onaylanm\u0131\u015f olan bu \u00fcr\u00fcn, l\u00fcks ve zarafetin \u0131\u015f\u0131lt\u0131l\u0131 bir ifadesidir.<\/p>\n<p><strong>Malzeme:<\/strong>\u00a022 Ayar G\u00fcndo\u011fumu Alt\u0131n<br \/>\n<strong>Safl\u0131k:<\/strong>\u00a091.6% saf alt\u0131n<br \/>\n<strong>Hallmark:<\/strong>\u00a0\u0130ngiliz Damgas\u0131<br \/>\n<strong>De\u011ferli ta\u015f:<\/strong>\u00a0Do\u011fal Z\u00fcmr\u00fctler<br \/>\n<strong>M\u00fccevher A\u011f\u0131rl\u0131\u011f\u0131:<\/strong> Toplam 1,17 ct<br \/>\n<strong>K\u00f6ken:<\/strong>\u00a0Zambiya<br \/>\n<strong>Benimkini:<\/strong>\u00a0Gemfields<br \/>\n<strong>Uzunluk:<\/strong> 18 \u0130n\u00e7<br \/>\n<strong>Br\u00fct A\u011f\u0131rl\u0131k:<\/strong> 7.9 Gms<br \/>\n<strong>SKU:<\/strong> 51287<br \/>\nUyumlu \u00e7iviler ar\u0131yorum. <a href=\"https:\/\/www.purejewels.com\/tr\/urun\/zumrut-51289-ile-22-ayar-gundogumu-altin-oval-sekilli-citcit\/\">Buraya t\u0131klay\u0131n<\/a> i\u00e7in <strong>Solo Z\u00fcmr\u00fct \u00c7\u0131t\u00e7\u0131tlar<\/strong><\/p>\n<p><strong>Fiyat ve Teslimat:<\/strong>\u00a0KDV ve teslimat \u00fccretleri dahil<br \/>\n<a href=\"https:\/\/www.purejewels.com\/tr\/i%cc%87ade-poli%cc%87ti%cc%87kasi\/\">\u0130ade Politikas\u0131<\/a><\/p>","protected":false},"featured_media":389228,"comment_status":"closed","ping_status":"closed","template":"","meta":{"_eb_attr":"","_crsspst_to_jayantr4sg-hostcom":false},"product_brand":[],"product_cat":[5754,5957,1229,1253,5747],"product_tag":[],"class_list":{"0":"post-389070","1":"product","2":"type-product","3":"status-publish","4":"has-post-thumbnail","6":"product_cat-emerald","7":"product_cat-gold-emerald-necklaces","8":"product_cat-22ct-gold-jewellery","9":"product_cat-gold-necklaces","10":"product_cat-mantra-collection","12":"first","13":"onbackorder","14":"taxable","15":"shipping-taxable","16":"purchasable","17":"product-type-simple","18":"add-to-wishlist-before_image"},"yoast_head":"<!-- This site is optimized with the Yoast SEO plugin v27.3 - https:\/\/yoast.com\/product\/yoast-seo-wordpress\/ -->\n<title>22ct Sunrise Gold Lariat Necklace with Emeralds | PureJewels UK<\/title>\n<meta name=\"description\" content=\"Discover the beauty of the 22ct Sunrise Gold Lariat Necklace, adorned with natural Zambian emeralds (1.17ct). Crafted with pure gold and British Hallmark.\" \/>\n<meta name=\"robots\" content=\"index, follow, max-snippet:-1, max-image-preview:large, max-video-preview:-1\" \/>\n<link rel=\"canonical\" href=\"https:\/\/www.purejewels.com\/tr\/urun\/22-ayar-gundogumu-altin-zumrutlu-lariat-kolye-51287\/\" \/>\n<meta property=\"og:locale\" content=\"tr_TR\" \/>\n<meta property=\"og:type\" content=\"article\" \/>\n<meta property=\"og:title\" content=\"22ct Sunrise Gold Lariat Necklace with Emeralds | PureJewels UK\" \/>\n<meta property=\"og:description\" content=\"Discover the beauty of the 22ct Sunrise Gold Lariat Necklace, adorned with natural Zambian emeralds (1.17ct). Crafted with pure gold and British Hallmark.\" \/>\n<meta property=\"og:url\" content=\"https:\/\/www.purejewels.com\/tr\/urun\/22-ayar-gundogumu-altin-zumrutlu-lariat-kolye-51287\/\" \/>\n<meta property=\"og:site_name\" content=\"PureJewels UK\" \/>\n<meta property=\"article:modified_time\" content=\"2026-02-09T12:01:01+00:00\" \/>\n<meta property=\"og:image\" content=\"https:\/\/static.purejewels.com\/wp-content\/uploads\/2025\/03\/51287.png\" \/>\n\t<meta property=\"og:image:width\" content=\"1000\" \/>\n\t<meta property=\"og:image:height\" content=\"1000\" \/>\n\t<meta property=\"og:image:type\" content=\"image\/png\" \/>\n<meta name=\"twitter:card\" content=\"summary_large_image\" \/>\n<meta name=\"twitter:label1\" content=\"Tahmini okuma s\u00fcresi\" \/>\n\t<meta name=\"twitter:data1\" content=\"1 dakika\" \/>\n<script type=\"application\/ld+json\" class=\"yoast-schema-graph\">{\"@context\":\"https:\\\/\\\/schema.org\",\"@graph\":[{\"@type\":[\"WebPage\",\"ItemPage\"],\"@id\":\"https:\\\/\\\/www.purejewels.com\\\/product\\\/22ct-sunrise-gold-lariat-necklace-with-emeralds-51287\\\/\",\"url\":\"https:\\\/\\\/www.purejewels.com\\\/product\\\/22ct-sunrise-gold-lariat-necklace-with-emeralds-51287\\\/\",\"name\":\"22ct Sunrise Gold Lariat Necklace with Emeralds | PureJewels UK\",\"isPartOf\":{\"@id\":\"https:\\\/\\\/www.purejewels.com\\\/#website\"},\"primaryImageOfPage\":{\"@id\":\"https:\\\/\\\/www.purejewels.com\\\/product\\\/22ct-sunrise-gold-lariat-necklace-with-emeralds-51287\\\/#primaryimage\"},\"image\":{\"@id\":\"https:\\\/\\\/www.purejewels.com\\\/product\\\/22ct-sunrise-gold-lariat-necklace-with-emeralds-51287\\\/#primaryimage\"},\"thumbnailUrl\":\"https:\\\/\\\/static.purejewels.com\\\/wp-content\\\/uploads\\\/2025\\\/03\\\/51287.png\",\"datePublished\":\"2025-03-09T13:38:59+00:00\",\"dateModified\":\"2026-02-09T12:01:01+00:00\",\"description\":\"Discover the beauty of the 22ct Sunrise Gold Lariat Necklace, adorned with natural Zambian emeralds (1.17ct). Crafted with pure gold and British Hallmark.\",\"breadcrumb\":{\"@id\":\"https:\\\/\\\/www.purejewels.com\\\/product\\\/22ct-sunrise-gold-lariat-necklace-with-emeralds-51287\\\/#breadcrumb\"},\"inLanguage\":\"tr\",\"potentialAction\":[{\"@type\":\"ReadAction\",\"target\":[\"https:\\\/\\\/www.purejewels.com\\\/product\\\/22ct-sunrise-gold-lariat-necklace-with-emeralds-51287\\\/\"]}]},{\"@type\":\"ImageObject\",\"inLanguage\":\"tr\",\"@id\":\"https:\\\/\\\/www.purejewels.com\\\/product\\\/22ct-sunrise-gold-lariat-necklace-with-emeralds-51287\\\/#primaryimage\",\"url\":\"https:\\\/\\\/static.purejewels.com\\\/wp-content\\\/uploads\\\/2025\\\/03\\\/51287.png\",\"contentUrl\":\"https:\\\/\\\/static.purejewels.com\\\/wp-content\\\/uploads\\\/2025\\\/03\\\/51287.png\",\"width\":1000,\"height\":1000},{\"@type\":\"BreadcrumbList\",\"@id\":\"https:\\\/\\\/www.purejewels.com\\\/product\\\/22ct-sunrise-gold-lariat-necklace-with-emeralds-51287\\\/#breadcrumb\",\"itemListElement\":[{\"@type\":\"ListItem\",\"position\":1,\"name\":\"Home\",\"item\":\"https:\\\/\\\/www.purejewels.com\\\/\"},{\"@type\":\"ListItem\",\"position\":2,\"name\":\"Shop\",\"item\":\"https:\\\/\\\/www.purejewels.com\\\/shop\\\/\"},{\"@type\":\"ListItem\",\"position\":3,\"name\":\"Shooting Star Emerald Lariat\"}]},{\"@type\":\"WebSite\",\"@id\":\"https:\\\/\\\/www.purejewels.com\\\/#website\",\"url\":\"https:\\\/\\\/www.purejewels.com\\\/\",\"name\":\"PureJewels UK\",\"description\":\"Share the Love\",\"publisher\":{\"@id\":\"https:\\\/\\\/www.purejewels.com\\\/#organization\"},\"potentialAction\":[{\"@type\":\"SearchAction\",\"target\":{\"@type\":\"EntryPoint\",\"urlTemplate\":\"https:\\\/\\\/www.purejewels.com\\\/?s={search_term_string}\"},\"query-input\":{\"@type\":\"PropertyValueSpecification\",\"valueRequired\":true,\"valueName\":\"search_term_string\"}}],\"inLanguage\":\"tr\"},{\"@type\":\"Organization\",\"@id\":\"https:\\\/\\\/www.purejewels.com\\\/#organization\",\"name\":\"PureJewels UK\",\"url\":\"https:\\\/\\\/www.purejewels.com\\\/\",\"logo\":{\"@type\":\"ImageObject\",\"inLanguage\":\"tr\",\"@id\":\"https:\\\/\\\/www.purejewels.com\\\/#\\\/schema\\\/logo\\\/image\\\/\",\"url\":\"https:\\\/\\\/static.purejewels.com\\\/wp-content\\\/uploads\\\/2020\\\/11\\\/Logo-PJ-New-1.png\",\"contentUrl\":\"https:\\\/\\\/static.purejewels.com\\\/wp-content\\\/uploads\\\/2020\\\/11\\\/Logo-PJ-New-1.png\",\"width\":150,\"height\":80,\"caption\":\"PureJewels UK\"},\"image\":{\"@id\":\"https:\\\/\\\/www.purejewels.com\\\/#\\\/schema\\\/logo\\\/image\\\/\"}}]}<\/script>\n<!-- \/ Yoast SEO plugin. -->","yoast_head_json":{"title":"22 Ayar G\u00fcndo\u011fumu Alt\u0131n Z\u00fcmr\u00fctl\u00fc Lariat Kolye | PureJewels UK","description":"Do\u011fal Zambiya z\u00fcmr\u00fctleriyle (1,17 ct) s\u00fcslenmi\u015f 22 ayar Sunrise Gold Lariat Kolyenin g\u00fczelli\u011fini ke\u015ffedin. Saf alt\u0131n ve \u0130ngiliz Hallmark ile \u00fcretilmi\u015ftir.","robots":{"index":"index","follow":"follow","max-snippet":"max-snippet:-1","max-image-preview":"max-image-preview:large","max-video-preview":"max-video-preview:-1"},"canonical":"https:\/\/www.purejewels.com\/tr\/urun\/22-ayar-gundogumu-altin-zumrutlu-lariat-kolye-51287\/","og_locale":"tr_TR","og_type":"article","og_title":"22ct Sunrise Gold Lariat Necklace with Emeralds | PureJewels UK","og_description":"Discover the beauty of the 22ct Sunrise Gold Lariat Necklace, adorned with natural Zambian emeralds (1.17ct). Crafted with pure gold and British Hallmark.","og_url":"https:\/\/www.purejewels.com\/tr\/urun\/22-ayar-gundogumu-altin-zumrutlu-lariat-kolye-51287\/","og_site_name":"PureJewels UK","article_modified_time":"2026-02-09T12:01:01+00:00","og_image":[{"width":1000,"height":1000,"url":"https:\/\/static.purejewels.com\/wp-content\/uploads\/2025\/03\/51287.png","type":"image\/png"}],"twitter_card":"summary_large_image","twitter_misc":{"Tahmini okuma s\u00fcresi":"1 dakika"},"schema":{"@context":"https:\/\/schema.org","@graph":[{"@type":["WebPage","ItemPage"],"@id":"https:\/\/www.purejewels.com\/product\/22ct-sunrise-gold-lariat-necklace-with-emeralds-51287\/","url":"https:\/\/www.purejewels.com\/product\/22ct-sunrise-gold-lariat-necklace-with-emeralds-51287\/","name":"22 Ayar G\u00fcndo\u011fumu Alt\u0131n Z\u00fcmr\u00fctl\u00fc Lariat Kolye | PureJewels UK","isPartOf":{"@id":"https:\/\/www.purejewels.com\/#website"},"primaryImageOfPage":{"@id":"https:\/\/www.purejewels.com\/product\/22ct-sunrise-gold-lariat-necklace-with-emeralds-51287\/#primaryimage"},"image":{"@id":"https:\/\/www.purejewels.com\/product\/22ct-sunrise-gold-lariat-necklace-with-emeralds-51287\/#primaryimage"},"thumbnailUrl":"https:\/\/static.purejewels.com\/wp-content\/uploads\/2025\/03\/51287.png","datePublished":"2025-03-09T13:38:59+00:00","dateModified":"2026-02-09T12:01:01+00:00","description":"Do\u011fal Zambiya z\u00fcmr\u00fctleriyle (1,17 ct) s\u00fcslenmi\u015f 22 ayar Sunrise Gold Lariat Kolyenin g\u00fczelli\u011fini ke\u015ffedin. Saf alt\u0131n ve \u0130ngiliz Hallmark ile \u00fcretilmi\u015ftir.","breadcrumb":{"@id":"https:\/\/www.purejewels.com\/product\/22ct-sunrise-gold-lariat-necklace-with-emeralds-51287\/#breadcrumb"},"inLanguage":"tr","potentialAction":[{"@type":"ReadAction","target":["https:\/\/www.purejewels.com\/product\/22ct-sunrise-gold-lariat-necklace-with-emeralds-51287\/"]}]},{"@type":"ImageObject","inLanguage":"tr","@id":"https:\/\/www.purejewels.com\/product\/22ct-sunrise-gold-lariat-necklace-with-emeralds-51287\/#primaryimage","url":"https:\/\/static.purejewels.com\/wp-content\/uploads\/2025\/03\/51287.png","contentUrl":"https:\/\/static.purejewels.com\/wp-content\/uploads\/2025\/03\/51287.png","width":1000,"height":1000},{"@type":"BreadcrumbList","@id":"https:\/\/www.purejewels.com\/product\/22ct-sunrise-gold-lariat-necklace-with-emeralds-51287\/#breadcrumb","itemListElement":[{"@type":"ListItem","position":1,"name":"Home","item":"https:\/\/www.purejewels.com\/"},{"@type":"ListItem","position":2,"name":"Shop","item":"https:\/\/www.purejewels.com\/shop\/"},{"@type":"ListItem","position":3,"name":"Shooting Star Emerald Lariat"}]},{"@type":"WebSite","@id":"https:\/\/www.purejewels.com\/#website","url":"https:\/\/www.purejewels.com\/","name":"PureJewels \u0130ngiltere","description":"Sevgiyi Payla\u015f\u0131n","publisher":{"@id":"https:\/\/www.purejewels.com\/#organization"},"potentialAction":[{"@type":"SearchAction","target":{"@type":"EntryPoint","urlTemplate":"https:\/\/www.purejewels.com\/?s={search_term_string}"},"query-input":{"@type":"PropertyValueSpecification","valueRequired":true,"valueName":"search_term_string"}}],"inLanguage":"tr"},{"@type":"Organization","@id":"https:\/\/www.purejewels.com\/#organization","name":"PureJewels \u0130ngiltere","url":"https:\/\/www.purejewels.com\/","logo":{"@type":"ImageObject","inLanguage":"tr","@id":"https:\/\/www.purejewels.com\/#\/schema\/logo\/image\/","url":"https:\/\/static.purejewels.com\/wp-content\/uploads\/2020\/11\/Logo-PJ-New-1.png","contentUrl":"https:\/\/static.purejewels.com\/wp-content\/uploads\/2020\/11\/Logo-PJ-New-1.png","width":150,"height":80,"caption":"PureJewels UK"},"image":{"@id":"https:\/\/www.purejewels.com\/#\/schema\/logo\/image\/"}}]}},"_links":{"self":[{"href":"https:\/\/www.purejewels.com\/tr\/wp-json\/wp\/v2\/product\/389070","targetHints":{"allow":["GET"]}}],"collection":[{"href":"https:\/\/www.purejewels.com\/tr\/wp-json\/wp\/v2\/product"}],"about":[{"href":"https:\/\/www.purejewels.com\/tr\/wp-json\/wp\/v2\/types\/product"}],"replies":[{"embeddable":true,"href":"https:\/\/www.purejewels.com\/tr\/wp-json\/wp\/v2\/comments?post=389070"}],"version-history":[{"count":4,"href":"https:\/\/www.purejewels.com\/tr\/wp-json\/wp\/v2\/product\/389070\/revisions"}],"predecessor-version":[{"id":392492,"href":"https:\/\/www.purejewels.com\/tr\/wp-json\/wp\/v2\/product\/389070\/revisions\/392492"}],"wp:featuredmedia":[{"embeddable":true,"href":"https:\/\/www.purejewels.com\/tr\/wp-json\/wp\/v2\/media\/389228"}],"wp:attachment":[{"href":"https:\/\/www.purejewels.com\/tr\/wp-json\/wp\/v2\/media?parent=389070"}],"wp:term":[{"taxonomy":"product_brand","embeddable":true,"href":"https:\/\/www.purejewels.com\/tr\/wp-json\/wp\/v2\/product_brand?post=389070"},{"taxonomy":"product_cat","embeddable":true,"href":"https:\/\/www.purejewels.com\/tr\/wp-json\/wp\/v2\/product_cat?post=389070"},{"taxonomy":"product_tag","embeddable":true,"href":"https:\/\/www.purejewels.com\/tr\/wp-json\/wp\/v2\/product_tag?post=389070"}],"curies":[{"name":"wp","href":"https:\/\/api.w.org\/{rel}","templated":true}]}}