{"id":389072,"date":"2025-04-30T13:45:15","date_gmt":"2025-04-30T12:45:15","guid":{"rendered":"https:\/\/www.purejewels.com\/?post_type=product&#038;p=389072"},"modified":"2026-02-27T04:31:22","modified_gmt":"2026-02-27T04:31:22","slug":"22-ayar-gundogumu-altin-halka-kupe-51290","status":"publish","type":"product","link":"https:\/\/www.purejewels.com\/tr\/product\/22ct-sunrise-gold-hoop-earrings-51290\/","title":{"rendered":"Solo \u00c7emberler"},"content":{"rendered":"<h4 data-start=\"63\" data-end=\"95\"><strong data-start=\"68\" data-end=\"93\">\u0130lham ve Hikaye<\/strong><\/h4>\n<p data-start=\"96\" data-end=\"565\">Kaderin karma\u015f\u0131k \u00f6rg\u00fcs\u00fcnden ve miras\u0131n kal\u0131c\u0131 g\u00fcc\u00fcnden ilham alan <strong data-start=\"179\" data-end=\"206\">22 Ayar G\u00fcndo\u011fumu Alt\u0131n \u00c7emberler<\/strong> bir \u015fey yok. <strong data-start=\"216\" data-end=\"237\">Zariya Koleksiyonu<\/strong> dayan\u0131kl\u0131l\u0131\u011f\u0131n ve zamans\u0131z zarafetin bir kan\u0131t\u0131d\u0131r. B\u00fck\u00fclm\u00fc\u015f tasar\u0131m, ya\u015fam\u0131n i\u00e7 i\u00e7e ge\u00e7mi\u015f yollar\u0131n\u0131 yans\u0131tarak g\u00fcc\u00fc, birli\u011fi ve her yolculukta bulunan g\u00fczelli\u011fi sembolize eder. Hem geleneklere hem de \u00e7a\u011fda\u015f yeteneklere de\u011fer veren modern kad\u0131nlar i\u00e7in tasarlanan bu halkalar, k\u00fclt\u00fcr ve sofistikeli\u011fin kusursuz bir kar\u0131\u015f\u0131m\u0131n\u0131 sunuyor.<\/p>\n<h4 data-start=\"567\" data-end=\"604\"><strong data-start=\"572\" data-end=\"602\">Malzeme ve \u0130\u015f\u00e7ilik<\/strong><\/h4>\n<p data-start=\"605\" data-end=\"1017\">Ustal\u0131kla haz\u0131rlanm\u0131\u015f <strong data-start=\"625\" data-end=\"646\">22 Ayar G\u00fcndo\u011fumu Alt\u0131n<\/strong>Bu \u00e7emberler, alt\u0131n\u0131n bas\u0131n\u00e7 alt\u0131nda b\u00fck\u00fclerek kendine \u00f6zg\u00fc bir b\u00fck\u00fcml\u00fc tel dokusu olu\u015fturdu\u011fu titiz bir i\u015flemden ge\u00e7er. Bu i\u015flem sadece estetik \u00e7ekiciliklerini artt\u0131rmakla kalmaz, ayn\u0131 zamanda dayan\u0131kl\u0131l\u0131klar\u0131n\u0131 da artt\u0131rarak e\u015flik ettikleri anlar kadar kal\u0131c\u0131 olmalar\u0131n\u0131 sa\u011flar. Sonu\u00e7, \u00e7abas\u0131z l\u00fcks\u00fc yans\u0131tan \u0131\u015f\u0131lt\u0131l\u0131, hafif ama g\u00fc\u00e7l\u00fc bir \u00e7ift k\u00fcpedir.<\/p>\n<h4 data-start=\"1019\" data-end=\"1042\"><strong data-start=\"1024\" data-end=\"1040\">Stil \u0130pu\u00e7lar\u0131<\/strong><\/h4>\n<p data-start=\"1043\" data-end=\"1318\">G\u00fcnl\u00fck kullan\u0131m veya \u00f6zel g\u00fcnler i\u00e7in m\u00fckemmel olan bu \u00e7emberler hem minimalist hem de iddial\u0131 g\u00f6r\u00fcn\u00fcmleri tamamlar. Di\u011fer aksesuarlarla e\u015fle\u015ftirin <strong data-start=\"1172\" data-end=\"1193\">Zariya Koleksiyonu<\/strong> par\u00e7alar, \u00f6rne\u011fin <strong data-start=\"1212\" data-end=\"1256\">burgu telli bileklik veya narin alt\u0131n zincir<\/strong>rafine zarafetten bahseden uyumlu bir topluluk i\u00e7in.<\/p>\n<p data-start=\"1043\" data-end=\"1318\"><b>Aral\u0131k Kimli\u011fi <\/b>SGERBNZC002<br \/>\n<b>SKU:<\/b>\u00a051290<\/p>","protected":false},"excerpt":{"rendered":"<div class=\"woocommerce-product-details__short-description\">\n<table class=\"sh_desc\">\n<tbody>\n<tr>\n<td>SKU<\/td>\n<td>51290<\/td>\n<\/tr>\n<tr>\n<td>A\u011f\u0131rl\u0131k<\/td>\n<td>4.4 Gms<\/td>\n<\/tr>\n<tr>\n<td>Metal<\/td>\n<td>22 Ayar G\u00fcndo\u011fumu Alt\u0131n<\/td>\n<\/tr>\n<tr>\n<td>\u00dccretler<\/td>\n<td>Teslimat ve KDV Dahil<\/td>\n<\/tr>\n<tr>\n<td>Paketleme<\/td>\n<td>Sunum Kutusu ile Birlikte Gelir<\/td>\n<\/tr>\n<tr>\n<td>Daha Fazla Bilgi<\/td>\n<td>M\u00fcsaitlik durumu ve daha fazla resim i\u00e7in bizimle canl\u0131 sohbet edin<\/td>\n<\/tr>\n<\/tbody>\n<\/table>\n<\/div>\n<div class=\"btn-atc atc-slide\"><\/div>\n<div class=\"product_meta\"><\/div>","protected":false},"featured_media":389393,"comment_status":"closed","ping_status":"closed","template":"","meta":{"_eb_attr":"","_crsspst_to_jayantr4sg-hostcom":false},"product_brand":[],"product_cat":[1791,1559,1254,1229,1579,5347,5353,1574,5349,5747],"product_tag":[66],"class_list":{"0":"post-389072","1":"product","2":"type-product","3":"status-publish","4":"has-post-thumbnail","6":"product_cat-anniversary-gifts","7":"product_cat-birthday-gifts","8":"product_cat-gold-earrings","9":"product_cat-22ct-gold-jewellery","10":"product_cat-hoop-earrings","11":"product_cat-shop-by-metal","12":"product_cat-shop-by","13":"product_cat-womens-jewellery","14":"product_cat-yellow-gold-jewellery","15":"product_cat-mantra-collection","16":"product_tag-earrings","18":"first","19":"onbackorder","20":"taxable","21":"shipping-taxable","22":"purchasable","23":"product-type-simple","24":"add-to-wishlist-before_image"},"yoast_head":"<!-- This site is optimized with the Yoast SEO plugin v27.3 - https:\/\/yoast.com\/product\/yoast-seo-wordpress\/ -->\n<title>Shop online 22ct Gold Hoop Earrings | PureJewels UK<\/title>\n<meta name=\"description\" content=\"Shop online for 22ct Sunrise Gold Hoop Earrings at PureJewels UK. These timeless hoops are the perfect accessory for any occasion.\" \/>\n<meta name=\"robots\" content=\"index, follow, max-snippet:-1, max-image-preview:large, max-video-preview:-1\" \/>\n<link rel=\"canonical\" href=\"https:\/\/www.purejewels.com\/tr\/urun\/22-ayar-gundogumu-altin-halka-kupe-51290\/\" \/>\n<meta property=\"og:locale\" content=\"tr_TR\" \/>\n<meta property=\"og:type\" content=\"article\" \/>\n<meta property=\"og:title\" content=\"Shop online 22ct Gold Hoop Earrings | PureJewels UK\" \/>\n<meta property=\"og:description\" content=\"Shop online for 22ct Sunrise Gold Hoop Earrings at PureJewels UK. These timeless hoops are the perfect accessory for any occasion.\" \/>\n<meta property=\"og:url\" content=\"https:\/\/www.purejewels.com\/tr\/urun\/22-ayar-gundogumu-altin-halka-kupe-51290\/\" \/>\n<meta property=\"og:site_name\" content=\"PureJewels UK\" \/>\n<meta property=\"article:modified_time\" content=\"2026-02-27T04:31:22+00:00\" \/>\n<meta property=\"og:image\" content=\"https:\/\/static.purejewels.com\/wp-content\/uploads\/2025\/03\/7_2-1.png\" \/>\n\t<meta property=\"og:image:width\" content=\"1000\" \/>\n\t<meta property=\"og:image:height\" content=\"1000\" \/>\n\t<meta property=\"og:image:type\" content=\"image\/png\" \/>\n<meta name=\"twitter:card\" content=\"summary_large_image\" \/>\n<meta name=\"twitter:label1\" content=\"Tahmini okuma s\u00fcresi\" \/>\n\t<meta name=\"twitter:data1\" content=\"1 dakika\" \/>\n<script type=\"application\/ld+json\" class=\"yoast-schema-graph\">{\"@context\":\"https:\\\/\\\/schema.org\",\"@graph\":[{\"@type\":[\"WebPage\",\"ItemPage\"],\"@id\":\"https:\\\/\\\/www.purejewels.com\\\/product\\\/22ct-sunrise-gold-hoop-earrings-51290\\\/\",\"url\":\"https:\\\/\\\/www.purejewels.com\\\/product\\\/22ct-sunrise-gold-hoop-earrings-51290\\\/\",\"name\":\"Shop online 22ct Gold Hoop Earrings | PureJewels UK\",\"isPartOf\":{\"@id\":\"https:\\\/\\\/www.purejewels.com\\\/#website\"},\"primaryImageOfPage\":{\"@id\":\"https:\\\/\\\/www.purejewels.com\\\/product\\\/22ct-sunrise-gold-hoop-earrings-51290\\\/#primaryimage\"},\"image\":{\"@id\":\"https:\\\/\\\/www.purejewels.com\\\/product\\\/22ct-sunrise-gold-hoop-earrings-51290\\\/#primaryimage\"},\"thumbnailUrl\":\"https:\\\/\\\/static.purejewels.com\\\/wp-content\\\/uploads\\\/2025\\\/03\\\/7_2-1.png\",\"datePublished\":\"2025-04-30T12:45:15+00:00\",\"dateModified\":\"2026-02-27T04:31:22+00:00\",\"description\":\"Shop online for 22ct Sunrise Gold Hoop Earrings at PureJewels UK. These timeless hoops are the perfect accessory for any occasion.\",\"breadcrumb\":{\"@id\":\"https:\\\/\\\/www.purejewels.com\\\/product\\\/22ct-sunrise-gold-hoop-earrings-51290\\\/#breadcrumb\"},\"inLanguage\":\"tr\",\"potentialAction\":[{\"@type\":\"ReadAction\",\"target\":[\"https:\\\/\\\/www.purejewels.com\\\/product\\\/22ct-sunrise-gold-hoop-earrings-51290\\\/\"]}]},{\"@type\":\"ImageObject\",\"inLanguage\":\"tr\",\"@id\":\"https:\\\/\\\/www.purejewels.com\\\/product\\\/22ct-sunrise-gold-hoop-earrings-51290\\\/#primaryimage\",\"url\":\"https:\\\/\\\/static.purejewels.com\\\/wp-content\\\/uploads\\\/2025\\\/03\\\/7_2-1.png\",\"contentUrl\":\"https:\\\/\\\/static.purejewels.com\\\/wp-content\\\/uploads\\\/2025\\\/03\\\/7_2-1.png\",\"width\":1000,\"height\":1000,\"caption\":\"Solo hoops\"},{\"@type\":\"BreadcrumbList\",\"@id\":\"https:\\\/\\\/www.purejewels.com\\\/product\\\/22ct-sunrise-gold-hoop-earrings-51290\\\/#breadcrumb\",\"itemListElement\":[{\"@type\":\"ListItem\",\"position\":1,\"name\":\"Home\",\"item\":\"https:\\\/\\\/www.purejewels.com\\\/\"},{\"@type\":\"ListItem\",\"position\":2,\"name\":\"Shop\",\"item\":\"https:\\\/\\\/www.purejewels.com\\\/shop\\\/\"},{\"@type\":\"ListItem\",\"position\":3,\"name\":\"Solo Hoops\"}]},{\"@type\":\"WebSite\",\"@id\":\"https:\\\/\\\/www.purejewels.com\\\/#website\",\"url\":\"https:\\\/\\\/www.purejewels.com\\\/\",\"name\":\"PureJewels UK\",\"description\":\"Share the Love\",\"publisher\":{\"@id\":\"https:\\\/\\\/www.purejewels.com\\\/#organization\"},\"potentialAction\":[{\"@type\":\"SearchAction\",\"target\":{\"@type\":\"EntryPoint\",\"urlTemplate\":\"https:\\\/\\\/www.purejewels.com\\\/?s={search_term_string}\"},\"query-input\":{\"@type\":\"PropertyValueSpecification\",\"valueRequired\":true,\"valueName\":\"search_term_string\"}}],\"inLanguage\":\"tr\"},{\"@type\":\"Organization\",\"@id\":\"https:\\\/\\\/www.purejewels.com\\\/#organization\",\"name\":\"PureJewels UK\",\"url\":\"https:\\\/\\\/www.purejewels.com\\\/\",\"logo\":{\"@type\":\"ImageObject\",\"inLanguage\":\"tr\",\"@id\":\"https:\\\/\\\/www.purejewels.com\\\/#\\\/schema\\\/logo\\\/image\\\/\",\"url\":\"https:\\\/\\\/static.purejewels.com\\\/wp-content\\\/uploads\\\/2020\\\/11\\\/Logo-PJ-New-1.png\",\"contentUrl\":\"https:\\\/\\\/static.purejewels.com\\\/wp-content\\\/uploads\\\/2020\\\/11\\\/Logo-PJ-New-1.png\",\"width\":150,\"height\":80,\"caption\":\"PureJewels UK\"},\"image\":{\"@id\":\"https:\\\/\\\/www.purejewels.com\\\/#\\\/schema\\\/logo\\\/image\\\/\"}}]}<\/script>\n<!-- \/ Yoast SEO plugin. -->","yoast_head_json":{"title":"Online al\u0131\u015fveri\u015f 22 Ayar Alt\u0131n Halka K\u00fcpe | PureJewels UK","description":"PureJewels UK'de 22ct Sunrise Alt\u0131n Halka K\u00fcpeler i\u00e7in online al\u0131\u015fveri\u015f yap\u0131n. Bu zamans\u0131z halka k\u00fcpeler her durum i\u00e7in m\u00fckemmel bir aksesuard\u0131r.","robots":{"index":"index","follow":"follow","max-snippet":"max-snippet:-1","max-image-preview":"max-image-preview:large","max-video-preview":"max-video-preview:-1"},"canonical":"https:\/\/www.purejewels.com\/tr\/urun\/22-ayar-gundogumu-altin-halka-kupe-51290\/","og_locale":"tr_TR","og_type":"article","og_title":"Shop online 22ct Gold Hoop Earrings | PureJewels UK","og_description":"Shop online for 22ct Sunrise Gold Hoop Earrings at PureJewels UK. These timeless hoops are the perfect accessory for any occasion.","og_url":"https:\/\/www.purejewels.com\/tr\/urun\/22-ayar-gundogumu-altin-halka-kupe-51290\/","og_site_name":"PureJewels UK","article_modified_time":"2026-02-27T04:31:22+00:00","og_image":[{"width":1000,"height":1000,"url":"https:\/\/static.purejewels.com\/wp-content\/uploads\/2025\/03\/7_2-1.png","type":"image\/png"}],"twitter_card":"summary_large_image","twitter_misc":{"Tahmini okuma s\u00fcresi":"1 dakika"},"schema":{"@context":"https:\/\/schema.org","@graph":[{"@type":["WebPage","ItemPage"],"@id":"https:\/\/www.purejewels.com\/product\/22ct-sunrise-gold-hoop-earrings-51290\/","url":"https:\/\/www.purejewels.com\/product\/22ct-sunrise-gold-hoop-earrings-51290\/","name":"Online al\u0131\u015fveri\u015f 22 Ayar Alt\u0131n Halka K\u00fcpe | PureJewels UK","isPartOf":{"@id":"https:\/\/www.purejewels.com\/#website"},"primaryImageOfPage":{"@id":"https:\/\/www.purejewels.com\/product\/22ct-sunrise-gold-hoop-earrings-51290\/#primaryimage"},"image":{"@id":"https:\/\/www.purejewels.com\/product\/22ct-sunrise-gold-hoop-earrings-51290\/#primaryimage"},"thumbnailUrl":"https:\/\/static.purejewels.com\/wp-content\/uploads\/2025\/03\/7_2-1.png","datePublished":"2025-04-30T12:45:15+00:00","dateModified":"2026-02-27T04:31:22+00:00","description":"PureJewels UK'de 22ct Sunrise Alt\u0131n Halka K\u00fcpeler i\u00e7in online al\u0131\u015fveri\u015f yap\u0131n. Bu zamans\u0131z halka k\u00fcpeler her durum i\u00e7in m\u00fckemmel bir aksesuard\u0131r.","breadcrumb":{"@id":"https:\/\/www.purejewels.com\/product\/22ct-sunrise-gold-hoop-earrings-51290\/#breadcrumb"},"inLanguage":"tr","potentialAction":[{"@type":"ReadAction","target":["https:\/\/www.purejewels.com\/product\/22ct-sunrise-gold-hoop-earrings-51290\/"]}]},{"@type":"ImageObject","inLanguage":"tr","@id":"https:\/\/www.purejewels.com\/product\/22ct-sunrise-gold-hoop-earrings-51290\/#primaryimage","url":"https:\/\/static.purejewels.com\/wp-content\/uploads\/2025\/03\/7_2-1.png","contentUrl":"https:\/\/static.purejewels.com\/wp-content\/uploads\/2025\/03\/7_2-1.png","width":1000,"height":1000,"caption":"Solo hoops"},{"@type":"BreadcrumbList","@id":"https:\/\/www.purejewels.com\/product\/22ct-sunrise-gold-hoop-earrings-51290\/#breadcrumb","itemListElement":[{"@type":"ListItem","position":1,"name":"Home","item":"https:\/\/www.purejewels.com\/"},{"@type":"ListItem","position":2,"name":"Shop","item":"https:\/\/www.purejewels.com\/shop\/"},{"@type":"ListItem","position":3,"name":"Solo Hoops"}]},{"@type":"WebSite","@id":"https:\/\/www.purejewels.com\/#website","url":"https:\/\/www.purejewels.com\/","name":"PureJewels \u0130ngiltere","description":"Sevgiyi Payla\u015f\u0131n","publisher":{"@id":"https:\/\/www.purejewels.com\/#organization"},"potentialAction":[{"@type":"SearchAction","target":{"@type":"EntryPoint","urlTemplate":"https:\/\/www.purejewels.com\/?s={search_term_string}"},"query-input":{"@type":"PropertyValueSpecification","valueRequired":true,"valueName":"search_term_string"}}],"inLanguage":"tr"},{"@type":"Organization","@id":"https:\/\/www.purejewels.com\/#organization","name":"PureJewels \u0130ngiltere","url":"https:\/\/www.purejewels.com\/","logo":{"@type":"ImageObject","inLanguage":"tr","@id":"https:\/\/www.purejewels.com\/#\/schema\/logo\/image\/","url":"https:\/\/static.purejewels.com\/wp-content\/uploads\/2020\/11\/Logo-PJ-New-1.png","contentUrl":"https:\/\/static.purejewels.com\/wp-content\/uploads\/2020\/11\/Logo-PJ-New-1.png","width":150,"height":80,"caption":"PureJewels UK"},"image":{"@id":"https:\/\/www.purejewels.com\/#\/schema\/logo\/image\/"}}]}},"_links":{"self":[{"href":"https:\/\/www.purejewels.com\/tr\/wp-json\/wp\/v2\/product\/389072","targetHints":{"allow":["GET"]}}],"collection":[{"href":"https:\/\/www.purejewels.com\/tr\/wp-json\/wp\/v2\/product"}],"about":[{"href":"https:\/\/www.purejewels.com\/tr\/wp-json\/wp\/v2\/types\/product"}],"replies":[{"embeddable":true,"href":"https:\/\/www.purejewels.com\/tr\/wp-json\/wp\/v2\/comments?post=389072"}],"version-history":[{"count":5,"href":"https:\/\/www.purejewels.com\/tr\/wp-json\/wp\/v2\/product\/389072\/revisions"}],"predecessor-version":[{"id":425909,"href":"https:\/\/www.purejewels.com\/tr\/wp-json\/wp\/v2\/product\/389072\/revisions\/425909"}],"wp:featuredmedia":[{"embeddable":true,"href":"https:\/\/www.purejewels.com\/tr\/wp-json\/wp\/v2\/media\/389393"}],"wp:attachment":[{"href":"https:\/\/www.purejewels.com\/tr\/wp-json\/wp\/v2\/media?parent=389072"}],"wp:term":[{"taxonomy":"product_brand","embeddable":true,"href":"https:\/\/www.purejewels.com\/tr\/wp-json\/wp\/v2\/product_brand?post=389072"},{"taxonomy":"product_cat","embeddable":true,"href":"https:\/\/www.purejewels.com\/tr\/wp-json\/wp\/v2\/product_cat?post=389072"},{"taxonomy":"product_tag","embeddable":true,"href":"https:\/\/www.purejewels.com\/tr\/wp-json\/wp\/v2\/product_tag?post=389072"}],"curies":[{"name":"wp","href":"https:\/\/api.w.org\/{rel}","templated":true}]}}