{"id":389737,"date":"2025-12-15T06:10:15","date_gmt":"2025-12-15T06:10:15","guid":{"rendered":"https:\/\/www.purejewels.com\/?post_type=product&#038;p=389737"},"modified":"2026-02-09T08:21:48","modified_gmt":"2026-02-09T08:21:48","slug":"lotus-filizi-kupe-49481","status":"publish","type":"product","link":"https:\/\/www.purejewels.com\/tr\/product\/lotus-tendril-earring-49481\/","title":{"rendered":"Tendril Tomurcuk K\u00fcpe"},"content":{"rendered":"<ol>\n<li><strong> \u0130lham ve Hikaye<\/strong><br \/>\nTendril Tomurcuk K\u00fcpeler, bak\u0131m, destek ve sessiz g\u00fcc\u00fcn g\u00fczel bir \u015feyin k\u00f6k salmas\u0131na ve b\u00fcy\u00fcmesine izin verdi\u011fi ilk, hassas a\u015famalar\u0131nda a\u015fk\u0131n \u015fiirsel bir kutlamas\u0131d\u0131r. Ortaya \u00e7\u0131kmaya ba\u015flayan lotus \u00e7i\u00e7e\u011finden ilham alan bu k\u00fcpeler, a\u015fk\u0131n \u00e7i\u00e7ek a\u00e7mas\u0131na yard\u0131mc\u0131 olan besleyici ba\u011f\u0131 onurland\u0131r\u0131yor. Zarif \u00e7izgileri ve ak\u0131c\u0131 formlar\u0131, niyetle uzanan ve sar\u0131lan dallar\u0131n do\u011fal hareketini yans\u0131tarak ba\u011flant\u0131y\u0131, b\u00fcy\u00fcmeyi ve sessiz dayan\u0131kl\u0131l\u0131\u011f\u0131 sembolize eder. Lotus Koleksiyonumuzun bir par\u00e7as\u0131 olarak, narin, \u0131\u015f\u0131lt\u0131l\u0131 ve umut dolu bir \u015fekilde ortaya \u00e7\u0131kmaya ba\u015flayan a\u015fk\u0131n zarafetini somutla\u015ft\u0131r\u0131yor.<\/li>\n<li><strong> Malzeme ve \u0130\u015f\u00e7ilik<\/strong><br \/>\nPureJewels'in \u00f6zel 22 ayar Sunrise Alt\u0131n\u0131 kullan\u0131larak Londra'da el i\u015f\u00e7ili\u011fiyle \u00fcretilen Tendril Tomurcuk K\u00fcpeler, y\u00fczden nazik\u00e7e uzakla\u015fan ak\u0131\u015fkan k\u0131vr\u0131mlarla \u015fekillendirilerek gurur verici ve etkileyici bir siluet sunar. Hareket ve yumu\u015fakl\u0131kla akan alt\u0131n dallar, b\u00fcy\u00fcyen bir nil\u00fcferi destekleyen saplar\u0131 ve sarma\u015f\u0131klar\u0131 temsil ediyor. Her bir k\u00fcpenin taban\u0131nda yer alan mavi safir briolette - sembolik bir tomurcuk - platin bir ta\u00e7 yapra\u011f\u0131 ile zarif\u00e7e sar\u0131lm\u0131\u015f olup tasar\u0131ma kontrast, derinlik ve zarif bir g\u00f6r\u00fcn\u00fcm kazand\u0131r\u0131yor. G\u00f6zl\u00fck setli p\u0131rlanta aksanlar ve imzam\u0131z olan \u00e7iy damlas\u0131 ayar\u0131, ince bir \u0131\u015f\u0131lt\u0131 katarak sabah\u0131n erken saatlerinde yapraklar\u0131n \u00fczerinde duran \u0131\u015f\u0131\u011f\u0131 taklit ediyor. Her bir unsur \u015fiirsel hikaye anlat\u0131m\u0131n\u0131 ve titiz i\u015f\u00e7ili\u011fi yans\u0131tacak \u015fekilde \u00f6zenle olu\u015fturulmu\u015ftur.<\/li>\n<li><strong> Stil \u0130pu\u00e7lar\u0131<\/strong><br \/>\nZarif ve heykelsi Tendril Tomurcuk K\u00fcpeler hem g\u00fcnd\u00fcz hem de gece kullan\u0131m\u0131nda zarif bir ifade yarat\u0131r. Nazik k\u0131vr\u0131mlar\u0131 ve narin detaylar\u0131 y\u00fcz\u00fc yumu\u015fakl\u0131k ve zarafetle \u00e7er\u00e7evelerken, safir tomurcuklar ince bir renk patlamas\u0131 getiriyor. Yeni ba\u015flang\u0131\u00e7lar\u0131n anlaml\u0131 bir sembol\u00fc olarak tak\u0131n veya a\u015fk\u0131n yolculu\u011fundaki \u00f6zel bir b\u00f6l\u00fcm\u00fc i\u015faretlemek i\u00e7in hediye edin. Minimal par\u00e7alarla e\u015fle\u015ftirin ya da b\u0131rak\u0131n tek ba\u015f\u0131na parlas\u0131n - \u00e7i\u00e7ek a\u00e7an zarafetin \u0131\u015f\u0131lt\u0131l\u0131 bir ifadesi.<br \/>\n<strong><b>Elmas Detaylar\u0131<\/b><\/strong><br \/>\nElmaslar kalite ve orijinallik a\u00e7\u0131s\u0131ndan GLS sertifikal\u0131d\u0131r.<\/li>\n<\/ol>","protected":false},"excerpt":{"rendered":"<p>Zarif ve heykelsi 22 ayar G\u00fcndo\u011fumu Alt\u0131n\u0131ndan Tendril Tomurcuk K\u00fcpe, y\u00fczden nazik\u00e7e uzakla\u015farak platin sarg\u0131l\u0131 safir tomurcukla son buluyor - \u00e7i\u00e7ek a\u00e7maya yeni ba\u015flayan a\u015fk\u0131n \u015fiirsel bir sembol\u00fc.<\/p>\n<p><strong>Malzeme:<\/strong> 22 Ayar G\u00fcndo\u011fumu Alt\u0131n, Platin<strong><br \/>\n<strong>Hallmark: <\/strong><\/strong>\u0130ngiliz Damgas\u0131<strong><strong><br \/>\n<\/strong><\/strong><strong><strong>Ta\u015f: <\/strong><\/strong>Elmaslar, Safirler<strong><strong><br \/>\n<strong>Elmas A\u011f\u0131rl\u0131\u011f\u0131:<\/strong><\/strong><\/strong>0.18ct<strong><strong><strong><br \/>\nSafir A\u011f\u0131rl\u0131k: <\/strong><\/strong><\/strong>1.61ct\u00a0<strong><strong><strong><br \/>\n<\/strong><\/strong><\/strong><strong><strong><strong><strong><strong><strong>Br\u00fct A\u011f\u0131rl\u0131k: <\/strong><\/strong><\/strong><\/strong><\/strong><\/strong>17 gram<strong><strong><strong><strong><strong><br \/>\n<strong>SKU: <\/strong><\/strong><\/strong><\/strong><\/strong><\/strong>49574<\/p>\n<p><strong><strong><strong><strong><strong><strong>Fiyat ve Teslimat:<\/strong><\/strong><\/strong><\/strong><\/strong><\/strong>KDV ve teslimat \u00fccretleri dahil<strong><strong><strong><strong><strong><br \/>\n<a href=\"https:\/\/www.purejewels.com\/tr\/i%cc%87ade-poli%cc%87ti%cc%87kasi\/\">\u0130ade Politikas\u0131<\/a><\/strong><\/strong><\/strong><\/strong><\/strong><\/p>","protected":false},"featured_media":389956,"comment_status":"closed","ping_status":"closed","template":"","meta":{"_eb_attr":"","_crsspst_to_jayantr4sg-hostcom":false},"product_brand":[],"product_cat":[1791,5458,5457,1685,1254,1229,1633,1569,1573,1574],"product_tag":[66],"class_list":{"0":"post-389737","1":"product","2":"type-product","3":"status-publish","4":"has-post-thumbnail","6":"product_cat-anniversary-gifts","7":"product_cat-diamond-earring","8":"product_cat-diamond-jewellery","9":"product_cat-drop-earrings","10":"product_cat-gold-earrings","11":"product_cat-22ct-gold-jewellery","12":"product_cat-lotus-collections","13":"product_cat-valentine-day-gifts","14":"product_cat-wedding-gifts","15":"product_cat-womens-jewellery","16":"product_tag-earrings","18":"first","19":"instock","20":"taxable","21":"shipping-taxable","22":"purchasable","23":"product-type-simple","24":"add-to-wishlist-before_image"},"yoast_head":"<!-- This site is optimized with the Yoast SEO plugin v27.5 - https:\/\/yoast.com\/product\/yoast-seo-wordpress\/ -->\n<title>Tendril Lotus Earrings | Fine Jewellery | PureJewels UK<\/title>\n<meta name=\"description\" content=\"Discover the delicate beauty of Tendril Lotus Earrings from PureJewels UK. Fine jewellery, intricately crafted with a nature-inspired design. Explore our elegant collection.\" \/>\n<meta name=\"robots\" content=\"index, follow, max-snippet:-1, max-image-preview:large, max-video-preview:-1\" \/>\n<link rel=\"canonical\" href=\"https:\/\/www.purejewels.com\/tr\/urun\/lotus-filizi-kupe-49481\/\" \/>\n<meta property=\"og:locale\" content=\"tr_TR\" \/>\n<meta property=\"og:type\" content=\"article\" \/>\n<meta property=\"og:title\" content=\"Tendril Lotus Earrings | Fine Jewellery | PureJewels UK\" \/>\n<meta property=\"og:description\" content=\"Discover the delicate beauty of Tendril Lotus Earrings from PureJewels UK. Fine jewellery, intricately crafted with a nature-inspired design. Explore our elegant collection.\" \/>\n<meta property=\"og:url\" content=\"https:\/\/www.purejewels.com\/tr\/urun\/lotus-filizi-kupe-49481\/\" \/>\n<meta property=\"og:site_name\" content=\"PureJewels UK\" \/>\n<meta property=\"article:modified_time\" content=\"2026-02-09T08:21:48+00:00\" \/>\n<meta property=\"og:image\" content=\"https:\/\/static.purejewels.com\/wp-content\/uploads\/2025\/03\/18_1-1.png\" \/>\n\t<meta property=\"og:image:width\" content=\"1000\" \/>\n\t<meta property=\"og:image:height\" content=\"1000\" \/>\n\t<meta property=\"og:image:type\" content=\"image\/png\" \/>\n<meta name=\"twitter:card\" content=\"summary_large_image\" \/>\n<meta name=\"twitter:label1\" content=\"Tahmini okuma s\u00fcresi\" \/>\n\t<meta name=\"twitter:data1\" content=\"2 dakika\" \/>\n<script type=\"application\/ld+json\" class=\"yoast-schema-graph\">{\"@context\":\"https:\\\/\\\/schema.org\",\"@graph\":[{\"@type\":[\"WebPage\",\"ItemPage\"],\"@id\":\"https:\\\/\\\/www.purejewels.com\\\/product\\\/lotus-tendril-earring-49481\\\/\",\"url\":\"https:\\\/\\\/www.purejewels.com\\\/product\\\/lotus-tendril-earring-49481\\\/\",\"name\":\"Tendril Lotus Earrings | Fine Jewellery | PureJewels UK\",\"isPartOf\":{\"@id\":\"https:\\\/\\\/www.purejewels.com\\\/#website\"},\"primaryImageOfPage\":{\"@id\":\"https:\\\/\\\/www.purejewels.com\\\/product\\\/lotus-tendril-earring-49481\\\/#primaryimage\"},\"image\":{\"@id\":\"https:\\\/\\\/www.purejewels.com\\\/product\\\/lotus-tendril-earring-49481\\\/#primaryimage\"},\"thumbnailUrl\":\"https:\\\/\\\/static.purejewels.com\\\/wp-content\\\/uploads\\\/2025\\\/03\\\/18_1-1.png\",\"datePublished\":\"2025-12-15T06:10:15+00:00\",\"dateModified\":\"2026-02-09T08:21:48+00:00\",\"description\":\"Discover the delicate beauty of Tendril Lotus Earrings from PureJewels UK. Fine jewellery, intricately crafted with a nature-inspired design. Explore our elegant collection.\",\"breadcrumb\":{\"@id\":\"https:\\\/\\\/www.purejewels.com\\\/product\\\/lotus-tendril-earring-49481\\\/#breadcrumb\"},\"inLanguage\":\"tr\",\"potentialAction\":[{\"@type\":\"ReadAction\",\"target\":[\"https:\\\/\\\/www.purejewels.com\\\/product\\\/lotus-tendril-earring-49481\\\/\"]}]},{\"@type\":\"ImageObject\",\"inLanguage\":\"tr\",\"@id\":\"https:\\\/\\\/www.purejewels.com\\\/product\\\/lotus-tendril-earring-49481\\\/#primaryimage\",\"url\":\"https:\\\/\\\/static.purejewels.com\\\/wp-content\\\/uploads\\\/2025\\\/03\\\/18_1-1.png\",\"contentUrl\":\"https:\\\/\\\/static.purejewels.com\\\/wp-content\\\/uploads\\\/2025\\\/03\\\/18_1-1.png\",\"width\":1000,\"height\":1000,\"caption\":\"Tendril Lotus Earring\"},{\"@type\":\"BreadcrumbList\",\"@id\":\"https:\\\/\\\/www.purejewels.com\\\/product\\\/lotus-tendril-earring-49481\\\/#breadcrumb\",\"itemListElement\":[{\"@type\":\"ListItem\",\"position\":1,\"name\":\"Home\",\"item\":\"https:\\\/\\\/www.purejewels.com\\\/\"},{\"@type\":\"ListItem\",\"position\":2,\"name\":\"Shop\",\"item\":\"https:\\\/\\\/www.purejewels.com\\\/shop\\\/\"},{\"@type\":\"ListItem\",\"position\":3,\"name\":\"Tendril Bud Earrings\"}]},{\"@type\":\"WebSite\",\"@id\":\"https:\\\/\\\/www.purejewels.com\\\/#website\",\"url\":\"https:\\\/\\\/www.purejewels.com\\\/\",\"name\":\"PureJewels UK\",\"description\":\"Share the Love\",\"publisher\":{\"@id\":\"https:\\\/\\\/www.purejewels.com\\\/#organization\"},\"potentialAction\":[{\"@type\":\"SearchAction\",\"target\":{\"@type\":\"EntryPoint\",\"urlTemplate\":\"https:\\\/\\\/www.purejewels.com\\\/?s={search_term_string}\"},\"query-input\":{\"@type\":\"PropertyValueSpecification\",\"valueRequired\":true,\"valueName\":\"search_term_string\"}}],\"inLanguage\":\"tr\"},{\"@type\":\"Organization\",\"@id\":\"https:\\\/\\\/www.purejewels.com\\\/#organization\",\"name\":\"PureJewels UK\",\"url\":\"https:\\\/\\\/www.purejewels.com\\\/\",\"logo\":{\"@type\":\"ImageObject\",\"inLanguage\":\"tr\",\"@id\":\"https:\\\/\\\/www.purejewels.com\\\/#\\\/schema\\\/logo\\\/image\\\/\",\"url\":\"https:\\\/\\\/static.purejewels.com\\\/wp-content\\\/uploads\\\/2020\\\/11\\\/Logo-PJ-New-1.png\",\"contentUrl\":\"https:\\\/\\\/static.purejewels.com\\\/wp-content\\\/uploads\\\/2020\\\/11\\\/Logo-PJ-New-1.png\",\"width\":150,\"height\":80,\"caption\":\"PureJewels UK\"},\"image\":{\"@id\":\"https:\\\/\\\/www.purejewels.com\\\/#\\\/schema\\\/logo\\\/image\\\/\"}}]}<\/script>\n<!-- \/ Yoast SEO plugin. -->","yoast_head_json":{"title":"Tendril Lotus K\u00fcpe | Fine Jewellery | PureJewels UK","description":"PureJewels UK'den Tendril Lotus K\u00fcpelerin narin g\u00fczelli\u011fini ke\u015ffedin. Do\u011fadan ilham alan bir tasar\u0131mla karma\u015f\u0131k bir \u015fekilde haz\u0131rlanm\u0131\u015f ince m\u00fccevherler. Zarif koleksiyonumuzu ke\u015ffedin.","robots":{"index":"index","follow":"follow","max-snippet":"max-snippet:-1","max-image-preview":"max-image-preview:large","max-video-preview":"max-video-preview:-1"},"canonical":"https:\/\/www.purejewels.com\/tr\/urun\/lotus-filizi-kupe-49481\/","og_locale":"tr_TR","og_type":"article","og_title":"Tendril Lotus Earrings | Fine Jewellery | PureJewels UK","og_description":"Discover the delicate beauty of Tendril Lotus Earrings from PureJewels UK. Fine jewellery, intricately crafted with a nature-inspired design. Explore our elegant collection.","og_url":"https:\/\/www.purejewels.com\/tr\/urun\/lotus-filizi-kupe-49481\/","og_site_name":"PureJewels UK","article_modified_time":"2026-02-09T08:21:48+00:00","og_image":[{"width":1000,"height":1000,"url":"https:\/\/static.purejewels.com\/wp-content\/uploads\/2025\/03\/18_1-1.png","type":"image\/png"}],"twitter_card":"summary_large_image","twitter_misc":{"Tahmini okuma s\u00fcresi":"2 dakika"},"schema":{"@context":"https:\/\/schema.org","@graph":[{"@type":["WebPage","ItemPage"],"@id":"https:\/\/www.purejewels.com\/product\/lotus-tendril-earring-49481\/","url":"https:\/\/www.purejewels.com\/product\/lotus-tendril-earring-49481\/","name":"Tendril Lotus K\u00fcpe | Fine Jewellery | PureJewels UK","isPartOf":{"@id":"https:\/\/www.purejewels.com\/#website"},"primaryImageOfPage":{"@id":"https:\/\/www.purejewels.com\/product\/lotus-tendril-earring-49481\/#primaryimage"},"image":{"@id":"https:\/\/www.purejewels.com\/product\/lotus-tendril-earring-49481\/#primaryimage"},"thumbnailUrl":"https:\/\/static.purejewels.com\/wp-content\/uploads\/2025\/03\/18_1-1.png","datePublished":"2025-12-15T06:10:15+00:00","dateModified":"2026-02-09T08:21:48+00:00","description":"PureJewels UK'den Tendril Lotus K\u00fcpelerin narin g\u00fczelli\u011fini ke\u015ffedin. Do\u011fadan ilham alan bir tasar\u0131mla karma\u015f\u0131k bir \u015fekilde haz\u0131rlanm\u0131\u015f ince m\u00fccevherler. Zarif koleksiyonumuzu ke\u015ffedin.","breadcrumb":{"@id":"https:\/\/www.purejewels.com\/product\/lotus-tendril-earring-49481\/#breadcrumb"},"inLanguage":"tr","potentialAction":[{"@type":"ReadAction","target":["https:\/\/www.purejewels.com\/product\/lotus-tendril-earring-49481\/"]}]},{"@type":"ImageObject","inLanguage":"tr","@id":"https:\/\/www.purejewels.com\/product\/lotus-tendril-earring-49481\/#primaryimage","url":"https:\/\/static.purejewels.com\/wp-content\/uploads\/2025\/03\/18_1-1.png","contentUrl":"https:\/\/static.purejewels.com\/wp-content\/uploads\/2025\/03\/18_1-1.png","width":1000,"height":1000,"caption":"Tendril Lotus Earring"},{"@type":"BreadcrumbList","@id":"https:\/\/www.purejewels.com\/product\/lotus-tendril-earring-49481\/#breadcrumb","itemListElement":[{"@type":"ListItem","position":1,"name":"Home","item":"https:\/\/www.purejewels.com\/"},{"@type":"ListItem","position":2,"name":"Shop","item":"https:\/\/www.purejewels.com\/shop\/"},{"@type":"ListItem","position":3,"name":"Tendril Bud Earrings"}]},{"@type":"WebSite","@id":"https:\/\/www.purejewels.com\/#website","url":"https:\/\/www.purejewels.com\/","name":"PureJewels \u0130ngiltere","description":"Sevgiyi Payla\u015f\u0131n","publisher":{"@id":"https:\/\/www.purejewels.com\/#organization"},"potentialAction":[{"@type":"SearchAction","target":{"@type":"EntryPoint","urlTemplate":"https:\/\/www.purejewels.com\/?s={search_term_string}"},"query-input":{"@type":"PropertyValueSpecification","valueRequired":true,"valueName":"search_term_string"}}],"inLanguage":"tr"},{"@type":"Organization","@id":"https:\/\/www.purejewels.com\/#organization","name":"PureJewels \u0130ngiltere","url":"https:\/\/www.purejewels.com\/","logo":{"@type":"ImageObject","inLanguage":"tr","@id":"https:\/\/www.purejewels.com\/#\/schema\/logo\/image\/","url":"https:\/\/static.purejewels.com\/wp-content\/uploads\/2020\/11\/Logo-PJ-New-1.png","contentUrl":"https:\/\/static.purejewels.com\/wp-content\/uploads\/2020\/11\/Logo-PJ-New-1.png","width":150,"height":80,"caption":"PureJewels UK"},"image":{"@id":"https:\/\/www.purejewels.com\/#\/schema\/logo\/image\/"}}]}},"_links":{"self":[{"href":"https:\/\/www.purejewels.com\/tr\/wp-json\/wp\/v2\/product\/389737","targetHints":{"allow":["GET"]}}],"collection":[{"href":"https:\/\/www.purejewels.com\/tr\/wp-json\/wp\/v2\/product"}],"about":[{"href":"https:\/\/www.purejewels.com\/tr\/wp-json\/wp\/v2\/types\/product"}],"replies":[{"embeddable":true,"href":"https:\/\/www.purejewels.com\/tr\/wp-json\/wp\/v2\/comments?post=389737"}],"version-history":[{"count":4,"href":"https:\/\/www.purejewels.com\/tr\/wp-json\/wp\/v2\/product\/389737\/revisions"}],"predecessor-version":[{"id":413519,"href":"https:\/\/www.purejewels.com\/tr\/wp-json\/wp\/v2\/product\/389737\/revisions\/413519"}],"wp:featuredmedia":[{"embeddable":true,"href":"https:\/\/www.purejewels.com\/tr\/wp-json\/wp\/v2\/media\/389956"}],"wp:attachment":[{"href":"https:\/\/www.purejewels.com\/tr\/wp-json\/wp\/v2\/media?parent=389737"}],"wp:term":[{"taxonomy":"product_brand","embeddable":true,"href":"https:\/\/www.purejewels.com\/tr\/wp-json\/wp\/v2\/product_brand?post=389737"},{"taxonomy":"product_cat","embeddable":true,"href":"https:\/\/www.purejewels.com\/tr\/wp-json\/wp\/v2\/product_cat?post=389737"},{"taxonomy":"product_tag","embeddable":true,"href":"https:\/\/www.purejewels.com\/tr\/wp-json\/wp\/v2\/product_tag?post=389737"}],"curies":[{"name":"wp","href":"https:\/\/api.w.org\/{rel}","templated":true}]}}