{"id":389747,"date":"2025-05-07T09:49:31","date_gmt":"2025-05-07T08:49:31","guid":{"rendered":"https:\/\/www.purejewels.com\/?post_type=product&#038;p=389747"},"modified":"2026-02-09T10:20:47","modified_gmt":"2026-02-09T10:20:47","slug":"bloom-lariat-elmas-mangalsutra-50206","status":"publish","type":"product","link":"https:\/\/www.purejewels.com\/tr\/product\/bloom-lariat-diamond-mangalsutra-50206\/","title":{"rendered":"Bloom Mangalsutra"},"content":{"rendered":"<p class=\"\" data-start=\"248\" data-end=\"276\"><strong data-start=\"248\" data-end=\"276\">1. \u0130lham ve Hikaye<\/strong><\/p>\n<p class=\"\" data-start=\"278\" data-end=\"901\">Bloom Lariat Mangalsutra, hareket halindeki a\u015fka \u015fiirsel bir \u00f6vg\u00fcd\u00fcr - s\u00fcrekli b\u00fcy\u00fcyen, s\u00fcrekli geli\u015fen ve g\u00fczel bir \u015fekilde dengelenen. Lotus \u00e7i\u00e7e\u011finin durgun sulardan tam \u00e7i\u00e7eklenmeye olan yolculu\u011fundan esinlenen bu tasar\u0131m, iki ruh aras\u0131nda payla\u015f\u0131lan zarafeti, g\u00fcc\u00fc ve kutsal ba\u011f\u0131 yakalar. Kement formunun nazik hareketi, a\u015fk\u0131n ak\u0131\u015f\u0131n\u0131n do\u011fal ritmini yans\u0131t\u0131yor - yumu\u015fak ama g\u00fc\u00e7l\u00fc, narin ama kal\u0131c\u0131. Lotus Koleksiyonumuzun bir par\u00e7as\u0131 olan bu par\u00e7a, duygusal derinli\u011fi ve kal\u0131c\u0131 ba\u011f\u0131 yans\u0131tmak \u00fczere tasarlanm\u0131\u015f her bir \u0131\u015f\u0131lt\u0131l\u0131 detay\u0131 ile sessiz ba\u015flang\u0131\u00e7lardan \u0131\u015f\u0131lt\u0131l\u0131 \u00e7i\u00e7eklenmeye kadar a\u015fk\u0131n kilometre ta\u015flar\u0131n\u0131 onurland\u0131r\u0131yor.<\/p>\n<p class=\"\" data-start=\"903\" data-end=\"936\"><strong data-start=\"903\" data-end=\"936\">2. Malzeme ve \u0130\u015f\u00e7ilik<\/strong><\/p>\n<p class=\"\" data-start=\"938\" data-end=\"1476\">PureJewels'in \u00f6zel 22 ayar Sunrise Alt\u0131n\u0131 kullan\u0131larak Londra'da el i\u015f\u00e7ili\u011fiyle \u00fcretilen Bloom Lariat Mangalsutra, s\u0131cakl\u0131k, zarafet ve sembolik detaylarla \u0131\u015f\u0131ld\u0131yor. Platinden yontulmu\u015f, dalgal\u0131 bir ta\u00e7 yapra\u011f\u0131 halesi kementin taban\u0131nda nazik\u00e7e sallan\u0131r ve merkezinde parlak kesim bir p\u0131rlantay\u0131 ta\u015f\u0131r. Zarif bir \u015fekilde as\u0131l\u0131 duran bu y\u00fczen \u00e7i\u00e7ek, her hareketiyle \u0131\u015f\u0131\u011f\u0131 yakalayan \u0131\u015f\u0131lt\u0131l\u0131 bir odak noktas\u0131 haline geliyor. Ayar\u0131, sabah\u0131n erken saatlerinde umutla parlayan ta\u00e7 yapraklar\u0131n\u0131 an\u0131msatan imzam\u0131z niteli\u011findeki \u00e7iy damlas\u0131 detaylar\u0131na sahiptir.<\/p>\n<p class=\"\" data-start=\"1478\" data-end=\"1902\">Her bir taraf\u0131 21 siyah boncuktan olu\u015fan mangalsutra zinciri, kutsal bir sembol\u00fc modern bir \u015fekilde yeniden yorumluyor. Lotus yapra\u011f\u0131 toka, ta\u00e7 yapra\u011f\u0131 \u015feklindeki uzat\u0131c\u0131 zincir ve \u00e7iy damlas\u0131 elmas yapra\u011f\u0131 \u015feklindeki damgal\u0131 etiket tasar\u0131m\u0131 tamaml\u0131yor; her bir detay koleksiyonun b\u00fcy\u00fcme, uyum ve do\u011fal g\u00fczellik temalar\u0131n\u0131 yans\u0131t\u0131yor. Her bir unsur usta zanaatk\u00e2rlar taraf\u0131ndan hayata ge\u00e7irilerek teknik hassasiyeti \u015fiirsel bir hik\u00e2ye anlat\u0131m\u0131yla birle\u015ftiriyor.<\/p>\n<p class=\"\" data-start=\"1904\" data-end=\"1923\"><strong data-start=\"1904\" data-end=\"1923\">3. \u015eekillendirme \u0130pu\u00e7lar\u0131<\/strong><\/p>\n<p class=\"\" data-start=\"1925\" data-end=\"2506\">Ak\u0131c\u0131 silueti ve narin parlakl\u0131\u011f\u0131yla Bloom Lariat Mangalsutra, miras ve modernli\u011fin zarif bir kar\u0131\u015f\u0131m\u0131d\u0131r. Platin halenin yumu\u015fak kuma\u015flar \u00fczerinde nazik\u00e7e sal\u0131nmas\u0131na izin verin, g\u00fcnl\u00fck veya f\u0131rsat giysilerine hareket ve \u0131\u015f\u0131k kat\u0131n. Tekta\u015f \u00e7\u0131t\u00e7\u0131tlarla veya bir <a href=\"https:\/\/www.purejewels.com\/tr\/urun\/lotus-halo-ring-50504\/\">Lotus y\u00fcz\u00fck<\/a> uyumlu bir g\u00f6r\u00fcn\u00fcm i\u00e7in - veya anlaml\u0131 bir merkez par\u00e7as\u0131 olarak tek ba\u015f\u0131na tak\u0131n. \u0130ster bir d\u00fc\u011f\u00fcn hediyesi olarak verilsin, ister kal\u0131c\u0131 a\u015fk\u0131n sembol\u00fc olarak tak\u0131ls\u0131n, isterse de sadece sahip oldu\u011fu g\u00fczellik i\u00e7in \u015fekillendirilsin, bu mangalsutra, k\u00f6kleri gelene\u011fe dayanan ve bug\u00fcn i\u00e7in rafine edilmi\u015f a\u015fk\u0131n ortaya \u00e7\u0131kan yolculu\u011funun \u0131\u015f\u0131lt\u0131l\u0131 bir hat\u0131rlat\u0131c\u0131s\u0131d\u0131r.<\/p>\n<p class=\"\" data-start=\"1925\" data-end=\"2506\"><strong><b>Elmas Detaylar\u0131<\/b><\/strong><br \/>\nMerkez elmaslar\u0131 kalite ve orijinallik a\u00e7\u0131s\u0131ndan GIA sertifikal\u0131d\u0131r.<\/p>","protected":false},"excerpt":{"rendered":"<p>Zarif ve sembolik \u00c7i\u00e7ek A\u00e7an Lariat Mangalsutra, 0,11 ct haleyle \u00e7evrelenmi\u015f 0,34 ct merkez p\u0131rlantaya sahiptir - tam \u00e7i\u00e7ek a\u00e7an a\u015fk\u0131n zarif bir kutlamas\u0131.<\/p>\n<p><strong>Malzeme:<\/strong> 22 Ayar G\u00fcndo\u011fumu Alt\u0131n, Platin<br \/>\n<strong>Hallmark:<\/strong> \u0130ngiliz Damgas\u0131<br \/>\n<strong>Sertifika:<\/strong>\u00a0GIA sertifikal\u0131<br \/>\n<strong>Ta\u015f:<\/strong> Do\u011fal Elmaslar<br \/>\n<strong>Elmas A\u011f\u0131rl\u0131\u011f\u0131:<\/strong> 0,45 ct (toplam)<br \/>\n<strong>Br\u00fct A\u011f\u0131rl\u0131k:\u00a0<\/strong> 8.8 Gms<br \/>\n<strong>Uzunluk:<\/strong> 17,5 \u0130n\u00e7<br \/>\n<strong>SKU:<\/strong> 50206<\/p>\n<p><strong><strong><strong><strong><strong><strong>Fiyat ve Teslimat: <\/strong><\/strong><\/strong><\/strong><\/strong><\/strong>KDV ve teslimat \u00fccretleri dahil<strong><strong><strong><strong><strong><br \/>\n<a href=\"https:\/\/www.purejewels.com\/tr\/i%cc%87ade-poli%cc%87ti%cc%87kasi\/\">\u0130ade Politikas\u0131<\/a><\/strong><\/strong><\/strong><\/strong><\/strong><\/p>","protected":false},"featured_media":390578,"comment_status":"closed","ping_status":"closed","template":"","meta":{"_eb_attr":"","_crsspst_to_jayantr4sg-hostcom":false},"product_brand":[],"product_cat":[1791,5457,5461,1229,1284,1633,1776,6081,1569,1574],"product_tag":[5963,5975,5973],"class_list":{"0":"post-389747","1":"product","2":"type-product","3":"status-publish","4":"has-post-thumbnail","6":"product_cat-anniversary-gifts","7":"product_cat-diamond-jewellery","8":"product_cat-diamond-mangalsutras","9":"product_cat-22ct-gold-jewellery","10":"product_cat-gold-mangalsutras","11":"product_cat-lotus-collections","12":"product_cat-occasional-wear-mangalsutras","13":"product_cat-sunrise-gold","14":"product_cat-valentine-day-gifts","15":"product_cat-womens-jewellery","16":"product_tag-diamond","17":"product_tag-lotus","18":"product_tag-mangalsutra","20":"first","21":"instock","22":"taxable","23":"shipping-taxable","24":"purchasable","25":"product-type-simple","26":"add-to-wishlist-before_image"},"yoast_head":"<!-- This site is optimized with the Yoast SEO plugin v27.4 - https:\/\/yoast.com\/product\/yoast-seo-wordpress\/ -->\n<title>Lotus Mangalsutra | Bridal Jewellery | PureJewels UK<\/title>\n<meta name=\"description\" content=\"Celebrate your union with the elegant Lotus Mangalsutra. Buy this stunning bridal jewellery, blending traditional significance with modern design.\" \/>\n<meta name=\"robots\" content=\"index, follow, max-snippet:-1, max-image-preview:large, max-video-preview:-1\" \/>\n<link rel=\"canonical\" href=\"https:\/\/www.purejewels.com\/tr\/urun\/bloom-lariat-elmas-mangalsutra-50206\/\" \/>\n<meta property=\"og:locale\" content=\"tr_TR\" \/>\n<meta property=\"og:type\" content=\"article\" \/>\n<meta property=\"og:title\" content=\"Lotus Mangalsutra | Bridal Jewellery | PureJewels UK\" \/>\n<meta property=\"og:description\" content=\"Celebrate your union with the elegant Lotus Mangalsutra. Buy this stunning bridal jewellery, blending traditional significance with modern design.\" \/>\n<meta property=\"og:url\" content=\"https:\/\/www.purejewels.com\/tr\/urun\/bloom-lariat-elmas-mangalsutra-50206\/\" \/>\n<meta property=\"og:site_name\" content=\"PureJewels UK\" \/>\n<meta property=\"article:modified_time\" content=\"2026-02-09T10:20:47+00:00\" \/>\n<meta property=\"og:image\" content=\"https:\/\/static.purejewels.com\/wp-content\/uploads\/2024\/01\/50206-1.png\" \/>\n\t<meta property=\"og:image:width\" content=\"1000\" \/>\n\t<meta property=\"og:image:height\" content=\"1000\" \/>\n\t<meta property=\"og:image:type\" content=\"image\/png\" \/>\n<meta name=\"twitter:card\" content=\"summary_large_image\" \/>\n<meta name=\"twitter:label1\" content=\"Tahmini okuma s\u00fcresi\" \/>\n\t<meta name=\"twitter:data1\" content=\"2 dakika\" \/>\n<script type=\"application\/ld+json\" class=\"yoast-schema-graph\">{\"@context\":\"https:\\\/\\\/schema.org\",\"@graph\":[{\"@type\":[\"WebPage\",\"ItemPage\"],\"@id\":\"https:\\\/\\\/www.purejewels.com\\\/product\\\/bloom-lariat-diamond-mangalsutra-50206\\\/\",\"url\":\"https:\\\/\\\/www.purejewels.com\\\/product\\\/bloom-lariat-diamond-mangalsutra-50206\\\/\",\"name\":\"Lotus Mangalsutra | Bridal Jewellery | PureJewels UK\",\"isPartOf\":{\"@id\":\"https:\\\/\\\/www.purejewels.com\\\/#website\"},\"primaryImageOfPage\":{\"@id\":\"https:\\\/\\\/www.purejewels.com\\\/product\\\/bloom-lariat-diamond-mangalsutra-50206\\\/#primaryimage\"},\"image\":{\"@id\":\"https:\\\/\\\/www.purejewels.com\\\/product\\\/bloom-lariat-diamond-mangalsutra-50206\\\/#primaryimage\"},\"thumbnailUrl\":\"https:\\\/\\\/static.purejewels.com\\\/wp-content\\\/uploads\\\/2024\\\/01\\\/50206-1.png\",\"datePublished\":\"2025-05-07T08:49:31+00:00\",\"dateModified\":\"2026-02-09T10:20:47+00:00\",\"description\":\"Celebrate your union with the elegant Lotus Mangalsutra. Buy this stunning bridal jewellery, blending traditional significance with modern design.\",\"breadcrumb\":{\"@id\":\"https:\\\/\\\/www.purejewels.com\\\/product\\\/bloom-lariat-diamond-mangalsutra-50206\\\/#breadcrumb\"},\"inLanguage\":\"tr\",\"potentialAction\":[{\"@type\":\"ReadAction\",\"target\":[\"https:\\\/\\\/www.purejewels.com\\\/product\\\/bloom-lariat-diamond-mangalsutra-50206\\\/\"]}]},{\"@type\":\"ImageObject\",\"inLanguage\":\"tr\",\"@id\":\"https:\\\/\\\/www.purejewels.com\\\/product\\\/bloom-lariat-diamond-mangalsutra-50206\\\/#primaryimage\",\"url\":\"https:\\\/\\\/static.purejewels.com\\\/wp-content\\\/uploads\\\/2024\\\/01\\\/50206-1.png\",\"contentUrl\":\"https:\\\/\\\/static.purejewels.com\\\/wp-content\\\/uploads\\\/2024\\\/01\\\/50206-1.png\",\"width\":1000,\"height\":1000,\"caption\":\"Bloom Lariat Mangalsutra\"},{\"@type\":\"BreadcrumbList\",\"@id\":\"https:\\\/\\\/www.purejewels.com\\\/product\\\/bloom-lariat-diamond-mangalsutra-50206\\\/#breadcrumb\",\"itemListElement\":[{\"@type\":\"ListItem\",\"position\":1,\"name\":\"Home\",\"item\":\"https:\\\/\\\/www.purejewels.com\\\/\"},{\"@type\":\"ListItem\",\"position\":2,\"name\":\"Shop\",\"item\":\"https:\\\/\\\/www.purejewels.com\\\/shop\\\/\"},{\"@type\":\"ListItem\",\"position\":3,\"name\":\"Bloom Mangalsutra\"}]},{\"@type\":\"WebSite\",\"@id\":\"https:\\\/\\\/www.purejewels.com\\\/#website\",\"url\":\"https:\\\/\\\/www.purejewels.com\\\/\",\"name\":\"PureJewels UK\",\"description\":\"Share the Love\",\"publisher\":{\"@id\":\"https:\\\/\\\/www.purejewels.com\\\/#organization\"},\"potentialAction\":[{\"@type\":\"SearchAction\",\"target\":{\"@type\":\"EntryPoint\",\"urlTemplate\":\"https:\\\/\\\/www.purejewels.com\\\/?s={search_term_string}\"},\"query-input\":{\"@type\":\"PropertyValueSpecification\",\"valueRequired\":true,\"valueName\":\"search_term_string\"}}],\"inLanguage\":\"tr\"},{\"@type\":\"Organization\",\"@id\":\"https:\\\/\\\/www.purejewels.com\\\/#organization\",\"name\":\"PureJewels UK\",\"url\":\"https:\\\/\\\/www.purejewels.com\\\/\",\"logo\":{\"@type\":\"ImageObject\",\"inLanguage\":\"tr\",\"@id\":\"https:\\\/\\\/www.purejewels.com\\\/#\\\/schema\\\/logo\\\/image\\\/\",\"url\":\"https:\\\/\\\/static.purejewels.com\\\/wp-content\\\/uploads\\\/2020\\\/11\\\/Logo-PJ-New-1.png\",\"contentUrl\":\"https:\\\/\\\/static.purejewels.com\\\/wp-content\\\/uploads\\\/2020\\\/11\\\/Logo-PJ-New-1.png\",\"width\":150,\"height\":80,\"caption\":\"PureJewels UK\"},\"image\":{\"@id\":\"https:\\\/\\\/www.purejewels.com\\\/#\\\/schema\\\/logo\\\/image\\\/\"}}]}<\/script>\n<!-- \/ Yoast SEO plugin. -->","yoast_head_json":{"title":"Lotus Mangalsutra | Gelin Tak\u0131lar\u0131 | PureJewels UK","description":"Birlikteli\u011finizi zarif Lotus Mangalsutra ile kutlay\u0131n. Geleneksel \u00f6nemi modern tasar\u0131mla harmanlayan bu \u00e7arp\u0131c\u0131 gelin tak\u0131s\u0131n\u0131 sat\u0131n al\u0131n.","robots":{"index":"index","follow":"follow","max-snippet":"max-snippet:-1","max-image-preview":"max-image-preview:large","max-video-preview":"max-video-preview:-1"},"canonical":"https:\/\/www.purejewels.com\/tr\/urun\/bloom-lariat-elmas-mangalsutra-50206\/","og_locale":"tr_TR","og_type":"article","og_title":"Lotus Mangalsutra | Bridal Jewellery | PureJewels UK","og_description":"Celebrate your union with the elegant Lotus Mangalsutra. Buy this stunning bridal jewellery, blending traditional significance with modern design.","og_url":"https:\/\/www.purejewels.com\/tr\/urun\/bloom-lariat-elmas-mangalsutra-50206\/","og_site_name":"PureJewels UK","article_modified_time":"2026-02-09T10:20:47+00:00","og_image":[{"width":1000,"height":1000,"url":"https:\/\/static.purejewels.com\/wp-content\/uploads\/2024\/01\/50206-1.png","type":"image\/png"}],"twitter_card":"summary_large_image","twitter_misc":{"Tahmini okuma s\u00fcresi":"2 dakika"},"schema":{"@context":"https:\/\/schema.org","@graph":[{"@type":["WebPage","ItemPage"],"@id":"https:\/\/www.purejewels.com\/product\/bloom-lariat-diamond-mangalsutra-50206\/","url":"https:\/\/www.purejewels.com\/product\/bloom-lariat-diamond-mangalsutra-50206\/","name":"Lotus Mangalsutra | Gelin Tak\u0131lar\u0131 | PureJewels UK","isPartOf":{"@id":"https:\/\/www.purejewels.com\/#website"},"primaryImageOfPage":{"@id":"https:\/\/www.purejewels.com\/product\/bloom-lariat-diamond-mangalsutra-50206\/#primaryimage"},"image":{"@id":"https:\/\/www.purejewels.com\/product\/bloom-lariat-diamond-mangalsutra-50206\/#primaryimage"},"thumbnailUrl":"https:\/\/static.purejewels.com\/wp-content\/uploads\/2024\/01\/50206-1.png","datePublished":"2025-05-07T08:49:31+00:00","dateModified":"2026-02-09T10:20:47+00:00","description":"Birlikteli\u011finizi zarif Lotus Mangalsutra ile kutlay\u0131n. Geleneksel \u00f6nemi modern tasar\u0131mla harmanlayan bu \u00e7arp\u0131c\u0131 gelin tak\u0131s\u0131n\u0131 sat\u0131n al\u0131n.","breadcrumb":{"@id":"https:\/\/www.purejewels.com\/product\/bloom-lariat-diamond-mangalsutra-50206\/#breadcrumb"},"inLanguage":"tr","potentialAction":[{"@type":"ReadAction","target":["https:\/\/www.purejewels.com\/product\/bloom-lariat-diamond-mangalsutra-50206\/"]}]},{"@type":"ImageObject","inLanguage":"tr","@id":"https:\/\/www.purejewels.com\/product\/bloom-lariat-diamond-mangalsutra-50206\/#primaryimage","url":"https:\/\/static.purejewels.com\/wp-content\/uploads\/2024\/01\/50206-1.png","contentUrl":"https:\/\/static.purejewels.com\/wp-content\/uploads\/2024\/01\/50206-1.png","width":1000,"height":1000,"caption":"Bloom Lariat Mangalsutra"},{"@type":"BreadcrumbList","@id":"https:\/\/www.purejewels.com\/product\/bloom-lariat-diamond-mangalsutra-50206\/#breadcrumb","itemListElement":[{"@type":"ListItem","position":1,"name":"Home","item":"https:\/\/www.purejewels.com\/"},{"@type":"ListItem","position":2,"name":"Shop","item":"https:\/\/www.purejewels.com\/shop\/"},{"@type":"ListItem","position":3,"name":"Bloom Mangalsutra"}]},{"@type":"WebSite","@id":"https:\/\/www.purejewels.com\/#website","url":"https:\/\/www.purejewels.com\/","name":"PureJewels \u0130ngiltere","description":"Sevgiyi Payla\u015f\u0131n","publisher":{"@id":"https:\/\/www.purejewels.com\/#organization"},"potentialAction":[{"@type":"SearchAction","target":{"@type":"EntryPoint","urlTemplate":"https:\/\/www.purejewels.com\/?s={search_term_string}"},"query-input":{"@type":"PropertyValueSpecification","valueRequired":true,"valueName":"search_term_string"}}],"inLanguage":"tr"},{"@type":"Organization","@id":"https:\/\/www.purejewels.com\/#organization","name":"PureJewels \u0130ngiltere","url":"https:\/\/www.purejewels.com\/","logo":{"@type":"ImageObject","inLanguage":"tr","@id":"https:\/\/www.purejewels.com\/#\/schema\/logo\/image\/","url":"https:\/\/static.purejewels.com\/wp-content\/uploads\/2020\/11\/Logo-PJ-New-1.png","contentUrl":"https:\/\/static.purejewels.com\/wp-content\/uploads\/2020\/11\/Logo-PJ-New-1.png","width":150,"height":80,"caption":"PureJewels UK"},"image":{"@id":"https:\/\/www.purejewels.com\/#\/schema\/logo\/image\/"}}]}},"_links":{"self":[{"href":"https:\/\/www.purejewels.com\/tr\/wp-json\/wp\/v2\/product\/389747","targetHints":{"allow":["GET"]}}],"collection":[{"href":"https:\/\/www.purejewels.com\/tr\/wp-json\/wp\/v2\/product"}],"about":[{"href":"https:\/\/www.purejewels.com\/tr\/wp-json\/wp\/v2\/types\/product"}],"replies":[{"embeddable":true,"href":"https:\/\/www.purejewels.com\/tr\/wp-json\/wp\/v2\/comments?post=389747"}],"version-history":[{"count":5,"href":"https:\/\/www.purejewels.com\/tr\/wp-json\/wp\/v2\/product\/389747\/revisions"}],"predecessor-version":[{"id":411321,"href":"https:\/\/www.purejewels.com\/tr\/wp-json\/wp\/v2\/product\/389747\/revisions\/411321"}],"wp:featuredmedia":[{"embeddable":true,"href":"https:\/\/www.purejewels.com\/tr\/wp-json\/wp\/v2\/media\/390578"}],"wp:attachment":[{"href":"https:\/\/www.purejewels.com\/tr\/wp-json\/wp\/v2\/media?parent=389747"}],"wp:term":[{"taxonomy":"product_brand","embeddable":true,"href":"https:\/\/www.purejewels.com\/tr\/wp-json\/wp\/v2\/product_brand?post=389747"},{"taxonomy":"product_cat","embeddable":true,"href":"https:\/\/www.purejewels.com\/tr\/wp-json\/wp\/v2\/product_cat?post=389747"},{"taxonomy":"product_tag","embeddable":true,"href":"https:\/\/www.purejewels.com\/tr\/wp-json\/wp\/v2\/product_tag?post=389747"}],"curies":[{"name":"wp","href":"https:\/\/api.w.org\/{rel}","templated":true}]}}