{"id":389751,"date":"2025-05-11T10:11:43","date_gmt":"2025-05-11T09:11:43","guid":{"rendered":"https:\/\/www.purejewels.com\/?post_type=product&#038;p=389751"},"modified":"2026-03-23T05:29:16","modified_gmt":"2026-03-23T05:29:16","slug":"lotus-cicegi-pirlanta-kadin-bileklik-49052","status":"publish","type":"product","link":"https:\/\/www.purejewels.com\/tr\/product\/lotus-bloom-diamond-bracelet-for-women-49052\/","title":{"rendered":"Bloom Bileklik"},"content":{"rendered":"<p class=\"\" data-start=\"205\" data-end=\"233\"><strong data-start=\"205\" data-end=\"233\">1. \u0130lham ve Hikaye<\/strong><\/p>\n<p class=\"\" data-start=\"235\" data-end=\"817\">Bloom Bileklik, a\u015fk\u0131n geli\u015fmekte olan yolculu\u011funa \u0131\u015f\u0131kl\u0131 bir \u00f6vg\u00fcd\u00fcr - derinlikten y\u00fckselen g\u00fczelli\u011fin, zaman i\u00e7inde g\u00fc\u00e7lenen ba\u011f\u0131n sembol\u00fcd\u00fcr. Tam \u00e7i\u00e7ek a\u00e7m\u0131\u015f lotus \u00e7i\u00e7e\u011finden ilham alan bu bilezik, hayat\u0131n s\u00fcrekli de\u011fi\u015fen sular\u0131nda b\u00fcy\u00fcyen bir ili\u015fkinin sessiz g\u00fcc\u00fcn\u00fc ve geli\u015fen zarafetini onurland\u0131r\u0131yor. Heykelsi formlar\u0131 ve narin hareketleri a\u015fk\u0131n ritmini yans\u0131t\u0131r - ak\u0131c\u0131, \u0131\u015f\u0131lt\u0131l\u0131 ve ama\u00e7 dolu. \u00d6zel Lotus Koleksiyonumuzun bir par\u00e7as\u0131 olarak, ilk s\u00f6zden tam \u00e7i\u00e7eklenmeye kadar duygusal derinlik ve ortak b\u00fcy\u00fcmeyle gelen zarafeti kutluyor.<\/p>\n<p class=\"\" data-start=\"819\" data-end=\"852\"><strong data-start=\"819\" data-end=\"852\">2. Malzeme ve \u0130\u015f\u00e7ilik<\/strong><\/p>\n<p class=\"\" data-start=\"854\" data-end=\"1603\">PureJewels'in \u00f6zel 22 ayar Sunrise Alt\u0131n\u0131ndan Londra'da el i\u015f\u00e7ili\u011fiyle \u00fcretilen Bloom Bileklik, g\u00fcne\u015fin ayd\u0131nlatt\u0131\u011f\u0131 bir s\u0131cakl\u0131k ve zarif bir dokuyla \u0131\u015f\u0131ld\u0131yor. Bilezi\u011fin merkezinde, \u0131\u015f\u0131\u011f\u0131 her a\u00e7\u0131dan yakalamak i\u00e7in ustal\u0131kla \u015fekillendirilmi\u015f ve her a\u00e7\u0131dan g\u00fczellik sa\u011flamak i\u00e7in her bir yapra\u011f\u0131n \u00f6n\u00fc ve arkas\u0131 e\u015fit \u015fekilde detayland\u0131r\u0131lm\u0131\u015f, yontulmu\u015f lotus yapraklar\u0131ndan olu\u015fan dalgal\u0131 bir hale yer al\u0131r. \u0130mzam\u0131z olan \u00e7iy damlas\u0131 ayar\u0131 tasar\u0131ma yumu\u015fak bir parlakl\u0131k katarak durgun su \u00fczerindeki sabah \u0131\u015f\u0131\u011f\u0131n\u0131 yans\u0131t\u0131yor. G\u00f6zl\u00fck ayarl\u0131 p\u0131rlantalardan olu\u015fan ince bir zincir bile\u011fe ince bir \u0131\u015f\u0131lt\u0131 katarak lotus yapra\u011f\u0131 tokas\u0131na kusursuz bir \u015fekilde akar. Par\u00e7a, bir ta\u00e7 yapra\u011f\u0131 uzatma zinciri ve \u00e7iy \u00f6pen ta\u00e7 yapra\u011f\u0131 \u015feklinde bir damga etiketi ile tamamlanarak sembolizmden beslenen ve usta eller taraf\u0131ndan \u015fekillendirilen bir tasar\u0131m\u0131 tamaml\u0131yor.<\/p>\n<p class=\"\" data-start=\"1722\" data-end=\"1741\"><strong data-start=\"1722\" data-end=\"1741\">3. \u015eekillendirme \u0130pu\u00e7lar\u0131<\/strong><\/p>\n<p class=\"\" data-start=\"1743\" data-end=\"2246\">Zarif ama etkileyici Bloom Bilezik, g\u00fcnl\u00fck \u015f\u0131kl\u0131k i\u00e7in tasarlanm\u0131\u015ft\u0131r. Zengin alt\u0131n ve \u0131\u015f\u0131lt\u0131l\u0131 platin kar\u0131\u015f\u0131m\u0131, ister i\u00e7sel g\u00fcc\u00fcn bir ifadesi olarak tek ba\u015f\u0131na tak\u0131ls\u0131n, ister ince alt\u0131n ve platin ile katmanland\u0131r\u0131ls\u0131n, di\u011fer par\u00e7alarla e\u015fle\u015ftirilmesini kolayla\u015ft\u0131r\u0131r. <a href=\"https:\/\/www.purejewels.com\/tr\/urun-kategori%cc%87si%cc%87\/22-ayar-altin-takilar\/altin-bilezik\/bayan-bileklik\/\" target=\"_blank\" rel=\"noopener\">alt\u0131n bilezik<\/a> \u00e7a\u011fda\u015f bir dokunu\u015f i\u00e7in. \u0130ster a\u015fa\u011f\u0131 ister yukar\u0131 tak\u0131n, bu bileklik g\u00fcnd\u00fczden ak\u015fama zahmetsizce akar. Anlaml\u0131 bir hediye veya ki\u015fisel hat\u0131ra olarak her koleksiyona sessiz bir \u0131\u015f\u0131lt\u0131 katar - a\u015fk\u0131n her zaman \u00e7i\u00e7ek a\u00e7an, s\u00fcregelen yolculu\u011funun dokunsal bir hat\u0131rlat\u0131c\u0131s\u0131d\u0131r.<\/p>\n<p data-start=\"1743\" data-end=\"2246\"><strong><b>Elmas Detaylar\u0131<\/b><\/strong><br \/>\nMerkez elmaslar\u0131 kalite ve orijinallik a\u00e7\u0131s\u0131ndan GIA sertifikal\u0131d\u0131r.<\/p>\n<p>&nbsp;<\/p>","protected":false},"excerpt":{"rendered":"<p>Narin ve \u0131\u015f\u0131lt\u0131l\u0131 bu 22 ayar Sunrise Gold Bloom Bileklik, 0,31 ayar merkez p\u0131rlantaya sahiptir - \u00e7i\u00e7ek a\u00e7an a\u015fka ve her ayr\u0131nt\u0131daki g\u00fczelli\u011fe \u0131\u015f\u0131kl\u0131 bir \u00f6vg\u00fc.<\/p>\n<p><strong>Malzeme:<\/strong> 22 Ayar G\u00fcndo\u011fumu Alt\u0131n<br \/>\n<strong><strong>Hallmark: <\/strong><\/strong>\u0130ngiliz Damgas\u0131<strong><strong><br \/>\n<\/strong><\/strong><strong><strong>Ta\u015f: <\/strong><\/strong>Do\u011fal Elmaslar\u00a0<strong><strong><br \/>\n<strong>Elmas A\u011f\u0131rl\u0131\u011f\u0131: <\/strong><\/strong><\/strong>0,49ct (Toplam)<strong><strong><strong><br \/>\n<strong><b>Sertifika: <\/b><\/strong><\/strong><\/strong><\/strong>GIA sertifikal\u0131<strong><strong><strong><strong><strong><br \/>\n<\/strong><\/strong><\/strong><strong><strong><strong><strong><strong><strong>Br\u00fct A\u011f\u0131rl\u0131k:\u00a0 <\/strong><\/strong><\/strong><\/strong><\/strong><\/strong><\/strong><\/strong>4.9 Gms<strong><strong><strong><strong><strong><strong><strong><br \/>\n<strong>Uzunluk: <\/strong><\/strong><\/strong><\/strong><\/strong><\/strong><\/strong><\/strong>6 \u0130n\u00e7<strong><strong><br \/>\n<strong>SKU: <\/strong><\/strong><\/strong>49052<\/p>\n<p><strong><strong><strong><strong><strong><strong>Fiyat ve Teslimat:<\/strong><\/strong><\/strong><\/strong><\/strong><\/strong>KDV ve teslimat \u00fccretleri dahil<strong><strong><strong><strong><strong><br \/>\n<a href=\"https:\/\/www.purejewels.com\/tr\/i%cc%87ade-poli%cc%87ti%cc%87kasi\/\">\u0130ade Politikas\u0131<\/a><\/strong><\/strong><\/strong><\/strong><\/strong><\/p>","protected":false},"featured_media":391870,"comment_status":"closed","ping_status":"closed","template":"","meta":{"_eb_attr":"","_crsspst_to_jayantr4sg-hostcom":false},"product_brand":[],"product_cat":[1791,6056,236,5462,5678,5457,1324,1229,1633,1569,1574],"product_tag":[5964,5965],"class_list":{"0":"post-389751","1":"product","2":"type-product","3":"status-publish","4":"has-post-thumbnail","6":"product_cat-anniversary-gifts","7":"product_cat-charm","8":"product_cat-collections","9":"product_cat-diamond-bracelet","10":"product_cat-diamond-bracelets-for-women","11":"product_cat-diamond-jewellery","12":"product_cat-gold-bracelet","13":"product_cat-22ct-gold-jewellery","14":"product_cat-lotus-collections","15":"product_cat-valentine-day-gifts","16":"product_cat-womens-jewellery","17":"product_tag-bracelet","18":"product_tag-diamonds","20":"first","21":"onbackorder","22":"taxable","23":"shipping-taxable","24":"purchasable","25":"product-type-simple","26":"add-to-wishlist-before_image"},"yoast_head":"<!-- This site is optimized with the Yoast SEO plugin v27.4 - https:\/\/yoast.com\/product\/yoast-seo-wordpress\/ -->\n<title>Gold Blooming Bracelet |Women&#039;s Floral Design | PureJewels UK<\/title>\n<meta name=\"description\" content=\"Find the perfect floral bracelet with PureJewels UK&#039;s Lotus design. Our women&#039;s collection features unique and high-quality jewellery. Shop now.\" \/>\n<meta name=\"robots\" content=\"index, follow, max-snippet:-1, max-image-preview:large, max-video-preview:-1\" \/>\n<link rel=\"canonical\" href=\"https:\/\/www.purejewels.com\/tr\/urun\/lotus-cicegi-pirlanta-kadin-bileklik-49052\/\" \/>\n<meta property=\"og:locale\" content=\"tr_TR\" \/>\n<meta property=\"og:type\" content=\"article\" \/>\n<meta property=\"og:title\" content=\"Gold Blooming Bracelet |Women&#039;s Floral Design | PureJewels UK\" \/>\n<meta property=\"og:description\" content=\"Find the perfect floral bracelet with PureJewels UK&#039;s Lotus design. Our women&#039;s collection features unique and high-quality jewellery. Shop now.\" \/>\n<meta property=\"og:url\" content=\"https:\/\/www.purejewels.com\/tr\/urun\/lotus-cicegi-pirlanta-kadin-bileklik-49052\/\" \/>\n<meta property=\"og:site_name\" content=\"PureJewels UK\" \/>\n<meta property=\"article:modified_time\" content=\"2026-03-23T05:29:16+00:00\" \/>\n<meta property=\"og:image\" content=\"https:\/\/static.purejewels.com\/wp-content\/uploads\/2025\/03\/49052-2.png\" \/>\n\t<meta property=\"og:image:width\" content=\"1000\" \/>\n\t<meta property=\"og:image:height\" content=\"1000\" \/>\n\t<meta property=\"og:image:type\" content=\"image\/png\" \/>\n<meta name=\"twitter:card\" content=\"summary_large_image\" \/>\n<meta name=\"twitter:label1\" content=\"Tahmini okuma s\u00fcresi\" \/>\n\t<meta name=\"twitter:data1\" content=\"2 dakika\" \/>\n<script type=\"application\/ld+json\" class=\"yoast-schema-graph\">{\"@context\":\"https:\\\/\\\/schema.org\",\"@graph\":[{\"@type\":[\"WebPage\",\"ItemPage\"],\"@id\":\"https:\\\/\\\/www.purejewels.com\\\/product\\\/lotus-bloom-diamond-bracelet-for-women-49052\\\/\",\"url\":\"https:\\\/\\\/www.purejewels.com\\\/product\\\/lotus-bloom-diamond-bracelet-for-women-49052\\\/\",\"name\":\"Gold Blooming Bracelet |Women's Floral Design | PureJewels UK\",\"isPartOf\":{\"@id\":\"https:\\\/\\\/www.purejewels.com\\\/#website\"},\"primaryImageOfPage\":{\"@id\":\"https:\\\/\\\/www.purejewels.com\\\/product\\\/lotus-bloom-diamond-bracelet-for-women-49052\\\/#primaryimage\"},\"image\":{\"@id\":\"https:\\\/\\\/www.purejewels.com\\\/product\\\/lotus-bloom-diamond-bracelet-for-women-49052\\\/#primaryimage\"},\"thumbnailUrl\":\"https:\\\/\\\/static.purejewels.com\\\/wp-content\\\/uploads\\\/2025\\\/03\\\/49052-2.png\",\"datePublished\":\"2025-05-11T09:11:43+00:00\",\"dateModified\":\"2026-03-23T05:29:16+00:00\",\"description\":\"Find the perfect floral bracelet with PureJewels UK's Lotus design. Our women's collection features unique and high-quality jewellery. Shop now.\",\"breadcrumb\":{\"@id\":\"https:\\\/\\\/www.purejewels.com\\\/product\\\/lotus-bloom-diamond-bracelet-for-women-49052\\\/#breadcrumb\"},\"inLanguage\":\"tr\",\"potentialAction\":[{\"@type\":\"ReadAction\",\"target\":[\"https:\\\/\\\/www.purejewels.com\\\/product\\\/lotus-bloom-diamond-bracelet-for-women-49052\\\/\"]}]},{\"@type\":\"ImageObject\",\"inLanguage\":\"tr\",\"@id\":\"https:\\\/\\\/www.purejewels.com\\\/product\\\/lotus-bloom-diamond-bracelet-for-women-49052\\\/#primaryimage\",\"url\":\"https:\\\/\\\/static.purejewels.com\\\/wp-content\\\/uploads\\\/2025\\\/03\\\/49052-2.png\",\"contentUrl\":\"https:\\\/\\\/static.purejewels.com\\\/wp-content\\\/uploads\\\/2025\\\/03\\\/49052-2.png\",\"width\":1000,\"height\":1000,\"caption\":\"Bloom Bracelet\"},{\"@type\":\"BreadcrumbList\",\"@id\":\"https:\\\/\\\/www.purejewels.com\\\/product\\\/lotus-bloom-diamond-bracelet-for-women-49052\\\/#breadcrumb\",\"itemListElement\":[{\"@type\":\"ListItem\",\"position\":1,\"name\":\"Home\",\"item\":\"https:\\\/\\\/www.purejewels.com\\\/\"},{\"@type\":\"ListItem\",\"position\":2,\"name\":\"Shop\",\"item\":\"https:\\\/\\\/www.purejewels.com\\\/shop\\\/\"},{\"@type\":\"ListItem\",\"position\":3,\"name\":\"Bloom Bracelet\"}]},{\"@type\":\"WebSite\",\"@id\":\"https:\\\/\\\/www.purejewels.com\\\/#website\",\"url\":\"https:\\\/\\\/www.purejewels.com\\\/\",\"name\":\"PureJewels UK\",\"description\":\"Share the Love\",\"publisher\":{\"@id\":\"https:\\\/\\\/www.purejewels.com\\\/#organization\"},\"potentialAction\":[{\"@type\":\"SearchAction\",\"target\":{\"@type\":\"EntryPoint\",\"urlTemplate\":\"https:\\\/\\\/www.purejewels.com\\\/?s={search_term_string}\"},\"query-input\":{\"@type\":\"PropertyValueSpecification\",\"valueRequired\":true,\"valueName\":\"search_term_string\"}}],\"inLanguage\":\"tr\"},{\"@type\":\"Organization\",\"@id\":\"https:\\\/\\\/www.purejewels.com\\\/#organization\",\"name\":\"PureJewels UK\",\"url\":\"https:\\\/\\\/www.purejewels.com\\\/\",\"logo\":{\"@type\":\"ImageObject\",\"inLanguage\":\"tr\",\"@id\":\"https:\\\/\\\/www.purejewels.com\\\/#\\\/schema\\\/logo\\\/image\\\/\",\"url\":\"https:\\\/\\\/static.purejewels.com\\\/wp-content\\\/uploads\\\/2020\\\/11\\\/Logo-PJ-New-1.png\",\"contentUrl\":\"https:\\\/\\\/static.purejewels.com\\\/wp-content\\\/uploads\\\/2020\\\/11\\\/Logo-PJ-New-1.png\",\"width\":150,\"height\":80,\"caption\":\"PureJewels UK\"},\"image\":{\"@id\":\"https:\\\/\\\/www.purejewels.com\\\/#\\\/schema\\\/logo\\\/image\\\/\"}}]}<\/script>\n<!-- \/ Yoast SEO plugin. -->","yoast_head_json":{"title":"Alt\u0131n \u00c7i\u00e7ek A\u00e7an Bileklik | Kad\u0131n \u00c7i\u00e7ek Tasar\u0131m | PureJewels UK","description":"PureJewels UK'nin Lotus tasar\u0131m\u0131yla m\u00fckemmel \u00e7i\u00e7ekli bilezi\u011fi bulun. Kad\u0131n koleksiyonumuzda benzersiz ve y\u00fcksek kaliteli m\u00fccevherler bulunmaktad\u0131r. \u015eimdi al\u0131\u015fveri\u015f yap\u0131n.","robots":{"index":"index","follow":"follow","max-snippet":"max-snippet:-1","max-image-preview":"max-image-preview:large","max-video-preview":"max-video-preview:-1"},"canonical":"https:\/\/www.purejewels.com\/tr\/urun\/lotus-cicegi-pirlanta-kadin-bileklik-49052\/","og_locale":"tr_TR","og_type":"article","og_title":"Gold Blooming Bracelet |Women's Floral Design | PureJewels UK","og_description":"Find the perfect floral bracelet with PureJewels UK's Lotus design. Our women's collection features unique and high-quality jewellery. Shop now.","og_url":"https:\/\/www.purejewels.com\/tr\/urun\/lotus-cicegi-pirlanta-kadin-bileklik-49052\/","og_site_name":"PureJewels UK","article_modified_time":"2026-03-23T05:29:16+00:00","og_image":[{"width":1000,"height":1000,"url":"https:\/\/static.purejewels.com\/wp-content\/uploads\/2025\/03\/49052-2.png","type":"image\/png"}],"twitter_card":"summary_large_image","twitter_misc":{"Tahmini okuma s\u00fcresi":"2 dakika"},"schema":{"@context":"https:\/\/schema.org","@graph":[{"@type":["WebPage","ItemPage"],"@id":"https:\/\/www.purejewels.com\/product\/lotus-bloom-diamond-bracelet-for-women-49052\/","url":"https:\/\/www.purejewels.com\/product\/lotus-bloom-diamond-bracelet-for-women-49052\/","name":"Alt\u0131n \u00c7i\u00e7ek A\u00e7an Bileklik | Kad\u0131n \u00c7i\u00e7ek Tasar\u0131m | PureJewels UK","isPartOf":{"@id":"https:\/\/www.purejewels.com\/#website"},"primaryImageOfPage":{"@id":"https:\/\/www.purejewels.com\/product\/lotus-bloom-diamond-bracelet-for-women-49052\/#primaryimage"},"image":{"@id":"https:\/\/www.purejewels.com\/product\/lotus-bloom-diamond-bracelet-for-women-49052\/#primaryimage"},"thumbnailUrl":"https:\/\/static.purejewels.com\/wp-content\/uploads\/2025\/03\/49052-2.png","datePublished":"2025-05-11T09:11:43+00:00","dateModified":"2026-03-23T05:29:16+00:00","description":"PureJewels UK'nin Lotus tasar\u0131m\u0131yla m\u00fckemmel \u00e7i\u00e7ekli bilezi\u011fi bulun. Kad\u0131n koleksiyonumuzda benzersiz ve y\u00fcksek kaliteli m\u00fccevherler bulunmaktad\u0131r. \u015eimdi al\u0131\u015fveri\u015f yap\u0131n.","breadcrumb":{"@id":"https:\/\/www.purejewels.com\/product\/lotus-bloom-diamond-bracelet-for-women-49052\/#breadcrumb"},"inLanguage":"tr","potentialAction":[{"@type":"ReadAction","target":["https:\/\/www.purejewels.com\/product\/lotus-bloom-diamond-bracelet-for-women-49052\/"]}]},{"@type":"ImageObject","inLanguage":"tr","@id":"https:\/\/www.purejewels.com\/product\/lotus-bloom-diamond-bracelet-for-women-49052\/#primaryimage","url":"https:\/\/static.purejewels.com\/wp-content\/uploads\/2025\/03\/49052-2.png","contentUrl":"https:\/\/static.purejewels.com\/wp-content\/uploads\/2025\/03\/49052-2.png","width":1000,"height":1000,"caption":"Bloom Bracelet"},{"@type":"BreadcrumbList","@id":"https:\/\/www.purejewels.com\/product\/lotus-bloom-diamond-bracelet-for-women-49052\/#breadcrumb","itemListElement":[{"@type":"ListItem","position":1,"name":"Home","item":"https:\/\/www.purejewels.com\/"},{"@type":"ListItem","position":2,"name":"Shop","item":"https:\/\/www.purejewels.com\/shop\/"},{"@type":"ListItem","position":3,"name":"Bloom Bracelet"}]},{"@type":"WebSite","@id":"https:\/\/www.purejewels.com\/#website","url":"https:\/\/www.purejewels.com\/","name":"PureJewels \u0130ngiltere","description":"Sevgiyi Payla\u015f\u0131n","publisher":{"@id":"https:\/\/www.purejewels.com\/#organization"},"potentialAction":[{"@type":"SearchAction","target":{"@type":"EntryPoint","urlTemplate":"https:\/\/www.purejewels.com\/?s={search_term_string}"},"query-input":{"@type":"PropertyValueSpecification","valueRequired":true,"valueName":"search_term_string"}}],"inLanguage":"tr"},{"@type":"Organization","@id":"https:\/\/www.purejewels.com\/#organization","name":"PureJewels \u0130ngiltere","url":"https:\/\/www.purejewels.com\/","logo":{"@type":"ImageObject","inLanguage":"tr","@id":"https:\/\/www.purejewels.com\/#\/schema\/logo\/image\/","url":"https:\/\/static.purejewels.com\/wp-content\/uploads\/2020\/11\/Logo-PJ-New-1.png","contentUrl":"https:\/\/static.purejewels.com\/wp-content\/uploads\/2020\/11\/Logo-PJ-New-1.png","width":150,"height":80,"caption":"PureJewels UK"},"image":{"@id":"https:\/\/www.purejewels.com\/#\/schema\/logo\/image\/"}}]}},"_links":{"self":[{"href":"https:\/\/www.purejewels.com\/tr\/wp-json\/wp\/v2\/product\/389751","targetHints":{"allow":["GET"]}}],"collection":[{"href":"https:\/\/www.purejewels.com\/tr\/wp-json\/wp\/v2\/product"}],"about":[{"href":"https:\/\/www.purejewels.com\/tr\/wp-json\/wp\/v2\/types\/product"}],"replies":[{"embeddable":true,"href":"https:\/\/www.purejewels.com\/tr\/wp-json\/wp\/v2\/comments?post=389751"}],"version-history":[{"count":5,"href":"https:\/\/www.purejewels.com\/tr\/wp-json\/wp\/v2\/product\/389751\/revisions"}],"predecessor-version":[{"id":427442,"href":"https:\/\/www.purejewels.com\/tr\/wp-json\/wp\/v2\/product\/389751\/revisions\/427442"}],"wp:featuredmedia":[{"embeddable":true,"href":"https:\/\/www.purejewels.com\/tr\/wp-json\/wp\/v2\/media\/391870"}],"wp:attachment":[{"href":"https:\/\/www.purejewels.com\/tr\/wp-json\/wp\/v2\/media?parent=389751"}],"wp:term":[{"taxonomy":"product_brand","embeddable":true,"href":"https:\/\/www.purejewels.com\/tr\/wp-json\/wp\/v2\/product_brand?post=389751"},{"taxonomy":"product_cat","embeddable":true,"href":"https:\/\/www.purejewels.com\/tr\/wp-json\/wp\/v2\/product_cat?post=389751"},{"taxonomy":"product_tag","embeddable":true,"href":"https:\/\/www.purejewels.com\/tr\/wp-json\/wp\/v2\/product_tag?post=389751"}],"curies":[{"name":"wp","href":"https:\/\/api.w.org\/{rel}","templated":true}]}}