{"id":389768,"date":"2024-03-24T10:21:56","date_gmt":"2024-03-24T10:21:56","guid":{"rendered":"https:\/\/www.purejewels.com\/?post_type=product&#038;p=389768"},"modified":"2026-02-09T10:28:05","modified_gmt":"2026-02-09T10:28:05","slug":"lotus-cicegi-pirlanta-bileklik-49053","status":"publish","type":"product","link":"https:\/\/www.purejewels.com\/tr\/product\/lotus-bloom-diamond-bracelet-49053\/","title":{"rendered":"Bloom \u00c7iy Damlas\u0131 Bileklik"},"content":{"rendered":"<p class=\"\" data-start=\"194\" data-end=\"222\"><strong data-start=\"194\" data-end=\"222\">1. \u0130lham ve Hikaye<\/strong><\/p>\n<p class=\"\" data-start=\"224\" data-end=\"780\">Bloom Dew Drop Bileklik, a\u015fk\u0131n nazik evriminin alt\u0131n bir ifadesidir - iki ruh birlikte b\u00fcy\u00fcd\u00fc\u011f\u00fcnde ortaya \u00e7\u0131kan sessiz g\u00fcce ve \u0131\u015f\u0131lt\u0131l\u0131 g\u00fczelli\u011fe bir \u00f6vg\u00fcd\u00fcr. Tam \u00e7i\u00e7ek a\u00e7m\u0131\u015f lotus \u00e7i\u00e7e\u011finden ilham alan bu bileklik, derinlikleri a\u015fm\u0131\u015f ve \u0131\u015f\u0131\u011fa y\u00fckselmi\u015f bir ili\u015fkiyi kutluyor. Her k\u0131vr\u0131m ve yontulmu\u015f detay, bu yolculu\u011fun ritmini yans\u0131t\u0131yor - canl\u0131, ak\u0131c\u0131 ve hayat dolu. \u0130mzam\u0131z niteli\u011findeki Lotus Koleksiyonumuzun bir par\u00e7as\u0131 olan bu bileklik, a\u015fk\u0131n \u00f6z\u00fcn\u00fc en ayd\u0131nl\u0131k haliyle yans\u0131t\u0131yor: anlamla temellenmi\u015f, ancak sonsuz d\u00f6n\u00fc\u015f\u00fcme a\u00e7\u0131k.<\/p>\n<p class=\"\" data-start=\"782\" data-end=\"815\"><strong data-start=\"782\" data-end=\"815\">2. Malzeme ve \u0130\u015f\u00e7ilik<\/strong><\/p>\n<p class=\"\" data-start=\"817\" data-end=\"1720\">Londra'da el i\u015f\u00e7ili\u011fiyle \u00fcretilen Bloom Dew Drop Bileklik, PureJewels'in \u00f6zel 22 ayar Sunrise Alt\u0131n ve platininin uyumlu bir bile\u015fimidir. Merkezinde, dalgal\u0131, \u0131\u015f\u0131\u011f\u0131 yakalayan ve hem \u00f6n hem de arka taraf\u0131nda karma\u015f\u0131k bir \u015fekilde detayland\u0131r\u0131lm\u0131\u015f, tam bir \u00e7i\u00e7eklenme an\u0131n\u0131 kucaklayan yontulmu\u015f lotus yapraklar\u0131ndan olu\u015fan zarif bir platin hale yer al\u0131r. Bu \u00e7ift metalli kompozisyon kontrast ve netlik sa\u011flarken, platin formun safl\u0131\u011f\u0131n\u0131 vurgularken, \u00e7evreleyen alt\u0131n s\u0131cakl\u0131k yayar. Zincir, hareket ve \u0131\u015f\u0131lt\u0131 hissi yaratan g\u00f6zl\u00fck setli p\u0131rlantalar ve \u00e7iy damlas\u0131 Set yapraklar\u0131n\u0131n zarif ritmiyle i\u015flenmi\u015ftir. PureJewels'in imzas\u0131 niteli\u011findeki \u00e7iy damlas\u0131 ayar\u0131 zincire yumu\u015fak, \u0131\u015f\u0131lt\u0131l\u0131 bir parlakl\u0131k kat\u0131yor. Bileklik lotus yapra\u011f\u0131 toka, ta\u00e7 yapra\u011f\u0131 \u015feklindeki uzatma zinciri ve \u00e7iy \u00f6p\u00fcc\u00fc\u011f\u00fc verilmi\u015f ta\u00e7 yapra\u011f\u0131 \u015feklindeki damgal\u0131 etiketle tamamlan\u0131rken her bir detay d\u00fc\u015f\u00fcn\u00fclm\u00fc\u015f, yontulmu\u015f ve sembolik bir g\u00fczelli\u011fe b\u00fcr\u00fcnm\u00fc\u015ft\u00fcr.<\/p>\n<p class=\"\" data-start=\"1722\" data-end=\"1741\"><strong data-start=\"1722\" data-end=\"1741\">3. \u015eekillendirme \u0130pu\u00e7lar\u0131<\/strong><\/p>\n<p class=\"\" data-start=\"1743\" data-end=\"2246\">Zarif ve \u00e7ok y\u00f6nl\u00fc Bloom Dew Drop Bileklik, zahmetsiz bir stil i\u00e7in zengin alt\u0131n ile parlak platini harmanl\u0131yor. Cesur bir ifade i\u00e7in tek ba\u015f\u0131na tak\u0131n veya modern bir dokunu\u015f i\u00e7in katlay\u0131n. Zamans\u0131z bir hat\u0131ra olan bu bileklik, a\u015fk\u0131n s\u00fcrekli \u00e7i\u00e7ek a\u00e7an yolculu\u011funu sembolize eder.<\/p>\n<p data-start=\"1743\" data-end=\"2246\"><strong><b>Elmas Detaylar\u0131<\/b><\/strong><br \/>\nMerkez elmaslar\u0131 kalite ve orijinallik a\u00e7\u0131s\u0131ndan GIA sertifikal\u0131d\u0131r.<\/p>","protected":false},"excerpt":{"rendered":"<p>Zarif ve \u0131\u015f\u0131lt\u0131l\u0131 bu 22 ayar Sunrise Alt\u0131n ve platin Bloom Dew Drop Bileklik, 0,12 ayar haleyle \u00e7er\u00e7evelenmi\u015f 0,19 ayar merkez p\u0131rlantaya sahiptir - narin \u00e7i\u00e7ek a\u00e7an a\u015fk\u0131n \u0131\u015f\u0131lt\u0131l\u0131 bir ifadesi.<\/p>\n<p><strong>Malzeme:<\/strong> 22 Ayar G\u00fcndo\u011fumu Alt\u0131n, Platin<br \/>\n<strong>Hallmark:<\/strong> \u0130ngiliz Damgas\u0131<br \/>\n<strong>Ta\u015f:<\/strong> Do\u011fal Elmaslar<br \/>\n<strong>Sertifika:<\/strong>\u00a0GIA sertifikal\u0131<br \/>\n<strong>Elmas A\u011f\u0131rl\u0131\u011f\u0131: <\/strong>0.31ct (toplam)<strong><strong><strong><br \/>\n<\/strong><\/strong><\/strong><strong><strong><strong><strong><strong><strong>Br\u00fct A\u011f\u0131rl\u0131k:\u00a0 <\/strong><\/strong><\/strong><\/strong><\/strong><\/strong>6.8 Gms<strong><strong><strong><strong><strong><br \/>\n<strong>Uzunluk: <\/strong><\/strong><\/strong><\/strong><\/strong><\/strong>7 \u0130n\u00e7<br \/>\n<strong>SKU: <\/strong>49053<\/p>\n<p><strong><strong><strong><strong><strong><strong>Fiyat ve Teslimat: <\/strong><\/strong><\/strong><\/strong><\/strong><\/strong>KDV ve teslimat \u00fccretleri dahil<strong><strong><strong><strong><strong><br \/>\n<a href=\"https:\/\/www.purejewels.com\/tr\/i%cc%87ade-poli%cc%87ti%cc%87kasi\/\">\u0130ade Politikas\u0131<\/a><\/strong><\/strong><\/strong><\/strong><\/strong><\/p>","protected":false},"featured_media":392208,"comment_status":"closed","ping_status":"closed","template":"","meta":{"_eb_attr":"","_crsspst_to_jayantr4sg-hostcom":false},"product_brand":[],"product_cat":[1791,6056,236,5462,5678,5457,1324,1229,1633,1569,1574],"product_tag":[],"class_list":{"0":"post-389768","1":"product","2":"type-product","3":"status-publish","4":"has-post-thumbnail","6":"product_cat-anniversary-gifts","7":"product_cat-charm","8":"product_cat-collections","9":"product_cat-diamond-bracelet","10":"product_cat-diamond-bracelets-for-women","11":"product_cat-diamond-jewellery","12":"product_cat-gold-bracelet","13":"product_cat-22ct-gold-jewellery","14":"product_cat-lotus-collections","15":"product_cat-valentine-day-gifts","16":"product_cat-womens-jewellery","18":"first","19":"onbackorder","20":"taxable","21":"shipping-taxable","22":"purchasable","23":"product-type-simple","24":"add-to-wishlist-before_image"},"yoast_head":"<!-- This site is optimized with the Yoast SEO plugin v27.4 - https:\/\/yoast.com\/product\/yoast-seo-wordpress\/ -->\n<title>Lotus Bracelet | Women&#039;s Floral Design | PureJewels UK<\/title>\n<meta name=\"description\" content=\"Elevate your style with the 22ct gold Lotus Bracelet from PureJewels UK. Explore our range of fine women&#039;s jewellery featuring delicate floral designs.\" \/>\n<meta name=\"robots\" content=\"index, follow, max-snippet:-1, max-image-preview:large, max-video-preview:-1\" \/>\n<link rel=\"canonical\" href=\"https:\/\/www.purejewels.com\/tr\/urun\/lotus-cicegi-pirlanta-bileklik-49053\/\" \/>\n<meta property=\"og:locale\" content=\"tr_TR\" \/>\n<meta property=\"og:type\" content=\"article\" \/>\n<meta property=\"og:title\" content=\"Lotus Bracelet | Women&#039;s Floral Design | PureJewels UK\" \/>\n<meta property=\"og:description\" content=\"Elevate your style with the 22ct gold Lotus Bracelet from PureJewels UK. Explore our range of fine women&#039;s jewellery featuring delicate floral designs.\" \/>\n<meta property=\"og:url\" content=\"https:\/\/www.purejewels.com\/tr\/urun\/lotus-cicegi-pirlanta-bileklik-49053\/\" \/>\n<meta property=\"og:site_name\" content=\"PureJewels UK\" \/>\n<meta property=\"article:modified_time\" content=\"2026-02-09T10:28:05+00:00\" \/>\n<meta property=\"og:image\" content=\"https:\/\/static.purejewels.com\/wp-content\/uploads\/2024\/03\/49053-CG-retouch-576x576.png\" \/>\n\t<meta property=\"og:image:width\" content=\"576\" \/>\n\t<meta property=\"og:image:height\" content=\"576\" \/>\n\t<meta property=\"og:image:type\" content=\"image\/png\" \/>\n<meta name=\"twitter:card\" content=\"summary_large_image\" \/>\n<meta name=\"twitter:label1\" content=\"Tahmini okuma s\u00fcresi\" \/>\n\t<meta name=\"twitter:data1\" content=\"1 dakika\" \/>\n<script type=\"application\/ld+json\" class=\"yoast-schema-graph\">{\"@context\":\"https:\\\/\\\/schema.org\",\"@graph\":[{\"@type\":[\"WebPage\",\"ItemPage\"],\"@id\":\"https:\\\/\\\/www.purejewels.com\\\/product\\\/lotus-bloom-diamond-bracelet-49053\\\/\",\"url\":\"https:\\\/\\\/www.purejewels.com\\\/product\\\/lotus-bloom-diamond-bracelet-49053\\\/\",\"name\":\"Lotus Bracelet | Women's Floral Design | PureJewels UK\",\"isPartOf\":{\"@id\":\"https:\\\/\\\/www.purejewels.com\\\/#website\"},\"primaryImageOfPage\":{\"@id\":\"https:\\\/\\\/www.purejewels.com\\\/product\\\/lotus-bloom-diamond-bracelet-49053\\\/#primaryimage\"},\"image\":{\"@id\":\"https:\\\/\\\/www.purejewels.com\\\/product\\\/lotus-bloom-diamond-bracelet-49053\\\/#primaryimage\"},\"thumbnailUrl\":\"https:\\\/\\\/static.purejewels.com\\\/wp-content\\\/uploads\\\/2024\\\/03\\\/49053-CG-retouch.png\",\"datePublished\":\"2024-03-24T10:21:56+00:00\",\"dateModified\":\"2026-02-09T10:28:05+00:00\",\"description\":\"Elevate your style with the 22ct gold Lotus Bracelet from PureJewels UK. Explore our range of fine women's jewellery featuring delicate floral designs.\",\"breadcrumb\":{\"@id\":\"https:\\\/\\\/www.purejewels.com\\\/product\\\/lotus-bloom-diamond-bracelet-49053\\\/#breadcrumb\"},\"inLanguage\":\"tr\",\"potentialAction\":[{\"@type\":\"ReadAction\",\"target\":[\"https:\\\/\\\/www.purejewels.com\\\/product\\\/lotus-bloom-diamond-bracelet-49053\\\/\"]}]},{\"@type\":\"ImageObject\",\"inLanguage\":\"tr\",\"@id\":\"https:\\\/\\\/www.purejewels.com\\\/product\\\/lotus-bloom-diamond-bracelet-49053\\\/#primaryimage\",\"url\":\"https:\\\/\\\/static.purejewels.com\\\/wp-content\\\/uploads\\\/2024\\\/03\\\/49053-CG-retouch.png\",\"contentUrl\":\"https:\\\/\\\/static.purejewels.com\\\/wp-content\\\/uploads\\\/2024\\\/03\\\/49053-CG-retouch.png\",\"width\":4480,\"height\":4480,\"caption\":\"Bloom Petal Bracelet\"},{\"@type\":\"BreadcrumbList\",\"@id\":\"https:\\\/\\\/www.purejewels.com\\\/product\\\/lotus-bloom-diamond-bracelet-49053\\\/#breadcrumb\",\"itemListElement\":[{\"@type\":\"ListItem\",\"position\":1,\"name\":\"Home\",\"item\":\"https:\\\/\\\/www.purejewels.com\\\/\"},{\"@type\":\"ListItem\",\"position\":2,\"name\":\"Shop\",\"item\":\"https:\\\/\\\/www.purejewels.com\\\/shop\\\/\"},{\"@type\":\"ListItem\",\"position\":3,\"name\":\"Bloom Dew Drop Bracelet\"}]},{\"@type\":\"WebSite\",\"@id\":\"https:\\\/\\\/www.purejewels.com\\\/#website\",\"url\":\"https:\\\/\\\/www.purejewels.com\\\/\",\"name\":\"PureJewels UK\",\"description\":\"Share the Love\",\"publisher\":{\"@id\":\"https:\\\/\\\/www.purejewels.com\\\/#organization\"},\"potentialAction\":[{\"@type\":\"SearchAction\",\"target\":{\"@type\":\"EntryPoint\",\"urlTemplate\":\"https:\\\/\\\/www.purejewels.com\\\/?s={search_term_string}\"},\"query-input\":{\"@type\":\"PropertyValueSpecification\",\"valueRequired\":true,\"valueName\":\"search_term_string\"}}],\"inLanguage\":\"tr\"},{\"@type\":\"Organization\",\"@id\":\"https:\\\/\\\/www.purejewels.com\\\/#organization\",\"name\":\"PureJewels UK\",\"url\":\"https:\\\/\\\/www.purejewels.com\\\/\",\"logo\":{\"@type\":\"ImageObject\",\"inLanguage\":\"tr\",\"@id\":\"https:\\\/\\\/www.purejewels.com\\\/#\\\/schema\\\/logo\\\/image\\\/\",\"url\":\"https:\\\/\\\/static.purejewels.com\\\/wp-content\\\/uploads\\\/2020\\\/11\\\/Logo-PJ-New-1.png\",\"contentUrl\":\"https:\\\/\\\/static.purejewels.com\\\/wp-content\\\/uploads\\\/2020\\\/11\\\/Logo-PJ-New-1.png\",\"width\":150,\"height\":80,\"caption\":\"PureJewels UK\"},\"image\":{\"@id\":\"https:\\\/\\\/www.purejewels.com\\\/#\\\/schema\\\/logo\\\/image\\\/\"}}]}<\/script>\n<!-- \/ Yoast SEO plugin. -->","yoast_head_json":{"title":"Lotus Bileklik | Kad\u0131n \u00c7i\u00e7ek Tasar\u0131m | PureJewels UK","description":"PureJewels UK'den 22 ayar alt\u0131n Lotus Bileklik ile stilinizi y\u00fckseltin. Narin \u00e7i\u00e7ek desenleri i\u00e7eren kaliteli kad\u0131n tak\u0131lar\u0131m\u0131z\u0131 ke\u015ffedin.","robots":{"index":"index","follow":"follow","max-snippet":"max-snippet:-1","max-image-preview":"max-image-preview:large","max-video-preview":"max-video-preview:-1"},"canonical":"https:\/\/www.purejewels.com\/tr\/urun\/lotus-cicegi-pirlanta-bileklik-49053\/","og_locale":"tr_TR","og_type":"article","og_title":"Lotus Bracelet | Women's Floral Design | PureJewels UK","og_description":"Elevate your style with the 22ct gold Lotus Bracelet from PureJewels UK. Explore our range of fine women's jewellery featuring delicate floral designs.","og_url":"https:\/\/www.purejewels.com\/tr\/urun\/lotus-cicegi-pirlanta-bileklik-49053\/","og_site_name":"PureJewels UK","article_modified_time":"2026-02-09T10:28:05+00:00","og_image":[{"width":576,"height":576,"url":"https:\/\/static.purejewels.com\/wp-content\/uploads\/2024\/03\/49053-CG-retouch-576x576.png","type":"image\/png"}],"twitter_card":"summary_large_image","twitter_misc":{"Tahmini okuma s\u00fcresi":"1 dakika"},"schema":{"@context":"https:\/\/schema.org","@graph":[{"@type":["WebPage","ItemPage"],"@id":"https:\/\/www.purejewels.com\/product\/lotus-bloom-diamond-bracelet-49053\/","url":"https:\/\/www.purejewels.com\/product\/lotus-bloom-diamond-bracelet-49053\/","name":"Lotus Bileklik | Kad\u0131n \u00c7i\u00e7ek Tasar\u0131m | PureJewels UK","isPartOf":{"@id":"https:\/\/www.purejewels.com\/#website"},"primaryImageOfPage":{"@id":"https:\/\/www.purejewels.com\/product\/lotus-bloom-diamond-bracelet-49053\/#primaryimage"},"image":{"@id":"https:\/\/www.purejewels.com\/product\/lotus-bloom-diamond-bracelet-49053\/#primaryimage"},"thumbnailUrl":"https:\/\/static.purejewels.com\/wp-content\/uploads\/2024\/03\/49053-CG-retouch.png","datePublished":"2024-03-24T10:21:56+00:00","dateModified":"2026-02-09T10:28:05+00:00","description":"PureJewels UK'den 22 ayar alt\u0131n Lotus Bileklik ile stilinizi y\u00fckseltin. Narin \u00e7i\u00e7ek desenleri i\u00e7eren kaliteli kad\u0131n tak\u0131lar\u0131m\u0131z\u0131 ke\u015ffedin.","breadcrumb":{"@id":"https:\/\/www.purejewels.com\/product\/lotus-bloom-diamond-bracelet-49053\/#breadcrumb"},"inLanguage":"tr","potentialAction":[{"@type":"ReadAction","target":["https:\/\/www.purejewels.com\/product\/lotus-bloom-diamond-bracelet-49053\/"]}]},{"@type":"ImageObject","inLanguage":"tr","@id":"https:\/\/www.purejewels.com\/product\/lotus-bloom-diamond-bracelet-49053\/#primaryimage","url":"https:\/\/static.purejewels.com\/wp-content\/uploads\/2024\/03\/49053-CG-retouch.png","contentUrl":"https:\/\/static.purejewels.com\/wp-content\/uploads\/2024\/03\/49053-CG-retouch.png","width":4480,"height":4480,"caption":"Bloom Petal Bracelet"},{"@type":"BreadcrumbList","@id":"https:\/\/www.purejewels.com\/product\/lotus-bloom-diamond-bracelet-49053\/#breadcrumb","itemListElement":[{"@type":"ListItem","position":1,"name":"Home","item":"https:\/\/www.purejewels.com\/"},{"@type":"ListItem","position":2,"name":"Shop","item":"https:\/\/www.purejewels.com\/shop\/"},{"@type":"ListItem","position":3,"name":"Bloom Dew Drop Bracelet"}]},{"@type":"WebSite","@id":"https:\/\/www.purejewels.com\/#website","url":"https:\/\/www.purejewels.com\/","name":"PureJewels \u0130ngiltere","description":"Sevgiyi Payla\u015f\u0131n","publisher":{"@id":"https:\/\/www.purejewels.com\/#organization"},"potentialAction":[{"@type":"SearchAction","target":{"@type":"EntryPoint","urlTemplate":"https:\/\/www.purejewels.com\/?s={search_term_string}"},"query-input":{"@type":"PropertyValueSpecification","valueRequired":true,"valueName":"search_term_string"}}],"inLanguage":"tr"},{"@type":"Organization","@id":"https:\/\/www.purejewels.com\/#organization","name":"PureJewels \u0130ngiltere","url":"https:\/\/www.purejewels.com\/","logo":{"@type":"ImageObject","inLanguage":"tr","@id":"https:\/\/www.purejewels.com\/#\/schema\/logo\/image\/","url":"https:\/\/static.purejewels.com\/wp-content\/uploads\/2020\/11\/Logo-PJ-New-1.png","contentUrl":"https:\/\/static.purejewels.com\/wp-content\/uploads\/2020\/11\/Logo-PJ-New-1.png","width":150,"height":80,"caption":"PureJewels UK"},"image":{"@id":"https:\/\/www.purejewels.com\/#\/schema\/logo\/image\/"}}]}},"_links":{"self":[{"href":"https:\/\/www.purejewels.com\/tr\/wp-json\/wp\/v2\/product\/389768","targetHints":{"allow":["GET"]}}],"collection":[{"href":"https:\/\/www.purejewels.com\/tr\/wp-json\/wp\/v2\/product"}],"about":[{"href":"https:\/\/www.purejewels.com\/tr\/wp-json\/wp\/v2\/types\/product"}],"replies":[{"embeddable":true,"href":"https:\/\/www.purejewels.com\/tr\/wp-json\/wp\/v2\/comments?post=389768"}],"version-history":[{"count":5,"href":"https:\/\/www.purejewels.com\/tr\/wp-json\/wp\/v2\/product\/389768\/revisions"}],"predecessor-version":[{"id":411581,"href":"https:\/\/www.purejewels.com\/tr\/wp-json\/wp\/v2\/product\/389768\/revisions\/411581"}],"wp:featuredmedia":[{"embeddable":true,"href":"https:\/\/www.purejewels.com\/tr\/wp-json\/wp\/v2\/media\/392208"}],"wp:attachment":[{"href":"https:\/\/www.purejewels.com\/tr\/wp-json\/wp\/v2\/media?parent=389768"}],"wp:term":[{"taxonomy":"product_brand","embeddable":true,"href":"https:\/\/www.purejewels.com\/tr\/wp-json\/wp\/v2\/product_brand?post=389768"},{"taxonomy":"product_cat","embeddable":true,"href":"https:\/\/www.purejewels.com\/tr\/wp-json\/wp\/v2\/product_cat?post=389768"},{"taxonomy":"product_tag","embeddable":true,"href":"https:\/\/www.purejewels.com\/tr\/wp-json\/wp\/v2\/product_tag?post=389768"}],"curies":[{"name":"wp","href":"https:\/\/api.w.org\/{rel}","templated":true}]}}