{"id":389776,"date":"2025-03-24T10:51:20","date_gmt":"2025-03-24T10:51:20","guid":{"rendered":"https:\/\/www.purejewels.com\/?post_type=product&#038;p=389776"},"modified":"2026-02-09T10:25:41","modified_gmt":"2026-02-09T10:25:41","slug":"bloom-lilypad-elmas-kolye-50205","status":"publish","type":"product","link":"https:\/\/www.purejewels.com\/tr\/product\/bloom-lilypad-diamond-necklace-50205\/","title":{"rendered":"Bloom Lilypad Kolye"},"content":{"rendered":"<p class=\"\" data-start=\"146\" data-end=\"1040\"><strong data-start=\"146\" data-end=\"174\">1. \u0130lham ve Hikaye<\/strong><br data-start=\"174\" data-end=\"177\" \/>Bloom Lilypad Kolye, \u00e7i\u00e7ek a\u00e7m\u0131\u015f a\u015fka parlak bir \u00f6vg\u00fcd\u00fcr - g\u00fcc\u00fcn, zarafetin ve duygusal b\u00fcy\u00fcmenin sessiz g\u00fcc\u00fcn\u00fcn bir kutlamas\u0131d\u0131r. Durgun sulardan y\u00fckselerek t\u00fcm g\u00fczelli\u011fini ortaya \u00e7\u0131karan lotus \u00e7i\u00e7e\u011finden ilham alan bu kolye, zaman ve birliktelikle \u00e7i\u00e7ek a\u00e7an bir ili\u015fkinin yolculu\u011funu onurland\u0131r\u0131yor. Alt\u0131n\u0131n her p\u0131r\u0131lt\u0131s\u0131 ve p\u0131rlantan\u0131n her \u0131\u015f\u0131lt\u0131s\u0131yla, a\u015fk\u0131n ortaya \u00e7\u0131k\u0131\u015f hikayesinin derinli\u011fini, direncini ve ne\u015fesini yans\u0131t\u0131yor. Lotus Koleksiyonumuzun bir par\u00e7as\u0131 olan Bloom Lilypad Kolye, a\u015fk\u0131n hem k\u00f6kl\u00fc hem de g\u00f6rkemli - a\u00e7\u0131k, eksiksiz ve \u0131\u015f\u0131lt\u0131l\u0131 - hissedildi\u011fi an\u0131 yakalar.<br data-start=\"791\" data-end=\"794\" \/>Platin merkezi \u00e7evreleyen yontulmu\u015f bir leylak halesi, yeni ba\u015flang\u0131\u00e7lar\u0131n nazik\u00e7e kar\u0131\u015ft\u0131rd\u0131\u011f\u0131 durgun su gibi m\u00fckemmel bir uyum i\u00e7inde d\u0131\u015fa do\u011fru ak\u0131yor. Yumu\u015fak hatl\u0131 formu, a\u015fk\u0131n en \u0131\u015f\u0131lt\u0131l\u0131 anlar\u0131n\u0131 belirleyen dinginli\u011fi ve zarafeti yans\u0131t\u0131yor.<\/p>\n<p class=\"\" data-start=\"1042\" data-end=\"1572\"><strong data-start=\"1042\" data-end=\"1075\">2. Malzeme ve \u0130\u015f\u00e7ilik<\/strong><br data-start=\"1075\" data-end=\"1078\" \/>PureJewels'in \u00f6zel 22 ayar Sunrise Alt\u0131n\u0131 kullan\u0131larak Londra'da el i\u015f\u00e7ili\u011fiyle \u00fcretilen Bloom Lilypad Kolye, g\u00fcne\u015f \u0131\u015f\u0131\u011f\u0131n\u0131n s\u0131cakl\u0131\u011f\u0131 ve sembolik zarafetiyle \u0131\u015f\u0131ld\u0131yor. Merkezinde, parlak pen\u00e7e setli bir p\u0131rlantay\u0131 kucaklayan yontulmu\u015f platin bir hale yer al\u0131r - \u00e7i\u00e7eklere odak ve parlakl\u0131k getiren \u00e7arp\u0131c\u0131 bir ton kontrast\u0131. Halenin etraf\u0131ndaki dalgal\u0131 ta\u00e7 yapraklar\u0131 \u0131\u015f\u0131\u011f\u0131 her a\u00e7\u0131dan yakalayacak \u015fekilde \u015fekillendirilmi\u015f ve yeni a\u00e7m\u0131\u015f ta\u00e7 yapraklar\u0131 \u00fczerindeki sabah \u00e7iyinin par\u0131lt\u0131s\u0131n\u0131 \u00e7a\u011fr\u0131\u015ft\u0131ran \u00f6zel \u00e7iy damlas\u0131 ayar\u0131m\u0131zla zenginle\u015ftirilmi\u015ftir.<\/p>\n<p class=\"\" data-start=\"1574\" data-end=\"1979\">\u00c7i\u00e7e\u011fi desteklemek i\u00e7in asimetrik olarak \u015fekillendirilmi\u015f p\u0131rlanta setli, filiz tarz\u0131 bir kefaletten sarkan kolye ucu, hem zarafet hem de denge i\u00e7in haz\u0131rlanm\u0131\u015f g\u00f6zl\u00fck setli p\u0131rlanta bir zincire do\u011fal bir \u015fekilde akar. Son r\u00f6tu\u015flar aras\u0131nda nil\u00fcfer yapra\u011f\u0131 toka, ta\u00e7 yapra\u011f\u0131 uzat\u0131c\u0131 zincir ve \u00e7iy \u00f6p\u00fcc\u00fc\u011f\u00fc verilmi\u015f ta\u00e7 yapra\u011f\u0131 \u015feklindeki damgal\u0131 etiket yer al\u0131yor; her bir ayr\u0131nt\u0131 g\u00fczelli\u011fi, anlam\u0131 ve i\u015f\u00e7ili\u011fi yans\u0131tacak \u015fekilde \u00f6zenle d\u00fc\u015f\u00fcn\u00fclm\u00fc\u015f.<\/p>\n<p class=\"\" data-start=\"1981\" data-end=\"2410\"><strong data-start=\"1981\" data-end=\"2000\">3. \u015eekillendirme \u0130pu\u00e7lar\u0131<\/strong><br data-start=\"2000\" data-end=\"2003\" \/>Narin ama etkileyici Bloom Lilypad Kolye, g\u00fcnl\u00fck \u015f\u0131kl\u0131k ve kutlama anlar\u0131 i\u00e7in \u0131\u015f\u0131lt\u0131l\u0131 bir merkezdir. B\u0131rak\u0131n tek ba\u015f\u0131na parlas\u0131n ya da <a href=\"https:\/\/www.purejewels.com\/tr\/urun\/22ct-51538-pirlanta-saplama-kupe\/\">Lotus Halo \u00c7\u0131t\u00e7\u0131tlar<\/a> ya da <a href=\"https:\/\/www.purejewels.com\/tr\/urun\/lotus-halo-ring-50504\/\">Halo y\u00fcz\u00fck<\/a> uyumlu, sembolik bir g\u00f6r\u00fcn\u00fcm i\u00e7in. \u0130ster bir d\u00f6n\u00fcm noktas\u0131n\u0131 i\u015faretlemek i\u00e7in hediye edilsin ister ki\u015fisel bir b\u00fcy\u00fcme amblemi olarak tak\u0131ls\u0131n, bu kolye, yolculu\u011funuzun kal\u0131c\u0131 bir par\u00e7as\u0131 olan tam \u00e7i\u00e7ek a\u00e7an sevginin \u0131\u015f\u0131lt\u0131l\u0131 bir ifadesini sunar.<\/p>","protected":false},"excerpt":{"rendered":"<p>A\u015fk\u0131n ve safl\u0131\u011f\u0131n \u0131\u015f\u0131lt\u0131l\u0131 bir sembol\u00fc olan Bloom Lilypad Kolye, \u00e7i\u00e7ek a\u00e7an bir nil\u00fcferin sonsuz g\u00fczelli\u011fi arac\u0131l\u0131\u011f\u0131yla ba\u011fl\u0131l\u0131\u011f\u0131 kutluyor. 22 ayar Sunrise Alt\u0131n ve Platin'den \u00fcretilen ve do\u011fal elmaslarla s\u00fcslenen bu kolye, do\u011fan\u0131n a\u015fk hikayesini alt\u0131nla yans\u0131t\u0131yor.<\/p>\n<p><strong>Malzeme:<\/strong> 22 Ayar G\u00fcndo\u011fumu Alt\u0131n ve Platin<br \/>\n<strong>Hallmark:<\/strong> \u0130ngiliz Damgas\u0131<br \/>\n<strong>Sertifika:<\/strong>\u00a0GIA sertifikal\u0131<br \/>\n<strong>Ta\u015f:<\/strong> Do\u011fal Elmaslar<br \/>\n<strong>Elmas A\u011f\u0131rl\u0131\u011f\u0131: <\/strong>0,51 ct (Toplam)<strong><strong><strong><br \/>\n<\/strong><\/strong><\/strong><strong><strong><strong><strong><strong><strong>Br\u00fct A\u011f\u0131rl\u0131k: <\/strong><\/strong><\/strong><\/strong><\/strong><\/strong>13.10 Gms<strong><strong><strong><strong><strong><br \/>\n<strong>Uzunluk: <\/strong><\/strong><\/strong><\/strong><\/strong><\/strong>16 \u0130n\u00e7<br \/>\n<strong>SKU: <\/strong>50205<\/p>\n<p><strong><strong><strong><strong><strong><strong>Fiyat ve Teslimat: <\/strong><\/strong><\/strong><\/strong><\/strong><\/strong>KDV ve teslimat \u00fccretleri dahil<strong><strong><strong><strong><strong><br \/>\n<a href=\"https:\/\/www.purejewels.com\/tr\/i%cc%87ade-poli%cc%87ti%cc%87kasi\/\">\u0130ade Politikas\u0131<\/a><\/strong><\/strong><\/strong><\/strong><\/strong><\/p>","protected":false},"featured_media":390741,"comment_status":"closed","ping_status":"closed","template":"","meta":{"_eb_attr":"","_crsspst_to_jayantr4sg-hostcom":false},"product_brand":[],"product_cat":[1791,236,5457,6082,1229,1253,5346,1633,6081,1569,1574],"product_tag":[5963,5974],"class_list":{"0":"post-389776","1":"product","2":"type-product","3":"status-publish","4":"has-post-thumbnail","6":"product_cat-anniversary-gifts","7":"product_cat-collections","8":"product_cat-diamond-jewellery","9":"product_cat-diamond-necklace","10":"product_cat-22ct-gold-jewellery","11":"product_cat-gold-necklaces","12":"product_cat-gold-pendant-necklace","13":"product_cat-lotus-collections","14":"product_cat-sunrise-gold","15":"product_cat-valentine-day-gifts","16":"product_cat-womens-jewellery","17":"product_tag-diamond","18":"product_tag-necklace","20":"first","21":"onbackorder","22":"taxable","23":"shipping-taxable","24":"purchasable","25":"product-type-simple","26":"add-to-wishlist-before_image"},"yoast_head":"<!-- This site is optimized with the Yoast SEO plugin v27.4 - https:\/\/yoast.com\/product\/yoast-seo-wordpress\/ -->\n<title>Bloom Lilypad Necklace in 22ct Gold with Natural Diamonds<\/title>\n<meta name=\"description\" content=\"Celebrate love with the Bloom Lilypad Necklace, crafted in 22ct Sunrise Gold and adorned with natural diamonds\u2014a radiant symbol of devotion and beauty.\" \/>\n<meta name=\"robots\" content=\"index, follow, max-snippet:-1, max-image-preview:large, max-video-preview:-1\" \/>\n<link rel=\"canonical\" href=\"https:\/\/www.purejewels.com\/tr\/urun\/bloom-lilypad-elmas-kolye-50205\/\" \/>\n<meta property=\"og:locale\" content=\"tr_TR\" \/>\n<meta property=\"og:type\" content=\"article\" \/>\n<meta property=\"og:title\" content=\"Bloom Lilypad Necklace in 22ct Gold with Natural Diamonds\" \/>\n<meta property=\"og:description\" content=\"Celebrate love with the Bloom Lilypad Necklace, crafted in 22ct Sunrise Gold and adorned with natural diamonds\u2014a radiant symbol of devotion and beauty.\" \/>\n<meta property=\"og:url\" content=\"https:\/\/www.purejewels.com\/tr\/urun\/bloom-lilypad-elmas-kolye-50205\/\" \/>\n<meta property=\"og:site_name\" content=\"PureJewels UK\" \/>\n<meta property=\"article:modified_time\" content=\"2026-02-09T10:25:41+00:00\" \/>\n<meta property=\"og:image\" content=\"https:\/\/static.purejewels.com\/wp-content\/uploads\/2025\/03\/50205-1.png\" \/>\n\t<meta property=\"og:image:width\" content=\"1000\" \/>\n\t<meta property=\"og:image:height\" content=\"1000\" \/>\n\t<meta property=\"og:image:type\" content=\"image\/png\" \/>\n<meta name=\"twitter:card\" content=\"summary_large_image\" \/>\n<meta name=\"twitter:label1\" content=\"Tahmini okuma s\u00fcresi\" \/>\n\t<meta name=\"twitter:data1\" content=\"2 dakika\" \/>\n<script type=\"application\/ld+json\" class=\"yoast-schema-graph\">{\"@context\":\"https:\\\/\\\/schema.org\",\"@graph\":[{\"@type\":[\"WebPage\",\"ItemPage\"],\"@id\":\"https:\\\/\\\/www.purejewels.com\\\/product\\\/bloom-lilypad-diamond-necklace-50205\\\/\",\"url\":\"https:\\\/\\\/www.purejewels.com\\\/product\\\/bloom-lilypad-diamond-necklace-50205\\\/\",\"name\":\"Bloom Lilypad Necklace in 22ct Gold with Natural Diamonds\",\"isPartOf\":{\"@id\":\"https:\\\/\\\/www.purejewels.com\\\/#website\"},\"primaryImageOfPage\":{\"@id\":\"https:\\\/\\\/www.purejewels.com\\\/product\\\/bloom-lilypad-diamond-necklace-50205\\\/#primaryimage\"},\"image\":{\"@id\":\"https:\\\/\\\/www.purejewels.com\\\/product\\\/bloom-lilypad-diamond-necklace-50205\\\/#primaryimage\"},\"thumbnailUrl\":\"https:\\\/\\\/static.purejewels.com\\\/wp-content\\\/uploads\\\/2025\\\/03\\\/50205-1.png\",\"datePublished\":\"2025-03-24T10:51:20+00:00\",\"dateModified\":\"2026-02-09T10:25:41+00:00\",\"description\":\"Celebrate love with the Bloom Lilypad Necklace, crafted in 22ct Sunrise Gold and adorned with natural diamonds\u2014a radiant symbol of devotion and beauty.\",\"breadcrumb\":{\"@id\":\"https:\\\/\\\/www.purejewels.com\\\/product\\\/bloom-lilypad-diamond-necklace-50205\\\/#breadcrumb\"},\"inLanguage\":\"tr\",\"potentialAction\":[{\"@type\":\"ReadAction\",\"target\":[\"https:\\\/\\\/www.purejewels.com\\\/product\\\/bloom-lilypad-diamond-necklace-50205\\\/\"]}]},{\"@type\":\"ImageObject\",\"inLanguage\":\"tr\",\"@id\":\"https:\\\/\\\/www.purejewels.com\\\/product\\\/bloom-lilypad-diamond-necklace-50205\\\/#primaryimage\",\"url\":\"https:\\\/\\\/static.purejewels.com\\\/wp-content\\\/uploads\\\/2025\\\/03\\\/50205-1.png\",\"contentUrl\":\"https:\\\/\\\/static.purejewels.com\\\/wp-content\\\/uploads\\\/2025\\\/03\\\/50205-1.png\",\"width\":1000,\"height\":1000},{\"@type\":\"BreadcrumbList\",\"@id\":\"https:\\\/\\\/www.purejewels.com\\\/product\\\/bloom-lilypad-diamond-necklace-50205\\\/#breadcrumb\",\"itemListElement\":[{\"@type\":\"ListItem\",\"position\":1,\"name\":\"Home\",\"item\":\"https:\\\/\\\/www.purejewels.com\\\/\"},{\"@type\":\"ListItem\",\"position\":2,\"name\":\"Shop\",\"item\":\"https:\\\/\\\/www.purejewels.com\\\/shop\\\/\"},{\"@type\":\"ListItem\",\"position\":3,\"name\":\"Bloom Lilypad Necklace\"}]},{\"@type\":\"WebSite\",\"@id\":\"https:\\\/\\\/www.purejewels.com\\\/#website\",\"url\":\"https:\\\/\\\/www.purejewels.com\\\/\",\"name\":\"PureJewels UK\",\"description\":\"Share the Love\",\"publisher\":{\"@id\":\"https:\\\/\\\/www.purejewels.com\\\/#organization\"},\"potentialAction\":[{\"@type\":\"SearchAction\",\"target\":{\"@type\":\"EntryPoint\",\"urlTemplate\":\"https:\\\/\\\/www.purejewels.com\\\/?s={search_term_string}\"},\"query-input\":{\"@type\":\"PropertyValueSpecification\",\"valueRequired\":true,\"valueName\":\"search_term_string\"}}],\"inLanguage\":\"tr\"},{\"@type\":\"Organization\",\"@id\":\"https:\\\/\\\/www.purejewels.com\\\/#organization\",\"name\":\"PureJewels UK\",\"url\":\"https:\\\/\\\/www.purejewels.com\\\/\",\"logo\":{\"@type\":\"ImageObject\",\"inLanguage\":\"tr\",\"@id\":\"https:\\\/\\\/www.purejewels.com\\\/#\\\/schema\\\/logo\\\/image\\\/\",\"url\":\"https:\\\/\\\/static.purejewels.com\\\/wp-content\\\/uploads\\\/2020\\\/11\\\/Logo-PJ-New-1.png\",\"contentUrl\":\"https:\\\/\\\/static.purejewels.com\\\/wp-content\\\/uploads\\\/2020\\\/11\\\/Logo-PJ-New-1.png\",\"width\":150,\"height\":80,\"caption\":\"PureJewels UK\"},\"image\":{\"@id\":\"https:\\\/\\\/www.purejewels.com\\\/#\\\/schema\\\/logo\\\/image\\\/\"}}]}<\/script>\n<!-- \/ Yoast SEO plugin. -->","yoast_head_json":{"title":"Do\u011fal P\u0131rlantal\u0131 22 Ayar Alt\u0131ndan Bloom Lilypad Kolye","description":"Sevgiyi, ba\u011fl\u0131l\u0131k ve g\u00fczelli\u011fin \u0131\u015f\u0131lt\u0131l\u0131 bir sembol\u00fc olan do\u011fal elmaslarla s\u00fcslenmi\u015f, 22 ayar Sunrise Alt\u0131ndan \u00fcretilmi\u015f Bloom Lilypad Kolye ile kutlay\u0131n.","robots":{"index":"index","follow":"follow","max-snippet":"max-snippet:-1","max-image-preview":"max-image-preview:large","max-video-preview":"max-video-preview:-1"},"canonical":"https:\/\/www.purejewels.com\/tr\/urun\/bloom-lilypad-elmas-kolye-50205\/","og_locale":"tr_TR","og_type":"article","og_title":"Bloom Lilypad Necklace in 22ct Gold with Natural Diamonds","og_description":"Celebrate love with the Bloom Lilypad Necklace, crafted in 22ct Sunrise Gold and adorned with natural diamonds\u2014a radiant symbol of devotion and beauty.","og_url":"https:\/\/www.purejewels.com\/tr\/urun\/bloom-lilypad-elmas-kolye-50205\/","og_site_name":"PureJewels UK","article_modified_time":"2026-02-09T10:25:41+00:00","og_image":[{"width":1000,"height":1000,"url":"https:\/\/static.purejewels.com\/wp-content\/uploads\/2025\/03\/50205-1.png","type":"image\/png"}],"twitter_card":"summary_large_image","twitter_misc":{"Tahmini okuma s\u00fcresi":"2 dakika"},"schema":{"@context":"https:\/\/schema.org","@graph":[{"@type":["WebPage","ItemPage"],"@id":"https:\/\/www.purejewels.com\/product\/bloom-lilypad-diamond-necklace-50205\/","url":"https:\/\/www.purejewels.com\/product\/bloom-lilypad-diamond-necklace-50205\/","name":"Do\u011fal P\u0131rlantal\u0131 22 Ayar Alt\u0131ndan Bloom Lilypad Kolye","isPartOf":{"@id":"https:\/\/www.purejewels.com\/#website"},"primaryImageOfPage":{"@id":"https:\/\/www.purejewels.com\/product\/bloom-lilypad-diamond-necklace-50205\/#primaryimage"},"image":{"@id":"https:\/\/www.purejewels.com\/product\/bloom-lilypad-diamond-necklace-50205\/#primaryimage"},"thumbnailUrl":"https:\/\/static.purejewels.com\/wp-content\/uploads\/2025\/03\/50205-1.png","datePublished":"2025-03-24T10:51:20+00:00","dateModified":"2026-02-09T10:25:41+00:00","description":"Sevgiyi, ba\u011fl\u0131l\u0131k ve g\u00fczelli\u011fin \u0131\u015f\u0131lt\u0131l\u0131 bir sembol\u00fc olan do\u011fal elmaslarla s\u00fcslenmi\u015f, 22 ayar Sunrise Alt\u0131ndan \u00fcretilmi\u015f Bloom Lilypad Kolye ile kutlay\u0131n.","breadcrumb":{"@id":"https:\/\/www.purejewels.com\/product\/bloom-lilypad-diamond-necklace-50205\/#breadcrumb"},"inLanguage":"tr","potentialAction":[{"@type":"ReadAction","target":["https:\/\/www.purejewels.com\/product\/bloom-lilypad-diamond-necklace-50205\/"]}]},{"@type":"ImageObject","inLanguage":"tr","@id":"https:\/\/www.purejewels.com\/product\/bloom-lilypad-diamond-necklace-50205\/#primaryimage","url":"https:\/\/static.purejewels.com\/wp-content\/uploads\/2025\/03\/50205-1.png","contentUrl":"https:\/\/static.purejewels.com\/wp-content\/uploads\/2025\/03\/50205-1.png","width":1000,"height":1000},{"@type":"BreadcrumbList","@id":"https:\/\/www.purejewels.com\/product\/bloom-lilypad-diamond-necklace-50205\/#breadcrumb","itemListElement":[{"@type":"ListItem","position":1,"name":"Home","item":"https:\/\/www.purejewels.com\/"},{"@type":"ListItem","position":2,"name":"Shop","item":"https:\/\/www.purejewels.com\/shop\/"},{"@type":"ListItem","position":3,"name":"Bloom Lilypad Necklace"}]},{"@type":"WebSite","@id":"https:\/\/www.purejewels.com\/#website","url":"https:\/\/www.purejewels.com\/","name":"PureJewels \u0130ngiltere","description":"Sevgiyi Payla\u015f\u0131n","publisher":{"@id":"https:\/\/www.purejewels.com\/#organization"},"potentialAction":[{"@type":"SearchAction","target":{"@type":"EntryPoint","urlTemplate":"https:\/\/www.purejewels.com\/?s={search_term_string}"},"query-input":{"@type":"PropertyValueSpecification","valueRequired":true,"valueName":"search_term_string"}}],"inLanguage":"tr"},{"@type":"Organization","@id":"https:\/\/www.purejewels.com\/#organization","name":"PureJewels \u0130ngiltere","url":"https:\/\/www.purejewels.com\/","logo":{"@type":"ImageObject","inLanguage":"tr","@id":"https:\/\/www.purejewels.com\/#\/schema\/logo\/image\/","url":"https:\/\/static.purejewels.com\/wp-content\/uploads\/2020\/11\/Logo-PJ-New-1.png","contentUrl":"https:\/\/static.purejewels.com\/wp-content\/uploads\/2020\/11\/Logo-PJ-New-1.png","width":150,"height":80,"caption":"PureJewels UK"},"image":{"@id":"https:\/\/www.purejewels.com\/#\/schema\/logo\/image\/"}}]}},"_links":{"self":[{"href":"https:\/\/www.purejewels.com\/tr\/wp-json\/wp\/v2\/product\/389776","targetHints":{"allow":["GET"]}}],"collection":[{"href":"https:\/\/www.purejewels.com\/tr\/wp-json\/wp\/v2\/product"}],"about":[{"href":"https:\/\/www.purejewels.com\/tr\/wp-json\/wp\/v2\/types\/product"}],"replies":[{"embeddable":true,"href":"https:\/\/www.purejewels.com\/tr\/wp-json\/wp\/v2\/comments?post=389776"}],"version-history":[{"count":6,"href":"https:\/\/www.purejewels.com\/tr\/wp-json\/wp\/v2\/product\/389776\/revisions"}],"predecessor-version":[{"id":417088,"href":"https:\/\/www.purejewels.com\/tr\/wp-json\/wp\/v2\/product\/389776\/revisions\/417088"}],"wp:featuredmedia":[{"embeddable":true,"href":"https:\/\/www.purejewels.com\/tr\/wp-json\/wp\/v2\/media\/390741"}],"wp:attachment":[{"href":"https:\/\/www.purejewels.com\/tr\/wp-json\/wp\/v2\/media?parent=389776"}],"wp:term":[{"taxonomy":"product_brand","embeddable":true,"href":"https:\/\/www.purejewels.com\/tr\/wp-json\/wp\/v2\/product_brand?post=389776"},{"taxonomy":"product_cat","embeddable":true,"href":"https:\/\/www.purejewels.com\/tr\/wp-json\/wp\/v2\/product_cat?post=389776"},{"taxonomy":"product_tag","embeddable":true,"href":"https:\/\/www.purejewels.com\/tr\/wp-json\/wp\/v2\/product_tag?post=389776"}],"curies":[{"name":"wp","href":"https:\/\/api.w.org\/{rel}","templated":true}]}}