{"id":389813,"date":"2025-04-15T12:10:33","date_gmt":"2025-04-15T11:10:33","guid":{"rendered":"https:\/\/www.purejewels.com\/?post_type=product&#038;p=389813"},"modified":"2026-02-09T10:23:20","modified_gmt":"2026-02-09T10:23:20","slug":"22ct-51538-pirlanta-saplama-kupe","status":"publish","type":"product","link":"https:\/\/www.purejewels.com\/tr\/product\/diamond-stud-earring-in-22ct-51538\/","title":{"rendered":"Bloom Halo \u00c7\u0131t\u00e7\u0131tlar"},"content":{"rendered":"<h3 class=\"\" data-start=\"121\" data-end=\"155\"><strong data-start=\"125\" data-end=\"153\">1. \u0130lham ve Hikaye<\/strong><\/h3>\n<p class=\"\" data-start=\"156\" data-end=\"570\">Bloom Halo \u00c7\u0131t\u00e7\u0131tlar, g\u00fcc\u00fc, g\u00fczelli\u011fi ve duygusal derinli\u011fi simgeleyen, \u00e7i\u00e7ek a\u00e7m\u0131\u015f a\u015fka \u0131\u015f\u0131lt\u0131l\u0131 bir \u00f6vg\u00fcd\u00fcr. En a\u00e7\u0131k ve canl\u0131 haliyle lotus \u00e7i\u00e7e\u011finden esinlenen tasar\u0131m, \u0131\u015f\u0131\u011f\u0131 her a\u00e7\u0131dan yakalayan yontulmu\u015f ta\u00e7 yapraklar\u0131ndan olu\u015fan dalgal\u0131 bir haleye sahiptir. Bir par\u00e7as\u0131 olarak <em data-start=\"449\" data-end=\"467\">Lotus Koleksiyonu<\/em>Bu k\u00fcpeler, ortak yolculuklar ve derin ba\u011flarla geli\u015fen ili\u015fkileri onurland\u0131r\u0131yor.<\/p>\n<h3 class=\"\" data-start=\"572\" data-end=\"611\"><strong data-start=\"576\" data-end=\"609\">2. Malzeme ve \u0130\u015f\u00e7ilik<\/strong><\/h3>\n<p class=\"\" data-start=\"612\" data-end=\"1067\">Londra'da ustal\u0131kla el i\u015f\u00e7ili\u011fiyle \u00fcretilen her bir \u00e7ift PureJewels imzal\u0131 <strong data-start=\"689\" data-end=\"710\">22 Ayar G\u00fcndo\u011fumu Alt\u0131n<\/strong>s\u0131cak, g\u00fcne\u015f \u0131\u015f\u0131\u011f\u0131 tonuyla bilinir. \u00c7\u0131t\u00e7\u0131tlar bir<strong> 0.41ct ve 0.42ct yuvarlak p\u0131rlanta<\/strong> taraf\u0131ndan \u00e7evrelenmi\u015f, s\u0131ras\u0131yla merkezde <strong data-start=\"830\" data-end=\"845\">0.22ct halo<\/strong> bizim \u00f6zel <strong data-start=\"863\" data-end=\"888\">\u00e7iy damlas\u0131 pav\u00e9 ayar\u0131<\/strong>Lotus yapraklar\u0131 \u00fczerinde duran sabah \u00e7iy damlalar\u0131ndan esinlenilmi\u015ftir. Pen\u00e7e t\u0131rnaklar\u0131ndan ta\u00e7 yapra\u011f\u0131n\u0131 and\u0131ran konturlara kadar her ayr\u0131nt\u0131, zarafeti kal\u0131c\u0131 i\u015f\u00e7ilikle dengelemek i\u00e7in rafine edilmi\u015ftir.<\/p>\n<h3 class=\"\" data-start=\"1069\" data-end=\"1094\"><strong data-start=\"1073\" data-end=\"1092\">3. \u015eekillendirme \u0130pu\u00e7lar\u0131<\/strong><\/h3>\n<p class=\"\" data-start=\"1095\" data-end=\"1423\">G\u00fcnd\u00fczden geceye ge\u00e7i\u015fler i\u00e7in m\u00fckemmel olan bu zamans\u0131z k\u00fcpeler, g\u00fcnl\u00fck giyimi ve \u00f6zel g\u00fcnleri y\u00fcceltir. Zarif tasar\u0131mlar\u0131 onlar\u0131 gelin g\u00f6r\u00fcn\u00fcmleri, y\u0131ld\u00f6n\u00fcmleri veya anlaml\u0131 hediyeler i\u00e7in ideal k\u0131lar. \u0130nce bir sofistike g\u00f6r\u00fcn\u00fcm i\u00e7in tek ba\u015f\u0131na tak\u0131n ya da di\u011fer <a href=\"https:\/\/www.purejewels.com\/tr\/urun-kategori%cc%87si%cc%87\/koleksiyonlar\/lotus-koleksiyonlari\/\"><em data-start=\"1359\" data-end=\"1377\">Lotus Koleksiyonu<\/em><\/a> koordineli, sembolik bir ifade i\u00e7in par\u00e7alar.<\/p>","protected":false},"excerpt":{"rendered":"<p>Zarif ve \u0131\u015f\u0131lt\u0131l\u0131 bu 22 ayar G\u00fcndo\u011fumu Alt\u0131n Bloom Halo \u00c7\u0131t\u00e7\u0131tlar, imzam\u0131z olan \u00e7iy damlas\u0131 ayar\u0131nda 0,22 ayar haleyle \u00e7evrelenmi\u015f 0,83 ayar merkez p\u0131rlantaya sahiptir - \u00e7i\u00e7ek a\u00e7an a\u015fk\u0131n bir kutlamas\u0131.<\/p>\n<p><strong>Malzeme:<\/strong> 22 Ayar G\u00fcndo\u011fumu Alt\u0131n<br \/>\n<strong>Hallmark:<\/strong> \u0130ngiliz Damgas\u0131<br \/>\n<strong>Sertifika:<\/strong> GIA sertifikal\u0131<br \/>\n<strong>Ta\u015f:<\/strong> Do\u011fal Elmaslar<br \/>\n<strong>Elmas A\u011f\u0131rl\u0131\u011f\u0131:<\/strong> 1.05ct (toplam)<br \/>\n<strong>Br\u00fct A\u011f\u0131rl\u0131k:<\/strong>\u00a0 4.6 Gms<br \/>\n<strong>SKU: <\/strong>51538<\/p>\n<p><strong>Fiyat ve Teslimat:<\/strong> KDV ve teslimat \u00fccretleri dahil<br \/>\n<a href=\"https:\/\/www.purejewels.com\/tr\/i%cc%87ade-poli%cc%87ti%cc%87kasi\/\">\u0130ade Politikas\u0131<\/a><\/p>","protected":false},"featured_media":389962,"comment_status":"closed","ping_status":"closed","template":"","meta":{"_eb_attr":"","_crsspst_to_jayantr4sg-hostcom":false},"product_brand":[],"product_cat":[1791,5458,5457,1254,1229,1633,1577,1569,1574],"product_tag":[66],"class_list":{"0":"post-389813","1":"product","2":"type-product","3":"status-publish","4":"has-post-thumbnail","6":"product_cat-anniversary-gifts","7":"product_cat-diamond-earring","8":"product_cat-diamond-jewellery","9":"product_cat-gold-earrings","10":"product_cat-22ct-gold-jewellery","11":"product_cat-lotus-collections","12":"product_cat-stud-earrings","13":"product_cat-valentine-day-gifts","14":"product_cat-womens-jewellery","15":"product_tag-earrings","17":"first","18":"onbackorder","19":"taxable","20":"shipping-taxable","21":"purchasable","22":"product-type-simple","23":"add-to-wishlist-before_image"},"yoast_head":"<!-- This site is optimized with the Yoast SEO plugin v27.4 - https:\/\/yoast.com\/product\/yoast-seo-wordpress\/ -->\n<title>22ct Sunrise gold Lotus Stud Halo | PureJewels UK<\/title>\n<meta name=\"description\" content=\"Discover the radiant 22ct Sunrise Gold Lotus Stud Halo from PureJewels UK. Exquisite lotus design with a halo setting. Shop for elegant gold stud earrings.\" \/>\n<meta name=\"robots\" content=\"index, follow, max-snippet:-1, max-image-preview:large, max-video-preview:-1\" \/>\n<link rel=\"canonical\" href=\"https:\/\/www.purejewels.com\/tr\/urun\/22ct-51538-pirlanta-saplama-kupe\/\" \/>\n<meta property=\"og:locale\" content=\"tr_TR\" \/>\n<meta property=\"og:type\" content=\"article\" \/>\n<meta property=\"og:title\" content=\"22ct Sunrise gold Lotus Stud Halo | PureJewels UK\" \/>\n<meta property=\"og:description\" content=\"Discover the radiant 22ct Sunrise Gold Lotus Stud Halo from PureJewels UK. Exquisite lotus design with a halo setting. Shop for elegant gold stud earrings.\" \/>\n<meta property=\"og:url\" content=\"https:\/\/www.purejewels.com\/tr\/urun\/22ct-51538-pirlanta-saplama-kupe\/\" \/>\n<meta property=\"og:site_name\" content=\"PureJewels UK\" \/>\n<meta property=\"article:modified_time\" content=\"2026-02-09T10:23:20+00:00\" \/>\n<meta property=\"og:image\" content=\"https:\/\/static.purejewels.com\/wp-content\/uploads\/2025\/03\/50546.png\" \/>\n\t<meta property=\"og:image:width\" content=\"1000\" \/>\n\t<meta property=\"og:image:height\" content=\"1000\" \/>\n\t<meta property=\"og:image:type\" content=\"image\/png\" \/>\n<meta name=\"twitter:card\" content=\"summary_large_image\" \/>\n<meta name=\"twitter:label1\" content=\"Tahmini okuma s\u00fcresi\" \/>\n\t<meta name=\"twitter:data1\" content=\"1 dakika\" \/>\n<script type=\"application\/ld+json\" class=\"yoast-schema-graph\">{\"@context\":\"https:\\\/\\\/schema.org\",\"@graph\":[{\"@type\":[\"WebPage\",\"ItemPage\"],\"@id\":\"https:\\\/\\\/www.purejewels.com\\\/product\\\/diamond-stud-earring-in-22ct-51538\\\/\",\"url\":\"https:\\\/\\\/www.purejewels.com\\\/product\\\/diamond-stud-earring-in-22ct-51538\\\/\",\"name\":\"22ct Sunrise gold Lotus Stud Halo | PureJewels UK\",\"isPartOf\":{\"@id\":\"https:\\\/\\\/www.purejewels.com\\\/#website\"},\"primaryImageOfPage\":{\"@id\":\"https:\\\/\\\/www.purejewels.com\\\/product\\\/diamond-stud-earring-in-22ct-51538\\\/#primaryimage\"},\"image\":{\"@id\":\"https:\\\/\\\/www.purejewels.com\\\/product\\\/diamond-stud-earring-in-22ct-51538\\\/#primaryimage\"},\"thumbnailUrl\":\"https:\\\/\\\/static.purejewels.com\\\/wp-content\\\/uploads\\\/2025\\\/03\\\/50546.png\",\"datePublished\":\"2025-04-15T11:10:33+00:00\",\"dateModified\":\"2026-02-09T10:23:20+00:00\",\"description\":\"Discover the radiant 22ct Sunrise Gold Lotus Stud Halo from PureJewels UK. Exquisite lotus design with a halo setting. Shop for elegant gold stud earrings.\",\"breadcrumb\":{\"@id\":\"https:\\\/\\\/www.purejewels.com\\\/product\\\/diamond-stud-earring-in-22ct-51538\\\/#breadcrumb\"},\"inLanguage\":\"tr\",\"potentialAction\":[{\"@type\":\"ReadAction\",\"target\":[\"https:\\\/\\\/www.purejewels.com\\\/product\\\/diamond-stud-earring-in-22ct-51538\\\/\"]}]},{\"@type\":\"ImageObject\",\"inLanguage\":\"tr\",\"@id\":\"https:\\\/\\\/www.purejewels.com\\\/product\\\/diamond-stud-earring-in-22ct-51538\\\/#primaryimage\",\"url\":\"https:\\\/\\\/static.purejewels.com\\\/wp-content\\\/uploads\\\/2025\\\/03\\\/50546.png\",\"contentUrl\":\"https:\\\/\\\/static.purejewels.com\\\/wp-content\\\/uploads\\\/2025\\\/03\\\/50546.png\",\"width\":1000,\"height\":1000,\"caption\":\"22ct Sunrise Gold Lotus Stud Halo\"},{\"@type\":\"BreadcrumbList\",\"@id\":\"https:\\\/\\\/www.purejewels.com\\\/product\\\/diamond-stud-earring-in-22ct-51538\\\/#breadcrumb\",\"itemListElement\":[{\"@type\":\"ListItem\",\"position\":1,\"name\":\"Home\",\"item\":\"https:\\\/\\\/www.purejewels.com\\\/\"},{\"@type\":\"ListItem\",\"position\":2,\"name\":\"Shop\",\"item\":\"https:\\\/\\\/www.purejewels.com\\\/shop\\\/\"},{\"@type\":\"ListItem\",\"position\":3,\"name\":\"Bloom Halo Studs\"}]},{\"@type\":\"WebSite\",\"@id\":\"https:\\\/\\\/www.purejewels.com\\\/#website\",\"url\":\"https:\\\/\\\/www.purejewels.com\\\/\",\"name\":\"PureJewels UK\",\"description\":\"Share the Love\",\"publisher\":{\"@id\":\"https:\\\/\\\/www.purejewels.com\\\/#organization\"},\"potentialAction\":[{\"@type\":\"SearchAction\",\"target\":{\"@type\":\"EntryPoint\",\"urlTemplate\":\"https:\\\/\\\/www.purejewels.com\\\/?s={search_term_string}\"},\"query-input\":{\"@type\":\"PropertyValueSpecification\",\"valueRequired\":true,\"valueName\":\"search_term_string\"}}],\"inLanguage\":\"tr\"},{\"@type\":\"Organization\",\"@id\":\"https:\\\/\\\/www.purejewels.com\\\/#organization\",\"name\":\"PureJewels UK\",\"url\":\"https:\\\/\\\/www.purejewels.com\\\/\",\"logo\":{\"@type\":\"ImageObject\",\"inLanguage\":\"tr\",\"@id\":\"https:\\\/\\\/www.purejewels.com\\\/#\\\/schema\\\/logo\\\/image\\\/\",\"url\":\"https:\\\/\\\/static.purejewels.com\\\/wp-content\\\/uploads\\\/2020\\\/11\\\/Logo-PJ-New-1.png\",\"contentUrl\":\"https:\\\/\\\/static.purejewels.com\\\/wp-content\\\/uploads\\\/2020\\\/11\\\/Logo-PJ-New-1.png\",\"width\":150,\"height\":80,\"caption\":\"PureJewels UK\"},\"image\":{\"@id\":\"https:\\\/\\\/www.purejewels.com\\\/#\\\/schema\\\/logo\\\/image\\\/\"}}]}<\/script>\n<!-- \/ Yoast SEO plugin. -->","yoast_head_json":{"title":"22ct Sunrise alt\u0131n Lotus Saplama Halo | PureJewels UK","description":"PureJewels UK'den \u0131\u015f\u0131lt\u0131l\u0131 22 ayar Sunrise Gold Lotus Stud Halo'yu ke\u015ffedin. Halo ayarl\u0131 zarif lotus tasar\u0131m\u0131. Zarif alt\u0131n saplama k\u00fcpeler i\u00e7in al\u0131\u015fveri\u015f yap\u0131n.","robots":{"index":"index","follow":"follow","max-snippet":"max-snippet:-1","max-image-preview":"max-image-preview:large","max-video-preview":"max-video-preview:-1"},"canonical":"https:\/\/www.purejewels.com\/tr\/urun\/22ct-51538-pirlanta-saplama-kupe\/","og_locale":"tr_TR","og_type":"article","og_title":"22ct Sunrise gold Lotus Stud Halo | PureJewels UK","og_description":"Discover the radiant 22ct Sunrise Gold Lotus Stud Halo from PureJewels UK. Exquisite lotus design with a halo setting. Shop for elegant gold stud earrings.","og_url":"https:\/\/www.purejewels.com\/tr\/urun\/22ct-51538-pirlanta-saplama-kupe\/","og_site_name":"PureJewels UK","article_modified_time":"2026-02-09T10:23:20+00:00","og_image":[{"width":1000,"height":1000,"url":"https:\/\/static.purejewels.com\/wp-content\/uploads\/2025\/03\/50546.png","type":"image\/png"}],"twitter_card":"summary_large_image","twitter_misc":{"Tahmini okuma s\u00fcresi":"1 dakika"},"schema":{"@context":"https:\/\/schema.org","@graph":[{"@type":["WebPage","ItemPage"],"@id":"https:\/\/www.purejewels.com\/product\/diamond-stud-earring-in-22ct-51538\/","url":"https:\/\/www.purejewels.com\/product\/diamond-stud-earring-in-22ct-51538\/","name":"22ct Sunrise alt\u0131n Lotus Saplama Halo | PureJewels UK","isPartOf":{"@id":"https:\/\/www.purejewels.com\/#website"},"primaryImageOfPage":{"@id":"https:\/\/www.purejewels.com\/product\/diamond-stud-earring-in-22ct-51538\/#primaryimage"},"image":{"@id":"https:\/\/www.purejewels.com\/product\/diamond-stud-earring-in-22ct-51538\/#primaryimage"},"thumbnailUrl":"https:\/\/static.purejewels.com\/wp-content\/uploads\/2025\/03\/50546.png","datePublished":"2025-04-15T11:10:33+00:00","dateModified":"2026-02-09T10:23:20+00:00","description":"PureJewels UK'den \u0131\u015f\u0131lt\u0131l\u0131 22 ayar Sunrise Gold Lotus Stud Halo'yu ke\u015ffedin. Halo ayarl\u0131 zarif lotus tasar\u0131m\u0131. Zarif alt\u0131n saplama k\u00fcpeler i\u00e7in al\u0131\u015fveri\u015f yap\u0131n.","breadcrumb":{"@id":"https:\/\/www.purejewels.com\/product\/diamond-stud-earring-in-22ct-51538\/#breadcrumb"},"inLanguage":"tr","potentialAction":[{"@type":"ReadAction","target":["https:\/\/www.purejewels.com\/product\/diamond-stud-earring-in-22ct-51538\/"]}]},{"@type":"ImageObject","inLanguage":"tr","@id":"https:\/\/www.purejewels.com\/product\/diamond-stud-earring-in-22ct-51538\/#primaryimage","url":"https:\/\/static.purejewels.com\/wp-content\/uploads\/2025\/03\/50546.png","contentUrl":"https:\/\/static.purejewels.com\/wp-content\/uploads\/2025\/03\/50546.png","width":1000,"height":1000,"caption":"22ct Sunrise Gold Lotus Stud Halo"},{"@type":"BreadcrumbList","@id":"https:\/\/www.purejewels.com\/product\/diamond-stud-earring-in-22ct-51538\/#breadcrumb","itemListElement":[{"@type":"ListItem","position":1,"name":"Home","item":"https:\/\/www.purejewels.com\/"},{"@type":"ListItem","position":2,"name":"Shop","item":"https:\/\/www.purejewels.com\/shop\/"},{"@type":"ListItem","position":3,"name":"Bloom Halo Studs"}]},{"@type":"WebSite","@id":"https:\/\/www.purejewels.com\/#website","url":"https:\/\/www.purejewels.com\/","name":"PureJewels \u0130ngiltere","description":"Sevgiyi Payla\u015f\u0131n","publisher":{"@id":"https:\/\/www.purejewels.com\/#organization"},"potentialAction":[{"@type":"SearchAction","target":{"@type":"EntryPoint","urlTemplate":"https:\/\/www.purejewels.com\/?s={search_term_string}"},"query-input":{"@type":"PropertyValueSpecification","valueRequired":true,"valueName":"search_term_string"}}],"inLanguage":"tr"},{"@type":"Organization","@id":"https:\/\/www.purejewels.com\/#organization","name":"PureJewels \u0130ngiltere","url":"https:\/\/www.purejewels.com\/","logo":{"@type":"ImageObject","inLanguage":"tr","@id":"https:\/\/www.purejewels.com\/#\/schema\/logo\/image\/","url":"https:\/\/static.purejewels.com\/wp-content\/uploads\/2020\/11\/Logo-PJ-New-1.png","contentUrl":"https:\/\/static.purejewels.com\/wp-content\/uploads\/2020\/11\/Logo-PJ-New-1.png","width":150,"height":80,"caption":"PureJewels UK"},"image":{"@id":"https:\/\/www.purejewels.com\/#\/schema\/logo\/image\/"}}]}},"_links":{"self":[{"href":"https:\/\/www.purejewels.com\/tr\/wp-json\/wp\/v2\/product\/389813","targetHints":{"allow":["GET"]}}],"collection":[{"href":"https:\/\/www.purejewels.com\/tr\/wp-json\/wp\/v2\/product"}],"about":[{"href":"https:\/\/www.purejewels.com\/tr\/wp-json\/wp\/v2\/types\/product"}],"replies":[{"embeddable":true,"href":"https:\/\/www.purejewels.com\/tr\/wp-json\/wp\/v2\/comments?post=389813"}],"version-history":[{"count":5,"href":"https:\/\/www.purejewels.com\/tr\/wp-json\/wp\/v2\/product\/389813\/revisions"}],"predecessor-version":[{"id":392305,"href":"https:\/\/www.purejewels.com\/tr\/wp-json\/wp\/v2\/product\/389813\/revisions\/392305"}],"wp:featuredmedia":[{"embeddable":true,"href":"https:\/\/www.purejewels.com\/tr\/wp-json\/wp\/v2\/media\/389962"}],"wp:attachment":[{"href":"https:\/\/www.purejewels.com\/tr\/wp-json\/wp\/v2\/media?parent=389813"}],"wp:term":[{"taxonomy":"product_brand","embeddable":true,"href":"https:\/\/www.purejewels.com\/tr\/wp-json\/wp\/v2\/product_brand?post=389813"},{"taxonomy":"product_cat","embeddable":true,"href":"https:\/\/www.purejewels.com\/tr\/wp-json\/wp\/v2\/product_cat?post=389813"},{"taxonomy":"product_tag","embeddable":true,"href":"https:\/\/www.purejewels.com\/tr\/wp-json\/wp\/v2\/product_tag?post=389813"}],"curies":[{"name":"wp","href":"https:\/\/api.w.org\/{rel}","templated":true}]}}