{"id":389902,"date":"2025-08-06T05:02:57","date_gmt":"2025-08-06T04:02:57","guid":{"rendered":"https:\/\/www.purejewels.com\/?post_type=product&#038;p=389902"},"modified":"2026-02-27T04:19:44","modified_gmt":"2026-02-27T04:19:44","slug":"22-ayar-altin-rozet-cicek-bileklik-51085","status":"publish","type":"product","link":"https:\/\/www.purejewels.com\/tr\/product\/22ct-gold-rosette-flower-bracelet-51085\/","title":{"rendered":"22 Ayar Alt\u0131n Rozet \u00c7i\u00e7ek Bileklik | 7,5 in\u00e7"},"content":{"rendered":"<ul>\n<li data-start=\"231\" data-end=\"402\">\n<p data-start=\"233\" data-end=\"402\"><strong data-start=\"233\" data-end=\"262\">\u0130mza Rozet Detay\u0131:<\/strong> Tasar\u0131m\u0131n merkezinde g\u00fczelli\u011fi, zarafeti ve zamans\u0131z \u015f\u0131kl\u0131\u011f\u0131 simgeleyen, PureJewels'in ay\u0131rt edici \u00f6zelliklerinden biri olan incelikle i\u015flenmi\u015f bir rozet yer al\u0131yor.<\/p>\n<\/li>\n<li data-start=\"403\" data-end=\"552\">\n<p data-start=\"405\" data-end=\"552\"><strong data-start=\"405\" data-end=\"435\">Kal\u0131p Damgal\u0131 \u0130\u015f\u00e7ilik:<\/strong> \u00dcnl\u00fc kal\u0131p damgalama tekni\u011fimiz kullan\u0131larak \u00fcretilmi\u015ftir ve nesiller boyu dayanacak net, hassas detaylar sa\u011flar.<\/p>\n<\/li>\n<li data-start=\"553\" data-end=\"722\">\n<p data-start=\"555\" data-end=\"722\"><strong data-start=\"555\" data-end=\"586\">Minimalist G\u00fcnl\u00fck Tasar\u0131m:<\/strong> Rozeti \u00e7er\u00e7eveleyen ince 22 ayar alt\u0131n zincir, l\u00fcksten \u00f6d\u00fcn vermeden g\u00fcnl\u00fck kullan\u0131m i\u00e7in uygun, hafif ve zarif bir profil sunuyor.<\/p>\n<\/li>\n<li data-start=\"723\" data-end=\"860\">\n<p data-start=\"725\" data-end=\"860\"><strong data-start=\"725\" data-end=\"747\">Saf Alt\u0131n Kalitesi:<\/strong> 22 ayar som alt\u0131ndan \u00fcretilmi\u015ftir ve Londra Assay Ofisi taraf\u0131ndan damgalanarak orijinalli\u011fi ve safl\u0131\u011f\u0131 garanti alt\u0131na al\u0131nm\u0131\u015ft\u0131r.<\/p>\n<\/li>\n<li data-start=\"861\" data-end=\"986\">\n<p data-start=\"863\" data-end=\"986\"><strong data-start=\"863\" data-end=\"886\">Konfor ve G\u00fcvenlik:<\/strong> Zincire kusursuz bir \u015fekilde uyum sa\u011flayan gizli, g\u00fcvenli bir toka ile zahmetsiz kullan\u0131m i\u00e7in tasarlanm\u0131\u015ft\u0131r.<\/p>\n<\/li>\n<li data-start=\"987\" data-end=\"1117\">\n<p data-start=\"989\" data-end=\"1117\"><strong data-start=\"989\" data-end=\"1011\">\u00c7ok Y\u00f6nl\u00fc \u015eekillendirme:<\/strong> \u0130nce bir ifade i\u00e7in tek ba\u015f\u0131na veya ki\u015fiselle\u015ftirilmi\u015f bir g\u00f6r\u00fcn\u00fcm olu\u015fturmak i\u00e7in di\u011fer bileziklerle katmanl\u0131 olarak m\u00fckemmel \u015fekilde tak\u0131l\u0131r.<\/p>\n<\/li>\n<\/ul>","protected":false},"excerpt":{"rendered":"<p>Merkezinde incelikle detayland\u0131r\u0131lm\u0131\u015f bir rozet bulunan 22 ayar alt\u0131ndan zarif bileklik, imzam\u0131z olan kal\u0131p damgalama tekni\u011fi kullan\u0131larak \u00fcretilmi\u015ftir. Zahmetsiz g\u00fcnl\u00fck kullan\u0131m i\u00e7in tasarlanan bu bilezik, minimalist stili zamans\u0131z i\u015f\u00e7ilikle bir araya getiriyor.<\/p>\n<p><strong>Malzeme:<\/strong>\u00a022 Ayar G\u00fcndo\u011fumu Alt\u0131n<br \/>\n<strong>Safl\u0131k:<\/strong>\u00a091.6% saf alt\u0131n<br \/>\n<strong>Hallmark:<\/strong>\u00a0\u0130ngiliz Damgas\u0131<br \/>\n<strong>SKU:<\/strong> 51085<br \/>\n<strong>A\u011f\u0131rl\u0131k:<\/strong> 2.9 Gms<br \/>\n<strong>\u00c7i\u00e7ek geni\u015fli\u011fi:<\/strong> 6mm<br \/>\n<strong>Uzunluk: <\/strong>7,5 \u0130n\u00e7<\/p>\n<p><strong>Fiyat ve Teslimat:<\/strong>\u00a0KDV ve teslimat \u00fccretleri dahil<br \/>\n<a href=\"https:\/\/www.purejewels.com\/tr\/i%cc%87ade-poli%cc%87ti%cc%87kasi\/\"><strong>\u0130ade Politikas\u0131<\/strong><\/a><\/p>","protected":false},"featured_media":364387,"comment_status":"closed","ping_status":"closed","template":"","meta":{"_eb_attr":"","_crsspst_to_jayantr4sg-hostcom":false},"product_brand":[],"product_cat":[1791,1559,6057,236,1790,1324,1229,5586,1656,1569,1573,1574,5349],"product_tag":[5634,5910],"class_list":{"0":"post-389902","1":"product","2":"type-product","3":"status-publish","4":"has-post-thumbnail","6":"product_cat-anniversary-gifts","7":"product_cat-birthday-gifts","8":"product_cat-chain-bracelet","9":"product_cat-collections","10":"product_cat-for-whom-when","11":"product_cat-gold-bracelet","12":"product_cat-22ct-gold-jewellery","13":"product_cat-rosette-bracelet","14":"product_cat-rosettes-collections","15":"product_cat-valentine-day-gifts","16":"product_cat-wedding-gifts","17":"product_cat-womens-jewellery","18":"product_cat-yellow-gold-jewellery","19":"product_tag-22ct-gold-bracelet-for-ladies","20":"product_tag-real-gold-bracelet","22":"first","23":"onbackorder","24":"taxable","25":"shipping-taxable","26":"purchasable","27":"product-type-simple","28":"add-to-wishlist-before_image"},"yoast_head":"<!-- This site is optimized with the Yoast SEO plugin v27.4 - https:\/\/yoast.com\/product\/yoast-seo-wordpress\/ -->\n<title>22K Gold Rosette Bracelet, 7.5 Inch | Floral Design | Buy Now<\/title>\n<meta name=\"description\" content=\"Discover the elegance of our 22K Gold Rosette Bracelet. 7.5 inches of exquisite floral design. Shop now for a luxurious piece of fine gold jewellery.\" \/>\n<meta name=\"robots\" content=\"index, follow, max-snippet:-1, max-image-preview:large, max-video-preview:-1\" \/>\n<link rel=\"canonical\" href=\"https:\/\/www.purejewels.com\/tr\/urun\/22-ayar-altin-rozet-cicek-bileklik-51085\/\" \/>\n<meta property=\"og:locale\" content=\"tr_TR\" \/>\n<meta property=\"og:type\" content=\"article\" \/>\n<meta property=\"og:title\" content=\"22K Gold Rosette Bracelet, 7.5 Inch | Floral Design | Buy Now\" \/>\n<meta property=\"og:description\" content=\"Discover the elegance of our 22K Gold Rosette Bracelet. 7.5 inches of exquisite floral design. Shop now for a luxurious piece of fine gold jewellery.\" \/>\n<meta property=\"og:url\" content=\"https:\/\/www.purejewels.com\/tr\/urun\/22-ayar-altin-rozet-cicek-bileklik-51085\/\" \/>\n<meta property=\"og:site_name\" content=\"PureJewels UK\" \/>\n<meta property=\"article:modified_time\" content=\"2026-02-27T04:19:44+00:00\" \/>\n<meta property=\"og:image\" content=\"https:\/\/static.purejewels.com\/wp-content\/uploads\/2024\/03\/47939.png\" \/>\n\t<meta property=\"og:image:width\" content=\"1000\" \/>\n\t<meta property=\"og:image:height\" content=\"1000\" \/>\n\t<meta property=\"og:image:type\" content=\"image\/png\" \/>\n<meta name=\"twitter:card\" content=\"summary_large_image\" \/>\n<meta name=\"twitter:label1\" content=\"Tahmini okuma s\u00fcresi\" \/>\n\t<meta name=\"twitter:data1\" content=\"1 dakika\" \/>\n<script type=\"application\/ld+json\" class=\"yoast-schema-graph\">{\"@context\":\"https:\\\/\\\/schema.org\",\"@graph\":[{\"@type\":[\"WebPage\",\"ItemPage\"],\"@id\":\"https:\\\/\\\/www.purejewels.com\\\/product\\\/22ct-gold-rosette-flower-bracelet-51085\\\/\",\"url\":\"https:\\\/\\\/www.purejewels.com\\\/product\\\/22ct-gold-rosette-flower-bracelet-51085\\\/\",\"name\":\"22K Gold Rosette Bracelet, 7.5 Inch | Floral Design | Buy Now\",\"isPartOf\":{\"@id\":\"https:\\\/\\\/www.purejewels.com\\\/#website\"},\"primaryImageOfPage\":{\"@id\":\"https:\\\/\\\/www.purejewels.com\\\/product\\\/22ct-gold-rosette-flower-bracelet-51085\\\/#primaryimage\"},\"image\":{\"@id\":\"https:\\\/\\\/www.purejewels.com\\\/product\\\/22ct-gold-rosette-flower-bracelet-51085\\\/#primaryimage\"},\"thumbnailUrl\":\"https:\\\/\\\/static.purejewels.com\\\/wp-content\\\/uploads\\\/2024\\\/03\\\/47939.png\",\"datePublished\":\"2025-08-06T04:02:57+00:00\",\"dateModified\":\"2026-02-27T04:19:44+00:00\",\"description\":\"Discover the elegance of our 22K Gold Rosette Bracelet. 7.5 inches of exquisite floral design. Shop now for a luxurious piece of fine gold jewellery.\",\"breadcrumb\":{\"@id\":\"https:\\\/\\\/www.purejewels.com\\\/product\\\/22ct-gold-rosette-flower-bracelet-51085\\\/#breadcrumb\"},\"inLanguage\":\"tr\",\"potentialAction\":[{\"@type\":\"ReadAction\",\"target\":[\"https:\\\/\\\/www.purejewels.com\\\/product\\\/22ct-gold-rosette-flower-bracelet-51085\\\/\"]}]},{\"@type\":\"ImageObject\",\"inLanguage\":\"tr\",\"@id\":\"https:\\\/\\\/www.purejewels.com\\\/product\\\/22ct-gold-rosette-flower-bracelet-51085\\\/#primaryimage\",\"url\":\"https:\\\/\\\/static.purejewels.com\\\/wp-content\\\/uploads\\\/2024\\\/03\\\/47939.png\",\"contentUrl\":\"https:\\\/\\\/static.purejewels.com\\\/wp-content\\\/uploads\\\/2024\\\/03\\\/47939.png\",\"width\":1000,\"height\":1000,\"caption\":\"22ct Gold bracelet\"},{\"@type\":\"BreadcrumbList\",\"@id\":\"https:\\\/\\\/www.purejewels.com\\\/product\\\/22ct-gold-rosette-flower-bracelet-51085\\\/#breadcrumb\",\"itemListElement\":[{\"@type\":\"ListItem\",\"position\":1,\"name\":\"Home\",\"item\":\"https:\\\/\\\/www.purejewels.com\\\/\"},{\"@type\":\"ListItem\",\"position\":2,\"name\":\"Shop\",\"item\":\"https:\\\/\\\/www.purejewels.com\\\/shop\\\/\"},{\"@type\":\"ListItem\",\"position\":3,\"name\":\"22ct Gold Rosette Flower Bracelet | 7.5 inches\"}]},{\"@type\":\"WebSite\",\"@id\":\"https:\\\/\\\/www.purejewels.com\\\/#website\",\"url\":\"https:\\\/\\\/www.purejewels.com\\\/\",\"name\":\"PureJewels UK\",\"description\":\"Share the Love\",\"publisher\":{\"@id\":\"https:\\\/\\\/www.purejewels.com\\\/#organization\"},\"potentialAction\":[{\"@type\":\"SearchAction\",\"target\":{\"@type\":\"EntryPoint\",\"urlTemplate\":\"https:\\\/\\\/www.purejewels.com\\\/?s={search_term_string}\"},\"query-input\":{\"@type\":\"PropertyValueSpecification\",\"valueRequired\":true,\"valueName\":\"search_term_string\"}}],\"inLanguage\":\"tr\"},{\"@type\":\"Organization\",\"@id\":\"https:\\\/\\\/www.purejewels.com\\\/#organization\",\"name\":\"PureJewels UK\",\"url\":\"https:\\\/\\\/www.purejewels.com\\\/\",\"logo\":{\"@type\":\"ImageObject\",\"inLanguage\":\"tr\",\"@id\":\"https:\\\/\\\/www.purejewels.com\\\/#\\\/schema\\\/logo\\\/image\\\/\",\"url\":\"https:\\\/\\\/static.purejewels.com\\\/wp-content\\\/uploads\\\/2020\\\/11\\\/Logo-PJ-New-1.png\",\"contentUrl\":\"https:\\\/\\\/static.purejewels.com\\\/wp-content\\\/uploads\\\/2020\\\/11\\\/Logo-PJ-New-1.png\",\"width\":150,\"height\":80,\"caption\":\"PureJewels UK\"},\"image\":{\"@id\":\"https:\\\/\\\/www.purejewels.com\\\/#\\\/schema\\\/logo\\\/image\\\/\"}}]}<\/script>\n<!-- \/ Yoast SEO plugin. -->","yoast_head_json":{"title":"22 Ayar Alt\u0131n Rozet Bileklik, 7,5 \u0130n\u00e7 | \u00c7i\u00e7ek Desenli | \u015eimdi Sat\u0131n Al","description":"22K Alt\u0131n Rozet Bilekli\u011fimizin zarafetini ke\u015ffedin. 7,5 in\u00e7lik zarif \u00e7i\u00e7ek tasar\u0131m\u0131. L\u00fcks bir alt\u0131n m\u00fccevher par\u00e7as\u0131 i\u00e7in \u015fimdi al\u0131\u015fveri\u015f yap\u0131n.","robots":{"index":"index","follow":"follow","max-snippet":"max-snippet:-1","max-image-preview":"max-image-preview:large","max-video-preview":"max-video-preview:-1"},"canonical":"https:\/\/www.purejewels.com\/tr\/urun\/22-ayar-altin-rozet-cicek-bileklik-51085\/","og_locale":"tr_TR","og_type":"article","og_title":"22K Gold Rosette Bracelet, 7.5 Inch | Floral Design | Buy Now","og_description":"Discover the elegance of our 22K Gold Rosette Bracelet. 7.5 inches of exquisite floral design. Shop now for a luxurious piece of fine gold jewellery.","og_url":"https:\/\/www.purejewels.com\/tr\/urun\/22-ayar-altin-rozet-cicek-bileklik-51085\/","og_site_name":"PureJewels UK","article_modified_time":"2026-02-27T04:19:44+00:00","og_image":[{"width":1000,"height":1000,"url":"https:\/\/static.purejewels.com\/wp-content\/uploads\/2024\/03\/47939.png","type":"image\/png"}],"twitter_card":"summary_large_image","twitter_misc":{"Tahmini okuma s\u00fcresi":"1 dakika"},"schema":{"@context":"https:\/\/schema.org","@graph":[{"@type":["WebPage","ItemPage"],"@id":"https:\/\/www.purejewels.com\/product\/22ct-gold-rosette-flower-bracelet-51085\/","url":"https:\/\/www.purejewels.com\/product\/22ct-gold-rosette-flower-bracelet-51085\/","name":"22 Ayar Alt\u0131n Rozet Bileklik, 7,5 \u0130n\u00e7 | \u00c7i\u00e7ek Desenli | \u015eimdi Sat\u0131n Al","isPartOf":{"@id":"https:\/\/www.purejewels.com\/#website"},"primaryImageOfPage":{"@id":"https:\/\/www.purejewels.com\/product\/22ct-gold-rosette-flower-bracelet-51085\/#primaryimage"},"image":{"@id":"https:\/\/www.purejewels.com\/product\/22ct-gold-rosette-flower-bracelet-51085\/#primaryimage"},"thumbnailUrl":"https:\/\/static.purejewels.com\/wp-content\/uploads\/2024\/03\/47939.png","datePublished":"2025-08-06T04:02:57+00:00","dateModified":"2026-02-27T04:19:44+00:00","description":"22K Alt\u0131n Rozet Bilekli\u011fimizin zarafetini ke\u015ffedin. 7,5 in\u00e7lik zarif \u00e7i\u00e7ek tasar\u0131m\u0131. L\u00fcks bir alt\u0131n m\u00fccevher par\u00e7as\u0131 i\u00e7in \u015fimdi al\u0131\u015fveri\u015f yap\u0131n.","breadcrumb":{"@id":"https:\/\/www.purejewels.com\/product\/22ct-gold-rosette-flower-bracelet-51085\/#breadcrumb"},"inLanguage":"tr","potentialAction":[{"@type":"ReadAction","target":["https:\/\/www.purejewels.com\/product\/22ct-gold-rosette-flower-bracelet-51085\/"]}]},{"@type":"ImageObject","inLanguage":"tr","@id":"https:\/\/www.purejewels.com\/product\/22ct-gold-rosette-flower-bracelet-51085\/#primaryimage","url":"https:\/\/static.purejewels.com\/wp-content\/uploads\/2024\/03\/47939.png","contentUrl":"https:\/\/static.purejewels.com\/wp-content\/uploads\/2024\/03\/47939.png","width":1000,"height":1000,"caption":"22ct Gold bracelet"},{"@type":"BreadcrumbList","@id":"https:\/\/www.purejewels.com\/product\/22ct-gold-rosette-flower-bracelet-51085\/#breadcrumb","itemListElement":[{"@type":"ListItem","position":1,"name":"Home","item":"https:\/\/www.purejewels.com\/"},{"@type":"ListItem","position":2,"name":"Shop","item":"https:\/\/www.purejewels.com\/shop\/"},{"@type":"ListItem","position":3,"name":"22ct Gold Rosette Flower Bracelet | 7.5 inches"}]},{"@type":"WebSite","@id":"https:\/\/www.purejewels.com\/#website","url":"https:\/\/www.purejewels.com\/","name":"PureJewels \u0130ngiltere","description":"Sevgiyi Payla\u015f\u0131n","publisher":{"@id":"https:\/\/www.purejewels.com\/#organization"},"potentialAction":[{"@type":"SearchAction","target":{"@type":"EntryPoint","urlTemplate":"https:\/\/www.purejewels.com\/?s={search_term_string}"},"query-input":{"@type":"PropertyValueSpecification","valueRequired":true,"valueName":"search_term_string"}}],"inLanguage":"tr"},{"@type":"Organization","@id":"https:\/\/www.purejewels.com\/#organization","name":"PureJewels \u0130ngiltere","url":"https:\/\/www.purejewels.com\/","logo":{"@type":"ImageObject","inLanguage":"tr","@id":"https:\/\/www.purejewels.com\/#\/schema\/logo\/image\/","url":"https:\/\/static.purejewels.com\/wp-content\/uploads\/2020\/11\/Logo-PJ-New-1.png","contentUrl":"https:\/\/static.purejewels.com\/wp-content\/uploads\/2020\/11\/Logo-PJ-New-1.png","width":150,"height":80,"caption":"PureJewels UK"},"image":{"@id":"https:\/\/www.purejewels.com\/#\/schema\/logo\/image\/"}}]}},"_links":{"self":[{"href":"https:\/\/www.purejewels.com\/tr\/wp-json\/wp\/v2\/product\/389902","targetHints":{"allow":["GET"]}}],"collection":[{"href":"https:\/\/www.purejewels.com\/tr\/wp-json\/wp\/v2\/product"}],"about":[{"href":"https:\/\/www.purejewels.com\/tr\/wp-json\/wp\/v2\/types\/product"}],"replies":[{"embeddable":true,"href":"https:\/\/www.purejewels.com\/tr\/wp-json\/wp\/v2\/comments?post=389902"}],"version-history":[{"count":4,"href":"https:\/\/www.purejewels.com\/tr\/wp-json\/wp\/v2\/product\/389902\/revisions"}],"predecessor-version":[{"id":394119,"href":"https:\/\/www.purejewels.com\/tr\/wp-json\/wp\/v2\/product\/389902\/revisions\/394119"}],"wp:featuredmedia":[{"embeddable":true,"href":"https:\/\/www.purejewels.com\/tr\/wp-json\/wp\/v2\/media\/364387"}],"wp:attachment":[{"href":"https:\/\/www.purejewels.com\/tr\/wp-json\/wp\/v2\/media?parent=389902"}],"wp:term":[{"taxonomy":"product_brand","embeddable":true,"href":"https:\/\/www.purejewels.com\/tr\/wp-json\/wp\/v2\/product_brand?post=389902"},{"taxonomy":"product_cat","embeddable":true,"href":"https:\/\/www.purejewels.com\/tr\/wp-json\/wp\/v2\/product_cat?post=389902"},{"taxonomy":"product_tag","embeddable":true,"href":"https:\/\/www.purejewels.com\/tr\/wp-json\/wp\/v2\/product_tag?post=389902"}],"curies":[{"name":"wp","href":"https:\/\/api.w.org\/{rel}","templated":true}]}}