{"id":390161,"date":"2025-04-26T05:30:44","date_gmt":"2025-04-26T04:30:44","guid":{"rendered":"https:\/\/www.purejewels.com\/?post_type=product&#038;p=390161"},"modified":"2026-02-09T10:22:21","modified_gmt":"2026-02-09T10:22:21","slug":"su-dalgasi-elmas-bant-48135","status":"publish","type":"product","link":"https:\/\/www.purejewels.com\/tr\/product\/water-wave-diamond-band-48135\/","title":{"rendered":"Su Dalgas\u0131 P\u0131rlanta Kordon"},"content":{"rendered":"<p class=\"\" data-start=\"190\" data-end=\"218\"><strong data-start=\"190\" data-end=\"218\">1. \u0130lham ve Hikaye<\/strong><\/p>\n<p class=\"\" data-start=\"220\" data-end=\"790\">Su Dalgas\u0131 P\u0131rlanta Y\u00fcz\u00fck, uyum i\u00e7indeki a\u015fka zarif bir \u00f6vg\u00fcd\u00fcr - bir arada hareket eden iki hayat\u0131n ak\u0131\u015f\u0131yla \u015fekillenen bir tasar\u0131m. Lotus \u00e7i\u00e7e\u011finin dingin g\u00fczelli\u011finden ve suyun ak\u0131\u015fkan ritminden ilham alan bu y\u00fcz\u00fck, nazik\u00e7e kucaklayan, destekleyen ve y\u00fckselten a\u015fk\u0131n zarafetini yans\u0131t\u0131yor. Kavisli formu, a\u015fk\u0131n su gibi kendi yolunu \u00e7izdi\u011fi yolculu\u011fun do\u011fal kavisini yans\u0131t\u0131yor. Lotus Koleksiyonu'nun bir par\u00e7as\u0131 olan bu Su Dalgas\u0131 Kordon, a\u015fk\u0131n k\u0131r\u0131lmadan b\u00fck\u00fcld\u00fc\u011f\u00fc, zamanla yumu\u015fad\u0131\u011f\u0131 ve birlikteli\u011fin sessiz g\u00fcc\u00fcn\u00fc yans\u0131tt\u0131\u011f\u0131 anlar\u0131 kutluyor.<\/p>\n<p class=\"\" data-start=\"792\" data-end=\"825\"><strong data-start=\"792\" data-end=\"825\">2. Malzeme ve \u0130\u015f\u00e7ilik<\/strong><\/p>\n<p class=\"\" data-start=\"827\" data-end=\"1492\">PureJewels'in 18 ayar alt\u0131n\u0131 kullan\u0131larak Londra'da el i\u015f\u00e7ili\u011fiyle \u00fcretilen Water Wave P\u0131rlanta Kordon, \u0131\u015f\u0131lt\u0131l\u0131 ve s\u0131cak bir renk tonuyla parl\u0131yor. \u015e\u0131k, yontulmu\u015f y\u00fczeyi, durgun bir g\u00f6ldeki dalgalar gibi \u0131\u015f\u0131\u011f\u0131 yakalayarak modern formuna yumu\u015fak bir parlakl\u0131k kat\u0131yor. Lotus Ni\u015fan Y\u00fcz\u00fc\u011f\u00fcn\u00fcn \u015feklini nazik\u00e7e \u015fekillendirecek \u015fekilde tasarlanan bu y\u00fcz\u00fck, tekta\u015f\u0131n yan\u0131na m\u00fckemmel bir \u015fekilde yerle\u015ferek hizalanm\u0131\u015f iki kalbin samimi uyumunu yans\u0131t\u0131yor. \u0130nce bir s\u0131ra p\u0131rlanta, Su Dalgas\u0131 k\u0131vr\u0131m\u0131n\u0131 izleyerek minimal zarafetini y\u00fckseltmeye yetecek kadar \u0131\u015f\u0131lt\u0131 getiriyor. Temiz hatlardan ak\u0131c\u0131 siluete kadar her ayr\u0131nt\u0131, usta zanaatk\u00e2rlar\u0131m\u0131z\u0131n becerisini yans\u0131t\u0131yor ve i\u015f\u00e7ili\u011fi sessiz sembolizmle birle\u015ftiriyor.<\/p>\n<p class=\"\" data-start=\"1494\" data-end=\"1513\"><strong data-start=\"1494\" data-end=\"1513\">3. \u015eekillendirme \u0130pu\u00e7lar\u0131<\/strong><\/p>\n<p class=\"\" data-start=\"1515\" data-end=\"1974\">Sadeli\u011fiyle zarif olan bu Su Dalgas\u0131 P\u0131rlanta Kordon, bir ni\u015fan y\u00fcz\u00fc\u011f\u00fcn\u00fcn m\u00fckemmel orta\u011f\u0131d\u0131r - gelin destenize zarif bir k\u0131vr\u0131m katarken parlakl\u0131\u011f\u0131n\u0131 art\u0131r\u0131r. Ayr\u0131ca tek ba\u015f\u0131na tak\u0131ld\u0131\u011f\u0131nda veya modern, heykelsi bir g\u00f6r\u00fcn\u00fcm i\u00e7in di\u011fer bantlarla katmanland\u0131\u011f\u0131nda g\u00fczel bir y\u0131ld\u00f6n\u00fcm\u00fc veya d\u00f6n\u00fcm noktas\u0131 hediyesi olur. \u0130ster yeni bir d\u00f6neme i\u015faret etsin ister devam eden bir yolculu\u011fu kutlas\u0131n, zarif \u015fekli ve ince \u0131\u015f\u0131lt\u0131s\u0131 onu her m\u00fccevher koleksiyonuna anlaml\u0131 bir katk\u0131 haline getirir.<\/p>","protected":false},"excerpt":{"rendered":"<p>Zarif ve ak\u0131c\u0131 olan bu 18 Ayar Alt\u0131n Su Dalgas\u0131 P\u0131rlanta Kordon, 0,11 ct p\u0131rlantaya sahiptir - a\u015fk\u0131n do\u011fal ritmine ve klasik ak\u0131\u015f\u0131na par\u0131ldayan bir \u00f6vg\u00fc.<\/p>\n<p><strong>Malzeme:<\/strong> 18 Ayar Sar\u0131 Alt\u0131n<strong><br \/>\n<strong>Hallmark: <\/strong><\/strong>\u0130ngiliz Damgas\u0131<strong><strong><br \/>\n<\/strong><\/strong><strong><strong>Ta\u015f: <\/strong><\/strong>Elmas<strong><strong><br \/>\n<\/strong><\/strong><strong><strong><b>Elmas Rengi<\/b>: <\/strong><\/strong>J<br \/>\n<strong><strong>Elmas A\u011f\u0131rl\u0131\u011f\u0131.:<\/strong><\/strong>0.11ct<strong><strong><br \/>\n<\/strong><\/strong><strong><strong><strong><strong><strong><strong>Br\u00fct A\u011f\u0131rl\u0131k:\u00a0 <\/strong><\/strong><\/strong><\/strong><\/strong><\/strong>4.3 Gms<strong><strong><strong><strong><strong><br \/>\n<strong>Y\u00fcz\u00fck \u00d6l\u00e7\u00fcs\u00fc: <\/strong><\/strong><\/strong><\/strong><\/strong><\/strong>M<br \/>\n<strong>SKU: <\/strong>48135<\/p>\n<p><strong><strong><strong><strong><strong><strong>Fiyat ve Teslimat:<\/strong><\/strong><\/strong><\/strong><\/strong><\/strong>KDV ve teslimat \u00fccretleri dahil<strong><strong><strong><strong><strong><br \/>\n<strong><strong><strong><strong><strong>Not: <\/strong><\/strong><\/strong><\/strong><\/strong><\/strong><\/strong><\/strong><\/strong><\/strong>Bu y\u00fcz\u00fck t\u00fcm parmak \u00f6l\u00e7\u00fclerinde mevcuttur. L\u00fctfen <strong id=\"btn_TawkLink\">\u0130leti\u015fime ge\u00e7in <\/strong>size en uygun olan\u0131 sipari\u015f etmek i\u00e7in.<br \/>\n<strong><a href=\"https:\/\/www.purejewels.com\/tr\/i%cc%87ade-poli%cc%87ti%cc%87kasi\/\">\u0130ade Politikas\u0131<\/a><\/strong><\/p>","protected":false},"featured_media":391873,"comment_status":"closed","ping_status":"closed","template":"","meta":{"_eb_attr":"","_crsspst_to_jayantr4sg-hostcom":false},"product_brand":[],"product_cat":[1799,5679,5296,1791,1785,5457,5460,1235,1783,1633,6050,1569,229,1574,5297],"product_tag":[5961,5960,64],"class_list":{"0":"post-390161","1":"product","2":"type-product","3":"status-publish","4":"has-post-thumbnail","6":"product_cat-18ct-gold-bands","7":"product_cat-18ct-gold-jewellery","8":"product_cat-18ct-wedding-bands","9":"product_cat-anniversary-gifts","10":"product_cat-daily-wear-rings","11":"product_cat-diamond-jewellery","12":"product_cat-diamond-ring","13":"product_cat-gold-rings","14":"product_cat-ladies-rings","15":"product_cat-lotus-collections","16":"product_cat-lotus-ring","17":"product_cat-valentine-day-gifts","18":"product_cat-wedding-bands","19":"product_cat-womens-jewellery","20":"product_cat-yellow-gold-wedding-bands","21":"product_tag-18ct-gold","22":"product_tag-band","23":"product_tag-rings","25":"first","26":"onbackorder","27":"taxable","28":"shipping-taxable","29":"purchasable","30":"product-type-simple","31":"add-to-wishlist-before_image"},"yoast_head":"<!-- This site is optimized with the Yoast SEO plugin v27.5 - https:\/\/yoast.com\/product\/yoast-seo-wordpress\/ -->\n<title>18ct Gold Water Wave Diamond Band | Size M | PureJewels UK<\/title>\n<meta name=\"description\" content=\"Shop the exquisite 18ct Sunrise Gold Water Wave Diamond Band in Size M at PureJewels UK. This ring is a perfect statement piece.\" \/>\n<meta name=\"robots\" content=\"index, follow, max-snippet:-1, max-image-preview:large, max-video-preview:-1\" \/>\n<link rel=\"canonical\" href=\"https:\/\/www.purejewels.com\/tr\/urun\/su-dalgasi-elmas-bant-48135\/\" \/>\n<meta property=\"og:locale\" content=\"tr_TR\" \/>\n<meta property=\"og:type\" content=\"article\" \/>\n<meta property=\"og:title\" content=\"18ct Gold Water Wave Diamond Band | Size M | PureJewels UK\" \/>\n<meta property=\"og:description\" content=\"Shop the exquisite 18ct Sunrise Gold Water Wave Diamond Band in Size M at PureJewels UK. This ring is a perfect statement piece.\" \/>\n<meta property=\"og:url\" content=\"https:\/\/www.purejewels.com\/tr\/urun\/su-dalgasi-elmas-bant-48135\/\" \/>\n<meta property=\"og:site_name\" content=\"PureJewels UK\" \/>\n<meta property=\"article:modified_time\" content=\"2026-02-09T10:22:21+00:00\" \/>\n<meta property=\"og:image\" content=\"https:\/\/static.purejewels.com\/wp-content\/uploads\/2024\/03\/48135.png\" \/>\n\t<meta property=\"og:image:width\" content=\"1000\" \/>\n\t<meta property=\"og:image:height\" content=\"1000\" \/>\n\t<meta property=\"og:image:type\" content=\"image\/png\" \/>\n<meta name=\"twitter:card\" content=\"summary_large_image\" \/>\n<meta name=\"twitter:label1\" content=\"Tahmini okuma s\u00fcresi\" \/>\n\t<meta name=\"twitter:data1\" content=\"2 dakika\" \/>\n<script type=\"application\/ld+json\" class=\"yoast-schema-graph\">{\"@context\":\"https:\\\/\\\/schema.org\",\"@graph\":[{\"@type\":[\"WebPage\",\"ItemPage\"],\"@id\":\"https:\\\/\\\/www.purejewels.com\\\/product\\\/water-wave-diamond-band-48135\\\/\",\"url\":\"https:\\\/\\\/www.purejewels.com\\\/product\\\/water-wave-diamond-band-48135\\\/\",\"name\":\"18ct Gold Water Wave Diamond Band | Size M | PureJewels UK\",\"isPartOf\":{\"@id\":\"https:\\\/\\\/www.purejewels.com\\\/#website\"},\"primaryImageOfPage\":{\"@id\":\"https:\\\/\\\/www.purejewels.com\\\/product\\\/water-wave-diamond-band-48135\\\/#primaryimage\"},\"image\":{\"@id\":\"https:\\\/\\\/www.purejewels.com\\\/product\\\/water-wave-diamond-band-48135\\\/#primaryimage\"},\"thumbnailUrl\":\"https:\\\/\\\/static.purejewels.com\\\/wp-content\\\/uploads\\\/2024\\\/03\\\/48135.png\",\"datePublished\":\"2025-04-26T04:30:44+00:00\",\"dateModified\":\"2026-02-09T10:22:21+00:00\",\"description\":\"Shop the exquisite 18ct Sunrise Gold Water Wave Diamond Band in Size M at PureJewels UK. This ring is a perfect statement piece.\",\"breadcrumb\":{\"@id\":\"https:\\\/\\\/www.purejewels.com\\\/product\\\/water-wave-diamond-band-48135\\\/#breadcrumb\"},\"inLanguage\":\"tr\",\"potentialAction\":[{\"@type\":\"ReadAction\",\"target\":[\"https:\\\/\\\/www.purejewels.com\\\/product\\\/water-wave-diamond-band-48135\\\/\"]}]},{\"@type\":\"ImageObject\",\"inLanguage\":\"tr\",\"@id\":\"https:\\\/\\\/www.purejewels.com\\\/product\\\/water-wave-diamond-band-48135\\\/#primaryimage\",\"url\":\"https:\\\/\\\/static.purejewels.com\\\/wp-content\\\/uploads\\\/2024\\\/03\\\/48135.png\",\"contentUrl\":\"https:\\\/\\\/static.purejewels.com\\\/wp-content\\\/uploads\\\/2024\\\/03\\\/48135.png\",\"width\":1000,\"height\":1000,\"caption\":\"Water Wave Diamond Band\"},{\"@type\":\"BreadcrumbList\",\"@id\":\"https:\\\/\\\/www.purejewels.com\\\/product\\\/water-wave-diamond-band-48135\\\/#breadcrumb\",\"itemListElement\":[{\"@type\":\"ListItem\",\"position\":1,\"name\":\"Home\",\"item\":\"https:\\\/\\\/www.purejewels.com\\\/\"},{\"@type\":\"ListItem\",\"position\":2,\"name\":\"Shop\",\"item\":\"https:\\\/\\\/www.purejewels.com\\\/shop\\\/\"},{\"@type\":\"ListItem\",\"position\":3,\"name\":\"Water Wave Diamond Band\"}]},{\"@type\":\"WebSite\",\"@id\":\"https:\\\/\\\/www.purejewels.com\\\/#website\",\"url\":\"https:\\\/\\\/www.purejewels.com\\\/\",\"name\":\"PureJewels UK\",\"description\":\"Share the Love\",\"publisher\":{\"@id\":\"https:\\\/\\\/www.purejewels.com\\\/#organization\"},\"potentialAction\":[{\"@type\":\"SearchAction\",\"target\":{\"@type\":\"EntryPoint\",\"urlTemplate\":\"https:\\\/\\\/www.purejewels.com\\\/?s={search_term_string}\"},\"query-input\":{\"@type\":\"PropertyValueSpecification\",\"valueRequired\":true,\"valueName\":\"search_term_string\"}}],\"inLanguage\":\"tr\"},{\"@type\":\"Organization\",\"@id\":\"https:\\\/\\\/www.purejewels.com\\\/#organization\",\"name\":\"PureJewels UK\",\"url\":\"https:\\\/\\\/www.purejewels.com\\\/\",\"logo\":{\"@type\":\"ImageObject\",\"inLanguage\":\"tr\",\"@id\":\"https:\\\/\\\/www.purejewels.com\\\/#\\\/schema\\\/logo\\\/image\\\/\",\"url\":\"https:\\\/\\\/static.purejewels.com\\\/wp-content\\\/uploads\\\/2020\\\/11\\\/Logo-PJ-New-1.png\",\"contentUrl\":\"https:\\\/\\\/static.purejewels.com\\\/wp-content\\\/uploads\\\/2020\\\/11\\\/Logo-PJ-New-1.png\",\"width\":150,\"height\":80,\"caption\":\"PureJewels UK\"},\"image\":{\"@id\":\"https:\\\/\\\/www.purejewels.com\\\/#\\\/schema\\\/logo\\\/image\\\/\"}}]}<\/script>\n<!-- \/ Yoast SEO plugin. -->","yoast_head_json":{"title":"18 Ayar Alt\u0131n Su Dalgas\u0131 P\u0131rlanta Kordon | M Beden | PureJewels UK","description":"PureJewels UK'de M beden zarif 18 ayar Sunrise Gold Water Wave Diamond Band'i sat\u0131n al\u0131n. Bu y\u00fcz\u00fck m\u00fckemmel bir ifade par\u00e7as\u0131d\u0131r.","robots":{"index":"index","follow":"follow","max-snippet":"max-snippet:-1","max-image-preview":"max-image-preview:large","max-video-preview":"max-video-preview:-1"},"canonical":"https:\/\/www.purejewels.com\/tr\/urun\/su-dalgasi-elmas-bant-48135\/","og_locale":"tr_TR","og_type":"article","og_title":"18ct Gold Water Wave Diamond Band | Size M | PureJewels UK","og_description":"Shop the exquisite 18ct Sunrise Gold Water Wave Diamond Band in Size M at PureJewels UK. This ring is a perfect statement piece.","og_url":"https:\/\/www.purejewels.com\/tr\/urun\/su-dalgasi-elmas-bant-48135\/","og_site_name":"PureJewels UK","article_modified_time":"2026-02-09T10:22:21+00:00","og_image":[{"width":1000,"height":1000,"url":"https:\/\/static.purejewels.com\/wp-content\/uploads\/2024\/03\/48135.png","type":"image\/png"}],"twitter_card":"summary_large_image","twitter_misc":{"Tahmini okuma s\u00fcresi":"2 dakika"},"schema":{"@context":"https:\/\/schema.org","@graph":[{"@type":["WebPage","ItemPage"],"@id":"https:\/\/www.purejewels.com\/product\/water-wave-diamond-band-48135\/","url":"https:\/\/www.purejewels.com\/product\/water-wave-diamond-band-48135\/","name":"18 Ayar Alt\u0131n Su Dalgas\u0131 P\u0131rlanta Kordon | M Beden | PureJewels UK","isPartOf":{"@id":"https:\/\/www.purejewels.com\/#website"},"primaryImageOfPage":{"@id":"https:\/\/www.purejewels.com\/product\/water-wave-diamond-band-48135\/#primaryimage"},"image":{"@id":"https:\/\/www.purejewels.com\/product\/water-wave-diamond-band-48135\/#primaryimage"},"thumbnailUrl":"https:\/\/static.purejewels.com\/wp-content\/uploads\/2024\/03\/48135.png","datePublished":"2025-04-26T04:30:44+00:00","dateModified":"2026-02-09T10:22:21+00:00","description":"PureJewels UK'de M beden zarif 18 ayar Sunrise Gold Water Wave Diamond Band'i sat\u0131n al\u0131n. Bu y\u00fcz\u00fck m\u00fckemmel bir ifade par\u00e7as\u0131d\u0131r.","breadcrumb":{"@id":"https:\/\/www.purejewels.com\/product\/water-wave-diamond-band-48135\/#breadcrumb"},"inLanguage":"tr","potentialAction":[{"@type":"ReadAction","target":["https:\/\/www.purejewels.com\/product\/water-wave-diamond-band-48135\/"]}]},{"@type":"ImageObject","inLanguage":"tr","@id":"https:\/\/www.purejewels.com\/product\/water-wave-diamond-band-48135\/#primaryimage","url":"https:\/\/static.purejewels.com\/wp-content\/uploads\/2024\/03\/48135.png","contentUrl":"https:\/\/static.purejewels.com\/wp-content\/uploads\/2024\/03\/48135.png","width":1000,"height":1000,"caption":"Water Wave Diamond Band"},{"@type":"BreadcrumbList","@id":"https:\/\/www.purejewels.com\/product\/water-wave-diamond-band-48135\/#breadcrumb","itemListElement":[{"@type":"ListItem","position":1,"name":"Home","item":"https:\/\/www.purejewels.com\/"},{"@type":"ListItem","position":2,"name":"Shop","item":"https:\/\/www.purejewels.com\/shop\/"},{"@type":"ListItem","position":3,"name":"Water Wave Diamond Band"}]},{"@type":"WebSite","@id":"https:\/\/www.purejewels.com\/#website","url":"https:\/\/www.purejewels.com\/","name":"PureJewels \u0130ngiltere","description":"Sevgiyi Payla\u015f\u0131n","publisher":{"@id":"https:\/\/www.purejewels.com\/#organization"},"potentialAction":[{"@type":"SearchAction","target":{"@type":"EntryPoint","urlTemplate":"https:\/\/www.purejewels.com\/?s={search_term_string}"},"query-input":{"@type":"PropertyValueSpecification","valueRequired":true,"valueName":"search_term_string"}}],"inLanguage":"tr"},{"@type":"Organization","@id":"https:\/\/www.purejewels.com\/#organization","name":"PureJewels \u0130ngiltere","url":"https:\/\/www.purejewels.com\/","logo":{"@type":"ImageObject","inLanguage":"tr","@id":"https:\/\/www.purejewels.com\/#\/schema\/logo\/image\/","url":"https:\/\/static.purejewels.com\/wp-content\/uploads\/2020\/11\/Logo-PJ-New-1.png","contentUrl":"https:\/\/static.purejewels.com\/wp-content\/uploads\/2020\/11\/Logo-PJ-New-1.png","width":150,"height":80,"caption":"PureJewels UK"},"image":{"@id":"https:\/\/www.purejewels.com\/#\/schema\/logo\/image\/"}}]}},"_links":{"self":[{"href":"https:\/\/www.purejewels.com\/tr\/wp-json\/wp\/v2\/product\/390161","targetHints":{"allow":["GET"]}}],"collection":[{"href":"https:\/\/www.purejewels.com\/tr\/wp-json\/wp\/v2\/product"}],"about":[{"href":"https:\/\/www.purejewels.com\/tr\/wp-json\/wp\/v2\/types\/product"}],"replies":[{"embeddable":true,"href":"https:\/\/www.purejewels.com\/tr\/wp-json\/wp\/v2\/comments?post=390161"}],"version-history":[{"count":5,"href":"https:\/\/www.purejewels.com\/tr\/wp-json\/wp\/v2\/product\/390161\/revisions"}],"predecessor-version":[{"id":392345,"href":"https:\/\/www.purejewels.com\/tr\/wp-json\/wp\/v2\/product\/390161\/revisions\/392345"}],"wp:featuredmedia":[{"embeddable":true,"href":"https:\/\/www.purejewels.com\/tr\/wp-json\/wp\/v2\/media\/391873"}],"wp:attachment":[{"href":"https:\/\/www.purejewels.com\/tr\/wp-json\/wp\/v2\/media?parent=390161"}],"wp:term":[{"taxonomy":"product_brand","embeddable":true,"href":"https:\/\/www.purejewels.com\/tr\/wp-json\/wp\/v2\/product_brand?post=390161"},{"taxonomy":"product_cat","embeddable":true,"href":"https:\/\/www.purejewels.com\/tr\/wp-json\/wp\/v2\/product_cat?post=390161"},{"taxonomy":"product_tag","embeddable":true,"href":"https:\/\/www.purejewels.com\/tr\/wp-json\/wp\/v2\/product_tag?post=390161"}],"curies":[{"name":"wp","href":"https:\/\/api.w.org\/{rel}","templated":true}]}}