{"id":3910,"date":"2024-09-15T13:21:56","date_gmt":"2024-09-15T12:21:56","guid":{"rendered":"http:\/\/new.purejewels.com\/product\/anusha-22ct-uncut-polki-diamond-earrings-13\/"},"modified":"2026-01-06T06:58:02","modified_gmt":"2026-01-06T06:58:02","slug":"anusha-22ct-kesilmemis-polki-pirlanta-kupe-23688","status":"publish","type":"product","link":"https:\/\/www.purejewels.com\/tr\/product\/anusha-22ct-uncut-polki-diamond-earrings-23688\/","title":{"rendered":"Anusha 22ct Kesilmemi\u015f Polki P\u0131rlanta K\u00fcpe"},"content":{"rendered":"<h3>\u0130lham kayna\u011f\u0131<\/h3>\n<p>\u0130nce ve karma\u015f\u0131k tekniklerle dramatik bir yetenekle i\u015flenmi\u015f alt\u0131n ve muhte\u015fem polki m\u00fccevherlerden esinlenen bu muhte\u015fem g\u00f6r\u00fcn\u00fcml\u00fc 22 karat polki p\u0131rlanta <strong><a href=\"https:\/\/www.purejewels.com\/tr\/product-category\/22ct-gold-jewellery\/gold-earrings\/\">K\u00fcpeler<\/a><\/strong> vard\u0131r <a href=\"https:\/\/www.purejewels.com\/tr\/handmade-gold-jewellery\/\">el yap\u0131m\u0131<\/a> Hindistan'dan usta zanaatkarlar taraf\u0131ndan. Tasar\u0131m, onlar\u0131 \u015fekillendirirken \u00e7ok y\u00f6nl\u00fc ve zahmetsiz k\u0131lacak \u015fekilde yap\u0131lm\u0131\u015ft\u0131r.<\/p>\n<h3>Koleksiyon<\/h3>\n<p>K\u00fcpelerimiz saf 22 ayar alt\u0131n\u0131n cazibesine ve polki \u0131\u015f\u0131lt\u0131s\u0131na sahiptir. <strong>elmaslar<\/strong> g\u00f6r\u00fcn\u00fcm\u00fcn\u00fcze g\u00f6z kama\u015ft\u0131ran ve m\u00fckemmel uyumu yakalaman\u0131za yard\u0131mc\u0131 olurken g\u00fc\u00e7l\u00fc bir ifade yarat\u0131r. Purejewels taraf\u0131ndan sat\u0131\u015fa sunulan bu 22 ayar polki p\u0131rlantalar, kenarlar\u0131 g\u00fczelce parlat\u0131lm\u0131\u015f ve g\u00f6z kama\u015ft\u0131r\u0131c\u0131 g\u00fcl kesim p\u0131rlanta polkilerle kaplanm\u0131\u015f organik ama geometrik bir yap\u0131yla ba\u015flar. \u0130leriye do\u011fru, g\u00fczel bir \u00e7i\u00e7ek polki \u00f6\u011fesi ile birlikte sessiz bir alt\u0131n pankhi saplamaya g\u00fczelce sallan\u0131r. Tasar\u0131m, alt k\u0131s\u0131mda benzersiz dokulu rawas ve polki bile\u015fenlerinin ritmik bir kombinasyonuna ve ard\u0131ndan narin bir \u015fekilde sarkan armut bi\u00e7imli, polki \u00e7ivili muhte\u015fem bir bile\u015fene d\u00f6n\u00fc\u015f\u00fcr.<\/p>\n<h3>Stil<\/h3>\n<p>Bu her zaman ye\u015fil ve klasik <a href=\"https:\/\/www.purejewels.com\/tr\/armari-collection\/\">alt\u0131n k\u00fcpeler<\/a> di\u011fer alt\u0131n ve polki ile kombine edilebilir <strong>KOLYE<\/strong> taraf\u0131m\u0131zdan el i\u015f\u00e7ili\u011fiyle \u00fcretilmi\u015ftir. \u0130yi \u015fekillendirildi\u011finde, bu muhte\u015fem \u00e7ift, bu g\u00fczelli\u011fi s\u00fcsleyerek odaya girdi\u011finizde t\u00fcm ba\u015flar\u0131n d\u00f6nmesini sa\u011flayacakt\u0131r.<\/p>\n<p>&nbsp;<\/p>","protected":false},"excerpt":{"rendered":"<ul>\n<li>G\u00fcl Alt\u0131n Kaplamal\u0131 22 Ayar Alt\u0131n K\u00fcpe<\/li>\n<li>G\u00fcl Kesim Polki P\u0131rlanta Wt. 1.41 Karat<\/li>\n<li>A\u011f\u0131rl\u0131k 7.8 g<\/li>\n<li>SKU 23688<\/li>\n<li>London Assay Office taraf\u0131ndan damgalanm\u0131\u015ft\u0131r<\/li>\n<li>Sunum Kutusu ile Birlikte Gelir<\/li>\n<li>Teslimat Dahil<\/li>\n<li>T\u00fcm fiyatlara KDV dahildir<\/li>\n<li>Koleksiyonumuzu ke\u015ffedin\u00a0<strong>geli\u0307n ve d\u00fc\u011f\u00fcn k\u00fcpeleri\u0307<\/strong><\/li>\n<li>Stok durumu ve stokta bulunan benzer tasar\u0131mlar\u0131n daha fazla g\u00f6r\u00fcnt\u00fcs\u00fc i\u00e7in bizimle canl\u0131 sohbet edin<\/li>\n<\/ul>","protected":false},"featured_media":334780,"comment_status":"closed","ping_status":"closed","template":"","meta":{"_eb_attr":"","_crsspst_to_jayantr4sg-hostcom":false},"product_brand":[],"product_cat":[256,5315,236,1685,5370,1254,1573],"product_tag":[4122],"class_list":{"0":"post-3910","1":"product","2":"type-product","3":"status-publish","4":"has-post-thumbnail","6":"product_cat-anusha-collections","7":"product_cat-bridal-and-wedding-earrings","8":"product_cat-collections","9":"product_cat-drop-earrings","10":"product_cat-ethnic-jewellery","11":"product_cat-gold-earrings","12":"product_cat-wedding-gifts","13":"product_tag-earrings-for-sale","15":"first","16":"outofstock","17":"taxable","18":"shipping-taxable","19":"product-type-simple","20":"add-to-wishlist-before_image"},"yoast_head":"<!-- This site is optimized with the Yoast SEO plugin v27.5 - https:\/\/yoast.com\/product\/yoast-seo-wordpress\/ -->\n<title>Anusha 22ct Uncut Polki Diamond Earrings | PureJewels<\/title>\n<meta name=\"description\" content=\"These gorgeous looking 22 carat polki diamond earrings are handmade by master craftsmen from India. Shop Earrings Online!\" \/>\n<meta name=\"robots\" content=\"index, follow, max-snippet:-1, max-image-preview:large, max-video-preview:-1\" \/>\n<link rel=\"canonical\" href=\"https:\/\/www.purejewels.com\/tr\/urun\/anusha-22ct-kesilmemis-polki-pirlanta-kupe-23688\/\" \/>\n<meta property=\"og:locale\" content=\"tr_TR\" \/>\n<meta property=\"og:type\" content=\"article\" \/>\n<meta property=\"og:title\" content=\"Anusha 22ct Uncut Polki Diamond Earrings | PureJewels\" \/>\n<meta property=\"og:description\" content=\"These gorgeous looking 22 carat polki diamond earrings are handmade by master craftsmen from India. Shop Earrings Online!\" \/>\n<meta property=\"og:url\" content=\"https:\/\/www.purejewels.com\/tr\/urun\/anusha-22ct-kesilmemis-polki-pirlanta-kupe-23688\/\" \/>\n<meta property=\"og:site_name\" content=\"PureJewels UK\" \/>\n<meta property=\"article:modified_time\" content=\"2026-01-06T06:58:02+00:00\" \/>\n<meta property=\"og:image\" content=\"https:\/\/www.purejewels.com\/wp-content\/uploads\/2017\/07\/23688-1.jpg\" \/>\n\t<meta property=\"og:image:width\" content=\"1000\" \/>\n\t<meta property=\"og:image:height\" content=\"1000\" \/>\n\t<meta property=\"og:image:type\" content=\"image\/jpeg\" \/>\n<meta name=\"twitter:card\" content=\"summary_large_image\" \/>\n<meta name=\"twitter:label1\" content=\"Tahmini okuma s\u00fcresi\" \/>\n\t<meta name=\"twitter:data1\" content=\"1 dakika\" \/>\n<script type=\"application\/ld+json\" class=\"yoast-schema-graph\">{\"@context\":\"https:\\\/\\\/schema.org\",\"@graph\":[{\"@type\":[\"WebPage\",\"ItemPage\"],\"@id\":\"https:\\\/\\\/www.purejewels.com\\\/product\\\/anusha-22ct-uncut-polki-diamond-earrings-23688\\\/\",\"url\":\"https:\\\/\\\/www.purejewels.com\\\/product\\\/anusha-22ct-uncut-polki-diamond-earrings-23688\\\/\",\"name\":\"Anusha 22ct Uncut Polki Diamond Earrings | PureJewels\",\"isPartOf\":{\"@id\":\"https:\\\/\\\/www.purejewels.com\\\/#website\"},\"primaryImageOfPage\":{\"@id\":\"https:\\\/\\\/www.purejewels.com\\\/product\\\/anusha-22ct-uncut-polki-diamond-earrings-23688\\\/#primaryimage\"},\"image\":{\"@id\":\"https:\\\/\\\/www.purejewels.com\\\/product\\\/anusha-22ct-uncut-polki-diamond-earrings-23688\\\/#primaryimage\"},\"thumbnailUrl\":\"https:\\\/\\\/static.purejewels.com\\\/wp-content\\\/uploads\\\/2017\\\/07\\\/23688-1.jpg\",\"datePublished\":\"2024-09-15T12:21:56+00:00\",\"dateModified\":\"2026-01-06T06:58:02+00:00\",\"description\":\"These gorgeous looking 22 carat polki diamond earrings are handmade by master craftsmen from India. Shop Earrings Online!\",\"breadcrumb\":{\"@id\":\"https:\\\/\\\/www.purejewels.com\\\/product\\\/anusha-22ct-uncut-polki-diamond-earrings-23688\\\/#breadcrumb\"},\"inLanguage\":\"tr\",\"potentialAction\":[{\"@type\":\"ReadAction\",\"target\":[\"https:\\\/\\\/www.purejewels.com\\\/product\\\/anusha-22ct-uncut-polki-diamond-earrings-23688\\\/\"]}]},{\"@type\":\"ImageObject\",\"inLanguage\":\"tr\",\"@id\":\"https:\\\/\\\/www.purejewels.com\\\/product\\\/anusha-22ct-uncut-polki-diamond-earrings-23688\\\/#primaryimage\",\"url\":\"https:\\\/\\\/static.purejewels.com\\\/wp-content\\\/uploads\\\/2017\\\/07\\\/23688-1.jpg\",\"contentUrl\":\"https:\\\/\\\/static.purejewels.com\\\/wp-content\\\/uploads\\\/2017\\\/07\\\/23688-1.jpg\",\"width\":1000,\"height\":1000,\"caption\":\"Anusha 22ct Uncut Polki Diamond Earrings 23688-1\"},{\"@type\":\"BreadcrumbList\",\"@id\":\"https:\\\/\\\/www.purejewels.com\\\/product\\\/anusha-22ct-uncut-polki-diamond-earrings-23688\\\/#breadcrumb\",\"itemListElement\":[{\"@type\":\"ListItem\",\"position\":1,\"name\":\"Home\",\"item\":\"https:\\\/\\\/www.purejewels.com\\\/\"},{\"@type\":\"ListItem\",\"position\":2,\"name\":\"Shop\",\"item\":\"https:\\\/\\\/www.purejewels.com\\\/shop\\\/\"},{\"@type\":\"ListItem\",\"position\":3,\"name\":\"Anusha 22ct Uncut Polki Diamond Earrings\"}]},{\"@type\":\"WebSite\",\"@id\":\"https:\\\/\\\/www.purejewels.com\\\/#website\",\"url\":\"https:\\\/\\\/www.purejewels.com\\\/\",\"name\":\"PureJewels UK\",\"description\":\"Share the Love\",\"publisher\":{\"@id\":\"https:\\\/\\\/www.purejewels.com\\\/#organization\"},\"potentialAction\":[{\"@type\":\"SearchAction\",\"target\":{\"@type\":\"EntryPoint\",\"urlTemplate\":\"https:\\\/\\\/www.purejewels.com\\\/?s={search_term_string}\"},\"query-input\":{\"@type\":\"PropertyValueSpecification\",\"valueRequired\":true,\"valueName\":\"search_term_string\"}}],\"inLanguage\":\"tr\"},{\"@type\":\"Organization\",\"@id\":\"https:\\\/\\\/www.purejewels.com\\\/#organization\",\"name\":\"PureJewels UK\",\"url\":\"https:\\\/\\\/www.purejewels.com\\\/\",\"logo\":{\"@type\":\"ImageObject\",\"inLanguage\":\"tr\",\"@id\":\"https:\\\/\\\/www.purejewels.com\\\/#\\\/schema\\\/logo\\\/image\\\/\",\"url\":\"https:\\\/\\\/static.purejewels.com\\\/wp-content\\\/uploads\\\/2020\\\/11\\\/Logo-PJ-New-1.png\",\"contentUrl\":\"https:\\\/\\\/static.purejewels.com\\\/wp-content\\\/uploads\\\/2020\\\/11\\\/Logo-PJ-New-1.png\",\"width\":150,\"height\":80,\"caption\":\"PureJewels UK\"},\"image\":{\"@id\":\"https:\\\/\\\/www.purejewels.com\\\/#\\\/schema\\\/logo\\\/image\\\/\"}}]}<\/script>\n<!-- \/ Yoast SEO plugin. -->","yoast_head_json":{"title":"Anusha 22ct Kesilmemi\u015f Polki P\u0131rlanta K\u00fcpe | PureJewels","description":"Bu muhte\u015fem g\u00f6r\u00fcn\u00fcml\u00fc 22 karat polki p\u0131rlanta k\u00fcpeler Hindistan'dan usta zanaatkarlar taraf\u0131ndan el yap\u0131m\u0131 olarak \u00fcretilmi\u015ftir. Online K\u00fcpe Al\u0131\u015fveri\u015fi Yap\u0131n!","robots":{"index":"index","follow":"follow","max-snippet":"max-snippet:-1","max-image-preview":"max-image-preview:large","max-video-preview":"max-video-preview:-1"},"canonical":"https:\/\/www.purejewels.com\/tr\/urun\/anusha-22ct-kesilmemis-polki-pirlanta-kupe-23688\/","og_locale":"tr_TR","og_type":"article","og_title":"Anusha 22ct Uncut Polki Diamond Earrings | PureJewels","og_description":"These gorgeous looking 22 carat polki diamond earrings are handmade by master craftsmen from India. Shop Earrings Online!","og_url":"https:\/\/www.purejewels.com\/tr\/urun\/anusha-22ct-kesilmemis-polki-pirlanta-kupe-23688\/","og_site_name":"PureJewels UK","article_modified_time":"2026-01-06T06:58:02+00:00","og_image":[{"width":1000,"height":1000,"url":"https:\/\/www.purejewels.com\/wp-content\/uploads\/2017\/07\/23688-1.jpg","type":"image\/jpeg"}],"twitter_card":"summary_large_image","twitter_misc":{"Tahmini okuma s\u00fcresi":"1 dakika"},"schema":{"@context":"https:\/\/schema.org","@graph":[{"@type":["WebPage","ItemPage"],"@id":"https:\/\/www.purejewels.com\/product\/anusha-22ct-uncut-polki-diamond-earrings-23688\/","url":"https:\/\/www.purejewels.com\/product\/anusha-22ct-uncut-polki-diamond-earrings-23688\/","name":"Anusha 22ct Kesilmemi\u015f Polki P\u0131rlanta K\u00fcpe | PureJewels","isPartOf":{"@id":"https:\/\/www.purejewels.com\/#website"},"primaryImageOfPage":{"@id":"https:\/\/www.purejewels.com\/product\/anusha-22ct-uncut-polki-diamond-earrings-23688\/#primaryimage"},"image":{"@id":"https:\/\/www.purejewels.com\/product\/anusha-22ct-uncut-polki-diamond-earrings-23688\/#primaryimage"},"thumbnailUrl":"https:\/\/static.purejewels.com\/wp-content\/uploads\/2017\/07\/23688-1.jpg","datePublished":"2024-09-15T12:21:56+00:00","dateModified":"2026-01-06T06:58:02+00:00","description":"Bu muhte\u015fem g\u00f6r\u00fcn\u00fcml\u00fc 22 karat polki p\u0131rlanta k\u00fcpeler Hindistan'dan usta zanaatkarlar taraf\u0131ndan el yap\u0131m\u0131 olarak \u00fcretilmi\u015ftir. Online K\u00fcpe Al\u0131\u015fveri\u015fi Yap\u0131n!","breadcrumb":{"@id":"https:\/\/www.purejewels.com\/product\/anusha-22ct-uncut-polki-diamond-earrings-23688\/#breadcrumb"},"inLanguage":"tr","potentialAction":[{"@type":"ReadAction","target":["https:\/\/www.purejewels.com\/product\/anusha-22ct-uncut-polki-diamond-earrings-23688\/"]}]},{"@type":"ImageObject","inLanguage":"tr","@id":"https:\/\/www.purejewels.com\/product\/anusha-22ct-uncut-polki-diamond-earrings-23688\/#primaryimage","url":"https:\/\/static.purejewels.com\/wp-content\/uploads\/2017\/07\/23688-1.jpg","contentUrl":"https:\/\/static.purejewels.com\/wp-content\/uploads\/2017\/07\/23688-1.jpg","width":1000,"height":1000,"caption":"Anusha 22ct Uncut Polki Diamond Earrings 23688-1"},{"@type":"BreadcrumbList","@id":"https:\/\/www.purejewels.com\/product\/anusha-22ct-uncut-polki-diamond-earrings-23688\/#breadcrumb","itemListElement":[{"@type":"ListItem","position":1,"name":"Home","item":"https:\/\/www.purejewels.com\/"},{"@type":"ListItem","position":2,"name":"Shop","item":"https:\/\/www.purejewels.com\/shop\/"},{"@type":"ListItem","position":3,"name":"Anusha 22ct Uncut Polki Diamond Earrings"}]},{"@type":"WebSite","@id":"https:\/\/www.purejewels.com\/#website","url":"https:\/\/www.purejewels.com\/","name":"PureJewels \u0130ngiltere","description":"Sevgiyi Payla\u015f\u0131n","publisher":{"@id":"https:\/\/www.purejewels.com\/#organization"},"potentialAction":[{"@type":"SearchAction","target":{"@type":"EntryPoint","urlTemplate":"https:\/\/www.purejewels.com\/?s={search_term_string}"},"query-input":{"@type":"PropertyValueSpecification","valueRequired":true,"valueName":"search_term_string"}}],"inLanguage":"tr"},{"@type":"Organization","@id":"https:\/\/www.purejewels.com\/#organization","name":"PureJewels \u0130ngiltere","url":"https:\/\/www.purejewels.com\/","logo":{"@type":"ImageObject","inLanguage":"tr","@id":"https:\/\/www.purejewels.com\/#\/schema\/logo\/image\/","url":"https:\/\/static.purejewels.com\/wp-content\/uploads\/2020\/11\/Logo-PJ-New-1.png","contentUrl":"https:\/\/static.purejewels.com\/wp-content\/uploads\/2020\/11\/Logo-PJ-New-1.png","width":150,"height":80,"caption":"PureJewels UK"},"image":{"@id":"https:\/\/www.purejewels.com\/#\/schema\/logo\/image\/"}}]}},"_links":{"self":[{"href":"https:\/\/www.purejewels.com\/tr\/wp-json\/wp\/v2\/product\/3910","targetHints":{"allow":["GET"]}}],"collection":[{"href":"https:\/\/www.purejewels.com\/tr\/wp-json\/wp\/v2\/product"}],"about":[{"href":"https:\/\/www.purejewels.com\/tr\/wp-json\/wp\/v2\/types\/product"}],"replies":[{"embeddable":true,"href":"https:\/\/www.purejewels.com\/tr\/wp-json\/wp\/v2\/comments?post=3910"}],"version-history":[{"count":2,"href":"https:\/\/www.purejewels.com\/tr\/wp-json\/wp\/v2\/product\/3910\/revisions"}],"predecessor-version":[{"id":391274,"href":"https:\/\/www.purejewels.com\/tr\/wp-json\/wp\/v2\/product\/3910\/revisions\/391274"}],"wp:featuredmedia":[{"embeddable":true,"href":"https:\/\/www.purejewels.com\/tr\/wp-json\/wp\/v2\/media\/334780"}],"wp:attachment":[{"href":"https:\/\/www.purejewels.com\/tr\/wp-json\/wp\/v2\/media?parent=3910"}],"wp:term":[{"taxonomy":"product_brand","embeddable":true,"href":"https:\/\/www.purejewels.com\/tr\/wp-json\/wp\/v2\/product_brand?post=3910"},{"taxonomy":"product_cat","embeddable":true,"href":"https:\/\/www.purejewels.com\/tr\/wp-json\/wp\/v2\/product_cat?post=3910"},{"taxonomy":"product_tag","embeddable":true,"href":"https:\/\/www.purejewels.com\/tr\/wp-json\/wp\/v2\/product_tag?post=3910"}],"curies":[{"name":"wp","href":"https:\/\/api.w.org\/{rel}","templated":true}]}}