{"id":391437,"date":"2025-04-15T08:33:16","date_gmt":"2025-04-15T07:33:16","guid":{"rendered":"https:\/\/www.purejewels.com\/?post_type=product&#038;p=391437"},"modified":"2026-03-31T09:12:18","modified_gmt":"2026-03-31T08:12:18","slug":"22-ayar-gundogumu-altin-cicek-motifli-bileklik-51400","status":"publish","type":"product","link":"https:\/\/www.purejewels.com\/tr\/product\/22ct-sunrise-gold-flower-motif-bracelet-51400\/","title":{"rendered":"22 Ayar G\u00fcndo\u011fumu Alt\u0131n \u00c7i\u00e7ek Motifli Bileklik"},"content":{"rendered":"<p><strong>Tasar\u0131m<\/strong><\/p>\n<p>Bu bileklik, her biri yumu\u015fak bir boyut ve doku yaratan yumu\u015fak yuvarlak yapraklardan olu\u015fan bir dizi narin \u00e7i\u00e7ek motifine sahiptir. Rozet unsurlar\u0131 ince, ak\u0131\u015fkan bir zincir boyunca e\u015fit aral\u0131klarla yerle\u015ftirilerek tasar\u0131m\u0131n bile\u011fe hafif ve zarif bir \u015fekilde oturmas\u0131n\u0131 sa\u011flar. Her bir \u00e7i\u00e7e\u011fin i\u00e7indeki ince y\u00fczey detaylar\u0131 \u0131\u015f\u0131\u011f\u0131 yakalayarak par\u00e7aya s\u0131cakl\u0131k ve hareket kazand\u0131r\u0131rken zarif ve minimal bir siluet sa\u011fl\u0131yor. Motif ve zincir aras\u0131ndaki denge, hem g\u00fcnl\u00fck kullan\u0131ma hem de \u00f6zel anlara uygun zahmetsiz bir \u015f\u0131kl\u0131k kazand\u0131r\u0131yor.<\/p>\n<p><strong>Zanaatkarl\u0131k<\/strong><\/p>\n<p>Her bir \u00e7i\u00e7ek motifi, net ta\u00e7 yaprak tan\u0131m\u0131 ve tutarl\u0131 form elde etmek i\u00e7in hassas bir \u015fekilde kal\u0131pla damgalanm\u0131\u015ft\u0131r. \u0130mzam\u0131z olan 22 ayar G\u00fcn Do\u011fumu Alt\u0131n\u0131ndan \u00fcretilen ala\u015f\u0131m, rozetlerin yontulmu\u015f dokusunu zenginle\u015ftiren kendine \u00f6zg\u00fc s\u0131cak bir \u0131\u015f\u0131lt\u0131 ta\u015f\u0131r. \u00d6zel damgalama i\u015flemi, hassas detaylar\u0131 korurken dayan\u0131kl\u0131l\u0131k sa\u011flar ve hafif ama sa\u011flam bir bilezik ortaya \u00e7\u0131kar\u0131r. Safl\u0131k sertifikas\u0131 i\u00e7in \u0130ngiltere'de tamamlanan ve damgalanan bu par\u00e7a, ince i\u015f\u00e7ili\u011fe ve sorumlu standartlara olan ba\u011fl\u0131l\u0131\u011f\u0131m\u0131z\u0131 yans\u0131tmaktad\u0131r.<\/p>\n<p><strong>\u015eekillendirme &amp; Hediyele\u015fme<\/strong><\/p>\n<p>Bu bileklik, ince alt\u0131n zincirlerle katmanlanmaya veya yumu\u015fak bir ifade i\u00e7in tek ba\u015f\u0131na tak\u0131lmaya \u00e7ok uygundur. \u00c7i\u00e7ekli detaylar\u0131 onu \u00f6zellikle do\u011fum g\u00fcnleri, y\u0131ld\u00f6n\u00fcmleri ve d\u00f6n\u00fcm noktas\u0131 kutlamalar\u0131 i\u00e7in anlaml\u0131 k\u0131lar. Ayn\u0131 zamanda b\u00fcy\u00fcmeyi ve nazik g\u00fcc\u00fc simgeleyen yeni ba\u015flang\u0131\u00e7lar i\u00e7in d\u00fc\u015f\u00fcnceli bir hediye g\u00f6revi g\u00f6r\u00fcr. Zarif oldu\u011fu kadar \u00e7ok y\u00f6nl\u00fc olan bu \u00fcr\u00fcn, g\u00fcnl\u00fck giyimden gece davetlerine sorunsuzca ge\u00e7i\u015f yaparak ki\u015fisel ve kal\u0131c\u0131 bir par\u00e7a haline gelir.<\/p>\n<p>22 Ayar G\u00fcn Do\u011fumu Alt\u0131n \u00c7i\u00e7ek Motifli Bileklik, zarif ve kad\u0131ns\u0131 bir siluet olu\u015fturan ince alt\u0131n zincir boyunca yerle\u015ftirilmi\u015f narin \u00e7i\u00e7ek tak\u0131lar\u0131na sahiptir. \u0130mzam\u0131z olan G\u00fcn Do\u011fumu Alt\u0131n\u0131ndan \u00fcretilen bu bileklik, s\u0131cakl\u0131\u011f\u0131 ve \u00f6zenli detaylar\u0131 yans\u0131t\u0131r. Sevgi ve takdiri zamans\u0131z bir zarafetle kutlamak i\u00e7in m\u00fckemmel olan g\u00fczel bir Anneler G\u00fcn\u00fc bilezi\u011fi.<\/p>","protected":false},"excerpt":{"rendered":"<p>\u0130nce bir zincir boyunca e\u015fit aral\u0131klarla yerle\u015ftirilmi\u015f, kal\u0131pla damgalanm\u0131\u015f \u00e7i\u00e7ek rozetleriyle s\u00fcslenmi\u015f zarif bir 22 ayar Sunrise Alt\u0131n bileklik. S\u0131cak tonu ve hafif hissiyat\u0131yla, ince dokusu ve zarif detaylar\u0131yla g\u00fcnl\u00fck alt\u0131n\u0131n zarif bir ifadesini sunar.<\/p>\n<p><strong>Malzeme:<\/strong> 22 Ayar Alt\u0131n (91,6% Saf Alt\u0131n)<br \/>\n<strong>Hallmark:<\/strong> \u0130ngiliz Damgas\u0131<br \/>\n<strong>Br\u00fct A\u011f\u0131rl\u0131k:<\/strong> 4.3 Gms<br \/>\n<strong>Uzunluk<\/strong>: 7 \u0130n\u00e7<br \/>\n<strong>\u00c7i\u00e7ek Geni\u015fli\u011fi<\/strong>: 6mm<br \/>\n<strong>SKU:<\/strong> 51400<\/p>\n<p>Fiyat ve Teslimat: KDV ve teslimat \u00fccretleri dahil<br \/>\n<a href=\"https:\/\/www.purejewels.com\/tr\/i%cc%87ade-poli%cc%87ti%cc%87kasi\/\"><strong>\u0130ade Politikas\u0131<\/strong><\/a><\/p>","protected":false},"featured_media":349734,"comment_status":"closed","ping_status":"closed","template":"","meta":{"_eb_attr":"","_crsspst_to_jayantr4sg-hostcom":false},"product_brand":[],"product_cat":[1791,5441,1559,236,1790,1324,1229,5347,1570,5586,1656,5353,1575,1569,1573,1574,5349],"product_tag":[5634,5910],"class_list":{"0":"post-391437","1":"product","2":"type-product","3":"status-publish","4":"has-post-thumbnail","6":"product_cat-anniversary-gifts","7":"product_cat-gold-bead-bracelets","8":"product_cat-birthday-gifts","9":"product_cat-collections","10":"product_cat-for-whom-when","11":"product_cat-gold-bracelet","12":"product_cat-22ct-gold-jewellery","13":"product_cat-shop-by-metal","14":"product_cat-mothers-day-gifts","15":"product_cat-rosette-bracelet","16":"product_cat-rosettes-collections","17":"product_cat-shop-by","18":"product_cat-teenage-jewellery","19":"product_cat-valentine-day-gifts","20":"product_cat-wedding-gifts","21":"product_cat-womens-jewellery","22":"product_cat-yellow-gold-jewellery","23":"product_tag-22ct-gold-bracelet-for-ladies","24":"product_tag-real-gold-bracelet","26":"first","27":"instock","28":"taxable","29":"shipping-taxable","30":"purchasable","31":"product-type-simple","32":"add-to-wishlist-before_image"},"yoast_head":"<!-- This site is optimized with the Yoast SEO plugin v27.4 - https:\/\/yoast.com\/product\/yoast-seo-wordpress\/ -->\n<title>22ct Sunrise Gold Flower Motif Bracelet \u2013 Luxury Jewellery<\/title>\n<meta name=\"description\" content=\"Elegant and timeless, the 22ct Sunrise Gold Flower Motif Bracelet features a stunning floral design, crafted with exquisite attention to detail. Buy online today.\" \/>\n<meta name=\"robots\" content=\"index, follow, max-snippet:-1, max-image-preview:large, max-video-preview:-1\" \/>\n<link rel=\"canonical\" href=\"https:\/\/www.purejewels.com\/tr\/urun\/22-ayar-gundogumu-altin-cicek-motifli-bileklik-51400\/\" \/>\n<meta property=\"og:locale\" content=\"tr_TR\" \/>\n<meta property=\"og:type\" content=\"article\" \/>\n<meta property=\"og:title\" content=\"22ct Sunrise Gold Flower Motif Bracelet \u2013 Luxury Jewellery\" \/>\n<meta property=\"og:description\" content=\"Elegant and timeless, the 22ct Sunrise Gold Flower Motif Bracelet features a stunning floral design, crafted with exquisite attention to detail. Buy online today.\" \/>\n<meta property=\"og:url\" content=\"https:\/\/www.purejewels.com\/tr\/urun\/22-ayar-gundogumu-altin-cicek-motifli-bileklik-51400\/\" \/>\n<meta property=\"og:site_name\" content=\"PureJewels UK\" \/>\n<meta property=\"article:modified_time\" content=\"2026-03-31T08:12:18+00:00\" \/>\n<meta property=\"og:image\" content=\"https:\/\/static.purejewels.com\/wp-content\/uploads\/2023\/08\/45737.jpg\" \/>\n\t<meta property=\"og:image:width\" content=\"1000\" \/>\n\t<meta property=\"og:image:height\" content=\"1000\" \/>\n\t<meta property=\"og:image:type\" content=\"image\/jpeg\" \/>\n<meta name=\"twitter:card\" content=\"summary_large_image\" \/>\n<meta name=\"twitter:label1\" content=\"Tahmini okuma s\u00fcresi\" \/>\n\t<meta name=\"twitter:data1\" content=\"2 dakika\" \/>\n<script type=\"application\/ld+json\" class=\"yoast-schema-graph\">{\"@context\":\"https:\\\/\\\/schema.org\",\"@graph\":[{\"@type\":[\"WebPage\",\"ItemPage\"],\"@id\":\"https:\\\/\\\/www.purejewels.com\\\/product\\\/22ct-sunrise-gold-flower-motif-bracelet-51400\\\/\",\"url\":\"https:\\\/\\\/www.purejewels.com\\\/product\\\/22ct-sunrise-gold-flower-motif-bracelet-51400\\\/\",\"name\":\"22ct Sunrise Gold Flower Motif Bracelet \u2013 Luxury Jewellery\",\"isPartOf\":{\"@id\":\"https:\\\/\\\/www.purejewels.com\\\/#website\"},\"primaryImageOfPage\":{\"@id\":\"https:\\\/\\\/www.purejewels.com\\\/product\\\/22ct-sunrise-gold-flower-motif-bracelet-51400\\\/#primaryimage\"},\"image\":{\"@id\":\"https:\\\/\\\/www.purejewels.com\\\/product\\\/22ct-sunrise-gold-flower-motif-bracelet-51400\\\/#primaryimage\"},\"thumbnailUrl\":\"https:\\\/\\\/static.purejewels.com\\\/wp-content\\\/uploads\\\/2023\\\/08\\\/45737.jpg\",\"datePublished\":\"2025-04-15T07:33:16+00:00\",\"dateModified\":\"2026-03-31T08:12:18+00:00\",\"description\":\"Elegant and timeless, the 22ct Sunrise Gold Flower Motif Bracelet features a stunning floral design, crafted with exquisite attention to detail. Buy online today.\",\"breadcrumb\":{\"@id\":\"https:\\\/\\\/www.purejewels.com\\\/product\\\/22ct-sunrise-gold-flower-motif-bracelet-51400\\\/#breadcrumb\"},\"inLanguage\":\"tr\",\"potentialAction\":[{\"@type\":\"ReadAction\",\"target\":[\"https:\\\/\\\/www.purejewels.com\\\/product\\\/22ct-sunrise-gold-flower-motif-bracelet-51400\\\/\"]}]},{\"@type\":\"ImageObject\",\"inLanguage\":\"tr\",\"@id\":\"https:\\\/\\\/www.purejewels.com\\\/product\\\/22ct-sunrise-gold-flower-motif-bracelet-51400\\\/#primaryimage\",\"url\":\"https:\\\/\\\/static.purejewels.com\\\/wp-content\\\/uploads\\\/2023\\\/08\\\/45737.jpg\",\"contentUrl\":\"https:\\\/\\\/static.purejewels.com\\\/wp-content\\\/uploads\\\/2023\\\/08\\\/45737.jpg\",\"width\":1000,\"height\":1000,\"caption\":\"22ct Rosette Waterfall Single Line Bracelet\"},{\"@type\":\"BreadcrumbList\",\"@id\":\"https:\\\/\\\/www.purejewels.com\\\/product\\\/22ct-sunrise-gold-flower-motif-bracelet-51400\\\/#breadcrumb\",\"itemListElement\":[{\"@type\":\"ListItem\",\"position\":1,\"name\":\"Home\",\"item\":\"https:\\\/\\\/www.purejewels.com\\\/\"},{\"@type\":\"ListItem\",\"position\":2,\"name\":\"Shop\",\"item\":\"https:\\\/\\\/www.purejewels.com\\\/shop\\\/\"},{\"@type\":\"ListItem\",\"position\":3,\"name\":\"22ct Sunrise Gold Flower Motif Bracelet\"}]},{\"@type\":\"WebSite\",\"@id\":\"https:\\\/\\\/www.purejewels.com\\\/#website\",\"url\":\"https:\\\/\\\/www.purejewels.com\\\/\",\"name\":\"PureJewels UK\",\"description\":\"Share the Love\",\"publisher\":{\"@id\":\"https:\\\/\\\/www.purejewels.com\\\/#organization\"},\"potentialAction\":[{\"@type\":\"SearchAction\",\"target\":{\"@type\":\"EntryPoint\",\"urlTemplate\":\"https:\\\/\\\/www.purejewels.com\\\/?s={search_term_string}\"},\"query-input\":{\"@type\":\"PropertyValueSpecification\",\"valueRequired\":true,\"valueName\":\"search_term_string\"}}],\"inLanguage\":\"tr\"},{\"@type\":\"Organization\",\"@id\":\"https:\\\/\\\/www.purejewels.com\\\/#organization\",\"name\":\"PureJewels UK\",\"url\":\"https:\\\/\\\/www.purejewels.com\\\/\",\"logo\":{\"@type\":\"ImageObject\",\"inLanguage\":\"tr\",\"@id\":\"https:\\\/\\\/www.purejewels.com\\\/#\\\/schema\\\/logo\\\/image\\\/\",\"url\":\"https:\\\/\\\/static.purejewels.com\\\/wp-content\\\/uploads\\\/2020\\\/11\\\/Logo-PJ-New-1.png\",\"contentUrl\":\"https:\\\/\\\/static.purejewels.com\\\/wp-content\\\/uploads\\\/2020\\\/11\\\/Logo-PJ-New-1.png\",\"width\":150,\"height\":80,\"caption\":\"PureJewels UK\"},\"image\":{\"@id\":\"https:\\\/\\\/www.purejewels.com\\\/#\\\/schema\\\/logo\\\/image\\\/\"}}]}<\/script>\n<!-- \/ Yoast SEO plugin. -->","yoast_head_json":{"title":"22 Ayar Sunrise Alt\u0131n \u00c7i\u00e7ek Motifli Bileklik - L\u00fcks Tak\u0131lar","description":"Zarif ve zamans\u0131z 22 ayar Sunrise Alt\u0131n \u00c7i\u00e7ek Motifli Bileklik, detaylara g\u00f6sterilen \u00f6zenle haz\u0131rlanm\u0131\u015f \u00e7arp\u0131c\u0131 bir \u00e7i\u00e7ek tasar\u0131m\u0131na sahiptir. Bug\u00fcn online sat\u0131n al\u0131n.","robots":{"index":"index","follow":"follow","max-snippet":"max-snippet:-1","max-image-preview":"max-image-preview:large","max-video-preview":"max-video-preview:-1"},"canonical":"https:\/\/www.purejewels.com\/tr\/urun\/22-ayar-gundogumu-altin-cicek-motifli-bileklik-51400\/","og_locale":"tr_TR","og_type":"article","og_title":"22ct Sunrise Gold Flower Motif Bracelet \u2013 Luxury Jewellery","og_description":"Elegant and timeless, the 22ct Sunrise Gold Flower Motif Bracelet features a stunning floral design, crafted with exquisite attention to detail. Buy online today.","og_url":"https:\/\/www.purejewels.com\/tr\/urun\/22-ayar-gundogumu-altin-cicek-motifli-bileklik-51400\/","og_site_name":"PureJewels UK","article_modified_time":"2026-03-31T08:12:18+00:00","og_image":[{"width":1000,"height":1000,"url":"https:\/\/static.purejewels.com\/wp-content\/uploads\/2023\/08\/45737.jpg","type":"image\/jpeg"}],"twitter_card":"summary_large_image","twitter_misc":{"Tahmini okuma s\u00fcresi":"2 dakika"},"schema":{"@context":"https:\/\/schema.org","@graph":[{"@type":["WebPage","ItemPage"],"@id":"https:\/\/www.purejewels.com\/product\/22ct-sunrise-gold-flower-motif-bracelet-51400\/","url":"https:\/\/www.purejewels.com\/product\/22ct-sunrise-gold-flower-motif-bracelet-51400\/","name":"22 Ayar Sunrise Alt\u0131n \u00c7i\u00e7ek Motifli Bileklik - L\u00fcks Tak\u0131lar","isPartOf":{"@id":"https:\/\/www.purejewels.com\/#website"},"primaryImageOfPage":{"@id":"https:\/\/www.purejewels.com\/product\/22ct-sunrise-gold-flower-motif-bracelet-51400\/#primaryimage"},"image":{"@id":"https:\/\/www.purejewels.com\/product\/22ct-sunrise-gold-flower-motif-bracelet-51400\/#primaryimage"},"thumbnailUrl":"https:\/\/static.purejewels.com\/wp-content\/uploads\/2023\/08\/45737.jpg","datePublished":"2025-04-15T07:33:16+00:00","dateModified":"2026-03-31T08:12:18+00:00","description":"Zarif ve zamans\u0131z 22 ayar Sunrise Alt\u0131n \u00c7i\u00e7ek Motifli Bileklik, detaylara g\u00f6sterilen \u00f6zenle haz\u0131rlanm\u0131\u015f \u00e7arp\u0131c\u0131 bir \u00e7i\u00e7ek tasar\u0131m\u0131na sahiptir. Bug\u00fcn online sat\u0131n al\u0131n.","breadcrumb":{"@id":"https:\/\/www.purejewels.com\/product\/22ct-sunrise-gold-flower-motif-bracelet-51400\/#breadcrumb"},"inLanguage":"tr","potentialAction":[{"@type":"ReadAction","target":["https:\/\/www.purejewels.com\/product\/22ct-sunrise-gold-flower-motif-bracelet-51400\/"]}]},{"@type":"ImageObject","inLanguage":"tr","@id":"https:\/\/www.purejewels.com\/product\/22ct-sunrise-gold-flower-motif-bracelet-51400\/#primaryimage","url":"https:\/\/static.purejewels.com\/wp-content\/uploads\/2023\/08\/45737.jpg","contentUrl":"https:\/\/static.purejewels.com\/wp-content\/uploads\/2023\/08\/45737.jpg","width":1000,"height":1000,"caption":"22ct Rosette Waterfall Single Line Bracelet"},{"@type":"BreadcrumbList","@id":"https:\/\/www.purejewels.com\/product\/22ct-sunrise-gold-flower-motif-bracelet-51400\/#breadcrumb","itemListElement":[{"@type":"ListItem","position":1,"name":"Home","item":"https:\/\/www.purejewels.com\/"},{"@type":"ListItem","position":2,"name":"Shop","item":"https:\/\/www.purejewels.com\/shop\/"},{"@type":"ListItem","position":3,"name":"22ct Sunrise Gold Flower Motif Bracelet"}]},{"@type":"WebSite","@id":"https:\/\/www.purejewels.com\/#website","url":"https:\/\/www.purejewels.com\/","name":"PureJewels \u0130ngiltere","description":"Sevgiyi Payla\u015f\u0131n","publisher":{"@id":"https:\/\/www.purejewels.com\/#organization"},"potentialAction":[{"@type":"SearchAction","target":{"@type":"EntryPoint","urlTemplate":"https:\/\/www.purejewels.com\/?s={search_term_string}"},"query-input":{"@type":"PropertyValueSpecification","valueRequired":true,"valueName":"search_term_string"}}],"inLanguage":"tr"},{"@type":"Organization","@id":"https:\/\/www.purejewels.com\/#organization","name":"PureJewels \u0130ngiltere","url":"https:\/\/www.purejewels.com\/","logo":{"@type":"ImageObject","inLanguage":"tr","@id":"https:\/\/www.purejewels.com\/#\/schema\/logo\/image\/","url":"https:\/\/static.purejewels.com\/wp-content\/uploads\/2020\/11\/Logo-PJ-New-1.png","contentUrl":"https:\/\/static.purejewels.com\/wp-content\/uploads\/2020\/11\/Logo-PJ-New-1.png","width":150,"height":80,"caption":"PureJewels UK"},"image":{"@id":"https:\/\/www.purejewels.com\/#\/schema\/logo\/image\/"}}]}},"_links":{"self":[{"href":"https:\/\/www.purejewels.com\/tr\/wp-json\/wp\/v2\/product\/391437","targetHints":{"allow":["GET"]}}],"collection":[{"href":"https:\/\/www.purejewels.com\/tr\/wp-json\/wp\/v2\/product"}],"about":[{"href":"https:\/\/www.purejewels.com\/tr\/wp-json\/wp\/v2\/types\/product"}],"replies":[{"embeddable":true,"href":"https:\/\/www.purejewels.com\/tr\/wp-json\/wp\/v2\/comments?post=391437"}],"version-history":[{"count":5,"href":"https:\/\/www.purejewels.com\/tr\/wp-json\/wp\/v2\/product\/391437\/revisions"}],"predecessor-version":[{"id":427375,"href":"https:\/\/www.purejewels.com\/tr\/wp-json\/wp\/v2\/product\/391437\/revisions\/427375"}],"wp:featuredmedia":[{"embeddable":true,"href":"https:\/\/www.purejewels.com\/tr\/wp-json\/wp\/v2\/media\/349734"}],"wp:attachment":[{"href":"https:\/\/www.purejewels.com\/tr\/wp-json\/wp\/v2\/media?parent=391437"}],"wp:term":[{"taxonomy":"product_brand","embeddable":true,"href":"https:\/\/www.purejewels.com\/tr\/wp-json\/wp\/v2\/product_brand?post=391437"},{"taxonomy":"product_cat","embeddable":true,"href":"https:\/\/www.purejewels.com\/tr\/wp-json\/wp\/v2\/product_cat?post=391437"},{"taxonomy":"product_tag","embeddable":true,"href":"https:\/\/www.purejewels.com\/tr\/wp-json\/wp\/v2\/product_tag?post=391437"}],"curies":[{"name":"wp","href":"https:\/\/api.w.org\/{rel}","templated":true}]}}