{"id":391972,"date":"2025-04-04T06:07:30","date_gmt":"2025-04-04T05:07:30","guid":{"rendered":"https:\/\/www.purejewels.com\/?post_type=product&#038;p=391972"},"modified":"2026-01-07T06:32:06","modified_gmt":"2026-01-07T06:32:06","slug":"22-ayar-altin-armari-bant-50887","status":"publish","type":"product","link":"https:\/\/www.purejewels.com\/tr\/product\/22ct-gold-armari-band-50887\/","title":{"rendered":"22 Ayar Alt\u0131n Armari Kordon | M Beden"},"content":{"rendered":"<p data-start=\"356\" data-end=\"604\"><strong data-start=\"356\" data-end=\"374\">Tasar\u0131m Konsepti<\/strong><br data-start=\"374\" data-end=\"377\" \/>Bu bant, geleneksel cephanelik motiflerinden ilham al\u0131narak filigran benzeri bir kafes deseniyle yeniden tasarlanm\u0131\u015ft\u0131r. B\u00fck\u00fclm\u00fc\u015f bord\u00fcrlerle \u00e7er\u00e7evelenmi\u015f dairesel noktal\u0131 vurgular ritim ve simetri yaratarak g\u00fcc\u00fc zarafetle dengeliyor.<\/p>\n<p data-start=\"606\" data-end=\"832\"><strong data-start=\"606\" data-end=\"623\">Zanaatkarl\u0131k<\/strong><br data-start=\"623\" data-end=\"626\" \/>Antik y\u00fczeyli 22 ayar alt\u0131ndan el i\u015f\u00e7ili\u011fiyle \u00fcretilen y\u00fcz\u00fck, her unsurunda zanaatkar hassasiyetini vurgular. A\u00e7\u0131k tasar\u0131m hafiflik sa\u011flarken cesur detaylar mirastan ilham alan teknikleri yans\u0131t\u0131yor.<\/p>\n<p data-start=\"834\" data-end=\"1109\"><strong data-start=\"834\" data-end=\"850\">Stil \u0130pu\u00e7lar\u0131<\/strong><br data-start=\"850\" data-end=\"853\" \/>Tek Katmanl\u0131 Armari Kordon, sade bir \u015f\u0131kl\u0131k i\u00e7in tek ba\u015f\u0131na tak\u0131labilir veya katmanl\u0131 bir g\u00f6r\u00fcn\u00fcm i\u00e7in di\u011fer alt\u0131n kordonlarla birlikte istiflenebilir. Geleneksel k\u0131yafetlerle g\u00fczel bir uyum sa\u011flarken, antika kaplamas\u0131 da onu \u00e7a\u011fda\u015f stil i\u00e7in \u00e7ok y\u00f6nl\u00fc bir vurgu haline getirir.<\/p>\n<p><b>Aral\u0131k Kimli\u011fi <\/b>JWRNBRAR005M0<br \/>\n<b>SKU:<\/b>\u00a050887<\/p>","protected":false},"excerpt":{"rendered":"<p>22 ayar alt\u0131ndan Tek Katmanl\u0131 Armari Kordon, telkari esintili sanat\u0131 zamans\u0131z tasar\u0131mla harmanlayan antik bir y\u00fczey ta\u015f\u0131r. Ajurlu yap\u0131s\u0131 ve noktal\u0131 detaylar\u0131 ona narin ama g\u00fc\u00e7lendirici bir karakter kazand\u0131r\u0131r.<\/p>\n<p><strong>Malzeme:<\/strong>\u00a022 Ayar Alt\u0131n (91,6% Safl\u0131kta)<br \/>\n<strong>Bitir:<\/strong>\u00a0Antik Kaplama<br \/>\n<strong>Hallmark:<\/strong>\u00a0\u0130ngiliz Damgas\u0131<br \/>\n<strong>Br\u00fct A\u011f\u0131rl\u0131k:<\/strong> 1.4 Gms<br \/>\n<strong>Y\u00fcz\u00fck \u00d6l\u00e7\u00fcs\u00fc:<\/strong> M, di\u011fer bedenlerde mevcuttur<br \/>\n<strong>SKU:<\/strong> 50887<\/p>","protected":false},"featured_media":391980,"comment_status":"closed","ping_status":"closed","template":"","meta":{"_eb_attr":"","_crsspst_to_jayantr4sg-hostcom":false},"product_brand":[],"product_cat":[1791,6158,245,5642,1559,236,1229,1235,5342,1783,5338,1573,1574,5349],"product_tag":[],"class_list":{"0":"post-391972","1":"product","2":"type-product","3":"status-publish","4":"has-post-thumbnail","6":"product_cat-anniversary-gifts","7":"product_cat-armari-band","8":"product_cat-armari-collections","9":"product_cat-armari-ring","10":"product_cat-birthday-gifts","11":"product_cat-collections","12":"product_cat-22ct-gold-jewellery","13":"product_cat-gold-rings","14":"product_cat-jewellery-under-250","15":"product_cat-ladies-rings","16":"product_cat-shop-by-price","17":"product_cat-wedding-gifts","18":"product_cat-womens-jewellery","19":"product_cat-yellow-gold-jewellery","21":"first","22":"outofstock","23":"taxable","24":"shipping-taxable","25":"product-type-simple","26":"add-to-wishlist-before_image"},"yoast_head":"<!-- This site is optimized with the Yoast SEO plugin v27.3 - https:\/\/yoast.com\/product\/yoast-seo-wordpress\/ -->\n<title>22ct Gold Armari Band - Size M | Elegant Gold Ring for Women<\/title>\n<meta name=\"description\" content=\"Discover timeless elegance with our 22ct Gold Armari Band in Size M \u2013 a beautifully crafted gold ring designed to add a touch of luxury to any look.\" \/>\n<meta name=\"robots\" content=\"index, follow, max-snippet:-1, max-image-preview:large, max-video-preview:-1\" \/>\n<link rel=\"canonical\" href=\"https:\/\/www.purejewels.com\/tr\/urun\/22-ayar-altin-armari-bant-50887\/\" \/>\n<meta property=\"og:locale\" content=\"tr_TR\" \/>\n<meta property=\"og:type\" content=\"article\" \/>\n<meta property=\"og:title\" content=\"22ct Gold Armari Band - Size M | Elegant Gold Ring for Women\" \/>\n<meta property=\"og:description\" content=\"Discover timeless elegance with our 22ct Gold Armari Band in Size M \u2013 a beautifully crafted gold ring designed to add a touch of luxury to any look.\" \/>\n<meta property=\"og:url\" content=\"https:\/\/www.purejewels.com\/tr\/urun\/22-ayar-altin-armari-bant-50887\/\" \/>\n<meta property=\"og:site_name\" content=\"PureJewels UK\" \/>\n<meta property=\"article:modified_time\" content=\"2026-01-07T06:32:06+00:00\" \/>\n<meta property=\"og:image\" content=\"https:\/\/www.purejewels.com\/wp-content\/uploads\/2025\/04\/50887.png\" \/>\n\t<meta property=\"og:image:width\" content=\"1000\" \/>\n\t<meta property=\"og:image:height\" content=\"1000\" \/>\n\t<meta property=\"og:image:type\" content=\"image\/png\" \/>\n<meta name=\"twitter:card\" content=\"summary_large_image\" \/>\n<meta name=\"twitter:label1\" content=\"Tahmini okuma s\u00fcresi\" \/>\n\t<meta name=\"twitter:data1\" content=\"1 dakika\" \/>\n<script type=\"application\/ld+json\" class=\"yoast-schema-graph\">{\"@context\":\"https:\\\/\\\/schema.org\",\"@graph\":[{\"@type\":[\"WebPage\",\"ItemPage\"],\"@id\":\"https:\\\/\\\/www.purejewels.com\\\/product\\\/22ct-gold-armari-band-50887\\\/\",\"url\":\"https:\\\/\\\/www.purejewels.com\\\/product\\\/22ct-gold-armari-band-50887\\\/\",\"name\":\"22ct Gold Armari Band - Size M | Elegant Gold Ring for Women\",\"isPartOf\":{\"@id\":\"https:\\\/\\\/www.purejewels.com\\\/#website\"},\"primaryImageOfPage\":{\"@id\":\"https:\\\/\\\/www.purejewels.com\\\/product\\\/22ct-gold-armari-band-50887\\\/#primaryimage\"},\"image\":{\"@id\":\"https:\\\/\\\/www.purejewels.com\\\/product\\\/22ct-gold-armari-band-50887\\\/#primaryimage\"},\"thumbnailUrl\":\"https:\\\/\\\/static.purejewels.com\\\/wp-content\\\/uploads\\\/2025\\\/04\\\/50887.png\",\"datePublished\":\"2025-04-04T05:07:30+00:00\",\"dateModified\":\"2026-01-07T06:32:06+00:00\",\"description\":\"Discover timeless elegance with our 22ct Gold Armari Band in Size M \u2013 a beautifully crafted gold ring designed to add a touch of luxury to any look.\",\"breadcrumb\":{\"@id\":\"https:\\\/\\\/www.purejewels.com\\\/product\\\/22ct-gold-armari-band-50887\\\/#breadcrumb\"},\"inLanguage\":\"tr\",\"potentialAction\":[{\"@type\":\"ReadAction\",\"target\":[\"https:\\\/\\\/www.purejewels.com\\\/product\\\/22ct-gold-armari-band-50887\\\/\"]}]},{\"@type\":\"ImageObject\",\"inLanguage\":\"tr\",\"@id\":\"https:\\\/\\\/www.purejewels.com\\\/product\\\/22ct-gold-armari-band-50887\\\/#primaryimage\",\"url\":\"https:\\\/\\\/static.purejewels.com\\\/wp-content\\\/uploads\\\/2025\\\/04\\\/50887.png\",\"contentUrl\":\"https:\\\/\\\/static.purejewels.com\\\/wp-content\\\/uploads\\\/2025\\\/04\\\/50887.png\",\"width\":1000,\"height\":1000,\"caption\":\"22ct Gold Armari Band\"},{\"@type\":\"BreadcrumbList\",\"@id\":\"https:\\\/\\\/www.purejewels.com\\\/product\\\/22ct-gold-armari-band-50887\\\/#breadcrumb\",\"itemListElement\":[{\"@type\":\"ListItem\",\"position\":1,\"name\":\"Home\",\"item\":\"https:\\\/\\\/www.purejewels.com\\\/\"},{\"@type\":\"ListItem\",\"position\":2,\"name\":\"Shop\",\"item\":\"https:\\\/\\\/www.purejewels.com\\\/shop\\\/\"},{\"@type\":\"ListItem\",\"position\":3,\"name\":\"22ct Gold Armari Band | Size M\"}]},{\"@type\":\"WebSite\",\"@id\":\"https:\\\/\\\/www.purejewels.com\\\/#website\",\"url\":\"https:\\\/\\\/www.purejewels.com\\\/\",\"name\":\"PureJewels UK\",\"description\":\"Share the Love\",\"publisher\":{\"@id\":\"https:\\\/\\\/www.purejewels.com\\\/#organization\"},\"potentialAction\":[{\"@type\":\"SearchAction\",\"target\":{\"@type\":\"EntryPoint\",\"urlTemplate\":\"https:\\\/\\\/www.purejewels.com\\\/?s={search_term_string}\"},\"query-input\":{\"@type\":\"PropertyValueSpecification\",\"valueRequired\":true,\"valueName\":\"search_term_string\"}}],\"inLanguage\":\"tr\"},{\"@type\":\"Organization\",\"@id\":\"https:\\\/\\\/www.purejewels.com\\\/#organization\",\"name\":\"PureJewels UK\",\"url\":\"https:\\\/\\\/www.purejewels.com\\\/\",\"logo\":{\"@type\":\"ImageObject\",\"inLanguage\":\"tr\",\"@id\":\"https:\\\/\\\/www.purejewels.com\\\/#\\\/schema\\\/logo\\\/image\\\/\",\"url\":\"https:\\\/\\\/static.purejewels.com\\\/wp-content\\\/uploads\\\/2020\\\/11\\\/Logo-PJ-New-1.png\",\"contentUrl\":\"https:\\\/\\\/static.purejewels.com\\\/wp-content\\\/uploads\\\/2020\\\/11\\\/Logo-PJ-New-1.png\",\"width\":150,\"height\":80,\"caption\":\"PureJewels UK\"},\"image\":{\"@id\":\"https:\\\/\\\/www.purejewels.com\\\/#\\\/schema\\\/logo\\\/image\\\/\"}}]}<\/script>\n<!-- \/ Yoast SEO plugin. -->","yoast_head_json":{"title":"22 Ayar Alt\u0131n Armari Band - M Beden | Kad\u0131nlar i\u00e7in Zarif Alt\u0131n Y\u00fcz\u00fck","description":"M Beden 22 Ayar Alt\u0131n Armari Band\u0131m\u0131zla zamans\u0131z \u015f\u0131kl\u0131\u011f\u0131 ke\u015ffedin - her g\u00f6r\u00fcn\u00fcme l\u00fcks bir dokunu\u015f katmak i\u00e7in tasarlanm\u0131\u015f, g\u00fczelce i\u015flenmi\u015f bir alt\u0131n y\u00fcz\u00fck.","robots":{"index":"index","follow":"follow","max-snippet":"max-snippet:-1","max-image-preview":"max-image-preview:large","max-video-preview":"max-video-preview:-1"},"canonical":"https:\/\/www.purejewels.com\/tr\/urun\/22-ayar-altin-armari-bant-50887\/","og_locale":"tr_TR","og_type":"article","og_title":"22ct Gold Armari Band - Size M | Elegant Gold Ring for Women","og_description":"Discover timeless elegance with our 22ct Gold Armari Band in Size M \u2013 a beautifully crafted gold ring designed to add a touch of luxury to any look.","og_url":"https:\/\/www.purejewels.com\/tr\/urun\/22-ayar-altin-armari-bant-50887\/","og_site_name":"PureJewels UK","article_modified_time":"2026-01-07T06:32:06+00:00","og_image":[{"width":1000,"height":1000,"url":"https:\/\/www.purejewels.com\/wp-content\/uploads\/2025\/04\/50887.png","type":"image\/png"}],"twitter_card":"summary_large_image","twitter_misc":{"Tahmini okuma s\u00fcresi":"1 dakika"},"schema":{"@context":"https:\/\/schema.org","@graph":[{"@type":["WebPage","ItemPage"],"@id":"https:\/\/www.purejewels.com\/product\/22ct-gold-armari-band-50887\/","url":"https:\/\/www.purejewels.com\/product\/22ct-gold-armari-band-50887\/","name":"22 Ayar Alt\u0131n Armari Band - M Beden | Kad\u0131nlar i\u00e7in Zarif Alt\u0131n Y\u00fcz\u00fck","isPartOf":{"@id":"https:\/\/www.purejewels.com\/#website"},"primaryImageOfPage":{"@id":"https:\/\/www.purejewels.com\/product\/22ct-gold-armari-band-50887\/#primaryimage"},"image":{"@id":"https:\/\/www.purejewels.com\/product\/22ct-gold-armari-band-50887\/#primaryimage"},"thumbnailUrl":"https:\/\/static.purejewels.com\/wp-content\/uploads\/2025\/04\/50887.png","datePublished":"2025-04-04T05:07:30+00:00","dateModified":"2026-01-07T06:32:06+00:00","description":"M Beden 22 Ayar Alt\u0131n Armari Band\u0131m\u0131zla zamans\u0131z \u015f\u0131kl\u0131\u011f\u0131 ke\u015ffedin - her g\u00f6r\u00fcn\u00fcme l\u00fcks bir dokunu\u015f katmak i\u00e7in tasarlanm\u0131\u015f, g\u00fczelce i\u015flenmi\u015f bir alt\u0131n y\u00fcz\u00fck.","breadcrumb":{"@id":"https:\/\/www.purejewels.com\/product\/22ct-gold-armari-band-50887\/#breadcrumb"},"inLanguage":"tr","potentialAction":[{"@type":"ReadAction","target":["https:\/\/www.purejewels.com\/product\/22ct-gold-armari-band-50887\/"]}]},{"@type":"ImageObject","inLanguage":"tr","@id":"https:\/\/www.purejewels.com\/product\/22ct-gold-armari-band-50887\/#primaryimage","url":"https:\/\/static.purejewels.com\/wp-content\/uploads\/2025\/04\/50887.png","contentUrl":"https:\/\/static.purejewels.com\/wp-content\/uploads\/2025\/04\/50887.png","width":1000,"height":1000,"caption":"22ct Gold Armari Band"},{"@type":"BreadcrumbList","@id":"https:\/\/www.purejewels.com\/product\/22ct-gold-armari-band-50887\/#breadcrumb","itemListElement":[{"@type":"ListItem","position":1,"name":"Home","item":"https:\/\/www.purejewels.com\/"},{"@type":"ListItem","position":2,"name":"Shop","item":"https:\/\/www.purejewels.com\/shop\/"},{"@type":"ListItem","position":3,"name":"22ct Gold Armari Band | Size M"}]},{"@type":"WebSite","@id":"https:\/\/www.purejewels.com\/#website","url":"https:\/\/www.purejewels.com\/","name":"PureJewels \u0130ngiltere","description":"Sevgiyi Payla\u015f\u0131n","publisher":{"@id":"https:\/\/www.purejewels.com\/#organization"},"potentialAction":[{"@type":"SearchAction","target":{"@type":"EntryPoint","urlTemplate":"https:\/\/www.purejewels.com\/?s={search_term_string}"},"query-input":{"@type":"PropertyValueSpecification","valueRequired":true,"valueName":"search_term_string"}}],"inLanguage":"tr"},{"@type":"Organization","@id":"https:\/\/www.purejewels.com\/#organization","name":"PureJewels \u0130ngiltere","url":"https:\/\/www.purejewels.com\/","logo":{"@type":"ImageObject","inLanguage":"tr","@id":"https:\/\/www.purejewels.com\/#\/schema\/logo\/image\/","url":"https:\/\/static.purejewels.com\/wp-content\/uploads\/2020\/11\/Logo-PJ-New-1.png","contentUrl":"https:\/\/static.purejewels.com\/wp-content\/uploads\/2020\/11\/Logo-PJ-New-1.png","width":150,"height":80,"caption":"PureJewels UK"},"image":{"@id":"https:\/\/www.purejewels.com\/#\/schema\/logo\/image\/"}}]}},"_links":{"self":[{"href":"https:\/\/www.purejewels.com\/tr\/wp-json\/wp\/v2\/product\/391972","targetHints":{"allow":["GET"]}}],"collection":[{"href":"https:\/\/www.purejewels.com\/tr\/wp-json\/wp\/v2\/product"}],"about":[{"href":"https:\/\/www.purejewels.com\/tr\/wp-json\/wp\/v2\/types\/product"}],"replies":[{"embeddable":true,"href":"https:\/\/www.purejewels.com\/tr\/wp-json\/wp\/v2\/comments?post=391972"}],"version-history":[{"count":3,"href":"https:\/\/www.purejewels.com\/tr\/wp-json\/wp\/v2\/product\/391972\/revisions"}],"predecessor-version":[{"id":398769,"href":"https:\/\/www.purejewels.com\/tr\/wp-json\/wp\/v2\/product\/391972\/revisions\/398769"}],"wp:featuredmedia":[{"embeddable":true,"href":"https:\/\/www.purejewels.com\/tr\/wp-json\/wp\/v2\/media\/391980"}],"wp:attachment":[{"href":"https:\/\/www.purejewels.com\/tr\/wp-json\/wp\/v2\/media?parent=391972"}],"wp:term":[{"taxonomy":"product_brand","embeddable":true,"href":"https:\/\/www.purejewels.com\/tr\/wp-json\/wp\/v2\/product_brand?post=391972"},{"taxonomy":"product_cat","embeddable":true,"href":"https:\/\/www.purejewels.com\/tr\/wp-json\/wp\/v2\/product_cat?post=391972"},{"taxonomy":"product_tag","embeddable":true,"href":"https:\/\/www.purejewels.com\/tr\/wp-json\/wp\/v2\/product_tag?post=391972"}],"curies":[{"name":"wp","href":"https:\/\/api.w.org\/{rel}","templated":true}]}}