{"id":392576,"date":"2025-12-07T06:18:46","date_gmt":"2025-12-07T06:18:46","guid":{"rendered":"https:\/\/www.purejewels.com\/?post_type=product&#038;p=392576"},"modified":"2026-02-03T05:42:07","modified_gmt":"2026-02-03T05:42:07","slug":"22-ayar-gundogumu-altin-cicek-yuzuk-51150","status":"publish","type":"product","link":"https:\/\/www.purejewels.com\/tr\/product\/22ct-sunrise-gold-flower-ring-51150\/","title":{"rendered":"22 Ayar G\u00fcndo\u011fumu Alt\u0131n \u00c7i\u00e7ek Y\u00fcz\u00fck | N Beden"},"content":{"rendered":"<h3>Tasar\u0131m Konsepti:<\/h3>\n<p>\u00c7i\u00e7ek a\u00e7an bir rozetin narin katmanlar\u0131ndan esinlenen <strong>6mm \u00e7i\u00e7ekli merkez par\u00e7as\u0131<\/strong> daha belirgin ve zarif bir duru\u015f sunar. Bu \u00f6zenli tasar\u0131m, do\u011fal g\u00fczelli\u011fi zamans\u0131z ve ay\u0131rt edici bir \u015fekilde yans\u0131tarak onu evinizin de\u011ferli bir par\u00e7as\u0131 haline getiriyor. <strong>Rozet Koleksiyonu<\/strong>.<\/p>\n<h3><strong>\u0130\u015f\u00e7ilik:<\/strong><\/h3>\n<p>T\u00fcrkiye'de yetenekli zanaatkarlar taraf\u0131ndan <strong>22 Ayar G\u00fcndo\u011fumu Alt\u0131n<\/strong> y\u00fcz\u00fck hassasiyeti ve sanatsall\u0131\u011f\u0131 \u00f6ne \u00e7\u0131kar\u0131r. Yontulmu\u015f rozet iyi tan\u0131mlanm\u0131\u015f yapraklar ve p\u00fcr\u00fczs\u00fcz bir y\u00fczey sergilerken, dokulu bant genel g\u00f6r\u00fcn\u00fcm\u00fc geli\u015ftirir ve dayan\u0131kl\u0131l\u0131k sa\u011flar.<\/p>\n<h3>Stil:<\/h3>\n<p>Biraz daha b\u00fcy\u00fck <strong>6mm \u00e7i\u00e7ekli merkez par\u00e7as\u0131<\/strong> g\u00fcnl\u00fck giyimden bayram ve t\u00f6renlere sorunsuz bir \u015fekilde ge\u00e7i\u015f yapan sofistike bir dokunu\u015f getiriyor. Hafif ve rahat olan bu model, rafine bir ifade i\u00e7in klasik cazibeyi \u00e7a\u011fda\u015f stille birle\u015ftiriyor.<\/p>","protected":false},"excerpt":{"rendered":"<p>Bu <strong>22 Ayar G\u00fcndo\u011fumu Alt\u0131n Rozet Solo \u00c7i\u00e7ek Y\u00fcz\u00fck<\/strong> ile <strong>6mm \u00e7i\u00e7ekli merkez par\u00e7as\u0131<\/strong> bir \u015fey yok. <strong>Rozet Koleksiyonu<\/strong> ince dokulu alt\u0131n bir bant \u00fczerinde duran g\u00fczelce yontulmu\u015f bir \u00e7i\u00e7ek sergiliyor. Zarif tasar\u0131m\u0131, \u00f6zel g\u00fcnler ve g\u00fcnl\u00fck g\u00f6r\u00fcn\u00fcmlere sofistike bir dokunu\u015f katmak i\u00e7in ideal bir se\u00e7imdir.<\/p>\n<p><strong>Malzeme<\/strong>: 22ct Sunrise Alt\u0131n (91.6% saf alt\u0131n)<br \/>\n<strong>Hallmark<\/strong>: \u0130ngiliz Hallmark<br \/>\n<strong>A\u011f\u0131rl\u0131k <\/strong>: 2.0 Gms<br \/>\n<strong>\u00c7i\u00e7ek geni\u015fli\u011fi<\/strong>: Merkez \u00c7i\u00e7ek - 6mm<br \/>\n<strong>Y\u00fcz\u00fck \u00d6l\u00e7\u00fcs\u00fc:<\/strong> N<br \/>\n<strong>SKU:<\/strong> 51150<\/p>\n<p><strong>Fiyat ve Teslimat:<\/strong>\u00a0KDV ve teslimat \u00fccretleri dahil<br \/>\n<a href=\"https:\/\/www.purejewels.com\/tr\/i%cc%87ade-poli%cc%87ti%cc%87kasi\/\"><strong>\u0130ade Politikas\u0131<\/strong><\/a><\/p>","protected":false},"featured_media":392098,"comment_status":"closed","ping_status":"closed","template":"","meta":{"_eb_attr":"","_crsspst_to_jayantr4sg-hostcom":false},"product_brand":[],"product_cat":[1791,1559,236,1785,1793,5701,1229,1235,5343,1783,1786,5338,6155,1656,5276,1573,1574],"product_tag":[],"class_list":{"0":"post-392576","1":"product","2":"type-product","3":"status-publish","4":"has-post-thumbnail","6":"product_cat-anniversary-gifts","7":"product_cat-birthday-gifts","8":"product_cat-collections","9":"product_cat-daily-wear-rings","10":"product_cat-diwali-gifts","11":"product_cat-eid-jewellery","12":"product_cat-22ct-gold-jewellery","13":"product_cat-gold-rings","14":"product_cat-jewellery-under-550","15":"product_cat-ladies-rings","16":"product_cat-occasional-wear-rings","17":"product_cat-shop-by-price","18":"product_cat-rosette-zariya-rings","19":"product_cat-rosettes-collections","20":"product_cat-rosettes-ring","21":"product_cat-wedding-gifts","22":"product_cat-womens-jewellery","24":"first","25":"outofstock","26":"taxable","27":"shipping-taxable","28":"product-type-simple","29":"add-to-wishlist-before_image"},"yoast_head":"<!-- This site is optimized with the Yoast SEO plugin v27.6 - https:\/\/yoast.com\/product\/yoast-seo-wordpress\/ -->\n<title>Gold Flower Ring 22ct Sunrise | Size N | PureJewels UK<\/title>\n<meta name=\"description\" content=\"Discover the exquisite 22ct sunrise gold flower ring in size N from PureJewels UK. Experience the beauty and craftsmanship of this stunning piece. Shop now.\" \/>\n<meta name=\"robots\" content=\"index, follow, max-snippet:-1, max-image-preview:large, max-video-preview:-1\" \/>\n<link rel=\"canonical\" href=\"https:\/\/www.purejewels.com\/tr\/urun\/22-ayar-gundogumu-altin-cicek-yuzuk-51150\/\" \/>\n<meta property=\"og:locale\" content=\"tr_TR\" \/>\n<meta property=\"og:type\" content=\"article\" \/>\n<meta property=\"og:title\" content=\"Gold Flower Ring 22ct Sunrise | Size N | PureJewels UK\" \/>\n<meta property=\"og:description\" content=\"Discover the exquisite 22ct sunrise gold flower ring in size N from PureJewels UK. Experience the beauty and craftsmanship of this stunning piece. Shop now.\" \/>\n<meta property=\"og:url\" content=\"https:\/\/www.purejewels.com\/tr\/urun\/22-ayar-gundogumu-altin-cicek-yuzuk-51150\/\" \/>\n<meta property=\"og:site_name\" content=\"PureJewels UK\" \/>\n<meta property=\"article:modified_time\" content=\"2026-02-03T05:42:07+00:00\" \/>\n<meta property=\"og:image\" content=\"https:\/\/static.purejewels.com\/wp-content\/uploads\/2025\/04\/51149.png\" \/>\n\t<meta property=\"og:image:width\" content=\"1000\" \/>\n\t<meta property=\"og:image:height\" content=\"1000\" \/>\n\t<meta property=\"og:image:type\" content=\"image\/png\" \/>\n<meta name=\"twitter:card\" content=\"summary_large_image\" \/>\n<meta name=\"twitter:label1\" content=\"Tahmini okuma s\u00fcresi\" \/>\n\t<meta name=\"twitter:data1\" content=\"1 dakika\" \/>\n<script type=\"application\/ld+json\" class=\"yoast-schema-graph\">{\"@context\":\"https:\\\/\\\/schema.org\",\"@graph\":[{\"@type\":[\"WebPage\",\"ItemPage\"],\"@id\":\"https:\\\/\\\/www.purejewels.com\\\/product\\\/22ct-sunrise-gold-flower-ring-51150\\\/\",\"url\":\"https:\\\/\\\/www.purejewels.com\\\/product\\\/22ct-sunrise-gold-flower-ring-51150\\\/\",\"name\":\"Gold Flower Ring 22ct Sunrise | Size N | PureJewels UK\",\"isPartOf\":{\"@id\":\"https:\\\/\\\/www.purejewels.com\\\/#website\"},\"primaryImageOfPage\":{\"@id\":\"https:\\\/\\\/www.purejewels.com\\\/product\\\/22ct-sunrise-gold-flower-ring-51150\\\/#primaryimage\"},\"image\":{\"@id\":\"https:\\\/\\\/www.purejewels.com\\\/product\\\/22ct-sunrise-gold-flower-ring-51150\\\/#primaryimage\"},\"thumbnailUrl\":\"https:\\\/\\\/static.purejewels.com\\\/wp-content\\\/uploads\\\/2025\\\/04\\\/51149.png\",\"datePublished\":\"2025-12-07T06:18:46+00:00\",\"dateModified\":\"2026-02-03T05:42:07+00:00\",\"description\":\"Discover the exquisite 22ct sunrise gold flower ring in size N from PureJewels UK. Experience the beauty and craftsmanship of this stunning piece. Shop now.\",\"breadcrumb\":{\"@id\":\"https:\\\/\\\/www.purejewels.com\\\/product\\\/22ct-sunrise-gold-flower-ring-51150\\\/#breadcrumb\"},\"inLanguage\":\"tr\",\"potentialAction\":[{\"@type\":\"ReadAction\",\"target\":[\"https:\\\/\\\/www.purejewels.com\\\/product\\\/22ct-sunrise-gold-flower-ring-51150\\\/\"]}]},{\"@type\":\"ImageObject\",\"inLanguage\":\"tr\",\"@id\":\"https:\\\/\\\/www.purejewels.com\\\/product\\\/22ct-sunrise-gold-flower-ring-51150\\\/#primaryimage\",\"url\":\"https:\\\/\\\/static.purejewels.com\\\/wp-content\\\/uploads\\\/2025\\\/04\\\/51149.png\",\"contentUrl\":\"https:\\\/\\\/static.purejewels.com\\\/wp-content\\\/uploads\\\/2025\\\/04\\\/51149.png\",\"width\":1000,\"height\":1000,\"caption\":\"22ct Sunrise Gold Rosette Zariya Ring\"},{\"@type\":\"BreadcrumbList\",\"@id\":\"https:\\\/\\\/www.purejewels.com\\\/product\\\/22ct-sunrise-gold-flower-ring-51150\\\/#breadcrumb\",\"itemListElement\":[{\"@type\":\"ListItem\",\"position\":1,\"name\":\"Home\",\"item\":\"https:\\\/\\\/www.purejewels.com\\\/\"},{\"@type\":\"ListItem\",\"position\":2,\"name\":\"Shop\",\"item\":\"https:\\\/\\\/www.purejewels.com\\\/shop\\\/\"},{\"@type\":\"ListItem\",\"position\":3,\"name\":\"22ct Sunrise Gold Flower Ring | Size N\"}]},{\"@type\":\"WebSite\",\"@id\":\"https:\\\/\\\/www.purejewels.com\\\/#website\",\"url\":\"https:\\\/\\\/www.purejewels.com\\\/\",\"name\":\"PureJewels UK\",\"description\":\"Share the Love\",\"publisher\":{\"@id\":\"https:\\\/\\\/www.purejewels.com\\\/#organization\"},\"potentialAction\":[{\"@type\":\"SearchAction\",\"target\":{\"@type\":\"EntryPoint\",\"urlTemplate\":\"https:\\\/\\\/www.purejewels.com\\\/?s={search_term_string}\"},\"query-input\":{\"@type\":\"PropertyValueSpecification\",\"valueRequired\":true,\"valueName\":\"search_term_string\"}}],\"inLanguage\":\"tr\"},{\"@type\":\"Organization\",\"@id\":\"https:\\\/\\\/www.purejewels.com\\\/#organization\",\"name\":\"PureJewels UK\",\"url\":\"https:\\\/\\\/www.purejewels.com\\\/\",\"logo\":{\"@type\":\"ImageObject\",\"inLanguage\":\"tr\",\"@id\":\"https:\\\/\\\/www.purejewels.com\\\/#\\\/schema\\\/logo\\\/image\\\/\",\"url\":\"https:\\\/\\\/static.purejewels.com\\\/wp-content\\\/uploads\\\/2020\\\/11\\\/Logo-PJ-New-1.png\",\"contentUrl\":\"https:\\\/\\\/static.purejewels.com\\\/wp-content\\\/uploads\\\/2020\\\/11\\\/Logo-PJ-New-1.png\",\"width\":150,\"height\":80,\"caption\":\"PureJewels UK\"},\"image\":{\"@id\":\"https:\\\/\\\/www.purejewels.com\\\/#\\\/schema\\\/logo\\\/image\\\/\"}}]}<\/script>\n<!-- \/ Yoast SEO plugin. -->","yoast_head_json":{"title":"Alt\u0131n \u00c7i\u00e7ek Y\u00fcz\u00fck 22ct Sunrise | N Beden | PureJewels UK","description":"PureJewels UK'den N beden 22 ayar g\u00fcn do\u011fumu alt\u0131n \u00e7i\u00e7ek y\u00fcz\u00fc\u011f\u00fc ke\u015ffedin. Bu \u00e7arp\u0131c\u0131 par\u00e7an\u0131n g\u00fczelli\u011fini ve i\u015f\u00e7ili\u011fini deneyimleyin. \u015eimdi sat\u0131n al\u0131n.","robots":{"index":"index","follow":"follow","max-snippet":"max-snippet:-1","max-image-preview":"max-image-preview:large","max-video-preview":"max-video-preview:-1"},"canonical":"https:\/\/www.purejewels.com\/tr\/urun\/22-ayar-gundogumu-altin-cicek-yuzuk-51150\/","og_locale":"tr_TR","og_type":"article","og_title":"Gold Flower Ring 22ct Sunrise | Size N | PureJewels UK","og_description":"Discover the exquisite 22ct sunrise gold flower ring in size N from PureJewels UK. Experience the beauty and craftsmanship of this stunning piece. Shop now.","og_url":"https:\/\/www.purejewels.com\/tr\/urun\/22-ayar-gundogumu-altin-cicek-yuzuk-51150\/","og_site_name":"PureJewels UK","article_modified_time":"2026-02-03T05:42:07+00:00","og_image":[{"width":1000,"height":1000,"url":"https:\/\/static.purejewels.com\/wp-content\/uploads\/2025\/04\/51149.png","type":"image\/png"}],"twitter_card":"summary_large_image","twitter_misc":{"Tahmini okuma s\u00fcresi":"1 dakika"},"schema":{"@context":"https:\/\/schema.org","@graph":[{"@type":["WebPage","ItemPage"],"@id":"https:\/\/www.purejewels.com\/product\/22ct-sunrise-gold-flower-ring-51150\/","url":"https:\/\/www.purejewels.com\/product\/22ct-sunrise-gold-flower-ring-51150\/","name":"Alt\u0131n \u00c7i\u00e7ek Y\u00fcz\u00fck 22ct Sunrise | N Beden | PureJewels UK","isPartOf":{"@id":"https:\/\/www.purejewels.com\/#website"},"primaryImageOfPage":{"@id":"https:\/\/www.purejewels.com\/product\/22ct-sunrise-gold-flower-ring-51150\/#primaryimage"},"image":{"@id":"https:\/\/www.purejewels.com\/product\/22ct-sunrise-gold-flower-ring-51150\/#primaryimage"},"thumbnailUrl":"https:\/\/static.purejewels.com\/wp-content\/uploads\/2025\/04\/51149.png","datePublished":"2025-12-07T06:18:46+00:00","dateModified":"2026-02-03T05:42:07+00:00","description":"PureJewels UK'den N beden 22 ayar g\u00fcn do\u011fumu alt\u0131n \u00e7i\u00e7ek y\u00fcz\u00fc\u011f\u00fc ke\u015ffedin. Bu \u00e7arp\u0131c\u0131 par\u00e7an\u0131n g\u00fczelli\u011fini ve i\u015f\u00e7ili\u011fini deneyimleyin. \u015eimdi sat\u0131n al\u0131n.","breadcrumb":{"@id":"https:\/\/www.purejewels.com\/product\/22ct-sunrise-gold-flower-ring-51150\/#breadcrumb"},"inLanguage":"tr","potentialAction":[{"@type":"ReadAction","target":["https:\/\/www.purejewels.com\/product\/22ct-sunrise-gold-flower-ring-51150\/"]}]},{"@type":"ImageObject","inLanguage":"tr","@id":"https:\/\/www.purejewels.com\/product\/22ct-sunrise-gold-flower-ring-51150\/#primaryimage","url":"https:\/\/static.purejewels.com\/wp-content\/uploads\/2025\/04\/51149.png","contentUrl":"https:\/\/static.purejewels.com\/wp-content\/uploads\/2025\/04\/51149.png","width":1000,"height":1000,"caption":"22ct Sunrise Gold Rosette Zariya Ring"},{"@type":"BreadcrumbList","@id":"https:\/\/www.purejewels.com\/product\/22ct-sunrise-gold-flower-ring-51150\/#breadcrumb","itemListElement":[{"@type":"ListItem","position":1,"name":"Home","item":"https:\/\/www.purejewels.com\/"},{"@type":"ListItem","position":2,"name":"Shop","item":"https:\/\/www.purejewels.com\/shop\/"},{"@type":"ListItem","position":3,"name":"22ct Sunrise Gold Flower Ring | Size N"}]},{"@type":"WebSite","@id":"https:\/\/www.purejewels.com\/#website","url":"https:\/\/www.purejewels.com\/","name":"PureJewels \u0130ngiltere","description":"Sevgiyi Payla\u015f\u0131n","publisher":{"@id":"https:\/\/www.purejewels.com\/#organization"},"potentialAction":[{"@type":"SearchAction","target":{"@type":"EntryPoint","urlTemplate":"https:\/\/www.purejewels.com\/?s={search_term_string}"},"query-input":{"@type":"PropertyValueSpecification","valueRequired":true,"valueName":"search_term_string"}}],"inLanguage":"tr"},{"@type":"Organization","@id":"https:\/\/www.purejewels.com\/#organization","name":"PureJewels \u0130ngiltere","url":"https:\/\/www.purejewels.com\/","logo":{"@type":"ImageObject","inLanguage":"tr","@id":"https:\/\/www.purejewels.com\/#\/schema\/logo\/image\/","url":"https:\/\/static.purejewels.com\/wp-content\/uploads\/2020\/11\/Logo-PJ-New-1.png","contentUrl":"https:\/\/static.purejewels.com\/wp-content\/uploads\/2020\/11\/Logo-PJ-New-1.png","width":150,"height":80,"caption":"PureJewels UK"},"image":{"@id":"https:\/\/www.purejewels.com\/#\/schema\/logo\/image\/"}}]}},"_links":{"self":[{"href":"https:\/\/www.purejewels.com\/tr\/wp-json\/wp\/v2\/product\/392576","targetHints":{"allow":["GET"]}}],"collection":[{"href":"https:\/\/www.purejewels.com\/tr\/wp-json\/wp\/v2\/product"}],"about":[{"href":"https:\/\/www.purejewels.com\/tr\/wp-json\/wp\/v2\/types\/product"}],"replies":[{"embeddable":true,"href":"https:\/\/www.purejewels.com\/tr\/wp-json\/wp\/v2\/comments?post=392576"}],"version-history":[{"count":5,"href":"https:\/\/www.purejewels.com\/tr\/wp-json\/wp\/v2\/product\/392576\/revisions"}],"predecessor-version":[{"id":425530,"href":"https:\/\/www.purejewels.com\/tr\/wp-json\/wp\/v2\/product\/392576\/revisions\/425530"}],"wp:featuredmedia":[{"embeddable":true,"href":"https:\/\/www.purejewels.com\/tr\/wp-json\/wp\/v2\/media\/392098"}],"wp:attachment":[{"href":"https:\/\/www.purejewels.com\/tr\/wp-json\/wp\/v2\/media?parent=392576"}],"wp:term":[{"taxonomy":"product_brand","embeddable":true,"href":"https:\/\/www.purejewels.com\/tr\/wp-json\/wp\/v2\/product_brand?post=392576"},{"taxonomy":"product_cat","embeddable":true,"href":"https:\/\/www.purejewels.com\/tr\/wp-json\/wp\/v2\/product_cat?post=392576"},{"taxonomy":"product_tag","embeddable":true,"href":"https:\/\/www.purejewels.com\/tr\/wp-json\/wp\/v2\/product_tag?post=392576"}],"curies":[{"name":"wp","href":"https:\/\/api.w.org\/{rel}","templated":true}]}}