{"id":392837,"date":"2025-02-14T09:24:21","date_gmt":"2025-02-14T09:24:21","guid":{"rendered":"https:\/\/www.purejewels.com\/?post_type=product&#038;p=392837"},"modified":"2026-03-05T05:19:41","modified_gmt":"2026-03-05T05:19:41","slug":"yonca-desenli-sari-altin-yuzuk-51526","status":"publish","type":"product","link":"https:\/\/www.purejewels.com\/tr\/product\/yellow-gold-ring-with-clover-design-51526\/","title":{"rendered":"Yonca Tasar\u0131ml\u0131 Sar\u0131 Alt\u0131n Y\u00fcz\u00fck"},"content":{"rendered":"<p>Do\u011fan\u0131n sessiz zarafetinden ilham alan ve zamans\u0131z bir \u00f6zveri ile tasarlanan bu 22 ayar sar\u0131 alt\u0131n yonca y\u00fcz\u00fck, \u00e7ekicilik ve sembolizmin parlak bir ifadesidir.<\/p>\n<p>Tasar\u0131m\u0131n merkezinde, parlak beyaz alt\u0131n \u00fczerine \u00f6zenle yerle\u015ftirilmi\u015f yuvarlak parlak kesim p\u0131rlantalardan olu\u015fan stilize bir yonca motifi yer al\u0131yor. Zengin 22 ayar sar\u0131 alt\u0131ndan \u015fekillendirilmi\u015f a\u00e7\u0131k bant, parma\u011fa nazik bir \u0131\u015f\u0131lt\u0131 katan par\u0131ldayan p\u0131rlanta izleriyle vurgulan\u0131yor.<\/p>\n<p>Genellikle iyi \u015fans ve pozitiflikle ili\u015fkilendirilen yonca, burada modern bir incelikle yeniden tasarlanarak bu y\u00fcz\u00fc\u011f\u00fc anlaml\u0131 bir hediye veya umut ve g\u00fczelli\u011fin ki\u015fisel t\u0131ls\u0131m\u0131 haline getiriyor.<\/p>\n<p>Her ayr\u0131nt\u0131, PureJewels'\u0131n imza niteli\u011findeki i\u015f\u00e7ili\u011fi ile tamamlanm\u0131\u015ft\u0131r ve benzersiz yolculu\u011funuzu zarafet ve s\u0131cakl\u0131kla yans\u0131tacak \u015fekilde tasarlanm\u0131\u015ft\u0131r.<\/p>\n<p><strong>Tasar\u0131m Stili<\/strong><\/p>\n<p>Do\u011fu duyarl\u0131l\u0131\u011f\u0131yla \u00e7a\u011fda\u015f. Asimetrik, a\u00e7\u0131k siluet do\u011fan\u0131n organik zarafetini onurland\u0131r\u0131rken, yonca motifi safl\u0131\u011f\u0131, \u015fans\u0131 ve sevgiyi \u00e7a\u011fr\u0131\u015ft\u0131r\u0131r. Tek ba\u015f\u0131na bir ifade olarak veya tamamlay\u0131c\u0131 alt\u0131n y\u00fcz\u00fcklerle birlikte katmanlamak i\u00e7in idealdir.<\/p>\n<p><strong>Zanaatkarl\u0131k<\/strong><\/p>\n<p>22 ayar y\u00fcksek safl\u0131kta alt\u0131nla el i\u015f\u00e7ili\u011fi ile \u00fcretilen ve Londra Assay Office taraf\u0131ndan damgalanm\u0131\u015f olan bu y\u00fcz\u00fck, yonca ve sivrilen band\u0131nda el ile yerle\u015ftirilmi\u015f elmaslara sahiptir. G\u00fcnl\u00fck kullan\u0131m rahatl\u0131\u011f\u0131 ve kal\u0131c\u0131 \u0131\u015f\u0131lt\u0131 i\u00e7in p\u00fcr\u00fczs\u00fcz bir \u015fekilde cilalanm\u0131\u015f olan bu par\u00e7a, zanaatkarlar\u0131n \u00f6nderli\u011finde at\u00f6lyelerimizde \u00fcretilmi\u015ftir.<\/p>","protected":false},"excerpt":{"rendered":"<p>Bu zarif 22 ayar sar\u0131 alt\u0131n y\u00fcz\u00fckte, \u015fans, a\u015fk ve zarif zarafeti simgeleyen narin bir yonca motifi elmaslarla par\u0131ld\u0131yor.<\/p>\n<div class=\"woocommerce-product-details__short-description\">\n<table>\n<tbody>\n<tr>\n<td>Y\u00fcz\u00fck Tipi<\/td>\n<td>18 Ayar P\u0131rlantal\u0131 Alt\u0131n Y\u00fcz\u00fck<\/td>\n<\/tr>\n<tr>\n<td>SKU<\/td>\n<td>51526<\/td>\n<\/tr>\n<tr>\n<td>Y\u00fcz\u00fck \u00d6l\u00e7\u00fcs\u00fc<\/td>\n<td>L<\/td>\n<\/tr>\n<tr>\n<td>Metal<\/td>\n<td>18 Ayar Sar\u0131 Alt\u0131n<\/td>\n<\/tr>\n<tr>\n<td>Elmas A\u011f\u0131rl\u0131\u011f\u0131.<\/td>\n<td>0.40ct<\/td>\n<\/tr>\n<tr>\n<td>\u00dccretler<\/td>\n<td>Teslimat ve KDV Dahil<\/td>\n<\/tr>\n<tr>\n<td>Paketleme<\/td>\n<td>Sunum Kutusu ile Birlikte Gelir<\/td>\n<\/tr>\n<tr>\n<td>Daha Fazla Bilgi<\/td>\n<td>M\u00fcsaitlik durumu ve daha fazla resim i\u00e7in bizimle canl\u0131 sohbet edin<\/td>\n<\/tr>\n<\/tbody>\n<\/table>\n<\/div>","protected":false},"featured_media":394615,"comment_status":"closed","ping_status":"closed","template":"","meta":{"_eb_attr":"","_crsspst_to_jayantr4sg-hostcom":true},"product_brand":[],"product_cat":[5679,6085,1791,1559,5457,5460,6190,231,1235,1570,1786,1569,1573,226,1574,5349],"product_tag":[],"class_list":{"0":"post-392837","1":"product","2":"type-product","3":"status-publish","4":"has-post-thumbnail","6":"product_cat-18ct-gold-jewellery","7":"product_cat-18ct-gold-ring","8":"product_cat-anniversary-gifts","9":"product_cat-birthday-gifts","10":"product_cat-diamond-jewellery","11":"product_cat-diamond-ring","12":"product_cat-easter-jewellery","13":"product_cat-engagement-rings","14":"product_cat-gold-rings","15":"product_cat-mothers-day-gifts","16":"product_cat-occasional-wear-rings","17":"product_cat-valentine-day-gifts","18":"product_cat-wedding-gifts","19":"product_cat-wedding-rings-bands","20":"product_cat-womens-jewellery","21":"product_cat-yellow-gold-jewellery","23":"first","24":"instock","25":"taxable","26":"shipping-taxable","27":"purchasable","28":"product-type-simple","29":"add-to-wishlist-before_image"},"yoast_head":"<!-- This site is optimized with the Yoast SEO plugin v27.3 - https:\/\/yoast.com\/product\/yoast-seo-wordpress\/ -->\n<title>Yellow Gold Clover Ring | Shop now | PureJewels UK<\/title>\n<meta name=\"description\" content=\"Symbolize luck and style with a yellow gold clover ring from PureJewels UK. High-quality designs available online. Shop now for your timeless piece.\" \/>\n<meta name=\"robots\" content=\"index, follow, max-snippet:-1, max-image-preview:large, max-video-preview:-1\" \/>\n<link rel=\"canonical\" href=\"https:\/\/www.purejewels.com\/tr\/urun\/yonca-desenli-sari-altin-yuzuk-51526\/\" \/>\n<meta property=\"og:locale\" content=\"tr_TR\" \/>\n<meta property=\"og:type\" content=\"article\" \/>\n<meta property=\"og:title\" content=\"Yellow Gold Clover Ring | Shop now | PureJewels UK\" \/>\n<meta property=\"og:description\" content=\"Symbolize luck and style with a yellow gold clover ring from PureJewels UK. High-quality designs available online. Shop now for your timeless piece.\" \/>\n<meta property=\"og:url\" content=\"https:\/\/www.purejewels.com\/tr\/urun\/yonca-desenli-sari-altin-yuzuk-51526\/\" \/>\n<meta property=\"og:site_name\" content=\"PureJewels UK\" \/>\n<meta property=\"article:modified_time\" content=\"2026-03-05T05:19:41+00:00\" \/>\n<meta property=\"og:image\" content=\"https:\/\/static.purejewels.com\/wp-content\/uploads\/2025\/02\/51526.png\" \/>\n\t<meta property=\"og:image:width\" content=\"1000\" \/>\n\t<meta property=\"og:image:height\" content=\"1000\" \/>\n\t<meta property=\"og:image:type\" content=\"image\/png\" \/>\n<meta name=\"twitter:card\" content=\"summary_large_image\" \/>\n<meta name=\"twitter:label1\" content=\"Tahmini okuma s\u00fcresi\" \/>\n\t<meta name=\"twitter:data1\" content=\"2 dakika\" \/>\n<script type=\"application\/ld+json\" class=\"yoast-schema-graph\">{\"@context\":\"https:\\\/\\\/schema.org\",\"@graph\":[{\"@type\":[\"WebPage\",\"ItemPage\"],\"@id\":\"https:\\\/\\\/www.purejewels.com\\\/product\\\/yellow-gold-ring-with-clover-design-51526\\\/\",\"url\":\"https:\\\/\\\/www.purejewels.com\\\/product\\\/yellow-gold-ring-with-clover-design-51526\\\/\",\"name\":\"Yellow Gold Clover Ring | Shop now | PureJewels UK\",\"isPartOf\":{\"@id\":\"https:\\\/\\\/www.purejewels.com\\\/#website\"},\"primaryImageOfPage\":{\"@id\":\"https:\\\/\\\/www.purejewels.com\\\/product\\\/yellow-gold-ring-with-clover-design-51526\\\/#primaryimage\"},\"image\":{\"@id\":\"https:\\\/\\\/www.purejewels.com\\\/product\\\/yellow-gold-ring-with-clover-design-51526\\\/#primaryimage\"},\"thumbnailUrl\":\"https:\\\/\\\/static.purejewels.com\\\/wp-content\\\/uploads\\\/2025\\\/02\\\/51526.png\",\"datePublished\":\"2025-02-14T09:24:21+00:00\",\"dateModified\":\"2026-03-05T05:19:41+00:00\",\"description\":\"Symbolize luck and style with a yellow gold clover ring from PureJewels UK. High-quality designs available online. Shop now for your timeless piece.\",\"breadcrumb\":{\"@id\":\"https:\\\/\\\/www.purejewels.com\\\/product\\\/yellow-gold-ring-with-clover-design-51526\\\/#breadcrumb\"},\"inLanguage\":\"tr\",\"potentialAction\":[{\"@type\":\"ReadAction\",\"target\":[\"https:\\\/\\\/www.purejewels.com\\\/product\\\/yellow-gold-ring-with-clover-design-51526\\\/\"]}]},{\"@type\":\"ImageObject\",\"inLanguage\":\"tr\",\"@id\":\"https:\\\/\\\/www.purejewels.com\\\/product\\\/yellow-gold-ring-with-clover-design-51526\\\/#primaryimage\",\"url\":\"https:\\\/\\\/static.purejewels.com\\\/wp-content\\\/uploads\\\/2025\\\/02\\\/51526.png\",\"contentUrl\":\"https:\\\/\\\/static.purejewels.com\\\/wp-content\\\/uploads\\\/2025\\\/02\\\/51526.png\",\"width\":1000,\"height\":1000,\"caption\":\"Yellow Gold Ring with Clover Design\"},{\"@type\":\"BreadcrumbList\",\"@id\":\"https:\\\/\\\/www.purejewels.com\\\/product\\\/yellow-gold-ring-with-clover-design-51526\\\/#breadcrumb\",\"itemListElement\":[{\"@type\":\"ListItem\",\"position\":1,\"name\":\"Home\",\"item\":\"https:\\\/\\\/www.purejewels.com\\\/\"},{\"@type\":\"ListItem\",\"position\":2,\"name\":\"Shop\",\"item\":\"https:\\\/\\\/www.purejewels.com\\\/shop\\\/\"},{\"@type\":\"ListItem\",\"position\":3,\"name\":\"Yellow Gold Ring with Clover Design\"}]},{\"@type\":\"WebSite\",\"@id\":\"https:\\\/\\\/www.purejewels.com\\\/#website\",\"url\":\"https:\\\/\\\/www.purejewels.com\\\/\",\"name\":\"PureJewels UK\",\"description\":\"Share the Love\",\"publisher\":{\"@id\":\"https:\\\/\\\/www.purejewels.com\\\/#organization\"},\"potentialAction\":[{\"@type\":\"SearchAction\",\"target\":{\"@type\":\"EntryPoint\",\"urlTemplate\":\"https:\\\/\\\/www.purejewels.com\\\/?s={search_term_string}\"},\"query-input\":{\"@type\":\"PropertyValueSpecification\",\"valueRequired\":true,\"valueName\":\"search_term_string\"}}],\"inLanguage\":\"tr\"},{\"@type\":\"Organization\",\"@id\":\"https:\\\/\\\/www.purejewels.com\\\/#organization\",\"name\":\"PureJewels UK\",\"url\":\"https:\\\/\\\/www.purejewels.com\\\/\",\"logo\":{\"@type\":\"ImageObject\",\"inLanguage\":\"tr\",\"@id\":\"https:\\\/\\\/www.purejewels.com\\\/#\\\/schema\\\/logo\\\/image\\\/\",\"url\":\"https:\\\/\\\/static.purejewels.com\\\/wp-content\\\/uploads\\\/2020\\\/11\\\/Logo-PJ-New-1.png\",\"contentUrl\":\"https:\\\/\\\/static.purejewels.com\\\/wp-content\\\/uploads\\\/2020\\\/11\\\/Logo-PJ-New-1.png\",\"width\":150,\"height\":80,\"caption\":\"PureJewels UK\"},\"image\":{\"@id\":\"https:\\\/\\\/www.purejewels.com\\\/#\\\/schema\\\/logo\\\/image\\\/\"}}]}<\/script>\n<!-- \/ Yoast SEO plugin. -->","yoast_head_json":{"title":"Sar\u0131 Alt\u0131n Yonca Y\u00fcz\u00fck | \u015eimdi sat\u0131n al\u0131n | PureJewels UK","description":"PureJewels UK'den sar\u0131 alt\u0131n yonca y\u00fcz\u00fck ile \u015fans ve stili sembolize edin. Y\u00fcksek kaliteli tasar\u0131mlar \u00e7evrimi\u00e7i olarak mevcuttur. Zamans\u0131z par\u00e7an\u0131z i\u00e7in \u015fimdi al\u0131\u015fveri\u015f yap\u0131n.","robots":{"index":"index","follow":"follow","max-snippet":"max-snippet:-1","max-image-preview":"max-image-preview:large","max-video-preview":"max-video-preview:-1"},"canonical":"https:\/\/www.purejewels.com\/tr\/urun\/yonca-desenli-sari-altin-yuzuk-51526\/","og_locale":"tr_TR","og_type":"article","og_title":"Yellow Gold Clover Ring | Shop now | PureJewels UK","og_description":"Symbolize luck and style with a yellow gold clover ring from PureJewels UK. High-quality designs available online. Shop now for your timeless piece.","og_url":"https:\/\/www.purejewels.com\/tr\/urun\/yonca-desenli-sari-altin-yuzuk-51526\/","og_site_name":"PureJewels UK","article_modified_time":"2026-03-05T05:19:41+00:00","og_image":[{"width":1000,"height":1000,"url":"https:\/\/static.purejewels.com\/wp-content\/uploads\/2025\/02\/51526.png","type":"image\/png"}],"twitter_card":"summary_large_image","twitter_misc":{"Tahmini okuma s\u00fcresi":"2 dakika"},"schema":{"@context":"https:\/\/schema.org","@graph":[{"@type":["WebPage","ItemPage"],"@id":"https:\/\/www.purejewels.com\/product\/yellow-gold-ring-with-clover-design-51526\/","url":"https:\/\/www.purejewels.com\/product\/yellow-gold-ring-with-clover-design-51526\/","name":"Sar\u0131 Alt\u0131n Yonca Y\u00fcz\u00fck | \u015eimdi sat\u0131n al\u0131n | PureJewels UK","isPartOf":{"@id":"https:\/\/www.purejewels.com\/#website"},"primaryImageOfPage":{"@id":"https:\/\/www.purejewels.com\/product\/yellow-gold-ring-with-clover-design-51526\/#primaryimage"},"image":{"@id":"https:\/\/www.purejewels.com\/product\/yellow-gold-ring-with-clover-design-51526\/#primaryimage"},"thumbnailUrl":"https:\/\/static.purejewels.com\/wp-content\/uploads\/2025\/02\/51526.png","datePublished":"2025-02-14T09:24:21+00:00","dateModified":"2026-03-05T05:19:41+00:00","description":"PureJewels UK'den sar\u0131 alt\u0131n yonca y\u00fcz\u00fck ile \u015fans ve stili sembolize edin. Y\u00fcksek kaliteli tasar\u0131mlar \u00e7evrimi\u00e7i olarak mevcuttur. Zamans\u0131z par\u00e7an\u0131z i\u00e7in \u015fimdi al\u0131\u015fveri\u015f yap\u0131n.","breadcrumb":{"@id":"https:\/\/www.purejewels.com\/product\/yellow-gold-ring-with-clover-design-51526\/#breadcrumb"},"inLanguage":"tr","potentialAction":[{"@type":"ReadAction","target":["https:\/\/www.purejewels.com\/product\/yellow-gold-ring-with-clover-design-51526\/"]}]},{"@type":"ImageObject","inLanguage":"tr","@id":"https:\/\/www.purejewels.com\/product\/yellow-gold-ring-with-clover-design-51526\/#primaryimage","url":"https:\/\/static.purejewels.com\/wp-content\/uploads\/2025\/02\/51526.png","contentUrl":"https:\/\/static.purejewels.com\/wp-content\/uploads\/2025\/02\/51526.png","width":1000,"height":1000,"caption":"Yellow Gold Ring with Clover Design"},{"@type":"BreadcrumbList","@id":"https:\/\/www.purejewels.com\/product\/yellow-gold-ring-with-clover-design-51526\/#breadcrumb","itemListElement":[{"@type":"ListItem","position":1,"name":"Home","item":"https:\/\/www.purejewels.com\/"},{"@type":"ListItem","position":2,"name":"Shop","item":"https:\/\/www.purejewels.com\/shop\/"},{"@type":"ListItem","position":3,"name":"Yellow Gold Ring with Clover Design"}]},{"@type":"WebSite","@id":"https:\/\/www.purejewels.com\/#website","url":"https:\/\/www.purejewels.com\/","name":"PureJewels \u0130ngiltere","description":"Sevgiyi Payla\u015f\u0131n","publisher":{"@id":"https:\/\/www.purejewels.com\/#organization"},"potentialAction":[{"@type":"SearchAction","target":{"@type":"EntryPoint","urlTemplate":"https:\/\/www.purejewels.com\/?s={search_term_string}"},"query-input":{"@type":"PropertyValueSpecification","valueRequired":true,"valueName":"search_term_string"}}],"inLanguage":"tr"},{"@type":"Organization","@id":"https:\/\/www.purejewels.com\/#organization","name":"PureJewels \u0130ngiltere","url":"https:\/\/www.purejewels.com\/","logo":{"@type":"ImageObject","inLanguage":"tr","@id":"https:\/\/www.purejewels.com\/#\/schema\/logo\/image\/","url":"https:\/\/static.purejewels.com\/wp-content\/uploads\/2020\/11\/Logo-PJ-New-1.png","contentUrl":"https:\/\/static.purejewels.com\/wp-content\/uploads\/2020\/11\/Logo-PJ-New-1.png","width":150,"height":80,"caption":"PureJewels UK"},"image":{"@id":"https:\/\/www.purejewels.com\/#\/schema\/logo\/image\/"}}]}},"_links":{"self":[{"href":"https:\/\/www.purejewels.com\/tr\/wp-json\/wp\/v2\/product\/392837","targetHints":{"allow":["GET"]}}],"collection":[{"href":"https:\/\/www.purejewels.com\/tr\/wp-json\/wp\/v2\/product"}],"about":[{"href":"https:\/\/www.purejewels.com\/tr\/wp-json\/wp\/v2\/types\/product"}],"replies":[{"embeddable":true,"href":"https:\/\/www.purejewels.com\/tr\/wp-json\/wp\/v2\/comments?post=392837"}],"version-history":[{"count":4,"href":"https:\/\/www.purejewels.com\/tr\/wp-json\/wp\/v2\/product\/392837\/revisions"}],"predecessor-version":[{"id":422596,"href":"https:\/\/www.purejewels.com\/tr\/wp-json\/wp\/v2\/product\/392837\/revisions\/422596"}],"wp:featuredmedia":[{"embeddable":true,"href":"https:\/\/www.purejewels.com\/tr\/wp-json\/wp\/v2\/media\/394615"}],"wp:attachment":[{"href":"https:\/\/www.purejewels.com\/tr\/wp-json\/wp\/v2\/media?parent=392837"}],"wp:term":[{"taxonomy":"product_brand","embeddable":true,"href":"https:\/\/www.purejewels.com\/tr\/wp-json\/wp\/v2\/product_brand?post=392837"},{"taxonomy":"product_cat","embeddable":true,"href":"https:\/\/www.purejewels.com\/tr\/wp-json\/wp\/v2\/product_cat?post=392837"},{"taxonomy":"product_tag","embeddable":true,"href":"https:\/\/www.purejewels.com\/tr\/wp-json\/wp\/v2\/product_tag?post=392837"}],"curies":[{"name":"wp","href":"https:\/\/api.w.org\/{rel}","templated":true}]}}