{"id":392888,"date":"2025-03-15T05:21:24","date_gmt":"2025-03-15T05:21:24","guid":{"rendered":"https:\/\/www.purejewels.com\/?post_type=product&#038;p=392888"},"modified":"2026-04-22T12:19:33","modified_gmt":"2026-04-22T11:19:33","slug":"platin-pirlanta-yuzuk-51517","status":"publish","type":"product","link":"https:\/\/www.purejewels.com\/tr\/product\/diamond-ring-in-platinum-51517\/","title":{"rendered":"Platin P\u0131rlanta Salk\u0131m Halo Y\u00fcz\u00fck"},"content":{"rendered":"<p>Bu zarif Platin ve P\u0131rlanta Y\u00fcz\u00fck, zarafet ve sofistikeli\u011fin timsalidir. En iyi kalite platinden \u00fcretilen bu y\u00fcz\u00fck, benzersiz bir parlakl\u0131kla \u0131\u015f\u0131ldayan 0,25 ct'lik \u00e7arp\u0131c\u0131 bir p\u0131rlantaya sahiptir. Bu y\u00fcz\u00fc\u011f\u00fcn zamans\u0131z tasar\u0131m\u0131 onu y\u0131ld\u00f6n\u00fcm\u00fc, do\u011fum g\u00fcn\u00fc, ni\u015fan veya d\u00fc\u011f\u00fcn gibi her t\u00fcrl\u00fc \u00f6zel g\u00fcn i\u00e7in m\u00fckemmel bir se\u00e7im haline getiriyor.<\/p>\n<p>PureJewels UK'de yaln\u0131zca en y\u00fcksek kalitede m\u00fccevherler sunmaktan gurur duyuyoruz ve bu Platin &amp; P\u0131rlanta Y\u00fcz\u00fck de bir istisna de\u011fildir. Her bir par\u00e7a titizlikle m\u00fckemmel bir \u015fekilde \u00fcretilmi\u015ftir ve yaln\u0131zca g\u00fczel de\u011fil ayn\u0131 zamanda dayan\u0131kl\u0131 ve uzun \u00f6m\u00fcrl\u00fc bir par\u00e7a alman\u0131z\u0131 sa\u011flar.<\/p>\n<p>\u0130ster kendinizi \u015f\u0131mart\u0131n ister sevdi\u011finiz birine s\u00fcrpriz yap\u0131n, bu y\u00fcz\u00fc\u011f\u00fcn kal\u0131c\u0131 bir etki b\u0131rakaca\u011f\u0131ndan emin olabilirsiniz. \u00d6m\u00fcr boyu el \u00fcst\u00fcnde tutulacak, ger\u00e7ekten \u00e7arp\u0131c\u0131 bir m\u00fccevher par\u00e7as\u0131na sahip olma f\u0131rsat\u0131n\u0131 ka\u00e7\u0131rmay\u0131n. Hemen sipari\u015f verin ve koleksiyonunuza l\u00fcks bir dokunu\u015f ekleyin.<\/p>","protected":false},"excerpt":{"rendered":"<div class=\"woocommerce-product-details__short-description\">\n<table>\n<tbody>\n<tr>\n<td>Y\u00fcz\u00fck Tipi<\/td>\n<td>P\u0131rlantal\u0131 Platin Y\u00fcz\u00fck<\/td>\n<\/tr>\n<tr>\n<td>SKU<\/td>\n<td>51517<\/td>\n<\/tr>\n<tr>\n<td>Y\u00fcz\u00fck \u00d6l\u00e7\u00fcs\u00fc<\/td>\n<td>N<\/td>\n<\/tr>\n<tr>\n<td>Metal<\/td>\n<td>Platin<\/td>\n<\/tr>\n<tr>\n<td>Elmas A\u011f\u0131rl\u0131\u011f\u0131.<\/td>\n<td>0.25ct<\/td>\n<\/tr>\n<tr>\n<td>\u00dccretler<\/td>\n<td>Teslimat ve KDV Dahil<\/td>\n<\/tr>\n<tr>\n<td>Paketleme<\/td>\n<td>Sunum Kutusu ile Birlikte Gelir<\/td>\n<\/tr>\n<tr>\n<td>Daha Fazla Bilgi<\/td>\n<td>M\u00fcsaitlik durumu ve daha fazla resim i\u00e7in bizimle canl\u0131 sohbet edin<\/td>\n<\/tr>\n<\/tbody>\n<\/table>\n<\/div>","protected":false},"featured_media":394595,"comment_status":"closed","ping_status":"closed","template":"","meta":{"_eb_attr":"","_crsspst_to_jayantr4sg-hostcom":true},"product_brand":[],"product_cat":[1791,1559,5457,5460,231,5347,5350,6083,6084,1569,1573,1574],"product_tag":[],"class_list":{"0":"post-392888","1":"product","2":"type-product","3":"status-publish","4":"has-post-thumbnail","6":"product_cat-anniversary-gifts","7":"product_cat-birthday-gifts","8":"product_cat-diamond-jewellery","9":"product_cat-diamond-ring","10":"product_cat-engagement-rings","11":"product_cat-shop-by-metal","12":"product_cat-platinum-jewellery","13":"product_cat-platinum-jewellery-2","14":"product_cat-platinum-ring","15":"product_cat-valentine-day-gifts","16":"product_cat-wedding-gifts","17":"product_cat-womens-jewellery","19":"first","20":"instock","21":"taxable","22":"shipping-taxable","23":"purchasable","24":"product-type-simple","25":"add-to-wishlist-before_image"},"yoast_head":"<!-- This site is optimized with the Yoast SEO plugin v27.5 - https:\/\/yoast.com\/product\/yoast-seo-wordpress\/ -->\n<title>Platinum &amp; Diamond Ring | Elegant Design | PureJewels UK<\/title>\n<meta name=\"description\" content=\"PureJewels UK offers stunning platinum and diamond rings with elegant designs. Shop our collection for timeless beauty and exceptional craftsmanship. Browse now.\" \/>\n<meta name=\"robots\" content=\"index, follow, max-snippet:-1, max-image-preview:large, max-video-preview:-1\" \/>\n<link rel=\"canonical\" href=\"https:\/\/www.purejewels.com\/tr\/urun\/platin-pirlanta-yuzuk-51517\/\" \/>\n<meta property=\"og:locale\" content=\"tr_TR\" \/>\n<meta property=\"og:type\" content=\"article\" \/>\n<meta property=\"og:title\" content=\"Platinum &amp; Diamond Ring | Elegant Design | PureJewels UK\" \/>\n<meta property=\"og:description\" content=\"PureJewels UK offers stunning platinum and diamond rings with elegant designs. Shop our collection for timeless beauty and exceptional craftsmanship. Browse now.\" \/>\n<meta property=\"og:url\" content=\"https:\/\/www.purejewels.com\/tr\/urun\/platin-pirlanta-yuzuk-51517\/\" \/>\n<meta property=\"og:site_name\" content=\"PureJewels UK\" \/>\n<meta property=\"article:modified_time\" content=\"2026-04-22T11:19:33+00:00\" \/>\n<meta property=\"og:image\" content=\"https:\/\/static.purejewels.com\/wp-content\/uploads\/2025\/03\/51517.png\" \/>\n\t<meta property=\"og:image:width\" content=\"1000\" \/>\n\t<meta property=\"og:image:height\" content=\"1000\" \/>\n\t<meta property=\"og:image:type\" content=\"image\/png\" \/>\n<meta name=\"twitter:card\" content=\"summary_large_image\" \/>\n<meta name=\"twitter:label1\" content=\"Tahmini okuma s\u00fcresi\" \/>\n\t<meta name=\"twitter:data1\" content=\"1 dakika\" \/>\n<script type=\"application\/ld+json\" class=\"yoast-schema-graph\">{\"@context\":\"https:\\\/\\\/schema.org\",\"@graph\":[{\"@type\":[\"WebPage\",\"ItemPage\"],\"@id\":\"https:\\\/\\\/www.purejewels.com\\\/product\\\/diamond-ring-in-platinum-51517\\\/\",\"url\":\"https:\\\/\\\/www.purejewels.com\\\/product\\\/diamond-ring-in-platinum-51517\\\/\",\"name\":\"Platinum & Diamond Ring | Elegant Design | PureJewels UK\",\"isPartOf\":{\"@id\":\"https:\\\/\\\/www.purejewels.com\\\/#website\"},\"primaryImageOfPage\":{\"@id\":\"https:\\\/\\\/www.purejewels.com\\\/product\\\/diamond-ring-in-platinum-51517\\\/#primaryimage\"},\"image\":{\"@id\":\"https:\\\/\\\/www.purejewels.com\\\/product\\\/diamond-ring-in-platinum-51517\\\/#primaryimage\"},\"thumbnailUrl\":\"https:\\\/\\\/static.purejewels.com\\\/wp-content\\\/uploads\\\/2025\\\/03\\\/51517.png\",\"datePublished\":\"2025-03-15T05:21:24+00:00\",\"dateModified\":\"2026-04-22T11:19:33+00:00\",\"description\":\"PureJewels UK offers stunning platinum and diamond rings with elegant designs. Shop our collection for timeless beauty and exceptional craftsmanship. Browse now.\",\"breadcrumb\":{\"@id\":\"https:\\\/\\\/www.purejewels.com\\\/product\\\/diamond-ring-in-platinum-51517\\\/#breadcrumb\"},\"inLanguage\":\"tr\",\"potentialAction\":[{\"@type\":\"ReadAction\",\"target\":[\"https:\\\/\\\/www.purejewels.com\\\/product\\\/diamond-ring-in-platinum-51517\\\/\"]}]},{\"@type\":\"ImageObject\",\"inLanguage\":\"tr\",\"@id\":\"https:\\\/\\\/www.purejewels.com\\\/product\\\/diamond-ring-in-platinum-51517\\\/#primaryimage\",\"url\":\"https:\\\/\\\/static.purejewels.com\\\/wp-content\\\/uploads\\\/2025\\\/03\\\/51517.png\",\"contentUrl\":\"https:\\\/\\\/static.purejewels.com\\\/wp-content\\\/uploads\\\/2025\\\/03\\\/51517.png\",\"width\":1000,\"height\":1000,\"caption\":\"Diamond Ring in Platinum\"},{\"@type\":\"BreadcrumbList\",\"@id\":\"https:\\\/\\\/www.purejewels.com\\\/product\\\/diamond-ring-in-platinum-51517\\\/#breadcrumb\",\"itemListElement\":[{\"@type\":\"ListItem\",\"position\":1,\"name\":\"Home\",\"item\":\"https:\\\/\\\/www.purejewels.com\\\/\"},{\"@type\":\"ListItem\",\"position\":2,\"name\":\"Shop\",\"item\":\"https:\\\/\\\/www.purejewels.com\\\/shop\\\/\"},{\"@type\":\"ListItem\",\"position\":3,\"name\":\"Platinum Diamond Cluster Halo Ring\"}]},{\"@type\":\"WebSite\",\"@id\":\"https:\\\/\\\/www.purejewels.com\\\/#website\",\"url\":\"https:\\\/\\\/www.purejewels.com\\\/\",\"name\":\"PureJewels UK\",\"description\":\"Share the Love\",\"publisher\":{\"@id\":\"https:\\\/\\\/www.purejewels.com\\\/#organization\"},\"potentialAction\":[{\"@type\":\"SearchAction\",\"target\":{\"@type\":\"EntryPoint\",\"urlTemplate\":\"https:\\\/\\\/www.purejewels.com\\\/?s={search_term_string}\"},\"query-input\":{\"@type\":\"PropertyValueSpecification\",\"valueRequired\":true,\"valueName\":\"search_term_string\"}}],\"inLanguage\":\"tr\"},{\"@type\":\"Organization\",\"@id\":\"https:\\\/\\\/www.purejewels.com\\\/#organization\",\"name\":\"PureJewels UK\",\"url\":\"https:\\\/\\\/www.purejewels.com\\\/\",\"logo\":{\"@type\":\"ImageObject\",\"inLanguage\":\"tr\",\"@id\":\"https:\\\/\\\/www.purejewels.com\\\/#\\\/schema\\\/logo\\\/image\\\/\",\"url\":\"https:\\\/\\\/static.purejewels.com\\\/wp-content\\\/uploads\\\/2020\\\/11\\\/Logo-PJ-New-1.png\",\"contentUrl\":\"https:\\\/\\\/static.purejewels.com\\\/wp-content\\\/uploads\\\/2020\\\/11\\\/Logo-PJ-New-1.png\",\"width\":150,\"height\":80,\"caption\":\"PureJewels UK\"},\"image\":{\"@id\":\"https:\\\/\\\/www.purejewels.com\\\/#\\\/schema\\\/logo\\\/image\\\/\"}}]}<\/script>\n<!-- \/ Yoast SEO plugin. -->","yoast_head_json":{"title":"Platin &amp; P\u0131rlanta Y\u00fcz\u00fck | Zarif Tasar\u0131m | PureJewels UK","description":"PureJewels UK, zarif tasar\u0131mlara sahip \u00e7arp\u0131c\u0131 platin ve p\u0131rlanta y\u00fcz\u00fckler sunar. Zamans\u0131z g\u00fczellik ve ola\u011fan\u00fcst\u00fc i\u015f\u00e7ilik i\u00e7in koleksiyonumuzu inceleyin. \u015eimdi g\u00f6z at\u0131n.","robots":{"index":"index","follow":"follow","max-snippet":"max-snippet:-1","max-image-preview":"max-image-preview:large","max-video-preview":"max-video-preview:-1"},"canonical":"https:\/\/www.purejewels.com\/tr\/urun\/platin-pirlanta-yuzuk-51517\/","og_locale":"tr_TR","og_type":"article","og_title":"Platinum & Diamond Ring | Elegant Design | PureJewels UK","og_description":"PureJewels UK offers stunning platinum and diamond rings with elegant designs. Shop our collection for timeless beauty and exceptional craftsmanship. Browse now.","og_url":"https:\/\/www.purejewels.com\/tr\/urun\/platin-pirlanta-yuzuk-51517\/","og_site_name":"PureJewels UK","article_modified_time":"2026-04-22T11:19:33+00:00","og_image":[{"width":1000,"height":1000,"url":"https:\/\/static.purejewels.com\/wp-content\/uploads\/2025\/03\/51517.png","type":"image\/png"}],"twitter_card":"summary_large_image","twitter_misc":{"Tahmini okuma s\u00fcresi":"1 dakika"},"schema":{"@context":"https:\/\/schema.org","@graph":[{"@type":["WebPage","ItemPage"],"@id":"https:\/\/www.purejewels.com\/product\/diamond-ring-in-platinum-51517\/","url":"https:\/\/www.purejewels.com\/product\/diamond-ring-in-platinum-51517\/","name":"Platin &amp; P\u0131rlanta Y\u00fcz\u00fck | Zarif Tasar\u0131m | PureJewels UK","isPartOf":{"@id":"https:\/\/www.purejewels.com\/#website"},"primaryImageOfPage":{"@id":"https:\/\/www.purejewels.com\/product\/diamond-ring-in-platinum-51517\/#primaryimage"},"image":{"@id":"https:\/\/www.purejewels.com\/product\/diamond-ring-in-platinum-51517\/#primaryimage"},"thumbnailUrl":"https:\/\/static.purejewels.com\/wp-content\/uploads\/2025\/03\/51517.png","datePublished":"2025-03-15T05:21:24+00:00","dateModified":"2026-04-22T11:19:33+00:00","description":"PureJewels UK, zarif tasar\u0131mlara sahip \u00e7arp\u0131c\u0131 platin ve p\u0131rlanta y\u00fcz\u00fckler sunar. Zamans\u0131z g\u00fczellik ve ola\u011fan\u00fcst\u00fc i\u015f\u00e7ilik i\u00e7in koleksiyonumuzu inceleyin. \u015eimdi g\u00f6z at\u0131n.","breadcrumb":{"@id":"https:\/\/www.purejewels.com\/product\/diamond-ring-in-platinum-51517\/#breadcrumb"},"inLanguage":"tr","potentialAction":[{"@type":"ReadAction","target":["https:\/\/www.purejewels.com\/product\/diamond-ring-in-platinum-51517\/"]}]},{"@type":"ImageObject","inLanguage":"tr","@id":"https:\/\/www.purejewels.com\/product\/diamond-ring-in-platinum-51517\/#primaryimage","url":"https:\/\/static.purejewels.com\/wp-content\/uploads\/2025\/03\/51517.png","contentUrl":"https:\/\/static.purejewels.com\/wp-content\/uploads\/2025\/03\/51517.png","width":1000,"height":1000,"caption":"Diamond Ring in Platinum"},{"@type":"BreadcrumbList","@id":"https:\/\/www.purejewels.com\/product\/diamond-ring-in-platinum-51517\/#breadcrumb","itemListElement":[{"@type":"ListItem","position":1,"name":"Home","item":"https:\/\/www.purejewels.com\/"},{"@type":"ListItem","position":2,"name":"Shop","item":"https:\/\/www.purejewels.com\/shop\/"},{"@type":"ListItem","position":3,"name":"Platinum Diamond Cluster Halo Ring"}]},{"@type":"WebSite","@id":"https:\/\/www.purejewels.com\/#website","url":"https:\/\/www.purejewels.com\/","name":"PureJewels \u0130ngiltere","description":"Sevgiyi Payla\u015f\u0131n","publisher":{"@id":"https:\/\/www.purejewels.com\/#organization"},"potentialAction":[{"@type":"SearchAction","target":{"@type":"EntryPoint","urlTemplate":"https:\/\/www.purejewels.com\/?s={search_term_string}"},"query-input":{"@type":"PropertyValueSpecification","valueRequired":true,"valueName":"search_term_string"}}],"inLanguage":"tr"},{"@type":"Organization","@id":"https:\/\/www.purejewels.com\/#organization","name":"PureJewels \u0130ngiltere","url":"https:\/\/www.purejewels.com\/","logo":{"@type":"ImageObject","inLanguage":"tr","@id":"https:\/\/www.purejewels.com\/#\/schema\/logo\/image\/","url":"https:\/\/static.purejewels.com\/wp-content\/uploads\/2020\/11\/Logo-PJ-New-1.png","contentUrl":"https:\/\/static.purejewels.com\/wp-content\/uploads\/2020\/11\/Logo-PJ-New-1.png","width":150,"height":80,"caption":"PureJewels UK"},"image":{"@id":"https:\/\/www.purejewels.com\/#\/schema\/logo\/image\/"}}]}},"_links":{"self":[{"href":"https:\/\/www.purejewels.com\/tr\/wp-json\/wp\/v2\/product\/392888","targetHints":{"allow":["GET"]}}],"collection":[{"href":"https:\/\/www.purejewels.com\/tr\/wp-json\/wp\/v2\/product"}],"about":[{"href":"https:\/\/www.purejewels.com\/tr\/wp-json\/wp\/v2\/types\/product"}],"replies":[{"embeddable":true,"href":"https:\/\/www.purejewels.com\/tr\/wp-json\/wp\/v2\/comments?post=392888"}],"version-history":[{"count":4,"href":"https:\/\/www.purejewels.com\/tr\/wp-json\/wp\/v2\/product\/392888\/revisions"}],"predecessor-version":[{"id":428877,"href":"https:\/\/www.purejewels.com\/tr\/wp-json\/wp\/v2\/product\/392888\/revisions\/428877"}],"wp:featuredmedia":[{"embeddable":true,"href":"https:\/\/www.purejewels.com\/tr\/wp-json\/wp\/v2\/media\/394595"}],"wp:attachment":[{"href":"https:\/\/www.purejewels.com\/tr\/wp-json\/wp\/v2\/media?parent=392888"}],"wp:term":[{"taxonomy":"product_brand","embeddable":true,"href":"https:\/\/www.purejewels.com\/tr\/wp-json\/wp\/v2\/product_brand?post=392888"},{"taxonomy":"product_cat","embeddable":true,"href":"https:\/\/www.purejewels.com\/tr\/wp-json\/wp\/v2\/product_cat?post=392888"},{"taxonomy":"product_tag","embeddable":true,"href":"https:\/\/www.purejewels.com\/tr\/wp-json\/wp\/v2\/product_tag?post=392888"}],"curies":[{"name":"wp","href":"https:\/\/api.w.org\/{rel}","templated":true}]}}