{"id":393027,"date":"2025-04-26T12:25:53","date_gmt":"2025-04-26T11:25:53","guid":{"rendered":"https:\/\/www.purejewels.com\/?post_type=product&#038;p=393027"},"modified":"2025-05-19T06:38:55","modified_gmt":"2025-05-19T05:38:55","slug":"tendril-huggie-kupeler-51537","status":"publish","type":"product","link":"https:\/\/www.purejewels.com\/tr\/product\/tendril-huggie-earrings-51537\/","title":{"rendered":"Tendril \u00c7emberler"},"content":{"rendered":"<ol>\n<li><strong> \u0130lham ve Hikaye<\/strong><br \/>\nTendril \u00c7emberler, a\u015fk\u0131n sessiz, geli\u015fmekte olan anlar\u0131n\u0131n \u00e7a\u011fda\u015f bir ifadesidir - b\u00fcy\u00fcmeye ve g\u00fcnl\u00fck zarafete bir \u00f6vg\u00fcd\u00fcr. Lotus \u00e7i\u00e7e\u011finin yolculu\u011funun ilk a\u015famalar\u0131ndan esinlenen bu halkalar, destek ve ince ba\u011flant\u0131da bulunan g\u00fcc\u00fc sembolize eder. Nazik k\u0131vr\u0131mlar\u0131 ve heykelsi formlar\u0131, sevgi \u015fekillenirken d\u0131\u015fa do\u011fru uzanan, topraklayan ve yol g\u00f6steren bir dal\u0131n do\u011fal ak\u0131\u015f\u0131n\u0131 yans\u0131t\u0131yor. Lotus Koleksiyonumuzun bir par\u00e7as\u0131 olarak, sadelikteki g\u00fczelli\u011fi kutluyorlar - i\u00e7ten d\u0131\u015fa do\u011fru g\u00fc\u00e7lenen ili\u015fkilere zarif bir selam.<\/li>\n<li><strong> Malzeme ve \u0130\u015f\u00e7ilik<\/strong><br \/>\nPureJewels'in \u00f6zel 22 ayar Sunrise Alt\u0131n\u0131 kullan\u0131larak Londra'da el i\u015f\u00e7ili\u011fiyle \u00fcretilen Tendril Hoops, s\u0131cak, g\u00fcne\u015f \u0131\u015f\u0131\u011f\u0131yla ayd\u0131nlanan bir par\u0131lt\u0131yla \u0131\u015f\u0131ld\u0131yor. Zarif halka silueti kula\u011fa yak\u0131n durarak temiz ve modern bir profil sunar. Yontulmu\u015f y\u00fczey zarif bir dal detay\u0131na do\u011fru incelir - ince bir hareket ve anlam katan ak\u0131c\u0131, organik bir form. Bu versiyon, sade, tamamen alt\u0131n bir g\u00f6r\u00fcn\u00fcm i\u00e7in p\u0131rlantas\u0131z olarak \u00fcretilmi\u015ftir; ancak, daha fazla \u0131\u015f\u0131lt\u0131 arayanlar i\u00e7in imzam\u0131z olan \u00e7iy damlas\u0131 ayar\u0131na sahip p\u0131rlanta setli bir versiyon da mevcuttur. Her bir k\u0131vr\u0131m usta zanaatk\u00e2rlar taraf\u0131ndan \u015fekillendirilerek konfor, sembolizm ve heykelsi g\u00fczellik bir araya getirilmi\u015ftir.<\/li>\n<li><strong> Stil \u0130pu\u00e7lar\u0131<\/strong><br \/>\nZahmetsiz ve zarif Tendril Hoops, g\u00fcnl\u00fck kullan\u0131m veya abart\u0131s\u0131z \u00f6zel g\u00fcnler i\u00e7in \u00e7ok y\u00f6nl\u00fc bir se\u00e7imdir. V\u00fccuda tam oturan formlar\u0131 t\u00fcm profilleri d\u00fczle\u015ftirirken, ak\u0131c\u0131 detaylar\u0131 sessiz bir ifade sunar. G\u00fcnl\u00fck imzan\u0131z olarak tek ba\u015f\u0131na tak\u0131n veya \u0131\u015f\u0131lt\u0131l\u0131 bir dokunu\u015f i\u00e7in elmas setli varyasyonu ke\u015ffedin - zarafet ve niyetle \u015fekillenen, hareket halindeki a\u015fk\u0131n alt\u0131n bir hat\u0131rlat\u0131c\u0131s\u0131.<\/li>\n<\/ol>","protected":false},"excerpt":{"rendered":"<p>\u015e\u0131k ve heykelsi bu 22 ayar G\u00fcndo\u011fumu Alt\u0131n\u0131 Tendril Hoops, zarif dal u\u00e7lar\u0131na do\u011fru inceliyor - a\u015fk\u0131n erken \u00e7i\u00e7eklenmesine ve do\u011fall\u0131\u011f\u0131na \u00e7a\u011fda\u015f bir \u00f6vg\u00fc<\/p>\n<p><strong>Malzeme:<\/strong> 22 Ayar G\u00fcndo\u011fumu Alt\u0131n<strong><br \/>\n<strong>Hallmark: <\/strong><\/strong>\u0130ngiliz Damgas\u0131<strong><strong><br \/>\n<\/strong><\/strong><strong><strong><strong><strong><strong><strong>Br\u00fct A\u011f\u0131rl\u0131k: <\/strong><\/strong><\/strong><\/strong><\/strong><\/strong>6.7 Gms<strong><strong><strong><strong><strong><br \/>\n<strong>SKU:<\/strong><\/strong><\/strong><\/strong><\/strong><\/strong>51537<\/p>\n<p><strong><strong><strong><strong><strong><strong>Fiyat ve Teslimat:<\/strong><\/strong><\/strong><\/strong><\/strong><\/strong>KDV ve teslimat \u00fccretleri dahil<strong><strong><strong><strong><strong><br \/>\n<a href=\"https:\/\/www.purejewels.com\/tr\/i%cc%87ade-poli%cc%87ti%cc%87kasi\/\">\u0130ade Politikas\u0131<\/a><\/strong><\/strong><\/strong><\/strong><\/strong><\/p>","protected":false},"featured_media":393028,"comment_status":"closed","ping_status":"closed","template":"","meta":{"_eb_attr":"","_crsspst_to_jayantr4sg-hostcom":false},"product_brand":[],"product_cat":[1791,1254,1229,1579,1633,1573,1574],"product_tag":[66],"class_list":{"0":"post-393027","1":"product","2":"type-product","3":"status-publish","4":"has-post-thumbnail","6":"product_cat-anniversary-gifts","7":"product_cat-gold-earrings","8":"product_cat-22ct-gold-jewellery","9":"product_cat-hoop-earrings","10":"product_cat-lotus-collections","11":"product_cat-wedding-gifts","12":"product_cat-womens-jewellery","13":"product_tag-earrings","15":"first","16":"outofstock","17":"taxable","18":"shipping-taxable","19":"product-type-simple","20":"add-to-wishlist-before_image"},"yoast_head":"<!-- This site is optimized with the Yoast SEO plugin v27.5 - https:\/\/yoast.com\/product\/yoast-seo-wordpress\/ -->\n<title>Explore Our Lotus Collections 22ct Gold Tendrill Hoops<\/title>\n<meta name=\"description\" content=\"The Tendril Hoops are a contemporary expression of love in its quiet, unfolding moments \u2014 a tribute to growth and everyday grace. Purejewels\" \/>\n<meta name=\"robots\" content=\"index, follow, max-snippet:-1, max-image-preview:large, max-video-preview:-1\" \/>\n<link rel=\"canonical\" href=\"https:\/\/www.purejewels.com\/tr\/urun\/tendril-huggie-kupeler-51537\/\" \/>\n<meta property=\"og:locale\" content=\"tr_TR\" \/>\n<meta property=\"og:type\" content=\"article\" \/>\n<meta property=\"og:title\" content=\"Explore Our Lotus Collections 22ct Gold Tendrill Hoops\" \/>\n<meta property=\"og:description\" content=\"The Tendril Hoops are a contemporary expression of love in its quiet, unfolding moments \u2014 a tribute to growth and everyday grace. Purejewels\" \/>\n<meta property=\"og:url\" content=\"https:\/\/www.purejewels.com\/tr\/urun\/tendril-huggie-kupeler-51537\/\" \/>\n<meta property=\"og:site_name\" content=\"PureJewels UK\" \/>\n<meta property=\"article:modified_time\" content=\"2025-05-19T05:38:55+00:00\" \/>\n<meta property=\"og:image\" content=\"https:\/\/www.purejewels.com\/wp-content\/uploads\/2025\/04\/51537_2.png\" \/>\n\t<meta property=\"og:image:width\" content=\"1000\" \/>\n\t<meta property=\"og:image:height\" content=\"1000\" \/>\n\t<meta property=\"og:image:type\" content=\"image\/png\" \/>\n<meta name=\"twitter:card\" content=\"summary_large_image\" \/>\n<meta name=\"twitter:label1\" content=\"Tahmini okuma s\u00fcresi\" \/>\n\t<meta name=\"twitter:data1\" content=\"1 dakika\" \/>\n<script type=\"application\/ld+json\" class=\"yoast-schema-graph\">{\"@context\":\"https:\\\/\\\/schema.org\",\"@graph\":[{\"@type\":[\"WebPage\",\"ItemPage\"],\"@id\":\"https:\\\/\\\/www.purejewels.com\\\/product\\\/tendril-huggie-earrings-51537\\\/\",\"url\":\"https:\\\/\\\/www.purejewels.com\\\/product\\\/tendril-huggie-earrings-51537\\\/\",\"name\":\"Explore Our Lotus Collections 22ct Gold Tendrill Hoops\",\"isPartOf\":{\"@id\":\"https:\\\/\\\/www.purejewels.com\\\/#website\"},\"primaryImageOfPage\":{\"@id\":\"https:\\\/\\\/www.purejewels.com\\\/product\\\/tendril-huggie-earrings-51537\\\/#primaryimage\"},\"image\":{\"@id\":\"https:\\\/\\\/www.purejewels.com\\\/product\\\/tendril-huggie-earrings-51537\\\/#primaryimage\"},\"thumbnailUrl\":\"https:\\\/\\\/static.purejewels.com\\\/wp-content\\\/uploads\\\/2025\\\/04\\\/51537_2.png\",\"datePublished\":\"2025-04-26T11:25:53+00:00\",\"dateModified\":\"2025-05-19T05:38:55+00:00\",\"description\":\"The Tendril Hoops are a contemporary expression of love in its quiet, unfolding moments \u2014 a tribute to growth and everyday grace. Purejewels\",\"breadcrumb\":{\"@id\":\"https:\\\/\\\/www.purejewels.com\\\/product\\\/tendril-huggie-earrings-51537\\\/#breadcrumb\"},\"inLanguage\":\"tr\",\"potentialAction\":[{\"@type\":\"ReadAction\",\"target\":[\"https:\\\/\\\/www.purejewels.com\\\/product\\\/tendril-huggie-earrings-51537\\\/\"]}]},{\"@type\":\"ImageObject\",\"inLanguage\":\"tr\",\"@id\":\"https:\\\/\\\/www.purejewels.com\\\/product\\\/tendril-huggie-earrings-51537\\\/#primaryimage\",\"url\":\"https:\\\/\\\/static.purejewels.com\\\/wp-content\\\/uploads\\\/2025\\\/04\\\/51537_2.png\",\"contentUrl\":\"https:\\\/\\\/static.purejewels.com\\\/wp-content\\\/uploads\\\/2025\\\/04\\\/51537_2.png\",\"width\":1000,\"height\":1000,\"caption\":\"Tendril Huggie Earrings\"},{\"@type\":\"BreadcrumbList\",\"@id\":\"https:\\\/\\\/www.purejewels.com\\\/product\\\/tendril-huggie-earrings-51537\\\/#breadcrumb\",\"itemListElement\":[{\"@type\":\"ListItem\",\"position\":1,\"name\":\"Home\",\"item\":\"https:\\\/\\\/www.purejewels.com\\\/\"},{\"@type\":\"ListItem\",\"position\":2,\"name\":\"Shop\",\"item\":\"https:\\\/\\\/www.purejewels.com\\\/shop\\\/\"},{\"@type\":\"ListItem\",\"position\":3,\"name\":\"Tendril Hoops\"}]},{\"@type\":\"WebSite\",\"@id\":\"https:\\\/\\\/www.purejewels.com\\\/#website\",\"url\":\"https:\\\/\\\/www.purejewels.com\\\/\",\"name\":\"PureJewels UK\",\"description\":\"Share the Love\",\"publisher\":{\"@id\":\"https:\\\/\\\/www.purejewels.com\\\/#organization\"},\"potentialAction\":[{\"@type\":\"SearchAction\",\"target\":{\"@type\":\"EntryPoint\",\"urlTemplate\":\"https:\\\/\\\/www.purejewels.com\\\/?s={search_term_string}\"},\"query-input\":{\"@type\":\"PropertyValueSpecification\",\"valueRequired\":true,\"valueName\":\"search_term_string\"}}],\"inLanguage\":\"tr\"},{\"@type\":\"Organization\",\"@id\":\"https:\\\/\\\/www.purejewels.com\\\/#organization\",\"name\":\"PureJewels UK\",\"url\":\"https:\\\/\\\/www.purejewels.com\\\/\",\"logo\":{\"@type\":\"ImageObject\",\"inLanguage\":\"tr\",\"@id\":\"https:\\\/\\\/www.purejewels.com\\\/#\\\/schema\\\/logo\\\/image\\\/\",\"url\":\"https:\\\/\\\/static.purejewels.com\\\/wp-content\\\/uploads\\\/2020\\\/11\\\/Logo-PJ-New-1.png\",\"contentUrl\":\"https:\\\/\\\/static.purejewels.com\\\/wp-content\\\/uploads\\\/2020\\\/11\\\/Logo-PJ-New-1.png\",\"width\":150,\"height\":80,\"caption\":\"PureJewels UK\"},\"image\":{\"@id\":\"https:\\\/\\\/www.purejewels.com\\\/#\\\/schema\\\/logo\\\/image\\\/\"}}]}<\/script>\n<!-- \/ Yoast SEO plugin. -->","yoast_head_json":{"title":"Lotus Koleksiyonlar\u0131m\u0131z\u0131 Ke\u015ffedin 22 Ayar Alt\u0131n Tendrill Halkalar","description":"Tendril Hoops, a\u015fk\u0131n sessiz, geli\u015fmekte olan anlar\u0131n\u0131n \u00e7a\u011fda\u015f bir ifadesidir - b\u00fcy\u00fcmeye ve g\u00fcnl\u00fck zarafete bir \u00f6vg\u00fcd\u00fcr. Purejewels","robots":{"index":"index","follow":"follow","max-snippet":"max-snippet:-1","max-image-preview":"max-image-preview:large","max-video-preview":"max-video-preview:-1"},"canonical":"https:\/\/www.purejewels.com\/tr\/urun\/tendril-huggie-kupeler-51537\/","og_locale":"tr_TR","og_type":"article","og_title":"Explore Our Lotus Collections 22ct Gold Tendrill Hoops","og_description":"The Tendril Hoops are a contemporary expression of love in its quiet, unfolding moments \u2014 a tribute to growth and everyday grace. Purejewels","og_url":"https:\/\/www.purejewels.com\/tr\/urun\/tendril-huggie-kupeler-51537\/","og_site_name":"PureJewels UK","article_modified_time":"2025-05-19T05:38:55+00:00","og_image":[{"width":1000,"height":1000,"url":"https:\/\/www.purejewels.com\/wp-content\/uploads\/2025\/04\/51537_2.png","type":"image\/png"}],"twitter_card":"summary_large_image","twitter_misc":{"Tahmini okuma s\u00fcresi":"1 dakika"},"schema":{"@context":"https:\/\/schema.org","@graph":[{"@type":["WebPage","ItemPage"],"@id":"https:\/\/www.purejewels.com\/product\/tendril-huggie-earrings-51537\/","url":"https:\/\/www.purejewels.com\/product\/tendril-huggie-earrings-51537\/","name":"Lotus Koleksiyonlar\u0131m\u0131z\u0131 Ke\u015ffedin 22 Ayar Alt\u0131n Tendrill Halkalar","isPartOf":{"@id":"https:\/\/www.purejewels.com\/#website"},"primaryImageOfPage":{"@id":"https:\/\/www.purejewels.com\/product\/tendril-huggie-earrings-51537\/#primaryimage"},"image":{"@id":"https:\/\/www.purejewels.com\/product\/tendril-huggie-earrings-51537\/#primaryimage"},"thumbnailUrl":"https:\/\/static.purejewels.com\/wp-content\/uploads\/2025\/04\/51537_2.png","datePublished":"2025-04-26T11:25:53+00:00","dateModified":"2025-05-19T05:38:55+00:00","description":"Tendril Hoops, a\u015fk\u0131n sessiz, geli\u015fmekte olan anlar\u0131n\u0131n \u00e7a\u011fda\u015f bir ifadesidir - b\u00fcy\u00fcmeye ve g\u00fcnl\u00fck zarafete bir \u00f6vg\u00fcd\u00fcr. Purejewels","breadcrumb":{"@id":"https:\/\/www.purejewels.com\/product\/tendril-huggie-earrings-51537\/#breadcrumb"},"inLanguage":"tr","potentialAction":[{"@type":"ReadAction","target":["https:\/\/www.purejewels.com\/product\/tendril-huggie-earrings-51537\/"]}]},{"@type":"ImageObject","inLanguage":"tr","@id":"https:\/\/www.purejewels.com\/product\/tendril-huggie-earrings-51537\/#primaryimage","url":"https:\/\/static.purejewels.com\/wp-content\/uploads\/2025\/04\/51537_2.png","contentUrl":"https:\/\/static.purejewels.com\/wp-content\/uploads\/2025\/04\/51537_2.png","width":1000,"height":1000,"caption":"Tendril Huggie Earrings"},{"@type":"BreadcrumbList","@id":"https:\/\/www.purejewels.com\/product\/tendril-huggie-earrings-51537\/#breadcrumb","itemListElement":[{"@type":"ListItem","position":1,"name":"Home","item":"https:\/\/www.purejewels.com\/"},{"@type":"ListItem","position":2,"name":"Shop","item":"https:\/\/www.purejewels.com\/shop\/"},{"@type":"ListItem","position":3,"name":"Tendril Hoops"}]},{"@type":"WebSite","@id":"https:\/\/www.purejewels.com\/#website","url":"https:\/\/www.purejewels.com\/","name":"PureJewels \u0130ngiltere","description":"Sevgiyi Payla\u015f\u0131n","publisher":{"@id":"https:\/\/www.purejewels.com\/#organization"},"potentialAction":[{"@type":"SearchAction","target":{"@type":"EntryPoint","urlTemplate":"https:\/\/www.purejewels.com\/?s={search_term_string}"},"query-input":{"@type":"PropertyValueSpecification","valueRequired":true,"valueName":"search_term_string"}}],"inLanguage":"tr"},{"@type":"Organization","@id":"https:\/\/www.purejewels.com\/#organization","name":"PureJewels \u0130ngiltere","url":"https:\/\/www.purejewels.com\/","logo":{"@type":"ImageObject","inLanguage":"tr","@id":"https:\/\/www.purejewels.com\/#\/schema\/logo\/image\/","url":"https:\/\/static.purejewels.com\/wp-content\/uploads\/2020\/11\/Logo-PJ-New-1.png","contentUrl":"https:\/\/static.purejewels.com\/wp-content\/uploads\/2020\/11\/Logo-PJ-New-1.png","width":150,"height":80,"caption":"PureJewels UK"},"image":{"@id":"https:\/\/www.purejewels.com\/#\/schema\/logo\/image\/"}}]}},"_links":{"self":[{"href":"https:\/\/www.purejewels.com\/tr\/wp-json\/wp\/v2\/product\/393027","targetHints":{"allow":["GET"]}}],"collection":[{"href":"https:\/\/www.purejewels.com\/tr\/wp-json\/wp\/v2\/product"}],"about":[{"href":"https:\/\/www.purejewels.com\/tr\/wp-json\/wp\/v2\/types\/product"}],"replies":[{"embeddable":true,"href":"https:\/\/www.purejewels.com\/tr\/wp-json\/wp\/v2\/comments?post=393027"}],"version-history":[{"count":3,"href":"https:\/\/www.purejewels.com\/tr\/wp-json\/wp\/v2\/product\/393027\/revisions"}],"predecessor-version":[{"id":393064,"href":"https:\/\/www.purejewels.com\/tr\/wp-json\/wp\/v2\/product\/393027\/revisions\/393064"}],"wp:featuredmedia":[{"embeddable":true,"href":"https:\/\/www.purejewels.com\/tr\/wp-json\/wp\/v2\/media\/393028"}],"wp:attachment":[{"href":"https:\/\/www.purejewels.com\/tr\/wp-json\/wp\/v2\/media?parent=393027"}],"wp:term":[{"taxonomy":"product_brand","embeddable":true,"href":"https:\/\/www.purejewels.com\/tr\/wp-json\/wp\/v2\/product_brand?post=393027"},{"taxonomy":"product_cat","embeddable":true,"href":"https:\/\/www.purejewels.com\/tr\/wp-json\/wp\/v2\/product_cat?post=393027"},{"taxonomy":"product_tag","embeddable":true,"href":"https:\/\/www.purejewels.com\/tr\/wp-json\/wp\/v2\/product_tag?post=393027"}],"curies":[{"name":"wp","href":"https:\/\/api.w.org\/{rel}","templated":true}]}}