{"id":393054,"date":"2025-03-18T05:19:32","date_gmt":"2025-03-18T05:19:32","guid":{"rendered":"https:\/\/www.purejewels.com\/?post_type=product&#038;p=393054"},"modified":"2026-01-06T11:31:00","modified_gmt":"2026-01-06T11:31:00","slug":"kisisellestirilmis-isim-bilekligi-51478","status":"publish","type":"product","link":"https:\/\/www.purejewels.com\/tr\/product\/personalised-name-bracelet-51478\/","title":{"rendered":"Ki\u015fiye \u00d6zel \u0130sim Bilekli\u011fi"},"content":{"rendered":"<p>Parlak 22 ayar g\u00fcn do\u011fumu alt\u0131ndan ustal\u0131kla el i\u015f\u00e7ili\u011fiyle \u00fcretilen bu \u00e7arp\u0131c\u0131 ki\u015fiselle\u015ftirilmi\u015f alt\u0131n isim bilezi\u011fiyle m\u00fccevher koleksiyonunuza l\u00fcks ve anlaml\u0131 bir dokunu\u015f kat\u0131n. E\u015fsiz kimli\u011finizi yans\u0131tacak \u015fekilde tasarlanan bu \u00f6zel alt\u0131n bileklik, istedi\u011finiz herhangi bir isim veya kelimeyle ki\u015fiselle\u015ftirilebilen g\u00fczel bir \u015fekilde yaz\u0131lm\u0131\u015f bir isim plakas\u0131na sahiptir. G\u00fcndo\u011fumu alt\u0131n\u0131n\u0131n zengin tonu, bilezi\u011fe s\u0131cak ve zarif bir \u0131\u015f\u0131lt\u0131 katarak hem g\u00fcnl\u00fck kullan\u0131m hem de \u00f6zel g\u00fcnler i\u00e7in g\u00f6ze \u00e7arpan bir par\u00e7a olmas\u0131n\u0131 sa\u011flar. Klasik 7 in\u00e7 baklal\u0131 zincire sahip bu \u0131smarlama alt\u0131n isim bilezi\u011fi hem stil hem de duygusall\u0131k sunar. \u00d6zel bir alt\u0131n hediye veya zamans\u0131z bir hat\u0131ra olarak m\u00fckemmel olan her par\u00e7a, ince i\u015f\u00e7ilikle sipari\u015f \u00fczerine \u00fcretilir ve 2-3 hafta i\u00e7inde teslim edilir.<\/p>","protected":false},"excerpt":{"rendered":"<p>Ki\u015fiselle\u015ftirilmi\u015f 22 ayar g\u00fcn do\u011fumu alt\u0131n isim bilezi\u011fi, benzersiz tarz\u0131n\u0131z\u0131 yans\u0131tmak i\u00e7in \u00f6zel olarak \u00fcretilmi\u015ftir. Sadece sizin veya sevdi\u011finiz ki\u015fi i\u00e7in haz\u0131rlanm\u0131\u015f klasik bir l\u00fcks par\u00e7as\u0131.<\/p>\n<ul class=\"product-description__container_detail_list\">\n<li class=\"product-description__container_list\"><span class=\"product-description__container_list-content\"><strong>Metal:<\/strong>\u00a022 ayar g\u00fcndo\u011fumu alt\u0131n<\/span><\/li>\n<li><strong>Uzunluk:<\/strong> 7 \u0130n\u00e7<\/li>\n<li><strong>Alt\u0131n A\u011f\u0131rl\u0131k:<\/strong> 4,6 gram approax<\/li>\n<li><strong>\u00dcr\u00fcn Tipi:<\/strong> ki\u015fiselle\u015ftirilmi\u015f bileklik<\/li>\n<li class=\"product-description__container_list\"><span class=\"product-description__container_list-content\"><strong>SKU: <\/strong>51478<\/span><\/li>\n<li><strong>Kullan\u0131lan zincir:<\/strong> Ba\u011flant\u0131 Zinciri<\/li>\n<li><strong>Fiyat ve Teslimat:<\/strong>\u00a0KDV ve teslimat \u00fccretleri dahil<\/li>\n<li>\u0130ade Politikas\u0131<\/li>\n<\/ul>","protected":false},"featured_media":393055,"comment_status":"closed","ping_status":"closed","template":"","meta":{"_eb_attr":"","_crsspst_to_jayantr4sg-hostcom":false},"product_brand":[],"product_cat":[6057,1324,1229,6121,5907,5906,6120],"product_tag":[],"class_list":{"0":"post-393054","1":"product","2":"type-product","3":"status-publish","4":"has-post-thumbnail","6":"product_cat-chain-bracelet","7":"product_cat-gold-bracelet","8":"product_cat-22ct-gold-jewellery","9":"product_cat-name","10":"product_cat-personalised-bracelets","11":"product_cat-personalised-jewellery","12":"product_cat-shop-by-style","14":"first","15":"onbackorder","16":"taxable","17":"shipping-taxable","18":"product-type-simple","19":"add-to-wishlist-before_image"},"yoast_head":"<!-- This site is optimized with the Yoast SEO plugin v27.5 - https:\/\/yoast.com\/product\/yoast-seo-wordpress\/ -->\n<title>Personalised Name Bracelet | Custom Handmade Jewellery Gift<\/title>\n<meta name=\"description\" content=\"Create a unique keepsake with our Personalised Name Bracelet \u2013 handcrafted with care for the perfect custom gift. Ideal for birthdays, anniversaries, or just because.\" \/>\n<meta name=\"robots\" content=\"index, follow, max-snippet:-1, max-image-preview:large, max-video-preview:-1\" \/>\n<link rel=\"canonical\" href=\"https:\/\/www.purejewels.com\/tr\/urun\/kisisellestirilmis-isim-bilekligi-51478\/\" \/>\n<meta property=\"og:locale\" content=\"tr_TR\" \/>\n<meta property=\"og:type\" content=\"article\" \/>\n<meta property=\"og:title\" content=\"Personalised Name Bracelet | Custom Handmade Jewellery Gift\" \/>\n<meta property=\"og:description\" content=\"Create a unique keepsake with our Personalised Name Bracelet \u2013 handcrafted with care for the perfect custom gift. Ideal for birthdays, anniversaries, or just because.\" \/>\n<meta property=\"og:url\" content=\"https:\/\/www.purejewels.com\/tr\/urun\/kisisellestirilmis-isim-bilekligi-51478\/\" \/>\n<meta property=\"og:site_name\" content=\"PureJewels UK\" \/>\n<meta property=\"article:modified_time\" content=\"2026-01-06T11:31:00+00:00\" \/>\n<meta property=\"og:image\" content=\"https:\/\/static.purejewels.com\/wp-content\/uploads\/2025\/04\/IMG_0010.png\" \/>\n\t<meta property=\"og:image:width\" content=\"1000\" \/>\n\t<meta property=\"og:image:height\" content=\"1000\" \/>\n\t<meta property=\"og:image:type\" content=\"image\/png\" \/>\n<meta name=\"twitter:card\" content=\"summary_large_image\" \/>\n<meta name=\"twitter:label1\" content=\"Tahmini okuma s\u00fcresi\" \/>\n\t<meta name=\"twitter:data1\" content=\"1 dakika\" \/>\n<script type=\"application\/ld+json\" class=\"yoast-schema-graph\">{\"@context\":\"https:\\\/\\\/schema.org\",\"@graph\":[{\"@type\":[\"WebPage\",\"ItemPage\"],\"@id\":\"https:\\\/\\\/www.purejewels.com\\\/product\\\/personalised-name-bracelet-51478\\\/\",\"url\":\"https:\\\/\\\/www.purejewels.com\\\/product\\\/personalised-name-bracelet-51478\\\/\",\"name\":\"Personalised Name Bracelet | Custom Handmade Jewellery Gift\",\"isPartOf\":{\"@id\":\"https:\\\/\\\/www.purejewels.com\\\/#website\"},\"primaryImageOfPage\":{\"@id\":\"https:\\\/\\\/www.purejewels.com\\\/product\\\/personalised-name-bracelet-51478\\\/#primaryimage\"},\"image\":{\"@id\":\"https:\\\/\\\/www.purejewels.com\\\/product\\\/personalised-name-bracelet-51478\\\/#primaryimage\"},\"thumbnailUrl\":\"https:\\\/\\\/static.purejewels.com\\\/wp-content\\\/uploads\\\/2025\\\/04\\\/IMG_0010.png\",\"datePublished\":\"2025-03-18T05:19:32+00:00\",\"dateModified\":\"2026-01-06T11:31:00+00:00\",\"description\":\"Create a unique keepsake with our Personalised Name Bracelet \u2013 handcrafted with care for the perfect custom gift. Ideal for birthdays, anniversaries, or just because.\",\"breadcrumb\":{\"@id\":\"https:\\\/\\\/www.purejewels.com\\\/product\\\/personalised-name-bracelet-51478\\\/#breadcrumb\"},\"inLanguage\":\"tr\",\"potentialAction\":[{\"@type\":\"ReadAction\",\"target\":[\"https:\\\/\\\/www.purejewels.com\\\/product\\\/personalised-name-bracelet-51478\\\/\"]}]},{\"@type\":\"ImageObject\",\"inLanguage\":\"tr\",\"@id\":\"https:\\\/\\\/www.purejewels.com\\\/product\\\/personalised-name-bracelet-51478\\\/#primaryimage\",\"url\":\"https:\\\/\\\/static.purejewels.com\\\/wp-content\\\/uploads\\\/2025\\\/04\\\/IMG_0010.png\",\"contentUrl\":\"https:\\\/\\\/static.purejewels.com\\\/wp-content\\\/uploads\\\/2025\\\/04\\\/IMG_0010.png\",\"width\":1000,\"height\":1000,\"caption\":\"Personalised Name Bracelet\"},{\"@type\":\"BreadcrumbList\",\"@id\":\"https:\\\/\\\/www.purejewels.com\\\/product\\\/personalised-name-bracelet-51478\\\/#breadcrumb\",\"itemListElement\":[{\"@type\":\"ListItem\",\"position\":1,\"name\":\"Home\",\"item\":\"https:\\\/\\\/www.purejewels.com\\\/\"},{\"@type\":\"ListItem\",\"position\":2,\"name\":\"Shop\",\"item\":\"https:\\\/\\\/www.purejewels.com\\\/shop\\\/\"},{\"@type\":\"ListItem\",\"position\":3,\"name\":\"Personalised Name Bracelet\"}]},{\"@type\":\"WebSite\",\"@id\":\"https:\\\/\\\/www.purejewels.com\\\/#website\",\"url\":\"https:\\\/\\\/www.purejewels.com\\\/\",\"name\":\"PureJewels UK\",\"description\":\"Share the Love\",\"publisher\":{\"@id\":\"https:\\\/\\\/www.purejewels.com\\\/#organization\"},\"potentialAction\":[{\"@type\":\"SearchAction\",\"target\":{\"@type\":\"EntryPoint\",\"urlTemplate\":\"https:\\\/\\\/www.purejewels.com\\\/?s={search_term_string}\"},\"query-input\":{\"@type\":\"PropertyValueSpecification\",\"valueRequired\":true,\"valueName\":\"search_term_string\"}}],\"inLanguage\":\"tr\"},{\"@type\":\"Organization\",\"@id\":\"https:\\\/\\\/www.purejewels.com\\\/#organization\",\"name\":\"PureJewels UK\",\"url\":\"https:\\\/\\\/www.purejewels.com\\\/\",\"logo\":{\"@type\":\"ImageObject\",\"inLanguage\":\"tr\",\"@id\":\"https:\\\/\\\/www.purejewels.com\\\/#\\\/schema\\\/logo\\\/image\\\/\",\"url\":\"https:\\\/\\\/static.purejewels.com\\\/wp-content\\\/uploads\\\/2020\\\/11\\\/Logo-PJ-New-1.png\",\"contentUrl\":\"https:\\\/\\\/static.purejewels.com\\\/wp-content\\\/uploads\\\/2020\\\/11\\\/Logo-PJ-New-1.png\",\"width\":150,\"height\":80,\"caption\":\"PureJewels UK\"},\"image\":{\"@id\":\"https:\\\/\\\/www.purejewels.com\\\/#\\\/schema\\\/logo\\\/image\\\/\"}}]}<\/script>\n<!-- \/ Yoast SEO plugin. -->","yoast_head_json":{"title":"Ki\u015fiye \u00d6zel \u0130sim Bilekli\u011fi | \u00d6zel El Yap\u0131m\u0131 M\u00fccevher Hediyesi","description":"M\u00fckemmel bir \u00f6zel hediye i\u00e7in \u00f6zenle haz\u0131rlanm\u0131\u015f Ki\u015fiselle\u015ftirilmi\u015f \u0130sim Bilekli\u011fimizle benzersiz bir hat\u0131ra yarat\u0131n. Do\u011fum g\u00fcnleri, y\u0131l d\u00f6n\u00fcmleri ya da \u00f6ylesine i\u00e7in idealdir.","robots":{"index":"index","follow":"follow","max-snippet":"max-snippet:-1","max-image-preview":"max-image-preview:large","max-video-preview":"max-video-preview:-1"},"canonical":"https:\/\/www.purejewels.com\/tr\/urun\/kisisellestirilmis-isim-bilekligi-51478\/","og_locale":"tr_TR","og_type":"article","og_title":"Personalised Name Bracelet | Custom Handmade Jewellery Gift","og_description":"Create a unique keepsake with our Personalised Name Bracelet \u2013 handcrafted with care for the perfect custom gift. Ideal for birthdays, anniversaries, or just because.","og_url":"https:\/\/www.purejewels.com\/tr\/urun\/kisisellestirilmis-isim-bilekligi-51478\/","og_site_name":"PureJewels UK","article_modified_time":"2026-01-06T11:31:00+00:00","og_image":[{"width":1000,"height":1000,"url":"https:\/\/static.purejewels.com\/wp-content\/uploads\/2025\/04\/IMG_0010.png","type":"image\/png"}],"twitter_card":"summary_large_image","twitter_misc":{"Tahmini okuma s\u00fcresi":"1 dakika"},"schema":{"@context":"https:\/\/schema.org","@graph":[{"@type":["WebPage","ItemPage"],"@id":"https:\/\/www.purejewels.com\/product\/personalised-name-bracelet-51478\/","url":"https:\/\/www.purejewels.com\/product\/personalised-name-bracelet-51478\/","name":"Ki\u015fiye \u00d6zel \u0130sim Bilekli\u011fi | \u00d6zel El Yap\u0131m\u0131 M\u00fccevher Hediyesi","isPartOf":{"@id":"https:\/\/www.purejewels.com\/#website"},"primaryImageOfPage":{"@id":"https:\/\/www.purejewels.com\/product\/personalised-name-bracelet-51478\/#primaryimage"},"image":{"@id":"https:\/\/www.purejewels.com\/product\/personalised-name-bracelet-51478\/#primaryimage"},"thumbnailUrl":"https:\/\/static.purejewels.com\/wp-content\/uploads\/2025\/04\/IMG_0010.png","datePublished":"2025-03-18T05:19:32+00:00","dateModified":"2026-01-06T11:31:00+00:00","description":"M\u00fckemmel bir \u00f6zel hediye i\u00e7in \u00f6zenle haz\u0131rlanm\u0131\u015f Ki\u015fiselle\u015ftirilmi\u015f \u0130sim Bilekli\u011fimizle benzersiz bir hat\u0131ra yarat\u0131n. Do\u011fum g\u00fcnleri, y\u0131l d\u00f6n\u00fcmleri ya da \u00f6ylesine i\u00e7in idealdir.","breadcrumb":{"@id":"https:\/\/www.purejewels.com\/product\/personalised-name-bracelet-51478\/#breadcrumb"},"inLanguage":"tr","potentialAction":[{"@type":"ReadAction","target":["https:\/\/www.purejewels.com\/product\/personalised-name-bracelet-51478\/"]}]},{"@type":"ImageObject","inLanguage":"tr","@id":"https:\/\/www.purejewels.com\/product\/personalised-name-bracelet-51478\/#primaryimage","url":"https:\/\/static.purejewels.com\/wp-content\/uploads\/2025\/04\/IMG_0010.png","contentUrl":"https:\/\/static.purejewels.com\/wp-content\/uploads\/2025\/04\/IMG_0010.png","width":1000,"height":1000,"caption":"Personalised Name Bracelet"},{"@type":"BreadcrumbList","@id":"https:\/\/www.purejewels.com\/product\/personalised-name-bracelet-51478\/#breadcrumb","itemListElement":[{"@type":"ListItem","position":1,"name":"Home","item":"https:\/\/www.purejewels.com\/"},{"@type":"ListItem","position":2,"name":"Shop","item":"https:\/\/www.purejewels.com\/shop\/"},{"@type":"ListItem","position":3,"name":"Personalised Name Bracelet"}]},{"@type":"WebSite","@id":"https:\/\/www.purejewels.com\/#website","url":"https:\/\/www.purejewels.com\/","name":"PureJewels \u0130ngiltere","description":"Sevgiyi Payla\u015f\u0131n","publisher":{"@id":"https:\/\/www.purejewels.com\/#organization"},"potentialAction":[{"@type":"SearchAction","target":{"@type":"EntryPoint","urlTemplate":"https:\/\/www.purejewels.com\/?s={search_term_string}"},"query-input":{"@type":"PropertyValueSpecification","valueRequired":true,"valueName":"search_term_string"}}],"inLanguage":"tr"},{"@type":"Organization","@id":"https:\/\/www.purejewels.com\/#organization","name":"PureJewels \u0130ngiltere","url":"https:\/\/www.purejewels.com\/","logo":{"@type":"ImageObject","inLanguage":"tr","@id":"https:\/\/www.purejewels.com\/#\/schema\/logo\/image\/","url":"https:\/\/static.purejewels.com\/wp-content\/uploads\/2020\/11\/Logo-PJ-New-1.png","contentUrl":"https:\/\/static.purejewels.com\/wp-content\/uploads\/2020\/11\/Logo-PJ-New-1.png","width":150,"height":80,"caption":"PureJewels UK"},"image":{"@id":"https:\/\/www.purejewels.com\/#\/schema\/logo\/image\/"}}]}},"_links":{"self":[{"href":"https:\/\/www.purejewels.com\/tr\/wp-json\/wp\/v2\/product\/393054","targetHints":{"allow":["GET"]}}],"collection":[{"href":"https:\/\/www.purejewels.com\/tr\/wp-json\/wp\/v2\/product"}],"about":[{"href":"https:\/\/www.purejewels.com\/tr\/wp-json\/wp\/v2\/types\/product"}],"replies":[{"embeddable":true,"href":"https:\/\/www.purejewels.com\/tr\/wp-json\/wp\/v2\/comments?post=393054"}],"version-history":[{"count":3,"href":"https:\/\/www.purejewels.com\/tr\/wp-json\/wp\/v2\/product\/393054\/revisions"}],"predecessor-version":[{"id":393080,"href":"https:\/\/www.purejewels.com\/tr\/wp-json\/wp\/v2\/product\/393054\/revisions\/393080"}],"wp:featuredmedia":[{"embeddable":true,"href":"https:\/\/www.purejewels.com\/tr\/wp-json\/wp\/v2\/media\/393055"}],"wp:attachment":[{"href":"https:\/\/www.purejewels.com\/tr\/wp-json\/wp\/v2\/media?parent=393054"}],"wp:term":[{"taxonomy":"product_brand","embeddable":true,"href":"https:\/\/www.purejewels.com\/tr\/wp-json\/wp\/v2\/product_brand?post=393054"},{"taxonomy":"product_cat","embeddable":true,"href":"https:\/\/www.purejewels.com\/tr\/wp-json\/wp\/v2\/product_cat?post=393054"},{"taxonomy":"product_tag","embeddable":true,"href":"https:\/\/www.purejewels.com\/tr\/wp-json\/wp\/v2\/product_tag?post=393054"}],"curies":[{"name":"wp","href":"https:\/\/api.w.org\/{rel}","templated":true}]}}