{"id":394716,"date":"2025-01-02T05:06:15","date_gmt":"2025-01-02T05:06:15","guid":{"rendered":"https:\/\/www.purejewels.com\/?post_type=product&#038;p=394716"},"modified":"2026-04-17T05:42:25","modified_gmt":"2026-04-17T04:42:25","slug":"kadin-altin-kalp-yuzuk-uk-51630","status":"publish","type":"product","link":"https:\/\/www.purejewels.com\/tr\/product\/womens-gold-heart-ring-uk-51630\/","title":{"rendered":"Kad\u0131n Alt\u0131n Kalp Y\u00fcz\u00fck \u0130ngiltere"},"content":{"rendered":"<p><strong>Tasar\u0131m Konsepti<\/strong><\/p>\n<p>Birlik ve sevginin \u015fiirsel bir sembol\u00fc olan kalp motifi, sevdiklerinizle olan ba\u011f\u0131n\u0131z\u0131 veya kendi i\u00e7inizdeki uyumu temsil eder. Tasar\u0131m\u0131n asimetrisi, ona modern ama zamans\u0131z bir \u00e7ekicilik katar ve g\u00fcnl\u00fck kullan\u0131m veya anlaml\u0131 bir hediye olarak m\u00fckemmeldir.<\/p>\n<p><strong>Zanaatkarl\u0131k<\/strong><\/p>\n<p>22 ayar sar\u0131 alt\u0131ndan ustal\u0131kla i\u015flenmi\u015f bu y\u00fcz\u00fck, PureJewels'\u0131n hassasiyet ve kaliteye olan ba\u011fl\u0131l\u0131\u011f\u0131n\u0131 yans\u0131t\u0131yor. CZ ta\u015flarla s\u00fcslenmi\u015f kalp, \u0131\u015f\u0131\u011f\u0131 yakalamak i\u00e7in ustaca konumland\u0131r\u0131lm\u0131\u015fken, cilal\u0131 alt\u0131n kalp, kompozisyonu sade bir s\u0131cakl\u0131kla dengeliyor.<\/p>\n<p><strong>Stil Fikirleri<\/strong><\/p>\n<p>S\u00f6z y\u00fcz\u00fc\u011f\u00fc, do\u011fum g\u00fcn\u00fc hediyesi veya g\u00fcnl\u00fck tak\u0131 koleksiyonunuza \u00e7ekici bir ek olarak idealdir. Alt\u0131n bir bileklik veya k\u00fcpe ile kombinleyerek uyumlu ve feminen bir g\u00f6r\u00fcn\u00fcm elde edebilirsiniz. \u0130nce band\u0131 sayesinde \u00e7ok y\u00f6nl\u00fc stil se\u00e7enekleri sunar \u2014 tek ba\u015f\u0131na takabilir veya di\u011fer y\u00fcz\u00fcklerle birlikte katmanlayarak ki\u015fisel bir dokunu\u015f katabilirsiniz.<\/p>","protected":false},"excerpt":{"rendered":"<p>Zarafet ve zarafetle a\u015fk\u0131 sembolize etmek i\u00e7in tasarlanm\u0131\u015f 22 ayar kalp \u015feklinde b\u00fcy\u00fcleyici alt\u0131n y\u00fcz\u00fck. Onun i\u00e7in zamans\u0131z bir hediye - g\u00fcnl\u00fck kullan\u0131m, y\u0131ld\u00f6n\u00fcmleri veya anlaml\u0131 g\u00fcnler i\u00e7in ideal.<\/p>\n<p><strong>Y\u00fcz\u00fck tipi:<\/strong> Kalp Y\u00fcz\u00fck<br \/>\n<strong>SKU:<\/strong> 50969, 51626, 51631, 51627<br \/>\n<strong>A\u011f\u0131rl\u0131k Aral\u0131\u011f\u0131:<\/strong> 1 gms<br \/>\n<strong>Y\u00fcz\u00fck \u00d6l\u00e7\u00fcs\u00fc:<\/strong> T\u00fcm Farkl\u0131 Boyutlar<br \/>\n<strong>Cinsiyet:<\/strong> Bayanlar<br \/>\n\u00dccretler Teslimat ve KDV Dahil<br \/>\nAmbalaj Sunum Kutusu ile Birlikte Gelir<br \/>\nDaha Fazla Bilgi M\u00fcsaitlik durumu ve daha fazla resim i\u00e7in bizimle canl\u0131 sohbet edin<\/p>","protected":false},"featured_media":394647,"comment_status":"closed","ping_status":"closed","template":"","meta":{"_eb_attr":"","_crsspst_to_jayantr4sg-hostcom":true},"product_brand":[],"product_cat":[1791,1559,1794,6152,1785,1792,1229,1235,5684,5342,1783,5338,1569,5349],"product_tag":[64],"class_list":{"0":"post-394716","1":"product","2":"type-product","3":"status-publish","4":"has-post-thumbnail","6":"product_cat-anniversary-gifts","7":"product_cat-birthday-gifts","8":"product_cat-christmas-gifts","9":"product_cat-cubic-zirconia-rings","10":"product_cat-daily-wear-rings","11":"product_cat-festival-gifts","12":"product_cat-22ct-gold-jewellery","13":"product_cat-gold-rings","14":"product_cat-heart-ring","15":"product_cat-jewellery-under-250","16":"product_cat-ladies-rings","17":"product_cat-shop-by-price","18":"product_cat-valentine-day-gifts","19":"product_cat-yellow-gold-jewellery","20":"product_tag-rings","22":"first","23":"instock","24":"taxable","25":"shipping-taxable","26":"purchasable","27":"product-type-variable","28":"add-to-wishlist-before_image"},"yoast_head":"<!-- This site is optimized with the Yoast SEO plugin v27.5 - https:\/\/yoast.com\/product\/yoast-seo-wordpress\/ -->\n<title>22ct Women\u2019s Gold Heart Ring UK | PureJewels London<\/title>\n<meta name=\"description\" content=\"Shop this delicate gold heart ring, a meaningful Valentine\u2019s Day gift that celebrates love with subtle diamonds and elegant design. Free delivery across UK.\" \/>\n<meta name=\"robots\" content=\"index, follow, max-snippet:-1, max-image-preview:large, max-video-preview:-1\" \/>\n<link rel=\"canonical\" href=\"https:\/\/www.purejewels.com\/tr\/urun\/kadin-altin-kalp-yuzuk-uk-51630\/\" \/>\n<meta property=\"og:locale\" content=\"tr_TR\" \/>\n<meta property=\"og:type\" content=\"article\" \/>\n<meta property=\"og:title\" content=\"22ct Women\u2019s Gold Heart Ring UK | PureJewels London\" \/>\n<meta property=\"og:description\" content=\"Shop this delicate gold heart ring, a meaningful Valentine\u2019s Day gift that celebrates love with subtle diamonds and elegant design. Free delivery across UK.\" \/>\n<meta property=\"og:url\" content=\"https:\/\/www.purejewels.com\/tr\/urun\/kadin-altin-kalp-yuzuk-uk-51630\/\" \/>\n<meta property=\"og:site_name\" content=\"PureJewels UK\" \/>\n<meta property=\"article:modified_time\" content=\"2026-04-17T04:42:25+00:00\" \/>\n<meta property=\"og:image\" content=\"https:\/\/static.purejewels.com\/wp-content\/uploads\/2025\/01\/JWRNCZCB001.png\" \/>\n\t<meta property=\"og:image:width\" content=\"1000\" \/>\n\t<meta property=\"og:image:height\" content=\"1000\" \/>\n\t<meta property=\"og:image:type\" content=\"image\/png\" \/>\n<meta name=\"twitter:card\" content=\"summary_large_image\" \/>\n<meta name=\"twitter:label1\" content=\"Tahmini okuma s\u00fcresi\" \/>\n\t<meta name=\"twitter:data1\" content=\"1 dakika\" \/>\n<script type=\"application\/ld+json\" class=\"yoast-schema-graph\">{\"@context\":\"https:\\\/\\\/schema.org\",\"@graph\":[{\"@type\":[\"WebPage\",\"ItemPage\"],\"@id\":\"https:\\\/\\\/www.purejewels.com\\\/product\\\/womens-gold-heart-ring-uk-51630\\\/\",\"url\":\"https:\\\/\\\/www.purejewels.com\\\/product\\\/womens-gold-heart-ring-uk-51630\\\/\",\"name\":\"22ct Women\u2019s Gold Heart Ring UK | PureJewels London\",\"isPartOf\":{\"@id\":\"https:\\\/\\\/www.purejewels.com\\\/#website\"},\"primaryImageOfPage\":{\"@id\":\"https:\\\/\\\/www.purejewels.com\\\/product\\\/womens-gold-heart-ring-uk-51630\\\/#primaryimage\"},\"image\":{\"@id\":\"https:\\\/\\\/www.purejewels.com\\\/product\\\/womens-gold-heart-ring-uk-51630\\\/#primaryimage\"},\"thumbnailUrl\":\"https:\\\/\\\/static.purejewels.com\\\/wp-content\\\/uploads\\\/2025\\\/01\\\/JWRNCZCB001.png\",\"datePublished\":\"2025-01-02T05:06:15+00:00\",\"dateModified\":\"2026-04-17T04:42:25+00:00\",\"description\":\"Shop this delicate gold heart ring, a meaningful Valentine\u2019s Day gift that celebrates love with subtle diamonds and elegant design. Free delivery across UK.\",\"breadcrumb\":{\"@id\":\"https:\\\/\\\/www.purejewels.com\\\/product\\\/womens-gold-heart-ring-uk-51630\\\/#breadcrumb\"},\"inLanguage\":\"tr\",\"potentialAction\":[{\"@type\":\"ReadAction\",\"target\":[\"https:\\\/\\\/www.purejewels.com\\\/product\\\/womens-gold-heart-ring-uk-51630\\\/\"]}]},{\"@type\":\"ImageObject\",\"inLanguage\":\"tr\",\"@id\":\"https:\\\/\\\/www.purejewels.com\\\/product\\\/womens-gold-heart-ring-uk-51630\\\/#primaryimage\",\"url\":\"https:\\\/\\\/static.purejewels.com\\\/wp-content\\\/uploads\\\/2025\\\/01\\\/JWRNCZCB001.png\",\"contentUrl\":\"https:\\\/\\\/static.purejewels.com\\\/wp-content\\\/uploads\\\/2025\\\/01\\\/JWRNCZCB001.png\",\"width\":1000,\"height\":1000,\"caption\":\"22 Karat Gold Ring For Women\"},{\"@type\":\"BreadcrumbList\",\"@id\":\"https:\\\/\\\/www.purejewels.com\\\/product\\\/womens-gold-heart-ring-uk-51630\\\/#breadcrumb\",\"itemListElement\":[{\"@type\":\"ListItem\",\"position\":1,\"name\":\"Home\",\"item\":\"https:\\\/\\\/www.purejewels.com\\\/\"},{\"@type\":\"ListItem\",\"position\":2,\"name\":\"Shop\",\"item\":\"https:\\\/\\\/www.purejewels.com\\\/shop\\\/\"},{\"@type\":\"ListItem\",\"position\":3,\"name\":\"Women\u2019s Gold Heart Ring UK\"}]},{\"@type\":\"WebSite\",\"@id\":\"https:\\\/\\\/www.purejewels.com\\\/#website\",\"url\":\"https:\\\/\\\/www.purejewels.com\\\/\",\"name\":\"PureJewels UK\",\"description\":\"Share the Love\",\"publisher\":{\"@id\":\"https:\\\/\\\/www.purejewels.com\\\/#organization\"},\"potentialAction\":[{\"@type\":\"SearchAction\",\"target\":{\"@type\":\"EntryPoint\",\"urlTemplate\":\"https:\\\/\\\/www.purejewels.com\\\/?s={search_term_string}\"},\"query-input\":{\"@type\":\"PropertyValueSpecification\",\"valueRequired\":true,\"valueName\":\"search_term_string\"}}],\"inLanguage\":\"tr\"},{\"@type\":\"Organization\",\"@id\":\"https:\\\/\\\/www.purejewels.com\\\/#organization\",\"name\":\"PureJewels UK\",\"url\":\"https:\\\/\\\/www.purejewels.com\\\/\",\"logo\":{\"@type\":\"ImageObject\",\"inLanguage\":\"tr\",\"@id\":\"https:\\\/\\\/www.purejewels.com\\\/#\\\/schema\\\/logo\\\/image\\\/\",\"url\":\"https:\\\/\\\/static.purejewels.com\\\/wp-content\\\/uploads\\\/2020\\\/11\\\/Logo-PJ-New-1.png\",\"contentUrl\":\"https:\\\/\\\/static.purejewels.com\\\/wp-content\\\/uploads\\\/2020\\\/11\\\/Logo-PJ-New-1.png\",\"width\":150,\"height\":80,\"caption\":\"PureJewels UK\"},\"image\":{\"@id\":\"https:\\\/\\\/www.purejewels.com\\\/#\\\/schema\\\/logo\\\/image\\\/\"}}]}<\/script>\n<!-- \/ Yoast SEO plugin. -->","yoast_head_json":{"title":"22 Ayar Kad\u0131n Alt\u0131n Kalp Y\u00fcz\u00fck \u0130ngiltere | PureJewels London","description":"A\u015fk\u0131 ince p\u0131rlantalar ve zarif tasar\u0131mla kutlayan anlaml\u0131 bir Sevgililer G\u00fcn\u00fc hediyesi olan bu narin alt\u0131n kalp y\u00fcz\u00fc\u011f\u00fc sat\u0131n al\u0131n. Birle\u015fik Krall\u0131k genelinde \u00fccretsiz teslimat.","robots":{"index":"index","follow":"follow","max-snippet":"max-snippet:-1","max-image-preview":"max-image-preview:large","max-video-preview":"max-video-preview:-1"},"canonical":"https:\/\/www.purejewels.com\/tr\/urun\/kadin-altin-kalp-yuzuk-uk-51630\/","og_locale":"tr_TR","og_type":"article","og_title":"22ct Women\u2019s Gold Heart Ring UK | PureJewels London","og_description":"Shop this delicate gold heart ring, a meaningful Valentine\u2019s Day gift that celebrates love with subtle diamonds and elegant design. Free delivery across UK.","og_url":"https:\/\/www.purejewels.com\/tr\/urun\/kadin-altin-kalp-yuzuk-uk-51630\/","og_site_name":"PureJewels UK","article_modified_time":"2026-04-17T04:42:25+00:00","og_image":[{"width":1000,"height":1000,"url":"https:\/\/static.purejewels.com\/wp-content\/uploads\/2025\/01\/JWRNCZCB001.png","type":"image\/png"}],"twitter_card":"summary_large_image","twitter_misc":{"Tahmini okuma s\u00fcresi":"1 dakika"},"schema":{"@context":"https:\/\/schema.org","@graph":[{"@type":["WebPage","ItemPage"],"@id":"https:\/\/www.purejewels.com\/product\/womens-gold-heart-ring-uk-51630\/","url":"https:\/\/www.purejewels.com\/product\/womens-gold-heart-ring-uk-51630\/","name":"22 Ayar Kad\u0131n Alt\u0131n Kalp Y\u00fcz\u00fck \u0130ngiltere | PureJewels London","isPartOf":{"@id":"https:\/\/www.purejewels.com\/#website"},"primaryImageOfPage":{"@id":"https:\/\/www.purejewels.com\/product\/womens-gold-heart-ring-uk-51630\/#primaryimage"},"image":{"@id":"https:\/\/www.purejewels.com\/product\/womens-gold-heart-ring-uk-51630\/#primaryimage"},"thumbnailUrl":"https:\/\/static.purejewels.com\/wp-content\/uploads\/2025\/01\/JWRNCZCB001.png","datePublished":"2025-01-02T05:06:15+00:00","dateModified":"2026-04-17T04:42:25+00:00","description":"A\u015fk\u0131 ince p\u0131rlantalar ve zarif tasar\u0131mla kutlayan anlaml\u0131 bir Sevgililer G\u00fcn\u00fc hediyesi olan bu narin alt\u0131n kalp y\u00fcz\u00fc\u011f\u00fc sat\u0131n al\u0131n. Birle\u015fik Krall\u0131k genelinde \u00fccretsiz teslimat.","breadcrumb":{"@id":"https:\/\/www.purejewels.com\/product\/womens-gold-heart-ring-uk-51630\/#breadcrumb"},"inLanguage":"tr","potentialAction":[{"@type":"ReadAction","target":["https:\/\/www.purejewels.com\/product\/womens-gold-heart-ring-uk-51630\/"]}]},{"@type":"ImageObject","inLanguage":"tr","@id":"https:\/\/www.purejewels.com\/product\/womens-gold-heart-ring-uk-51630\/#primaryimage","url":"https:\/\/static.purejewels.com\/wp-content\/uploads\/2025\/01\/JWRNCZCB001.png","contentUrl":"https:\/\/static.purejewels.com\/wp-content\/uploads\/2025\/01\/JWRNCZCB001.png","width":1000,"height":1000,"caption":"22 Karat Gold Ring For Women"},{"@type":"BreadcrumbList","@id":"https:\/\/www.purejewels.com\/product\/womens-gold-heart-ring-uk-51630\/#breadcrumb","itemListElement":[{"@type":"ListItem","position":1,"name":"Home","item":"https:\/\/www.purejewels.com\/"},{"@type":"ListItem","position":2,"name":"Shop","item":"https:\/\/www.purejewels.com\/shop\/"},{"@type":"ListItem","position":3,"name":"Women\u2019s Gold Heart Ring UK"}]},{"@type":"WebSite","@id":"https:\/\/www.purejewels.com\/#website","url":"https:\/\/www.purejewels.com\/","name":"PureJewels \u0130ngiltere","description":"Sevgiyi Payla\u015f\u0131n","publisher":{"@id":"https:\/\/www.purejewels.com\/#organization"},"potentialAction":[{"@type":"SearchAction","target":{"@type":"EntryPoint","urlTemplate":"https:\/\/www.purejewels.com\/?s={search_term_string}"},"query-input":{"@type":"PropertyValueSpecification","valueRequired":true,"valueName":"search_term_string"}}],"inLanguage":"tr"},{"@type":"Organization","@id":"https:\/\/www.purejewels.com\/#organization","name":"PureJewels \u0130ngiltere","url":"https:\/\/www.purejewels.com\/","logo":{"@type":"ImageObject","inLanguage":"tr","@id":"https:\/\/www.purejewels.com\/#\/schema\/logo\/image\/","url":"https:\/\/static.purejewels.com\/wp-content\/uploads\/2020\/11\/Logo-PJ-New-1.png","contentUrl":"https:\/\/static.purejewels.com\/wp-content\/uploads\/2020\/11\/Logo-PJ-New-1.png","width":150,"height":80,"caption":"PureJewels UK"},"image":{"@id":"https:\/\/www.purejewels.com\/#\/schema\/logo\/image\/"}}]}},"_links":{"self":[{"href":"https:\/\/www.purejewels.com\/tr\/wp-json\/wp\/v2\/product\/394716","targetHints":{"allow":["GET"]}}],"collection":[{"href":"https:\/\/www.purejewels.com\/tr\/wp-json\/wp\/v2\/product"}],"about":[{"href":"https:\/\/www.purejewels.com\/tr\/wp-json\/wp\/v2\/types\/product"}],"replies":[{"embeddable":true,"href":"https:\/\/www.purejewels.com\/tr\/wp-json\/wp\/v2\/comments?post=394716"}],"version-history":[{"count":4,"href":"https:\/\/www.purejewels.com\/tr\/wp-json\/wp\/v2\/product\/394716\/revisions"}],"predecessor-version":[{"id":422855,"href":"https:\/\/www.purejewels.com\/tr\/wp-json\/wp\/v2\/product\/394716\/revisions\/422855"}],"wp:featuredmedia":[{"embeddable":true,"href":"https:\/\/www.purejewels.com\/tr\/wp-json\/wp\/v2\/media\/394647"}],"wp:attachment":[{"href":"https:\/\/www.purejewels.com\/tr\/wp-json\/wp\/v2\/media?parent=394716"}],"wp:term":[{"taxonomy":"product_brand","embeddable":true,"href":"https:\/\/www.purejewels.com\/tr\/wp-json\/wp\/v2\/product_brand?post=394716"},{"taxonomy":"product_cat","embeddable":true,"href":"https:\/\/www.purejewels.com\/tr\/wp-json\/wp\/v2\/product_cat?post=394716"},{"taxonomy":"product_tag","embeddable":true,"href":"https:\/\/www.purejewels.com\/tr\/wp-json\/wp\/v2\/product_tag?post=394716"}],"curies":[{"name":"wp","href":"https:\/\/api.w.org\/{rel}","templated":true}]}}