{"id":394928,"date":"2025-02-05T08:29:11","date_gmt":"2025-02-05T08:29:11","guid":{"rendered":"https:\/\/www.purejewels.com\/?post_type=product&#038;p=394928"},"modified":"2026-01-06T07:30:20","modified_gmt":"2026-01-06T07:30:20","slug":"22-ayar-altin-hanuman-kolye-51650","status":"publish","type":"product","link":"https:\/\/www.purejewels.com\/tr\/product\/22ct-gold-hanuman-pendant-51650\/","title":{"rendered":"22 Ayar Alt\u0131n Hanuman Kolye"},"content":{"rendered":"<p>Bu 22 Ayar Alt\u0131n Hanuman Kolye, g\u00fcc\u00fc, ba\u011fl\u0131l\u0131\u011f\u0131 ve korumay\u0131 temsil eder. Saf 22 ayar alt\u0131ndan \u00fcretilen bu kolyede cesaret, sadakat ve korkusuzlu\u011fun sembol\u00fc Lord Hanuman yer almaktad\u0131r. M\u00fckemmel bir manevi aksesuar veya d\u00fc\u015f\u00fcnceli bir hediye olan bu kolye, k\u00fclt\u00fcrel sayg\u0131y\u0131 zamans\u0131z i\u015f\u00e7ilikle birle\u015ftiriyor.<\/p>\n<p><b>Aral\u0131k Kimli\u011fi <\/b>JWPNPRCB024OTCS<br \/>\n<b>SKU:<\/b> 51650, 51030<\/p>","protected":false},"excerpt":{"rendered":"<p>Koruma ve cesaretin g\u00fc\u00e7l\u00fc bir sembol\u00fc olan bu 22 Ayar Alt\u0131n Hanuman Kolye ile g\u00fc\u00e7 ve ba\u011fl\u0131l\u0131k \u00e7a\u011fr\u0131s\u0131 yap\u0131n. G\u00fcnl\u00fck ibadet ve ruhani hediyeler i\u00e7in idealdir.<\/p>\n<p><strong>Malzeme:<\/strong>\u00a022 Ayar Alt\u0131n<strong><br \/>\nHallmark:\u00a0<\/strong>\u0130ngiliz Damgas\u0131<strong><br \/>\n<\/strong><strong>Br\u00fct A\u011f\u0131rl\u0131k: <\/strong>1.74 Gms<strong><br \/>\nSKU: <\/strong>51650, 51030<\/p>\n<p><strong>Fiyat ve Teslimat:<\/strong>KDV ve teslimat \u00fccretleri dahil<strong><br \/>\n<a href=\"https:\/\/www.purejewels.com\/tr\/i%cc%87ade-poli%cc%87ti%cc%87kasi\/\">\u0130ade Politikas\u0131<\/a><\/strong><\/p>","protected":false},"featured_media":394933,"comment_status":"closed","ping_status":"closed","template":"","meta":{"_eb_attr":"","_crsspst_to_jayantr4sg-hostcom":true},"product_brand":[],"product_cat":[1571,1229,1255,5343,1767,1572,1768,5338,1701,5349],"product_tag":[],"class_list":{"0":"post-394928","1":"product","2":"type-product","3":"status-publish","4":"has-post-thumbnail","6":"product_cat-fathers-day-gifts","7":"product_cat-22ct-gold-jewellery","8":"product_cat-gold-pendants","9":"product_cat-jewellery-under-550","10":"product_cat-ladies-pendants","11":"product_cat-mens-jewellery","12":"product_cat-mens-pendants","13":"product_cat-shop-by-price","14":"product_cat-religious-pendants","15":"product_cat-yellow-gold-jewellery","17":"first","18":"outofstock","19":"taxable","20":"shipping-taxable","21":"product-type-simple","22":"add-to-wishlist-before_image"},"yoast_head":"<!-- This site is optimized with the Yoast SEO plugin v27.3 - https:\/\/yoast.com\/product\/yoast-seo-wordpress\/ -->\n<title>22ct Gold Hanuman Pendant | Hindu Religious Jewellery UK<\/title>\n<meta name=\"description\" content=\"Shop 22ct Gold Hanuman Pendant at PureJewels UK \u2013 a powerful symbol of devotion in Hindu religious jewellery, crafted with care and detail.\" \/>\n<meta name=\"robots\" content=\"index, follow, max-snippet:-1, max-image-preview:large, max-video-preview:-1\" \/>\n<link rel=\"canonical\" href=\"https:\/\/www.purejewels.com\/tr\/urun\/22-ayar-altin-hanuman-kolye-51650\/\" \/>\n<meta property=\"og:locale\" content=\"tr_TR\" \/>\n<meta property=\"og:type\" content=\"article\" \/>\n<meta property=\"og:title\" content=\"22ct Gold Hanuman Pendant | Hindu Religious Jewellery UK\" \/>\n<meta property=\"og:description\" content=\"Shop 22ct Gold Hanuman Pendant at PureJewels UK \u2013 a powerful symbol of devotion in Hindu religious jewellery, crafted with care and detail.\" \/>\n<meta property=\"og:url\" content=\"https:\/\/www.purejewels.com\/tr\/urun\/22-ayar-altin-hanuman-kolye-51650\/\" \/>\n<meta property=\"og:site_name\" content=\"PureJewels UK\" \/>\n<meta property=\"article:modified_time\" content=\"2026-01-06T07:30:20+00:00\" \/>\n<meta property=\"og:image\" content=\"https:\/\/www.purejewels.com\/wp-content\/uploads\/2025\/05\/51650.png\" \/>\n\t<meta property=\"og:image:width\" content=\"1000\" \/>\n\t<meta property=\"og:image:height\" content=\"1000\" \/>\n\t<meta property=\"og:image:type\" content=\"image\/png\" \/>\n<meta name=\"twitter:card\" content=\"summary_large_image\" \/>\n<script type=\"application\/ld+json\" class=\"yoast-schema-graph\">{\"@context\":\"https:\\\/\\\/schema.org\",\"@graph\":[{\"@type\":[\"WebPage\",\"ItemPage\"],\"@id\":\"https:\\\/\\\/www.purejewels.com\\\/product\\\/22ct-gold-hanuman-pendant-51650\\\/\",\"url\":\"https:\\\/\\\/www.purejewels.com\\\/product\\\/22ct-gold-hanuman-pendant-51650\\\/\",\"name\":\"22ct Gold Hanuman Pendant | Hindu Religious Jewellery UK\",\"isPartOf\":{\"@id\":\"https:\\\/\\\/www.purejewels.com\\\/#website\"},\"primaryImageOfPage\":{\"@id\":\"https:\\\/\\\/www.purejewels.com\\\/product\\\/22ct-gold-hanuman-pendant-51650\\\/#primaryimage\"},\"image\":{\"@id\":\"https:\\\/\\\/www.purejewels.com\\\/product\\\/22ct-gold-hanuman-pendant-51650\\\/#primaryimage\"},\"thumbnailUrl\":\"https:\\\/\\\/static.purejewels.com\\\/wp-content\\\/uploads\\\/2025\\\/05\\\/51650.png\",\"datePublished\":\"2025-02-05T08:29:11+00:00\",\"dateModified\":\"2026-01-06T07:30:20+00:00\",\"description\":\"Shop 22ct Gold Hanuman Pendant at PureJewels UK \u2013 a powerful symbol of devotion in Hindu religious jewellery, crafted with care and detail.\",\"breadcrumb\":{\"@id\":\"https:\\\/\\\/www.purejewels.com\\\/product\\\/22ct-gold-hanuman-pendant-51650\\\/#breadcrumb\"},\"inLanguage\":\"tr\",\"potentialAction\":[{\"@type\":\"ReadAction\",\"target\":[\"https:\\\/\\\/www.purejewels.com\\\/product\\\/22ct-gold-hanuman-pendant-51650\\\/\"]}]},{\"@type\":\"ImageObject\",\"inLanguage\":\"tr\",\"@id\":\"https:\\\/\\\/www.purejewels.com\\\/product\\\/22ct-gold-hanuman-pendant-51650\\\/#primaryimage\",\"url\":\"https:\\\/\\\/static.purejewels.com\\\/wp-content\\\/uploads\\\/2025\\\/05\\\/51650.png\",\"contentUrl\":\"https:\\\/\\\/static.purejewels.com\\\/wp-content\\\/uploads\\\/2025\\\/05\\\/51650.png\",\"width\":1000,\"height\":1000,\"caption\":\"22ct Gold Hanuman Pendant\"},{\"@type\":\"BreadcrumbList\",\"@id\":\"https:\\\/\\\/www.purejewels.com\\\/product\\\/22ct-gold-hanuman-pendant-51650\\\/#breadcrumb\",\"itemListElement\":[{\"@type\":\"ListItem\",\"position\":1,\"name\":\"Home\",\"item\":\"https:\\\/\\\/www.purejewels.com\\\/\"},{\"@type\":\"ListItem\",\"position\":2,\"name\":\"Shop\",\"item\":\"https:\\\/\\\/www.purejewels.com\\\/shop\\\/\"},{\"@type\":\"ListItem\",\"position\":3,\"name\":\"22ct Gold Hanuman Pendant\"}]},{\"@type\":\"WebSite\",\"@id\":\"https:\\\/\\\/www.purejewels.com\\\/#website\",\"url\":\"https:\\\/\\\/www.purejewels.com\\\/\",\"name\":\"PureJewels UK\",\"description\":\"Share the Love\",\"publisher\":{\"@id\":\"https:\\\/\\\/www.purejewels.com\\\/#organization\"},\"potentialAction\":[{\"@type\":\"SearchAction\",\"target\":{\"@type\":\"EntryPoint\",\"urlTemplate\":\"https:\\\/\\\/www.purejewels.com\\\/?s={search_term_string}\"},\"query-input\":{\"@type\":\"PropertyValueSpecification\",\"valueRequired\":true,\"valueName\":\"search_term_string\"}}],\"inLanguage\":\"tr\"},{\"@type\":\"Organization\",\"@id\":\"https:\\\/\\\/www.purejewels.com\\\/#organization\",\"name\":\"PureJewels UK\",\"url\":\"https:\\\/\\\/www.purejewels.com\\\/\",\"logo\":{\"@type\":\"ImageObject\",\"inLanguage\":\"tr\",\"@id\":\"https:\\\/\\\/www.purejewels.com\\\/#\\\/schema\\\/logo\\\/image\\\/\",\"url\":\"https:\\\/\\\/static.purejewels.com\\\/wp-content\\\/uploads\\\/2020\\\/11\\\/Logo-PJ-New-1.png\",\"contentUrl\":\"https:\\\/\\\/static.purejewels.com\\\/wp-content\\\/uploads\\\/2020\\\/11\\\/Logo-PJ-New-1.png\",\"width\":150,\"height\":80,\"caption\":\"PureJewels UK\"},\"image\":{\"@id\":\"https:\\\/\\\/www.purejewels.com\\\/#\\\/schema\\\/logo\\\/image\\\/\"}}]}<\/script>\n<!-- \/ Yoast SEO plugin. -->","yoast_head_json":{"title":"22 Ayar Alt\u0131n Hanuman Kolye | Hindu Dini Tak\u0131lar\u0131 \u0130ngiltere","description":"PureJewels UK'de 22 Ayar Alt\u0131n Hanuman Kolye Sat\u0131n Al\u0131n - Hindu dini m\u00fccevherlerinde ba\u011fl\u0131l\u0131\u011f\u0131n g\u00fc\u00e7l\u00fc bir sembol\u00fc, \u00f6zenle ve ayr\u0131nt\u0131larla haz\u0131rlanm\u0131\u015f.","robots":{"index":"index","follow":"follow","max-snippet":"max-snippet:-1","max-image-preview":"max-image-preview:large","max-video-preview":"max-video-preview:-1"},"canonical":"https:\/\/www.purejewels.com\/tr\/urun\/22-ayar-altin-hanuman-kolye-51650\/","og_locale":"tr_TR","og_type":"article","og_title":"22ct Gold Hanuman Pendant | Hindu Religious Jewellery UK","og_description":"Shop 22ct Gold Hanuman Pendant at PureJewels UK \u2013 a powerful symbol of devotion in Hindu religious jewellery, crafted with care and detail.","og_url":"https:\/\/www.purejewels.com\/tr\/urun\/22-ayar-altin-hanuman-kolye-51650\/","og_site_name":"PureJewels UK","article_modified_time":"2026-01-06T07:30:20+00:00","og_image":[{"width":1000,"height":1000,"url":"https:\/\/www.purejewels.com\/wp-content\/uploads\/2025\/05\/51650.png","type":"image\/png"}],"twitter_card":"summary_large_image","schema":{"@context":"https:\/\/schema.org","@graph":[{"@type":["WebPage","ItemPage"],"@id":"https:\/\/www.purejewels.com\/product\/22ct-gold-hanuman-pendant-51650\/","url":"https:\/\/www.purejewels.com\/product\/22ct-gold-hanuman-pendant-51650\/","name":"22 Ayar Alt\u0131n Hanuman Kolye | Hindu Dini Tak\u0131lar\u0131 \u0130ngiltere","isPartOf":{"@id":"https:\/\/www.purejewels.com\/#website"},"primaryImageOfPage":{"@id":"https:\/\/www.purejewels.com\/product\/22ct-gold-hanuman-pendant-51650\/#primaryimage"},"image":{"@id":"https:\/\/www.purejewels.com\/product\/22ct-gold-hanuman-pendant-51650\/#primaryimage"},"thumbnailUrl":"https:\/\/static.purejewels.com\/wp-content\/uploads\/2025\/05\/51650.png","datePublished":"2025-02-05T08:29:11+00:00","dateModified":"2026-01-06T07:30:20+00:00","description":"PureJewels UK'de 22 Ayar Alt\u0131n Hanuman Kolye Sat\u0131n Al\u0131n - Hindu dini m\u00fccevherlerinde ba\u011fl\u0131l\u0131\u011f\u0131n g\u00fc\u00e7l\u00fc bir sembol\u00fc, \u00f6zenle ve ayr\u0131nt\u0131larla haz\u0131rlanm\u0131\u015f.","breadcrumb":{"@id":"https:\/\/www.purejewels.com\/product\/22ct-gold-hanuman-pendant-51650\/#breadcrumb"},"inLanguage":"tr","potentialAction":[{"@type":"ReadAction","target":["https:\/\/www.purejewels.com\/product\/22ct-gold-hanuman-pendant-51650\/"]}]},{"@type":"ImageObject","inLanguage":"tr","@id":"https:\/\/www.purejewels.com\/product\/22ct-gold-hanuman-pendant-51650\/#primaryimage","url":"https:\/\/static.purejewels.com\/wp-content\/uploads\/2025\/05\/51650.png","contentUrl":"https:\/\/static.purejewels.com\/wp-content\/uploads\/2025\/05\/51650.png","width":1000,"height":1000,"caption":"22ct Gold Hanuman Pendant"},{"@type":"BreadcrumbList","@id":"https:\/\/www.purejewels.com\/product\/22ct-gold-hanuman-pendant-51650\/#breadcrumb","itemListElement":[{"@type":"ListItem","position":1,"name":"Home","item":"https:\/\/www.purejewels.com\/"},{"@type":"ListItem","position":2,"name":"Shop","item":"https:\/\/www.purejewels.com\/shop\/"},{"@type":"ListItem","position":3,"name":"22ct Gold Hanuman Pendant"}]},{"@type":"WebSite","@id":"https:\/\/www.purejewels.com\/#website","url":"https:\/\/www.purejewels.com\/","name":"PureJewels \u0130ngiltere","description":"Sevgiyi Payla\u015f\u0131n","publisher":{"@id":"https:\/\/www.purejewels.com\/#organization"},"potentialAction":[{"@type":"SearchAction","target":{"@type":"EntryPoint","urlTemplate":"https:\/\/www.purejewels.com\/?s={search_term_string}"},"query-input":{"@type":"PropertyValueSpecification","valueRequired":true,"valueName":"search_term_string"}}],"inLanguage":"tr"},{"@type":"Organization","@id":"https:\/\/www.purejewels.com\/#organization","name":"PureJewels \u0130ngiltere","url":"https:\/\/www.purejewels.com\/","logo":{"@type":"ImageObject","inLanguage":"tr","@id":"https:\/\/www.purejewels.com\/#\/schema\/logo\/image\/","url":"https:\/\/static.purejewels.com\/wp-content\/uploads\/2020\/11\/Logo-PJ-New-1.png","contentUrl":"https:\/\/static.purejewels.com\/wp-content\/uploads\/2020\/11\/Logo-PJ-New-1.png","width":150,"height":80,"caption":"PureJewels UK"},"image":{"@id":"https:\/\/www.purejewels.com\/#\/schema\/logo\/image\/"}}]}},"_links":{"self":[{"href":"https:\/\/www.purejewels.com\/tr\/wp-json\/wp\/v2\/product\/394928","targetHints":{"allow":["GET"]}}],"collection":[{"href":"https:\/\/www.purejewels.com\/tr\/wp-json\/wp\/v2\/product"}],"about":[{"href":"https:\/\/www.purejewels.com\/tr\/wp-json\/wp\/v2\/types\/product"}],"replies":[{"embeddable":true,"href":"https:\/\/www.purejewels.com\/tr\/wp-json\/wp\/v2\/comments?post=394928"}],"version-history":[{"count":3,"href":"https:\/\/www.purejewels.com\/tr\/wp-json\/wp\/v2\/product\/394928\/revisions"}],"predecessor-version":[{"id":395263,"href":"https:\/\/www.purejewels.com\/tr\/wp-json\/wp\/v2\/product\/394928\/revisions\/395263"}],"wp:featuredmedia":[{"embeddable":true,"href":"https:\/\/www.purejewels.com\/tr\/wp-json\/wp\/v2\/media\/394933"}],"wp:attachment":[{"href":"https:\/\/www.purejewels.com\/tr\/wp-json\/wp\/v2\/media?parent=394928"}],"wp:term":[{"taxonomy":"product_brand","embeddable":true,"href":"https:\/\/www.purejewels.com\/tr\/wp-json\/wp\/v2\/product_brand?post=394928"},{"taxonomy":"product_cat","embeddable":true,"href":"https:\/\/www.purejewels.com\/tr\/wp-json\/wp\/v2\/product_cat?post=394928"},{"taxonomy":"product_tag","embeddable":true,"href":"https:\/\/www.purejewels.com\/tr\/wp-json\/wp\/v2\/product_tag?post=394928"}],"curies":[{"name":"wp","href":"https:\/\/api.w.org\/{rel}","templated":true}]}}