{"id":395003,"date":"2025-01-05T13:07:16","date_gmt":"2025-01-05T13:07:16","guid":{"rendered":"https:\/\/www.purejewels.com\/?post_type=product&#038;p=395003"},"modified":"2026-04-27T09:19:55","modified_gmt":"2026-04-27T08:19:55","slug":"lord-ganesha-kolye-ucu-22-ayar-altin-51641","status":"publish","type":"product","link":"https:\/\/www.purejewels.com\/tr\/product\/lord-ganesha-pendant-in-22-carat-gold-51641\/","title":{"rendered":"Lord Ganesha 22 Ayar Alt\u0131n Kolye Ucu"},"content":{"rendered":"<p>Bilgeli\u011fin, refah\u0131n ve yeni ba\u015flang\u0131\u00e7lar\u0131n kutsal sembol\u00fc olan 22 Ayar Alt\u0131n Gane\u015f Kolyemizle kutsamalar\u0131 ve ilahi korumay\u0131 \u00e7a\u011f\u0131r\u0131n. Saf 22 ayar sar\u0131 alt\u0131ndan \u00fcretilen ve Lord Ganesha'y\u0131 \u0131\u015f\u0131lt\u0131l\u0131 bir formda g\u00f6steren bu karma\u015f\u0131k detayl\u0131 kolye ucu, g\u00fcnl\u00fck ba\u011fl\u0131l\u0131k veya bayram giysileri i\u00e7in m\u00fckemmeldir. Manevi \u00f6nemi ve zamans\u0131z i\u015f\u00e7ili\u011fi onu \u00f6zel g\u00fcnler veya ki\u015fisel d\u00f6n\u00fcm noktalar\u0131 i\u00e7in ideal bir hediye haline getiriyor. Hafif ve \u00e7ok y\u00f6nl\u00fcd\u00fcr, her uzunluktaki alt\u0131n zincirle g\u00fczel bir uyum sa\u011flar. \u0130ster kalbe yak\u0131n tak\u0131ls\u0131n ister sevgiyle verilsin, bu Ganesh kolye ucu her ayr\u0131nt\u0131s\u0131nda inanc\u0131, gelene\u011fi ve zarafeti temsil eder<\/p>\n<p><b>Aral\u0131k Kimli\u011fi <\/b>JWPNPRCB003TG<br \/>\n<b>SKU:<\/b> 51641, 50997<\/p>","protected":false},"excerpt":{"rendered":"<p>Bilgelik, refah ve ilahi kutsamalar\u0131 simgeleyen zarif 22 Ayar Alt\u0131n Ganesh Kolye.<br \/>\nG\u00fcnl\u00fck adanm\u0131\u015fl\u0131k, hediye etme veya m\u00fccevher koleksiyonunuza kutsal bir dokunu\u015f eklemek i\u00e7in m\u00fckemmeldir.<\/p>\n<p><strong>Malzeme:<\/strong>\u00a022 Ayar Alt\u0131n<strong><br \/>\nHallmark:\u00a0<\/strong>\u0130ngiliz Damgas\u0131<strong><br \/>\n<\/strong><strong>Br\u00fct A\u011f\u0131rl\u0131k: <\/strong>4.69 Gms<strong><br \/>\nSKU: <\/strong>50997, 51641<\/p>\n<p><strong>Fiyat ve Teslimat:<\/strong>KDV ve teslimat \u00fccretleri dahil<strong><br \/>\n<a href=\"https:\/\/www.purejewels.com\/tr\/i%cc%87ade-poli%cc%87ti%cc%87kasi\/\">\u0130ade Politikas\u0131<\/a><\/strong><\/p>","protected":false},"featured_media":395005,"comment_status":"closed","ping_status":"closed","template":"","meta":{"_eb_attr":"","_crsspst_to_jayantr4sg-hostcom":true},"product_brand":[],"product_cat":[1571,5601,1229,1255,1767,1572,1768,1701,5349],"product_tag":[],"class_list":{"0":"post-395003","1":"product","2":"type-product","3":"status-publish","4":"has-post-thumbnail","6":"product_cat-fathers-day-gifts","7":"product_cat-ganesh-pendants","8":"product_cat-22ct-gold-jewellery","9":"product_cat-gold-pendants","10":"product_cat-ladies-pendants","11":"product_cat-mens-jewellery","12":"product_cat-mens-pendants","13":"product_cat-religious-pendants","14":"product_cat-yellow-gold-jewellery","16":"first","17":"instock","18":"taxable","19":"shipping-taxable","20":"purchasable","21":"product-type-simple","22":"add-to-wishlist-before_image"},"yoast_head":"<!-- This site is optimized with the Yoast SEO plugin v27.6 - https:\/\/yoast.com\/product\/yoast-seo-wordpress\/ -->\n<title>Shop online Lord Ganesha Pendant in 22 Carat Gold<\/title>\n<meta name=\"description\" content=\"Celebrate wisdom and auspicious beginnings with our 22ct Gold Lord Ganesha Pendant\u2014crafted with devotion and perfect for thoughtful Diwali gifts.\" \/>\n<meta name=\"robots\" content=\"index, follow, max-snippet:-1, max-image-preview:large, max-video-preview:-1\" \/>\n<link rel=\"canonical\" href=\"https:\/\/www.purejewels.com\/tr\/urun\/lord-ganesha-kolye-ucu-22-ayar-altin-51641\/\" \/>\n<meta property=\"og:locale\" content=\"tr_TR\" \/>\n<meta property=\"og:type\" content=\"article\" \/>\n<meta property=\"og:title\" content=\"Shop online Lord Ganesha Pendant in 22 Carat Gold\" \/>\n<meta property=\"og:description\" content=\"Celebrate wisdom and auspicious beginnings with our 22ct Gold Lord Ganesha Pendant\u2014crafted with devotion and perfect for thoughtful Diwali gifts.\" \/>\n<meta property=\"og:url\" content=\"https:\/\/www.purejewels.com\/tr\/urun\/lord-ganesha-kolye-ucu-22-ayar-altin-51641\/\" \/>\n<meta property=\"og:site_name\" content=\"PureJewels UK\" \/>\n<meta property=\"article:modified_time\" content=\"2026-04-27T08:19:55+00:00\" \/>\n<meta property=\"og:image\" content=\"https:\/\/static.purejewels.com\/wp-content\/uploads\/2025\/05\/50997.png\" \/>\n\t<meta property=\"og:image:width\" content=\"1000\" \/>\n\t<meta property=\"og:image:height\" content=\"1000\" \/>\n\t<meta property=\"og:image:type\" content=\"image\/png\" \/>\n<meta name=\"twitter:card\" content=\"summary_large_image\" \/>\n<meta name=\"twitter:label1\" content=\"Tahmini okuma s\u00fcresi\" \/>\n\t<meta name=\"twitter:data1\" content=\"1 dakika\" \/>\n<script type=\"application\/ld+json\" class=\"yoast-schema-graph\">{\"@context\":\"https:\\\/\\\/schema.org\",\"@graph\":[{\"@type\":[\"WebPage\",\"ItemPage\"],\"@id\":\"https:\\\/\\\/www.purejewels.com\\\/product\\\/lord-ganesha-pendant-in-22-carat-gold-51641\\\/\",\"url\":\"https:\\\/\\\/www.purejewels.com\\\/product\\\/lord-ganesha-pendant-in-22-carat-gold-51641\\\/\",\"name\":\"Shop online Lord Ganesha Pendant in 22 Carat Gold\",\"isPartOf\":{\"@id\":\"https:\\\/\\\/www.purejewels.com\\\/#website\"},\"primaryImageOfPage\":{\"@id\":\"https:\\\/\\\/www.purejewels.com\\\/product\\\/lord-ganesha-pendant-in-22-carat-gold-51641\\\/#primaryimage\"},\"image\":{\"@id\":\"https:\\\/\\\/www.purejewels.com\\\/product\\\/lord-ganesha-pendant-in-22-carat-gold-51641\\\/#primaryimage\"},\"thumbnailUrl\":\"https:\\\/\\\/static.purejewels.com\\\/wp-content\\\/uploads\\\/2025\\\/05\\\/50997.png\",\"datePublished\":\"2025-01-05T13:07:16+00:00\",\"dateModified\":\"2026-04-27T08:19:55+00:00\",\"description\":\"Celebrate wisdom and auspicious beginnings with our 22ct Gold Lord Ganesha Pendant\u2014crafted with devotion and perfect for thoughtful Diwali gifts.\",\"breadcrumb\":{\"@id\":\"https:\\\/\\\/www.purejewels.com\\\/product\\\/lord-ganesha-pendant-in-22-carat-gold-51641\\\/#breadcrumb\"},\"inLanguage\":\"tr\",\"potentialAction\":[{\"@type\":\"ReadAction\",\"target\":[\"https:\\\/\\\/www.purejewels.com\\\/product\\\/lord-ganesha-pendant-in-22-carat-gold-51641\\\/\"]}]},{\"@type\":\"ImageObject\",\"inLanguage\":\"tr\",\"@id\":\"https:\\\/\\\/www.purejewels.com\\\/product\\\/lord-ganesha-pendant-in-22-carat-gold-51641\\\/#primaryimage\",\"url\":\"https:\\\/\\\/static.purejewels.com\\\/wp-content\\\/uploads\\\/2025\\\/05\\\/50997.png\",\"contentUrl\":\"https:\\\/\\\/static.purejewels.com\\\/wp-content\\\/uploads\\\/2025\\\/05\\\/50997.png\",\"width\":1000,\"height\":1000,\"caption\":\"Lord Ganesha Pendant in 22 Carat Gold\"},{\"@type\":\"BreadcrumbList\",\"@id\":\"https:\\\/\\\/www.purejewels.com\\\/product\\\/lord-ganesha-pendant-in-22-carat-gold-51641\\\/#breadcrumb\",\"itemListElement\":[{\"@type\":\"ListItem\",\"position\":1,\"name\":\"Home\",\"item\":\"https:\\\/\\\/www.purejewels.com\\\/\"},{\"@type\":\"ListItem\",\"position\":2,\"name\":\"Shop\",\"item\":\"https:\\\/\\\/www.purejewels.com\\\/shop\\\/\"},{\"@type\":\"ListItem\",\"position\":3,\"name\":\"Lord Ganesha Pendant in 22 Carat Gold\"}]},{\"@type\":\"WebSite\",\"@id\":\"https:\\\/\\\/www.purejewels.com\\\/#website\",\"url\":\"https:\\\/\\\/www.purejewels.com\\\/\",\"name\":\"PureJewels UK\",\"description\":\"Share the Love\",\"publisher\":{\"@id\":\"https:\\\/\\\/www.purejewels.com\\\/#organization\"},\"potentialAction\":[{\"@type\":\"SearchAction\",\"target\":{\"@type\":\"EntryPoint\",\"urlTemplate\":\"https:\\\/\\\/www.purejewels.com\\\/?s={search_term_string}\"},\"query-input\":{\"@type\":\"PropertyValueSpecification\",\"valueRequired\":true,\"valueName\":\"search_term_string\"}}],\"inLanguage\":\"tr\"},{\"@type\":\"Organization\",\"@id\":\"https:\\\/\\\/www.purejewels.com\\\/#organization\",\"name\":\"PureJewels UK\",\"url\":\"https:\\\/\\\/www.purejewels.com\\\/\",\"logo\":{\"@type\":\"ImageObject\",\"inLanguage\":\"tr\",\"@id\":\"https:\\\/\\\/www.purejewels.com\\\/#\\\/schema\\\/logo\\\/image\\\/\",\"url\":\"https:\\\/\\\/static.purejewels.com\\\/wp-content\\\/uploads\\\/2020\\\/11\\\/Logo-PJ-New-1.png\",\"contentUrl\":\"https:\\\/\\\/static.purejewels.com\\\/wp-content\\\/uploads\\\/2020\\\/11\\\/Logo-PJ-New-1.png\",\"width\":150,\"height\":80,\"caption\":\"PureJewels UK\"},\"image\":{\"@id\":\"https:\\\/\\\/www.purejewels.com\\\/#\\\/schema\\\/logo\\\/image\\\/\"}}]}<\/script>\n<!-- \/ Yoast SEO plugin. -->","yoast_head_json":{"title":"Online al\u0131\u015fveri\u015f 22 Ayar Alt\u0131n Lord Ganesha Kolye","description":"Bilgeli\u011fi ve u\u011furlu ba\u015flang\u0131\u00e7lar\u0131 22 Ayar Alt\u0131n Lord Ganesha Kolyemizle kutlay\u0131n - ba\u011fl\u0131l\u0131kla haz\u0131rlanm\u0131\u015f ve d\u00fc\u015f\u00fcnceli Diwali hediyeleri i\u00e7in m\u00fckemmel.","robots":{"index":"index","follow":"follow","max-snippet":"max-snippet:-1","max-image-preview":"max-image-preview:large","max-video-preview":"max-video-preview:-1"},"canonical":"https:\/\/www.purejewels.com\/tr\/urun\/lord-ganesha-kolye-ucu-22-ayar-altin-51641\/","og_locale":"tr_TR","og_type":"article","og_title":"Shop online Lord Ganesha Pendant in 22 Carat Gold","og_description":"Celebrate wisdom and auspicious beginnings with our 22ct Gold Lord Ganesha Pendant\u2014crafted with devotion and perfect for thoughtful Diwali gifts.","og_url":"https:\/\/www.purejewels.com\/tr\/urun\/lord-ganesha-kolye-ucu-22-ayar-altin-51641\/","og_site_name":"PureJewels UK","article_modified_time":"2026-04-27T08:19:55+00:00","og_image":[{"width":1000,"height":1000,"url":"https:\/\/static.purejewels.com\/wp-content\/uploads\/2025\/05\/50997.png","type":"image\/png"}],"twitter_card":"summary_large_image","twitter_misc":{"Tahmini okuma s\u00fcresi":"1 dakika"},"schema":{"@context":"https:\/\/schema.org","@graph":[{"@type":["WebPage","ItemPage"],"@id":"https:\/\/www.purejewels.com\/product\/lord-ganesha-pendant-in-22-carat-gold-51641\/","url":"https:\/\/www.purejewels.com\/product\/lord-ganesha-pendant-in-22-carat-gold-51641\/","name":"Online al\u0131\u015fveri\u015f 22 Ayar Alt\u0131n Lord Ganesha Kolye","isPartOf":{"@id":"https:\/\/www.purejewels.com\/#website"},"primaryImageOfPage":{"@id":"https:\/\/www.purejewels.com\/product\/lord-ganesha-pendant-in-22-carat-gold-51641\/#primaryimage"},"image":{"@id":"https:\/\/www.purejewels.com\/product\/lord-ganesha-pendant-in-22-carat-gold-51641\/#primaryimage"},"thumbnailUrl":"https:\/\/static.purejewels.com\/wp-content\/uploads\/2025\/05\/50997.png","datePublished":"2025-01-05T13:07:16+00:00","dateModified":"2026-04-27T08:19:55+00:00","description":"Bilgeli\u011fi ve u\u011furlu ba\u015flang\u0131\u00e7lar\u0131 22 Ayar Alt\u0131n Lord Ganesha Kolyemizle kutlay\u0131n - ba\u011fl\u0131l\u0131kla haz\u0131rlanm\u0131\u015f ve d\u00fc\u015f\u00fcnceli Diwali hediyeleri i\u00e7in m\u00fckemmel.","breadcrumb":{"@id":"https:\/\/www.purejewels.com\/product\/lord-ganesha-pendant-in-22-carat-gold-51641\/#breadcrumb"},"inLanguage":"tr","potentialAction":[{"@type":"ReadAction","target":["https:\/\/www.purejewels.com\/product\/lord-ganesha-pendant-in-22-carat-gold-51641\/"]}]},{"@type":"ImageObject","inLanguage":"tr","@id":"https:\/\/www.purejewels.com\/product\/lord-ganesha-pendant-in-22-carat-gold-51641\/#primaryimage","url":"https:\/\/static.purejewels.com\/wp-content\/uploads\/2025\/05\/50997.png","contentUrl":"https:\/\/static.purejewels.com\/wp-content\/uploads\/2025\/05\/50997.png","width":1000,"height":1000,"caption":"Lord Ganesha Pendant in 22 Carat Gold"},{"@type":"BreadcrumbList","@id":"https:\/\/www.purejewels.com\/product\/lord-ganesha-pendant-in-22-carat-gold-51641\/#breadcrumb","itemListElement":[{"@type":"ListItem","position":1,"name":"Home","item":"https:\/\/www.purejewels.com\/"},{"@type":"ListItem","position":2,"name":"Shop","item":"https:\/\/www.purejewels.com\/shop\/"},{"@type":"ListItem","position":3,"name":"Lord Ganesha Pendant in 22 Carat Gold"}]},{"@type":"WebSite","@id":"https:\/\/www.purejewels.com\/#website","url":"https:\/\/www.purejewels.com\/","name":"PureJewels \u0130ngiltere","description":"Sevgiyi Payla\u015f\u0131n","publisher":{"@id":"https:\/\/www.purejewels.com\/#organization"},"potentialAction":[{"@type":"SearchAction","target":{"@type":"EntryPoint","urlTemplate":"https:\/\/www.purejewels.com\/?s={search_term_string}"},"query-input":{"@type":"PropertyValueSpecification","valueRequired":true,"valueName":"search_term_string"}}],"inLanguage":"tr"},{"@type":"Organization","@id":"https:\/\/www.purejewels.com\/#organization","name":"PureJewels \u0130ngiltere","url":"https:\/\/www.purejewels.com\/","logo":{"@type":"ImageObject","inLanguage":"tr","@id":"https:\/\/www.purejewels.com\/#\/schema\/logo\/image\/","url":"https:\/\/static.purejewels.com\/wp-content\/uploads\/2020\/11\/Logo-PJ-New-1.png","contentUrl":"https:\/\/static.purejewels.com\/wp-content\/uploads\/2020\/11\/Logo-PJ-New-1.png","width":150,"height":80,"caption":"PureJewels UK"},"image":{"@id":"https:\/\/www.purejewels.com\/#\/schema\/logo\/image\/"}}]}},"_links":{"self":[{"href":"https:\/\/www.purejewels.com\/tr\/wp-json\/wp\/v2\/product\/395003","targetHints":{"allow":["GET"]}}],"collection":[{"href":"https:\/\/www.purejewels.com\/tr\/wp-json\/wp\/v2\/product"}],"about":[{"href":"https:\/\/www.purejewels.com\/tr\/wp-json\/wp\/v2\/types\/product"}],"replies":[{"embeddable":true,"href":"https:\/\/www.purejewels.com\/tr\/wp-json\/wp\/v2\/comments?post=395003"}],"version-history":[{"count":3,"href":"https:\/\/www.purejewels.com\/tr\/wp-json\/wp\/v2\/product\/395003\/revisions"}],"predecessor-version":[{"id":416892,"href":"https:\/\/www.purejewels.com\/tr\/wp-json\/wp\/v2\/product\/395003\/revisions\/416892"}],"wp:featuredmedia":[{"embeddable":true,"href":"https:\/\/www.purejewels.com\/tr\/wp-json\/wp\/v2\/media\/395005"}],"wp:attachment":[{"href":"https:\/\/www.purejewels.com\/tr\/wp-json\/wp\/v2\/media?parent=395003"}],"wp:term":[{"taxonomy":"product_brand","embeddable":true,"href":"https:\/\/www.purejewels.com\/tr\/wp-json\/wp\/v2\/product_brand?post=395003"},{"taxonomy":"product_cat","embeddable":true,"href":"https:\/\/www.purejewels.com\/tr\/wp-json\/wp\/v2\/product_cat?post=395003"},{"taxonomy":"product_tag","embeddable":true,"href":"https:\/\/www.purejewels.com\/tr\/wp-json\/wp\/v2\/product_tag?post=395003"}],"curies":[{"name":"wp","href":"https:\/\/api.w.org\/{rel}","templated":true}]}}