{"id":395007,"date":"2025-09-29T13:29:49","date_gmt":"2025-09-29T12:29:49","guid":{"rendered":"https:\/\/www.purejewels.com\/?post_type=product&#038;p=395007"},"modified":"2026-01-06T07:30:20","modified_gmt":"2026-01-06T07:30:20","slug":"22-ayar-altin-ganesh-kolye-ucu-uk-51640","status":"publish","type":"product","link":"https:\/\/www.purejewels.com\/tr\/product\/22ct-gold-ganesh-pendant-uk-51640\/","title":{"rendered":"22 Ayar Alt\u0131n Ganesh Kolye \u0130ngiltere"},"content":{"rendered":"<p data-start=\"126\" data-end=\"388\"><strong data-start=\"126\" data-end=\"136\">Tasar\u0131m<\/strong><br data-start=\"136\" data-end=\"139\" \/>22 Ayar Alt\u0131n Ganesh Kolye, Lord Ganesha'n\u0131n ilahi varl\u0131\u011f\u0131n\u0131 rafine bir sanatla yans\u0131t\u0131yor. Saf alt\u0131ndan yontulan kolye ucu, Ganesha'n\u0131n bilgelik, koruma ve yeni ba\u015flang\u0131\u00e7lar\u0131 simgeleyen dingin formunu vurgulayan hassas hatlara sahiptir.<\/p>\n<p data-start=\"390\" data-end=\"647\"><strong data-start=\"390\" data-end=\"407\">Zanaatkarl\u0131k<\/strong><br data-start=\"407\" data-end=\"410\" \/>22 ayar alt\u0131ndan \u00fcretilen ve Londra'da damgalanan her bir kolye ucu, \u0131\u015f\u0131lt\u0131l\u0131 parlakl\u0131\u011f\u0131n\u0131 ve ince ayr\u0131nt\u0131lar\u0131n\u0131 ortaya \u00e7\u0131karmak i\u00e7in hassasiyetle tamamlanm\u0131\u015ft\u0131r. Hafif ve takmas\u0131 rahat olan bu kolye, gelenek ve modern i\u015f\u00e7ili\u011fin dengesini yans\u0131t\u0131yor.<\/p>\n<p data-start=\"649\" data-end=\"883\"><strong data-start=\"649\" data-end=\"670\">\u015eekillendirme &amp; Hediyele\u015fme<\/strong><br data-start=\"670\" data-end=\"673\" \/>A\u015fa\u011f\u0131dakiler gibi u\u011furlu g\u00fcnler i\u00e7in m\u00fckemmeldir <strong data-start=\"714\" data-end=\"755\">Ganesh Chaturthi, Diwali veya d\u00fc\u011f\u00fcnler<\/strong>Bu kolye, sare ve bayram k\u0131yafetleriyle \u00e7ok g\u00fczel uyum sa\u011flar. Bereket, refah ve ba\u011fl\u0131l\u0131\u011f\u0131 i\u015faret eden anlaml\u0131 bir hediye.<\/p>\n<p><b>Aral\u0131k Kimli\u011fi <\/b>JWPNPRCB001TGCS<br \/>\n<b>SKU:<\/b> 51640, 50995<\/p>","protected":false},"excerpt":{"rendered":"<p>Bilgelik, refah ve ilahi kutsamalar\u0131 simgeleyen zarif 22 Ayar Alt\u0131n Ganesh Kolye.<br data-start=\"1134\" data-end=\"1137\" \/>G\u00fcnl\u00fck adanm\u0131\u015fl\u0131k, hediye etme veya m\u00fccevher koleksiyonunuza kutsal bir dokunu\u015f eklemek i\u00e7in m\u00fckemmeldir.<\/p>\n<p><strong>Malzeme:<\/strong>\u00a022 Ayar Alt\u0131n<strong><br \/>\nHallmark:\u00a0<\/strong>\u0130ngiliz Damgas\u0131<strong><br \/>\n<\/strong><strong>Br\u00fct A\u011f\u0131rl\u0131k: <\/strong>1.08 Gms<strong><br \/>\nSKU: <\/strong>50995, 51640<\/p>\n<p><strong>Fiyat ve Teslimat: <\/strong>Zincir fiyat\u0131 dahil de\u011fildir, KDV ve teslimat \u00fccretleri dahildir<strong><br \/>\n<a href=\"https:\/\/www.purejewels.com\/tr\/i%cc%87ade-poli%cc%87ti%cc%87kasi\/\">\u0130ade Politikas\u0131<\/a><\/strong><\/p>","protected":false},"featured_media":407897,"comment_status":"closed","ping_status":"closed","template":"","meta":{"_eb_attr":"","_crsspst_to_jayantr4sg-hostcom":false},"product_brand":[],"product_cat":[1793,1792,5601,1229,1255,5342,1767,1572,1768,5338,1701,5349],"product_tag":[],"class_list":{"0":"post-395007","1":"product","2":"type-product","3":"status-publish","4":"has-post-thumbnail","6":"product_cat-diwali-gifts","7":"product_cat-festival-gifts","8":"product_cat-ganesh-pendants","9":"product_cat-22ct-gold-jewellery","10":"product_cat-gold-pendants","11":"product_cat-jewellery-under-250","12":"product_cat-ladies-pendants","13":"product_cat-mens-jewellery","14":"product_cat-mens-pendants","15":"product_cat-shop-by-price","16":"product_cat-religious-pendants","17":"product_cat-yellow-gold-jewellery","19":"first","20":"outofstock","21":"taxable","22":"shipping-taxable","23":"product-type-simple","24":"add-to-wishlist-before_image"},"yoast_head":"<!-- This site is optimized with the Yoast SEO plugin v27.5 - https:\/\/yoast.com\/product\/yoast-seo-wordpress\/ -->\n<title>Purchase online 22ct Gold Ganesh Pendant UK | PureJewels<\/title>\n<meta name=\"description\" content=\"Shop your 22ct Gold Ganesh Pendant online at PureJewels UK\u2014a sacred symbol of wisdom and protection, beautifully handcrafted and perfect for Diwali gift ideas.\" \/>\n<meta name=\"robots\" content=\"index, follow, max-snippet:-1, max-image-preview:large, max-video-preview:-1\" \/>\n<link rel=\"canonical\" href=\"https:\/\/www.purejewels.com\/tr\/urun\/22-ayar-altin-ganesh-kolye-ucu-uk-51640\/\" \/>\n<meta property=\"og:locale\" content=\"tr_TR\" \/>\n<meta property=\"og:type\" content=\"article\" \/>\n<meta property=\"og:title\" content=\"Purchase online 22ct Gold Ganesh Pendant UK | PureJewels\" \/>\n<meta property=\"og:description\" content=\"Shop your 22ct Gold Ganesh Pendant online at PureJewels UK\u2014a sacred symbol of wisdom and protection, beautifully handcrafted and perfect for Diwali gift ideas.\" \/>\n<meta property=\"og:url\" content=\"https:\/\/www.purejewels.com\/tr\/urun\/22-ayar-altin-ganesh-kolye-ucu-uk-51640\/\" \/>\n<meta property=\"og:site_name\" content=\"PureJewels UK\" \/>\n<meta property=\"article:modified_time\" content=\"2026-01-06T07:30:20+00:00\" \/>\n<meta property=\"og:image\" content=\"https:\/\/www.purejewels.com\/wp-content\/uploads\/2025\/02\/SKU-51640.jpg\" \/>\n\t<meta property=\"og:image:width\" content=\"1000\" \/>\n\t<meta property=\"og:image:height\" content=\"1000\" \/>\n\t<meta property=\"og:image:type\" content=\"image\/jpeg\" \/>\n<meta name=\"twitter:card\" content=\"summary_large_image\" \/>\n<meta name=\"twitter:label1\" content=\"Tahmini okuma s\u00fcresi\" \/>\n\t<meta name=\"twitter:data1\" content=\"1 dakika\" \/>\n<script type=\"application\/ld+json\" class=\"yoast-schema-graph\">{\"@context\":\"https:\\\/\\\/schema.org\",\"@graph\":[{\"@type\":[\"WebPage\",\"ItemPage\"],\"@id\":\"https:\\\/\\\/www.purejewels.com\\\/product\\\/22ct-gold-ganesh-pendant-uk-51640\\\/\",\"url\":\"https:\\\/\\\/www.purejewels.com\\\/product\\\/22ct-gold-ganesh-pendant-uk-51640\\\/\",\"name\":\"Purchase online 22ct Gold Ganesh Pendant UK | PureJewels\",\"isPartOf\":{\"@id\":\"https:\\\/\\\/www.purejewels.com\\\/#website\"},\"primaryImageOfPage\":{\"@id\":\"https:\\\/\\\/www.purejewels.com\\\/product\\\/22ct-gold-ganesh-pendant-uk-51640\\\/#primaryimage\"},\"image\":{\"@id\":\"https:\\\/\\\/www.purejewels.com\\\/product\\\/22ct-gold-ganesh-pendant-uk-51640\\\/#primaryimage\"},\"thumbnailUrl\":\"https:\\\/\\\/static.purejewels.com\\\/wp-content\\\/uploads\\\/2025\\\/02\\\/SKU-51640.jpg\",\"datePublished\":\"2025-09-29T12:29:49+00:00\",\"dateModified\":\"2026-01-06T07:30:20+00:00\",\"description\":\"Shop your 22ct Gold Ganesh Pendant online at PureJewels UK\u2014a sacred symbol of wisdom and protection, beautifully handcrafted and perfect for Diwali gift ideas.\",\"breadcrumb\":{\"@id\":\"https:\\\/\\\/www.purejewels.com\\\/product\\\/22ct-gold-ganesh-pendant-uk-51640\\\/#breadcrumb\"},\"inLanguage\":\"tr\",\"potentialAction\":[{\"@type\":\"ReadAction\",\"target\":[\"https:\\\/\\\/www.purejewels.com\\\/product\\\/22ct-gold-ganesh-pendant-uk-51640\\\/\"]}]},{\"@type\":\"ImageObject\",\"inLanguage\":\"tr\",\"@id\":\"https:\\\/\\\/www.purejewels.com\\\/product\\\/22ct-gold-ganesh-pendant-uk-51640\\\/#primaryimage\",\"url\":\"https:\\\/\\\/static.purejewels.com\\\/wp-content\\\/uploads\\\/2025\\\/02\\\/SKU-51640.jpg\",\"contentUrl\":\"https:\\\/\\\/static.purejewels.com\\\/wp-content\\\/uploads\\\/2025\\\/02\\\/SKU-51640.jpg\",\"width\":1000,\"height\":1000,\"caption\":\"51640\"},{\"@type\":\"BreadcrumbList\",\"@id\":\"https:\\\/\\\/www.purejewels.com\\\/product\\\/22ct-gold-ganesh-pendant-uk-51640\\\/#breadcrumb\",\"itemListElement\":[{\"@type\":\"ListItem\",\"position\":1,\"name\":\"Home\",\"item\":\"https:\\\/\\\/www.purejewels.com\\\/\"},{\"@type\":\"ListItem\",\"position\":2,\"name\":\"Shop\",\"item\":\"https:\\\/\\\/www.purejewels.com\\\/shop\\\/\"},{\"@type\":\"ListItem\",\"position\":3,\"name\":\"22ct Gold Ganesh Pendant UK\"}]},{\"@type\":\"WebSite\",\"@id\":\"https:\\\/\\\/www.purejewels.com\\\/#website\",\"url\":\"https:\\\/\\\/www.purejewels.com\\\/\",\"name\":\"PureJewels UK\",\"description\":\"Share the Love\",\"publisher\":{\"@id\":\"https:\\\/\\\/www.purejewels.com\\\/#organization\"},\"potentialAction\":[{\"@type\":\"SearchAction\",\"target\":{\"@type\":\"EntryPoint\",\"urlTemplate\":\"https:\\\/\\\/www.purejewels.com\\\/?s={search_term_string}\"},\"query-input\":{\"@type\":\"PropertyValueSpecification\",\"valueRequired\":true,\"valueName\":\"search_term_string\"}}],\"inLanguage\":\"tr\"},{\"@type\":\"Organization\",\"@id\":\"https:\\\/\\\/www.purejewels.com\\\/#organization\",\"name\":\"PureJewels UK\",\"url\":\"https:\\\/\\\/www.purejewels.com\\\/\",\"logo\":{\"@type\":\"ImageObject\",\"inLanguage\":\"tr\",\"@id\":\"https:\\\/\\\/www.purejewels.com\\\/#\\\/schema\\\/logo\\\/image\\\/\",\"url\":\"https:\\\/\\\/static.purejewels.com\\\/wp-content\\\/uploads\\\/2020\\\/11\\\/Logo-PJ-New-1.png\",\"contentUrl\":\"https:\\\/\\\/static.purejewels.com\\\/wp-content\\\/uploads\\\/2020\\\/11\\\/Logo-PJ-New-1.png\",\"width\":150,\"height\":80,\"caption\":\"PureJewels UK\"},\"image\":{\"@id\":\"https:\\\/\\\/www.purejewels.com\\\/#\\\/schema\\\/logo\\\/image\\\/\"}}]}<\/script>\n<!-- \/ Yoast SEO plugin. -->","yoast_head_json":{"title":"Online sat\u0131n al 22 Ayar Alt\u0131n Ganesh Kolye \u0130ngiltere | PureJewels","description":"22 Ayar Alt\u0131n Ganesh Kolyenizi PureJewels UK'de online olarak sat\u0131n al\u0131n - bilgelik ve koruman\u0131n kutsal sembol\u00fc, g\u00fczel el i\u015f\u00e7ili\u011fi ve Diwali hediye fikirleri i\u00e7in m\u00fckemmel.","robots":{"index":"index","follow":"follow","max-snippet":"max-snippet:-1","max-image-preview":"max-image-preview:large","max-video-preview":"max-video-preview:-1"},"canonical":"https:\/\/www.purejewels.com\/tr\/urun\/22-ayar-altin-ganesh-kolye-ucu-uk-51640\/","og_locale":"tr_TR","og_type":"article","og_title":"Purchase online 22ct Gold Ganesh Pendant UK | PureJewels","og_description":"Shop your 22ct Gold Ganesh Pendant online at PureJewels UK\u2014a sacred symbol of wisdom and protection, beautifully handcrafted and perfect for Diwali gift ideas.","og_url":"https:\/\/www.purejewels.com\/tr\/urun\/22-ayar-altin-ganesh-kolye-ucu-uk-51640\/","og_site_name":"PureJewels UK","article_modified_time":"2026-01-06T07:30:20+00:00","og_image":[{"width":1000,"height":1000,"url":"https:\/\/www.purejewels.com\/wp-content\/uploads\/2025\/02\/SKU-51640.jpg","type":"image\/jpeg"}],"twitter_card":"summary_large_image","twitter_misc":{"Tahmini okuma s\u00fcresi":"1 dakika"},"schema":{"@context":"https:\/\/schema.org","@graph":[{"@type":["WebPage","ItemPage"],"@id":"https:\/\/www.purejewels.com\/product\/22ct-gold-ganesh-pendant-uk-51640\/","url":"https:\/\/www.purejewels.com\/product\/22ct-gold-ganesh-pendant-uk-51640\/","name":"Online sat\u0131n al 22 Ayar Alt\u0131n Ganesh Kolye \u0130ngiltere | PureJewels","isPartOf":{"@id":"https:\/\/www.purejewels.com\/#website"},"primaryImageOfPage":{"@id":"https:\/\/www.purejewels.com\/product\/22ct-gold-ganesh-pendant-uk-51640\/#primaryimage"},"image":{"@id":"https:\/\/www.purejewels.com\/product\/22ct-gold-ganesh-pendant-uk-51640\/#primaryimage"},"thumbnailUrl":"https:\/\/static.purejewels.com\/wp-content\/uploads\/2025\/02\/SKU-51640.jpg","datePublished":"2025-09-29T12:29:49+00:00","dateModified":"2026-01-06T07:30:20+00:00","description":"22 Ayar Alt\u0131n Ganesh Kolyenizi PureJewels UK'de online olarak sat\u0131n al\u0131n - bilgelik ve koruman\u0131n kutsal sembol\u00fc, g\u00fczel el i\u015f\u00e7ili\u011fi ve Diwali hediye fikirleri i\u00e7in m\u00fckemmel.","breadcrumb":{"@id":"https:\/\/www.purejewels.com\/product\/22ct-gold-ganesh-pendant-uk-51640\/#breadcrumb"},"inLanguage":"tr","potentialAction":[{"@type":"ReadAction","target":["https:\/\/www.purejewels.com\/product\/22ct-gold-ganesh-pendant-uk-51640\/"]}]},{"@type":"ImageObject","inLanguage":"tr","@id":"https:\/\/www.purejewels.com\/product\/22ct-gold-ganesh-pendant-uk-51640\/#primaryimage","url":"https:\/\/static.purejewels.com\/wp-content\/uploads\/2025\/02\/SKU-51640.jpg","contentUrl":"https:\/\/static.purejewels.com\/wp-content\/uploads\/2025\/02\/SKU-51640.jpg","width":1000,"height":1000,"caption":"51640"},{"@type":"BreadcrumbList","@id":"https:\/\/www.purejewels.com\/product\/22ct-gold-ganesh-pendant-uk-51640\/#breadcrumb","itemListElement":[{"@type":"ListItem","position":1,"name":"Home","item":"https:\/\/www.purejewels.com\/"},{"@type":"ListItem","position":2,"name":"Shop","item":"https:\/\/www.purejewels.com\/shop\/"},{"@type":"ListItem","position":3,"name":"22ct Gold Ganesh Pendant UK"}]},{"@type":"WebSite","@id":"https:\/\/www.purejewels.com\/#website","url":"https:\/\/www.purejewels.com\/","name":"PureJewels \u0130ngiltere","description":"Sevgiyi Payla\u015f\u0131n","publisher":{"@id":"https:\/\/www.purejewels.com\/#organization"},"potentialAction":[{"@type":"SearchAction","target":{"@type":"EntryPoint","urlTemplate":"https:\/\/www.purejewels.com\/?s={search_term_string}"},"query-input":{"@type":"PropertyValueSpecification","valueRequired":true,"valueName":"search_term_string"}}],"inLanguage":"tr"},{"@type":"Organization","@id":"https:\/\/www.purejewels.com\/#organization","name":"PureJewels \u0130ngiltere","url":"https:\/\/www.purejewels.com\/","logo":{"@type":"ImageObject","inLanguage":"tr","@id":"https:\/\/www.purejewels.com\/#\/schema\/logo\/image\/","url":"https:\/\/static.purejewels.com\/wp-content\/uploads\/2020\/11\/Logo-PJ-New-1.png","contentUrl":"https:\/\/static.purejewels.com\/wp-content\/uploads\/2020\/11\/Logo-PJ-New-1.png","width":150,"height":80,"caption":"PureJewels UK"},"image":{"@id":"https:\/\/www.purejewels.com\/#\/schema\/logo\/image\/"}}]}},"_links":{"self":[{"href":"https:\/\/www.purejewels.com\/tr\/wp-json\/wp\/v2\/product\/395007","targetHints":{"allow":["GET"]}}],"collection":[{"href":"https:\/\/www.purejewels.com\/tr\/wp-json\/wp\/v2\/product"}],"about":[{"href":"https:\/\/www.purejewels.com\/tr\/wp-json\/wp\/v2\/types\/product"}],"replies":[{"embeddable":true,"href":"https:\/\/www.purejewels.com\/tr\/wp-json\/wp\/v2\/comments?post=395007"}],"version-history":[{"count":4,"href":"https:\/\/www.purejewels.com\/tr\/wp-json\/wp\/v2\/product\/395007\/revisions"}],"predecessor-version":[{"id":418498,"href":"https:\/\/www.purejewels.com\/tr\/wp-json\/wp\/v2\/product\/395007\/revisions\/418498"}],"wp:featuredmedia":[{"embeddable":true,"href":"https:\/\/www.purejewels.com\/tr\/wp-json\/wp\/v2\/media\/407897"}],"wp:attachment":[{"href":"https:\/\/www.purejewels.com\/tr\/wp-json\/wp\/v2\/media?parent=395007"}],"wp:term":[{"taxonomy":"product_brand","embeddable":true,"href":"https:\/\/www.purejewels.com\/tr\/wp-json\/wp\/v2\/product_brand?post=395007"},{"taxonomy":"product_cat","embeddable":true,"href":"https:\/\/www.purejewels.com\/tr\/wp-json\/wp\/v2\/product_cat?post=395007"},{"taxonomy":"product_tag","embeddable":true,"href":"https:\/\/www.purejewels.com\/tr\/wp-json\/wp\/v2\/product_tag?post=395007"}],"curies":[{"name":"wp","href":"https:\/\/api.w.org\/{rel}","templated":true}]}}