{"id":395105,"date":"2025-01-06T06:52:59","date_gmt":"2025-01-06T06:52:59","guid":{"rendered":"https:\/\/www.purejewels.com\/?post_type=product&#038;p=395105"},"modified":"2026-02-04T04:09:27","modified_gmt":"2026-02-04T04:09:27","slug":"lord-hanuman-kolye-ucu-22-ayar-altin-51029","status":"publish","type":"product","link":"https:\/\/www.purejewels.com\/tr\/product\/lord-hanuman-pendant-in-22-carat-gold-51029\/","title":{"rendered":"Dronagiri Parakram Hanuman Kolye Ucu"},"content":{"rendered":"<p>\u0130lahi g\u00fcc\u00fc ve sars\u0131lmaz ba\u011fl\u0131l\u0131\u011f\u0131m\u0131z\u0131 <strong data-start=\"275\" data-end=\"304\">Dronagiri Hanuman Kolye Ucu<\/strong>titizlikle haz\u0131rlanm\u0131\u015f \u0131\u015f\u0131lt\u0131l\u0131 <strong data-start=\"338\" data-end=\"351\">22 ayar alt\u0131n<\/strong>. Lord Hanuman'\u0131n g\u00f6ky\u00fcz\u00fcnde s\u00fcz\u00fcld\u00fc\u011f\u00fc efsanevi an\u0131 tasvir eden <strong data-start=\"439\" data-end=\"459\">Dronagiri Parvat<\/strong>bu kolye ucu g\u00fc\u00e7l\u00fc bir sembol\u00fcd\u00fcr. <strong data-start=\"498\" data-end=\"534\">cesaret, sadakat ve koruma<\/strong>.<\/p>\n<p>Yak\u0131n olarak tak\u0131n <strong data-start=\"888\" data-end=\"914\">esenli\u011fin koruyucusu<\/strong>ya da bir l\u00fctuf olarak <strong data-start=\"944\" data-end=\"976\">ilahi enerji ve esneklik<\/strong>.<\/p>","protected":false},"excerpt":{"rendered":"<p>Koruma ve cesaretin g\u00fc\u00e7l\u00fc bir sembol\u00fc olan bu 22 Ayar Alt\u0131n Hanuman Kolye ile g\u00fc\u00e7 ve ba\u011fl\u0131l\u0131k \u00e7a\u011fr\u0131s\u0131 yap\u0131n. G\u00fcnl\u00fck ibadet ve ruhani hediyeler i\u00e7in idealdir.<\/p>\n<p><strong>Malzeme:<\/strong>\u00a022 Ayar Alt\u0131n<strong><br \/>\nHallmark:\u00a0<\/strong>\u0130ngiliz Damgas\u0131<strong><br \/>\n<\/strong><strong>Br\u00fct A\u011f\u0131rl\u0131k: <\/strong>1.92 Gms<strong><br \/>\nSKU: <\/strong>51029<\/p>\n<p><strong>Fiyat ve Teslimat: <\/strong>Zincir fiyat\u0131 dahil de\u011fildir, KDV ve teslimat \u00fccretleri dahildir<strong><br \/>\n<a href=\"https:\/\/www.purejewels.com\/tr\/i%cc%87ade-poli%cc%87ti%cc%87kasi\/\">\u0130ade Politikas\u0131<\/a><\/strong><\/p>","protected":false},"featured_media":407905,"comment_status":"closed","ping_status":"closed","template":"","meta":{"_eb_attr":"","_crsspst_to_jayantr4sg-hostcom":true},"product_brand":[],"product_cat":[1571,1229,1255,5343,1767,1572,1768,5338,1701,5349],"product_tag":[],"class_list":{"0":"post-395105","1":"product","2":"type-product","3":"status-publish","4":"has-post-thumbnail","6":"product_cat-fathers-day-gifts","7":"product_cat-22ct-gold-jewellery","8":"product_cat-gold-pendants","9":"product_cat-jewellery-under-550","10":"product_cat-ladies-pendants","11":"product_cat-mens-jewellery","12":"product_cat-mens-pendants","13":"product_cat-shop-by-price","14":"product_cat-religious-pendants","15":"product_cat-yellow-gold-jewellery","17":"first","18":"instock","19":"taxable","20":"shipping-taxable","21":"purchasable","22":"product-type-simple","23":"add-to-wishlist-before_image"},"yoast_head":"<!-- This site is optimized with the Yoast SEO plugin v27.3 - https:\/\/yoast.com\/product\/yoast-seo-wordpress\/ -->\n<title>Lord Hanuman Pendant in 22 Carat Gold | PureJewels UK<\/title>\n<meta name=\"description\" content=\"Celebrate strength and devotion with our 22ct Gold Hanuman Pendant. Skillfully handcrafted, this pure gold pendant embodies protection and courage.\" \/>\n<meta name=\"robots\" content=\"index, follow, max-snippet:-1, max-image-preview:large, max-video-preview:-1\" \/>\n<link rel=\"canonical\" href=\"https:\/\/www.purejewels.com\/tr\/urun\/lord-hanuman-kolye-ucu-22-ayar-altin-51029\/\" \/>\n<meta property=\"og:locale\" content=\"tr_TR\" \/>\n<meta property=\"og:type\" content=\"article\" \/>\n<meta property=\"og:title\" content=\"Lord Hanuman Pendant in 22 Carat Gold | PureJewels UK\" \/>\n<meta property=\"og:description\" content=\"Celebrate strength and devotion with our 22ct Gold Hanuman Pendant. Skillfully handcrafted, this pure gold pendant embodies protection and courage.\" \/>\n<meta property=\"og:url\" content=\"https:\/\/www.purejewels.com\/tr\/urun\/lord-hanuman-kolye-ucu-22-ayar-altin-51029\/\" \/>\n<meta property=\"og:site_name\" content=\"PureJewels UK\" \/>\n<meta property=\"article:modified_time\" content=\"2026-02-04T04:09:27+00:00\" \/>\n<meta property=\"og:image\" content=\"https:\/\/static.purejewels.com\/wp-content\/uploads\/2025\/01\/SKU-51029.jpg\" \/>\n\t<meta property=\"og:image:width\" content=\"1000\" \/>\n\t<meta property=\"og:image:height\" content=\"1000\" \/>\n\t<meta property=\"og:image:type\" content=\"image\/jpeg\" \/>\n<meta name=\"twitter:card\" content=\"summary_large_image\" \/>\n<meta name=\"twitter:label1\" content=\"Tahmini okuma s\u00fcresi\" \/>\n\t<meta name=\"twitter:data1\" content=\"1 dakika\" \/>\n<script type=\"application\/ld+json\" class=\"yoast-schema-graph\">{\"@context\":\"https:\\\/\\\/schema.org\",\"@graph\":[{\"@type\":[\"WebPage\",\"ItemPage\"],\"@id\":\"https:\\\/\\\/www.purejewels.com\\\/product\\\/lord-hanuman-pendant-in-22-carat-gold-51029\\\/\",\"url\":\"https:\\\/\\\/www.purejewels.com\\\/product\\\/lord-hanuman-pendant-in-22-carat-gold-51029\\\/\",\"name\":\"Lord Hanuman Pendant in 22 Carat Gold | PureJewels UK\",\"isPartOf\":{\"@id\":\"https:\\\/\\\/www.purejewels.com\\\/#website\"},\"primaryImageOfPage\":{\"@id\":\"https:\\\/\\\/www.purejewels.com\\\/product\\\/lord-hanuman-pendant-in-22-carat-gold-51029\\\/#primaryimage\"},\"image\":{\"@id\":\"https:\\\/\\\/www.purejewels.com\\\/product\\\/lord-hanuman-pendant-in-22-carat-gold-51029\\\/#primaryimage\"},\"thumbnailUrl\":\"https:\\\/\\\/static.purejewels.com\\\/wp-content\\\/uploads\\\/2025\\\/01\\\/SKU-51029.jpg\",\"datePublished\":\"2025-01-06T06:52:59+00:00\",\"dateModified\":\"2026-02-04T04:09:27+00:00\",\"description\":\"Celebrate strength and devotion with our 22ct Gold Hanuman Pendant. Skillfully handcrafted, this pure gold pendant embodies protection and courage.\",\"breadcrumb\":{\"@id\":\"https:\\\/\\\/www.purejewels.com\\\/product\\\/lord-hanuman-pendant-in-22-carat-gold-51029\\\/#breadcrumb\"},\"inLanguage\":\"tr\",\"potentialAction\":[{\"@type\":\"ReadAction\",\"target\":[\"https:\\\/\\\/www.purejewels.com\\\/product\\\/lord-hanuman-pendant-in-22-carat-gold-51029\\\/\"]}]},{\"@type\":\"ImageObject\",\"inLanguage\":\"tr\",\"@id\":\"https:\\\/\\\/www.purejewels.com\\\/product\\\/lord-hanuman-pendant-in-22-carat-gold-51029\\\/#primaryimage\",\"url\":\"https:\\\/\\\/static.purejewels.com\\\/wp-content\\\/uploads\\\/2025\\\/01\\\/SKU-51029.jpg\",\"contentUrl\":\"https:\\\/\\\/static.purejewels.com\\\/wp-content\\\/uploads\\\/2025\\\/01\\\/SKU-51029.jpg\",\"width\":1000,\"height\":1000,\"caption\":\"51029\"},{\"@type\":\"BreadcrumbList\",\"@id\":\"https:\\\/\\\/www.purejewels.com\\\/product\\\/lord-hanuman-pendant-in-22-carat-gold-51029\\\/#breadcrumb\",\"itemListElement\":[{\"@type\":\"ListItem\",\"position\":1,\"name\":\"Home\",\"item\":\"https:\\\/\\\/www.purejewels.com\\\/\"},{\"@type\":\"ListItem\",\"position\":2,\"name\":\"Shop\",\"item\":\"https:\\\/\\\/www.purejewels.com\\\/shop\\\/\"},{\"@type\":\"ListItem\",\"position\":3,\"name\":\"Dronagiri Parakram Hanuman Pendant\"}]},{\"@type\":\"WebSite\",\"@id\":\"https:\\\/\\\/www.purejewels.com\\\/#website\",\"url\":\"https:\\\/\\\/www.purejewels.com\\\/\",\"name\":\"PureJewels UK\",\"description\":\"Share the Love\",\"publisher\":{\"@id\":\"https:\\\/\\\/www.purejewels.com\\\/#organization\"},\"potentialAction\":[{\"@type\":\"SearchAction\",\"target\":{\"@type\":\"EntryPoint\",\"urlTemplate\":\"https:\\\/\\\/www.purejewels.com\\\/?s={search_term_string}\"},\"query-input\":{\"@type\":\"PropertyValueSpecification\",\"valueRequired\":true,\"valueName\":\"search_term_string\"}}],\"inLanguage\":\"tr\"},{\"@type\":\"Organization\",\"@id\":\"https:\\\/\\\/www.purejewels.com\\\/#organization\",\"name\":\"PureJewels UK\",\"url\":\"https:\\\/\\\/www.purejewels.com\\\/\",\"logo\":{\"@type\":\"ImageObject\",\"inLanguage\":\"tr\",\"@id\":\"https:\\\/\\\/www.purejewels.com\\\/#\\\/schema\\\/logo\\\/image\\\/\",\"url\":\"https:\\\/\\\/static.purejewels.com\\\/wp-content\\\/uploads\\\/2020\\\/11\\\/Logo-PJ-New-1.png\",\"contentUrl\":\"https:\\\/\\\/static.purejewels.com\\\/wp-content\\\/uploads\\\/2020\\\/11\\\/Logo-PJ-New-1.png\",\"width\":150,\"height\":80,\"caption\":\"PureJewels UK\"},\"image\":{\"@id\":\"https:\\\/\\\/www.purejewels.com\\\/#\\\/schema\\\/logo\\\/image\\\/\"}}]}<\/script>\n<!-- \/ Yoast SEO plugin. -->","yoast_head_json":{"title":"Lord Hanuman Kolye Ucu 22 Ayar Alt\u0131n | PureJewels UK","description":"22ct Alt\u0131n Hanuman Kolyemiz ile g\u00fcc\u00fc ve ba\u011fl\u0131l\u0131\u011f\u0131 kutlay\u0131n. Ustal\u0131kla el i\u015f\u00e7ili\u011fiyle \u00fcretilen bu saf alt\u0131n kolye ucu, koruma ve cesareti temsil eder.","robots":{"index":"index","follow":"follow","max-snippet":"max-snippet:-1","max-image-preview":"max-image-preview:large","max-video-preview":"max-video-preview:-1"},"canonical":"https:\/\/www.purejewels.com\/tr\/urun\/lord-hanuman-kolye-ucu-22-ayar-altin-51029\/","og_locale":"tr_TR","og_type":"article","og_title":"Lord Hanuman Pendant in 22 Carat Gold | PureJewels UK","og_description":"Celebrate strength and devotion with our 22ct Gold Hanuman Pendant. Skillfully handcrafted, this pure gold pendant embodies protection and courage.","og_url":"https:\/\/www.purejewels.com\/tr\/urun\/lord-hanuman-kolye-ucu-22-ayar-altin-51029\/","og_site_name":"PureJewels UK","article_modified_time":"2026-02-04T04:09:27+00:00","og_image":[{"width":1000,"height":1000,"url":"https:\/\/static.purejewels.com\/wp-content\/uploads\/2025\/01\/SKU-51029.jpg","type":"image\/jpeg"}],"twitter_card":"summary_large_image","twitter_misc":{"Tahmini okuma s\u00fcresi":"1 dakika"},"schema":{"@context":"https:\/\/schema.org","@graph":[{"@type":["WebPage","ItemPage"],"@id":"https:\/\/www.purejewels.com\/product\/lord-hanuman-pendant-in-22-carat-gold-51029\/","url":"https:\/\/www.purejewels.com\/product\/lord-hanuman-pendant-in-22-carat-gold-51029\/","name":"Lord Hanuman Kolye Ucu 22 Ayar Alt\u0131n | PureJewels UK","isPartOf":{"@id":"https:\/\/www.purejewels.com\/#website"},"primaryImageOfPage":{"@id":"https:\/\/www.purejewels.com\/product\/lord-hanuman-pendant-in-22-carat-gold-51029\/#primaryimage"},"image":{"@id":"https:\/\/www.purejewels.com\/product\/lord-hanuman-pendant-in-22-carat-gold-51029\/#primaryimage"},"thumbnailUrl":"https:\/\/static.purejewels.com\/wp-content\/uploads\/2025\/01\/SKU-51029.jpg","datePublished":"2025-01-06T06:52:59+00:00","dateModified":"2026-02-04T04:09:27+00:00","description":"22ct Alt\u0131n Hanuman Kolyemiz ile g\u00fcc\u00fc ve ba\u011fl\u0131l\u0131\u011f\u0131 kutlay\u0131n. Ustal\u0131kla el i\u015f\u00e7ili\u011fiyle \u00fcretilen bu saf alt\u0131n kolye ucu, koruma ve cesareti temsil eder.","breadcrumb":{"@id":"https:\/\/www.purejewels.com\/product\/lord-hanuman-pendant-in-22-carat-gold-51029\/#breadcrumb"},"inLanguage":"tr","potentialAction":[{"@type":"ReadAction","target":["https:\/\/www.purejewels.com\/product\/lord-hanuman-pendant-in-22-carat-gold-51029\/"]}]},{"@type":"ImageObject","inLanguage":"tr","@id":"https:\/\/www.purejewels.com\/product\/lord-hanuman-pendant-in-22-carat-gold-51029\/#primaryimage","url":"https:\/\/static.purejewels.com\/wp-content\/uploads\/2025\/01\/SKU-51029.jpg","contentUrl":"https:\/\/static.purejewels.com\/wp-content\/uploads\/2025\/01\/SKU-51029.jpg","width":1000,"height":1000,"caption":"51029"},{"@type":"BreadcrumbList","@id":"https:\/\/www.purejewels.com\/product\/lord-hanuman-pendant-in-22-carat-gold-51029\/#breadcrumb","itemListElement":[{"@type":"ListItem","position":1,"name":"Home","item":"https:\/\/www.purejewels.com\/"},{"@type":"ListItem","position":2,"name":"Shop","item":"https:\/\/www.purejewels.com\/shop\/"},{"@type":"ListItem","position":3,"name":"Dronagiri Parakram Hanuman Pendant"}]},{"@type":"WebSite","@id":"https:\/\/www.purejewels.com\/#website","url":"https:\/\/www.purejewels.com\/","name":"PureJewels \u0130ngiltere","description":"Sevgiyi Payla\u015f\u0131n","publisher":{"@id":"https:\/\/www.purejewels.com\/#organization"},"potentialAction":[{"@type":"SearchAction","target":{"@type":"EntryPoint","urlTemplate":"https:\/\/www.purejewels.com\/?s={search_term_string}"},"query-input":{"@type":"PropertyValueSpecification","valueRequired":true,"valueName":"search_term_string"}}],"inLanguage":"tr"},{"@type":"Organization","@id":"https:\/\/www.purejewels.com\/#organization","name":"PureJewels \u0130ngiltere","url":"https:\/\/www.purejewels.com\/","logo":{"@type":"ImageObject","inLanguage":"tr","@id":"https:\/\/www.purejewels.com\/#\/schema\/logo\/image\/","url":"https:\/\/static.purejewels.com\/wp-content\/uploads\/2020\/11\/Logo-PJ-New-1.png","contentUrl":"https:\/\/static.purejewels.com\/wp-content\/uploads\/2020\/11\/Logo-PJ-New-1.png","width":150,"height":80,"caption":"PureJewels UK"},"image":{"@id":"https:\/\/www.purejewels.com\/#\/schema\/logo\/image\/"}}]}},"_links":{"self":[{"href":"https:\/\/www.purejewels.com\/tr\/wp-json\/wp\/v2\/product\/395105","targetHints":{"allow":["GET"]}}],"collection":[{"href":"https:\/\/www.purejewels.com\/tr\/wp-json\/wp\/v2\/product"}],"about":[{"href":"https:\/\/www.purejewels.com\/tr\/wp-json\/wp\/v2\/types\/product"}],"replies":[{"embeddable":true,"href":"https:\/\/www.purejewels.com\/tr\/wp-json\/wp\/v2\/comments?post=395105"}],"version-history":[{"count":4,"href":"https:\/\/www.purejewels.com\/tr\/wp-json\/wp\/v2\/product\/395105\/revisions"}],"predecessor-version":[{"id":407907,"href":"https:\/\/www.purejewels.com\/tr\/wp-json\/wp\/v2\/product\/395105\/revisions\/407907"}],"wp:featuredmedia":[{"embeddable":true,"href":"https:\/\/www.purejewels.com\/tr\/wp-json\/wp\/v2\/media\/407905"}],"wp:attachment":[{"href":"https:\/\/www.purejewels.com\/tr\/wp-json\/wp\/v2\/media?parent=395105"}],"wp:term":[{"taxonomy":"product_brand","embeddable":true,"href":"https:\/\/www.purejewels.com\/tr\/wp-json\/wp\/v2\/product_brand?post=395105"},{"taxonomy":"product_cat","embeddable":true,"href":"https:\/\/www.purejewels.com\/tr\/wp-json\/wp\/v2\/product_cat?post=395105"},{"taxonomy":"product_tag","embeddable":true,"href":"https:\/\/www.purejewels.com\/tr\/wp-json\/wp\/v2\/product_tag?post=395105"}],"curies":[{"name":"wp","href":"https:\/\/api.w.org\/{rel}","templated":true}]}}