{"id":395123,"date":"2025-02-06T08:13:40","date_gmt":"2025-02-06T08:13:40","guid":{"rendered":"https:\/\/www.purejewels.com\/?post_type=product&#038;p=395123"},"modified":"2026-04-27T06:47:57","modified_gmt":"2026-04-27T05:47:57","slug":"22-ayar-altin-tuy-kolye-51022","status":"publish","type":"product","link":"https:\/\/www.purejewels.com\/tr\/product\/22ct-gold-feather-pendant-51022\/","title":{"rendered":"22 Ayar Alt\u0131n T\u00fcy Kolye"},"content":{"rendered":"<p>PureJewels UK'nin bu zarif 22 Ayar Alt\u0131n T\u00fcy Kolyesi ile tarz\u0131n\u0131z\u0131 y\u00fckseltin. Hassasiyet ve \u00f6zenle haz\u0131rlanan bu kolye ucu, hafifli\u011fi ve ruhsal b\u00fcy\u00fcmeyi sembolize ederek m\u00fccevher koleksiyonunuza anlaml\u0131 bir katk\u0131 sa\u011flar. T\u00fcy kolyenin zamans\u0131z tasar\u0131m\u0131 zarafet ve zarafet yans\u0131t\u0131r, g\u00fcnl\u00fck kullan\u0131m i\u00e7in veya sevdikleriniz i\u00e7in d\u00fc\u015f\u00fcnceli bir hediye olarak m\u00fckemmeldir.<\/p>\n<p>Y\u00fcksek kaliteli 22 ayar alt\u0131ndan \u00fcretilen ve \u0130ngiliz damgas\u0131 ta\u015f\u0131yan bu kolye ucu l\u00fcks ve sofistike bir sembol. Br\u00fct a\u011f\u0131rl\u0131\u011f\u0131 1,67 gram olan bu kolye ucu hafiftir ve g\u00fcn boyu rahatl\u0131kla tak\u0131labilir. Bu par\u00e7an\u0131n karma\u015f\u0131k detaylar\u0131 ve i\u015f\u00e7ili\u011fi, onu her k\u0131yafeti tamamlayacak g\u00f6ze \u00e7arpan bir aksesuar haline getiriyor.<\/p>\n<p>Bu g\u00fczel m\u00fccevherle g\u00f6r\u00fcn\u00fcm\u00fcn\u00fcze ihti\u015faml\u0131 bir dokunu\u015f kat\u0131n ve ruhsal geli\u015fimin sembolizmini kucaklay\u0131n.<\/p>","protected":false},"excerpt":{"rendered":"<p>Hafifli\u011fi ve ruhsal b\u00fcy\u00fcmeyi simgeleyen bu 22 ayar alt\u0131n t\u00fcy kolye ucu, zamans\u0131z bir zarafet dokunu\u015fu.<br data-start=\"292\" data-end=\"295\" \/>G\u00fcnl\u00fck kullan\u0131m veya anlaml\u0131 bir hediye i\u00e7in zarif bir \u015fekilde \u00fcretilmi\u015ftir.<\/p>\n<p><strong>Malzeme:<\/strong>\u00a022 Ayar Alt\u0131n<strong><br \/>\nHallmark:\u00a0<\/strong>\u0130ngiliz Damgas\u0131<strong><br \/>\n<\/strong><strong>Br\u00fct A\u011f\u0131rl\u0131k: <\/strong>1.67 Gms<strong><br \/>\nSKU: <\/strong>51022<\/p>\n<p><strong>Fiyat ve Teslimat: <\/strong>KDV ve teslimat \u00fccretleri dahil<strong><br \/>\n<a href=\"https:\/\/www.purejewels.com\/tr\/i%cc%87ade-poli%cc%87ti%cc%87kasi\/\">\u0130ade Politikas\u0131<\/a><\/strong><\/p>","protected":false},"featured_media":395124,"comment_status":"closed","ping_status":"closed","template":"","meta":{"_eb_attr":"","_crsspst_to_jayantr4sg-hostcom":true},"product_brand":[],"product_cat":[1559,1793,6190,1770,1229,1255,5343,1767,1570,5338,1574,5349],"product_tag":[],"class_list":{"0":"post-395123","1":"product","2":"type-product","3":"status-publish","4":"has-post-thumbnail","6":"product_cat-birthday-gifts","7":"product_cat-diwali-gifts","8":"product_cat-easter-jewellery","9":"product_cat-fancy-pendants","10":"product_cat-22ct-gold-jewellery","11":"product_cat-gold-pendants","12":"product_cat-jewellery-under-550","13":"product_cat-ladies-pendants","14":"product_cat-mothers-day-gifts","15":"product_cat-shop-by-price","16":"product_cat-womens-jewellery","17":"product_cat-yellow-gold-jewellery","19":"first","20":"instock","21":"taxable","22":"shipping-taxable","23":"purchasable","24":"product-type-simple","25":"add-to-wishlist-before_image"},"yoast_head":"<!-- This site is optimized with the Yoast SEO plugin v27.5 - https:\/\/yoast.com\/product\/yoast-seo-wordpress\/ -->\n<title>Shop online 22ct Gold Feather Pendant from PureJewels UK<\/title>\n<meta name=\"description\" content=\"Shop the 22ct Gold Feather Pendant online at PureJewels UK. Delicately handcrafted in pure gold, this graceful piece symbolises lightness, freedom, and refined elegance.\" \/>\n<meta name=\"robots\" content=\"index, follow, max-snippet:-1, max-image-preview:large, max-video-preview:-1\" \/>\n<link rel=\"canonical\" href=\"https:\/\/www.purejewels.com\/tr\/urun\/22-ayar-altin-tuy-kolye-51022\/\" \/>\n<meta property=\"og:locale\" content=\"tr_TR\" \/>\n<meta property=\"og:type\" content=\"article\" \/>\n<meta property=\"og:title\" content=\"Shop online 22ct Gold Feather Pendant from PureJewels UK\" \/>\n<meta property=\"og:description\" content=\"Shop the 22ct Gold Feather Pendant online at PureJewels UK. Delicately handcrafted in pure gold, this graceful piece symbolises lightness, freedom, and refined elegance.\" \/>\n<meta property=\"og:url\" content=\"https:\/\/www.purejewels.com\/tr\/urun\/22-ayar-altin-tuy-kolye-51022\/\" \/>\n<meta property=\"og:site_name\" content=\"PureJewels UK\" \/>\n<meta property=\"article:modified_time\" content=\"2026-04-27T05:47:57+00:00\" \/>\n<meta property=\"og:image\" content=\"https:\/\/static.purejewels.com\/wp-content\/uploads\/2025\/05\/51022.png\" \/>\n\t<meta property=\"og:image:width\" content=\"1000\" \/>\n\t<meta property=\"og:image:height\" content=\"1000\" \/>\n\t<meta property=\"og:image:type\" content=\"image\/png\" \/>\n<meta name=\"twitter:card\" content=\"summary_large_image\" \/>\n<meta name=\"twitter:label1\" content=\"Tahmini okuma s\u00fcresi\" \/>\n\t<meta name=\"twitter:data1\" content=\"1 dakika\" \/>\n<script type=\"application\/ld+json\" class=\"yoast-schema-graph\">{\"@context\":\"https:\\\/\\\/schema.org\",\"@graph\":[{\"@type\":[\"WebPage\",\"ItemPage\"],\"@id\":\"https:\\\/\\\/www.purejewels.com\\\/product\\\/22ct-gold-feather-pendant-51022\\\/\",\"url\":\"https:\\\/\\\/www.purejewels.com\\\/product\\\/22ct-gold-feather-pendant-51022\\\/\",\"name\":\"Shop online 22ct Gold Feather Pendant from PureJewels UK\",\"isPartOf\":{\"@id\":\"https:\\\/\\\/www.purejewels.com\\\/#website\"},\"primaryImageOfPage\":{\"@id\":\"https:\\\/\\\/www.purejewels.com\\\/product\\\/22ct-gold-feather-pendant-51022\\\/#primaryimage\"},\"image\":{\"@id\":\"https:\\\/\\\/www.purejewels.com\\\/product\\\/22ct-gold-feather-pendant-51022\\\/#primaryimage\"},\"thumbnailUrl\":\"https:\\\/\\\/static.purejewels.com\\\/wp-content\\\/uploads\\\/2025\\\/05\\\/51022.png\",\"datePublished\":\"2025-02-06T08:13:40+00:00\",\"dateModified\":\"2026-04-27T05:47:57+00:00\",\"description\":\"Shop the 22ct Gold Feather Pendant online at PureJewels UK. Delicately handcrafted in pure gold, this graceful piece symbolises lightness, freedom, and refined elegance.\",\"breadcrumb\":{\"@id\":\"https:\\\/\\\/www.purejewels.com\\\/product\\\/22ct-gold-feather-pendant-51022\\\/#breadcrumb\"},\"inLanguage\":\"tr\",\"potentialAction\":[{\"@type\":\"ReadAction\",\"target\":[\"https:\\\/\\\/www.purejewels.com\\\/product\\\/22ct-gold-feather-pendant-51022\\\/\"]}]},{\"@type\":\"ImageObject\",\"inLanguage\":\"tr\",\"@id\":\"https:\\\/\\\/www.purejewels.com\\\/product\\\/22ct-gold-feather-pendant-51022\\\/#primaryimage\",\"url\":\"https:\\\/\\\/static.purejewels.com\\\/wp-content\\\/uploads\\\/2025\\\/05\\\/51022.png\",\"contentUrl\":\"https:\\\/\\\/static.purejewels.com\\\/wp-content\\\/uploads\\\/2025\\\/05\\\/51022.png\",\"width\":1000,\"height\":1000,\"caption\":\"22ct Gold Feather Pendant\"},{\"@type\":\"BreadcrumbList\",\"@id\":\"https:\\\/\\\/www.purejewels.com\\\/product\\\/22ct-gold-feather-pendant-51022\\\/#breadcrumb\",\"itemListElement\":[{\"@type\":\"ListItem\",\"position\":1,\"name\":\"Home\",\"item\":\"https:\\\/\\\/www.purejewels.com\\\/\"},{\"@type\":\"ListItem\",\"position\":2,\"name\":\"Shop\",\"item\":\"https:\\\/\\\/www.purejewels.com\\\/shop\\\/\"},{\"@type\":\"ListItem\",\"position\":3,\"name\":\"22ct Gold Feather Pendant\"}]},{\"@type\":\"WebSite\",\"@id\":\"https:\\\/\\\/www.purejewels.com\\\/#website\",\"url\":\"https:\\\/\\\/www.purejewels.com\\\/\",\"name\":\"PureJewels UK\",\"description\":\"Share the Love\",\"publisher\":{\"@id\":\"https:\\\/\\\/www.purejewels.com\\\/#organization\"},\"potentialAction\":[{\"@type\":\"SearchAction\",\"target\":{\"@type\":\"EntryPoint\",\"urlTemplate\":\"https:\\\/\\\/www.purejewels.com\\\/?s={search_term_string}\"},\"query-input\":{\"@type\":\"PropertyValueSpecification\",\"valueRequired\":true,\"valueName\":\"search_term_string\"}}],\"inLanguage\":\"tr\"},{\"@type\":\"Organization\",\"@id\":\"https:\\\/\\\/www.purejewels.com\\\/#organization\",\"name\":\"PureJewels UK\",\"url\":\"https:\\\/\\\/www.purejewels.com\\\/\",\"logo\":{\"@type\":\"ImageObject\",\"inLanguage\":\"tr\",\"@id\":\"https:\\\/\\\/www.purejewels.com\\\/#\\\/schema\\\/logo\\\/image\\\/\",\"url\":\"https:\\\/\\\/static.purejewels.com\\\/wp-content\\\/uploads\\\/2020\\\/11\\\/Logo-PJ-New-1.png\",\"contentUrl\":\"https:\\\/\\\/static.purejewels.com\\\/wp-content\\\/uploads\\\/2020\\\/11\\\/Logo-PJ-New-1.png\",\"width\":150,\"height\":80,\"caption\":\"PureJewels UK\"},\"image\":{\"@id\":\"https:\\\/\\\/www.purejewels.com\\\/#\\\/schema\\\/logo\\\/image\\\/\"}}]}<\/script>\n<!-- \/ Yoast SEO plugin. -->","yoast_head_json":{"title":"PureJewels UK'den 22 ayar alt\u0131n t\u00fcy kolye ucu online al\u0131\u015fveri\u015f","description":"PureJewels UK'de 22 Ayar Alt\u0131n T\u00fcy Kolyeyi online sat\u0131n al\u0131n. Saf alt\u0131ndan \u00f6zenle i\u015flenmi\u015f bu zarif par\u00e7a hafifli\u011fi, \u00f6zg\u00fcrl\u00fc\u011f\u00fc ve zarif zarafeti simgeliyor.","robots":{"index":"index","follow":"follow","max-snippet":"max-snippet:-1","max-image-preview":"max-image-preview:large","max-video-preview":"max-video-preview:-1"},"canonical":"https:\/\/www.purejewels.com\/tr\/urun\/22-ayar-altin-tuy-kolye-51022\/","og_locale":"tr_TR","og_type":"article","og_title":"Shop online 22ct Gold Feather Pendant from PureJewels UK","og_description":"Shop the 22ct Gold Feather Pendant online at PureJewels UK. Delicately handcrafted in pure gold, this graceful piece symbolises lightness, freedom, and refined elegance.","og_url":"https:\/\/www.purejewels.com\/tr\/urun\/22-ayar-altin-tuy-kolye-51022\/","og_site_name":"PureJewels UK","article_modified_time":"2026-04-27T05:47:57+00:00","og_image":[{"width":1000,"height":1000,"url":"https:\/\/static.purejewels.com\/wp-content\/uploads\/2025\/05\/51022.png","type":"image\/png"}],"twitter_card":"summary_large_image","twitter_misc":{"Tahmini okuma s\u00fcresi":"1 dakika"},"schema":{"@context":"https:\/\/schema.org","@graph":[{"@type":["WebPage","ItemPage"],"@id":"https:\/\/www.purejewels.com\/product\/22ct-gold-feather-pendant-51022\/","url":"https:\/\/www.purejewels.com\/product\/22ct-gold-feather-pendant-51022\/","name":"PureJewels UK'den 22 ayar alt\u0131n t\u00fcy kolye ucu online al\u0131\u015fveri\u015f","isPartOf":{"@id":"https:\/\/www.purejewels.com\/#website"},"primaryImageOfPage":{"@id":"https:\/\/www.purejewels.com\/product\/22ct-gold-feather-pendant-51022\/#primaryimage"},"image":{"@id":"https:\/\/www.purejewels.com\/product\/22ct-gold-feather-pendant-51022\/#primaryimage"},"thumbnailUrl":"https:\/\/static.purejewels.com\/wp-content\/uploads\/2025\/05\/51022.png","datePublished":"2025-02-06T08:13:40+00:00","dateModified":"2026-04-27T05:47:57+00:00","description":"PureJewels UK'de 22 Ayar Alt\u0131n T\u00fcy Kolyeyi online sat\u0131n al\u0131n. Saf alt\u0131ndan \u00f6zenle i\u015flenmi\u015f bu zarif par\u00e7a hafifli\u011fi, \u00f6zg\u00fcrl\u00fc\u011f\u00fc ve zarif zarafeti simgeliyor.","breadcrumb":{"@id":"https:\/\/www.purejewels.com\/product\/22ct-gold-feather-pendant-51022\/#breadcrumb"},"inLanguage":"tr","potentialAction":[{"@type":"ReadAction","target":["https:\/\/www.purejewels.com\/product\/22ct-gold-feather-pendant-51022\/"]}]},{"@type":"ImageObject","inLanguage":"tr","@id":"https:\/\/www.purejewels.com\/product\/22ct-gold-feather-pendant-51022\/#primaryimage","url":"https:\/\/static.purejewels.com\/wp-content\/uploads\/2025\/05\/51022.png","contentUrl":"https:\/\/static.purejewels.com\/wp-content\/uploads\/2025\/05\/51022.png","width":1000,"height":1000,"caption":"22ct Gold Feather Pendant"},{"@type":"BreadcrumbList","@id":"https:\/\/www.purejewels.com\/product\/22ct-gold-feather-pendant-51022\/#breadcrumb","itemListElement":[{"@type":"ListItem","position":1,"name":"Home","item":"https:\/\/www.purejewels.com\/"},{"@type":"ListItem","position":2,"name":"Shop","item":"https:\/\/www.purejewels.com\/shop\/"},{"@type":"ListItem","position":3,"name":"22ct Gold Feather Pendant"}]},{"@type":"WebSite","@id":"https:\/\/www.purejewels.com\/#website","url":"https:\/\/www.purejewels.com\/","name":"PureJewels \u0130ngiltere","description":"Sevgiyi Payla\u015f\u0131n","publisher":{"@id":"https:\/\/www.purejewels.com\/#organization"},"potentialAction":[{"@type":"SearchAction","target":{"@type":"EntryPoint","urlTemplate":"https:\/\/www.purejewels.com\/?s={search_term_string}"},"query-input":{"@type":"PropertyValueSpecification","valueRequired":true,"valueName":"search_term_string"}}],"inLanguage":"tr"},{"@type":"Organization","@id":"https:\/\/www.purejewels.com\/#organization","name":"PureJewels \u0130ngiltere","url":"https:\/\/www.purejewels.com\/","logo":{"@type":"ImageObject","inLanguage":"tr","@id":"https:\/\/www.purejewels.com\/#\/schema\/logo\/image\/","url":"https:\/\/static.purejewels.com\/wp-content\/uploads\/2020\/11\/Logo-PJ-New-1.png","contentUrl":"https:\/\/static.purejewels.com\/wp-content\/uploads\/2020\/11\/Logo-PJ-New-1.png","width":150,"height":80,"caption":"PureJewels UK"},"image":{"@id":"https:\/\/www.purejewels.com\/#\/schema\/logo\/image\/"}}]}},"_links":{"self":[{"href":"https:\/\/www.purejewels.com\/tr\/wp-json\/wp\/v2\/product\/395123","targetHints":{"allow":["GET"]}}],"collection":[{"href":"https:\/\/www.purejewels.com\/tr\/wp-json\/wp\/v2\/product"}],"about":[{"href":"https:\/\/www.purejewels.com\/tr\/wp-json\/wp\/v2\/types\/product"}],"replies":[{"embeddable":true,"href":"https:\/\/www.purejewels.com\/tr\/wp-json\/wp\/v2\/comments?post=395123"}],"version-history":[{"count":4,"href":"https:\/\/www.purejewels.com\/tr\/wp-json\/wp\/v2\/product\/395123\/revisions"}],"predecessor-version":[{"id":420788,"href":"https:\/\/www.purejewels.com\/tr\/wp-json\/wp\/v2\/product\/395123\/revisions\/420788"}],"wp:featuredmedia":[{"embeddable":true,"href":"https:\/\/www.purejewels.com\/tr\/wp-json\/wp\/v2\/media\/395124"}],"wp:attachment":[{"href":"https:\/\/www.purejewels.com\/tr\/wp-json\/wp\/v2\/media?parent=395123"}],"wp:term":[{"taxonomy":"product_brand","embeddable":true,"href":"https:\/\/www.purejewels.com\/tr\/wp-json\/wp\/v2\/product_brand?post=395123"},{"taxonomy":"product_cat","embeddable":true,"href":"https:\/\/www.purejewels.com\/tr\/wp-json\/wp\/v2\/product_cat?post=395123"},{"taxonomy":"product_tag","embeddable":true,"href":"https:\/\/www.purejewels.com\/tr\/wp-json\/wp\/v2\/product_tag?post=395123"}],"curies":[{"name":"wp","href":"https:\/\/api.w.org\/{rel}","templated":true}]}}