{"id":395160,"date":"2025-02-06T11:37:36","date_gmt":"2025-02-06T11:37:36","guid":{"rendered":"https:\/\/www.purejewels.com\/?post_type=product&#038;p=395160"},"modified":"2026-01-06T07:30:21","modified_gmt":"2026-01-06T07:30:21","slug":"22-ayar-altin-ganesh-kolye-51011","status":"publish","type":"product","link":"https:\/\/www.purejewels.com\/tr\/product\/22ct-gold-ganesh-pendant-51011\/","title":{"rendered":"22 Ayar Alt\u0131n Ganesh Kolye"},"content":{"rendered":"<p>Bununla ilahi zarafeti somutla\u015ft\u0131r\u0131n <strong data-start=\"294\" data-end=\"322\">22 Ayar Alt\u0131n Ganesh Kolye<\/strong>saf alt\u0131ndan titizlikle el i\u015f\u00e7ili\u011fiyle \u00fcretilmi\u015ftir. Bilgeli\u011fin ve ba\u015far\u0131n\u0131n tanr\u0131s\u0131 Lord Ganesha'n\u0131n yer ald\u0131\u011f\u0131 bu kolye ucu, ruhani enerjiyi ve zamans\u0131z zarafeti bir araya getiriyor. \u0130deal bir <strong data-start=\"500\" data-end=\"526\">alt\u0131n dini kolye<\/strong>, <strong data-start=\"528\" data-end=\"551\">manevi\u0307 altin hedi\u0307ye<\/strong>ya da de\u011ferli bir hat\u0131ra olarak her m\u00fccevher koleksiyonuna anlam katar. Hem erkekler hem de kad\u0131nlar i\u00e7in tasarlanan bu <strong data-start=\"659\" data-end=\"687\">saf alt\u0131n Ganesh kolye ucu<\/strong> g\u00fcnl\u00fck nimetler i\u00e7in m\u00fckemmel olan g\u00fczel bir inan\u00e7 sembol\u00fcd\u00fcr.<\/p>\n<p><b>Aral\u0131k Kimli\u011fi <\/b>JWPNPRCB016TGCS<br \/>\n<b>SKU:<\/b>\u00a051011<\/p>","protected":false},"excerpt":{"rendered":"<p>Bu 22 Ayar Alt\u0131n Ganesh Kolye, bilgelik, refah ve korumay\u0131 simgeleyen saf alt\u0131ndan zarif bir i\u015f\u00e7ili\u011fe sahiptir. G\u00fcnl\u00fck kullan\u0131m veya hediye i\u00e7in ba\u011fl\u0131l\u0131k ve zarafetin m\u00fckemmel bir kar\u0131\u015f\u0131m\u0131.<\/p>\n<p><strong>Malzeme:<\/strong>\u00a022 Ayar Alt\u0131n<strong><br \/>\nHallmark:\u00a0<\/strong>\u0130ngiliz Damgas\u0131<strong><br \/>\n<\/strong><strong>Br\u00fct A\u011f\u0131rl\u0131k: <\/strong>0,86 Gms<strong><br \/>\nSKU: <\/strong>51011<\/p>\n<p><strong>Fiyat ve Teslimat:<\/strong>KDV ve teslimat \u00fccretleri dahil<strong><br \/>\n<a href=\"https:\/\/www.purejewels.com\/tr\/i%cc%87ade-poli%cc%87ti%cc%87kasi\/\">\u0130ade Politikas\u0131<\/a><\/strong><\/p>","protected":false},"featured_media":395161,"comment_status":"closed","ping_status":"closed","template":"","meta":{"_eb_attr":"","_crsspst_to_jayantr4sg-hostcom":true},"product_brand":[],"product_cat":[5601,1229,1255,5342,1767,1572,1768,5338,1701,5349],"product_tag":[],"class_list":{"0":"post-395160","1":"product","2":"type-product","3":"status-publish","4":"has-post-thumbnail","6":"product_cat-ganesh-pendants","7":"product_cat-22ct-gold-jewellery","8":"product_cat-gold-pendants","9":"product_cat-jewellery-under-250","10":"product_cat-ladies-pendants","11":"product_cat-mens-jewellery","12":"product_cat-mens-pendants","13":"product_cat-shop-by-price","14":"product_cat-religious-pendants","15":"product_cat-yellow-gold-jewellery","17":"first","18":"outofstock","19":"taxable","20":"shipping-taxable","21":"product-type-simple","22":"add-to-wishlist-before_image"},"yoast_head":"<!-- This site is optimized with the Yoast SEO plugin v27.5 - https:\/\/yoast.com\/product\/yoast-seo-wordpress\/ -->\n<title>22ct Gold Ganesh Pendant \u2013 Divine Diwali Jewellery Gift<\/title>\n<meta name=\"description\" content=\"Celebrate Diwali with divine grace. This 22ct Gold Ganesh Pendant blends spiritual elegance and tradition\u2014an auspicious choice for meaningful Diwali gifting.\" \/>\n<meta name=\"robots\" content=\"index, follow, max-snippet:-1, max-image-preview:large, max-video-preview:-1\" \/>\n<link rel=\"canonical\" href=\"https:\/\/www.purejewels.com\/tr\/urun\/22-ayar-altin-ganesh-kolye-51011\/\" \/>\n<meta property=\"og:locale\" content=\"tr_TR\" \/>\n<meta property=\"og:type\" content=\"article\" \/>\n<meta property=\"og:title\" content=\"22ct Gold Ganesh Pendant \u2013 Divine Diwali Jewellery Gift\" \/>\n<meta property=\"og:description\" content=\"Celebrate Diwali with divine grace. This 22ct Gold Ganesh Pendant blends spiritual elegance and tradition\u2014an auspicious choice for meaningful Diwali gifting.\" \/>\n<meta property=\"og:url\" content=\"https:\/\/www.purejewels.com\/tr\/urun\/22-ayar-altin-ganesh-kolye-51011\/\" \/>\n<meta property=\"og:site_name\" content=\"PureJewels UK\" \/>\n<meta property=\"article:modified_time\" content=\"2026-01-06T07:30:21+00:00\" \/>\n<meta property=\"og:image\" content=\"https:\/\/www.purejewels.com\/wp-content\/uploads\/2025\/05\/51011.png\" \/>\n\t<meta property=\"og:image:width\" content=\"1000\" \/>\n\t<meta property=\"og:image:height\" content=\"1000\" \/>\n\t<meta property=\"og:image:type\" content=\"image\/png\" \/>\n<meta name=\"twitter:card\" content=\"summary_large_image\" \/>\n<script type=\"application\/ld+json\" class=\"yoast-schema-graph\">{\"@context\":\"https:\\\/\\\/schema.org\",\"@graph\":[{\"@type\":[\"WebPage\",\"ItemPage\"],\"@id\":\"https:\\\/\\\/www.purejewels.com\\\/product\\\/22ct-gold-ganesh-pendant-51011\\\/\",\"url\":\"https:\\\/\\\/www.purejewels.com\\\/product\\\/22ct-gold-ganesh-pendant-51011\\\/\",\"name\":\"22ct Gold Ganesh Pendant \u2013 Divine Diwali Jewellery Gift\",\"isPartOf\":{\"@id\":\"https:\\\/\\\/www.purejewels.com\\\/#website\"},\"primaryImageOfPage\":{\"@id\":\"https:\\\/\\\/www.purejewels.com\\\/product\\\/22ct-gold-ganesh-pendant-51011\\\/#primaryimage\"},\"image\":{\"@id\":\"https:\\\/\\\/www.purejewels.com\\\/product\\\/22ct-gold-ganesh-pendant-51011\\\/#primaryimage\"},\"thumbnailUrl\":\"https:\\\/\\\/static.purejewels.com\\\/wp-content\\\/uploads\\\/2025\\\/05\\\/51011.png\",\"datePublished\":\"2025-02-06T11:37:36+00:00\",\"dateModified\":\"2026-01-06T07:30:21+00:00\",\"description\":\"Celebrate Diwali with divine grace. This 22ct Gold Ganesh Pendant blends spiritual elegance and tradition\u2014an auspicious choice for meaningful Diwali gifting.\",\"breadcrumb\":{\"@id\":\"https:\\\/\\\/www.purejewels.com\\\/product\\\/22ct-gold-ganesh-pendant-51011\\\/#breadcrumb\"},\"inLanguage\":\"tr\",\"potentialAction\":[{\"@type\":\"ReadAction\",\"target\":[\"https:\\\/\\\/www.purejewels.com\\\/product\\\/22ct-gold-ganesh-pendant-51011\\\/\"]}]},{\"@type\":\"ImageObject\",\"inLanguage\":\"tr\",\"@id\":\"https:\\\/\\\/www.purejewels.com\\\/product\\\/22ct-gold-ganesh-pendant-51011\\\/#primaryimage\",\"url\":\"https:\\\/\\\/static.purejewels.com\\\/wp-content\\\/uploads\\\/2025\\\/05\\\/51011.png\",\"contentUrl\":\"https:\\\/\\\/static.purejewels.com\\\/wp-content\\\/uploads\\\/2025\\\/05\\\/51011.png\",\"width\":1000,\"height\":1000,\"caption\":\"22ct Gold Ganesh Pendant\"},{\"@type\":\"BreadcrumbList\",\"@id\":\"https:\\\/\\\/www.purejewels.com\\\/product\\\/22ct-gold-ganesh-pendant-51011\\\/#breadcrumb\",\"itemListElement\":[{\"@type\":\"ListItem\",\"position\":1,\"name\":\"Home\",\"item\":\"https:\\\/\\\/www.purejewels.com\\\/\"},{\"@type\":\"ListItem\",\"position\":2,\"name\":\"Shop\",\"item\":\"https:\\\/\\\/www.purejewels.com\\\/shop\\\/\"},{\"@type\":\"ListItem\",\"position\":3,\"name\":\"22ct Gold Ganesh Pendant\"}]},{\"@type\":\"WebSite\",\"@id\":\"https:\\\/\\\/www.purejewels.com\\\/#website\",\"url\":\"https:\\\/\\\/www.purejewels.com\\\/\",\"name\":\"PureJewels UK\",\"description\":\"Share the Love\",\"publisher\":{\"@id\":\"https:\\\/\\\/www.purejewels.com\\\/#organization\"},\"potentialAction\":[{\"@type\":\"SearchAction\",\"target\":{\"@type\":\"EntryPoint\",\"urlTemplate\":\"https:\\\/\\\/www.purejewels.com\\\/?s={search_term_string}\"},\"query-input\":{\"@type\":\"PropertyValueSpecification\",\"valueRequired\":true,\"valueName\":\"search_term_string\"}}],\"inLanguage\":\"tr\"},{\"@type\":\"Organization\",\"@id\":\"https:\\\/\\\/www.purejewels.com\\\/#organization\",\"name\":\"PureJewels UK\",\"url\":\"https:\\\/\\\/www.purejewels.com\\\/\",\"logo\":{\"@type\":\"ImageObject\",\"inLanguage\":\"tr\",\"@id\":\"https:\\\/\\\/www.purejewels.com\\\/#\\\/schema\\\/logo\\\/image\\\/\",\"url\":\"https:\\\/\\\/static.purejewels.com\\\/wp-content\\\/uploads\\\/2020\\\/11\\\/Logo-PJ-New-1.png\",\"contentUrl\":\"https:\\\/\\\/static.purejewels.com\\\/wp-content\\\/uploads\\\/2020\\\/11\\\/Logo-PJ-New-1.png\",\"width\":150,\"height\":80,\"caption\":\"PureJewels UK\"},\"image\":{\"@id\":\"https:\\\/\\\/www.purejewels.com\\\/#\\\/schema\\\/logo\\\/image\\\/\"}}]}<\/script>\n<!-- \/ Yoast SEO plugin. -->","yoast_head_json":{"title":"22 Ayar Alt\u0131n Ganesh Kolye - \u0130lahi Diwali M\u00fccevher Hediyesi","description":"Diwali'yi ilahi bir zarafetle kutlay\u0131n. Bu 22 Ayar Alt\u0131n Ganesh Kolye, ruhani zarafeti ve gelene\u011fi harmanl\u0131yor - anlaml\u0131 Diwali hediyeleri i\u00e7in u\u011furlu bir se\u00e7im.","robots":{"index":"index","follow":"follow","max-snippet":"max-snippet:-1","max-image-preview":"max-image-preview:large","max-video-preview":"max-video-preview:-1"},"canonical":"https:\/\/www.purejewels.com\/tr\/urun\/22-ayar-altin-ganesh-kolye-51011\/","og_locale":"tr_TR","og_type":"article","og_title":"22ct Gold Ganesh Pendant \u2013 Divine Diwali Jewellery Gift","og_description":"Celebrate Diwali with divine grace. This 22ct Gold Ganesh Pendant blends spiritual elegance and tradition\u2014an auspicious choice for meaningful Diwali gifting.","og_url":"https:\/\/www.purejewels.com\/tr\/urun\/22-ayar-altin-ganesh-kolye-51011\/","og_site_name":"PureJewels UK","article_modified_time":"2026-01-06T07:30:21+00:00","og_image":[{"width":1000,"height":1000,"url":"https:\/\/www.purejewels.com\/wp-content\/uploads\/2025\/05\/51011.png","type":"image\/png"}],"twitter_card":"summary_large_image","schema":{"@context":"https:\/\/schema.org","@graph":[{"@type":["WebPage","ItemPage"],"@id":"https:\/\/www.purejewels.com\/product\/22ct-gold-ganesh-pendant-51011\/","url":"https:\/\/www.purejewels.com\/product\/22ct-gold-ganesh-pendant-51011\/","name":"22 Ayar Alt\u0131n Ganesh Kolye - \u0130lahi Diwali M\u00fccevher Hediyesi","isPartOf":{"@id":"https:\/\/www.purejewels.com\/#website"},"primaryImageOfPage":{"@id":"https:\/\/www.purejewels.com\/product\/22ct-gold-ganesh-pendant-51011\/#primaryimage"},"image":{"@id":"https:\/\/www.purejewels.com\/product\/22ct-gold-ganesh-pendant-51011\/#primaryimage"},"thumbnailUrl":"https:\/\/static.purejewels.com\/wp-content\/uploads\/2025\/05\/51011.png","datePublished":"2025-02-06T11:37:36+00:00","dateModified":"2026-01-06T07:30:21+00:00","description":"Diwali'yi ilahi bir zarafetle kutlay\u0131n. Bu 22 Ayar Alt\u0131n Ganesh Kolye, ruhani zarafeti ve gelene\u011fi harmanl\u0131yor - anlaml\u0131 Diwali hediyeleri i\u00e7in u\u011furlu bir se\u00e7im.","breadcrumb":{"@id":"https:\/\/www.purejewels.com\/product\/22ct-gold-ganesh-pendant-51011\/#breadcrumb"},"inLanguage":"tr","potentialAction":[{"@type":"ReadAction","target":["https:\/\/www.purejewels.com\/product\/22ct-gold-ganesh-pendant-51011\/"]}]},{"@type":"ImageObject","inLanguage":"tr","@id":"https:\/\/www.purejewels.com\/product\/22ct-gold-ganesh-pendant-51011\/#primaryimage","url":"https:\/\/static.purejewels.com\/wp-content\/uploads\/2025\/05\/51011.png","contentUrl":"https:\/\/static.purejewels.com\/wp-content\/uploads\/2025\/05\/51011.png","width":1000,"height":1000,"caption":"22ct Gold Ganesh Pendant"},{"@type":"BreadcrumbList","@id":"https:\/\/www.purejewels.com\/product\/22ct-gold-ganesh-pendant-51011\/#breadcrumb","itemListElement":[{"@type":"ListItem","position":1,"name":"Home","item":"https:\/\/www.purejewels.com\/"},{"@type":"ListItem","position":2,"name":"Shop","item":"https:\/\/www.purejewels.com\/shop\/"},{"@type":"ListItem","position":3,"name":"22ct Gold Ganesh Pendant"}]},{"@type":"WebSite","@id":"https:\/\/www.purejewels.com\/#website","url":"https:\/\/www.purejewels.com\/","name":"PureJewels \u0130ngiltere","description":"Sevgiyi Payla\u015f\u0131n","publisher":{"@id":"https:\/\/www.purejewels.com\/#organization"},"potentialAction":[{"@type":"SearchAction","target":{"@type":"EntryPoint","urlTemplate":"https:\/\/www.purejewels.com\/?s={search_term_string}"},"query-input":{"@type":"PropertyValueSpecification","valueRequired":true,"valueName":"search_term_string"}}],"inLanguage":"tr"},{"@type":"Organization","@id":"https:\/\/www.purejewels.com\/#organization","name":"PureJewels \u0130ngiltere","url":"https:\/\/www.purejewels.com\/","logo":{"@type":"ImageObject","inLanguage":"tr","@id":"https:\/\/www.purejewels.com\/#\/schema\/logo\/image\/","url":"https:\/\/static.purejewels.com\/wp-content\/uploads\/2020\/11\/Logo-PJ-New-1.png","contentUrl":"https:\/\/static.purejewels.com\/wp-content\/uploads\/2020\/11\/Logo-PJ-New-1.png","width":150,"height":80,"caption":"PureJewels UK"},"image":{"@id":"https:\/\/www.purejewels.com\/#\/schema\/logo\/image\/"}}]}},"_links":{"self":[{"href":"https:\/\/www.purejewels.com\/tr\/wp-json\/wp\/v2\/product\/395160","targetHints":{"allow":["GET"]}}],"collection":[{"href":"https:\/\/www.purejewels.com\/tr\/wp-json\/wp\/v2\/product"}],"about":[{"href":"https:\/\/www.purejewels.com\/tr\/wp-json\/wp\/v2\/types\/product"}],"replies":[{"embeddable":true,"href":"https:\/\/www.purejewels.com\/tr\/wp-json\/wp\/v2\/comments?post=395160"}],"version-history":[{"count":3,"href":"https:\/\/www.purejewels.com\/tr\/wp-json\/wp\/v2\/product\/395160\/revisions"}],"predecessor-version":[{"id":395281,"href":"https:\/\/www.purejewels.com\/tr\/wp-json\/wp\/v2\/product\/395160\/revisions\/395281"}],"wp:featuredmedia":[{"embeddable":true,"href":"https:\/\/www.purejewels.com\/tr\/wp-json\/wp\/v2\/media\/395161"}],"wp:attachment":[{"href":"https:\/\/www.purejewels.com\/tr\/wp-json\/wp\/v2\/media?parent=395160"}],"wp:term":[{"taxonomy":"product_brand","embeddable":true,"href":"https:\/\/www.purejewels.com\/tr\/wp-json\/wp\/v2\/product_brand?post=395160"},{"taxonomy":"product_cat","embeddable":true,"href":"https:\/\/www.purejewels.com\/tr\/wp-json\/wp\/v2\/product_cat?post=395160"},{"taxonomy":"product_tag","embeddable":true,"href":"https:\/\/www.purejewels.com\/tr\/wp-json\/wp\/v2\/product_tag?post=395160"}],"curies":[{"name":"wp","href":"https:\/\/api.w.org\/{rel}","templated":true}]}}