{"id":395233,"date":"2025-01-07T05:41:10","date_gmt":"2025-01-07T05:41:10","guid":{"rendered":"https:\/\/www.purejewels.com\/?post_type=product&#038;p=395233"},"modified":"2026-04-27T09:27:21","modified_gmt":"2026-04-27T08:27:21","slug":"22-ayar-altindan-shiv-kolye-ucu-51009","status":"publish","type":"product","link":"https:\/\/www.purejewels.com\/tr\/product\/shiv-pendant-in-22-carat-gold-51009\/","title":{"rendered":"22 Ayar Alt\u0131n Shiv Kolye Ucu"},"content":{"rendered":"<p>Bu ince el i\u015f\u00e7ili\u011fi ile ilahi olan\u0131 onurland\u0131r\u0131n <strong data-start=\"175\" data-end=\"196\">Shiv alt\u0131n kolye<\/strong> i\u00e7inde <strong data-start=\"200\" data-end=\"218\">22 ayar saf alt\u0131n<\/strong>Lord Shiva'n\u0131n kutsal enerjisini yay\u0131yor. Bu <strong data-start=\"268\" data-end=\"295\" data-is-only-node=\"\">Hindu dini kolye ucu<\/strong> ruhsal g\u00fcc\u00fc, d\u00f6n\u00fc\u015f\u00fcm\u00fc ve korumay\u0131 sembolize eder. G\u00fcnl\u00fck kullan\u0131m, rit\u00fceller veya hediye i\u00e7in m\u00fckemmel olan bu <strong data-start=\"409\" data-end=\"435\">Lord Shiva alt\u0131n madalyon<\/strong> arayan adanm\u0131\u015flar i\u00e7in tasarlanm\u0131\u015ft\u0131r <strong data-start=\"470\" data-end=\"496\">ruhani alt\u0131n tak\u0131lar<\/strong> Her detay\u0131nda gelene\u011fi, anlam\u0131 ve zarafeti harmanlayan.<\/p>\n<p>&nbsp;<\/p>","protected":false},"excerpt":{"rendered":"<p>Lord Shiva'n\u0131n ilahi g\u00fcc\u00fcn\u00fc ve zarafetini simgeleyen ince i\u015flenmi\u015f 22 ayar alt\u0131n Shiv kolye ucu. Ger\u00e7ek adanm\u0131\u015flar i\u00e7in kutsal bir ruhani alt\u0131n tak\u0131 par\u00e7as\u0131.<\/p>\n<p><strong>Malzeme:<\/strong>\u00a022 Ayar Alt\u0131n<strong><br \/>\nHallmark:\u00a0<\/strong>\u0130ngiliz Damgas\u0131<strong><br \/>\n<\/strong><strong>Br\u00fct A\u011f\u0131rl\u0131k: <\/strong>3.3 Gms<strong><br \/>\nSKU: <\/strong>51009<\/p>\n<p><strong>Fiyat ve Teslimat: <\/strong>Zincir fiyat\u0131 dahil de\u011fildir, KDV ve teslimat \u00fccretleri dahildir<strong><br \/>\n<a href=\"https:\/\/www.purejewels.com\/tr\/i%cc%87ade-poli%cc%87ti%cc%87kasi\/\">\u0130ade Politikas\u0131<\/a><\/strong><\/p>","protected":false},"featured_media":407955,"comment_status":"closed","ping_status":"closed","template":"","meta":{"_eb_attr":"","_crsspst_to_jayantr4sg-hostcom":true},"product_brand":[],"product_cat":[1571,1229,1255,5344,1767,1572,1768,5338,1701,5349],"product_tag":[],"class_list":{"0":"post-395233","1":"product","2":"type-product","3":"status-publish","4":"has-post-thumbnail","6":"product_cat-fathers-day-gifts","7":"product_cat-22ct-gold-jewellery","8":"product_cat-gold-pendants","9":"product_cat-jewellery-under-750","10":"product_cat-ladies-pendants","11":"product_cat-mens-jewellery","12":"product_cat-mens-pendants","13":"product_cat-shop-by-price","14":"product_cat-religious-pendants","15":"product_cat-yellow-gold-jewellery","17":"first","18":"instock","19":"taxable","20":"shipping-taxable","21":"purchasable","22":"product-type-simple","23":"add-to-wishlist-before_image"},"yoast_head":"<!-- This site is optimized with the Yoast SEO plugin v27.6 - https:\/\/yoast.com\/product\/yoast-seo-wordpress\/ -->\n<title>PureJewels 22ct Gold Lord Shiva Pendant | Shop online<\/title>\n<meta name=\"description\" content=\"Embrace divine energy with our 22ct Gold Lord Shiva Pendant\u2014crafted in pure gold to honour the cosmic deity. Shop online at PureJewels.\" \/>\n<meta name=\"robots\" content=\"index, follow, max-snippet:-1, max-image-preview:large, max-video-preview:-1\" \/>\n<link rel=\"canonical\" href=\"https:\/\/www.purejewels.com\/tr\/urun\/22-ayar-altindan-shiv-kolye-ucu-51009\/\" \/>\n<meta property=\"og:locale\" content=\"tr_TR\" \/>\n<meta property=\"og:type\" content=\"article\" \/>\n<meta property=\"og:title\" content=\"PureJewels 22ct Gold Lord Shiva Pendant | Shop online\" \/>\n<meta property=\"og:description\" content=\"Embrace divine energy with our 22ct Gold Lord Shiva Pendant\u2014crafted in pure gold to honour the cosmic deity. Shop online at PureJewels.\" \/>\n<meta property=\"og:url\" content=\"https:\/\/www.purejewels.com\/tr\/urun\/22-ayar-altindan-shiv-kolye-ucu-51009\/\" \/>\n<meta property=\"og:site_name\" content=\"PureJewels UK\" \/>\n<meta property=\"article:modified_time\" content=\"2026-04-27T08:27:21+00:00\" \/>\n<meta property=\"og:image\" content=\"https:\/\/static.purejewels.com\/wp-content\/uploads\/2025\/01\/SKU-51009.jpg\" \/>\n\t<meta property=\"og:image:width\" content=\"1000\" \/>\n\t<meta property=\"og:image:height\" content=\"1000\" \/>\n\t<meta property=\"og:image:type\" content=\"image\/jpeg\" \/>\n<meta name=\"twitter:card\" content=\"summary_large_image\" \/>\n<meta name=\"twitter:label1\" content=\"Tahmini okuma s\u00fcresi\" \/>\n\t<meta name=\"twitter:data1\" content=\"1 dakika\" \/>\n<script type=\"application\/ld+json\" class=\"yoast-schema-graph\">{\"@context\":\"https:\\\/\\\/schema.org\",\"@graph\":[{\"@type\":[\"WebPage\",\"ItemPage\"],\"@id\":\"https:\\\/\\\/www.purejewels.com\\\/product\\\/shiv-pendant-in-22-carat-gold-51009\\\/\",\"url\":\"https:\\\/\\\/www.purejewels.com\\\/product\\\/shiv-pendant-in-22-carat-gold-51009\\\/\",\"name\":\"PureJewels 22ct Gold Lord Shiva Pendant | Shop online\",\"isPartOf\":{\"@id\":\"https:\\\/\\\/www.purejewels.com\\\/#website\"},\"primaryImageOfPage\":{\"@id\":\"https:\\\/\\\/www.purejewels.com\\\/product\\\/shiv-pendant-in-22-carat-gold-51009\\\/#primaryimage\"},\"image\":{\"@id\":\"https:\\\/\\\/www.purejewels.com\\\/product\\\/shiv-pendant-in-22-carat-gold-51009\\\/#primaryimage\"},\"thumbnailUrl\":\"https:\\\/\\\/static.purejewels.com\\\/wp-content\\\/uploads\\\/2025\\\/01\\\/SKU-51009.jpg\",\"datePublished\":\"2025-01-07T05:41:10+00:00\",\"dateModified\":\"2026-04-27T08:27:21+00:00\",\"description\":\"Embrace divine energy with our 22ct Gold Lord Shiva Pendant\u2014crafted in pure gold to honour the cosmic deity. Shop online at PureJewels.\",\"breadcrumb\":{\"@id\":\"https:\\\/\\\/www.purejewels.com\\\/product\\\/shiv-pendant-in-22-carat-gold-51009\\\/#breadcrumb\"},\"inLanguage\":\"tr\",\"potentialAction\":[{\"@type\":\"ReadAction\",\"target\":[\"https:\\\/\\\/www.purejewels.com\\\/product\\\/shiv-pendant-in-22-carat-gold-51009\\\/\"]}]},{\"@type\":\"ImageObject\",\"inLanguage\":\"tr\",\"@id\":\"https:\\\/\\\/www.purejewels.com\\\/product\\\/shiv-pendant-in-22-carat-gold-51009\\\/#primaryimage\",\"url\":\"https:\\\/\\\/static.purejewels.com\\\/wp-content\\\/uploads\\\/2025\\\/01\\\/SKU-51009.jpg\",\"contentUrl\":\"https:\\\/\\\/static.purejewels.com\\\/wp-content\\\/uploads\\\/2025\\\/01\\\/SKU-51009.jpg\",\"width\":1000,\"height\":1000,\"caption\":\"51009\"},{\"@type\":\"BreadcrumbList\",\"@id\":\"https:\\\/\\\/www.purejewels.com\\\/product\\\/shiv-pendant-in-22-carat-gold-51009\\\/#breadcrumb\",\"itemListElement\":[{\"@type\":\"ListItem\",\"position\":1,\"name\":\"Home\",\"item\":\"https:\\\/\\\/www.purejewels.com\\\/\"},{\"@type\":\"ListItem\",\"position\":2,\"name\":\"Shop\",\"item\":\"https:\\\/\\\/www.purejewels.com\\\/shop\\\/\"},{\"@type\":\"ListItem\",\"position\":3,\"name\":\"Shiv Pendant in 22 Carat Gold\"}]},{\"@type\":\"WebSite\",\"@id\":\"https:\\\/\\\/www.purejewels.com\\\/#website\",\"url\":\"https:\\\/\\\/www.purejewels.com\\\/\",\"name\":\"PureJewels UK\",\"description\":\"Share the Love\",\"publisher\":{\"@id\":\"https:\\\/\\\/www.purejewels.com\\\/#organization\"},\"potentialAction\":[{\"@type\":\"SearchAction\",\"target\":{\"@type\":\"EntryPoint\",\"urlTemplate\":\"https:\\\/\\\/www.purejewels.com\\\/?s={search_term_string}\"},\"query-input\":{\"@type\":\"PropertyValueSpecification\",\"valueRequired\":true,\"valueName\":\"search_term_string\"}}],\"inLanguage\":\"tr\"},{\"@type\":\"Organization\",\"@id\":\"https:\\\/\\\/www.purejewels.com\\\/#organization\",\"name\":\"PureJewels UK\",\"url\":\"https:\\\/\\\/www.purejewels.com\\\/\",\"logo\":{\"@type\":\"ImageObject\",\"inLanguage\":\"tr\",\"@id\":\"https:\\\/\\\/www.purejewels.com\\\/#\\\/schema\\\/logo\\\/image\\\/\",\"url\":\"https:\\\/\\\/static.purejewels.com\\\/wp-content\\\/uploads\\\/2020\\\/11\\\/Logo-PJ-New-1.png\",\"contentUrl\":\"https:\\\/\\\/static.purejewels.com\\\/wp-content\\\/uploads\\\/2020\\\/11\\\/Logo-PJ-New-1.png\",\"width\":150,\"height\":80,\"caption\":\"PureJewels UK\"},\"image\":{\"@id\":\"https:\\\/\\\/www.purejewels.com\\\/#\\\/schema\\\/logo\\\/image\\\/\"}}]}<\/script>\n<!-- \/ Yoast SEO plugin. -->","yoast_head_json":{"title":"PureJewels 22 Ayar Alt\u0131n Lord Shiva Kolye | Online al\u0131\u015fveri\u015f","description":"Kozmik tanr\u0131y\u0131 onurland\u0131rmak i\u00e7in saf alt\u0131ndan \u00fcretilen 22 Ayar Alt\u0131n Lord Shiva Kolyemiz ile ilahi enerjiyi kucaklay\u0131n. PureJewels'ten online al\u0131\u015fveri\u015f yap\u0131n.","robots":{"index":"index","follow":"follow","max-snippet":"max-snippet:-1","max-image-preview":"max-image-preview:large","max-video-preview":"max-video-preview:-1"},"canonical":"https:\/\/www.purejewels.com\/tr\/urun\/22-ayar-altindan-shiv-kolye-ucu-51009\/","og_locale":"tr_TR","og_type":"article","og_title":"PureJewels 22ct Gold Lord Shiva Pendant | Shop online","og_description":"Embrace divine energy with our 22ct Gold Lord Shiva Pendant\u2014crafted in pure gold to honour the cosmic deity. Shop online at PureJewels.","og_url":"https:\/\/www.purejewels.com\/tr\/urun\/22-ayar-altindan-shiv-kolye-ucu-51009\/","og_site_name":"PureJewels UK","article_modified_time":"2026-04-27T08:27:21+00:00","og_image":[{"width":1000,"height":1000,"url":"https:\/\/static.purejewels.com\/wp-content\/uploads\/2025\/01\/SKU-51009.jpg","type":"image\/jpeg"}],"twitter_card":"summary_large_image","twitter_misc":{"Tahmini okuma s\u00fcresi":"1 dakika"},"schema":{"@context":"https:\/\/schema.org","@graph":[{"@type":["WebPage","ItemPage"],"@id":"https:\/\/www.purejewels.com\/product\/shiv-pendant-in-22-carat-gold-51009\/","url":"https:\/\/www.purejewels.com\/product\/shiv-pendant-in-22-carat-gold-51009\/","name":"PureJewels 22 Ayar Alt\u0131n Lord Shiva Kolye | Online al\u0131\u015fveri\u015f","isPartOf":{"@id":"https:\/\/www.purejewels.com\/#website"},"primaryImageOfPage":{"@id":"https:\/\/www.purejewels.com\/product\/shiv-pendant-in-22-carat-gold-51009\/#primaryimage"},"image":{"@id":"https:\/\/www.purejewels.com\/product\/shiv-pendant-in-22-carat-gold-51009\/#primaryimage"},"thumbnailUrl":"https:\/\/static.purejewels.com\/wp-content\/uploads\/2025\/01\/SKU-51009.jpg","datePublished":"2025-01-07T05:41:10+00:00","dateModified":"2026-04-27T08:27:21+00:00","description":"Kozmik tanr\u0131y\u0131 onurland\u0131rmak i\u00e7in saf alt\u0131ndan \u00fcretilen 22 Ayar Alt\u0131n Lord Shiva Kolyemiz ile ilahi enerjiyi kucaklay\u0131n. PureJewels'ten online al\u0131\u015fveri\u015f yap\u0131n.","breadcrumb":{"@id":"https:\/\/www.purejewels.com\/product\/shiv-pendant-in-22-carat-gold-51009\/#breadcrumb"},"inLanguage":"tr","potentialAction":[{"@type":"ReadAction","target":["https:\/\/www.purejewels.com\/product\/shiv-pendant-in-22-carat-gold-51009\/"]}]},{"@type":"ImageObject","inLanguage":"tr","@id":"https:\/\/www.purejewels.com\/product\/shiv-pendant-in-22-carat-gold-51009\/#primaryimage","url":"https:\/\/static.purejewels.com\/wp-content\/uploads\/2025\/01\/SKU-51009.jpg","contentUrl":"https:\/\/static.purejewels.com\/wp-content\/uploads\/2025\/01\/SKU-51009.jpg","width":1000,"height":1000,"caption":"51009"},{"@type":"BreadcrumbList","@id":"https:\/\/www.purejewels.com\/product\/shiv-pendant-in-22-carat-gold-51009\/#breadcrumb","itemListElement":[{"@type":"ListItem","position":1,"name":"Home","item":"https:\/\/www.purejewels.com\/"},{"@type":"ListItem","position":2,"name":"Shop","item":"https:\/\/www.purejewels.com\/shop\/"},{"@type":"ListItem","position":3,"name":"Shiv Pendant in 22 Carat Gold"}]},{"@type":"WebSite","@id":"https:\/\/www.purejewels.com\/#website","url":"https:\/\/www.purejewels.com\/","name":"PureJewels \u0130ngiltere","description":"Sevgiyi Payla\u015f\u0131n","publisher":{"@id":"https:\/\/www.purejewels.com\/#organization"},"potentialAction":[{"@type":"SearchAction","target":{"@type":"EntryPoint","urlTemplate":"https:\/\/www.purejewels.com\/?s={search_term_string}"},"query-input":{"@type":"PropertyValueSpecification","valueRequired":true,"valueName":"search_term_string"}}],"inLanguage":"tr"},{"@type":"Organization","@id":"https:\/\/www.purejewels.com\/#organization","name":"PureJewels \u0130ngiltere","url":"https:\/\/www.purejewels.com\/","logo":{"@type":"ImageObject","inLanguage":"tr","@id":"https:\/\/www.purejewels.com\/#\/schema\/logo\/image\/","url":"https:\/\/static.purejewels.com\/wp-content\/uploads\/2020\/11\/Logo-PJ-New-1.png","contentUrl":"https:\/\/static.purejewels.com\/wp-content\/uploads\/2020\/11\/Logo-PJ-New-1.png","width":150,"height":80,"caption":"PureJewels UK"},"image":{"@id":"https:\/\/www.purejewels.com\/#\/schema\/logo\/image\/"}}]}},"_links":{"self":[{"href":"https:\/\/www.purejewels.com\/tr\/wp-json\/wp\/v2\/product\/395233","targetHints":{"allow":["GET"]}}],"collection":[{"href":"https:\/\/www.purejewels.com\/tr\/wp-json\/wp\/v2\/product"}],"about":[{"href":"https:\/\/www.purejewels.com\/tr\/wp-json\/wp\/v2\/types\/product"}],"replies":[{"embeddable":true,"href":"https:\/\/www.purejewels.com\/tr\/wp-json\/wp\/v2\/comments?post=395233"}],"version-history":[{"count":3,"href":"https:\/\/www.purejewels.com\/tr\/wp-json\/wp\/v2\/product\/395233\/revisions"}],"predecessor-version":[{"id":407958,"href":"https:\/\/www.purejewels.com\/tr\/wp-json\/wp\/v2\/product\/395233\/revisions\/407958"}],"wp:featuredmedia":[{"embeddable":true,"href":"https:\/\/www.purejewels.com\/tr\/wp-json\/wp\/v2\/media\/407955"}],"wp:attachment":[{"href":"https:\/\/www.purejewels.com\/tr\/wp-json\/wp\/v2\/media?parent=395233"}],"wp:term":[{"taxonomy":"product_brand","embeddable":true,"href":"https:\/\/www.purejewels.com\/tr\/wp-json\/wp\/v2\/product_brand?post=395233"},{"taxonomy":"product_cat","embeddable":true,"href":"https:\/\/www.purejewels.com\/tr\/wp-json\/wp\/v2\/product_cat?post=395233"},{"taxonomy":"product_tag","embeddable":true,"href":"https:\/\/www.purejewels.com\/tr\/wp-json\/wp\/v2\/product_tag?post=395233"}],"curies":[{"name":"wp","href":"https:\/\/api.w.org\/{rel}","templated":true}]}}