{"id":395288,"date":"2025-08-11T08:57:55","date_gmt":"2025-08-11T07:57:55","guid":{"rendered":"https:\/\/www.purejewels.com\/?post_type=product&#038;p=395288"},"modified":"2026-01-06T07:30:22","modified_gmt":"2026-01-06T07:30:22","slug":"22-ayar-altindan-ilahi-ganesh-kolye-ucu-51000","status":"publish","type":"product","link":"https:\/\/www.purejewels.com\/tr\/product\/divine-ganesh-pendant-in-22ct-gold-51000\/","title":{"rendered":"22 Ayar Alt\u0131n \u0130lahi Ganesh Kolye Ucu"},"content":{"rendered":"<p data-start=\"121\" data-end=\"777\">Bilgeli\u011fin, refah\u0131n ve yeni ba\u015flang\u0131\u00e7lar\u0131n kutsal sembol\u00fc olan 22 Ayar Alt\u0131n Gane\u015f Kolyemizle kutsamalar\u0131 ve ilahi korumay\u0131 \u00e7a\u011f\u0131r\u0131n. Saf 22 ayar sar\u0131 alt\u0131ndan \u00fcretilen bu karma\u015f\u0131k detayl\u0131 kolyede Lord Ganesha \u0131\u015f\u0131lt\u0131l\u0131 bir formda yer almaktad\u0131r ve g\u00fcnl\u00fck adanm\u0131\u015fl\u0131k veya bayram giysileri i\u00e7in m\u00fckemmeldir. Manevi \u00f6nemi ve zamans\u0131z i\u015f\u00e7ili\u011fi, onu \u00f6zel g\u00fcnler, Diwali'de d\u00fc\u015f\u00fcnceli bir hediye veya ki\u015fisel d\u00f6n\u00fcm noktalar\u0131 i\u00e7in ideal bir hediye haline getiriyor. Hafif ve \u00e7ok y\u00f6nl\u00fcd\u00fcr, her uzunluktaki alt\u0131n zincirle g\u00fczel bir uyum sa\u011flar. \u0130ster kalbe yak\u0131n tak\u0131ls\u0131n ister sevgiyle verilsin, bu Ganesh kolye ucu her detay\u0131nda inan\u00e7, gelenek ve zarafeti bar\u0131nd\u0131r\u0131r.<\/p>\n<p>&nbsp;<\/p>","protected":false},"excerpt":{"rendered":"<p>Bilgelik, refah ve ilahi kutsamalar\u0131 simgeleyen zarif 22 Ayar Alt\u0131n Ganesh Kolye.<br \/>\nG\u00fcnl\u00fck adanm\u0131\u015fl\u0131k, hediye etme veya m\u00fccevher koleksiyonunuza kutsal bir dokunu\u015f eklemek i\u00e7in m\u00fckemmeldir<\/p>\n<p><strong>Malzeme:<\/strong>\u00a022 Ayar Alt\u0131n<strong><br \/>\nHallmark:\u00a0<\/strong>\u0130ngiliz Damgas\u0131<strong><br \/>\n<\/strong><strong>Br\u00fct A\u011f\u0131rl\u0131k: <\/strong>0.98 Gms<strong><br \/>\nSKU: <\/strong>51000<\/p>\n<p><strong>Fiyat ve Teslimat: <\/strong>Zincir fiyat\u0131 dahil de\u011fildir, KDV ve teslimat \u00fccretleri dahildir<strong><br \/>\n<a href=\"https:\/\/www.purejewels.com\/tr\/i%cc%87ade-poli%cc%87ti%cc%87kasi\/\">\u0130ade Politikas\u0131<\/a><\/strong><\/p>","protected":false},"featured_media":407157,"comment_status":"closed","ping_status":"closed","template":"","meta":{"_eb_attr":"","_crsspst_to_jayantr4sg-hostcom":true},"product_brand":[],"product_cat":[1793,5601,1229,1255,5342,1767,1572,1768,5338,1701,1574,5349],"product_tag":[],"class_list":{"0":"post-395288","1":"product","2":"type-product","3":"status-publish","4":"has-post-thumbnail","6":"product_cat-diwali-gifts","7":"product_cat-ganesh-pendants","8":"product_cat-22ct-gold-jewellery","9":"product_cat-gold-pendants","10":"product_cat-jewellery-under-250","11":"product_cat-ladies-pendants","12":"product_cat-mens-jewellery","13":"product_cat-mens-pendants","14":"product_cat-shop-by-price","15":"product_cat-religious-pendants","16":"product_cat-womens-jewellery","17":"product_cat-yellow-gold-jewellery","19":"first","20":"outofstock","21":"taxable","22":"shipping-taxable","23":"product-type-simple","24":"add-to-wishlist-before_image"},"yoast_head":"<!-- This site is optimized with the Yoast SEO plugin v27.6 - https:\/\/yoast.com\/product\/yoast-seo-wordpress\/ -->\n<title>Divine 22ct Gold Ganesha Pendant | PureJewels UK<\/title>\n<meta name=\"description\" content=\"Shop the 22ct Gold Ganesha Pendant at PureJewels UK \u2013 a handcrafted symbol of tradition and spiritual grace, perfect for meaningful Diwali gifts.\" \/>\n<meta name=\"robots\" content=\"index, follow, max-snippet:-1, max-image-preview:large, max-video-preview:-1\" \/>\n<link rel=\"canonical\" href=\"https:\/\/www.purejewels.com\/tr\/urun\/22-ayar-altindan-ilahi-ganesh-kolye-ucu-51000\/\" \/>\n<meta property=\"og:locale\" content=\"tr_TR\" \/>\n<meta property=\"og:type\" content=\"article\" \/>\n<meta property=\"og:title\" content=\"Divine 22ct Gold Ganesha Pendant | PureJewels UK\" \/>\n<meta property=\"og:description\" content=\"Shop the 22ct Gold Ganesha Pendant at PureJewels UK \u2013 a handcrafted symbol of tradition and spiritual grace, perfect for meaningful Diwali gifts.\" \/>\n<meta property=\"og:url\" content=\"https:\/\/www.purejewels.com\/tr\/urun\/22-ayar-altindan-ilahi-ganesh-kolye-ucu-51000\/\" \/>\n<meta property=\"og:site_name\" content=\"PureJewels UK\" \/>\n<meta property=\"article:modified_time\" content=\"2026-01-06T07:30:22+00:00\" \/>\n<meta property=\"og:image\" content=\"https:\/\/www.purejewels.com\/wp-content\/uploads\/2025\/01\/SKU-51000.jpg\" \/>\n\t<meta property=\"og:image:width\" content=\"1000\" \/>\n\t<meta property=\"og:image:height\" content=\"1000\" \/>\n\t<meta property=\"og:image:type\" content=\"image\/jpeg\" \/>\n<meta name=\"twitter:card\" content=\"summary_large_image\" \/>\n<meta name=\"twitter:label1\" content=\"Tahmini okuma s\u00fcresi\" \/>\n\t<meta name=\"twitter:data1\" content=\"1 dakika\" \/>\n<script type=\"application\/ld+json\" class=\"yoast-schema-graph\">{\"@context\":\"https:\\\/\\\/schema.org\",\"@graph\":[{\"@type\":[\"WebPage\",\"ItemPage\"],\"@id\":\"https:\\\/\\\/www.purejewels.com\\\/product\\\/divine-ganesh-pendant-in-22ct-gold-51000\\\/\",\"url\":\"https:\\\/\\\/www.purejewels.com\\\/product\\\/divine-ganesh-pendant-in-22ct-gold-51000\\\/\",\"name\":\"Divine 22ct Gold Ganesha Pendant | PureJewels UK\",\"isPartOf\":{\"@id\":\"https:\\\/\\\/www.purejewels.com\\\/#website\"},\"primaryImageOfPage\":{\"@id\":\"https:\\\/\\\/www.purejewels.com\\\/product\\\/divine-ganesh-pendant-in-22ct-gold-51000\\\/#primaryimage\"},\"image\":{\"@id\":\"https:\\\/\\\/www.purejewels.com\\\/product\\\/divine-ganesh-pendant-in-22ct-gold-51000\\\/#primaryimage\"},\"thumbnailUrl\":\"https:\\\/\\\/static.purejewels.com\\\/wp-content\\\/uploads\\\/2025\\\/01\\\/SKU-51000.jpg\",\"datePublished\":\"2025-08-11T07:57:55+00:00\",\"dateModified\":\"2026-01-06T07:30:22+00:00\",\"description\":\"Shop the 22ct Gold Ganesha Pendant at PureJewels UK \u2013 a handcrafted symbol of tradition and spiritual grace, perfect for meaningful Diwali gifts.\",\"breadcrumb\":{\"@id\":\"https:\\\/\\\/www.purejewels.com\\\/product\\\/divine-ganesh-pendant-in-22ct-gold-51000\\\/#breadcrumb\"},\"inLanguage\":\"tr\",\"potentialAction\":[{\"@type\":\"ReadAction\",\"target\":[\"https:\\\/\\\/www.purejewels.com\\\/product\\\/divine-ganesh-pendant-in-22ct-gold-51000\\\/\"]}]},{\"@type\":\"ImageObject\",\"inLanguage\":\"tr\",\"@id\":\"https:\\\/\\\/www.purejewels.com\\\/product\\\/divine-ganesh-pendant-in-22ct-gold-51000\\\/#primaryimage\",\"url\":\"https:\\\/\\\/static.purejewels.com\\\/wp-content\\\/uploads\\\/2025\\\/01\\\/SKU-51000.jpg\",\"contentUrl\":\"https:\\\/\\\/static.purejewels.com\\\/wp-content\\\/uploads\\\/2025\\\/01\\\/SKU-51000.jpg\",\"width\":1000,\"height\":1000,\"caption\":\"51000\"},{\"@type\":\"BreadcrumbList\",\"@id\":\"https:\\\/\\\/www.purejewels.com\\\/product\\\/divine-ganesh-pendant-in-22ct-gold-51000\\\/#breadcrumb\",\"itemListElement\":[{\"@type\":\"ListItem\",\"position\":1,\"name\":\"Home\",\"item\":\"https:\\\/\\\/www.purejewels.com\\\/\"},{\"@type\":\"ListItem\",\"position\":2,\"name\":\"Shop\",\"item\":\"https:\\\/\\\/www.purejewels.com\\\/shop\\\/\"},{\"@type\":\"ListItem\",\"position\":3,\"name\":\"Divine Ganesh Pendant in 22ct Gold\"}]},{\"@type\":\"WebSite\",\"@id\":\"https:\\\/\\\/www.purejewels.com\\\/#website\",\"url\":\"https:\\\/\\\/www.purejewels.com\\\/\",\"name\":\"PureJewels UK\",\"description\":\"Share the Love\",\"publisher\":{\"@id\":\"https:\\\/\\\/www.purejewels.com\\\/#organization\"},\"potentialAction\":[{\"@type\":\"SearchAction\",\"target\":{\"@type\":\"EntryPoint\",\"urlTemplate\":\"https:\\\/\\\/www.purejewels.com\\\/?s={search_term_string}\"},\"query-input\":{\"@type\":\"PropertyValueSpecification\",\"valueRequired\":true,\"valueName\":\"search_term_string\"}}],\"inLanguage\":\"tr\"},{\"@type\":\"Organization\",\"@id\":\"https:\\\/\\\/www.purejewels.com\\\/#organization\",\"name\":\"PureJewels UK\",\"url\":\"https:\\\/\\\/www.purejewels.com\\\/\",\"logo\":{\"@type\":\"ImageObject\",\"inLanguage\":\"tr\",\"@id\":\"https:\\\/\\\/www.purejewels.com\\\/#\\\/schema\\\/logo\\\/image\\\/\",\"url\":\"https:\\\/\\\/static.purejewels.com\\\/wp-content\\\/uploads\\\/2020\\\/11\\\/Logo-PJ-New-1.png\",\"contentUrl\":\"https:\\\/\\\/static.purejewels.com\\\/wp-content\\\/uploads\\\/2020\\\/11\\\/Logo-PJ-New-1.png\",\"width\":150,\"height\":80,\"caption\":\"PureJewels UK\"},\"image\":{\"@id\":\"https:\\\/\\\/www.purejewels.com\\\/#\\\/schema\\\/logo\\\/image\\\/\"}}]}<\/script>\n<!-- \/ Yoast SEO plugin. -->","yoast_head_json":{"title":"Divine 22 Ayar Alt\u0131n Ganesha Kolye Ucu | PureJewels UK","description":"PureJewels UK'de, anlaml\u0131 Diwali hediyeleri i\u00e7in m\u00fckemmel, gelene\u011fin ve ruhani zarafetin el yap\u0131m\u0131 bir sembol\u00fc olan 22 Ayar Alt\u0131n Ganesha Kolyeyi sat\u0131n al\u0131n.","robots":{"index":"index","follow":"follow","max-snippet":"max-snippet:-1","max-image-preview":"max-image-preview:large","max-video-preview":"max-video-preview:-1"},"canonical":"https:\/\/www.purejewels.com\/tr\/urun\/22-ayar-altindan-ilahi-ganesh-kolye-ucu-51000\/","og_locale":"tr_TR","og_type":"article","og_title":"Divine 22ct Gold Ganesha Pendant | PureJewels UK","og_description":"Shop the 22ct Gold Ganesha Pendant at PureJewels UK \u2013 a handcrafted symbol of tradition and spiritual grace, perfect for meaningful Diwali gifts.","og_url":"https:\/\/www.purejewels.com\/tr\/urun\/22-ayar-altindan-ilahi-ganesh-kolye-ucu-51000\/","og_site_name":"PureJewels UK","article_modified_time":"2026-01-06T07:30:22+00:00","og_image":[{"width":1000,"height":1000,"url":"https:\/\/www.purejewels.com\/wp-content\/uploads\/2025\/01\/SKU-51000.jpg","type":"image\/jpeg"}],"twitter_card":"summary_large_image","twitter_misc":{"Tahmini okuma s\u00fcresi":"1 dakika"},"schema":{"@context":"https:\/\/schema.org","@graph":[{"@type":["WebPage","ItemPage"],"@id":"https:\/\/www.purejewels.com\/product\/divine-ganesh-pendant-in-22ct-gold-51000\/","url":"https:\/\/www.purejewels.com\/product\/divine-ganesh-pendant-in-22ct-gold-51000\/","name":"Divine 22 Ayar Alt\u0131n Ganesha Kolye Ucu | PureJewels UK","isPartOf":{"@id":"https:\/\/www.purejewels.com\/#website"},"primaryImageOfPage":{"@id":"https:\/\/www.purejewels.com\/product\/divine-ganesh-pendant-in-22ct-gold-51000\/#primaryimage"},"image":{"@id":"https:\/\/www.purejewels.com\/product\/divine-ganesh-pendant-in-22ct-gold-51000\/#primaryimage"},"thumbnailUrl":"https:\/\/static.purejewels.com\/wp-content\/uploads\/2025\/01\/SKU-51000.jpg","datePublished":"2025-08-11T07:57:55+00:00","dateModified":"2026-01-06T07:30:22+00:00","description":"PureJewels UK'de, anlaml\u0131 Diwali hediyeleri i\u00e7in m\u00fckemmel, gelene\u011fin ve ruhani zarafetin el yap\u0131m\u0131 bir sembol\u00fc olan 22 Ayar Alt\u0131n Ganesha Kolyeyi sat\u0131n al\u0131n.","breadcrumb":{"@id":"https:\/\/www.purejewels.com\/product\/divine-ganesh-pendant-in-22ct-gold-51000\/#breadcrumb"},"inLanguage":"tr","potentialAction":[{"@type":"ReadAction","target":["https:\/\/www.purejewels.com\/product\/divine-ganesh-pendant-in-22ct-gold-51000\/"]}]},{"@type":"ImageObject","inLanguage":"tr","@id":"https:\/\/www.purejewels.com\/product\/divine-ganesh-pendant-in-22ct-gold-51000\/#primaryimage","url":"https:\/\/static.purejewels.com\/wp-content\/uploads\/2025\/01\/SKU-51000.jpg","contentUrl":"https:\/\/static.purejewels.com\/wp-content\/uploads\/2025\/01\/SKU-51000.jpg","width":1000,"height":1000,"caption":"51000"},{"@type":"BreadcrumbList","@id":"https:\/\/www.purejewels.com\/product\/divine-ganesh-pendant-in-22ct-gold-51000\/#breadcrumb","itemListElement":[{"@type":"ListItem","position":1,"name":"Home","item":"https:\/\/www.purejewels.com\/"},{"@type":"ListItem","position":2,"name":"Shop","item":"https:\/\/www.purejewels.com\/shop\/"},{"@type":"ListItem","position":3,"name":"Divine Ganesh Pendant in 22ct Gold"}]},{"@type":"WebSite","@id":"https:\/\/www.purejewels.com\/#website","url":"https:\/\/www.purejewels.com\/","name":"PureJewels \u0130ngiltere","description":"Sevgiyi Payla\u015f\u0131n","publisher":{"@id":"https:\/\/www.purejewels.com\/#organization"},"potentialAction":[{"@type":"SearchAction","target":{"@type":"EntryPoint","urlTemplate":"https:\/\/www.purejewels.com\/?s={search_term_string}"},"query-input":{"@type":"PropertyValueSpecification","valueRequired":true,"valueName":"search_term_string"}}],"inLanguage":"tr"},{"@type":"Organization","@id":"https:\/\/www.purejewels.com\/#organization","name":"PureJewels \u0130ngiltere","url":"https:\/\/www.purejewels.com\/","logo":{"@type":"ImageObject","inLanguage":"tr","@id":"https:\/\/www.purejewels.com\/#\/schema\/logo\/image\/","url":"https:\/\/static.purejewels.com\/wp-content\/uploads\/2020\/11\/Logo-PJ-New-1.png","contentUrl":"https:\/\/static.purejewels.com\/wp-content\/uploads\/2020\/11\/Logo-PJ-New-1.png","width":150,"height":80,"caption":"PureJewels UK"},"image":{"@id":"https:\/\/www.purejewels.com\/#\/schema\/logo\/image\/"}}]}},"_links":{"self":[{"href":"https:\/\/www.purejewels.com\/tr\/wp-json\/wp\/v2\/product\/395288","targetHints":{"allow":["GET"]}}],"collection":[{"href":"https:\/\/www.purejewels.com\/tr\/wp-json\/wp\/v2\/product"}],"about":[{"href":"https:\/\/www.purejewels.com\/tr\/wp-json\/wp\/v2\/types\/product"}],"replies":[{"embeddable":true,"href":"https:\/\/www.purejewels.com\/tr\/wp-json\/wp\/v2\/comments?post=395288"}],"version-history":[{"count":4,"href":"https:\/\/www.purejewels.com\/tr\/wp-json\/wp\/v2\/product\/395288\/revisions"}],"predecessor-version":[{"id":418949,"href":"https:\/\/www.purejewels.com\/tr\/wp-json\/wp\/v2\/product\/395288\/revisions\/418949"}],"wp:featuredmedia":[{"embeddable":true,"href":"https:\/\/www.purejewels.com\/tr\/wp-json\/wp\/v2\/media\/407157"}],"wp:attachment":[{"href":"https:\/\/www.purejewels.com\/tr\/wp-json\/wp\/v2\/media?parent=395288"}],"wp:term":[{"taxonomy":"product_brand","embeddable":true,"href":"https:\/\/www.purejewels.com\/tr\/wp-json\/wp\/v2\/product_brand?post=395288"},{"taxonomy":"product_cat","embeddable":true,"href":"https:\/\/www.purejewels.com\/tr\/wp-json\/wp\/v2\/product_cat?post=395288"},{"taxonomy":"product_tag","embeddable":true,"href":"https:\/\/www.purejewels.com\/tr\/wp-json\/wp\/v2\/product_tag?post=395288"}],"curies":[{"name":"wp","href":"https:\/\/api.w.org\/{rel}","templated":true}]}}