{"id":395308,"date":"2025-04-30T09:57:38","date_gmt":"2025-04-30T08:57:38","guid":{"rendered":"https:\/\/www.purejewels.com\/?post_type=product&#038;p=395308"},"modified":"2026-01-06T08:09:33","modified_gmt":"2026-01-06T08:09:33","slug":"22-ayar-altindan-tavus-kusu-tasarimli-kolye-ucu-51001","status":"publish","type":"product","link":"https:\/\/www.purejewels.com\/tr\/product\/peacock-design-pendant-in-22ct-gold-51001\/","title":{"rendered":"Tavus Ku\u015fu Tasar\u0131ml\u0131 Kolye Ucu | 22 Ayar Alt\u0131n"},"content":{"rendered":"<p>Bu \u00e7arp\u0131c\u0131 tasar\u0131mla koleksiyonunuza \u015f\u0131k bir dokunu\u015f kat\u0131n <strong data-start=\"117\" data-end=\"148\" data-is-only-node=\"\">tavus ku\u015fu tasar\u0131ml\u0131 alt\u0131n kolye<\/strong> i\u00e7inde haz\u0131rlanm\u0131\u015f <strong data-start=\"160\" data-end=\"184\">22 ayar damgal\u0131 alt\u0131n<\/strong> ve canl\u0131 renklerle s\u00fcslenmi\u015f <strong data-start=\"214\" data-end=\"229\">emaye i\u015fi<\/strong>. Do\u011fan\u0131n g\u00fczelli\u011finden ve geleneksel motiflerden ilham alan bu <strong data-start=\"293\" data-end=\"317\">tavus ku\u015fu alt\u0131n kolye<\/strong> zarafet, \u00e7ekicilik ve sanatsal i\u015f\u00e7ilik yans\u0131t\u0131r. Bayram giysileri veya \u00f6zel g\u00fcnler i\u00e7in ideal olan bu <strong data-start=\"417\" data-end=\"442\">tasar\u0131mc\u0131 alt\u0131n kolye<\/strong> sevenler i\u00e7in sahip olunmas\u0131 gereken bir <strong data-start=\"472\" data-end=\"495\">etni\u0307k altin takilar<\/strong> ve Hint esteti\u011fi<\/p>\n<p><b>Aral\u0131k Kimli\u011fi <\/b>JWPNPRCB007APCS<br \/>\n<b>SKU:<\/b>\u00a051001<\/p>","protected":false},"excerpt":{"rendered":"<div class=\"woocommerce-product-details__short-description\">\n<p>Renkli mine detaylara sahip zarif bir 22 ayar alt\u0131n tavus ku\u015fu kolye ucu. Gelenek, g\u00fczellik ve ince i\u015f\u00e7ili\u011fin m\u00fckemmel bir kar\u0131\u015f\u0131m\u0131.<\/p>\n<p><strong>Malzeme:<\/strong> 22 Ayar Alt\u0131n<strong><br \/>\nHallmark:\u00a0<\/strong>\u0130ngiliz Damgas\u0131<strong><br \/>\n<\/strong><strong>Br\u00fct A\u011f\u0131rl\u0131k: <\/strong>2.38 Gms<strong><br \/>\nSKU: <\/strong>51001<\/p>\n<p><strong>Fiyat ve Teslimat:<\/strong>KDV ve teslimat \u00fccretleri dahil<strong><br \/>\n<a href=\"https:\/\/www.purejewels.com\/tr\/i%cc%87ade-poli%cc%87ti%cc%87kasi\/\">\u0130ade Politikas\u0131<\/a><\/strong><\/p>\n<\/div>\n<div class=\"btn-atc atc-slide\"><\/div>\n<div class=\"product_meta\"><\/div>","protected":false},"featured_media":395310,"comment_status":"closed","ping_status":"closed","template":"","meta":{"_eb_attr":"","_crsspst_to_jayantr4sg-hostcom":true},"product_brand":[],"product_cat":[1791,1559,1794,1793,1770,1792,1790,1229,1255,5343,1767,1570,5338,1569,1573,1574,5349],"product_tag":[],"class_list":{"0":"post-395308","1":"product","2":"type-product","3":"status-publish","4":"has-post-thumbnail","6":"product_cat-anniversary-gifts","7":"product_cat-birthday-gifts","8":"product_cat-christmas-gifts","9":"product_cat-diwali-gifts","10":"product_cat-fancy-pendants","11":"product_cat-festival-gifts","12":"product_cat-for-whom-when","13":"product_cat-22ct-gold-jewellery","14":"product_cat-gold-pendants","15":"product_cat-jewellery-under-550","16":"product_cat-ladies-pendants","17":"product_cat-mothers-day-gifts","18":"product_cat-shop-by-price","19":"product_cat-valentine-day-gifts","20":"product_cat-wedding-gifts","21":"product_cat-womens-jewellery","22":"product_cat-yellow-gold-jewellery","24":"first","25":"outofstock","26":"taxable","27":"shipping-taxable","28":"product-type-simple","29":"add-to-wishlist-before_image"},"yoast_head":"<!-- This site is optimized with the Yoast SEO plugin v27.5 - https:\/\/yoast.com\/product\/yoast-seo-wordpress\/ -->\n<title>Peacock Design Pendant | 22ct Gold - PureJewels UK<\/title>\n<meta name=\"robots\" content=\"index, follow, max-snippet:-1, max-image-preview:large, max-video-preview:-1\" \/>\n<link rel=\"canonical\" href=\"https:\/\/www.purejewels.com\/tr\/urun\/22-ayar-altindan-tavus-kusu-tasarimli-kolye-ucu-51001\/\" \/>\n<meta property=\"og:locale\" content=\"tr_TR\" \/>\n<meta property=\"og:type\" content=\"article\" \/>\n<meta property=\"og:title\" content=\"Peacock Design Pendant | 22ct Gold - PureJewels UK\" \/>\n<meta property=\"og:description\" content=\"A graceful 22ct gold peacock pendant with colorful enamel detailing. A perfect blend of tradition, beauty, and fine craftsmanship.  Material: 22ct Gold Hallmark:\u00a0British Hallmark Gross Weight: 2.38\u00a0Gms SKU: 51001  Price and Delivery:Inclusive of VAT and delivery charges Return Policy\" \/>\n<meta property=\"og:url\" content=\"https:\/\/www.purejewels.com\/tr\/urun\/22-ayar-altindan-tavus-kusu-tasarimli-kolye-ucu-51001\/\" \/>\n<meta property=\"og:site_name\" content=\"PureJewels UK\" \/>\n<meta property=\"article:modified_time\" content=\"2026-01-06T08:09:33+00:00\" \/>\n<meta property=\"og:image\" content=\"https:\/\/www.purejewels.com\/wp-content\/uploads\/2025\/05\/51001.png\" \/>\n\t<meta property=\"og:image:width\" content=\"1000\" \/>\n\t<meta property=\"og:image:height\" content=\"1000\" \/>\n\t<meta property=\"og:image:type\" content=\"image\/png\" \/>\n<meta name=\"twitter:card\" content=\"summary_large_image\" \/>\n<meta name=\"twitter:label1\" content=\"Tahmini okuma s\u00fcresi\" \/>\n\t<meta name=\"twitter:data1\" content=\"1 dakika\" \/>\n<script type=\"application\/ld+json\" class=\"yoast-schema-graph\">{\"@context\":\"https:\\\/\\\/schema.org\",\"@graph\":[{\"@type\":[\"WebPage\",\"ItemPage\"],\"@id\":\"https:\\\/\\\/www.purejewels.com\\\/product\\\/peacock-design-pendant-in-22ct-gold-51001\\\/\",\"url\":\"https:\\\/\\\/www.purejewels.com\\\/product\\\/peacock-design-pendant-in-22ct-gold-51001\\\/\",\"name\":\"Peacock Design Pendant | 22ct Gold - PureJewels UK\",\"isPartOf\":{\"@id\":\"https:\\\/\\\/www.purejewels.com\\\/#website\"},\"primaryImageOfPage\":{\"@id\":\"https:\\\/\\\/www.purejewels.com\\\/product\\\/peacock-design-pendant-in-22ct-gold-51001\\\/#primaryimage\"},\"image\":{\"@id\":\"https:\\\/\\\/www.purejewels.com\\\/product\\\/peacock-design-pendant-in-22ct-gold-51001\\\/#primaryimage\"},\"thumbnailUrl\":\"https:\\\/\\\/static.purejewels.com\\\/wp-content\\\/uploads\\\/2025\\\/05\\\/51001.png\",\"datePublished\":\"2025-04-30T08:57:38+00:00\",\"dateModified\":\"2026-01-06T08:09:33+00:00\",\"breadcrumb\":{\"@id\":\"https:\\\/\\\/www.purejewels.com\\\/product\\\/peacock-design-pendant-in-22ct-gold-51001\\\/#breadcrumb\"},\"inLanguage\":\"tr\",\"potentialAction\":[{\"@type\":\"ReadAction\",\"target\":[\"https:\\\/\\\/www.purejewels.com\\\/product\\\/peacock-design-pendant-in-22ct-gold-51001\\\/\"]}]},{\"@type\":\"ImageObject\",\"inLanguage\":\"tr\",\"@id\":\"https:\\\/\\\/www.purejewels.com\\\/product\\\/peacock-design-pendant-in-22ct-gold-51001\\\/#primaryimage\",\"url\":\"https:\\\/\\\/static.purejewels.com\\\/wp-content\\\/uploads\\\/2025\\\/05\\\/51001.png\",\"contentUrl\":\"https:\\\/\\\/static.purejewels.com\\\/wp-content\\\/uploads\\\/2025\\\/05\\\/51001.png\",\"width\":1000,\"height\":1000,\"caption\":\"Peacock Design Pendant\"},{\"@type\":\"BreadcrumbList\",\"@id\":\"https:\\\/\\\/www.purejewels.com\\\/product\\\/peacock-design-pendant-in-22ct-gold-51001\\\/#breadcrumb\",\"itemListElement\":[{\"@type\":\"ListItem\",\"position\":1,\"name\":\"Home\",\"item\":\"https:\\\/\\\/www.purejewels.com\\\/\"},{\"@type\":\"ListItem\",\"position\":2,\"name\":\"Shop\",\"item\":\"https:\\\/\\\/www.purejewels.com\\\/shop\\\/\"},{\"@type\":\"ListItem\",\"position\":3,\"name\":\"Peacock Design Pendant | 22ct Gold\"}]},{\"@type\":\"WebSite\",\"@id\":\"https:\\\/\\\/www.purejewels.com\\\/#website\",\"url\":\"https:\\\/\\\/www.purejewels.com\\\/\",\"name\":\"PureJewels UK\",\"description\":\"Share the Love\",\"publisher\":{\"@id\":\"https:\\\/\\\/www.purejewels.com\\\/#organization\"},\"potentialAction\":[{\"@type\":\"SearchAction\",\"target\":{\"@type\":\"EntryPoint\",\"urlTemplate\":\"https:\\\/\\\/www.purejewels.com\\\/?s={search_term_string}\"},\"query-input\":{\"@type\":\"PropertyValueSpecification\",\"valueRequired\":true,\"valueName\":\"search_term_string\"}}],\"inLanguage\":\"tr\"},{\"@type\":\"Organization\",\"@id\":\"https:\\\/\\\/www.purejewels.com\\\/#organization\",\"name\":\"PureJewels UK\",\"url\":\"https:\\\/\\\/www.purejewels.com\\\/\",\"logo\":{\"@type\":\"ImageObject\",\"inLanguage\":\"tr\",\"@id\":\"https:\\\/\\\/www.purejewels.com\\\/#\\\/schema\\\/logo\\\/image\\\/\",\"url\":\"https:\\\/\\\/static.purejewels.com\\\/wp-content\\\/uploads\\\/2020\\\/11\\\/Logo-PJ-New-1.png\",\"contentUrl\":\"https:\\\/\\\/static.purejewels.com\\\/wp-content\\\/uploads\\\/2020\\\/11\\\/Logo-PJ-New-1.png\",\"width\":150,\"height\":80,\"caption\":\"PureJewels UK\"},\"image\":{\"@id\":\"https:\\\/\\\/www.purejewels.com\\\/#\\\/schema\\\/logo\\\/image\\\/\"}}]}<\/script>\n<!-- \/ Yoast SEO plugin. -->","yoast_head_json":{"title":"Tavus Ku\u015fu Tasar\u0131ml\u0131 Kolye Ucu | 22 Ayar Alt\u0131n - PureJewels UK","robots":{"index":"index","follow":"follow","max-snippet":"max-snippet:-1","max-image-preview":"max-image-preview:large","max-video-preview":"max-video-preview:-1"},"canonical":"https:\/\/www.purejewels.com\/tr\/urun\/22-ayar-altindan-tavus-kusu-tasarimli-kolye-ucu-51001\/","og_locale":"tr_TR","og_type":"article","og_title":"Peacock Design Pendant | 22ct Gold - PureJewels UK","og_description":"A graceful 22ct gold peacock pendant with colorful enamel detailing. A perfect blend of tradition, beauty, and fine craftsmanship.  Material: 22ct Gold Hallmark:\u00a0British Hallmark Gross Weight: 2.38\u00a0Gms SKU: 51001  Price and Delivery:Inclusive of VAT and delivery charges Return Policy","og_url":"https:\/\/www.purejewels.com\/tr\/urun\/22-ayar-altindan-tavus-kusu-tasarimli-kolye-ucu-51001\/","og_site_name":"PureJewels UK","article_modified_time":"2026-01-06T08:09:33+00:00","og_image":[{"width":1000,"height":1000,"url":"https:\/\/www.purejewels.com\/wp-content\/uploads\/2025\/05\/51001.png","type":"image\/png"}],"twitter_card":"summary_large_image","twitter_misc":{"Tahmini okuma s\u00fcresi":"1 dakika"},"schema":{"@context":"https:\/\/schema.org","@graph":[{"@type":["WebPage","ItemPage"],"@id":"https:\/\/www.purejewels.com\/product\/peacock-design-pendant-in-22ct-gold-51001\/","url":"https:\/\/www.purejewels.com\/product\/peacock-design-pendant-in-22ct-gold-51001\/","name":"Tavus Ku\u015fu Tasar\u0131ml\u0131 Kolye Ucu | 22 Ayar Alt\u0131n - PureJewels UK","isPartOf":{"@id":"https:\/\/www.purejewels.com\/#website"},"primaryImageOfPage":{"@id":"https:\/\/www.purejewels.com\/product\/peacock-design-pendant-in-22ct-gold-51001\/#primaryimage"},"image":{"@id":"https:\/\/www.purejewels.com\/product\/peacock-design-pendant-in-22ct-gold-51001\/#primaryimage"},"thumbnailUrl":"https:\/\/static.purejewels.com\/wp-content\/uploads\/2025\/05\/51001.png","datePublished":"2025-04-30T08:57:38+00:00","dateModified":"2026-01-06T08:09:33+00:00","breadcrumb":{"@id":"https:\/\/www.purejewels.com\/product\/peacock-design-pendant-in-22ct-gold-51001\/#breadcrumb"},"inLanguage":"tr","potentialAction":[{"@type":"ReadAction","target":["https:\/\/www.purejewels.com\/product\/peacock-design-pendant-in-22ct-gold-51001\/"]}]},{"@type":"ImageObject","inLanguage":"tr","@id":"https:\/\/www.purejewels.com\/product\/peacock-design-pendant-in-22ct-gold-51001\/#primaryimage","url":"https:\/\/static.purejewels.com\/wp-content\/uploads\/2025\/05\/51001.png","contentUrl":"https:\/\/static.purejewels.com\/wp-content\/uploads\/2025\/05\/51001.png","width":1000,"height":1000,"caption":"Peacock Design Pendant"},{"@type":"BreadcrumbList","@id":"https:\/\/www.purejewels.com\/product\/peacock-design-pendant-in-22ct-gold-51001\/#breadcrumb","itemListElement":[{"@type":"ListItem","position":1,"name":"Home","item":"https:\/\/www.purejewels.com\/"},{"@type":"ListItem","position":2,"name":"Shop","item":"https:\/\/www.purejewels.com\/shop\/"},{"@type":"ListItem","position":3,"name":"Peacock Design Pendant | 22ct Gold"}]},{"@type":"WebSite","@id":"https:\/\/www.purejewels.com\/#website","url":"https:\/\/www.purejewels.com\/","name":"PureJewels \u0130ngiltere","description":"Sevgiyi Payla\u015f\u0131n","publisher":{"@id":"https:\/\/www.purejewels.com\/#organization"},"potentialAction":[{"@type":"SearchAction","target":{"@type":"EntryPoint","urlTemplate":"https:\/\/www.purejewels.com\/?s={search_term_string}"},"query-input":{"@type":"PropertyValueSpecification","valueRequired":true,"valueName":"search_term_string"}}],"inLanguage":"tr"},{"@type":"Organization","@id":"https:\/\/www.purejewels.com\/#organization","name":"PureJewels \u0130ngiltere","url":"https:\/\/www.purejewels.com\/","logo":{"@type":"ImageObject","inLanguage":"tr","@id":"https:\/\/www.purejewels.com\/#\/schema\/logo\/image\/","url":"https:\/\/static.purejewels.com\/wp-content\/uploads\/2020\/11\/Logo-PJ-New-1.png","contentUrl":"https:\/\/static.purejewels.com\/wp-content\/uploads\/2020\/11\/Logo-PJ-New-1.png","width":150,"height":80,"caption":"PureJewels UK"},"image":{"@id":"https:\/\/www.purejewels.com\/#\/schema\/logo\/image\/"}}]}},"_links":{"self":[{"href":"https:\/\/www.purejewels.com\/tr\/wp-json\/wp\/v2\/product\/395308","targetHints":{"allow":["GET"]}}],"collection":[{"href":"https:\/\/www.purejewels.com\/tr\/wp-json\/wp\/v2\/product"}],"about":[{"href":"https:\/\/www.purejewels.com\/tr\/wp-json\/wp\/v2\/types\/product"}],"replies":[{"embeddable":true,"href":"https:\/\/www.purejewels.com\/tr\/wp-json\/wp\/v2\/comments?post=395308"}],"version-history":[{"count":4,"href":"https:\/\/www.purejewels.com\/tr\/wp-json\/wp\/v2\/product\/395308\/revisions"}],"predecessor-version":[{"id":402648,"href":"https:\/\/www.purejewels.com\/tr\/wp-json\/wp\/v2\/product\/395308\/revisions\/402648"}],"wp:featuredmedia":[{"embeddable":true,"href":"https:\/\/www.purejewels.com\/tr\/wp-json\/wp\/v2\/media\/395310"}],"wp:attachment":[{"href":"https:\/\/www.purejewels.com\/tr\/wp-json\/wp\/v2\/media?parent=395308"}],"wp:term":[{"taxonomy":"product_brand","embeddable":true,"href":"https:\/\/www.purejewels.com\/tr\/wp-json\/wp\/v2\/product_brand?post=395308"},{"taxonomy":"product_cat","embeddable":true,"href":"https:\/\/www.purejewels.com\/tr\/wp-json\/wp\/v2\/product_cat?post=395308"},{"taxonomy":"product_tag","embeddable":true,"href":"https:\/\/www.purejewels.com\/tr\/wp-json\/wp\/v2\/product_tag?post=395308"}],"curies":[{"name":"wp","href":"https:\/\/api.w.org\/{rel}","templated":true}]}}