{"id":395315,"date":"2025-08-10T10:22:11","date_gmt":"2025-08-10T09:22:11","guid":{"rendered":"https:\/\/www.purejewels.com\/?post_type=product&#038;p=395315"},"modified":"2026-04-24T11:00:51","modified_gmt":"2026-04-24T10:00:51","slug":"22-ayar-altin-flut-kolye-ucu-50998","status":"publish","type":"product","link":"https:\/\/www.purejewels.com\/tr\/product\/22ct-gold-flute-pendant-50998\/","title":{"rendered":"Krishna Venu Kolye"},"content":{"rendered":"<p>Krishna Venu Kolye, Lord Krishna'n\u0131n en ikonik sembol\u00fc olan fl\u00fctle tasvir edilen ebedi cazibesine duygusal bir \u00f6vg\u00fcd\u00fcr. Saf 22 ayar alt\u0131ndan el i\u015f\u00e7ili\u011fiyle \u00fcretilen tasar\u0131mda Krishna'n\u0131n venu (fl\u00fct) tutan ilahi elleri yer al\u0131yor ve her iki ucunda tavus ku\u015fu t\u00fcy\u00fcnden ilham alan s\u00fcslemelerle detayland\u0131r\u0131l\u0131yor.<\/p>\n<p>Ruhun m\u00fczi\u011fini ve sevginin kozmik \u00e7a\u011fr\u0131s\u0131n\u0131 temsil eden bu kolye ucu, ba\u011fl\u0131l\u0131k, ne\u015fe ve i\u00e7 uyum yolunda y\u00fcr\u00fcyenler i\u00e7in idealdir. Ruhani ritim ve zamans\u0131z g\u00fczellik ile yank\u0131lanan bir par\u00e7a.<\/p>","protected":false},"excerpt":{"rendered":"<div class=\"woocommerce-product-details__short-description\">\n<p>Lord Krishna'n\u0131n ilahi fl\u00fct\u00fcnden esinlenen bu 22 ayar alt\u0131n kolye ucu a\u015fk\u0131n, m\u00fczi\u011fin ve ruhani oyunculu\u011fun \u00f6z\u00fcn\u00fc yans\u0131t\u0131yor. Ne\u015fenin, ba\u011fl\u0131l\u0131\u011f\u0131n ve a\u015fk\u0131n zarif bir sembol\u00fc.<\/p>\n<p><strong>Malzeme:<\/strong> 22 Ayar Alt\u0131n<strong><br \/>\nHallmark:\u00a0<\/strong>\u0130ngiliz Damgas\u0131<strong><br \/>\n<\/strong><strong>Br\u00fct A\u011f\u0131rl\u0131k: <\/strong>1.95 Gms<strong><br \/>\nSKU: <\/strong>50998<\/p>\n<p><strong>Fiyat ve Teslimat: <\/strong>Zincir fiyat\u0131 dahil de\u011fildir, KDV ve teslimat \u00fccretleri dahildir<strong><br \/>\n<a href=\"https:\/\/www.purejewels.com\/tr\/i%cc%87ade-poli%cc%87ti%cc%87kasi\/\">\u0130ade Politikas\u0131<\/a><\/strong><\/p>\n<\/div>\n<div class=\"btn-atc atc-slide\"><\/div>\n<div class=\"product_meta\"><\/div>","protected":false},"featured_media":407151,"comment_status":"closed","ping_status":"closed","template":"","meta":{"_eb_attr":"","_crsspst_to_jayantr4sg-hostcom":true},"product_brand":[],"product_cat":[1794,1793,1790,1229,1255,5343,1767,1572,1768,5338,1701,1574,5349],"product_tag":[],"class_list":{"0":"post-395315","1":"product","2":"type-product","3":"status-publish","4":"has-post-thumbnail","6":"product_cat-christmas-gifts","7":"product_cat-diwali-gifts","8":"product_cat-for-whom-when","9":"product_cat-22ct-gold-jewellery","10":"product_cat-gold-pendants","11":"product_cat-jewellery-under-550","12":"product_cat-ladies-pendants","13":"product_cat-mens-jewellery","14":"product_cat-mens-pendants","15":"product_cat-shop-by-price","16":"product_cat-religious-pendants","17":"product_cat-womens-jewellery","18":"product_cat-yellow-gold-jewellery","20":"first","21":"instock","22":"taxable","23":"shipping-taxable","24":"purchasable","25":"product-type-simple","26":"add-to-wishlist-before_image"},"yoast_head":"<!-- This site is optimized with the Yoast SEO plugin v27.5 - https:\/\/yoast.com\/product\/yoast-seo-wordpress\/ -->\n<title>22ct Gold Flute Pendant | Krishna-Inspired Gold Jewellery<\/title>\n<meta name=\"description\" content=\"PureJewels presents a Krishna-inspired 22ct Gold Flute Pendant\u2014where fine craftsmanship meets timeless spiritual beauty. Shop online in the UK.\" \/>\n<meta name=\"robots\" content=\"index, follow, max-snippet:-1, max-image-preview:large, max-video-preview:-1\" \/>\n<link rel=\"canonical\" href=\"https:\/\/www.purejewels.com\/tr\/urun\/22-ayar-altin-flut-kolye-ucu-50998\/\" \/>\n<meta property=\"og:locale\" content=\"tr_TR\" \/>\n<meta property=\"og:type\" content=\"article\" \/>\n<meta property=\"og:title\" content=\"22ct Gold Flute Pendant | Krishna-Inspired Gold Jewellery\" \/>\n<meta property=\"og:description\" content=\"PureJewels presents a Krishna-inspired 22ct Gold Flute Pendant\u2014where fine craftsmanship meets timeless spiritual beauty. Shop online in the UK.\" \/>\n<meta property=\"og:url\" content=\"https:\/\/www.purejewels.com\/tr\/urun\/22-ayar-altin-flut-kolye-ucu-50998\/\" \/>\n<meta property=\"og:site_name\" content=\"PureJewels UK\" \/>\n<meta property=\"article:modified_time\" content=\"2026-04-24T10:00:51+00:00\" \/>\n<meta property=\"og:image\" content=\"https:\/\/static.purejewels.com\/wp-content\/uploads\/2025\/04\/SKU-50998.jpg\" \/>\n\t<meta property=\"og:image:width\" content=\"1000\" \/>\n\t<meta property=\"og:image:height\" content=\"1000\" \/>\n\t<meta property=\"og:image:type\" content=\"image\/jpeg\" \/>\n<meta name=\"twitter:card\" content=\"summary_large_image\" \/>\n<meta name=\"twitter:label1\" content=\"Tahmini okuma s\u00fcresi\" \/>\n\t<meta name=\"twitter:data1\" content=\"1 dakika\" \/>\n<script type=\"application\/ld+json\" class=\"yoast-schema-graph\">{\"@context\":\"https:\\\/\\\/schema.org\",\"@graph\":[{\"@type\":[\"WebPage\",\"ItemPage\"],\"@id\":\"https:\\\/\\\/www.purejewels.com\\\/product\\\/22ct-gold-flute-pendant-50998\\\/\",\"url\":\"https:\\\/\\\/www.purejewels.com\\\/product\\\/22ct-gold-flute-pendant-50998\\\/\",\"name\":\"22ct Gold Flute Pendant | Krishna-Inspired Gold Jewellery\",\"isPartOf\":{\"@id\":\"https:\\\/\\\/www.purejewels.com\\\/#website\"},\"primaryImageOfPage\":{\"@id\":\"https:\\\/\\\/www.purejewels.com\\\/product\\\/22ct-gold-flute-pendant-50998\\\/#primaryimage\"},\"image\":{\"@id\":\"https:\\\/\\\/www.purejewels.com\\\/product\\\/22ct-gold-flute-pendant-50998\\\/#primaryimage\"},\"thumbnailUrl\":\"https:\\\/\\\/static.purejewels.com\\\/wp-content\\\/uploads\\\/2025\\\/04\\\/SKU-50998.jpg\",\"datePublished\":\"2025-08-10T09:22:11+00:00\",\"dateModified\":\"2026-04-24T10:00:51+00:00\",\"description\":\"PureJewels presents a Krishna-inspired 22ct Gold Flute Pendant\u2014where fine craftsmanship meets timeless spiritual beauty. Shop online in the UK.\",\"breadcrumb\":{\"@id\":\"https:\\\/\\\/www.purejewels.com\\\/product\\\/22ct-gold-flute-pendant-50998\\\/#breadcrumb\"},\"inLanguage\":\"tr\",\"potentialAction\":[{\"@type\":\"ReadAction\",\"target\":[\"https:\\\/\\\/www.purejewels.com\\\/product\\\/22ct-gold-flute-pendant-50998\\\/\"]}]},{\"@type\":\"ImageObject\",\"inLanguage\":\"tr\",\"@id\":\"https:\\\/\\\/www.purejewels.com\\\/product\\\/22ct-gold-flute-pendant-50998\\\/#primaryimage\",\"url\":\"https:\\\/\\\/static.purejewels.com\\\/wp-content\\\/uploads\\\/2025\\\/04\\\/SKU-50998.jpg\",\"contentUrl\":\"https:\\\/\\\/static.purejewels.com\\\/wp-content\\\/uploads\\\/2025\\\/04\\\/SKU-50998.jpg\",\"width\":1000,\"height\":1000,\"caption\":\"Krishna Venu Pendant\"},{\"@type\":\"BreadcrumbList\",\"@id\":\"https:\\\/\\\/www.purejewels.com\\\/product\\\/22ct-gold-flute-pendant-50998\\\/#breadcrumb\",\"itemListElement\":[{\"@type\":\"ListItem\",\"position\":1,\"name\":\"Home\",\"item\":\"https:\\\/\\\/www.purejewels.com\\\/\"},{\"@type\":\"ListItem\",\"position\":2,\"name\":\"Shop\",\"item\":\"https:\\\/\\\/www.purejewels.com\\\/shop\\\/\"},{\"@type\":\"ListItem\",\"position\":3,\"name\":\"Krishna Venu Pendant\"}]},{\"@type\":\"WebSite\",\"@id\":\"https:\\\/\\\/www.purejewels.com\\\/#website\",\"url\":\"https:\\\/\\\/www.purejewels.com\\\/\",\"name\":\"PureJewels UK\",\"description\":\"Share the Love\",\"publisher\":{\"@id\":\"https:\\\/\\\/www.purejewels.com\\\/#organization\"},\"potentialAction\":[{\"@type\":\"SearchAction\",\"target\":{\"@type\":\"EntryPoint\",\"urlTemplate\":\"https:\\\/\\\/www.purejewels.com\\\/?s={search_term_string}\"},\"query-input\":{\"@type\":\"PropertyValueSpecification\",\"valueRequired\":true,\"valueName\":\"search_term_string\"}}],\"inLanguage\":\"tr\"},{\"@type\":\"Organization\",\"@id\":\"https:\\\/\\\/www.purejewels.com\\\/#organization\",\"name\":\"PureJewels UK\",\"url\":\"https:\\\/\\\/www.purejewels.com\\\/\",\"logo\":{\"@type\":\"ImageObject\",\"inLanguage\":\"tr\",\"@id\":\"https:\\\/\\\/www.purejewels.com\\\/#\\\/schema\\\/logo\\\/image\\\/\",\"url\":\"https:\\\/\\\/static.purejewels.com\\\/wp-content\\\/uploads\\\/2020\\\/11\\\/Logo-PJ-New-1.png\",\"contentUrl\":\"https:\\\/\\\/static.purejewels.com\\\/wp-content\\\/uploads\\\/2020\\\/11\\\/Logo-PJ-New-1.png\",\"width\":150,\"height\":80,\"caption\":\"PureJewels UK\"},\"image\":{\"@id\":\"https:\\\/\\\/www.purejewels.com\\\/#\\\/schema\\\/logo\\\/image\\\/\"}}]}<\/script>\n<!-- \/ Yoast SEO plugin. -->","yoast_head_json":{"title":"22 Ayar Alt\u0131n Fl\u00fct Kolye | Krishna'dan Esinlenen Alt\u0131n Tak\u0131lar","description":"PureJewels, ince i\u015f\u00e7ili\u011fin zamans\u0131z ruhani g\u00fczellikle bulu\u015ftu\u011fu Krishna esintili 22 Ayar Alt\u0131n Fl\u00fct Kolyeyi sunar. \u0130ngiltere'de online al\u0131\u015fveri\u015f yap\u0131n.","robots":{"index":"index","follow":"follow","max-snippet":"max-snippet:-1","max-image-preview":"max-image-preview:large","max-video-preview":"max-video-preview:-1"},"canonical":"https:\/\/www.purejewels.com\/tr\/urun\/22-ayar-altin-flut-kolye-ucu-50998\/","og_locale":"tr_TR","og_type":"article","og_title":"22ct Gold Flute Pendant | Krishna-Inspired Gold Jewellery","og_description":"PureJewels presents a Krishna-inspired 22ct Gold Flute Pendant\u2014where fine craftsmanship meets timeless spiritual beauty. Shop online in the UK.","og_url":"https:\/\/www.purejewels.com\/tr\/urun\/22-ayar-altin-flut-kolye-ucu-50998\/","og_site_name":"PureJewels UK","article_modified_time":"2026-04-24T10:00:51+00:00","og_image":[{"width":1000,"height":1000,"url":"https:\/\/static.purejewels.com\/wp-content\/uploads\/2025\/04\/SKU-50998.jpg","type":"image\/jpeg"}],"twitter_card":"summary_large_image","twitter_misc":{"Tahmini okuma s\u00fcresi":"1 dakika"},"schema":{"@context":"https:\/\/schema.org","@graph":[{"@type":["WebPage","ItemPage"],"@id":"https:\/\/www.purejewels.com\/product\/22ct-gold-flute-pendant-50998\/","url":"https:\/\/www.purejewels.com\/product\/22ct-gold-flute-pendant-50998\/","name":"22 Ayar Alt\u0131n Fl\u00fct Kolye | Krishna'dan Esinlenen Alt\u0131n Tak\u0131lar","isPartOf":{"@id":"https:\/\/www.purejewels.com\/#website"},"primaryImageOfPage":{"@id":"https:\/\/www.purejewels.com\/product\/22ct-gold-flute-pendant-50998\/#primaryimage"},"image":{"@id":"https:\/\/www.purejewels.com\/product\/22ct-gold-flute-pendant-50998\/#primaryimage"},"thumbnailUrl":"https:\/\/static.purejewels.com\/wp-content\/uploads\/2025\/04\/SKU-50998.jpg","datePublished":"2025-08-10T09:22:11+00:00","dateModified":"2026-04-24T10:00:51+00:00","description":"PureJewels, ince i\u015f\u00e7ili\u011fin zamans\u0131z ruhani g\u00fczellikle bulu\u015ftu\u011fu Krishna esintili 22 Ayar Alt\u0131n Fl\u00fct Kolyeyi sunar. \u0130ngiltere'de online al\u0131\u015fveri\u015f yap\u0131n.","breadcrumb":{"@id":"https:\/\/www.purejewels.com\/product\/22ct-gold-flute-pendant-50998\/#breadcrumb"},"inLanguage":"tr","potentialAction":[{"@type":"ReadAction","target":["https:\/\/www.purejewels.com\/product\/22ct-gold-flute-pendant-50998\/"]}]},{"@type":"ImageObject","inLanguage":"tr","@id":"https:\/\/www.purejewels.com\/product\/22ct-gold-flute-pendant-50998\/#primaryimage","url":"https:\/\/static.purejewels.com\/wp-content\/uploads\/2025\/04\/SKU-50998.jpg","contentUrl":"https:\/\/static.purejewels.com\/wp-content\/uploads\/2025\/04\/SKU-50998.jpg","width":1000,"height":1000,"caption":"Krishna Venu Pendant"},{"@type":"BreadcrumbList","@id":"https:\/\/www.purejewels.com\/product\/22ct-gold-flute-pendant-50998\/#breadcrumb","itemListElement":[{"@type":"ListItem","position":1,"name":"Home","item":"https:\/\/www.purejewels.com\/"},{"@type":"ListItem","position":2,"name":"Shop","item":"https:\/\/www.purejewels.com\/shop\/"},{"@type":"ListItem","position":3,"name":"Krishna Venu Pendant"}]},{"@type":"WebSite","@id":"https:\/\/www.purejewels.com\/#website","url":"https:\/\/www.purejewels.com\/","name":"PureJewels \u0130ngiltere","description":"Sevgiyi Payla\u015f\u0131n","publisher":{"@id":"https:\/\/www.purejewels.com\/#organization"},"potentialAction":[{"@type":"SearchAction","target":{"@type":"EntryPoint","urlTemplate":"https:\/\/www.purejewels.com\/?s={search_term_string}"},"query-input":{"@type":"PropertyValueSpecification","valueRequired":true,"valueName":"search_term_string"}}],"inLanguage":"tr"},{"@type":"Organization","@id":"https:\/\/www.purejewels.com\/#organization","name":"PureJewels \u0130ngiltere","url":"https:\/\/www.purejewels.com\/","logo":{"@type":"ImageObject","inLanguage":"tr","@id":"https:\/\/www.purejewels.com\/#\/schema\/logo\/image\/","url":"https:\/\/static.purejewels.com\/wp-content\/uploads\/2020\/11\/Logo-PJ-New-1.png","contentUrl":"https:\/\/static.purejewels.com\/wp-content\/uploads\/2020\/11\/Logo-PJ-New-1.png","width":150,"height":80,"caption":"PureJewels UK"},"image":{"@id":"https:\/\/www.purejewels.com\/#\/schema\/logo\/image\/"}}]}},"_links":{"self":[{"href":"https:\/\/www.purejewels.com\/tr\/wp-json\/wp\/v2\/product\/395315","targetHints":{"allow":["GET"]}}],"collection":[{"href":"https:\/\/www.purejewels.com\/tr\/wp-json\/wp\/v2\/product"}],"about":[{"href":"https:\/\/www.purejewels.com\/tr\/wp-json\/wp\/v2\/types\/product"}],"replies":[{"embeddable":true,"href":"https:\/\/www.purejewels.com\/tr\/wp-json\/wp\/v2\/comments?post=395315"}],"version-history":[{"count":5,"href":"https:\/\/www.purejewels.com\/tr\/wp-json\/wp\/v2\/product\/395315\/revisions"}],"predecessor-version":[{"id":407960,"href":"https:\/\/www.purejewels.com\/tr\/wp-json\/wp\/v2\/product\/395315\/revisions\/407960"}],"wp:featuredmedia":[{"embeddable":true,"href":"https:\/\/www.purejewels.com\/tr\/wp-json\/wp\/v2\/media\/407151"}],"wp:attachment":[{"href":"https:\/\/www.purejewels.com\/tr\/wp-json\/wp\/v2\/media?parent=395315"}],"wp:term":[{"taxonomy":"product_brand","embeddable":true,"href":"https:\/\/www.purejewels.com\/tr\/wp-json\/wp\/v2\/product_brand?post=395315"},{"taxonomy":"product_cat","embeddable":true,"href":"https:\/\/www.purejewels.com\/tr\/wp-json\/wp\/v2\/product_cat?post=395315"},{"taxonomy":"product_tag","embeddable":true,"href":"https:\/\/www.purejewels.com\/tr\/wp-json\/wp\/v2\/product_tag?post=395315"}],"curies":[{"name":"wp","href":"https:\/\/api.w.org\/{rel}","templated":true}]}}