{"id":395350,"date":"2025-02-07T11:39:51","date_gmt":"2025-02-07T11:39:51","guid":{"rendered":"https:\/\/www.purejewels.com\/?post_type=product&#038;p=395350"},"modified":"2026-05-06T12:03:12","modified_gmt":"2026-05-06T11:03:12","slug":"terazi%cc%87-burcu-kolye-51041","status":"publish","type":"product","link":"https:\/\/www.purejewels.com\/tr\/product\/libra-zodiac-pendant-51041\/","title":{"rendered":"Terazi Burcu Kolye Ucu | 22 Ayar Alt\u0131n"},"content":{"rendered":"<p>Dengeyi, diplomasiyi ve i\u00e7 huzuru simgeleyen 22 Ayar Alt\u0131n Terazi Kolyemizle g\u00f6ksel \u00e7ekicili\u011finizi kutlay\u0131n. Minimal ama anlaml\u0131 bir Terazi amblemi ile tasarlanan bu \u00f6zel yap\u0131m kolye ucu, burcun sanatsal ve adil g\u00f6r\u00fc\u015fl\u00fc do\u011fas\u0131n\u0131 temsil ediyor. El i\u015f\u00e7ili\u011fiyle m\u00fckemmel hale getirilen bu kolye, do\u011fum g\u00fcnleri i\u00e7in ideal bir hediye ya da g\u00fcnl\u00fck tak\u0131lar\u0131n\u0131za zarif bir ektir<\/p>\n<p><b>Aral\u0131k Kimli\u011fi <\/b>JWPNPZCB011<br \/>\n<b>SKU:<\/b>\u00a051041<\/p>","protected":false},"excerpt":{"rendered":"<div class=\"woocommerce-product-details__short-description\">\n<p class=\"\" data-start=\"192\" data-end=\"348\">Dengeli ve zarif olan bu 22 ayar alt\u0131n Terazi kolye ucu uyum, g\u00fczellik ve d\u00fc\u015f\u00fcnceli cazibeyi yans\u0131t\u0131r.<br data-start=\"291\" data-end=\"294\" \/>Zarafet ve rafine ifade sevenler i\u00e7in m\u00fckemmeldir.<\/p>\n<p><strong>Malzeme:<\/strong> 22 Ayar Alt\u0131n<strong><br \/>\nHallmark:\u00a0<\/strong>\u0130ngiliz Damgas\u0131<strong><br \/>\n<\/strong><strong>Br\u00fct A\u011f\u0131rl\u0131k: <\/strong>1.98 Gms<strong><br \/>\nSKU: <\/strong>51041, 52024<\/p>\n<p><strong>Fiyat ve Teslimat:<\/strong>KDV ve teslimat \u00fccretleri dahil<strong><br \/>\n<a href=\"https:\/\/www.purejewels.com\/tr\/i%cc%87ade-poli%cc%87ti%cc%87kasi\/\">\u0130ade Politikas\u0131<\/a><\/strong><\/p>\n<\/div>\n<div class=\"btn-atc atc-slide\"><\/div>\n<div class=\"product_meta\"><\/div>","protected":false},"featured_media":409061,"comment_status":"closed","ping_status":"closed","template":"","meta":{"_eb_attr":"","_crsspst_to_jayantr4sg-hostcom":true},"product_brand":[],"product_cat":[1770,1790,1229,1255,5343,1767,1572,1768,5338,1574,5349,6019],"product_tag":[],"class_list":{"0":"post-395350","1":"product","2":"type-product","3":"status-publish","4":"has-post-thumbnail","6":"product_cat-fancy-pendants","7":"product_cat-for-whom-when","8":"product_cat-22ct-gold-jewellery","9":"product_cat-gold-pendants","10":"product_cat-jewellery-under-550","11":"product_cat-ladies-pendants","12":"product_cat-mens-jewellery","13":"product_cat-mens-pendants","14":"product_cat-shop-by-price","15":"product_cat-womens-jewellery","16":"product_cat-yellow-gold-jewellery","17":"product_cat-zodiac-sign-pendant","19":"first","20":"instock","21":"taxable","22":"shipping-taxable","23":"purchasable","24":"product-type-simple","25":"add-to-wishlist-before_image"},"yoast_head":"<!-- This site is optimized with the Yoast SEO plugin v27.6 - https:\/\/yoast.com\/product\/yoast-seo-wordpress\/ -->\n<title>Libra Zodiac Pendant | 22ct Gold | Elegant Astrological Jewellery<\/title>\n<meta name=\"description\" content=\"PureJewels presents the 22ct Gold Libra Pendant\u2014a refined symbol of harmony and air-sign charm, crafted in radiant gold for the zodiac lover.\" \/>\n<meta name=\"robots\" content=\"index, follow, max-snippet:-1, max-image-preview:large, max-video-preview:-1\" \/>\n<link rel=\"canonical\" href=\"https:\/\/www.purejewels.com\/tr\/urun\/terazi\u0307-burcu-kolye-51041\/\" \/>\n<meta property=\"og:locale\" content=\"tr_TR\" \/>\n<meta property=\"og:type\" content=\"article\" \/>\n<meta property=\"og:title\" content=\"Libra Zodiac Pendant | 22ct Gold | Elegant Astrological Jewellery\" \/>\n<meta property=\"og:description\" content=\"PureJewels presents the 22ct Gold Libra Pendant\u2014a refined symbol of harmony and air-sign charm, crafted in radiant gold for the zodiac lover.\" \/>\n<meta property=\"og:url\" content=\"https:\/\/www.purejewels.com\/tr\/urun\/terazi\u0307-burcu-kolye-51041\/\" \/>\n<meta property=\"og:site_name\" content=\"PureJewels UK\" \/>\n<meta property=\"article:modified_time\" content=\"2026-05-06T11:03:12+00:00\" \/>\n<meta property=\"og:image\" content=\"https:\/\/static.purejewels.com\/wp-content\/uploads\/2025\/02\/SKU-51041.jpg\" \/>\n\t<meta property=\"og:image:width\" content=\"1000\" \/>\n\t<meta property=\"og:image:height\" content=\"1000\" \/>\n\t<meta property=\"og:image:type\" content=\"image\/jpeg\" \/>\n<meta name=\"twitter:card\" content=\"summary_large_image\" \/>\n<meta name=\"twitter:label1\" content=\"Tahmini okuma s\u00fcresi\" \/>\n\t<meta name=\"twitter:data1\" content=\"1 dakika\" \/>\n<script type=\"application\/ld+json\" class=\"yoast-schema-graph\">{\"@context\":\"https:\\\/\\\/schema.org\",\"@graph\":[{\"@type\":[\"WebPage\",\"ItemPage\"],\"@id\":\"https:\\\/\\\/www.purejewels.com\\\/product\\\/libra-zodiac-pendant-51041\\\/\",\"url\":\"https:\\\/\\\/www.purejewels.com\\\/product\\\/libra-zodiac-pendant-51041\\\/\",\"name\":\"Libra Zodiac Pendant | 22ct Gold | Elegant Astrological Jewellery\",\"isPartOf\":{\"@id\":\"https:\\\/\\\/www.purejewels.com\\\/#website\"},\"primaryImageOfPage\":{\"@id\":\"https:\\\/\\\/www.purejewels.com\\\/product\\\/libra-zodiac-pendant-51041\\\/#primaryimage\"},\"image\":{\"@id\":\"https:\\\/\\\/www.purejewels.com\\\/product\\\/libra-zodiac-pendant-51041\\\/#primaryimage\"},\"thumbnailUrl\":\"https:\\\/\\\/static.purejewels.com\\\/wp-content\\\/uploads\\\/2025\\\/02\\\/SKU-51041.jpg\",\"datePublished\":\"2025-02-07T11:39:51+00:00\",\"dateModified\":\"2026-05-06T11:03:12+00:00\",\"description\":\"PureJewels presents the 22ct Gold Libra Pendant\u2014a refined symbol of harmony and air-sign charm, crafted in radiant gold for the zodiac lover.\",\"breadcrumb\":{\"@id\":\"https:\\\/\\\/www.purejewels.com\\\/product\\\/libra-zodiac-pendant-51041\\\/#breadcrumb\"},\"inLanguage\":\"tr\",\"potentialAction\":[{\"@type\":\"ReadAction\",\"target\":[\"https:\\\/\\\/www.purejewels.com\\\/product\\\/libra-zodiac-pendant-51041\\\/\"]}]},{\"@type\":\"ImageObject\",\"inLanguage\":\"tr\",\"@id\":\"https:\\\/\\\/www.purejewels.com\\\/product\\\/libra-zodiac-pendant-51041\\\/#primaryimage\",\"url\":\"https:\\\/\\\/static.purejewels.com\\\/wp-content\\\/uploads\\\/2025\\\/02\\\/SKU-51041.jpg\",\"contentUrl\":\"https:\\\/\\\/static.purejewels.com\\\/wp-content\\\/uploads\\\/2025\\\/02\\\/SKU-51041.jpg\",\"width\":1000,\"height\":1000,\"caption\":\"Stacked from 6 images. Method=B (R=8,S=4)\"},{\"@type\":\"BreadcrumbList\",\"@id\":\"https:\\\/\\\/www.purejewels.com\\\/product\\\/libra-zodiac-pendant-51041\\\/#breadcrumb\",\"itemListElement\":[{\"@type\":\"ListItem\",\"position\":1,\"name\":\"Home\",\"item\":\"https:\\\/\\\/www.purejewels.com\\\/\"},{\"@type\":\"ListItem\",\"position\":2,\"name\":\"Shop\",\"item\":\"https:\\\/\\\/www.purejewels.com\\\/shop\\\/\"},{\"@type\":\"ListItem\",\"position\":3,\"name\":\"Libra Zodiac Pendant | 22ct Gold\"}]},{\"@type\":\"WebSite\",\"@id\":\"https:\\\/\\\/www.purejewels.com\\\/#website\",\"url\":\"https:\\\/\\\/www.purejewels.com\\\/\",\"name\":\"PureJewels UK\",\"description\":\"Share the Love\",\"publisher\":{\"@id\":\"https:\\\/\\\/www.purejewels.com\\\/#organization\"},\"potentialAction\":[{\"@type\":\"SearchAction\",\"target\":{\"@type\":\"EntryPoint\",\"urlTemplate\":\"https:\\\/\\\/www.purejewels.com\\\/?s={search_term_string}\"},\"query-input\":{\"@type\":\"PropertyValueSpecification\",\"valueRequired\":true,\"valueName\":\"search_term_string\"}}],\"inLanguage\":\"tr\"},{\"@type\":\"Organization\",\"@id\":\"https:\\\/\\\/www.purejewels.com\\\/#organization\",\"name\":\"PureJewels UK\",\"url\":\"https:\\\/\\\/www.purejewels.com\\\/\",\"logo\":{\"@type\":\"ImageObject\",\"inLanguage\":\"tr\",\"@id\":\"https:\\\/\\\/www.purejewels.com\\\/#\\\/schema\\\/logo\\\/image\\\/\",\"url\":\"https:\\\/\\\/static.purejewels.com\\\/wp-content\\\/uploads\\\/2020\\\/11\\\/Logo-PJ-New-1.png\",\"contentUrl\":\"https:\\\/\\\/static.purejewels.com\\\/wp-content\\\/uploads\\\/2020\\\/11\\\/Logo-PJ-New-1.png\",\"width\":150,\"height\":80,\"caption\":\"PureJewels UK\"},\"image\":{\"@id\":\"https:\\\/\\\/www.purejewels.com\\\/#\\\/schema\\\/logo\\\/image\\\/\"}}]}<\/script>\n<!-- \/ Yoast SEO plugin. -->","yoast_head_json":{"title":"Terazi Burcu Kolye Ucu | 22 Ayar Alt\u0131n | Zarif Astrolojik M\u00fccevherler","description":"PureJewels, zodyak a\u015f\u0131klar\u0131 i\u00e7in \u0131\u015f\u0131lt\u0131l\u0131 alt\u0131ndan haz\u0131rlanm\u0131\u015f, uyumun ve hava burcu cazibesinin zarif bir sembol\u00fc olan 22 Ayar Alt\u0131n Terazi Kolyesini sunar.","robots":{"index":"index","follow":"follow","max-snippet":"max-snippet:-1","max-image-preview":"max-image-preview:large","max-video-preview":"max-video-preview:-1"},"canonical":"https:\/\/www.purejewels.com\/tr\/urun\/terazi\u0307-burcu-kolye-51041\/","og_locale":"tr_TR","og_type":"article","og_title":"Libra Zodiac Pendant | 22ct Gold | Elegant Astrological Jewellery","og_description":"PureJewels presents the 22ct Gold Libra Pendant\u2014a refined symbol of harmony and air-sign charm, crafted in radiant gold for the zodiac lover.","og_url":"https:\/\/www.purejewels.com\/tr\/urun\/terazi\u0307-burcu-kolye-51041\/","og_site_name":"PureJewels UK","article_modified_time":"2026-05-06T11:03:12+00:00","og_image":[{"width":1000,"height":1000,"url":"https:\/\/static.purejewels.com\/wp-content\/uploads\/2025\/02\/SKU-51041.jpg","type":"image\/jpeg"}],"twitter_card":"summary_large_image","twitter_misc":{"Tahmini okuma s\u00fcresi":"1 dakika"},"schema":{"@context":"https:\/\/schema.org","@graph":[{"@type":["WebPage","ItemPage"],"@id":"https:\/\/www.purejewels.com\/product\/libra-zodiac-pendant-51041\/","url":"https:\/\/www.purejewels.com\/product\/libra-zodiac-pendant-51041\/","name":"Terazi Burcu Kolye Ucu | 22 Ayar Alt\u0131n | Zarif Astrolojik M\u00fccevherler","isPartOf":{"@id":"https:\/\/www.purejewels.com\/#website"},"primaryImageOfPage":{"@id":"https:\/\/www.purejewels.com\/product\/libra-zodiac-pendant-51041\/#primaryimage"},"image":{"@id":"https:\/\/www.purejewels.com\/product\/libra-zodiac-pendant-51041\/#primaryimage"},"thumbnailUrl":"https:\/\/static.purejewels.com\/wp-content\/uploads\/2025\/02\/SKU-51041.jpg","datePublished":"2025-02-07T11:39:51+00:00","dateModified":"2026-05-06T11:03:12+00:00","description":"PureJewels, zodyak a\u015f\u0131klar\u0131 i\u00e7in \u0131\u015f\u0131lt\u0131l\u0131 alt\u0131ndan haz\u0131rlanm\u0131\u015f, uyumun ve hava burcu cazibesinin zarif bir sembol\u00fc olan 22 Ayar Alt\u0131n Terazi Kolyesini sunar.","breadcrumb":{"@id":"https:\/\/www.purejewels.com\/product\/libra-zodiac-pendant-51041\/#breadcrumb"},"inLanguage":"tr","potentialAction":[{"@type":"ReadAction","target":["https:\/\/www.purejewels.com\/product\/libra-zodiac-pendant-51041\/"]}]},{"@type":"ImageObject","inLanguage":"tr","@id":"https:\/\/www.purejewels.com\/product\/libra-zodiac-pendant-51041\/#primaryimage","url":"https:\/\/static.purejewels.com\/wp-content\/uploads\/2025\/02\/SKU-51041.jpg","contentUrl":"https:\/\/static.purejewels.com\/wp-content\/uploads\/2025\/02\/SKU-51041.jpg","width":1000,"height":1000,"caption":"Stacked from 6 images. Method=B (R=8,S=4)"},{"@type":"BreadcrumbList","@id":"https:\/\/www.purejewels.com\/product\/libra-zodiac-pendant-51041\/#breadcrumb","itemListElement":[{"@type":"ListItem","position":1,"name":"Home","item":"https:\/\/www.purejewels.com\/"},{"@type":"ListItem","position":2,"name":"Shop","item":"https:\/\/www.purejewels.com\/shop\/"},{"@type":"ListItem","position":3,"name":"Libra Zodiac Pendant | 22ct Gold"}]},{"@type":"WebSite","@id":"https:\/\/www.purejewels.com\/#website","url":"https:\/\/www.purejewels.com\/","name":"PureJewels \u0130ngiltere","description":"Sevgiyi Payla\u015f\u0131n","publisher":{"@id":"https:\/\/www.purejewels.com\/#organization"},"potentialAction":[{"@type":"SearchAction","target":{"@type":"EntryPoint","urlTemplate":"https:\/\/www.purejewels.com\/?s={search_term_string}"},"query-input":{"@type":"PropertyValueSpecification","valueRequired":true,"valueName":"search_term_string"}}],"inLanguage":"tr"},{"@type":"Organization","@id":"https:\/\/www.purejewels.com\/#organization","name":"PureJewels \u0130ngiltere","url":"https:\/\/www.purejewels.com\/","logo":{"@type":"ImageObject","inLanguage":"tr","@id":"https:\/\/www.purejewels.com\/#\/schema\/logo\/image\/","url":"https:\/\/static.purejewels.com\/wp-content\/uploads\/2020\/11\/Logo-PJ-New-1.png","contentUrl":"https:\/\/static.purejewels.com\/wp-content\/uploads\/2020\/11\/Logo-PJ-New-1.png","width":150,"height":80,"caption":"PureJewels UK"},"image":{"@id":"https:\/\/www.purejewels.com\/#\/schema\/logo\/image\/"}}]}},"_links":{"self":[{"href":"https:\/\/www.purejewels.com\/tr\/wp-json\/wp\/v2\/product\/395350","targetHints":{"allow":["GET"]}}],"collection":[{"href":"https:\/\/www.purejewels.com\/tr\/wp-json\/wp\/v2\/product"}],"about":[{"href":"https:\/\/www.purejewels.com\/tr\/wp-json\/wp\/v2\/types\/product"}],"replies":[{"embeddable":true,"href":"https:\/\/www.purejewels.com\/tr\/wp-json\/wp\/v2\/comments?post=395350"}],"version-history":[{"count":4,"href":"https:\/\/www.purejewels.com\/tr\/wp-json\/wp\/v2\/product\/395350\/revisions"}],"predecessor-version":[{"id":429514,"href":"https:\/\/www.purejewels.com\/tr\/wp-json\/wp\/v2\/product\/395350\/revisions\/429514"}],"wp:featuredmedia":[{"embeddable":true,"href":"https:\/\/www.purejewels.com\/tr\/wp-json\/wp\/v2\/media\/409061"}],"wp:attachment":[{"href":"https:\/\/www.purejewels.com\/tr\/wp-json\/wp\/v2\/media?parent=395350"}],"wp:term":[{"taxonomy":"product_brand","embeddable":true,"href":"https:\/\/www.purejewels.com\/tr\/wp-json\/wp\/v2\/product_brand?post=395350"},{"taxonomy":"product_cat","embeddable":true,"href":"https:\/\/www.purejewels.com\/tr\/wp-json\/wp\/v2\/product_cat?post=395350"},{"taxonomy":"product_tag","embeddable":true,"href":"https:\/\/www.purejewels.com\/tr\/wp-json\/wp\/v2\/product_tag?post=395350"}],"curies":[{"name":"wp","href":"https:\/\/api.w.org\/{rel}","templated":true}]}}