{"id":395360,"date":"2025-01-23T12:11:20","date_gmt":"2025-01-23T12:11:20","guid":{"rendered":"https:\/\/www.purejewels.com\/?post_type=product&#038;p=395360"},"modified":"2026-04-27T06:57:01","modified_gmt":"2026-04-27T05:57:01","slug":"22-ayar-altin-akrep-kolye-51040","status":"publish","type":"product","link":"https:\/\/www.purejewels.com\/tr\/product\/22ct-gold-scorpio-pendant-51040\/","title":{"rendered":"22 Ayar Alt\u0131n Akrep Kolye"},"content":{"rendered":"<p>22 ayar alt\u0131ndan cesurca i\u015flenmi\u015f Akrep Kolyemiz, yo\u011funlu\u011fun ve d\u00f6n\u00fc\u015f\u00fcm\u00fcn \u00f6z\u00fcn\u00fc yans\u0131t\u0131yor. Akrep'in vah\u015fi ruhunu temsil eden sade ve sembolik bir tasar\u0131ma sahip olan bu \u00f6zel yap\u0131m par\u00e7a, g\u00fcnl\u00fck kullan\u0131m veya anlaml\u0131 hediyeler i\u00e7in m\u00fckemmeldir. Sadakat, sezgi ve dayan\u0131kl\u0131l\u0131\u011f\u0131 kutlayan bu par\u00e7a, g\u00fc\u00e7l\u00fc bir kimlik ve derinlik amblemi olarak i\u015flev g\u00f6r\u00fcr. \u00d6zenle el i\u015f\u00e7ili\u011fiyle tamamlanan bu par\u00e7a, astroloji severler veya do\u011fum g\u00fcn\u00fc hat\u0131ralar\u0131 i\u00e7in idealdir.<\/p>\n<p><span data-sheets-root=\"1\">Bu zarif 22 ayar alt\u0131n Akrep kolye ucu, Akrep burcunda do\u011fanlar i\u00e7in olmazsa olmazd\u0131r. Karma\u015f\u0131k tasar\u0131m\u0131 Akrep burcunun gizemli, tutkulu ve g\u00fc\u00e7l\u00fc ki\u015fili\u011finin \u00f6z\u00fcn\u00fc yans\u0131t\u0131yor. Y\u00fcksek kaliteli 22 ayar alt\u0131ndan \u00fcretilen ve \u0130ngiliz damgas\u0131 ta\u015f\u0131yan bu kolye ucu, i\u00e7sel g\u00fcc\u00fcn ve sezginin sembol\u00fcd\u00fcr.<\/span><\/p>\n<p>\u0130ster kendinizi \u015f\u0131mart\u0131yor olun, ister hayat\u0131n\u0131zdaki bir Akrep i\u00e7in m\u00fckemmel bir hediye ar\u0131yor olun, bu kolyenin sizi etkileyece\u011finden emin olabilirsiniz. Kolye ucu 2,04 gram a\u011f\u0131rl\u0131\u011f\u0131ndad\u0131r ve size kolayl\u0131k sa\u011flamak i\u00e7in \u00fccretsiz takipli teslimat ile birlikte gelir. 30 g\u00fcnl\u00fck para iade garantisi ile memnuniyetinizin birinci \u00f6nceli\u011fimiz oldu\u011funu bilerek g\u00fcvenle al\u0131\u015fveri\u015f yapabilirsiniz.<\/p>\n<p>Bu \u00e7arp\u0131c\u0131 Akrep burcu kolyesine sahip olma f\u0131rsat\u0131n\u0131 ka\u00e7\u0131rmay\u0131n. Hemen sipari\u015f verin ve benzersiz ki\u015fili\u011finizi ve g\u00fc\u00e7l\u00fc y\u00f6nlerinizi yans\u0131tan bir m\u00fccevher takman\u0131n b\u00fcy\u00fcs\u00fcn\u00fc ya\u015fay\u0131n.<\/p>","protected":false},"excerpt":{"rendered":"<div class=\"woocommerce-product-details__short-description\">\n<p class=\"\" data-start=\"191\" data-end=\"343\">Gizemli ve g\u00fc\u00e7l\u00fc bu 22 ayar alt\u0131n Akrep kolye ucu tutku, derinlik ve i\u00e7sel g\u00fcc\u00fc temsil eder.<br data-start=\"291\" data-end=\"294\" \/>Korkusuz ve sezgileri g\u00fc\u00e7l\u00fc olanlar i\u00e7in \u00e7arp\u0131c\u0131 bir sembol.<\/p>\n<p><strong>Malzeme:<\/strong> 22 Ayar Alt\u0131n<strong><br \/>\nHallmark:\u00a0<\/strong>\u0130ngiliz Damgas\u0131<strong><br \/>\n<\/strong><strong>Br\u00fct A\u011f\u0131rl\u0131k: <\/strong>2.04 Gms<strong><br \/>\nSKU: <\/strong>51040<\/p>\n<p><strong>Fiyat ve Teslimat:<\/strong>KDV ve teslimat \u00fccretleri dahil<strong><br \/>\n<a href=\"https:\/\/www.purejewels.com\/tr\/i%cc%87ade-poli%cc%87ti%cc%87kasi\/\">\u0130ade Politikas\u0131<\/a><\/strong><\/p>\n<\/div>\n<div class=\"btn-atc atc-slide\"><\/div>\n<div class=\"product_meta\"><\/div>","protected":false},"featured_media":409054,"comment_status":"closed","ping_status":"closed","template":"","meta":{"_eb_attr":"","_crsspst_to_jayantr4sg-hostcom":false},"product_brand":[],"product_cat":[1770,1790,1229,1255,5343,1767,1572,1768,5338,1574,5349,6019],"product_tag":[],"class_list":{"0":"post-395360","1":"product","2":"type-product","3":"status-publish","4":"has-post-thumbnail","6":"product_cat-fancy-pendants","7":"product_cat-for-whom-when","8":"product_cat-22ct-gold-jewellery","9":"product_cat-gold-pendants","10":"product_cat-jewellery-under-550","11":"product_cat-ladies-pendants","12":"product_cat-mens-jewellery","13":"product_cat-mens-pendants","14":"product_cat-shop-by-price","15":"product_cat-womens-jewellery","16":"product_cat-yellow-gold-jewellery","17":"product_cat-zodiac-sign-pendant","19":"first","20":"instock","21":"taxable","22":"shipping-taxable","23":"purchasable","24":"product-type-simple","25":"add-to-wishlist-before_image"},"yoast_head":"<!-- This site is optimized with the Yoast SEO plugin v27.6 - https:\/\/yoast.com\/product\/yoast-seo-wordpress\/ -->\n<title>Scorpio Zodiac Pendant in 22ct Gold | PureJewels London<\/title>\n<meta name=\"description\" content=\"Express your cosmic identity with our Scorpio Pendant in hallmarked 22ct gold. Handcrafted in London, it\u2019s a powerful symbol of passion, depth, and resilience.\" \/>\n<meta name=\"robots\" content=\"index, follow, max-snippet:-1, max-image-preview:large, max-video-preview:-1\" \/>\n<link rel=\"canonical\" href=\"https:\/\/www.purejewels.com\/tr\/urun\/22-ayar-altin-akrep-kolye-51040\/\" \/>\n<meta property=\"og:locale\" content=\"tr_TR\" \/>\n<meta property=\"og:type\" content=\"article\" \/>\n<meta property=\"og:title\" content=\"Scorpio Zodiac Pendant in 22ct Gold | PureJewels London\" \/>\n<meta property=\"og:description\" content=\"Express your cosmic identity with our Scorpio Pendant in hallmarked 22ct gold. Handcrafted in London, it\u2019s a powerful symbol of passion, depth, and resilience.\" \/>\n<meta property=\"og:url\" content=\"https:\/\/www.purejewels.com\/tr\/urun\/22-ayar-altin-akrep-kolye-51040\/\" \/>\n<meta property=\"og:site_name\" content=\"PureJewels UK\" \/>\n<meta property=\"article:modified_time\" content=\"2026-04-27T05:57:01+00:00\" \/>\n<meta property=\"og:image\" content=\"https:\/\/static.purejewels.com\/wp-content\/uploads\/2025\/01\/SKU-51040-1.jpg\" \/>\n\t<meta property=\"og:image:width\" content=\"1000\" \/>\n\t<meta property=\"og:image:height\" content=\"1000\" \/>\n\t<meta property=\"og:image:type\" content=\"image\/jpeg\" \/>\n<meta name=\"twitter:card\" content=\"summary_large_image\" \/>\n<meta name=\"twitter:label1\" content=\"Tahmini okuma s\u00fcresi\" \/>\n\t<meta name=\"twitter:data1\" content=\"2 dakika\" \/>\n<script type=\"application\/ld+json\" class=\"yoast-schema-graph\">{\"@context\":\"https:\\\/\\\/schema.org\",\"@graph\":[{\"@type\":[\"WebPage\",\"ItemPage\"],\"@id\":\"https:\\\/\\\/www.purejewels.com\\\/product\\\/22ct-gold-scorpio-pendant-51040\\\/\",\"url\":\"https:\\\/\\\/www.purejewels.com\\\/product\\\/22ct-gold-scorpio-pendant-51040\\\/\",\"name\":\"Scorpio Zodiac Pendant in 22ct Gold | PureJewels London\",\"isPartOf\":{\"@id\":\"https:\\\/\\\/www.purejewels.com\\\/#website\"},\"primaryImageOfPage\":{\"@id\":\"https:\\\/\\\/www.purejewels.com\\\/product\\\/22ct-gold-scorpio-pendant-51040\\\/#primaryimage\"},\"image\":{\"@id\":\"https:\\\/\\\/www.purejewels.com\\\/product\\\/22ct-gold-scorpio-pendant-51040\\\/#primaryimage\"},\"thumbnailUrl\":\"https:\\\/\\\/static.purejewels.com\\\/wp-content\\\/uploads\\\/2025\\\/01\\\/SKU-51040-1.jpg\",\"datePublished\":\"2025-01-23T12:11:20+00:00\",\"dateModified\":\"2026-04-27T05:57:01+00:00\",\"description\":\"Express your cosmic identity with our Scorpio Pendant in hallmarked 22ct gold. Handcrafted in London, it\u2019s a powerful symbol of passion, depth, and resilience.\",\"breadcrumb\":{\"@id\":\"https:\\\/\\\/www.purejewels.com\\\/product\\\/22ct-gold-scorpio-pendant-51040\\\/#breadcrumb\"},\"inLanguage\":\"tr\",\"potentialAction\":[{\"@type\":\"ReadAction\",\"target\":[\"https:\\\/\\\/www.purejewels.com\\\/product\\\/22ct-gold-scorpio-pendant-51040\\\/\"]}]},{\"@type\":\"ImageObject\",\"inLanguage\":\"tr\",\"@id\":\"https:\\\/\\\/www.purejewels.com\\\/product\\\/22ct-gold-scorpio-pendant-51040\\\/#primaryimage\",\"url\":\"https:\\\/\\\/static.purejewels.com\\\/wp-content\\\/uploads\\\/2025\\\/01\\\/SKU-51040-1.jpg\",\"contentUrl\":\"https:\\\/\\\/static.purejewels.com\\\/wp-content\\\/uploads\\\/2025\\\/01\\\/SKU-51040-1.jpg\",\"width\":1000,\"height\":1000,\"caption\":\"Stacked from 6 images. Method=B (R=8,S=4)\"},{\"@type\":\"BreadcrumbList\",\"@id\":\"https:\\\/\\\/www.purejewels.com\\\/product\\\/22ct-gold-scorpio-pendant-51040\\\/#breadcrumb\",\"itemListElement\":[{\"@type\":\"ListItem\",\"position\":1,\"name\":\"Home\",\"item\":\"https:\\\/\\\/www.purejewels.com\\\/\"},{\"@type\":\"ListItem\",\"position\":2,\"name\":\"Shop\",\"item\":\"https:\\\/\\\/www.purejewels.com\\\/shop\\\/\"},{\"@type\":\"ListItem\",\"position\":3,\"name\":\"22ct Gold Scorpio Pendant\"}]},{\"@type\":\"WebSite\",\"@id\":\"https:\\\/\\\/www.purejewels.com\\\/#website\",\"url\":\"https:\\\/\\\/www.purejewels.com\\\/\",\"name\":\"PureJewels UK\",\"description\":\"Share the Love\",\"publisher\":{\"@id\":\"https:\\\/\\\/www.purejewels.com\\\/#organization\"},\"potentialAction\":[{\"@type\":\"SearchAction\",\"target\":{\"@type\":\"EntryPoint\",\"urlTemplate\":\"https:\\\/\\\/www.purejewels.com\\\/?s={search_term_string}\"},\"query-input\":{\"@type\":\"PropertyValueSpecification\",\"valueRequired\":true,\"valueName\":\"search_term_string\"}}],\"inLanguage\":\"tr\"},{\"@type\":\"Organization\",\"@id\":\"https:\\\/\\\/www.purejewels.com\\\/#organization\",\"name\":\"PureJewels UK\",\"url\":\"https:\\\/\\\/www.purejewels.com\\\/\",\"logo\":{\"@type\":\"ImageObject\",\"inLanguage\":\"tr\",\"@id\":\"https:\\\/\\\/www.purejewels.com\\\/#\\\/schema\\\/logo\\\/image\\\/\",\"url\":\"https:\\\/\\\/static.purejewels.com\\\/wp-content\\\/uploads\\\/2020\\\/11\\\/Logo-PJ-New-1.png\",\"contentUrl\":\"https:\\\/\\\/static.purejewels.com\\\/wp-content\\\/uploads\\\/2020\\\/11\\\/Logo-PJ-New-1.png\",\"width\":150,\"height\":80,\"caption\":\"PureJewels UK\"},\"image\":{\"@id\":\"https:\\\/\\\/www.purejewels.com\\\/#\\\/schema\\\/logo\\\/image\\\/\"}}]}<\/script>\n<!-- \/ Yoast SEO plugin. -->","yoast_head_json":{"title":"Akrep Burcu 22 Ayar Alt\u0131n Kolye Ucu | PureJewels London","description":"Kozmik kimli\u011finizi 22 ayar alt\u0131n damgal\u0131 Akrep Kolyemizle ifade edin. Londra'da el i\u015f\u00e7ili\u011fiyle \u00fcretilen bu kolye tutkunun, derinli\u011fin ve dayan\u0131kl\u0131l\u0131\u011f\u0131n g\u00fc\u00e7l\u00fc bir sembol\u00fcd\u00fcr.","robots":{"index":"index","follow":"follow","max-snippet":"max-snippet:-1","max-image-preview":"max-image-preview:large","max-video-preview":"max-video-preview:-1"},"canonical":"https:\/\/www.purejewels.com\/tr\/urun\/22-ayar-altin-akrep-kolye-51040\/","og_locale":"tr_TR","og_type":"article","og_title":"Scorpio Zodiac Pendant in 22ct Gold | PureJewels London","og_description":"Express your cosmic identity with our Scorpio Pendant in hallmarked 22ct gold. Handcrafted in London, it\u2019s a powerful symbol of passion, depth, and resilience.","og_url":"https:\/\/www.purejewels.com\/tr\/urun\/22-ayar-altin-akrep-kolye-51040\/","og_site_name":"PureJewels UK","article_modified_time":"2026-04-27T05:57:01+00:00","og_image":[{"width":1000,"height":1000,"url":"https:\/\/static.purejewels.com\/wp-content\/uploads\/2025\/01\/SKU-51040-1.jpg","type":"image\/jpeg"}],"twitter_card":"summary_large_image","twitter_misc":{"Tahmini okuma s\u00fcresi":"2 dakika"},"schema":{"@context":"https:\/\/schema.org","@graph":[{"@type":["WebPage","ItemPage"],"@id":"https:\/\/www.purejewels.com\/product\/22ct-gold-scorpio-pendant-51040\/","url":"https:\/\/www.purejewels.com\/product\/22ct-gold-scorpio-pendant-51040\/","name":"Akrep Burcu 22 Ayar Alt\u0131n Kolye Ucu | PureJewels London","isPartOf":{"@id":"https:\/\/www.purejewels.com\/#website"},"primaryImageOfPage":{"@id":"https:\/\/www.purejewels.com\/product\/22ct-gold-scorpio-pendant-51040\/#primaryimage"},"image":{"@id":"https:\/\/www.purejewels.com\/product\/22ct-gold-scorpio-pendant-51040\/#primaryimage"},"thumbnailUrl":"https:\/\/static.purejewels.com\/wp-content\/uploads\/2025\/01\/SKU-51040-1.jpg","datePublished":"2025-01-23T12:11:20+00:00","dateModified":"2026-04-27T05:57:01+00:00","description":"Kozmik kimli\u011finizi 22 ayar alt\u0131n damgal\u0131 Akrep Kolyemizle ifade edin. Londra'da el i\u015f\u00e7ili\u011fiyle \u00fcretilen bu kolye tutkunun, derinli\u011fin ve dayan\u0131kl\u0131l\u0131\u011f\u0131n g\u00fc\u00e7l\u00fc bir sembol\u00fcd\u00fcr.","breadcrumb":{"@id":"https:\/\/www.purejewels.com\/product\/22ct-gold-scorpio-pendant-51040\/#breadcrumb"},"inLanguage":"tr","potentialAction":[{"@type":"ReadAction","target":["https:\/\/www.purejewels.com\/product\/22ct-gold-scorpio-pendant-51040\/"]}]},{"@type":"ImageObject","inLanguage":"tr","@id":"https:\/\/www.purejewels.com\/product\/22ct-gold-scorpio-pendant-51040\/#primaryimage","url":"https:\/\/static.purejewels.com\/wp-content\/uploads\/2025\/01\/SKU-51040-1.jpg","contentUrl":"https:\/\/static.purejewels.com\/wp-content\/uploads\/2025\/01\/SKU-51040-1.jpg","width":1000,"height":1000,"caption":"Stacked from 6 images. Method=B (R=8,S=4)"},{"@type":"BreadcrumbList","@id":"https:\/\/www.purejewels.com\/product\/22ct-gold-scorpio-pendant-51040\/#breadcrumb","itemListElement":[{"@type":"ListItem","position":1,"name":"Home","item":"https:\/\/www.purejewels.com\/"},{"@type":"ListItem","position":2,"name":"Shop","item":"https:\/\/www.purejewels.com\/shop\/"},{"@type":"ListItem","position":3,"name":"22ct Gold Scorpio Pendant"}]},{"@type":"WebSite","@id":"https:\/\/www.purejewels.com\/#website","url":"https:\/\/www.purejewels.com\/","name":"PureJewels \u0130ngiltere","description":"Sevgiyi Payla\u015f\u0131n","publisher":{"@id":"https:\/\/www.purejewels.com\/#organization"},"potentialAction":[{"@type":"SearchAction","target":{"@type":"EntryPoint","urlTemplate":"https:\/\/www.purejewels.com\/?s={search_term_string}"},"query-input":{"@type":"PropertyValueSpecification","valueRequired":true,"valueName":"search_term_string"}}],"inLanguage":"tr"},{"@type":"Organization","@id":"https:\/\/www.purejewels.com\/#organization","name":"PureJewels \u0130ngiltere","url":"https:\/\/www.purejewels.com\/","logo":{"@type":"ImageObject","inLanguage":"tr","@id":"https:\/\/www.purejewels.com\/#\/schema\/logo\/image\/","url":"https:\/\/static.purejewels.com\/wp-content\/uploads\/2020\/11\/Logo-PJ-New-1.png","contentUrl":"https:\/\/static.purejewels.com\/wp-content\/uploads\/2020\/11\/Logo-PJ-New-1.png","width":150,"height":80,"caption":"PureJewels UK"},"image":{"@id":"https:\/\/www.purejewels.com\/#\/schema\/logo\/image\/"}}]}},"_links":{"self":[{"href":"https:\/\/www.purejewels.com\/tr\/wp-json\/wp\/v2\/product\/395360","targetHints":{"allow":["GET"]}}],"collection":[{"href":"https:\/\/www.purejewels.com\/tr\/wp-json\/wp\/v2\/product"}],"about":[{"href":"https:\/\/www.purejewels.com\/tr\/wp-json\/wp\/v2\/types\/product"}],"replies":[{"embeddable":true,"href":"https:\/\/www.purejewels.com\/tr\/wp-json\/wp\/v2\/comments?post=395360"}],"version-history":[{"count":4,"href":"https:\/\/www.purejewels.com\/tr\/wp-json\/wp\/v2\/product\/395360\/revisions"}],"predecessor-version":[{"id":425394,"href":"https:\/\/www.purejewels.com\/tr\/wp-json\/wp\/v2\/product\/395360\/revisions\/425394"}],"wp:featuredmedia":[{"embeddable":true,"href":"https:\/\/www.purejewels.com\/tr\/wp-json\/wp\/v2\/media\/409054"}],"wp:attachment":[{"href":"https:\/\/www.purejewels.com\/tr\/wp-json\/wp\/v2\/media?parent=395360"}],"wp:term":[{"taxonomy":"product_brand","embeddable":true,"href":"https:\/\/www.purejewels.com\/tr\/wp-json\/wp\/v2\/product_brand?post=395360"},{"taxonomy":"product_cat","embeddable":true,"href":"https:\/\/www.purejewels.com\/tr\/wp-json\/wp\/v2\/product_cat?post=395360"},{"taxonomy":"product_tag","embeddable":true,"href":"https:\/\/www.purejewels.com\/tr\/wp-json\/wp\/v2\/product_tag?post=395360"}],"curies":[{"name":"wp","href":"https:\/\/api.w.org\/{rel}","templated":true}]}}