{"id":395416,"date":"2024-05-07T13:25:52","date_gmt":"2024-05-07T12:25:52","guid":{"rendered":"https:\/\/www.purejewels.com\/?post_type=product&#038;p=395416"},"modified":"2026-04-28T11:19:52","modified_gmt":"2026-04-28T10:19:52","slug":"22-ayar-altin-gul-zincir-damla-kupe-purejewels-uk","status":"publish","type":"product","link":"https:\/\/www.purejewels.com\/tr\/product\/22ct-gold-rose-chain-drop-earrings-purejewels-uk\/","title":{"rendered":"22 Ayar Alt\u0131n G\u00fcl Saplama Damla K\u00fcpe | Asma Zincirli"},"content":{"rendered":"<p>22 ayar alt\u0131ndan incelikle tasarlanan G\u00fcl Saplama Damla K\u00fcpelerimiz, her hareketle sallanan ince asma zincirlerle e\u015fle\u015ftirilmi\u015f yontulmu\u015f bir \u00e7i\u00e7ek motifine sahiptir. Do\u011fadan ilham alan ve modern bir cazibeye sahip olan bu k\u00fcpeler, kad\u0131ns\u0131l\u0131k ve zarafetin m\u00fckemmel bir dengesini sunuyor. Gelin anlar\u0131 veya zarif davetler i\u00e7in ideal olan bu k\u00fcpeler damgal\u0131d\u0131r ve \u00f6zenle el i\u015f\u00e7ili\u011fiyle \u00fcretilmi\u015ftir.<\/p>","protected":false},"excerpt":{"rendered":"<p class=\"\" data-start=\"203\" data-end=\"386\">\u00c7i\u00e7ek cazibesi ve ak\u0131c\u0131 hareketin zarif bir kar\u0131\u015f\u0131m\u0131 olan bu 22 ayar alt\u0131n g\u00fcl k\u00fcpeler, zarif bir g\u00f6r\u00fcn\u00fcm i\u00e7in basamakl\u0131 zincirlere sahiptir.<br data-start=\"338\" data-end=\"341\" \/>Zahmetsizce romantik, sonsuz derecede b\u00fcy\u00fcleyici.<\/p>\n<ul>\n<li><strong>Malzeme:<\/strong> 22 Ayar Alt\u0131n<\/li>\n<li><strong>Hallmark: <\/strong>\u0130ngiliz Damgas\u0131<\/li>\n<li><strong>Br\u00fct A\u011f\u0131rl\u0131k: <\/strong>4.1 Gms<\/li>\n<li><strong>SKU: <\/strong>50993<\/li>\n<\/ul>\n<p><strong><br \/>\nFiyat ve Teslimat: <\/strong>KDV ve teslimat \u00fccretleri dahil<\/p>\n<p><strong><a href=\"https:\/\/www.purejewels.com\/tr\/i%cc%87ade-poli%cc%87ti%cc%87kasi\/\">\u0130ade Politikas\u0131<\/a><\/strong><\/p>","protected":false},"featured_media":406836,"comment_status":"closed","ping_status":"closed","template":"","meta":{"_eb_attr":"","_crsspst_to_jayantr4sg-hostcom":true},"product_brand":[],"product_cat":[1793,1685,6190,1792,1790,1254,1229,1570,1573,1574,5349],"product_tag":[5933,5922,66,6022],"class_list":{"0":"post-395416","1":"product","2":"type-product","3":"status-publish","4":"has-post-thumbnail","6":"product_cat-diwali-gifts","7":"product_cat-drop-earrings","8":"product_cat-easter-jewellery","9":"product_cat-festival-gifts","10":"product_cat-for-whom-when","11":"product_cat-gold-earrings","12":"product_cat-22ct-gold-jewellery","13":"product_cat-mothers-day-gifts","14":"product_cat-wedding-gifts","15":"product_cat-womens-jewellery","16":"product_cat-yellow-gold-jewellery","17":"product_tag-22ct-gold","18":"product_tag-22ct-gold-earrings","19":"product_tag-earrings","20":"product_tag-long-gold-earrings","22":"first","23":"instock","24":"taxable","25":"shipping-taxable","26":"purchasable","27":"product-type-simple","28":"add-to-wishlist-before_image"},"yoast_head":"<!-- This site is optimized with the Yoast SEO plugin v27.5 - https:\/\/yoast.com\/product\/yoast-seo-wordpress\/ -->\n<title>22ct Gold Rose Chain Drop Earrings Online | PureJewels UK<\/title>\n<meta name=\"description\" content=\"Discover elegant craftsmanship with these 22ct gold rose drop earrings, featuring delicate chain hangings. Shop online at PureJewels UK.\" \/>\n<meta name=\"robots\" content=\"index, follow, max-snippet:-1, max-image-preview:large, max-video-preview:-1\" \/>\n<link rel=\"canonical\" href=\"https:\/\/www.purejewels.com\/tr\/urun\/22-ayar-altin-gul-zincir-damla-kupe-purejewels-uk\/\" \/>\n<meta property=\"og:locale\" content=\"tr_TR\" \/>\n<meta property=\"og:type\" content=\"article\" \/>\n<meta property=\"og:title\" content=\"22ct Gold Rose Chain Drop Earrings Online | PureJewels UK\" \/>\n<meta property=\"og:description\" content=\"Discover elegant craftsmanship with these 22ct gold rose drop earrings, featuring delicate chain hangings. Shop online at PureJewels UK.\" \/>\n<meta property=\"og:url\" content=\"https:\/\/www.purejewels.com\/tr\/urun\/22-ayar-altin-gul-zincir-damla-kupe-purejewels-uk\/\" \/>\n<meta property=\"og:site_name\" content=\"PureJewels UK\" \/>\n<meta property=\"article:modified_time\" content=\"2026-04-28T10:19:52+00:00\" \/>\n<meta property=\"og:image\" content=\"https:\/\/static.purejewels.com\/wp-content\/uploads\/2024\/05\/SKU-50993.jpg\" \/>\n\t<meta property=\"og:image:width\" content=\"1000\" \/>\n\t<meta property=\"og:image:height\" content=\"1000\" \/>\n\t<meta property=\"og:image:type\" content=\"image\/jpeg\" \/>\n<meta name=\"twitter:card\" content=\"summary_large_image\" \/>\n<meta name=\"twitter:label1\" content=\"Tahmini okuma s\u00fcresi\" \/>\n\t<meta name=\"twitter:data1\" content=\"1 dakika\" \/>\n<script type=\"application\/ld+json\" class=\"yoast-schema-graph\">{\"@context\":\"https:\\\/\\\/schema.org\",\"@graph\":[{\"@type\":[\"WebPage\",\"ItemPage\"],\"@id\":\"https:\\\/\\\/www.purejewels.com\\\/product\\\/22ct-gold-rose-chain-drop-earrings-purejewels-uk\\\/\",\"url\":\"https:\\\/\\\/www.purejewels.com\\\/product\\\/22ct-gold-rose-chain-drop-earrings-purejewels-uk\\\/\",\"name\":\"22ct Gold Rose Chain Drop Earrings Online | PureJewels UK\",\"isPartOf\":{\"@id\":\"https:\\\/\\\/www.purejewels.com\\\/#website\"},\"primaryImageOfPage\":{\"@id\":\"https:\\\/\\\/www.purejewels.com\\\/product\\\/22ct-gold-rose-chain-drop-earrings-purejewels-uk\\\/#primaryimage\"},\"image\":{\"@id\":\"https:\\\/\\\/www.purejewels.com\\\/product\\\/22ct-gold-rose-chain-drop-earrings-purejewels-uk\\\/#primaryimage\"},\"thumbnailUrl\":\"https:\\\/\\\/static.purejewels.com\\\/wp-content\\\/uploads\\\/2024\\\/05\\\/SKU-50993.jpg\",\"datePublished\":\"2024-05-07T12:25:52+00:00\",\"dateModified\":\"2026-04-28T10:19:52+00:00\",\"description\":\"Discover elegant craftsmanship with these 22ct gold rose drop earrings, featuring delicate chain hangings. Shop online at PureJewels UK.\",\"breadcrumb\":{\"@id\":\"https:\\\/\\\/www.purejewels.com\\\/product\\\/22ct-gold-rose-chain-drop-earrings-purejewels-uk\\\/#breadcrumb\"},\"inLanguage\":\"tr\",\"potentialAction\":[{\"@type\":\"ReadAction\",\"target\":[\"https:\\\/\\\/www.purejewels.com\\\/product\\\/22ct-gold-rose-chain-drop-earrings-purejewels-uk\\\/\"]}]},{\"@type\":\"ImageObject\",\"inLanguage\":\"tr\",\"@id\":\"https:\\\/\\\/www.purejewels.com\\\/product\\\/22ct-gold-rose-chain-drop-earrings-purejewels-uk\\\/#primaryimage\",\"url\":\"https:\\\/\\\/static.purejewels.com\\\/wp-content\\\/uploads\\\/2024\\\/05\\\/SKU-50993.jpg\",\"contentUrl\":\"https:\\\/\\\/static.purejewels.com\\\/wp-content\\\/uploads\\\/2024\\\/05\\\/SKU-50993.jpg\",\"width\":1000,\"height\":1000,\"caption\":\"Stacked from 6 images. Method=B (R=8,S=4)\"},{\"@type\":\"BreadcrumbList\",\"@id\":\"https:\\\/\\\/www.purejewels.com\\\/product\\\/22ct-gold-rose-chain-drop-earrings-purejewels-uk\\\/#breadcrumb\",\"itemListElement\":[{\"@type\":\"ListItem\",\"position\":1,\"name\":\"Home\",\"item\":\"https:\\\/\\\/www.purejewels.com\\\/\"},{\"@type\":\"ListItem\",\"position\":2,\"name\":\"Shop\",\"item\":\"https:\\\/\\\/www.purejewels.com\\\/shop\\\/\"},{\"@type\":\"ListItem\",\"position\":3,\"name\":\"22ct Gold Rose Stud Drop Earring | With Hanging Chains\"}]},{\"@type\":\"WebSite\",\"@id\":\"https:\\\/\\\/www.purejewels.com\\\/#website\",\"url\":\"https:\\\/\\\/www.purejewels.com\\\/\",\"name\":\"PureJewels UK\",\"description\":\"Share the Love\",\"publisher\":{\"@id\":\"https:\\\/\\\/www.purejewels.com\\\/#organization\"},\"potentialAction\":[{\"@type\":\"SearchAction\",\"target\":{\"@type\":\"EntryPoint\",\"urlTemplate\":\"https:\\\/\\\/www.purejewels.com\\\/?s={search_term_string}\"},\"query-input\":{\"@type\":\"PropertyValueSpecification\",\"valueRequired\":true,\"valueName\":\"search_term_string\"}}],\"inLanguage\":\"tr\"},{\"@type\":\"Organization\",\"@id\":\"https:\\\/\\\/www.purejewels.com\\\/#organization\",\"name\":\"PureJewels UK\",\"url\":\"https:\\\/\\\/www.purejewels.com\\\/\",\"logo\":{\"@type\":\"ImageObject\",\"inLanguage\":\"tr\",\"@id\":\"https:\\\/\\\/www.purejewels.com\\\/#\\\/schema\\\/logo\\\/image\\\/\",\"url\":\"https:\\\/\\\/static.purejewels.com\\\/wp-content\\\/uploads\\\/2020\\\/11\\\/Logo-PJ-New-1.png\",\"contentUrl\":\"https:\\\/\\\/static.purejewels.com\\\/wp-content\\\/uploads\\\/2020\\\/11\\\/Logo-PJ-New-1.png\",\"width\":150,\"height\":80,\"caption\":\"PureJewels UK\"},\"image\":{\"@id\":\"https:\\\/\\\/www.purejewels.com\\\/#\\\/schema\\\/logo\\\/image\\\/\"}}]}<\/script>\n<!-- \/ Yoast SEO plugin. -->","yoast_head_json":{"title":"22 Ayar Alt\u0131n G\u00fcl Zincir Damla K\u00fcpe Online | PureJewels UK","description":"Narin zincir ask\u0131lar\u0131na sahip bu 22 ayar alt\u0131n g\u00fcl damla k\u00fcpelerle zarif i\u015f\u00e7ili\u011fi ke\u015ffedin. PureJewels UK'de online al\u0131\u015fveri\u015f yap\u0131n.","robots":{"index":"index","follow":"follow","max-snippet":"max-snippet:-1","max-image-preview":"max-image-preview:large","max-video-preview":"max-video-preview:-1"},"canonical":"https:\/\/www.purejewels.com\/tr\/urun\/22-ayar-altin-gul-zincir-damla-kupe-purejewels-uk\/","og_locale":"tr_TR","og_type":"article","og_title":"22ct Gold Rose Chain Drop Earrings Online | PureJewels UK","og_description":"Discover elegant craftsmanship with these 22ct gold rose drop earrings, featuring delicate chain hangings. Shop online at PureJewels UK.","og_url":"https:\/\/www.purejewels.com\/tr\/urun\/22-ayar-altin-gul-zincir-damla-kupe-purejewels-uk\/","og_site_name":"PureJewels UK","article_modified_time":"2026-04-28T10:19:52+00:00","og_image":[{"width":1000,"height":1000,"url":"https:\/\/static.purejewels.com\/wp-content\/uploads\/2024\/05\/SKU-50993.jpg","type":"image\/jpeg"}],"twitter_card":"summary_large_image","twitter_misc":{"Tahmini okuma s\u00fcresi":"1 dakika"},"schema":{"@context":"https:\/\/schema.org","@graph":[{"@type":["WebPage","ItemPage"],"@id":"https:\/\/www.purejewels.com\/product\/22ct-gold-rose-chain-drop-earrings-purejewels-uk\/","url":"https:\/\/www.purejewels.com\/product\/22ct-gold-rose-chain-drop-earrings-purejewels-uk\/","name":"22 Ayar Alt\u0131n G\u00fcl Zincir Damla K\u00fcpe Online | PureJewels UK","isPartOf":{"@id":"https:\/\/www.purejewels.com\/#website"},"primaryImageOfPage":{"@id":"https:\/\/www.purejewels.com\/product\/22ct-gold-rose-chain-drop-earrings-purejewels-uk\/#primaryimage"},"image":{"@id":"https:\/\/www.purejewels.com\/product\/22ct-gold-rose-chain-drop-earrings-purejewels-uk\/#primaryimage"},"thumbnailUrl":"https:\/\/static.purejewels.com\/wp-content\/uploads\/2024\/05\/SKU-50993.jpg","datePublished":"2024-05-07T12:25:52+00:00","dateModified":"2026-04-28T10:19:52+00:00","description":"Narin zincir ask\u0131lar\u0131na sahip bu 22 ayar alt\u0131n g\u00fcl damla k\u00fcpelerle zarif i\u015f\u00e7ili\u011fi ke\u015ffedin. PureJewels UK'de online al\u0131\u015fveri\u015f yap\u0131n.","breadcrumb":{"@id":"https:\/\/www.purejewels.com\/product\/22ct-gold-rose-chain-drop-earrings-purejewels-uk\/#breadcrumb"},"inLanguage":"tr","potentialAction":[{"@type":"ReadAction","target":["https:\/\/www.purejewels.com\/product\/22ct-gold-rose-chain-drop-earrings-purejewels-uk\/"]}]},{"@type":"ImageObject","inLanguage":"tr","@id":"https:\/\/www.purejewels.com\/product\/22ct-gold-rose-chain-drop-earrings-purejewels-uk\/#primaryimage","url":"https:\/\/static.purejewels.com\/wp-content\/uploads\/2024\/05\/SKU-50993.jpg","contentUrl":"https:\/\/static.purejewels.com\/wp-content\/uploads\/2024\/05\/SKU-50993.jpg","width":1000,"height":1000,"caption":"Stacked from 6 images. Method=B (R=8,S=4)"},{"@type":"BreadcrumbList","@id":"https:\/\/www.purejewels.com\/product\/22ct-gold-rose-chain-drop-earrings-purejewels-uk\/#breadcrumb","itemListElement":[{"@type":"ListItem","position":1,"name":"Home","item":"https:\/\/www.purejewels.com\/"},{"@type":"ListItem","position":2,"name":"Shop","item":"https:\/\/www.purejewels.com\/shop\/"},{"@type":"ListItem","position":3,"name":"22ct Gold Rose Stud Drop Earring | With Hanging Chains"}]},{"@type":"WebSite","@id":"https:\/\/www.purejewels.com\/#website","url":"https:\/\/www.purejewels.com\/","name":"PureJewels \u0130ngiltere","description":"Sevgiyi Payla\u015f\u0131n","publisher":{"@id":"https:\/\/www.purejewels.com\/#organization"},"potentialAction":[{"@type":"SearchAction","target":{"@type":"EntryPoint","urlTemplate":"https:\/\/www.purejewels.com\/?s={search_term_string}"},"query-input":{"@type":"PropertyValueSpecification","valueRequired":true,"valueName":"search_term_string"}}],"inLanguage":"tr"},{"@type":"Organization","@id":"https:\/\/www.purejewels.com\/#organization","name":"PureJewels \u0130ngiltere","url":"https:\/\/www.purejewels.com\/","logo":{"@type":"ImageObject","inLanguage":"tr","@id":"https:\/\/www.purejewels.com\/#\/schema\/logo\/image\/","url":"https:\/\/static.purejewels.com\/wp-content\/uploads\/2020\/11\/Logo-PJ-New-1.png","contentUrl":"https:\/\/static.purejewels.com\/wp-content\/uploads\/2020\/11\/Logo-PJ-New-1.png","width":150,"height":80,"caption":"PureJewels UK"},"image":{"@id":"https:\/\/www.purejewels.com\/#\/schema\/logo\/image\/"}}]}},"_links":{"self":[{"href":"https:\/\/www.purejewels.com\/tr\/wp-json\/wp\/v2\/product\/395416","targetHints":{"allow":["GET"]}}],"collection":[{"href":"https:\/\/www.purejewels.com\/tr\/wp-json\/wp\/v2\/product"}],"about":[{"href":"https:\/\/www.purejewels.com\/tr\/wp-json\/wp\/v2\/types\/product"}],"replies":[{"embeddable":true,"href":"https:\/\/www.purejewels.com\/tr\/wp-json\/wp\/v2\/comments?post=395416"}],"version-history":[{"count":3,"href":"https:\/\/www.purejewels.com\/tr\/wp-json\/wp\/v2\/product\/395416\/revisions"}],"predecessor-version":[{"id":395732,"href":"https:\/\/www.purejewels.com\/tr\/wp-json\/wp\/v2\/product\/395416\/revisions\/395732"}],"wp:featuredmedia":[{"embeddable":true,"href":"https:\/\/www.purejewels.com\/tr\/wp-json\/wp\/v2\/media\/406836"}],"wp:attachment":[{"href":"https:\/\/www.purejewels.com\/tr\/wp-json\/wp\/v2\/media?parent=395416"}],"wp:term":[{"taxonomy":"product_brand","embeddable":true,"href":"https:\/\/www.purejewels.com\/tr\/wp-json\/wp\/v2\/product_brand?post=395416"},{"taxonomy":"product_cat","embeddable":true,"href":"https:\/\/www.purejewels.com\/tr\/wp-json\/wp\/v2\/product_cat?post=395416"},{"taxonomy":"product_tag","embeddable":true,"href":"https:\/\/www.purejewels.com\/tr\/wp-json\/wp\/v2\/product_tag?post=395416"}],"curies":[{"name":"wp","href":"https:\/\/api.w.org\/{rel}","templated":true}]}}