{"id":395599,"date":"2025-01-08T05:58:17","date_gmt":"2025-01-08T05:58:17","guid":{"rendered":"https:\/\/www.purejewels.com\/?post_type=product&#038;p=395599"},"modified":"2026-04-27T09:11:38","modified_gmt":"2026-04-27T08:11:38","slug":"22-ayar-altin-koc-kolye-51651","status":"publish","type":"product","link":"https:\/\/www.purejewels.com\/tr\/product\/22ct-gold-aries-pendant-51651\/","title":{"rendered":"22 Ayar Alt\u0131n Ko\u00e7 Burcu Kolye"},"content":{"rendered":"<p data-start=\"0\" data-end=\"356\"><strong data-start=\"0\" data-end=\"10\">Tasar\u0131m<\/strong><br data-start=\"10\" data-end=\"13\" \/>Bu alt\u0131n Ko\u00e7 kolye, bur\u00e7lar ku\u015fa\u011f\u0131n\u0131n ilk burcunun cesur ve ileriye d\u00f6n\u00fck ruhunu yans\u0131t\u0131yor. 22 ayar alt\u0131ndan \u00fcretilen \u015f\u0131k dairesel kolye ucu, tutku, ama\u00e7 ve sessiz g\u00fcveni ifade eden zarif bir Ko\u00e7 motifine sahiptir. Minimal ve modern sil\u00fceti sayesinde g\u00fcnl\u00fck hayatta rahatl\u0131kla kullan\u0131labilen bu t\u0131ls\u0131m, daha \u015f\u0131k anlarda da \u00f6zel hissettiriyor.<\/p>\n<p data-start=\"358\" data-end=\"724\"><strong data-start=\"358\" data-end=\"375\">Zanaatkarl\u0131k<\/strong><br data-start=\"375\" data-end=\"378\" \/>22 ayar som alt\u0131ndan \u00fcretilen ve yumu\u015fak bir \u0131\u015f\u0131lt\u0131 verecek \u015fekilde parlat\u0131lan kolye ucu, ciltte hafif ve rahat bir his uyand\u0131racak \u015fekilde tasarlanm\u0131\u015ft\u0131r. Yakla\u015f\u0131k 2,01 gram a\u011f\u0131rl\u0131\u011f\u0131ndaki kolye ucu, sizi a\u011f\u0131rla\u015ft\u0131rmadan zincire zarif bir \u015fekilde oturur. Her bir par\u00e7a, PureJewels'in \u00f6zg\u00fcnl\u00fck ve ince i\u015f\u00e7ili\u011fe olan ba\u011fl\u0131l\u0131\u011f\u0131n\u0131 yans\u0131tan safl\u0131k sertifikas\u0131 i\u00e7in \u0130ngiltere'de damgalanm\u0131\u015ft\u0131r.<\/p>\n<p data-start=\"726\" data-end=\"1097\" data-is-last-node=\"\" data-is-only-node=\"\"><strong data-start=\"726\" data-end=\"747\">Stil Fikirleri<\/strong><br data-start=\"747\" data-end=\"750\" \/>Ki\u015fiselle\u015ftirilmi\u015f zodyak esintili bir istif i\u00e7in di\u011fer narin zincirlerle katmanlay\u0131n veya g\u00fcnl\u00fck imzan\u0131z olarak tek ba\u015f\u0131na tak\u0131n. Do\u011fum g\u00fcnleri ve d\u00f6n\u00fcm noktas\u0131 kutlamalar\u0131 i\u00e7in ideal olan bu \u00fcr\u00fcn, Ko\u00e7 burcunda do\u011fan veya Ko\u00e7 burcunun korkusuz enerjisinden etkilenen herkes i\u00e7in anlaml\u0131 bir hediye olacakt\u0131r. Burcunuzu - ve niyetlerinizi - kalbinize yak\u0131n tutman\u0131n ince ama g\u00fc\u00e7l\u00fc bir yolu.<\/p>","protected":false},"excerpt":{"rendered":"<div class=\"woocommerce-product-details__short-description\">\n<p class=\"\" data-start=\"227\" data-end=\"387\">Bu 22 ayar alt\u0131n Ko\u00e7 kolye ucu, zodyak\u0131n ate\u015fli \u00f6z\u00fcn\u00fc \u015f\u0131k ve minimal bir tasar\u0131mla yans\u0131t\u0131yor.<br data-start=\"322\" data-end=\"325\" \/>Tutku, ama\u00e7 ve cesur enerjiyle do\u011fanlar i\u00e7in haz\u0131rlanm\u0131\u015ft\u0131r.<\/p>\n<p><strong>Malzeme:<\/strong> 22 Ayar Alt\u0131n<strong><br \/>\nHallmark:\u00a0<\/strong>\u0130ngiliz Damgas\u0131<strong><br \/>\n<\/strong><strong>Br\u00fct A\u011f\u0131rl\u0131k: <\/strong>2.01 Gms<strong><br \/>\nSKU: <\/strong>51651, 51031<\/p>\n<p><strong>Fiyat ve Teslimat:<\/strong>KDV ve teslimat \u00fccretleri dahil<strong><br \/>\n<a href=\"https:\/\/www.purejewels.com\/tr\/i%cc%87ade-poli%cc%87ti%cc%87kasi\/\">\u0130ade Politikas\u0131<\/a><\/strong><\/p>\n<\/div>\n<div class=\"btn-atc atc-slide\"><\/div>\n<div class=\"product_meta\"><\/div>","protected":false},"featured_media":409025,"comment_status":"closed","ping_status":"closed","template":"","meta":{"_eb_attr":"","_crsspst_to_jayantr4sg-hostcom":true},"product_brand":[],"product_cat":[1790,1229,1255,5343,1767,1572,1768,5338,1574,5349,6019],"product_tag":[],"class_list":{"0":"post-395599","1":"product","2":"type-product","3":"status-publish","4":"has-post-thumbnail","6":"product_cat-for-whom-when","7":"product_cat-22ct-gold-jewellery","8":"product_cat-gold-pendants","9":"product_cat-jewellery-under-550","10":"product_cat-ladies-pendants","11":"product_cat-mens-jewellery","12":"product_cat-mens-pendants","13":"product_cat-shop-by-price","14":"product_cat-womens-jewellery","15":"product_cat-yellow-gold-jewellery","16":"product_cat-zodiac-sign-pendant","18":"first","19":"instock","20":"taxable","21":"shipping-taxable","22":"purchasable","23":"product-type-simple","24":"add-to-wishlist-before_image"},"yoast_head":"<!-- This site is optimized with the Yoast SEO plugin v27.5 - https:\/\/yoast.com\/product\/yoast-seo-wordpress\/ -->\n<title>22ct Gold Aries Pendant | Zodiac Jewellery | PureJewels UK<\/title>\n<meta name=\"description\" content=\"Celebrate bold beginnings with our 22ct Gold Aries Pendant \u2013 handcrafted for the fiery Aries spirit. Explore zodiac jewellery at PureJewels UK.\" \/>\n<meta name=\"robots\" content=\"index, follow, max-snippet:-1, max-image-preview:large, max-video-preview:-1\" \/>\n<link rel=\"canonical\" href=\"https:\/\/www.purejewels.com\/tr\/urun\/22-ayar-altin-koc-kolye-51651\/\" \/>\n<meta property=\"og:locale\" content=\"tr_TR\" \/>\n<meta property=\"og:type\" content=\"article\" \/>\n<meta property=\"og:title\" content=\"22ct Gold Aries Pendant | Zodiac Jewellery | PureJewels UK\" \/>\n<meta property=\"og:description\" content=\"Celebrate bold beginnings with our 22ct Gold Aries Pendant \u2013 handcrafted for the fiery Aries spirit. Explore zodiac jewellery at PureJewels UK.\" \/>\n<meta property=\"og:url\" content=\"https:\/\/www.purejewels.com\/tr\/urun\/22-ayar-altin-koc-kolye-51651\/\" \/>\n<meta property=\"og:site_name\" content=\"PureJewels UK\" \/>\n<meta property=\"article:modified_time\" content=\"2026-04-27T08:11:38+00:00\" \/>\n<meta property=\"og:image\" content=\"https:\/\/static.purejewels.com\/wp-content\/uploads\/2025\/01\/SKU-51031-1.jpg\" \/>\n\t<meta property=\"og:image:width\" content=\"1000\" \/>\n\t<meta property=\"og:image:height\" content=\"1000\" \/>\n\t<meta property=\"og:image:type\" content=\"image\/jpeg\" \/>\n<meta name=\"twitter:card\" content=\"summary_large_image\" \/>\n<meta name=\"twitter:label1\" content=\"Tahmini okuma s\u00fcresi\" \/>\n\t<meta name=\"twitter:data1\" content=\"1 dakika\" \/>\n<script type=\"application\/ld+json\" class=\"yoast-schema-graph\">{\"@context\":\"https:\\\/\\\/schema.org\",\"@graph\":[{\"@type\":[\"WebPage\",\"ItemPage\"],\"@id\":\"https:\\\/\\\/www.purejewels.com\\\/product\\\/22ct-gold-aries-pendant-51651\\\/\",\"url\":\"https:\\\/\\\/www.purejewels.com\\\/product\\\/22ct-gold-aries-pendant-51651\\\/\",\"name\":\"22ct Gold Aries Pendant | Zodiac Jewellery | PureJewels UK\",\"isPartOf\":{\"@id\":\"https:\\\/\\\/www.purejewels.com\\\/#website\"},\"primaryImageOfPage\":{\"@id\":\"https:\\\/\\\/www.purejewels.com\\\/product\\\/22ct-gold-aries-pendant-51651\\\/#primaryimage\"},\"image\":{\"@id\":\"https:\\\/\\\/www.purejewels.com\\\/product\\\/22ct-gold-aries-pendant-51651\\\/#primaryimage\"},\"thumbnailUrl\":\"https:\\\/\\\/static.purejewels.com\\\/wp-content\\\/uploads\\\/2025\\\/01\\\/SKU-51031-1.jpg\",\"datePublished\":\"2025-01-08T05:58:17+00:00\",\"dateModified\":\"2026-04-27T08:11:38+00:00\",\"description\":\"Celebrate bold beginnings with our 22ct Gold Aries Pendant \u2013 handcrafted for the fiery Aries spirit. Explore zodiac jewellery at PureJewels UK.\",\"breadcrumb\":{\"@id\":\"https:\\\/\\\/www.purejewels.com\\\/product\\\/22ct-gold-aries-pendant-51651\\\/#breadcrumb\"},\"inLanguage\":\"tr\",\"potentialAction\":[{\"@type\":\"ReadAction\",\"target\":[\"https:\\\/\\\/www.purejewels.com\\\/product\\\/22ct-gold-aries-pendant-51651\\\/\"]}]},{\"@type\":\"ImageObject\",\"inLanguage\":\"tr\",\"@id\":\"https:\\\/\\\/www.purejewels.com\\\/product\\\/22ct-gold-aries-pendant-51651\\\/#primaryimage\",\"url\":\"https:\\\/\\\/static.purejewels.com\\\/wp-content\\\/uploads\\\/2025\\\/01\\\/SKU-51031-1.jpg\",\"contentUrl\":\"https:\\\/\\\/static.purejewels.com\\\/wp-content\\\/uploads\\\/2025\\\/01\\\/SKU-51031-1.jpg\",\"width\":1000,\"height\":1000,\"caption\":\"Stacked from 6 images. Method=B (R=8,S=4)\"},{\"@type\":\"BreadcrumbList\",\"@id\":\"https:\\\/\\\/www.purejewels.com\\\/product\\\/22ct-gold-aries-pendant-51651\\\/#breadcrumb\",\"itemListElement\":[{\"@type\":\"ListItem\",\"position\":1,\"name\":\"Home\",\"item\":\"https:\\\/\\\/www.purejewels.com\\\/\"},{\"@type\":\"ListItem\",\"position\":2,\"name\":\"Shop\",\"item\":\"https:\\\/\\\/www.purejewels.com\\\/shop\\\/\"},{\"@type\":\"ListItem\",\"position\":3,\"name\":\"22ct Gold Aries Pendant\"}]},{\"@type\":\"WebSite\",\"@id\":\"https:\\\/\\\/www.purejewels.com\\\/#website\",\"url\":\"https:\\\/\\\/www.purejewels.com\\\/\",\"name\":\"PureJewels UK\",\"description\":\"Share the Love\",\"publisher\":{\"@id\":\"https:\\\/\\\/www.purejewels.com\\\/#organization\"},\"potentialAction\":[{\"@type\":\"SearchAction\",\"target\":{\"@type\":\"EntryPoint\",\"urlTemplate\":\"https:\\\/\\\/www.purejewels.com\\\/?s={search_term_string}\"},\"query-input\":{\"@type\":\"PropertyValueSpecification\",\"valueRequired\":true,\"valueName\":\"search_term_string\"}}],\"inLanguage\":\"tr\"},{\"@type\":\"Organization\",\"@id\":\"https:\\\/\\\/www.purejewels.com\\\/#organization\",\"name\":\"PureJewels UK\",\"url\":\"https:\\\/\\\/www.purejewels.com\\\/\",\"logo\":{\"@type\":\"ImageObject\",\"inLanguage\":\"tr\",\"@id\":\"https:\\\/\\\/www.purejewels.com\\\/#\\\/schema\\\/logo\\\/image\\\/\",\"url\":\"https:\\\/\\\/static.purejewels.com\\\/wp-content\\\/uploads\\\/2020\\\/11\\\/Logo-PJ-New-1.png\",\"contentUrl\":\"https:\\\/\\\/static.purejewels.com\\\/wp-content\\\/uploads\\\/2020\\\/11\\\/Logo-PJ-New-1.png\",\"width\":150,\"height\":80,\"caption\":\"PureJewels UK\"},\"image\":{\"@id\":\"https:\\\/\\\/www.purejewels.com\\\/#\\\/schema\\\/logo\\\/image\\\/\"}}]}<\/script>\n<!-- \/ Yoast SEO plugin. -->","yoast_head_json":{"title":"22 Ayar Alt\u0131n Ko\u00e7 Burcu Kolye | Zodyak Tak\u0131lar\u0131 | PureJewels UK","description":"Ate\u015fli Ko\u00e7 ruhu i\u00e7in el yap\u0131m\u0131 22 Ayar Alt\u0131n Ko\u00e7 Kolyemizle cesur ba\u015flang\u0131\u00e7lar\u0131 kutlay\u0131n. PureJewels UK'de zodyak m\u00fccevherlerini ke\u015ffedin.","robots":{"index":"index","follow":"follow","max-snippet":"max-snippet:-1","max-image-preview":"max-image-preview:large","max-video-preview":"max-video-preview:-1"},"canonical":"https:\/\/www.purejewels.com\/tr\/urun\/22-ayar-altin-koc-kolye-51651\/","og_locale":"tr_TR","og_type":"article","og_title":"22ct Gold Aries Pendant | Zodiac Jewellery | PureJewels UK","og_description":"Celebrate bold beginnings with our 22ct Gold Aries Pendant \u2013 handcrafted for the fiery Aries spirit. Explore zodiac jewellery at PureJewels UK.","og_url":"https:\/\/www.purejewels.com\/tr\/urun\/22-ayar-altin-koc-kolye-51651\/","og_site_name":"PureJewels UK","article_modified_time":"2026-04-27T08:11:38+00:00","og_image":[{"width":1000,"height":1000,"url":"https:\/\/static.purejewels.com\/wp-content\/uploads\/2025\/01\/SKU-51031-1.jpg","type":"image\/jpeg"}],"twitter_card":"summary_large_image","twitter_misc":{"Tahmini okuma s\u00fcresi":"1 dakika"},"schema":{"@context":"https:\/\/schema.org","@graph":[{"@type":["WebPage","ItemPage"],"@id":"https:\/\/www.purejewels.com\/product\/22ct-gold-aries-pendant-51651\/","url":"https:\/\/www.purejewels.com\/product\/22ct-gold-aries-pendant-51651\/","name":"22 Ayar Alt\u0131n Ko\u00e7 Burcu Kolye | Zodyak Tak\u0131lar\u0131 | PureJewels UK","isPartOf":{"@id":"https:\/\/www.purejewels.com\/#website"},"primaryImageOfPage":{"@id":"https:\/\/www.purejewels.com\/product\/22ct-gold-aries-pendant-51651\/#primaryimage"},"image":{"@id":"https:\/\/www.purejewels.com\/product\/22ct-gold-aries-pendant-51651\/#primaryimage"},"thumbnailUrl":"https:\/\/static.purejewels.com\/wp-content\/uploads\/2025\/01\/SKU-51031-1.jpg","datePublished":"2025-01-08T05:58:17+00:00","dateModified":"2026-04-27T08:11:38+00:00","description":"Ate\u015fli Ko\u00e7 ruhu i\u00e7in el yap\u0131m\u0131 22 Ayar Alt\u0131n Ko\u00e7 Kolyemizle cesur ba\u015flang\u0131\u00e7lar\u0131 kutlay\u0131n. PureJewels UK'de zodyak m\u00fccevherlerini ke\u015ffedin.","breadcrumb":{"@id":"https:\/\/www.purejewels.com\/product\/22ct-gold-aries-pendant-51651\/#breadcrumb"},"inLanguage":"tr","potentialAction":[{"@type":"ReadAction","target":["https:\/\/www.purejewels.com\/product\/22ct-gold-aries-pendant-51651\/"]}]},{"@type":"ImageObject","inLanguage":"tr","@id":"https:\/\/www.purejewels.com\/product\/22ct-gold-aries-pendant-51651\/#primaryimage","url":"https:\/\/static.purejewels.com\/wp-content\/uploads\/2025\/01\/SKU-51031-1.jpg","contentUrl":"https:\/\/static.purejewels.com\/wp-content\/uploads\/2025\/01\/SKU-51031-1.jpg","width":1000,"height":1000,"caption":"Stacked from 6 images. Method=B (R=8,S=4)"},{"@type":"BreadcrumbList","@id":"https:\/\/www.purejewels.com\/product\/22ct-gold-aries-pendant-51651\/#breadcrumb","itemListElement":[{"@type":"ListItem","position":1,"name":"Home","item":"https:\/\/www.purejewels.com\/"},{"@type":"ListItem","position":2,"name":"Shop","item":"https:\/\/www.purejewels.com\/shop\/"},{"@type":"ListItem","position":3,"name":"22ct Gold Aries Pendant"}]},{"@type":"WebSite","@id":"https:\/\/www.purejewels.com\/#website","url":"https:\/\/www.purejewels.com\/","name":"PureJewels \u0130ngiltere","description":"Sevgiyi Payla\u015f\u0131n","publisher":{"@id":"https:\/\/www.purejewels.com\/#organization"},"potentialAction":[{"@type":"SearchAction","target":{"@type":"EntryPoint","urlTemplate":"https:\/\/www.purejewels.com\/?s={search_term_string}"},"query-input":{"@type":"PropertyValueSpecification","valueRequired":true,"valueName":"search_term_string"}}],"inLanguage":"tr"},{"@type":"Organization","@id":"https:\/\/www.purejewels.com\/#organization","name":"PureJewels \u0130ngiltere","url":"https:\/\/www.purejewels.com\/","logo":{"@type":"ImageObject","inLanguage":"tr","@id":"https:\/\/www.purejewels.com\/#\/schema\/logo\/image\/","url":"https:\/\/static.purejewels.com\/wp-content\/uploads\/2020\/11\/Logo-PJ-New-1.png","contentUrl":"https:\/\/static.purejewels.com\/wp-content\/uploads\/2020\/11\/Logo-PJ-New-1.png","width":150,"height":80,"caption":"PureJewels UK"},"image":{"@id":"https:\/\/www.purejewels.com\/#\/schema\/logo\/image\/"}}]}},"_links":{"self":[{"href":"https:\/\/www.purejewels.com\/tr\/wp-json\/wp\/v2\/product\/395599","targetHints":{"allow":["GET"]}}],"collection":[{"href":"https:\/\/www.purejewels.com\/tr\/wp-json\/wp\/v2\/product"}],"about":[{"href":"https:\/\/www.purejewels.com\/tr\/wp-json\/wp\/v2\/types\/product"}],"replies":[{"embeddable":true,"href":"https:\/\/www.purejewels.com\/tr\/wp-json\/wp\/v2\/comments?post=395599"}],"version-history":[{"count":4,"href":"https:\/\/www.purejewels.com\/tr\/wp-json\/wp\/v2\/product\/395599\/revisions"}],"predecessor-version":[{"id":420835,"href":"https:\/\/www.purejewels.com\/tr\/wp-json\/wp\/v2\/product\/395599\/revisions\/420835"}],"wp:featuredmedia":[{"embeddable":true,"href":"https:\/\/www.purejewels.com\/tr\/wp-json\/wp\/v2\/media\/409025"}],"wp:attachment":[{"href":"https:\/\/www.purejewels.com\/tr\/wp-json\/wp\/v2\/media?parent=395599"}],"wp:term":[{"taxonomy":"product_brand","embeddable":true,"href":"https:\/\/www.purejewels.com\/tr\/wp-json\/wp\/v2\/product_brand?post=395599"},{"taxonomy":"product_cat","embeddable":true,"href":"https:\/\/www.purejewels.com\/tr\/wp-json\/wp\/v2\/product_cat?post=395599"},{"taxonomy":"product_tag","embeddable":true,"href":"https:\/\/www.purejewels.com\/tr\/wp-json\/wp\/v2\/product_tag?post=395599"}],"curies":[{"name":"wp","href":"https:\/\/api.w.org\/{rel}","templated":true}]}}