{"id":395612,"date":"2025-01-08T06:42:09","date_gmt":"2025-01-08T06:42:09","guid":{"rendered":"https:\/\/www.purejewels.com\/?post_type=product&#038;p=395612"},"modified":"2026-04-27T09:10:42","modified_gmt":"2026-04-27T08:10:42","slug":"altin-alfabe-b-kolye-ucu","status":"publish","type":"product","link":"https:\/\/www.purejewels.com\/tr\/product\/gold-alphabet-b-pendant\/","title":{"rendered":"Alt\u0131n Alfabe B Kolye"},"content":{"rendered":"<p data-start=\"661\" data-end=\"876\">Bu <strong data-start=\"665\" data-end=\"707\">CZ ile 22 Ayar Alt\u0131n B Ba\u015f Harfi Kolye<\/strong> ki\u015fisel yolculuklara alt\u0131n bir \u00f6vg\u00fcd\u00fcr. \u0130ster kendiniz i\u00e7in ister d\u00fc\u015f\u00fcnceli bir hediye olarak se\u00e7in, bu kolye sevginin, miras\u0131n ve bireyselli\u011fin \u0131\u015f\u0131lt\u0131l\u0131 bir amblemi haline gelir.<\/p>\n<p data-start=\"878\" data-end=\"1225\">El yap\u0131m\u0131 <strong data-start=\"895\" data-end=\"923\">damgal\u0131 22 ayar alt\u0131n<\/strong>mektup <strong data-start=\"936\" data-end=\"943\">\"B\"<\/strong> Do\u011fu miras\u0131n\u0131n modern sanatla bulu\u015ftu\u011fu PureJewels'in kendine \u00f6zg\u00fc esteti\u011fini yans\u0131tan p\u00fcr\u00fczs\u00fcz konturlar ve zarif bir denge ile \u015fekillendirilmi\u015ftir. Narin bir <strong data-start=\"1099\" data-end=\"1117\">k\u00fcbik zirkonya<\/strong> aksan tasar\u0131m\u0131n i\u00e7ine yerle\u015ferek \u0131\u015f\u0131\u011f\u0131 yakalayan ve zarafetini y\u00fckselten ince bir \u0131\u015f\u0131lt\u0131 sunar.<\/p>","protected":false},"excerpt":{"rendered":"<p>Kendinin ve duygular\u0131n\u0131n sembol\u00fc olan 22 ayar alt\u0131n B Ba\u015f Harfi Kolye, zarafet ve anlam\u0131n de\u011ferini bilenler i\u00e7in haz\u0131rlanm\u0131\u015f parlak bir CZ ta\u015fla zenginle\u015ftirilmi\u015ftir.<\/p>\n<p><strong>Malzeme:<\/strong> 22 Ayar Alt\u0131n<strong><br \/>\nHallmark:\u00a0<\/strong>\u0130ngiliz Damgas\u0131<strong><br \/>\n<\/strong><strong>Br\u00fct A\u011f\u0131rl\u0131k: <\/strong>1.86 Gms<strong><br \/>\nSKU: <\/strong>51688, 51066<br \/>\n<strong>Zincir<\/strong>: Zincir dahil de\u011fildir - 22 ayar alt\u0131n\u0131m\u0131z\u0131 ke\u015ffedin<a href=\"https:\/\/www.purejewels.com\/tr\/urun-kategori%cc%87si%cc%87\/22-ayar-altin-takilar\/altin-zincirler\/tilki-kuyrugu-zinciri\/\"> tilki kuyru\u011fu zincirleri<\/a><\/p>\n<p><strong>Fiyat ve Teslimat: <\/strong>KDV ve teslimat \u00fccretleri dahil<strong><br \/>\n<a href=\"https:\/\/www.purejewels.com\/tr\/i%cc%87ade-poli%cc%87ti%cc%87kasi\/\">\u0130ade Politikas\u0131<\/a><\/strong><\/p>","protected":false},"featured_media":409244,"comment_status":"closed","ping_status":"closed","template":"","meta":{"_eb_attr":"","_crsspst_to_jayantr4sg-hostcom":true},"product_brand":[],"product_cat":[1576,1793,1770,1792,1790,1229,1255,5598,5343,1767,1572,1768,5338,1575,1574,5349],"product_tag":[],"class_list":{"0":"post-395612","1":"product","2":"type-product","3":"status-publish","4":"has-post-thumbnail","6":"product_cat-childrens-jewellery","7":"product_cat-diwali-gifts","8":"product_cat-fancy-pendants","9":"product_cat-festival-gifts","10":"product_cat-for-whom-when","11":"product_cat-22ct-gold-jewellery","12":"product_cat-gold-pendants","13":"product_cat-initial-pendant","14":"product_cat-jewellery-under-550","15":"product_cat-ladies-pendants","16":"product_cat-mens-jewellery","17":"product_cat-mens-pendants","18":"product_cat-shop-by-price","19":"product_cat-teenage-jewellery","20":"product_cat-womens-jewellery","21":"product_cat-yellow-gold-jewellery","23":"first","24":"instock","25":"taxable","26":"shipping-taxable","27":"purchasable","28":"product-type-simple","29":"add-to-wishlist-before_image"},"yoast_head":"<!-- This site is optimized with the Yoast SEO plugin v27.5 - https:\/\/yoast.com\/product\/yoast-seo-wordpress\/ -->\n<title>Gold Alphabet B Pendant | PureJewels UK<\/title>\n<meta name=\"description\" content=\"Showcase your style with our 22ct Gold Alphabet B Pendant\u2014an elegant initial necklace and a thoughtful choice for meaningful Diwali gifts at PureJewels UK.\" \/>\n<meta name=\"robots\" content=\"index, follow, max-snippet:-1, max-image-preview:large, max-video-preview:-1\" \/>\n<link rel=\"canonical\" href=\"https:\/\/www.purejewels.com\/tr\/urun\/altin-alfabe-b-kolye-ucu\/\" \/>\n<meta property=\"og:locale\" content=\"tr_TR\" \/>\n<meta property=\"og:type\" content=\"article\" \/>\n<meta property=\"og:title\" content=\"Gold Alphabet B Pendant | PureJewels UK\" \/>\n<meta property=\"og:description\" content=\"Showcase your style with our 22ct Gold Alphabet B Pendant\u2014an elegant initial necklace and a thoughtful choice for meaningful Diwali gifts at PureJewels UK.\" \/>\n<meta property=\"og:url\" content=\"https:\/\/www.purejewels.com\/tr\/urun\/altin-alfabe-b-kolye-ucu\/\" \/>\n<meta property=\"og:site_name\" content=\"PureJewels UK\" \/>\n<meta property=\"article:modified_time\" content=\"2026-04-27T08:10:42+00:00\" \/>\n<meta property=\"og:image\" content=\"https:\/\/static.purejewels.com\/wp-content\/uploads\/2025\/01\/SKU-51066.jpg\" \/>\n\t<meta property=\"og:image:width\" content=\"1000\" \/>\n\t<meta property=\"og:image:height\" content=\"1000\" \/>\n\t<meta property=\"og:image:type\" content=\"image\/jpeg\" \/>\n<meta name=\"twitter:card\" content=\"summary_large_image\" \/>\n<meta name=\"twitter:label1\" content=\"Tahmini okuma s\u00fcresi\" \/>\n\t<meta name=\"twitter:data1\" content=\"1 dakika\" \/>\n<script type=\"application\/ld+json\" class=\"yoast-schema-graph\">{\"@context\":\"https:\\\/\\\/schema.org\",\"@graph\":[{\"@type\":[\"WebPage\",\"ItemPage\"],\"@id\":\"https:\\\/\\\/www.purejewels.com\\\/product\\\/gold-alphabet-b-pendant\\\/\",\"url\":\"https:\\\/\\\/www.purejewels.com\\\/product\\\/gold-alphabet-b-pendant\\\/\",\"name\":\"Gold Alphabet B Pendant | PureJewels UK\",\"isPartOf\":{\"@id\":\"https:\\\/\\\/www.purejewels.com\\\/#website\"},\"primaryImageOfPage\":{\"@id\":\"https:\\\/\\\/www.purejewels.com\\\/product\\\/gold-alphabet-b-pendant\\\/#primaryimage\"},\"image\":{\"@id\":\"https:\\\/\\\/www.purejewels.com\\\/product\\\/gold-alphabet-b-pendant\\\/#primaryimage\"},\"thumbnailUrl\":\"https:\\\/\\\/static.purejewels.com\\\/wp-content\\\/uploads\\\/2025\\\/01\\\/SKU-51066.jpg\",\"datePublished\":\"2025-01-08T06:42:09+00:00\",\"dateModified\":\"2026-04-27T08:10:42+00:00\",\"description\":\"Showcase your style with our 22ct Gold Alphabet B Pendant\u2014an elegant initial necklace and a thoughtful choice for meaningful Diwali gifts at PureJewels UK.\",\"breadcrumb\":{\"@id\":\"https:\\\/\\\/www.purejewels.com\\\/product\\\/gold-alphabet-b-pendant\\\/#breadcrumb\"},\"inLanguage\":\"tr\",\"potentialAction\":[{\"@type\":\"ReadAction\",\"target\":[\"https:\\\/\\\/www.purejewels.com\\\/product\\\/gold-alphabet-b-pendant\\\/\"]}]},{\"@type\":\"ImageObject\",\"inLanguage\":\"tr\",\"@id\":\"https:\\\/\\\/www.purejewels.com\\\/product\\\/gold-alphabet-b-pendant\\\/#primaryimage\",\"url\":\"https:\\\/\\\/static.purejewels.com\\\/wp-content\\\/uploads\\\/2025\\\/01\\\/SKU-51066.jpg\",\"contentUrl\":\"https:\\\/\\\/static.purejewels.com\\\/wp-content\\\/uploads\\\/2025\\\/01\\\/SKU-51066.jpg\",\"width\":1000,\"height\":1000,\"caption\":\"Stacked from 6 images. Method=B (R=8,S=4)\"},{\"@type\":\"BreadcrumbList\",\"@id\":\"https:\\\/\\\/www.purejewels.com\\\/product\\\/gold-alphabet-b-pendant\\\/#breadcrumb\",\"itemListElement\":[{\"@type\":\"ListItem\",\"position\":1,\"name\":\"Home\",\"item\":\"https:\\\/\\\/www.purejewels.com\\\/\"},{\"@type\":\"ListItem\",\"position\":2,\"name\":\"Shop\",\"item\":\"https:\\\/\\\/www.purejewels.com\\\/shop\\\/\"},{\"@type\":\"ListItem\",\"position\":3,\"name\":\"Gold Alphabet B Pendant\"}]},{\"@type\":\"WebSite\",\"@id\":\"https:\\\/\\\/www.purejewels.com\\\/#website\",\"url\":\"https:\\\/\\\/www.purejewels.com\\\/\",\"name\":\"PureJewels UK\",\"description\":\"Share the Love\",\"publisher\":{\"@id\":\"https:\\\/\\\/www.purejewels.com\\\/#organization\"},\"potentialAction\":[{\"@type\":\"SearchAction\",\"target\":{\"@type\":\"EntryPoint\",\"urlTemplate\":\"https:\\\/\\\/www.purejewels.com\\\/?s={search_term_string}\"},\"query-input\":{\"@type\":\"PropertyValueSpecification\",\"valueRequired\":true,\"valueName\":\"search_term_string\"}}],\"inLanguage\":\"tr\"},{\"@type\":\"Organization\",\"@id\":\"https:\\\/\\\/www.purejewels.com\\\/#organization\",\"name\":\"PureJewels UK\",\"url\":\"https:\\\/\\\/www.purejewels.com\\\/\",\"logo\":{\"@type\":\"ImageObject\",\"inLanguage\":\"tr\",\"@id\":\"https:\\\/\\\/www.purejewels.com\\\/#\\\/schema\\\/logo\\\/image\\\/\",\"url\":\"https:\\\/\\\/static.purejewels.com\\\/wp-content\\\/uploads\\\/2020\\\/11\\\/Logo-PJ-New-1.png\",\"contentUrl\":\"https:\\\/\\\/static.purejewels.com\\\/wp-content\\\/uploads\\\/2020\\\/11\\\/Logo-PJ-New-1.png\",\"width\":150,\"height\":80,\"caption\":\"PureJewels UK\"},\"image\":{\"@id\":\"https:\\\/\\\/www.purejewels.com\\\/#\\\/schema\\\/logo\\\/image\\\/\"}}]}<\/script>\n<!-- \/ Yoast SEO plugin. -->","yoast_head_json":{"title":"Alt\u0131n Alfabe B Kolye Ucu | PureJewels UK","description":"PureJewels UK'de anlaml\u0131 Diwali hediyeleri i\u00e7in d\u00fc\u015f\u00fcnceli bir se\u00e7im olan 22 Ayar Alt\u0131n Alfabe B Kolyemizle tarz\u0131n\u0131z\u0131 sergileyin.","robots":{"index":"index","follow":"follow","max-snippet":"max-snippet:-1","max-image-preview":"max-image-preview:large","max-video-preview":"max-video-preview:-1"},"canonical":"https:\/\/www.purejewels.com\/tr\/urun\/altin-alfabe-b-kolye-ucu\/","og_locale":"tr_TR","og_type":"article","og_title":"Gold Alphabet B Pendant | PureJewels UK","og_description":"Showcase your style with our 22ct Gold Alphabet B Pendant\u2014an elegant initial necklace and a thoughtful choice for meaningful Diwali gifts at PureJewels UK.","og_url":"https:\/\/www.purejewels.com\/tr\/urun\/altin-alfabe-b-kolye-ucu\/","og_site_name":"PureJewels UK","article_modified_time":"2026-04-27T08:10:42+00:00","og_image":[{"width":1000,"height":1000,"url":"https:\/\/static.purejewels.com\/wp-content\/uploads\/2025\/01\/SKU-51066.jpg","type":"image\/jpeg"}],"twitter_card":"summary_large_image","twitter_misc":{"Tahmini okuma s\u00fcresi":"1 dakika"},"schema":{"@context":"https:\/\/schema.org","@graph":[{"@type":["WebPage","ItemPage"],"@id":"https:\/\/www.purejewels.com\/product\/gold-alphabet-b-pendant\/","url":"https:\/\/www.purejewels.com\/product\/gold-alphabet-b-pendant\/","name":"Alt\u0131n Alfabe B Kolye Ucu | PureJewels UK","isPartOf":{"@id":"https:\/\/www.purejewels.com\/#website"},"primaryImageOfPage":{"@id":"https:\/\/www.purejewels.com\/product\/gold-alphabet-b-pendant\/#primaryimage"},"image":{"@id":"https:\/\/www.purejewels.com\/product\/gold-alphabet-b-pendant\/#primaryimage"},"thumbnailUrl":"https:\/\/static.purejewels.com\/wp-content\/uploads\/2025\/01\/SKU-51066.jpg","datePublished":"2025-01-08T06:42:09+00:00","dateModified":"2026-04-27T08:10:42+00:00","description":"PureJewels UK'de anlaml\u0131 Diwali hediyeleri i\u00e7in d\u00fc\u015f\u00fcnceli bir se\u00e7im olan 22 Ayar Alt\u0131n Alfabe B Kolyemizle tarz\u0131n\u0131z\u0131 sergileyin.","breadcrumb":{"@id":"https:\/\/www.purejewels.com\/product\/gold-alphabet-b-pendant\/#breadcrumb"},"inLanguage":"tr","potentialAction":[{"@type":"ReadAction","target":["https:\/\/www.purejewels.com\/product\/gold-alphabet-b-pendant\/"]}]},{"@type":"ImageObject","inLanguage":"tr","@id":"https:\/\/www.purejewels.com\/product\/gold-alphabet-b-pendant\/#primaryimage","url":"https:\/\/static.purejewels.com\/wp-content\/uploads\/2025\/01\/SKU-51066.jpg","contentUrl":"https:\/\/static.purejewels.com\/wp-content\/uploads\/2025\/01\/SKU-51066.jpg","width":1000,"height":1000,"caption":"Stacked from 6 images. Method=B (R=8,S=4)"},{"@type":"BreadcrumbList","@id":"https:\/\/www.purejewels.com\/product\/gold-alphabet-b-pendant\/#breadcrumb","itemListElement":[{"@type":"ListItem","position":1,"name":"Home","item":"https:\/\/www.purejewels.com\/"},{"@type":"ListItem","position":2,"name":"Shop","item":"https:\/\/www.purejewels.com\/shop\/"},{"@type":"ListItem","position":3,"name":"Gold Alphabet B Pendant"}]},{"@type":"WebSite","@id":"https:\/\/www.purejewels.com\/#website","url":"https:\/\/www.purejewels.com\/","name":"PureJewels \u0130ngiltere","description":"Sevgiyi Payla\u015f\u0131n","publisher":{"@id":"https:\/\/www.purejewels.com\/#organization"},"potentialAction":[{"@type":"SearchAction","target":{"@type":"EntryPoint","urlTemplate":"https:\/\/www.purejewels.com\/?s={search_term_string}"},"query-input":{"@type":"PropertyValueSpecification","valueRequired":true,"valueName":"search_term_string"}}],"inLanguage":"tr"},{"@type":"Organization","@id":"https:\/\/www.purejewels.com\/#organization","name":"PureJewels \u0130ngiltere","url":"https:\/\/www.purejewels.com\/","logo":{"@type":"ImageObject","inLanguage":"tr","@id":"https:\/\/www.purejewels.com\/#\/schema\/logo\/image\/","url":"https:\/\/static.purejewels.com\/wp-content\/uploads\/2020\/11\/Logo-PJ-New-1.png","contentUrl":"https:\/\/static.purejewels.com\/wp-content\/uploads\/2020\/11\/Logo-PJ-New-1.png","width":150,"height":80,"caption":"PureJewels UK"},"image":{"@id":"https:\/\/www.purejewels.com\/#\/schema\/logo\/image\/"}}]}},"_links":{"self":[{"href":"https:\/\/www.purejewels.com\/tr\/wp-json\/wp\/v2\/product\/395612","targetHints":{"allow":["GET"]}}],"collection":[{"href":"https:\/\/www.purejewels.com\/tr\/wp-json\/wp\/v2\/product"}],"about":[{"href":"https:\/\/www.purejewels.com\/tr\/wp-json\/wp\/v2\/types\/product"}],"replies":[{"embeddable":true,"href":"https:\/\/www.purejewels.com\/tr\/wp-json\/wp\/v2\/comments?post=395612"}],"version-history":[{"count":3,"href":"https:\/\/www.purejewels.com\/tr\/wp-json\/wp\/v2\/product\/395612\/revisions"}],"predecessor-version":[{"id":409252,"href":"https:\/\/www.purejewels.com\/tr\/wp-json\/wp\/v2\/product\/395612\/revisions\/409252"}],"wp:featuredmedia":[{"embeddable":true,"href":"https:\/\/www.purejewels.com\/tr\/wp-json\/wp\/v2\/media\/409244"}],"wp:attachment":[{"href":"https:\/\/www.purejewels.com\/tr\/wp-json\/wp\/v2\/media?parent=395612"}],"wp:term":[{"taxonomy":"product_brand","embeddable":true,"href":"https:\/\/www.purejewels.com\/tr\/wp-json\/wp\/v2\/product_brand?post=395612"},{"taxonomy":"product_cat","embeddable":true,"href":"https:\/\/www.purejewels.com\/tr\/wp-json\/wp\/v2\/product_cat?post=395612"},{"taxonomy":"product_tag","embeddable":true,"href":"https:\/\/www.purejewels.com\/tr\/wp-json\/wp\/v2\/product_tag?post=395612"}],"curies":[{"name":"wp","href":"https:\/\/api.w.org\/{rel}","templated":true}]}}