{"id":395616,"date":"2025-11-26T06:52:37","date_gmt":"2025-11-26T06:52:37","guid":{"rendered":"https:\/\/www.purejewels.com\/?post_type=product&#038;p=395616"},"modified":"2026-01-06T05:33:52","modified_gmt":"2026-01-06T05:33:52","slug":"22-ayar-altin-kalp-cz-saplama-kupe","status":"publish","type":"product","link":"https:\/\/www.purejewels.com\/tr\/product\/22ct-gold-heart-cz-stud-earrings\/","title":{"rendered":"22 Ayar Alt\u0131n CZ Ta\u015fl\u0131 Saplama K\u00fcpe"},"content":{"rendered":"<p>Merkezinde \u0131\u015f\u0131lt\u0131l\u0131 bir K\u00fcbik Zirkonya (CZ) ta\u015f\u0131yla s\u00fcslenmi\u015f 22 Ayar Alt\u0131n Kalp \u015eeklinde Saplama K\u00fcpelerimizle a\u015fk\u0131 ve zarafeti kutlay\u0131n.<\/p>\n<p>Y\u00fcksek safl\u0131kta alt\u0131ndan titizlikle el i\u015f\u00e7ili\u011fiyle \u00fcretilen bu b\u00fcy\u00fcleyici k\u00fcpeler, her k\u0131yafeti tamamlayan s\u0131cak ve parlak bir g\u00f6r\u00fcn\u00fcm sunar. Parlak CZ ta\u015f\u0131 \u0131\u015f\u0131\u011f\u0131 g\u00fczel bir \u015fekilde yakalayarak g\u00fcnl\u00fck g\u00f6r\u00fcn\u00fcm\u00fcn\u00fcze cazibe katar. Rahat bir uyum i\u00e7in g\u00fcvenli vidal\u0131 kapaklarla tasarlanan bu k\u00fcpeler, zamans\u0131z cazibeyi modern i\u015f\u00e7ilikle birle\u015ftiriyor. Bir a\u015fk hediyesi veya m\u00fccevher koleksiyonunuza de\u011ferli bir ek olarak m\u00fckemmel olan bu k\u00fcpeler, her detay\u0131nda sofistike ve \u00e7ok y\u00f6nl\u00fcl\u00fc\u011f\u00fc bar\u0131nd\u0131r\u0131r.<\/p>","protected":false},"excerpt":{"rendered":"<p>22 ayar alt\u0131n kalp k\u00fcpeler, kalp \u015feklinde k\u00fcpeler, CZ ta\u015fl\u0131 k\u00fcpeler, alt\u0131n k\u00fcpeler, l\u00fcks alt\u0131n k\u00fcpeler, kaliteli alt\u0131n tak\u0131lar, el i\u015fi alt\u0131n k\u00fcpeler.<\/p>\n<ul>\n<li><strong>Malzeme:<\/strong> 22 Ayar Alt\u0131n<\/li>\n<li><strong>Hallmark: <\/strong>\u0130ngiliz Damgas\u0131<\/li>\n<li><strong>Br\u00fct A\u011f\u0131rl\u0131k: <\/strong>1,5 Gms<\/li>\n<li><strong>SKU:<\/strong>51174<\/li>\n<\/ul>\n<p><strong><br \/>\nFiyat ve Teslimat: <\/strong>KDV ve teslimat \u00fccretleri dahil<\/p>\n<p><strong><a href=\"https:\/\/www.purejewels.com\/tr\/i%cc%87ade-poli%cc%87ti%cc%87kasi\/\">\u0130ade Politikas\u0131<\/a><\/strong><\/p>","protected":false},"featured_media":406889,"comment_status":"closed","ping_status":"closed","template":"","meta":{"_eb_attr":"","_crsspst_to_jayantr4sg-hostcom":true},"product_brand":[],"product_cat":[6150,1793,1792,1790,1254,1229,1577,1573,1574,5349],"product_tag":[5933,5922,66,5919],"class_list":{"0":"post-395616","1":"product","2":"type-product","3":"status-publish","4":"has-post-thumbnail","6":"product_cat-cubic-zirconia-ear-studs","7":"product_cat-diwali-gifts","8":"product_cat-festival-gifts","9":"product_cat-for-whom-when","10":"product_cat-gold-earrings","11":"product_cat-22ct-gold-jewellery","12":"product_cat-stud-earrings","13":"product_cat-wedding-gifts","14":"product_cat-womens-jewellery","15":"product_cat-yellow-gold-jewellery","16":"product_tag-22ct-gold","17":"product_tag-22ct-gold-earrings","18":"product_tag-earrings","19":"product_tag-stud","21":"first","22":"outofstock","23":"taxable","24":"shipping-taxable","25":"product-type-simple","26":"add-to-wishlist-before_image"},"yoast_head":"<!-- This site is optimized with the Yoast SEO plugin v27.5 - https:\/\/yoast.com\/product\/yoast-seo-wordpress\/ -->\n<title>22ct Gold CZ Stone Earrings Online at PureJewels UK<\/title>\n<meta name=\"description\" content=\"Add timeless romance with 22ct gold CZ stud earrings\u2014elegant, delicate, and perfect for everyday wear. Ideal Diwali gifts with free UK delivery.\" \/>\n<meta name=\"robots\" content=\"index, follow, max-snippet:-1, max-image-preview:large, max-video-preview:-1\" \/>\n<link rel=\"canonical\" href=\"https:\/\/www.purejewels.com\/tr\/urun\/22-ayar-altin-kalp-cz-saplama-kupe\/\" \/>\n<meta property=\"og:locale\" content=\"tr_TR\" \/>\n<meta property=\"og:type\" content=\"article\" \/>\n<meta property=\"og:title\" content=\"22ct Gold CZ Stone Earrings Online at PureJewels UK\" \/>\n<meta property=\"og:description\" content=\"Add timeless romance with 22ct gold CZ stud earrings\u2014elegant, delicate, and perfect for everyday wear. Ideal Diwali gifts with free UK delivery.\" \/>\n<meta property=\"og:url\" content=\"https:\/\/www.purejewels.com\/tr\/urun\/22-ayar-altin-kalp-cz-saplama-kupe\/\" \/>\n<meta property=\"og:site_name\" content=\"PureJewels UK\" \/>\n<meta property=\"article:modified_time\" content=\"2026-01-06T05:33:52+00:00\" \/>\n<meta property=\"og:image\" content=\"https:\/\/www.purejewels.com\/wp-content\/uploads\/2024\/05\/SKU-51174.jpg\" \/>\n\t<meta property=\"og:image:width\" content=\"1000\" \/>\n\t<meta property=\"og:image:height\" content=\"1000\" \/>\n\t<meta property=\"og:image:type\" content=\"image\/jpeg\" \/>\n<meta name=\"twitter:card\" content=\"summary_large_image\" \/>\n<meta name=\"twitter:label1\" content=\"Tahmini okuma s\u00fcresi\" \/>\n\t<meta name=\"twitter:data1\" content=\"1 dakika\" \/>\n<script type=\"application\/ld+json\" class=\"yoast-schema-graph\">{\"@context\":\"https:\\\/\\\/schema.org\",\"@graph\":[{\"@type\":[\"WebPage\",\"ItemPage\"],\"@id\":\"https:\\\/\\\/www.purejewels.com\\\/product\\\/22ct-gold-heart-cz-stud-earrings\\\/\",\"url\":\"https:\\\/\\\/www.purejewels.com\\\/product\\\/22ct-gold-heart-cz-stud-earrings\\\/\",\"name\":\"22ct Gold CZ Stone Earrings Online at PureJewels UK\",\"isPartOf\":{\"@id\":\"https:\\\/\\\/www.purejewels.com\\\/#website\"},\"primaryImageOfPage\":{\"@id\":\"https:\\\/\\\/www.purejewels.com\\\/product\\\/22ct-gold-heart-cz-stud-earrings\\\/#primaryimage\"},\"image\":{\"@id\":\"https:\\\/\\\/www.purejewels.com\\\/product\\\/22ct-gold-heart-cz-stud-earrings\\\/#primaryimage\"},\"thumbnailUrl\":\"https:\\\/\\\/static.purejewels.com\\\/wp-content\\\/uploads\\\/2024\\\/05\\\/SKU-51174.jpg\",\"datePublished\":\"2025-11-26T06:52:37+00:00\",\"dateModified\":\"2026-01-06T05:33:52+00:00\",\"description\":\"Add timeless romance with 22ct gold CZ stud earrings\u2014elegant, delicate, and perfect for everyday wear. Ideal Diwali gifts with free UK delivery.\",\"breadcrumb\":{\"@id\":\"https:\\\/\\\/www.purejewels.com\\\/product\\\/22ct-gold-heart-cz-stud-earrings\\\/#breadcrumb\"},\"inLanguage\":\"tr\",\"potentialAction\":[{\"@type\":\"ReadAction\",\"target\":[\"https:\\\/\\\/www.purejewels.com\\\/product\\\/22ct-gold-heart-cz-stud-earrings\\\/\"]}]},{\"@type\":\"ImageObject\",\"inLanguage\":\"tr\",\"@id\":\"https:\\\/\\\/www.purejewels.com\\\/product\\\/22ct-gold-heart-cz-stud-earrings\\\/#primaryimage\",\"url\":\"https:\\\/\\\/static.purejewels.com\\\/wp-content\\\/uploads\\\/2024\\\/05\\\/SKU-51174.jpg\",\"contentUrl\":\"https:\\\/\\\/static.purejewels.com\\\/wp-content\\\/uploads\\\/2024\\\/05\\\/SKU-51174.jpg\",\"width\":1000,\"height\":1000,\"caption\":\"51174\"},{\"@type\":\"BreadcrumbList\",\"@id\":\"https:\\\/\\\/www.purejewels.com\\\/product\\\/22ct-gold-heart-cz-stud-earrings\\\/#breadcrumb\",\"itemListElement\":[{\"@type\":\"ListItem\",\"position\":1,\"name\":\"Home\",\"item\":\"https:\\\/\\\/www.purejewels.com\\\/\"},{\"@type\":\"ListItem\",\"position\":2,\"name\":\"Shop\",\"item\":\"https:\\\/\\\/www.purejewels.com\\\/shop\\\/\"},{\"@type\":\"ListItem\",\"position\":3,\"name\":\"22ct Gold CZ Stone Stud Earring\"}]},{\"@type\":\"WebSite\",\"@id\":\"https:\\\/\\\/www.purejewels.com\\\/#website\",\"url\":\"https:\\\/\\\/www.purejewels.com\\\/\",\"name\":\"PureJewels UK\",\"description\":\"Share the Love\",\"publisher\":{\"@id\":\"https:\\\/\\\/www.purejewels.com\\\/#organization\"},\"potentialAction\":[{\"@type\":\"SearchAction\",\"target\":{\"@type\":\"EntryPoint\",\"urlTemplate\":\"https:\\\/\\\/www.purejewels.com\\\/?s={search_term_string}\"},\"query-input\":{\"@type\":\"PropertyValueSpecification\",\"valueRequired\":true,\"valueName\":\"search_term_string\"}}],\"inLanguage\":\"tr\"},{\"@type\":\"Organization\",\"@id\":\"https:\\\/\\\/www.purejewels.com\\\/#organization\",\"name\":\"PureJewels UK\",\"url\":\"https:\\\/\\\/www.purejewels.com\\\/\",\"logo\":{\"@type\":\"ImageObject\",\"inLanguage\":\"tr\",\"@id\":\"https:\\\/\\\/www.purejewels.com\\\/#\\\/schema\\\/logo\\\/image\\\/\",\"url\":\"https:\\\/\\\/static.purejewels.com\\\/wp-content\\\/uploads\\\/2020\\\/11\\\/Logo-PJ-New-1.png\",\"contentUrl\":\"https:\\\/\\\/static.purejewels.com\\\/wp-content\\\/uploads\\\/2020\\\/11\\\/Logo-PJ-New-1.png\",\"width\":150,\"height\":80,\"caption\":\"PureJewels UK\"},\"image\":{\"@id\":\"https:\\\/\\\/www.purejewels.com\\\/#\\\/schema\\\/logo\\\/image\\\/\"}}]}<\/script>\n<!-- \/ Yoast SEO plugin. -->","yoast_head_json":{"title":"PureJewels UK'de 22 Ayar Alt\u0131n CZ Ta\u015fl\u0131 K\u00fcpeler Online","description":"Zarif, narin ve g\u00fcnl\u00fck kullan\u0131m i\u00e7in m\u00fckemmel olan 22 ayar alt\u0131n CZ k\u00fcpelerle zamans\u0131z bir romantizm kat\u0131n. \u00dccretsiz \u0130ngiltere teslimat\u0131 ile ideal Diwali hediyeleri.","robots":{"index":"index","follow":"follow","max-snippet":"max-snippet:-1","max-image-preview":"max-image-preview:large","max-video-preview":"max-video-preview:-1"},"canonical":"https:\/\/www.purejewels.com\/tr\/urun\/22-ayar-altin-kalp-cz-saplama-kupe\/","og_locale":"tr_TR","og_type":"article","og_title":"22ct Gold CZ Stone Earrings Online at PureJewels UK","og_description":"Add timeless romance with 22ct gold CZ stud earrings\u2014elegant, delicate, and perfect for everyday wear. Ideal Diwali gifts with free UK delivery.","og_url":"https:\/\/www.purejewels.com\/tr\/urun\/22-ayar-altin-kalp-cz-saplama-kupe\/","og_site_name":"PureJewels UK","article_modified_time":"2026-01-06T05:33:52+00:00","og_image":[{"width":1000,"height":1000,"url":"https:\/\/www.purejewels.com\/wp-content\/uploads\/2024\/05\/SKU-51174.jpg","type":"image\/jpeg"}],"twitter_card":"summary_large_image","twitter_misc":{"Tahmini okuma s\u00fcresi":"1 dakika"},"schema":{"@context":"https:\/\/schema.org","@graph":[{"@type":["WebPage","ItemPage"],"@id":"https:\/\/www.purejewels.com\/product\/22ct-gold-heart-cz-stud-earrings\/","url":"https:\/\/www.purejewels.com\/product\/22ct-gold-heart-cz-stud-earrings\/","name":"PureJewels UK'de 22 Ayar Alt\u0131n CZ Ta\u015fl\u0131 K\u00fcpeler Online","isPartOf":{"@id":"https:\/\/www.purejewels.com\/#website"},"primaryImageOfPage":{"@id":"https:\/\/www.purejewels.com\/product\/22ct-gold-heart-cz-stud-earrings\/#primaryimage"},"image":{"@id":"https:\/\/www.purejewels.com\/product\/22ct-gold-heart-cz-stud-earrings\/#primaryimage"},"thumbnailUrl":"https:\/\/static.purejewels.com\/wp-content\/uploads\/2024\/05\/SKU-51174.jpg","datePublished":"2025-11-26T06:52:37+00:00","dateModified":"2026-01-06T05:33:52+00:00","description":"Zarif, narin ve g\u00fcnl\u00fck kullan\u0131m i\u00e7in m\u00fckemmel olan 22 ayar alt\u0131n CZ k\u00fcpelerle zamans\u0131z bir romantizm kat\u0131n. \u00dccretsiz \u0130ngiltere teslimat\u0131 ile ideal Diwali hediyeleri.","breadcrumb":{"@id":"https:\/\/www.purejewels.com\/product\/22ct-gold-heart-cz-stud-earrings\/#breadcrumb"},"inLanguage":"tr","potentialAction":[{"@type":"ReadAction","target":["https:\/\/www.purejewels.com\/product\/22ct-gold-heart-cz-stud-earrings\/"]}]},{"@type":"ImageObject","inLanguage":"tr","@id":"https:\/\/www.purejewels.com\/product\/22ct-gold-heart-cz-stud-earrings\/#primaryimage","url":"https:\/\/static.purejewels.com\/wp-content\/uploads\/2024\/05\/SKU-51174.jpg","contentUrl":"https:\/\/static.purejewels.com\/wp-content\/uploads\/2024\/05\/SKU-51174.jpg","width":1000,"height":1000,"caption":"51174"},{"@type":"BreadcrumbList","@id":"https:\/\/www.purejewels.com\/product\/22ct-gold-heart-cz-stud-earrings\/#breadcrumb","itemListElement":[{"@type":"ListItem","position":1,"name":"Home","item":"https:\/\/www.purejewels.com\/"},{"@type":"ListItem","position":2,"name":"Shop","item":"https:\/\/www.purejewels.com\/shop\/"},{"@type":"ListItem","position":3,"name":"22ct Gold CZ Stone Stud Earring"}]},{"@type":"WebSite","@id":"https:\/\/www.purejewels.com\/#website","url":"https:\/\/www.purejewels.com\/","name":"PureJewels \u0130ngiltere","description":"Sevgiyi Payla\u015f\u0131n","publisher":{"@id":"https:\/\/www.purejewels.com\/#organization"},"potentialAction":[{"@type":"SearchAction","target":{"@type":"EntryPoint","urlTemplate":"https:\/\/www.purejewels.com\/?s={search_term_string}"},"query-input":{"@type":"PropertyValueSpecification","valueRequired":true,"valueName":"search_term_string"}}],"inLanguage":"tr"},{"@type":"Organization","@id":"https:\/\/www.purejewels.com\/#organization","name":"PureJewels \u0130ngiltere","url":"https:\/\/www.purejewels.com\/","logo":{"@type":"ImageObject","inLanguage":"tr","@id":"https:\/\/www.purejewels.com\/#\/schema\/logo\/image\/","url":"https:\/\/static.purejewels.com\/wp-content\/uploads\/2020\/11\/Logo-PJ-New-1.png","contentUrl":"https:\/\/static.purejewels.com\/wp-content\/uploads\/2020\/11\/Logo-PJ-New-1.png","width":150,"height":80,"caption":"PureJewels UK"},"image":{"@id":"https:\/\/www.purejewels.com\/#\/schema\/logo\/image\/"}}]}},"_links":{"self":[{"href":"https:\/\/www.purejewels.com\/tr\/wp-json\/wp\/v2\/product\/395616","targetHints":{"allow":["GET"]}}],"collection":[{"href":"https:\/\/www.purejewels.com\/tr\/wp-json\/wp\/v2\/product"}],"about":[{"href":"https:\/\/www.purejewels.com\/tr\/wp-json\/wp\/v2\/types\/product"}],"replies":[{"embeddable":true,"href":"https:\/\/www.purejewels.com\/tr\/wp-json\/wp\/v2\/comments?post=395616"}],"version-history":[{"count":6,"href":"https:\/\/www.purejewels.com\/tr\/wp-json\/wp\/v2\/product\/395616\/revisions"}],"predecessor-version":[{"id":419649,"href":"https:\/\/www.purejewels.com\/tr\/wp-json\/wp\/v2\/product\/395616\/revisions\/419649"}],"wp:featuredmedia":[{"embeddable":true,"href":"https:\/\/www.purejewels.com\/tr\/wp-json\/wp\/v2\/media\/406889"}],"wp:attachment":[{"href":"https:\/\/www.purejewels.com\/tr\/wp-json\/wp\/v2\/media?parent=395616"}],"wp:term":[{"taxonomy":"product_brand","embeddable":true,"href":"https:\/\/www.purejewels.com\/tr\/wp-json\/wp\/v2\/product_brand?post=395616"},{"taxonomy":"product_cat","embeddable":true,"href":"https:\/\/www.purejewels.com\/tr\/wp-json\/wp\/v2\/product_cat?post=395616"},{"taxonomy":"product_tag","embeddable":true,"href":"https:\/\/www.purejewels.com\/tr\/wp-json\/wp\/v2\/product_tag?post=395616"}],"curies":[{"name":"wp","href":"https:\/\/api.w.org\/{rel}","templated":true}]}}