{"id":396290,"date":"2025-03-12T05:06:38","date_gmt":"2025-03-12T05:06:38","guid":{"rendered":"https:\/\/www.purejewels.com\/?post_type=product&#038;p=396290"},"modified":"2026-01-22T10:55:48","modified_gmt":"2026-01-22T10:55:48","slug":"22-ayar-gundogumu-altin-koc-kolye-51727","status":"publish","type":"product","link":"https:\/\/www.purejewels.com\/tr\/product\/22k-sunrise-gold-aries-pendant-51727\/","title":{"rendered":"Ko\u00e7 Burcu - Alev Ta\u015f\u0131y\u0131c\u0131 Kolye"},"content":{"rendered":"<p data-ccp-border-bottom=\"0px none #000000\" data-ccp-padding-bottom=\"0px\" data-ccp-border-between=\"0px none #000000\" data-ccp-padding-between=\"0px\" aria-level=\"2\"><span data-contrast=\"none\">PureJewels'ten Ko\u00e7 burcu kolyesi Alev Ta\u015f\u0131y\u0131c\u0131 Kolyeyi sat\u0131n al\u0131n<\/span><span data-contrast=\"none\">' <\/span><span data-contrast=\"none\">Virtues Zodyak Koleksiyonu. Londra'da 22 ayar Sunrise Alt\u0131ndan el yap\u0131m\u0131 olarak \u00fcretilen bu l\u00fcks Ko\u00e7 burcu kolye ucu, burcu onurland\u0131r\u0131yor<\/span><span data-contrast=\"none\">'<\/span><span data-contrast=\"none\">cesaret, kararl\u0131l\u0131k ve ba\u011f\u0131ms\u0131zl\u0131k \u00f6zellikleri -<\/span> <span data-contrast=\"none\">a<\/span> <span data-contrast=\"none\">\u0130\u00e7indeki ate\u015fle liderlik edenler i\u00e7in l\u00fcks zodyak alt\u0131n kolye<\/span><span data-contrast=\"none\">.<\/span><span data-ccp-props=\"{&quot;134245418&quot;:true,&quot;134245529&quot;:true,&quot;201341983&quot;:0,&quot;335559738&quot;:200,&quot;335559739&quot;:0,&quot;335559740&quot;:276}\">\u00a0<\/span><\/p>\n<p data-ccp-border-bottom=\"0px none #000000\" data-ccp-padding-bottom=\"0px\" data-ccp-border-between=\"0px none #000000\" data-ccp-padding-between=\"0px\" aria-level=\"2\"><span data-ccp-props=\"{&quot;134245418&quot;:true,&quot;134245529&quot;:true,&quot;201341983&quot;:0,&quot;335559738&quot;:200,&quot;335559739&quot;:0,&quot;335559740&quot;:276}\">\u00a0<\/span><\/p>","protected":false},"excerpt":{"rendered":"<div class=\"woocommerce-product-details__short-description\">\n<p data-ccp-border-bottom=\"0px none #000000\" data-ccp-padding-bottom=\"0px\" data-ccp-border-between=\"0px none #000000\" data-ccp-padding-between=\"0px\"><b><span data-contrast=\"none\">Tarihler: 21 Mart<\/span><\/b><b><span data-contrast=\"none\"> - <\/span><\/b><b><span data-contrast=\"none\">18 Nisan<\/span><\/b><b><span data-contrast=\"none\">inci<\/span><\/b><span data-ccp-props=\"{&quot;201341983&quot;:0,&quot;335559739&quot;:200,&quot;335559740&quot;:276}\">\u00a0<\/span><\/p>\n<p data-ccp-border-bottom=\"0px none #000000\" data-ccp-padding-bottom=\"0px\" data-ccp-border-between=\"0px none #000000\" data-ccp-padding-between=\"0px\"><b><span data-contrast=\"none\">Erdemler: Cesaret <\/span><\/b><b><span data-contrast=\"none\">- <\/span><\/b><b><span data-contrast=\"none\">S\u00fcr\u00fc\u015f <\/span><\/b><b><span data-contrast=\"none\">- <\/span><\/b><b><span data-contrast=\"none\">Ba\u011f\u0131ms\u0131zl\u0131k<\/span><\/b><span data-ccp-props=\"{&quot;201341983&quot;:0,&quot;335559739&quot;:200,&quot;335559740&quot;:276}\">\u00a0<\/span><\/p>\n<p data-ccp-border-bottom=\"0px none #000000\" data-ccp-padding-bottom=\"0px\" data-ccp-border-between=\"0px none #000000\" data-ccp-padding-between=\"0px\"><i><span data-contrast=\"none\">S\u00fcr\u00fc\u015f k\u0131v\u0131lc\u0131m\u0131n\u0131 ate\u015flemek<\/span><\/i><span data-ccp-props=\"{&quot;201341983&quot;:0,&quot;335559739&quot;:200,&quot;335559740&quot;:276}\">\u00a0<\/span><\/p>\n<p data-ccp-border-bottom=\"0px none #000000\" data-ccp-padding-bottom=\"0px\" data-ccp-border-between=\"0px none #000000\" data-ccp-padding-between=\"0px\"><span data-contrast=\"none\">Ko\u00e7 burcu kolye ucu, saf momentumun sembol\u00fc olan yukar\u0131 do\u011fru uzanan cesur, alev benzeri boynuzlara sahiptir. Formu iddial\u0131 ve simetriktir, ko\u00e7 burcunu yans\u0131t\u0131r.<\/span><span data-contrast=\"none\">'<\/span><span data-contrast=\"none\">korkusuz ilerleyi\u015fi. Her bir alt\u0131n k\u0131vr\u0131m, i\u00e7sel ate\u015fin ve durdurulamaz enerjinin sembol\u00fcd\u00fcr.<\/span><span data-ccp-props=\"{&quot;201341983&quot;:0,&quot;335559739&quot;:200,&quot;335559740&quot;:276}\">\u00a0<\/span><\/p>\n<p data-ccp-border-bottom=\"0px none #000000\" data-ccp-padding-bottom=\"0px\" data-ccp-border-between=\"0px none #000000\" data-ccp-padding-between=\"0px\" aria-level=\"2\"><span data-ccp-props=\"{&quot;134245418&quot;:true,&quot;134245529&quot;:true,&quot;201341983&quot;:0,&quot;335559738&quot;:200,&quot;335559739&quot;:0,&quot;335559740&quot;:276}\">\u00a0<\/span><strong>Malzeme:<\/strong> 22 Ayar G\u00fcndo\u011fumu Alt\u0131n<strong><br \/>\nHallmark:\u00a0<\/strong>\u0130ngiliz Damgas\u0131<strong><br \/>\n<\/strong><strong>Br\u00fct A\u011f\u0131rl\u0131k: <\/strong>1.40 Gms<strong><br \/>\nSKU: <\/strong>51727<\/p>\n<p><strong>Fiyat ve Teslimat: <\/strong>Zincir fiyat\u0131 dahil de\u011fildir, KDV ve teslimat \u00fccretleri dahildir<strong><br \/>\n<a href=\"https:\/\/www.purejewels.com\/tr\/i%cc%87ade-poli%cc%87ti%cc%87kasi\/\">\u0130ade Politikas\u0131<\/a><\/strong><\/p>\n<\/div>\n<div class=\"btn-atc atc-slide\"><\/div>\n<div class=\"product_meta\"><\/div>","protected":false},"featured_media":401890,"comment_status":"closed","ping_status":"closed","template":"","meta":{"_eb_attr":"","_crsspst_to_jayantr4sg-hostcom":false},"product_brand":[],"product_cat":[1770,1790,1229,1255,5343,1767,1572,1768,5338,6081,1575,1574,5349,6019],"product_tag":[],"class_list":{"0":"post-396290","1":"product","2":"type-product","3":"status-publish","4":"has-post-thumbnail","6":"product_cat-fancy-pendants","7":"product_cat-for-whom-when","8":"product_cat-22ct-gold-jewellery","9":"product_cat-gold-pendants","10":"product_cat-jewellery-under-550","11":"product_cat-ladies-pendants","12":"product_cat-mens-jewellery","13":"product_cat-mens-pendants","14":"product_cat-shop-by-price","15":"product_cat-sunrise-gold","16":"product_cat-teenage-jewellery","17":"product_cat-womens-jewellery","18":"product_cat-yellow-gold-jewellery","19":"product_cat-zodiac-sign-pendant","21":"first","22":"onbackorder","23":"taxable","24":"shipping-taxable","25":"purchasable","26":"product-type-simple","27":"add-to-wishlist-before_image"},"yoast_head":"<!-- This site is optimized with the Yoast SEO plugin v27.6 - https:\/\/yoast.com\/product\/yoast-seo-wordpress\/ -->\n<title>22K Sunrise Gold Aries Pendant \u2013 Zodiac Jewelry for Aries Sign<\/title>\n<meta name=\"description\" content=\"Celebrate your Aries spirit with this elegant 22K Sunrise Gold Aries Pendant. A perfect zodiac gift, crafted in radiant gold for bold and passionate personalities.\" \/>\n<meta name=\"robots\" content=\"index, follow, max-snippet:-1, max-image-preview:large, max-video-preview:-1\" \/>\n<link rel=\"canonical\" href=\"https:\/\/www.purejewels.com\/tr\/urun\/22-ayar-gundogumu-altin-koc-kolye-51727\/\" \/>\n<meta property=\"og:locale\" content=\"tr_TR\" \/>\n<meta property=\"og:type\" content=\"article\" \/>\n<meta property=\"og:title\" content=\"22K Sunrise Gold Aries Pendant \u2013 Zodiac Jewelry for Aries Sign\" \/>\n<meta property=\"og:description\" content=\"Celebrate your Aries spirit with this elegant 22K Sunrise Gold Aries Pendant. A perfect zodiac gift, crafted in radiant gold for bold and passionate personalities.\" \/>\n<meta property=\"og:url\" content=\"https:\/\/www.purejewels.com\/tr\/urun\/22-ayar-gundogumu-altin-koc-kolye-51727\/\" \/>\n<meta property=\"og:site_name\" content=\"PureJewels UK\" \/>\n<meta property=\"article:modified_time\" content=\"2026-01-22T10:55:48+00:00\" \/>\n<meta property=\"og:image\" content=\"https:\/\/static.purejewels.com\/wp-content\/uploads\/2025\/03\/ARIES.png\" \/>\n\t<meta property=\"og:image:width\" content=\"1000\" \/>\n\t<meta property=\"og:image:height\" content=\"1000\" \/>\n\t<meta property=\"og:image:type\" content=\"image\/png\" \/>\n<meta name=\"twitter:card\" content=\"summary_large_image\" \/>\n<meta name=\"twitter:label1\" content=\"Tahmini okuma s\u00fcresi\" \/>\n\t<meta name=\"twitter:data1\" content=\"1 dakika\" \/>\n<script type=\"application\/ld+json\" class=\"yoast-schema-graph\">{\"@context\":\"https:\\\/\\\/schema.org\",\"@graph\":[{\"@type\":[\"WebPage\",\"ItemPage\"],\"@id\":\"https:\\\/\\\/www.purejewels.com\\\/product\\\/22k-sunrise-gold-aries-pendant-51727\\\/\",\"url\":\"https:\\\/\\\/www.purejewels.com\\\/product\\\/22k-sunrise-gold-aries-pendant-51727\\\/\",\"name\":\"22K Sunrise Gold Aries Pendant \u2013 Zodiac Jewelry for Aries Sign\",\"isPartOf\":{\"@id\":\"https:\\\/\\\/www.purejewels.com\\\/#website\"},\"primaryImageOfPage\":{\"@id\":\"https:\\\/\\\/www.purejewels.com\\\/product\\\/22k-sunrise-gold-aries-pendant-51727\\\/#primaryimage\"},\"image\":{\"@id\":\"https:\\\/\\\/www.purejewels.com\\\/product\\\/22k-sunrise-gold-aries-pendant-51727\\\/#primaryimage\"},\"thumbnailUrl\":\"https:\\\/\\\/static.purejewels.com\\\/wp-content\\\/uploads\\\/2025\\\/03\\\/ARIES.png\",\"datePublished\":\"2025-03-12T05:06:38+00:00\",\"dateModified\":\"2026-01-22T10:55:48+00:00\",\"description\":\"Celebrate your Aries spirit with this elegant 22K Sunrise Gold Aries Pendant. A perfect zodiac gift, crafted in radiant gold for bold and passionate personalities.\",\"breadcrumb\":{\"@id\":\"https:\\\/\\\/www.purejewels.com\\\/product\\\/22k-sunrise-gold-aries-pendant-51727\\\/#breadcrumb\"},\"inLanguage\":\"tr\",\"potentialAction\":[{\"@type\":\"ReadAction\",\"target\":[\"https:\\\/\\\/www.purejewels.com\\\/product\\\/22k-sunrise-gold-aries-pendant-51727\\\/\"]}]},{\"@type\":\"ImageObject\",\"inLanguage\":\"tr\",\"@id\":\"https:\\\/\\\/www.purejewels.com\\\/product\\\/22k-sunrise-gold-aries-pendant-51727\\\/#primaryimage\",\"url\":\"https:\\\/\\\/static.purejewels.com\\\/wp-content\\\/uploads\\\/2025\\\/03\\\/ARIES.png\",\"contentUrl\":\"https:\\\/\\\/static.purejewels.com\\\/wp-content\\\/uploads\\\/2025\\\/03\\\/ARIES.png\",\"width\":1000,\"height\":1000,\"caption\":\"Aries \u2013 The Flame Bearer Pendant\"},{\"@type\":\"BreadcrumbList\",\"@id\":\"https:\\\/\\\/www.purejewels.com\\\/product\\\/22k-sunrise-gold-aries-pendant-51727\\\/#breadcrumb\",\"itemListElement\":[{\"@type\":\"ListItem\",\"position\":1,\"name\":\"Home\",\"item\":\"https:\\\/\\\/www.purejewels.com\\\/\"},{\"@type\":\"ListItem\",\"position\":2,\"name\":\"Shop\",\"item\":\"https:\\\/\\\/www.purejewels.com\\\/shop\\\/\"},{\"@type\":\"ListItem\",\"position\":3,\"name\":\"Aries \u2013 The Flame Bearer Pendant\"}]},{\"@type\":\"WebSite\",\"@id\":\"https:\\\/\\\/www.purejewels.com\\\/#website\",\"url\":\"https:\\\/\\\/www.purejewels.com\\\/\",\"name\":\"PureJewels UK\",\"description\":\"Share the Love\",\"publisher\":{\"@id\":\"https:\\\/\\\/www.purejewels.com\\\/#organization\"},\"potentialAction\":[{\"@type\":\"SearchAction\",\"target\":{\"@type\":\"EntryPoint\",\"urlTemplate\":\"https:\\\/\\\/www.purejewels.com\\\/?s={search_term_string}\"},\"query-input\":{\"@type\":\"PropertyValueSpecification\",\"valueRequired\":true,\"valueName\":\"search_term_string\"}}],\"inLanguage\":\"tr\"},{\"@type\":\"Organization\",\"@id\":\"https:\\\/\\\/www.purejewels.com\\\/#organization\",\"name\":\"PureJewels UK\",\"url\":\"https:\\\/\\\/www.purejewels.com\\\/\",\"logo\":{\"@type\":\"ImageObject\",\"inLanguage\":\"tr\",\"@id\":\"https:\\\/\\\/www.purejewels.com\\\/#\\\/schema\\\/logo\\\/image\\\/\",\"url\":\"https:\\\/\\\/static.purejewels.com\\\/wp-content\\\/uploads\\\/2020\\\/11\\\/Logo-PJ-New-1.png\",\"contentUrl\":\"https:\\\/\\\/static.purejewels.com\\\/wp-content\\\/uploads\\\/2020\\\/11\\\/Logo-PJ-New-1.png\",\"width\":150,\"height\":80,\"caption\":\"PureJewels UK\"},\"image\":{\"@id\":\"https:\\\/\\\/www.purejewels.com\\\/#\\\/schema\\\/logo\\\/image\\\/\"}}]}<\/script>\n<!-- \/ Yoast SEO plugin. -->","yoast_head_json":{"title":"22K G\u00fcndo\u011fumu Alt\u0131n Ko\u00e7 Burcu Kolye - Ko\u00e7 Burcu i\u00e7in Zodyak Tak\u0131s\u0131","description":"Ko\u00e7 burcu ruhunuzu bu zarif 22K Sunrise Alt\u0131n Ko\u00e7 Kolyesi ile kutlay\u0131n. Cesur ve tutkulu ki\u015filikler i\u00e7in \u0131\u015f\u0131lt\u0131l\u0131 alt\u0131ndan \u00fcretilmi\u015f m\u00fckemmel bir bur\u00e7 hediyesi.","robots":{"index":"index","follow":"follow","max-snippet":"max-snippet:-1","max-image-preview":"max-image-preview:large","max-video-preview":"max-video-preview:-1"},"canonical":"https:\/\/www.purejewels.com\/tr\/urun\/22-ayar-gundogumu-altin-koc-kolye-51727\/","og_locale":"tr_TR","og_type":"article","og_title":"22K Sunrise Gold Aries Pendant \u2013 Zodiac Jewelry for Aries Sign","og_description":"Celebrate your Aries spirit with this elegant 22K Sunrise Gold Aries Pendant. A perfect zodiac gift, crafted in radiant gold for bold and passionate personalities.","og_url":"https:\/\/www.purejewels.com\/tr\/urun\/22-ayar-gundogumu-altin-koc-kolye-51727\/","og_site_name":"PureJewels UK","article_modified_time":"2026-01-22T10:55:48+00:00","og_image":[{"width":1000,"height":1000,"url":"https:\/\/static.purejewels.com\/wp-content\/uploads\/2025\/03\/ARIES.png","type":"image\/png"}],"twitter_card":"summary_large_image","twitter_misc":{"Tahmini okuma s\u00fcresi":"1 dakika"},"schema":{"@context":"https:\/\/schema.org","@graph":[{"@type":["WebPage","ItemPage"],"@id":"https:\/\/www.purejewels.com\/product\/22k-sunrise-gold-aries-pendant-51727\/","url":"https:\/\/www.purejewels.com\/product\/22k-sunrise-gold-aries-pendant-51727\/","name":"22K G\u00fcndo\u011fumu Alt\u0131n Ko\u00e7 Burcu Kolye - Ko\u00e7 Burcu i\u00e7in Zodyak Tak\u0131s\u0131","isPartOf":{"@id":"https:\/\/www.purejewels.com\/#website"},"primaryImageOfPage":{"@id":"https:\/\/www.purejewels.com\/product\/22k-sunrise-gold-aries-pendant-51727\/#primaryimage"},"image":{"@id":"https:\/\/www.purejewels.com\/product\/22k-sunrise-gold-aries-pendant-51727\/#primaryimage"},"thumbnailUrl":"https:\/\/static.purejewels.com\/wp-content\/uploads\/2025\/03\/ARIES.png","datePublished":"2025-03-12T05:06:38+00:00","dateModified":"2026-01-22T10:55:48+00:00","description":"Ko\u00e7 burcu ruhunuzu bu zarif 22K Sunrise Alt\u0131n Ko\u00e7 Kolyesi ile kutlay\u0131n. Cesur ve tutkulu ki\u015filikler i\u00e7in \u0131\u015f\u0131lt\u0131l\u0131 alt\u0131ndan \u00fcretilmi\u015f m\u00fckemmel bir bur\u00e7 hediyesi.","breadcrumb":{"@id":"https:\/\/www.purejewels.com\/product\/22k-sunrise-gold-aries-pendant-51727\/#breadcrumb"},"inLanguage":"tr","potentialAction":[{"@type":"ReadAction","target":["https:\/\/www.purejewels.com\/product\/22k-sunrise-gold-aries-pendant-51727\/"]}]},{"@type":"ImageObject","inLanguage":"tr","@id":"https:\/\/www.purejewels.com\/product\/22k-sunrise-gold-aries-pendant-51727\/#primaryimage","url":"https:\/\/static.purejewels.com\/wp-content\/uploads\/2025\/03\/ARIES.png","contentUrl":"https:\/\/static.purejewels.com\/wp-content\/uploads\/2025\/03\/ARIES.png","width":1000,"height":1000,"caption":"Aries \u2013 The Flame Bearer Pendant"},{"@type":"BreadcrumbList","@id":"https:\/\/www.purejewels.com\/product\/22k-sunrise-gold-aries-pendant-51727\/#breadcrumb","itemListElement":[{"@type":"ListItem","position":1,"name":"Home","item":"https:\/\/www.purejewels.com\/"},{"@type":"ListItem","position":2,"name":"Shop","item":"https:\/\/www.purejewels.com\/shop\/"},{"@type":"ListItem","position":3,"name":"Aries \u2013 The Flame Bearer Pendant"}]},{"@type":"WebSite","@id":"https:\/\/www.purejewels.com\/#website","url":"https:\/\/www.purejewels.com\/","name":"PureJewels \u0130ngiltere","description":"Sevgiyi Payla\u015f\u0131n","publisher":{"@id":"https:\/\/www.purejewels.com\/#organization"},"potentialAction":[{"@type":"SearchAction","target":{"@type":"EntryPoint","urlTemplate":"https:\/\/www.purejewels.com\/?s={search_term_string}"},"query-input":{"@type":"PropertyValueSpecification","valueRequired":true,"valueName":"search_term_string"}}],"inLanguage":"tr"},{"@type":"Organization","@id":"https:\/\/www.purejewels.com\/#organization","name":"PureJewels \u0130ngiltere","url":"https:\/\/www.purejewels.com\/","logo":{"@type":"ImageObject","inLanguage":"tr","@id":"https:\/\/www.purejewels.com\/#\/schema\/logo\/image\/","url":"https:\/\/static.purejewels.com\/wp-content\/uploads\/2020\/11\/Logo-PJ-New-1.png","contentUrl":"https:\/\/static.purejewels.com\/wp-content\/uploads\/2020\/11\/Logo-PJ-New-1.png","width":150,"height":80,"caption":"PureJewels UK"},"image":{"@id":"https:\/\/www.purejewels.com\/#\/schema\/logo\/image\/"}}]}},"_links":{"self":[{"href":"https:\/\/www.purejewels.com\/tr\/wp-json\/wp\/v2\/product\/396290","targetHints":{"allow":["GET"]}}],"collection":[{"href":"https:\/\/www.purejewels.com\/tr\/wp-json\/wp\/v2\/product"}],"about":[{"href":"https:\/\/www.purejewels.com\/tr\/wp-json\/wp\/v2\/types\/product"}],"replies":[{"embeddable":true,"href":"https:\/\/www.purejewels.com\/tr\/wp-json\/wp\/v2\/comments?post=396290"}],"version-history":[{"count":6,"href":"https:\/\/www.purejewels.com\/tr\/wp-json\/wp\/v2\/product\/396290\/revisions"}],"predecessor-version":[{"id":401891,"href":"https:\/\/www.purejewels.com\/tr\/wp-json\/wp\/v2\/product\/396290\/revisions\/401891"}],"wp:featuredmedia":[{"embeddable":true,"href":"https:\/\/www.purejewels.com\/tr\/wp-json\/wp\/v2\/media\/401890"}],"wp:attachment":[{"href":"https:\/\/www.purejewels.com\/tr\/wp-json\/wp\/v2\/media?parent=396290"}],"wp:term":[{"taxonomy":"product_brand","embeddable":true,"href":"https:\/\/www.purejewels.com\/tr\/wp-json\/wp\/v2\/product_brand?post=396290"},{"taxonomy":"product_cat","embeddable":true,"href":"https:\/\/www.purejewels.com\/tr\/wp-json\/wp\/v2\/product_cat?post=396290"},{"taxonomy":"product_tag","embeddable":true,"href":"https:\/\/www.purejewels.com\/tr\/wp-json\/wp\/v2\/product_tag?post=396290"}],"curies":[{"name":"wp","href":"https:\/\/api.w.org\/{rel}","templated":true}]}}