{"id":396297,"date":"2025-03-12T05:52:03","date_gmt":"2025-03-12T05:52:03","guid":{"rendered":"https:\/\/www.purejewels.com\/?post_type=product&#038;p=396297"},"modified":"2026-01-30T08:33:44","modified_gmt":"2026-01-30T08:33:44","slug":"balik-burcu-kolye-ucu-22-ayar-51729","status":"publish","type":"product","link":"https:\/\/www.purejewels.com\/tr\/product\/pisces-zodiac-sign-pendant-in-22k-51729\/","title":{"rendered":"Bal\u0131k - R\u00fcya Dokuyucusu Kolye Ucu"},"content":{"rendered":"<p>Bal\u0131k Burcu Kolye, \u015fefkatli, yarat\u0131c\u0131 ve hassas Bal\u0131k burcu ki\u015fili\u011finin \u00f6z\u00fcn\u00fc yakalayan \u00e7arp\u0131c\u0131 bir astrolojik m\u00fccevher par\u00e7as\u0131d\u0131r. 22 ayar G\u00fcndo\u011fumu Alt\u0131n\u0131ndan \u00fcretilen bu kolye ucunda, Bal\u0131k burcunun r\u00fcya gibi do\u011fas\u0131n\u0131 simgeleyen, uyum i\u00e7inde y\u00fczen iki g\u00fczel detayl\u0131 bal\u0131k yer almaktad\u0131r.<\/p>\n<p>Bu kolye, 19 \u015eubat ve 20 Mart tarihleri aras\u0131nda do\u011fan Bal\u0131k burcu bireyleri i\u00e7in m\u00fckemmel bir aksesuard\u0131r, \u00e7\u00fcnk\u00fc onlar\u0131n \u015fefkat, yarat\u0131c\u0131l\u0131k ve duyarl\u0131l\u0131k erdemlerini somutla\u015ft\u0131r\u0131r. Kolyenin karma\u015f\u0131k tasar\u0131m\u0131, huzurlu bir hayal g\u00fcc\u00fc ve duygusal derinlik hissi uyand\u0131rarak onu ba\u011flant\u0131n\u0131n ve ki\u015finin kendi ak\u0131\u015f\u0131n\u0131 takip etmesinin anlaml\u0131 bir sembol\u00fc haline getirir.<\/p>\n<p>\u0130ster kendiniz bir Bal\u0131k burcu olun, ister sevdi\u011finiz biri i\u00e7in d\u00fc\u015f\u00fcnceli bir hediye ar\u0131yor olun, Bal\u0131k Burcu Kolye bu su burcunun e\u015fsiz niteliklerini kutlayan zamans\u0131z bir par\u00e7ad\u0131r.<\/p>","protected":false},"excerpt":{"rendered":"<div class=\"woocommerce-product-details__short-description\">\n<p data-ccp-border-bottom=\"0px none #000000\" data-ccp-padding-bottom=\"0px\" data-ccp-border-between=\"0px none #000000\" data-ccp-padding-between=\"0px\"><b><span data-contrast=\"none\">Tarihler: 19 \u015eubat<\/span><\/b><b><span data-contrast=\"none\"> - <\/span><\/b><b><span data-contrast=\"none\">20 Mart<\/span><\/b><span data-ccp-props=\"{&quot;201341983&quot;:0,&quot;335559739&quot;:200,&quot;335559740&quot;:276}\">\u00a0<\/span><\/p>\n<p data-ccp-border-bottom=\"0px none #000000\" data-ccp-padding-bottom=\"0px\" data-ccp-border-between=\"0px none #000000\" data-ccp-padding-between=\"0px\"><b><span data-contrast=\"none\">Erdemler: Merhamet <\/span><\/b><b><span data-contrast=\"none\">- <\/span><\/b><b><span data-contrast=\"none\">Yarat\u0131c\u0131l\u0131k<\/span><\/b><b><span data-contrast=\"none\"> - <\/span><\/b><b><span data-contrast=\"none\">Hassasiyet<\/span><\/b><span data-ccp-props=\"{&quot;201341983&quot;:0,&quot;335559739&quot;:200,&quot;335559740&quot;:276}\">\u00a0<\/span><\/p>\n<p data-ccp-border-bottom=\"0px none #000000\" data-ccp-padding-bottom=\"0px\" data-ccp-border-between=\"0px none #000000\" data-ccp-padding-between=\"0px\" aria-level=\"2\"><i><span data-contrast=\"none\">Bir hayalperest<\/span><\/i><i><span data-contrast=\"none\">'<\/span><\/i><i><span data-contrast=\"none\">vizyonu, bir<\/span><\/i><i><span data-contrast=\"none\">n fedakar\u0131n kalbi<\/span><\/i><span data-ccp-props=\"{&quot;134245418&quot;:true,&quot;134245529&quot;:true,&quot;201341983&quot;:0,&quot;335559738&quot;:200,&quot;335559739&quot;:0,&quot;335559740&quot;:276}\">\u00a0<\/span><\/p>\n<p data-ccp-border-bottom=\"0px none #000000\" data-ccp-padding-bottom=\"0px\" data-ccp-border-between=\"0px none #000000\" data-ccp-padding-between=\"0px\"><span data-ccp-props=\"{&quot;201341983&quot;:0,&quot;335559739&quot;:200,&quot;335559740&quot;:276}\">\u00a0<\/span><span data-contrast=\"none\">\u0130ki aynal\u0131 bal\u0131k birlikte s\u00fcz\u00fcl\u00fcyor, ajurlu formlar\u0131 zarif bir dansla ak\u0131yor.  Bal\u0131k burcu kolye ucu huzurlu hayal g\u00fcc\u00fcn\u00fc ve duygusal derinli\u011fi \u00e7a\u011fr\u0131\u015ft\u0131r\u0131r; ba\u011flant\u0131n\u0131n ve kendi ak\u0131\u015f\u0131n\u0131z\u0131 takip etmenin bir amblemidir. Bu kolye ucu Bal\u0131k burcunun r\u00fcya gibi hassasiyetini kutluyor<\/span><span data-contrast=\"none\">.<\/span><span data-ccp-props=\"{&quot;201341983&quot;:0,&quot;335559739&quot;:200,&quot;335559740&quot;:276}\">\u00a0<\/span><\/p>\n<p><strong>Malzeme:<\/strong> 22 Ayar G\u00fcndo\u011fumu Alt\u0131n<strong><br \/>\nHallmark:\u00a0<\/strong>\u0130ngiliz Damgas\u0131<strong><br \/>\n<\/strong><strong>Br\u00fct A\u011f\u0131rl\u0131k: <\/strong>1.3 Gms<strong><br \/>\nSKU: <\/strong>51729<\/p>\n<p><strong>Fiyat ve Teslimat: <\/strong>Zincir fiyat\u0131 dahil de\u011fildir, KDV ve teslimat \u00fccretleri dahildir<strong><br \/>\n<a href=\"https:\/\/www.purejewels.com\/tr\/i%cc%87ade-poli%cc%87ti%cc%87kasi\/\">\u0130ade Politikas\u0131<\/a><\/strong><\/p>\n<\/div>\n<div class=\"btn-atc atc-slide\"><\/div>\n<div class=\"product_meta\"><\/div>","protected":false},"featured_media":401907,"comment_status":"closed","ping_status":"closed","template":"","meta":{"_eb_attr":"","_crsspst_to_jayantr4sg-hostcom":false},"product_brand":[],"product_cat":[1770,1790,1229,1255,5343,1769,1767,1572,1768,5338,6081,1575,1574,5349,6019],"product_tag":[],"class_list":{"0":"post-396297","1":"product","2":"type-product","3":"status-publish","4":"has-post-thumbnail","6":"product_cat-fancy-pendants","7":"product_cat-for-whom-when","8":"product_cat-22ct-gold-jewellery","9":"product_cat-gold-pendants","10":"product_cat-jewellery-under-550","11":"product_cat-kids-pendants","12":"product_cat-ladies-pendants","13":"product_cat-mens-jewellery","14":"product_cat-mens-pendants","15":"product_cat-shop-by-price","16":"product_cat-sunrise-gold","17":"product_cat-teenage-jewellery","18":"product_cat-womens-jewellery","19":"product_cat-yellow-gold-jewellery","20":"product_cat-zodiac-sign-pendant","22":"first","23":"onbackorder","24":"taxable","25":"shipping-taxable","26":"purchasable","27":"product-type-simple","28":"add-to-wishlist-before_image"},"yoast_head":"<!-- This site is optimized with the Yoast SEO plugin v27.3 - https:\/\/yoast.com\/product\/yoast-seo-wordpress\/ -->\n<title>Pisces Zodiac Sign Pendant in 22K Gold \u2013 Astrological Jewellery<\/title>\n<meta name=\"description\" content=\"Showcase your Pisces identity with this 22K gold astrological pendant. A graceful jewellery piece symbolizing intuition, compassion, and creativity.\" \/>\n<meta name=\"robots\" content=\"index, follow, max-snippet:-1, max-image-preview:large, max-video-preview:-1\" \/>\n<link rel=\"canonical\" href=\"https:\/\/www.purejewels.com\/tr\/urun\/balik-burcu-kolye-ucu-22-ayar-51729\/\" \/>\n<meta property=\"og:locale\" content=\"tr_TR\" \/>\n<meta property=\"og:type\" content=\"article\" \/>\n<meta property=\"og:title\" content=\"Pisces Zodiac Sign Pendant in 22K Gold \u2013 Astrological Jewellery\" \/>\n<meta property=\"og:description\" content=\"Showcase your Pisces identity with this 22K gold astrological pendant. A graceful jewellery piece symbolizing intuition, compassion, and creativity.\" \/>\n<meta property=\"og:url\" content=\"https:\/\/www.purejewels.com\/tr\/urun\/balik-burcu-kolye-ucu-22-ayar-51729\/\" \/>\n<meta property=\"og:site_name\" content=\"PureJewels UK\" \/>\n<meta property=\"article:modified_time\" content=\"2026-01-30T08:33:44+00:00\" \/>\n<meta property=\"og:image\" content=\"https:\/\/static.purejewels.com\/wp-content\/uploads\/2025\/03\/PISCES.png\" \/>\n\t<meta property=\"og:image:width\" content=\"1000\" \/>\n\t<meta property=\"og:image:height\" content=\"1000\" \/>\n\t<meta property=\"og:image:type\" content=\"image\/png\" \/>\n<meta name=\"twitter:card\" content=\"summary_large_image\" \/>\n<meta name=\"twitter:label1\" content=\"Tahmini okuma s\u00fcresi\" \/>\n\t<meta name=\"twitter:data1\" content=\"1 dakika\" \/>\n<script type=\"application\/ld+json\" class=\"yoast-schema-graph\">{\"@context\":\"https:\\\/\\\/schema.org\",\"@graph\":[{\"@type\":[\"WebPage\",\"ItemPage\"],\"@id\":\"https:\\\/\\\/www.purejewels.com\\\/product\\\/pisces-zodiac-sign-pendant-in-22k-51729\\\/\",\"url\":\"https:\\\/\\\/www.purejewels.com\\\/product\\\/pisces-zodiac-sign-pendant-in-22k-51729\\\/\",\"name\":\"Pisces Zodiac Sign Pendant in 22K Gold \u2013 Astrological Jewellery\",\"isPartOf\":{\"@id\":\"https:\\\/\\\/www.purejewels.com\\\/#website\"},\"primaryImageOfPage\":{\"@id\":\"https:\\\/\\\/www.purejewels.com\\\/product\\\/pisces-zodiac-sign-pendant-in-22k-51729\\\/#primaryimage\"},\"image\":{\"@id\":\"https:\\\/\\\/www.purejewels.com\\\/product\\\/pisces-zodiac-sign-pendant-in-22k-51729\\\/#primaryimage\"},\"thumbnailUrl\":\"https:\\\/\\\/static.purejewels.com\\\/wp-content\\\/uploads\\\/2025\\\/03\\\/PISCES.png\",\"datePublished\":\"2025-03-12T05:52:03+00:00\",\"dateModified\":\"2026-01-30T08:33:44+00:00\",\"description\":\"Showcase your Pisces identity with this 22K gold astrological pendant. A graceful jewellery piece symbolizing intuition, compassion, and creativity.\",\"breadcrumb\":{\"@id\":\"https:\\\/\\\/www.purejewels.com\\\/product\\\/pisces-zodiac-sign-pendant-in-22k-51729\\\/#breadcrumb\"},\"inLanguage\":\"tr\",\"potentialAction\":[{\"@type\":\"ReadAction\",\"target\":[\"https:\\\/\\\/www.purejewels.com\\\/product\\\/pisces-zodiac-sign-pendant-in-22k-51729\\\/\"]}]},{\"@type\":\"ImageObject\",\"inLanguage\":\"tr\",\"@id\":\"https:\\\/\\\/www.purejewels.com\\\/product\\\/pisces-zodiac-sign-pendant-in-22k-51729\\\/#primaryimage\",\"url\":\"https:\\\/\\\/static.purejewels.com\\\/wp-content\\\/uploads\\\/2025\\\/03\\\/PISCES.png\",\"contentUrl\":\"https:\\\/\\\/static.purejewels.com\\\/wp-content\\\/uploads\\\/2025\\\/03\\\/PISCES.png\",\"width\":1000,\"height\":1000,\"caption\":\"Pisces \u2013 The Dream Weaver Pendant\"},{\"@type\":\"BreadcrumbList\",\"@id\":\"https:\\\/\\\/www.purejewels.com\\\/product\\\/pisces-zodiac-sign-pendant-in-22k-51729\\\/#breadcrumb\",\"itemListElement\":[{\"@type\":\"ListItem\",\"position\":1,\"name\":\"Home\",\"item\":\"https:\\\/\\\/www.purejewels.com\\\/\"},{\"@type\":\"ListItem\",\"position\":2,\"name\":\"Shop\",\"item\":\"https:\\\/\\\/www.purejewels.com\\\/shop\\\/\"},{\"@type\":\"ListItem\",\"position\":3,\"name\":\"Pisces \u2013 The Dream Weaver Pendant\"}]},{\"@type\":\"WebSite\",\"@id\":\"https:\\\/\\\/www.purejewels.com\\\/#website\",\"url\":\"https:\\\/\\\/www.purejewels.com\\\/\",\"name\":\"PureJewels UK\",\"description\":\"Share the Love\",\"publisher\":{\"@id\":\"https:\\\/\\\/www.purejewels.com\\\/#organization\"},\"potentialAction\":[{\"@type\":\"SearchAction\",\"target\":{\"@type\":\"EntryPoint\",\"urlTemplate\":\"https:\\\/\\\/www.purejewels.com\\\/?s={search_term_string}\"},\"query-input\":{\"@type\":\"PropertyValueSpecification\",\"valueRequired\":true,\"valueName\":\"search_term_string\"}}],\"inLanguage\":\"tr\"},{\"@type\":\"Organization\",\"@id\":\"https:\\\/\\\/www.purejewels.com\\\/#organization\",\"name\":\"PureJewels UK\",\"url\":\"https:\\\/\\\/www.purejewels.com\\\/\",\"logo\":{\"@type\":\"ImageObject\",\"inLanguage\":\"tr\",\"@id\":\"https:\\\/\\\/www.purejewels.com\\\/#\\\/schema\\\/logo\\\/image\\\/\",\"url\":\"https:\\\/\\\/static.purejewels.com\\\/wp-content\\\/uploads\\\/2020\\\/11\\\/Logo-PJ-New-1.png\",\"contentUrl\":\"https:\\\/\\\/static.purejewels.com\\\/wp-content\\\/uploads\\\/2020\\\/11\\\/Logo-PJ-New-1.png\",\"width\":150,\"height\":80,\"caption\":\"PureJewels UK\"},\"image\":{\"@id\":\"https:\\\/\\\/www.purejewels.com\\\/#\\\/schema\\\/logo\\\/image\\\/\"}}]}<\/script>\n<!-- \/ Yoast SEO plugin. -->","yoast_head_json":{"title":"22K Alt\u0131n Bal\u0131k Burcu Kolye Ucu - Astrolojik M\u00fccevherler","description":"Bal\u0131k burcu kimli\u011finizi bu 22 ayar alt\u0131n astrolojik kolye ile sergileyin. Sezgi, \u015fefkat ve yarat\u0131c\u0131l\u0131\u011f\u0131 simgeleyen zarif bir m\u00fccevher par\u00e7as\u0131.","robots":{"index":"index","follow":"follow","max-snippet":"max-snippet:-1","max-image-preview":"max-image-preview:large","max-video-preview":"max-video-preview:-1"},"canonical":"https:\/\/www.purejewels.com\/tr\/urun\/balik-burcu-kolye-ucu-22-ayar-51729\/","og_locale":"tr_TR","og_type":"article","og_title":"Pisces Zodiac Sign Pendant in 22K Gold \u2013 Astrological Jewellery","og_description":"Showcase your Pisces identity with this 22K gold astrological pendant. A graceful jewellery piece symbolizing intuition, compassion, and creativity.","og_url":"https:\/\/www.purejewels.com\/tr\/urun\/balik-burcu-kolye-ucu-22-ayar-51729\/","og_site_name":"PureJewels UK","article_modified_time":"2026-01-30T08:33:44+00:00","og_image":[{"width":1000,"height":1000,"url":"https:\/\/static.purejewels.com\/wp-content\/uploads\/2025\/03\/PISCES.png","type":"image\/png"}],"twitter_card":"summary_large_image","twitter_misc":{"Tahmini okuma s\u00fcresi":"1 dakika"},"schema":{"@context":"https:\/\/schema.org","@graph":[{"@type":["WebPage","ItemPage"],"@id":"https:\/\/www.purejewels.com\/product\/pisces-zodiac-sign-pendant-in-22k-51729\/","url":"https:\/\/www.purejewels.com\/product\/pisces-zodiac-sign-pendant-in-22k-51729\/","name":"22K Alt\u0131n Bal\u0131k Burcu Kolye Ucu - Astrolojik M\u00fccevherler","isPartOf":{"@id":"https:\/\/www.purejewels.com\/#website"},"primaryImageOfPage":{"@id":"https:\/\/www.purejewels.com\/product\/pisces-zodiac-sign-pendant-in-22k-51729\/#primaryimage"},"image":{"@id":"https:\/\/www.purejewels.com\/product\/pisces-zodiac-sign-pendant-in-22k-51729\/#primaryimage"},"thumbnailUrl":"https:\/\/static.purejewels.com\/wp-content\/uploads\/2025\/03\/PISCES.png","datePublished":"2025-03-12T05:52:03+00:00","dateModified":"2026-01-30T08:33:44+00:00","description":"Bal\u0131k burcu kimli\u011finizi bu 22 ayar alt\u0131n astrolojik kolye ile sergileyin. Sezgi, \u015fefkat ve yarat\u0131c\u0131l\u0131\u011f\u0131 simgeleyen zarif bir m\u00fccevher par\u00e7as\u0131.","breadcrumb":{"@id":"https:\/\/www.purejewels.com\/product\/pisces-zodiac-sign-pendant-in-22k-51729\/#breadcrumb"},"inLanguage":"tr","potentialAction":[{"@type":"ReadAction","target":["https:\/\/www.purejewels.com\/product\/pisces-zodiac-sign-pendant-in-22k-51729\/"]}]},{"@type":"ImageObject","inLanguage":"tr","@id":"https:\/\/www.purejewels.com\/product\/pisces-zodiac-sign-pendant-in-22k-51729\/#primaryimage","url":"https:\/\/static.purejewels.com\/wp-content\/uploads\/2025\/03\/PISCES.png","contentUrl":"https:\/\/static.purejewels.com\/wp-content\/uploads\/2025\/03\/PISCES.png","width":1000,"height":1000,"caption":"Pisces \u2013 The Dream Weaver Pendant"},{"@type":"BreadcrumbList","@id":"https:\/\/www.purejewels.com\/product\/pisces-zodiac-sign-pendant-in-22k-51729\/#breadcrumb","itemListElement":[{"@type":"ListItem","position":1,"name":"Home","item":"https:\/\/www.purejewels.com\/"},{"@type":"ListItem","position":2,"name":"Shop","item":"https:\/\/www.purejewels.com\/shop\/"},{"@type":"ListItem","position":3,"name":"Pisces \u2013 The Dream Weaver Pendant"}]},{"@type":"WebSite","@id":"https:\/\/www.purejewels.com\/#website","url":"https:\/\/www.purejewels.com\/","name":"PureJewels \u0130ngiltere","description":"Sevgiyi Payla\u015f\u0131n","publisher":{"@id":"https:\/\/www.purejewels.com\/#organization"},"potentialAction":[{"@type":"SearchAction","target":{"@type":"EntryPoint","urlTemplate":"https:\/\/www.purejewels.com\/?s={search_term_string}"},"query-input":{"@type":"PropertyValueSpecification","valueRequired":true,"valueName":"search_term_string"}}],"inLanguage":"tr"},{"@type":"Organization","@id":"https:\/\/www.purejewels.com\/#organization","name":"PureJewels \u0130ngiltere","url":"https:\/\/www.purejewels.com\/","logo":{"@type":"ImageObject","inLanguage":"tr","@id":"https:\/\/www.purejewels.com\/#\/schema\/logo\/image\/","url":"https:\/\/static.purejewels.com\/wp-content\/uploads\/2020\/11\/Logo-PJ-New-1.png","contentUrl":"https:\/\/static.purejewels.com\/wp-content\/uploads\/2020\/11\/Logo-PJ-New-1.png","width":150,"height":80,"caption":"PureJewels UK"},"image":{"@id":"https:\/\/www.purejewels.com\/#\/schema\/logo\/image\/"}}]}},"_links":{"self":[{"href":"https:\/\/www.purejewels.com\/tr\/wp-json\/wp\/v2\/product\/396297","targetHints":{"allow":["GET"]}}],"collection":[{"href":"https:\/\/www.purejewels.com\/tr\/wp-json\/wp\/v2\/product"}],"about":[{"href":"https:\/\/www.purejewels.com\/tr\/wp-json\/wp\/v2\/types\/product"}],"replies":[{"embeddable":true,"href":"https:\/\/www.purejewels.com\/tr\/wp-json\/wp\/v2\/comments?post=396297"}],"version-history":[{"count":6,"href":"https:\/\/www.purejewels.com\/tr\/wp-json\/wp\/v2\/product\/396297\/revisions"}],"predecessor-version":[{"id":420217,"href":"https:\/\/www.purejewels.com\/tr\/wp-json\/wp\/v2\/product\/396297\/revisions\/420217"}],"wp:featuredmedia":[{"embeddable":true,"href":"https:\/\/www.purejewels.com\/tr\/wp-json\/wp\/v2\/media\/401907"}],"wp:attachment":[{"href":"https:\/\/www.purejewels.com\/tr\/wp-json\/wp\/v2\/media?parent=396297"}],"wp:term":[{"taxonomy":"product_brand","embeddable":true,"href":"https:\/\/www.purejewels.com\/tr\/wp-json\/wp\/v2\/product_brand?post=396297"},{"taxonomy":"product_cat","embeddable":true,"href":"https:\/\/www.purejewels.com\/tr\/wp-json\/wp\/v2\/product_cat?post=396297"},{"taxonomy":"product_tag","embeddable":true,"href":"https:\/\/www.purejewels.com\/tr\/wp-json\/wp\/v2\/product_tag?post=396297"}],"curies":[{"name":"wp","href":"https:\/\/api.w.org\/{rel}","templated":true}]}}