{"id":396351,"date":"2025-01-12T10:28:23","date_gmt":"2025-01-12T10:28:23","guid":{"rendered":"https:\/\/www.purejewels.com\/?post_type=product&#038;p=396351"},"modified":"2026-01-06T08:09:34","modified_gmt":"2026-01-06T08:09:34","slug":"cz-tasli-22-ayar-altin-bas-harf-s-kolye-51062","status":"publish","type":"product","link":"https:\/\/www.purejewels.com\/tr\/product\/22ct-gold-initial-s-pendant-with-cz-stones-51062\/","title":{"rendered":"CZ Ta\u015fl\u0131 22 Ayar Alt\u0131n Ba\u015f Harfi S Kolye"},"content":{"rendered":"<h3>Tasar\u0131m Konsepti<\/h3>\n<p>Tasar\u0131m, ki\u015fisel ifadeyi zamans\u0131z bir stille harmanl\u0131yor. Ba\u015f harf S benzersiz bir dokunu\u015f katarken, k\u00fcbik zirkon ta\u015flar parlakl\u0131\u011f\u0131 art\u0131rarak hem anlaml\u0131 hem de modaya uygun bir kolye ucu yarat\u0131yor.<\/p>\n<h3>Zanaatkarl\u0131k<\/h3>\n<p>22 ayar sar\u0131 alt\u0131ndan ustal\u0131kla el i\u015f\u00e7ili\u011fiyle \u00fcretilen bu kolye ucu, ince detaylar ve hassas ta\u015f dizimi sergiler. Her bir par\u00e7a Londra Tahlil Ofisi taraf\u0131ndan safl\u0131k ve \u00f6zg\u00fcnl\u00fck garantisiyle damgalanm\u0131\u015ft\u0131r.<\/p>\n<h3>Stil \u0130pu\u00e7lar\u0131<\/h3>\n<p>Bu kolyeyi minimalist bir g\u00f6r\u00fcn\u00fcm i\u00e7in ince bir alt\u0131n zincirle e\u015fle\u015ftirin veya modaya uygun bir ifade i\u00e7in di\u011fer kolyelerle katmanlay\u0131n. Hem g\u00fcndelik k\u0131yafetleri hem de gece k\u0131yafetlerini tamamlayacak kadar \u00e7ok y\u00f6nl\u00fcd\u00fcr ve m\u00fckemmel bir g\u00fcnl\u00fck aksesuard\u0131r.<\/p>","protected":false},"excerpt":{"rendered":"<div class=\"woocommerce-product-details__short-description\">\n<p>I\u015f\u0131lt\u0131l\u0131 CZ ta\u015flarla s\u00fcslenmi\u015f ki\u015fiye \u00f6zel 22 Ayar Alt\u0131n Ba\u015f Harfi S Kolye. Safl\u0131k i\u00e7in damgalanm\u0131\u015f ve kal\u0131c\u0131 zarafet i\u00e7in haz\u0131rlanm\u0131\u015f anlaml\u0131 bir tasar\u0131m.<\/p>\n<p><strong>Malzeme:<\/strong> 22 Ayar Alt\u0131n<strong><br \/>\nHallmark:\u00a0<\/strong>\u0130ngiliz Damgas\u0131<strong><br \/>\n<\/strong><strong>Br\u00fct A\u011f\u0131rl\u0131k: <\/strong>1.53 Gms<strong><br \/>\nSKU: <\/strong>51062, 53100, 53101, 53015<\/p>\n<p><strong>Fiyat ve Teslimat:<\/strong> KDV ve teslimat \u00fccretleri dahil<strong><br \/>\n<a href=\"https:\/\/www.purejewels.com\/tr\/i%cc%87ade-poli%cc%87ti%cc%87kasi\/\">\u0130ade Politikas\u0131<\/a><\/strong><\/p>\n<\/div>\n<div class=\"btn-atc atc-slide\"><\/div>\n<div class=\"product_meta\"><\/div>","protected":false},"featured_media":396353,"comment_status":"closed","ping_status":"closed","template":"","meta":{"_eb_attr":"","_crsspst_to_jayantr4sg-hostcom":true},"product_brand":[],"product_cat":[1576,1793,1770,1792,1790,1229,1255,5598,1767,1572,1768,5338,1575,1574,5349],"product_tag":[],"class_list":{"0":"post-396351","1":"product","2":"type-product","3":"status-publish","4":"has-post-thumbnail","6":"product_cat-childrens-jewellery","7":"product_cat-diwali-gifts","8":"product_cat-fancy-pendants","9":"product_cat-festival-gifts","10":"product_cat-for-whom-when","11":"product_cat-22ct-gold-jewellery","12":"product_cat-gold-pendants","13":"product_cat-initial-pendant","14":"product_cat-ladies-pendants","15":"product_cat-mens-jewellery","16":"product_cat-mens-pendants","17":"product_cat-shop-by-price","18":"product_cat-teenage-jewellery","19":"product_cat-womens-jewellery","20":"product_cat-yellow-gold-jewellery","22":"first","23":"outofstock","24":"sale","25":"taxable","26":"shipping-taxable","27":"product-type-simple","28":"add-to-wishlist-before_image"},"yoast_head":"<!-- This site is optimized with the Yoast SEO plugin v27.6 - https:\/\/yoast.com\/product\/yoast-seo-wordpress\/ -->\n<title>22ct Gold Initial S Pendant with CZ Stones \u2013 Personalised Pendant<\/title>\n<meta name=\"description\" content=\"Add a touch of personal elegance with this 22ct Gold Initial S Pendant, accented with sparkling CZ stones. A perfect gift that blends style and individuality.\" \/>\n<meta name=\"robots\" content=\"index, follow, max-snippet:-1, max-image-preview:large, max-video-preview:-1\" \/>\n<link rel=\"canonical\" href=\"https:\/\/www.purejewels.com\/tr\/urun\/cz-tasli-22-ayar-altin-bas-harf-s-kolye-51062\/\" \/>\n<meta property=\"og:locale\" content=\"tr_TR\" \/>\n<meta property=\"og:type\" content=\"article\" \/>\n<meta property=\"og:title\" content=\"22ct Gold Initial S Pendant with CZ Stones \u2013 Personalised Pendant\" \/>\n<meta property=\"og:description\" content=\"Add a touch of personal elegance with this 22ct Gold Initial S Pendant, accented with sparkling CZ stones. A perfect gift that blends style and individuality.\" \/>\n<meta property=\"og:url\" content=\"https:\/\/www.purejewels.com\/tr\/urun\/cz-tasli-22-ayar-altin-bas-harf-s-kolye-51062\/\" \/>\n<meta property=\"og:site_name\" content=\"PureJewels UK\" \/>\n<meta property=\"article:modified_time\" content=\"2026-01-06T08:09:34+00:00\" \/>\n<meta property=\"og:image\" content=\"https:\/\/static.purejewels.com\/wp-content\/uploads\/2025\/05\/51062.png\" \/>\n\t<meta property=\"og:image:width\" content=\"1000\" \/>\n\t<meta property=\"og:image:height\" content=\"1000\" \/>\n\t<meta property=\"og:image:type\" content=\"image\/png\" \/>\n<meta name=\"twitter:card\" content=\"summary_large_image\" \/>\n<meta name=\"twitter:label1\" content=\"Tahmini okuma s\u00fcresi\" \/>\n\t<meta name=\"twitter:data1\" content=\"1 dakika\" \/>\n<script type=\"application\/ld+json\" class=\"yoast-schema-graph\">{\"@context\":\"https:\\\/\\\/schema.org\",\"@graph\":[{\"@type\":[\"WebPage\",\"ItemPage\"],\"@id\":\"https:\\\/\\\/www.purejewels.com\\\/product\\\/22ct-gold-initial-s-pendant-with-cz-stones-51062\\\/\",\"url\":\"https:\\\/\\\/www.purejewels.com\\\/product\\\/22ct-gold-initial-s-pendant-with-cz-stones-51062\\\/\",\"name\":\"22ct Gold Initial S Pendant with CZ Stones \u2013 Personalised Pendant\",\"isPartOf\":{\"@id\":\"https:\\\/\\\/www.purejewels.com\\\/#website\"},\"primaryImageOfPage\":{\"@id\":\"https:\\\/\\\/www.purejewels.com\\\/product\\\/22ct-gold-initial-s-pendant-with-cz-stones-51062\\\/#primaryimage\"},\"image\":{\"@id\":\"https:\\\/\\\/www.purejewels.com\\\/product\\\/22ct-gold-initial-s-pendant-with-cz-stones-51062\\\/#primaryimage\"},\"thumbnailUrl\":\"https:\\\/\\\/static.purejewels.com\\\/wp-content\\\/uploads\\\/2025\\\/05\\\/51062.png\",\"datePublished\":\"2025-01-12T10:28:23+00:00\",\"dateModified\":\"2026-01-06T08:09:34+00:00\",\"description\":\"Add a touch of personal elegance with this 22ct Gold Initial S Pendant, accented with sparkling CZ stones. A perfect gift that blends style and individuality.\",\"breadcrumb\":{\"@id\":\"https:\\\/\\\/www.purejewels.com\\\/product\\\/22ct-gold-initial-s-pendant-with-cz-stones-51062\\\/#breadcrumb\"},\"inLanguage\":\"tr\",\"potentialAction\":[{\"@type\":\"ReadAction\",\"target\":[\"https:\\\/\\\/www.purejewels.com\\\/product\\\/22ct-gold-initial-s-pendant-with-cz-stones-51062\\\/\"]}]},{\"@type\":\"ImageObject\",\"inLanguage\":\"tr\",\"@id\":\"https:\\\/\\\/www.purejewels.com\\\/product\\\/22ct-gold-initial-s-pendant-with-cz-stones-51062\\\/#primaryimage\",\"url\":\"https:\\\/\\\/static.purejewels.com\\\/wp-content\\\/uploads\\\/2025\\\/05\\\/51062.png\",\"contentUrl\":\"https:\\\/\\\/static.purejewels.com\\\/wp-content\\\/uploads\\\/2025\\\/05\\\/51062.png\",\"width\":1000,\"height\":1000,\"caption\":\"22ct Gold Initial S Pendant with CZ Stones\"},{\"@type\":\"BreadcrumbList\",\"@id\":\"https:\\\/\\\/www.purejewels.com\\\/product\\\/22ct-gold-initial-s-pendant-with-cz-stones-51062\\\/#breadcrumb\",\"itemListElement\":[{\"@type\":\"ListItem\",\"position\":1,\"name\":\"Home\",\"item\":\"https:\\\/\\\/www.purejewels.com\\\/\"},{\"@type\":\"ListItem\",\"position\":2,\"name\":\"Shop\",\"item\":\"https:\\\/\\\/www.purejewels.com\\\/shop\\\/\"},{\"@type\":\"ListItem\",\"position\":3,\"name\":\"22ct Gold Initial S Pendant with CZ Stones\"}]},{\"@type\":\"WebSite\",\"@id\":\"https:\\\/\\\/www.purejewels.com\\\/#website\",\"url\":\"https:\\\/\\\/www.purejewels.com\\\/\",\"name\":\"PureJewels UK\",\"description\":\"Share the Love\",\"publisher\":{\"@id\":\"https:\\\/\\\/www.purejewels.com\\\/#organization\"},\"potentialAction\":[{\"@type\":\"SearchAction\",\"target\":{\"@type\":\"EntryPoint\",\"urlTemplate\":\"https:\\\/\\\/www.purejewels.com\\\/?s={search_term_string}\"},\"query-input\":{\"@type\":\"PropertyValueSpecification\",\"valueRequired\":true,\"valueName\":\"search_term_string\"}}],\"inLanguage\":\"tr\"},{\"@type\":\"Organization\",\"@id\":\"https:\\\/\\\/www.purejewels.com\\\/#organization\",\"name\":\"PureJewels UK\",\"url\":\"https:\\\/\\\/www.purejewels.com\\\/\",\"logo\":{\"@type\":\"ImageObject\",\"inLanguage\":\"tr\",\"@id\":\"https:\\\/\\\/www.purejewels.com\\\/#\\\/schema\\\/logo\\\/image\\\/\",\"url\":\"https:\\\/\\\/static.purejewels.com\\\/wp-content\\\/uploads\\\/2020\\\/11\\\/Logo-PJ-New-1.png\",\"contentUrl\":\"https:\\\/\\\/static.purejewels.com\\\/wp-content\\\/uploads\\\/2020\\\/11\\\/Logo-PJ-New-1.png\",\"width\":150,\"height\":80,\"caption\":\"PureJewels UK\"},\"image\":{\"@id\":\"https:\\\/\\\/www.purejewels.com\\\/#\\\/schema\\\/logo\\\/image\\\/\"}}]}<\/script>\n<!-- \/ Yoast SEO plugin. -->","yoast_head_json":{"title":"22 Ayar Alt\u0131n CZ Ta\u015fl\u0131 S Harfli Kolye - Ki\u015fiye \u00d6zel Kolye","description":"I\u015f\u0131lt\u0131l\u0131 CZ ta\u015flarla vurgulanm\u0131\u015f bu 22 Ayar Alt\u0131n Ba\u015f Harfi S Kolye ile ki\u015fisel \u015f\u0131kl\u0131\u011f\u0131n\u0131za bir dokunu\u015f kat\u0131n. Stil ve bireyselli\u011fi harmanlayan m\u00fckemmel bir hediye.","robots":{"index":"index","follow":"follow","max-snippet":"max-snippet:-1","max-image-preview":"max-image-preview:large","max-video-preview":"max-video-preview:-1"},"canonical":"https:\/\/www.purejewels.com\/tr\/urun\/cz-tasli-22-ayar-altin-bas-harf-s-kolye-51062\/","og_locale":"tr_TR","og_type":"article","og_title":"22ct Gold Initial S Pendant with CZ Stones \u2013 Personalised Pendant","og_description":"Add a touch of personal elegance with this 22ct Gold Initial S Pendant, accented with sparkling CZ stones. A perfect gift that blends style and individuality.","og_url":"https:\/\/www.purejewels.com\/tr\/urun\/cz-tasli-22-ayar-altin-bas-harf-s-kolye-51062\/","og_site_name":"PureJewels UK","article_modified_time":"2026-01-06T08:09:34+00:00","og_image":[{"width":1000,"height":1000,"url":"https:\/\/static.purejewels.com\/wp-content\/uploads\/2025\/05\/51062.png","type":"image\/png"}],"twitter_card":"summary_large_image","twitter_misc":{"Tahmini okuma s\u00fcresi":"1 dakika"},"schema":{"@context":"https:\/\/schema.org","@graph":[{"@type":["WebPage","ItemPage"],"@id":"https:\/\/www.purejewels.com\/product\/22ct-gold-initial-s-pendant-with-cz-stones-51062\/","url":"https:\/\/www.purejewels.com\/product\/22ct-gold-initial-s-pendant-with-cz-stones-51062\/","name":"22 Ayar Alt\u0131n CZ Ta\u015fl\u0131 S Harfli Kolye - Ki\u015fiye \u00d6zel Kolye","isPartOf":{"@id":"https:\/\/www.purejewels.com\/#website"},"primaryImageOfPage":{"@id":"https:\/\/www.purejewels.com\/product\/22ct-gold-initial-s-pendant-with-cz-stones-51062\/#primaryimage"},"image":{"@id":"https:\/\/www.purejewels.com\/product\/22ct-gold-initial-s-pendant-with-cz-stones-51062\/#primaryimage"},"thumbnailUrl":"https:\/\/static.purejewels.com\/wp-content\/uploads\/2025\/05\/51062.png","datePublished":"2025-01-12T10:28:23+00:00","dateModified":"2026-01-06T08:09:34+00:00","description":"I\u015f\u0131lt\u0131l\u0131 CZ ta\u015flarla vurgulanm\u0131\u015f bu 22 Ayar Alt\u0131n Ba\u015f Harfi S Kolye ile ki\u015fisel \u015f\u0131kl\u0131\u011f\u0131n\u0131za bir dokunu\u015f kat\u0131n. Stil ve bireyselli\u011fi harmanlayan m\u00fckemmel bir hediye.","breadcrumb":{"@id":"https:\/\/www.purejewels.com\/product\/22ct-gold-initial-s-pendant-with-cz-stones-51062\/#breadcrumb"},"inLanguage":"tr","potentialAction":[{"@type":"ReadAction","target":["https:\/\/www.purejewels.com\/product\/22ct-gold-initial-s-pendant-with-cz-stones-51062\/"]}]},{"@type":"ImageObject","inLanguage":"tr","@id":"https:\/\/www.purejewels.com\/product\/22ct-gold-initial-s-pendant-with-cz-stones-51062\/#primaryimage","url":"https:\/\/static.purejewels.com\/wp-content\/uploads\/2025\/05\/51062.png","contentUrl":"https:\/\/static.purejewels.com\/wp-content\/uploads\/2025\/05\/51062.png","width":1000,"height":1000,"caption":"22ct Gold Initial S Pendant with CZ Stones"},{"@type":"BreadcrumbList","@id":"https:\/\/www.purejewels.com\/product\/22ct-gold-initial-s-pendant-with-cz-stones-51062\/#breadcrumb","itemListElement":[{"@type":"ListItem","position":1,"name":"Home","item":"https:\/\/www.purejewels.com\/"},{"@type":"ListItem","position":2,"name":"Shop","item":"https:\/\/www.purejewels.com\/shop\/"},{"@type":"ListItem","position":3,"name":"22ct Gold Initial S Pendant with CZ Stones"}]},{"@type":"WebSite","@id":"https:\/\/www.purejewels.com\/#website","url":"https:\/\/www.purejewels.com\/","name":"PureJewels \u0130ngiltere","description":"Sevgiyi Payla\u015f\u0131n","publisher":{"@id":"https:\/\/www.purejewels.com\/#organization"},"potentialAction":[{"@type":"SearchAction","target":{"@type":"EntryPoint","urlTemplate":"https:\/\/www.purejewels.com\/?s={search_term_string}"},"query-input":{"@type":"PropertyValueSpecification","valueRequired":true,"valueName":"search_term_string"}}],"inLanguage":"tr"},{"@type":"Organization","@id":"https:\/\/www.purejewels.com\/#organization","name":"PureJewels \u0130ngiltere","url":"https:\/\/www.purejewels.com\/","logo":{"@type":"ImageObject","inLanguage":"tr","@id":"https:\/\/www.purejewels.com\/#\/schema\/logo\/image\/","url":"https:\/\/static.purejewels.com\/wp-content\/uploads\/2020\/11\/Logo-PJ-New-1.png","contentUrl":"https:\/\/static.purejewels.com\/wp-content\/uploads\/2020\/11\/Logo-PJ-New-1.png","width":150,"height":80,"caption":"PureJewels UK"},"image":{"@id":"https:\/\/www.purejewels.com\/#\/schema\/logo\/image\/"}}]}},"_links":{"self":[{"href":"https:\/\/www.purejewels.com\/tr\/wp-json\/wp\/v2\/product\/396351","targetHints":{"allow":["GET"]}}],"collection":[{"href":"https:\/\/www.purejewels.com\/tr\/wp-json\/wp\/v2\/product"}],"about":[{"href":"https:\/\/www.purejewels.com\/tr\/wp-json\/wp\/v2\/types\/product"}],"replies":[{"embeddable":true,"href":"https:\/\/www.purejewels.com\/tr\/wp-json\/wp\/v2\/comments?post=396351"}],"version-history":[{"count":3,"href":"https:\/\/www.purejewels.com\/tr\/wp-json\/wp\/v2\/product\/396351\/revisions"}],"predecessor-version":[{"id":419035,"href":"https:\/\/www.purejewels.com\/tr\/wp-json\/wp\/v2\/product\/396351\/revisions\/419035"}],"wp:featuredmedia":[{"embeddable":true,"href":"https:\/\/www.purejewels.com\/tr\/wp-json\/wp\/v2\/media\/396353"}],"wp:attachment":[{"href":"https:\/\/www.purejewels.com\/tr\/wp-json\/wp\/v2\/media?parent=396351"}],"wp:term":[{"taxonomy":"product_brand","embeddable":true,"href":"https:\/\/www.purejewels.com\/tr\/wp-json\/wp\/v2\/product_brand?post=396351"},{"taxonomy":"product_cat","embeddable":true,"href":"https:\/\/www.purejewels.com\/tr\/wp-json\/wp\/v2\/product_cat?post=396351"},{"taxonomy":"product_tag","embeddable":true,"href":"https:\/\/www.purejewels.com\/tr\/wp-json\/wp\/v2\/product_tag?post=396351"}],"curies":[{"name":"wp","href":"https:\/\/api.w.org\/{rel}","templated":true}]}}