{"id":396365,"date":"2025-06-05T11:10:25","date_gmt":"2025-06-05T10:10:25","guid":{"rendered":"https:\/\/www.purejewels.com\/?post_type=product&#038;p=396365"},"modified":"2026-04-27T11:01:40","modified_gmt":"2026-04-27T10:01:40","slug":"22-ayar-bas-harf-l-kolye-52077","status":"publish","type":"product","link":"https:\/\/www.purejewels.com\/tr\/product\/22ct-initial-l-pendant-52077\/","title":{"rendered":"22 Ayar L Harfli Kolye"},"content":{"rendered":"<p data-start=\"593\" data-end=\"1003\"><strong data-start=\"593\" data-end=\"612\">Tasar\u0131m Konsepti<\/strong><\/p>\n<p data-start=\"593\" data-end=\"1003\">Tasar\u0131m, minimalizmin cazibesini bir par\u00e7a modern yetenekle yakal\u0131yor. Ba\u015f harfin yumu\u015fak k\u0131vr\u0131mlar\u0131 ak\u0131c\u0131 bir zarafet katarken, cilal\u0131 y\u00fczey yumu\u015fak bir \u0131\u015f\u0131lt\u0131 katarak onu g\u00fcnl\u00fck bir imza olarak tak\u0131labilecek veya daha etkileyici bir g\u00f6r\u00fcn\u00fcm i\u00e7in katmanlanabilecek \u00e7ok y\u00f6nl\u00fc bir kolye ucu haline getiriyor. Bu kolye ucu, basit bir harfi g\u00fc\u00e7l\u00fc bir kimlik, sevgi veya duygu ifadesine d\u00f6n\u00fc\u015ft\u00fcr\u00fcr.<\/p>\n<p data-start=\"1010\" data-end=\"1361\"><strong data-start=\"1010\" data-end=\"1028\">Zanaatkarl\u0131k<\/strong><\/p>\n<p data-start=\"1010\" data-end=\"1361\">Titizlikle el i\u015f\u00e7ili\u011fiyle 22 ayar sar\u0131 alt\u0131ndan \u00fcretilen bu kolye ucu, p\u00fcr\u00fczs\u00fcz kenarlar\u0131, cilal\u0131 y\u00fczeyi ve zincire g\u00fcvenli bir \u015fekilde oturmas\u0131n\u0131 sa\u011flayan sa\u011flam balyas\u0131yla ince bir sanat sergilemektedir. \u015e\u0131k ama dayan\u0131kl\u0131 tasar\u0131m\u0131 onu g\u00fcnl\u00fck kullan\u0131m i\u00e7in m\u00fckemmel k\u0131larken, London Assay Office damgas\u0131 safl\u0131\u011f\u0131 ve \u00f6zg\u00fcnl\u00fc\u011f\u00fc garanti eder.<\/p>\n<p data-start=\"1368\" data-end=\"1879\"><strong data-start=\"1368\" data-end=\"1386\">Stil Fikirleri<\/strong><\/p>\n<p data-start=\"1368\" data-end=\"1879\">Bu ba\u015f harfli kolye ucu \u00e7ok y\u00f6nl\u00fcl\u00fck ve ki\u015fisel ifade i\u00e7in tasarlanm\u0131\u015ft\u0131r. \u0130nce bir alt\u0131n zincirle tek ba\u015f\u0131na tak\u0131ld\u0131\u011f\u0131nda, ince ama anlaml\u0131 bir g\u00fcnl\u00fck aksesuar sunar. Daha cesur bir ifade i\u00e7in, di\u011fer alt\u0131n kolyelerle katmanlanabilir veya aile ba\u011flar\u0131n\u0131, arkada\u015fl\u0131klar\u0131 veya \u00f6zel ili\u015fkileri kutlamak i\u00e7in tamamlay\u0131c\u0131 ba\u015f harflerle e\u015fle\u015ftirilebilir. \u0130ster modern bir g\u00f6r\u00fcn\u00fcm i\u00e7in g\u00fcndelik k\u0131yafetlerle, ister resmi davetler i\u00e7in \u015f\u0131k k\u0131yafetlerle kombinleyin, bu kolye ucu her ana kusursuz bir \u015fekilde uyum sa\u011flar.<\/p>","protected":false},"excerpt":{"rendered":"<div class=\"woocommerce-product-details__short-description\">\n<p>PureJewels UK'nin bu zarif 22 Ayar Alt\u0131n L Harfli Kolyesi ile kimli\u011finizi kutlay\u0131n. Zengin sar\u0131 alt\u0131ndan \u00fcretilen bu kolye, d\u00fc\u015f\u00fcnceli bir hediye ya da g\u00fcnl\u00fck kullan\u0131m i\u00e7in \u015f\u0131k bir ki\u015fisel aksesuard\u0131r.<\/p>\n<p><strong>Malzeme:<\/strong> 22 Ayar Alt\u0131n<strong><br \/>\nHallmark:\u00a0<\/strong>\u0130ngiliz Damgas\u0131<strong><br \/>\n<\/strong><strong>Br\u00fct A\u011f\u0131rl\u0131k: <\/strong>1.10 Gms<strong><br \/>\nSKU: <\/strong>52077<\/p>\n<p><strong>Fiyat ve Teslimat<\/strong>:KDV ve teslimat \u00fccretleri dahil<br \/>\n<strong>Not<\/strong>: Zincir dahil de\u011fildir<\/p>\n<p><a href=\"https:\/\/www.purejewels.com\/tr\/i%cc%87ade-poli%cc%87ti%cc%87kasi\/\">\u0130ade Politikas\u0131<\/a><\/p>\n<\/div>\n<div class=\"btn-atc atc-slide\"><\/div>\n<div class=\"product_meta\"><\/div>","protected":false},"featured_media":400657,"comment_status":"closed","ping_status":"closed","template":"","meta":{"_eb_attr":"","_crsspst_to_jayantr4sg-hostcom":true},"product_brand":[],"product_cat":[1791,1559,1576,1793,1770,1792,1790,1229,1255,6122,5598,5342,5943,1769,1767,5347,5906,6051,5338,6120,1575,1574,5349],"product_tag":[],"class_list":{"0":"post-396365","1":"product","2":"type-product","3":"status-publish","4":"has-post-thumbnail","6":"product_cat-anniversary-gifts","7":"product_cat-birthday-gifts","8":"product_cat-childrens-jewellery","9":"product_cat-diwali-gifts","10":"product_cat-fancy-pendants","11":"product_cat-festival-gifts","12":"product_cat-for-whom-when","13":"product_cat-22ct-gold-jewellery","14":"product_cat-gold-pendants","15":"product_cat-initial","16":"product_cat-initial-pendant","17":"product_cat-jewellery-under-250","18":"product_cat-kids-jewellery","19":"product_cat-kids-pendants","20":"product_cat-ladies-pendants","21":"product_cat-shop-by-metal","22":"product_cat-personalised-jewellery","23":"product_cat-personalised-pendant","24":"product_cat-shop-by-price","25":"product_cat-shop-by-style","26":"product_cat-teenage-jewellery","27":"product_cat-womens-jewellery","28":"product_cat-yellow-gold-jewellery","30":"first","31":"outofstock","32":"taxable","33":"shipping-taxable","34":"product-type-simple","35":"add-to-wishlist-before_image"},"yoast_head":"<!-- This site is optimized with the Yoast SEO plugin v27.5 - https:\/\/yoast.com\/product\/yoast-seo-wordpress\/ -->\n<title>22ct Gold Initial L Pendant \u2013 Personalised Jewellery | PureJewels<\/title>\n<meta name=\"description\" content=\"Showcase your style with this 22ct Gold Initial L Pendant, adorned with light weight chain. A personalised jewellery piece perfect for gifting or everyday elegance.\" \/>\n<meta name=\"robots\" content=\"index, follow, max-snippet:-1, max-image-preview:large, max-video-preview:-1\" \/>\n<link rel=\"canonical\" href=\"https:\/\/www.purejewels.com\/tr\/urun\/22-ayar-bas-harf-l-kolye-52077\/\" \/>\n<meta property=\"og:locale\" content=\"tr_TR\" \/>\n<meta property=\"og:type\" content=\"article\" \/>\n<meta property=\"og:title\" content=\"22ct Gold Initial L Pendant \u2013 Personalised Jewellery | PureJewels\" \/>\n<meta property=\"og:description\" content=\"Showcase your style with this 22ct Gold Initial L Pendant, adorned with light weight chain. A personalised jewellery piece perfect for gifting or everyday elegance.\" \/>\n<meta property=\"og:url\" content=\"https:\/\/www.purejewels.com\/tr\/urun\/22-ayar-bas-harf-l-kolye-52077\/\" \/>\n<meta property=\"og:site_name\" content=\"PureJewels UK\" \/>\n<meta property=\"article:modified_time\" content=\"2026-04-27T10:01:40+00:00\" \/>\n<meta property=\"og:image\" content=\"https:\/\/static.purejewels.com\/wp-content\/uploads\/2025\/01\/SKU-52077.png\" \/>\n\t<meta property=\"og:image:width\" content=\"1000\" \/>\n\t<meta property=\"og:image:height\" content=\"1000\" \/>\n\t<meta property=\"og:image:type\" content=\"image\/png\" \/>\n<meta name=\"twitter:card\" content=\"summary_large_image\" \/>\n<meta name=\"twitter:label1\" content=\"Tahmini okuma s\u00fcresi\" \/>\n\t<meta name=\"twitter:data1\" content=\"2 dakika\" \/>\n<script type=\"application\/ld+json\" class=\"yoast-schema-graph\">{\"@context\":\"https:\\\/\\\/schema.org\",\"@graph\":[{\"@type\":[\"WebPage\",\"ItemPage\"],\"@id\":\"https:\\\/\\\/www.purejewels.com\\\/product\\\/22ct-initial-l-pendant-52077\\\/\",\"url\":\"https:\\\/\\\/www.purejewels.com\\\/product\\\/22ct-initial-l-pendant-52077\\\/\",\"name\":\"22ct Gold Initial L Pendant \u2013 Personalised Jewellery | PureJewels\",\"isPartOf\":{\"@id\":\"https:\\\/\\\/www.purejewels.com\\\/#website\"},\"primaryImageOfPage\":{\"@id\":\"https:\\\/\\\/www.purejewels.com\\\/product\\\/22ct-initial-l-pendant-52077\\\/#primaryimage\"},\"image\":{\"@id\":\"https:\\\/\\\/www.purejewels.com\\\/product\\\/22ct-initial-l-pendant-52077\\\/#primaryimage\"},\"thumbnailUrl\":\"https:\\\/\\\/static.purejewels.com\\\/wp-content\\\/uploads\\\/2025\\\/01\\\/SKU-52077.png\",\"datePublished\":\"2025-06-05T10:10:25+00:00\",\"dateModified\":\"2026-04-27T10:01:40+00:00\",\"description\":\"Showcase your style with this 22ct Gold Initial L Pendant, adorned with light weight chain. A personalised jewellery piece perfect for gifting or everyday elegance.\",\"breadcrumb\":{\"@id\":\"https:\\\/\\\/www.purejewels.com\\\/product\\\/22ct-initial-l-pendant-52077\\\/#breadcrumb\"},\"inLanguage\":\"tr\",\"potentialAction\":[{\"@type\":\"ReadAction\",\"target\":[\"https:\\\/\\\/www.purejewels.com\\\/product\\\/22ct-initial-l-pendant-52077\\\/\"]}]},{\"@type\":\"ImageObject\",\"inLanguage\":\"tr\",\"@id\":\"https:\\\/\\\/www.purejewels.com\\\/product\\\/22ct-initial-l-pendant-52077\\\/#primaryimage\",\"url\":\"https:\\\/\\\/static.purejewels.com\\\/wp-content\\\/uploads\\\/2025\\\/01\\\/SKU-52077.png\",\"contentUrl\":\"https:\\\/\\\/static.purejewels.com\\\/wp-content\\\/uploads\\\/2025\\\/01\\\/SKU-52077.png\",\"width\":1000,\"height\":1000,\"caption\":\"22ct Initial L Pendant\"},{\"@type\":\"BreadcrumbList\",\"@id\":\"https:\\\/\\\/www.purejewels.com\\\/product\\\/22ct-initial-l-pendant-52077\\\/#breadcrumb\",\"itemListElement\":[{\"@type\":\"ListItem\",\"position\":1,\"name\":\"Home\",\"item\":\"https:\\\/\\\/www.purejewels.com\\\/\"},{\"@type\":\"ListItem\",\"position\":2,\"name\":\"Shop\",\"item\":\"https:\\\/\\\/www.purejewels.com\\\/shop\\\/\"},{\"@type\":\"ListItem\",\"position\":3,\"name\":\"22ct Initial L Pendant\"}]},{\"@type\":\"WebSite\",\"@id\":\"https:\\\/\\\/www.purejewels.com\\\/#website\",\"url\":\"https:\\\/\\\/www.purejewels.com\\\/\",\"name\":\"PureJewels UK\",\"description\":\"Share the Love\",\"publisher\":{\"@id\":\"https:\\\/\\\/www.purejewels.com\\\/#organization\"},\"potentialAction\":[{\"@type\":\"SearchAction\",\"target\":{\"@type\":\"EntryPoint\",\"urlTemplate\":\"https:\\\/\\\/www.purejewels.com\\\/?s={search_term_string}\"},\"query-input\":{\"@type\":\"PropertyValueSpecification\",\"valueRequired\":true,\"valueName\":\"search_term_string\"}}],\"inLanguage\":\"tr\"},{\"@type\":\"Organization\",\"@id\":\"https:\\\/\\\/www.purejewels.com\\\/#organization\",\"name\":\"PureJewels UK\",\"url\":\"https:\\\/\\\/www.purejewels.com\\\/\",\"logo\":{\"@type\":\"ImageObject\",\"inLanguage\":\"tr\",\"@id\":\"https:\\\/\\\/www.purejewels.com\\\/#\\\/schema\\\/logo\\\/image\\\/\",\"url\":\"https:\\\/\\\/static.purejewels.com\\\/wp-content\\\/uploads\\\/2020\\\/11\\\/Logo-PJ-New-1.png\",\"contentUrl\":\"https:\\\/\\\/static.purejewels.com\\\/wp-content\\\/uploads\\\/2020\\\/11\\\/Logo-PJ-New-1.png\",\"width\":150,\"height\":80,\"caption\":\"PureJewels UK\"},\"image\":{\"@id\":\"https:\\\/\\\/www.purejewels.com\\\/#\\\/schema\\\/logo\\\/image\\\/\"}}]}<\/script>\n<!-- \/ Yoast SEO plugin. -->","yoast_head_json":{"title":"22 Ayar Alt\u0131n Ba\u015f Harfi L Kolye - Ki\u015fiye \u00d6zel Tak\u0131lar | PureJewels","description":"Hafif zincirle s\u00fcslenmi\u015f bu 22 Ayar Alt\u0131n L Harfli Kolye ile tarz\u0131n\u0131z\u0131 sergileyin. Hediye vermek veya g\u00fcnl\u00fck \u015f\u0131kl\u0131k i\u00e7in m\u00fckemmel, ki\u015fiselle\u015ftirilmi\u015f bir m\u00fccevher par\u00e7as\u0131.","robots":{"index":"index","follow":"follow","max-snippet":"max-snippet:-1","max-image-preview":"max-image-preview:large","max-video-preview":"max-video-preview:-1"},"canonical":"https:\/\/www.purejewels.com\/tr\/urun\/22-ayar-bas-harf-l-kolye-52077\/","og_locale":"tr_TR","og_type":"article","og_title":"22ct Gold Initial L Pendant \u2013 Personalised Jewellery | PureJewels","og_description":"Showcase your style with this 22ct Gold Initial L Pendant, adorned with light weight chain. A personalised jewellery piece perfect for gifting or everyday elegance.","og_url":"https:\/\/www.purejewels.com\/tr\/urun\/22-ayar-bas-harf-l-kolye-52077\/","og_site_name":"PureJewels UK","article_modified_time":"2026-04-27T10:01:40+00:00","og_image":[{"width":1000,"height":1000,"url":"https:\/\/static.purejewels.com\/wp-content\/uploads\/2025\/01\/SKU-52077.png","type":"image\/png"}],"twitter_card":"summary_large_image","twitter_misc":{"Tahmini okuma s\u00fcresi":"2 dakika"},"schema":{"@context":"https:\/\/schema.org","@graph":[{"@type":["WebPage","ItemPage"],"@id":"https:\/\/www.purejewels.com\/product\/22ct-initial-l-pendant-52077\/","url":"https:\/\/www.purejewels.com\/product\/22ct-initial-l-pendant-52077\/","name":"22 Ayar Alt\u0131n Ba\u015f Harfi L Kolye - Ki\u015fiye \u00d6zel Tak\u0131lar | PureJewels","isPartOf":{"@id":"https:\/\/www.purejewels.com\/#website"},"primaryImageOfPage":{"@id":"https:\/\/www.purejewels.com\/product\/22ct-initial-l-pendant-52077\/#primaryimage"},"image":{"@id":"https:\/\/www.purejewels.com\/product\/22ct-initial-l-pendant-52077\/#primaryimage"},"thumbnailUrl":"https:\/\/static.purejewels.com\/wp-content\/uploads\/2025\/01\/SKU-52077.png","datePublished":"2025-06-05T10:10:25+00:00","dateModified":"2026-04-27T10:01:40+00:00","description":"Hafif zincirle s\u00fcslenmi\u015f bu 22 Ayar Alt\u0131n L Harfli Kolye ile tarz\u0131n\u0131z\u0131 sergileyin. Hediye vermek veya g\u00fcnl\u00fck \u015f\u0131kl\u0131k i\u00e7in m\u00fckemmel, ki\u015fiselle\u015ftirilmi\u015f bir m\u00fccevher par\u00e7as\u0131.","breadcrumb":{"@id":"https:\/\/www.purejewels.com\/product\/22ct-initial-l-pendant-52077\/#breadcrumb"},"inLanguage":"tr","potentialAction":[{"@type":"ReadAction","target":["https:\/\/www.purejewels.com\/product\/22ct-initial-l-pendant-52077\/"]}]},{"@type":"ImageObject","inLanguage":"tr","@id":"https:\/\/www.purejewels.com\/product\/22ct-initial-l-pendant-52077\/#primaryimage","url":"https:\/\/static.purejewels.com\/wp-content\/uploads\/2025\/01\/SKU-52077.png","contentUrl":"https:\/\/static.purejewels.com\/wp-content\/uploads\/2025\/01\/SKU-52077.png","width":1000,"height":1000,"caption":"22ct Initial L Pendant"},{"@type":"BreadcrumbList","@id":"https:\/\/www.purejewels.com\/product\/22ct-initial-l-pendant-52077\/#breadcrumb","itemListElement":[{"@type":"ListItem","position":1,"name":"Home","item":"https:\/\/www.purejewels.com\/"},{"@type":"ListItem","position":2,"name":"Shop","item":"https:\/\/www.purejewels.com\/shop\/"},{"@type":"ListItem","position":3,"name":"22ct Initial L Pendant"}]},{"@type":"WebSite","@id":"https:\/\/www.purejewels.com\/#website","url":"https:\/\/www.purejewels.com\/","name":"PureJewels \u0130ngiltere","description":"Sevgiyi Payla\u015f\u0131n","publisher":{"@id":"https:\/\/www.purejewels.com\/#organization"},"potentialAction":[{"@type":"SearchAction","target":{"@type":"EntryPoint","urlTemplate":"https:\/\/www.purejewels.com\/?s={search_term_string}"},"query-input":{"@type":"PropertyValueSpecification","valueRequired":true,"valueName":"search_term_string"}}],"inLanguage":"tr"},{"@type":"Organization","@id":"https:\/\/www.purejewels.com\/#organization","name":"PureJewels \u0130ngiltere","url":"https:\/\/www.purejewels.com\/","logo":{"@type":"ImageObject","inLanguage":"tr","@id":"https:\/\/www.purejewels.com\/#\/schema\/logo\/image\/","url":"https:\/\/static.purejewels.com\/wp-content\/uploads\/2020\/11\/Logo-PJ-New-1.png","contentUrl":"https:\/\/static.purejewels.com\/wp-content\/uploads\/2020\/11\/Logo-PJ-New-1.png","width":150,"height":80,"caption":"PureJewels UK"},"image":{"@id":"https:\/\/www.purejewels.com\/#\/schema\/logo\/image\/"}}]}},"_links":{"self":[{"href":"https:\/\/www.purejewels.com\/tr\/wp-json\/wp\/v2\/product\/396365","targetHints":{"allow":["GET"]}}],"collection":[{"href":"https:\/\/www.purejewels.com\/tr\/wp-json\/wp\/v2\/product"}],"about":[{"href":"https:\/\/www.purejewels.com\/tr\/wp-json\/wp\/v2\/types\/product"}],"replies":[{"embeddable":true,"href":"https:\/\/www.purejewels.com\/tr\/wp-json\/wp\/v2\/comments?post=396365"}],"version-history":[{"count":4,"href":"https:\/\/www.purejewels.com\/tr\/wp-json\/wp\/v2\/product\/396365\/revisions"}],"predecessor-version":[{"id":429016,"href":"https:\/\/www.purejewels.com\/tr\/wp-json\/wp\/v2\/product\/396365\/revisions\/429016"}],"wp:featuredmedia":[{"embeddable":true,"href":"https:\/\/www.purejewels.com\/tr\/wp-json\/wp\/v2\/media\/400657"}],"wp:attachment":[{"href":"https:\/\/www.purejewels.com\/tr\/wp-json\/wp\/v2\/media?parent=396365"}],"wp:term":[{"taxonomy":"product_brand","embeddable":true,"href":"https:\/\/www.purejewels.com\/tr\/wp-json\/wp\/v2\/product_brand?post=396365"},{"taxonomy":"product_cat","embeddable":true,"href":"https:\/\/www.purejewels.com\/tr\/wp-json\/wp\/v2\/product_cat?post=396365"},{"taxonomy":"product_tag","embeddable":true,"href":"https:\/\/www.purejewels.com\/tr\/wp-json\/wp\/v2\/product_tag?post=396365"}],"curies":[{"name":"wp","href":"https:\/\/api.w.org\/{rel}","templated":true}]}}