{"id":396375,"date":"2025-01-12T12:05:22","date_gmt":"2025-01-12T12:05:22","guid":{"rendered":"https:\/\/www.purejewels.com\/?post_type=product&#038;p=396375"},"modified":"2026-04-27T09:09:55","modified_gmt":"2026-04-27T08:09:55","slug":"22-ayar-altin-t-harfi-kolye-51059","status":"publish","type":"product","link":"https:\/\/www.purejewels.com\/tr\/product\/22-carat-gold-letter-t-pendant-51059\/","title":{"rendered":"22 Ayar Alt\u0131n Ba\u015f Harfi T Kolye"},"content":{"rendered":"<p data-start=\"674\" data-end=\"973\">Bu <strong data-start=\"678\" data-end=\"726\">CZ ta\u015fl\u0131 22 ayar alt\u0131n T harfli kolye ucu<\/strong> kimli\u011fin alt\u0131n bir yans\u0131mas\u0131d\u0131r - kal\u0131n ama zarif ve benzersiz bir \u015fekilde size ait bir hikaye anlatmak i\u00e7in tasarlanm\u0131\u015ft\u0131r. \u0130ster ki\u015fisel bir hazine olarak se\u00e7ilsin ister sevilen birine hediye edilsin, bu par\u00e7a ba\u011flant\u0131, sevgi ve varl\u0131\u011f\u0131n \u0131\u015f\u0131lt\u0131l\u0131 bir hat\u0131rlat\u0131c\u0131s\u0131 haline gelir.<\/p>\n<p data-start=\"975\" data-end=\"1298\">El yap\u0131m\u0131 <strong data-start=\"988\" data-end=\"1016\">damgal\u0131 22 ayar alt\u0131n<\/strong>, ba\u015flang\u0131\u00e7 <strong data-start=\"1030\" data-end=\"1037\">\"T\"<\/strong> zarif, serif tarz\u0131nda \u015fekillendirilmi\u015ftir; PureJewels'in heykelsi tasar\u0131m dilini \u00e7a\u011fr\u0131\u015ft\u0131rmak i\u00e7in konturlar\u0131 yumu\u015fak bir \u015fekilde \u015fekillendirilmi\u015f ve nazik\u00e7e tamamlanm\u0131\u015ft\u0131r. A <strong data-start=\"1173\" data-end=\"1205\">Parlak Kesimli K\u00fcbik Zirkonya<\/strong> formun i\u00e7ine zarif\u00e7e oturur, berrakl\u0131\u011f\u0131 ve zarafeti an\u0131msatan ince bir \u0131\u015f\u0131lt\u0131 sunar.<\/p>","protected":false},"excerpt":{"rendered":"<p>\u015e\u0131k ve anlaml\u0131 bu 22 ayar alt\u0131n T harfli kolye ucu, hediye etmek ya da kalbinize yak\u0131n bir yere takmak i\u00e7in m\u00fckemmel olan \u0131\u015f\u0131lt\u0131l\u0131 bir CZ ta\u015fla zarif\u00e7e s\u00fcslenmi\u015ftir.<\/p>\n<p><strong>Malzeme:<\/strong> 22 Ayar Alt\u0131n<strong><br \/>\nHallmark:\u00a0<\/strong>\u0130ngiliz Damgas\u0131<strong><br \/>\n<\/strong><strong>Br\u00fct A\u011f\u0131rl\u0131k: <\/strong>1.94 Gms<strong><br \/>\nSKU: <\/strong>51059<br \/>\n<strong>Zincir<\/strong>: Zincir dahil de\u011fildir - 22 ayar alt\u0131n\u0131m\u0131z\u0131 ke\u015ffedin<a href=\"https:\/\/www.purejewels.com\/tr\/urun-kategori%cc%87si%cc%87\/22-ayar-altin-takilar\/altin-zincirler\/tilki-kuyrugu-zinciri\/\"> tilki kuyru\u011fu zincirleri<\/a><\/p>\n<p><strong>Fiyat ve Teslimat:<\/strong>KDV ve teslimat \u00fccretleri dahil<strong><br \/>\n<a href=\"https:\/\/www.purejewels.com\/tr\/i%cc%87ade-poli%cc%87ti%cc%87kasi\/\">\u0130ade Politikas\u0131<\/a><\/strong><\/p>","protected":false},"featured_media":409095,"comment_status":"closed","ping_status":"closed","template":"","meta":{"_eb_attr":"","_crsspst_to_jayantr4sg-hostcom":true},"product_brand":[],"product_cat":[1576,1793,1770,1792,1790,1229,1255,5598,5343,1767,1572,1768,5338,1575,1574,5349],"product_tag":[],"class_list":{"0":"post-396375","1":"product","2":"type-product","3":"status-publish","4":"has-post-thumbnail","6":"product_cat-childrens-jewellery","7":"product_cat-diwali-gifts","8":"product_cat-fancy-pendants","9":"product_cat-festival-gifts","10":"product_cat-for-whom-when","11":"product_cat-22ct-gold-jewellery","12":"product_cat-gold-pendants","13":"product_cat-initial-pendant","14":"product_cat-jewellery-under-550","15":"product_cat-ladies-pendants","16":"product_cat-mens-jewellery","17":"product_cat-mens-pendants","18":"product_cat-shop-by-price","19":"product_cat-teenage-jewellery","20":"product_cat-womens-jewellery","21":"product_cat-yellow-gold-jewellery","23":"first","24":"instock","25":"taxable","26":"shipping-taxable","27":"purchasable","28":"product-type-simple","29":"add-to-wishlist-before_image"},"yoast_head":"<!-- This site is optimized with the Yoast SEO plugin v27.6 - https:\/\/yoast.com\/product\/yoast-seo-wordpress\/ -->\n<title>22 Carat Gold Letter T Pendant \u2013 Personalized Alphabet Jewellery<\/title>\n<meta name=\"description\" content=\"Show your unique style with this 22 Carat Gold Letter T Pendant \u2013 a personalized alphabet jewellery piece perfect for everyday elegance or thoughtful gifting.\" \/>\n<meta name=\"robots\" content=\"index, follow, max-snippet:-1, max-image-preview:large, max-video-preview:-1\" \/>\n<link rel=\"canonical\" href=\"https:\/\/www.purejewels.com\/tr\/urun\/22-ayar-altin-t-harfi-kolye-51059\/\" \/>\n<meta property=\"og:locale\" content=\"tr_TR\" \/>\n<meta property=\"og:type\" content=\"article\" \/>\n<meta property=\"og:title\" content=\"22 Carat Gold Letter T Pendant \u2013 Personalized Alphabet Jewellery\" \/>\n<meta property=\"og:description\" content=\"Show your unique style with this 22 Carat Gold Letter T Pendant \u2013 a personalized alphabet jewellery piece perfect for everyday elegance or thoughtful gifting.\" \/>\n<meta property=\"og:url\" content=\"https:\/\/www.purejewels.com\/tr\/urun\/22-ayar-altin-t-harfi-kolye-51059\/\" \/>\n<meta property=\"og:site_name\" content=\"PureJewels UK\" \/>\n<meta property=\"article:modified_time\" content=\"2026-04-27T08:09:55+00:00\" \/>\n<meta property=\"og:image\" content=\"https:\/\/static.purejewels.com\/wp-content\/uploads\/2025\/01\/SKU-51059-1.jpg\" \/>\n\t<meta property=\"og:image:width\" content=\"1000\" \/>\n\t<meta property=\"og:image:height\" content=\"1000\" \/>\n\t<meta property=\"og:image:type\" content=\"image\/jpeg\" \/>\n<meta name=\"twitter:card\" content=\"summary_large_image\" \/>\n<meta name=\"twitter:label1\" content=\"Tahmini okuma s\u00fcresi\" \/>\n\t<meta name=\"twitter:data1\" content=\"1 dakika\" \/>\n<script type=\"application\/ld+json\" class=\"yoast-schema-graph\">{\"@context\":\"https:\\\/\\\/schema.org\",\"@graph\":[{\"@type\":[\"WebPage\",\"ItemPage\"],\"@id\":\"https:\\\/\\\/www.purejewels.com\\\/product\\\/22-carat-gold-letter-t-pendant-51059\\\/\",\"url\":\"https:\\\/\\\/www.purejewels.com\\\/product\\\/22-carat-gold-letter-t-pendant-51059\\\/\",\"name\":\"22 Carat Gold Letter T Pendant \u2013 Personalized Alphabet Jewellery\",\"isPartOf\":{\"@id\":\"https:\\\/\\\/www.purejewels.com\\\/#website\"},\"primaryImageOfPage\":{\"@id\":\"https:\\\/\\\/www.purejewels.com\\\/product\\\/22-carat-gold-letter-t-pendant-51059\\\/#primaryimage\"},\"image\":{\"@id\":\"https:\\\/\\\/www.purejewels.com\\\/product\\\/22-carat-gold-letter-t-pendant-51059\\\/#primaryimage\"},\"thumbnailUrl\":\"https:\\\/\\\/static.purejewels.com\\\/wp-content\\\/uploads\\\/2025\\\/01\\\/SKU-51059-1.jpg\",\"datePublished\":\"2025-01-12T12:05:22+00:00\",\"dateModified\":\"2026-04-27T08:09:55+00:00\",\"description\":\"Show your unique style with this 22 Carat Gold Letter T Pendant \u2013 a personalized alphabet jewellery piece perfect for everyday elegance or thoughtful gifting.\",\"breadcrumb\":{\"@id\":\"https:\\\/\\\/www.purejewels.com\\\/product\\\/22-carat-gold-letter-t-pendant-51059\\\/#breadcrumb\"},\"inLanguage\":\"tr\",\"potentialAction\":[{\"@type\":\"ReadAction\",\"target\":[\"https:\\\/\\\/www.purejewels.com\\\/product\\\/22-carat-gold-letter-t-pendant-51059\\\/\"]}]},{\"@type\":\"ImageObject\",\"inLanguage\":\"tr\",\"@id\":\"https:\\\/\\\/www.purejewels.com\\\/product\\\/22-carat-gold-letter-t-pendant-51059\\\/#primaryimage\",\"url\":\"https:\\\/\\\/static.purejewels.com\\\/wp-content\\\/uploads\\\/2025\\\/01\\\/SKU-51059-1.jpg\",\"contentUrl\":\"https:\\\/\\\/static.purejewels.com\\\/wp-content\\\/uploads\\\/2025\\\/01\\\/SKU-51059-1.jpg\",\"width\":1000,\"height\":1000,\"caption\":\"Stacked from 6 images. Method=B (R=8,S=4)\"},{\"@type\":\"BreadcrumbList\",\"@id\":\"https:\\\/\\\/www.purejewels.com\\\/product\\\/22-carat-gold-letter-t-pendant-51059\\\/#breadcrumb\",\"itemListElement\":[{\"@type\":\"ListItem\",\"position\":1,\"name\":\"Home\",\"item\":\"https:\\\/\\\/www.purejewels.com\\\/\"},{\"@type\":\"ListItem\",\"position\":2,\"name\":\"Shop\",\"item\":\"https:\\\/\\\/www.purejewels.com\\\/shop\\\/\"},{\"@type\":\"ListItem\",\"position\":3,\"name\":\"22 Carat Gold Initial T Pendant\"}]},{\"@type\":\"WebSite\",\"@id\":\"https:\\\/\\\/www.purejewels.com\\\/#website\",\"url\":\"https:\\\/\\\/www.purejewels.com\\\/\",\"name\":\"PureJewels UK\",\"description\":\"Share the Love\",\"publisher\":{\"@id\":\"https:\\\/\\\/www.purejewels.com\\\/#organization\"},\"potentialAction\":[{\"@type\":\"SearchAction\",\"target\":{\"@type\":\"EntryPoint\",\"urlTemplate\":\"https:\\\/\\\/www.purejewels.com\\\/?s={search_term_string}\"},\"query-input\":{\"@type\":\"PropertyValueSpecification\",\"valueRequired\":true,\"valueName\":\"search_term_string\"}}],\"inLanguage\":\"tr\"},{\"@type\":\"Organization\",\"@id\":\"https:\\\/\\\/www.purejewels.com\\\/#organization\",\"name\":\"PureJewels UK\",\"url\":\"https:\\\/\\\/www.purejewels.com\\\/\",\"logo\":{\"@type\":\"ImageObject\",\"inLanguage\":\"tr\",\"@id\":\"https:\\\/\\\/www.purejewels.com\\\/#\\\/schema\\\/logo\\\/image\\\/\",\"url\":\"https:\\\/\\\/static.purejewels.com\\\/wp-content\\\/uploads\\\/2020\\\/11\\\/Logo-PJ-New-1.png\",\"contentUrl\":\"https:\\\/\\\/static.purejewels.com\\\/wp-content\\\/uploads\\\/2020\\\/11\\\/Logo-PJ-New-1.png\",\"width\":150,\"height\":80,\"caption\":\"PureJewels UK\"},\"image\":{\"@id\":\"https:\\\/\\\/www.purejewels.com\\\/#\\\/schema\\\/logo\\\/image\\\/\"}}]}<\/script>\n<!-- \/ Yoast SEO plugin. -->","yoast_head_json":{"title":"22 Ayar Alt\u0131n T Harfi Kolye - Ki\u015fiye \u00d6zel Alfabe Tak\u0131lar\u0131","description":"Bu 22 Ayar Alt\u0131n T Harfi Kolye ile benzersiz tarz\u0131n\u0131z\u0131 g\u00f6sterin - g\u00fcnl\u00fck \u015f\u0131kl\u0131k veya d\u00fc\u015f\u00fcnceli hediyeler i\u00e7in m\u00fckemmel, ki\u015fiselle\u015ftirilmi\u015f bir alfabe tak\u0131 par\u00e7as\u0131.","robots":{"index":"index","follow":"follow","max-snippet":"max-snippet:-1","max-image-preview":"max-image-preview:large","max-video-preview":"max-video-preview:-1"},"canonical":"https:\/\/www.purejewels.com\/tr\/urun\/22-ayar-altin-t-harfi-kolye-51059\/","og_locale":"tr_TR","og_type":"article","og_title":"22 Carat Gold Letter T Pendant \u2013 Personalized Alphabet Jewellery","og_description":"Show your unique style with this 22 Carat Gold Letter T Pendant \u2013 a personalized alphabet jewellery piece perfect for everyday elegance or thoughtful gifting.","og_url":"https:\/\/www.purejewels.com\/tr\/urun\/22-ayar-altin-t-harfi-kolye-51059\/","og_site_name":"PureJewels UK","article_modified_time":"2026-04-27T08:09:55+00:00","og_image":[{"width":1000,"height":1000,"url":"https:\/\/static.purejewels.com\/wp-content\/uploads\/2025\/01\/SKU-51059-1.jpg","type":"image\/jpeg"}],"twitter_card":"summary_large_image","twitter_misc":{"Tahmini okuma s\u00fcresi":"1 dakika"},"schema":{"@context":"https:\/\/schema.org","@graph":[{"@type":["WebPage","ItemPage"],"@id":"https:\/\/www.purejewels.com\/product\/22-carat-gold-letter-t-pendant-51059\/","url":"https:\/\/www.purejewels.com\/product\/22-carat-gold-letter-t-pendant-51059\/","name":"22 Ayar Alt\u0131n T Harfi Kolye - Ki\u015fiye \u00d6zel Alfabe Tak\u0131lar\u0131","isPartOf":{"@id":"https:\/\/www.purejewels.com\/#website"},"primaryImageOfPage":{"@id":"https:\/\/www.purejewels.com\/product\/22-carat-gold-letter-t-pendant-51059\/#primaryimage"},"image":{"@id":"https:\/\/www.purejewels.com\/product\/22-carat-gold-letter-t-pendant-51059\/#primaryimage"},"thumbnailUrl":"https:\/\/static.purejewels.com\/wp-content\/uploads\/2025\/01\/SKU-51059-1.jpg","datePublished":"2025-01-12T12:05:22+00:00","dateModified":"2026-04-27T08:09:55+00:00","description":"Bu 22 Ayar Alt\u0131n T Harfi Kolye ile benzersiz tarz\u0131n\u0131z\u0131 g\u00f6sterin - g\u00fcnl\u00fck \u015f\u0131kl\u0131k veya d\u00fc\u015f\u00fcnceli hediyeler i\u00e7in m\u00fckemmel, ki\u015fiselle\u015ftirilmi\u015f bir alfabe tak\u0131 par\u00e7as\u0131.","breadcrumb":{"@id":"https:\/\/www.purejewels.com\/product\/22-carat-gold-letter-t-pendant-51059\/#breadcrumb"},"inLanguage":"tr","potentialAction":[{"@type":"ReadAction","target":["https:\/\/www.purejewels.com\/product\/22-carat-gold-letter-t-pendant-51059\/"]}]},{"@type":"ImageObject","inLanguage":"tr","@id":"https:\/\/www.purejewels.com\/product\/22-carat-gold-letter-t-pendant-51059\/#primaryimage","url":"https:\/\/static.purejewels.com\/wp-content\/uploads\/2025\/01\/SKU-51059-1.jpg","contentUrl":"https:\/\/static.purejewels.com\/wp-content\/uploads\/2025\/01\/SKU-51059-1.jpg","width":1000,"height":1000,"caption":"Stacked from 6 images. Method=B (R=8,S=4)"},{"@type":"BreadcrumbList","@id":"https:\/\/www.purejewels.com\/product\/22-carat-gold-letter-t-pendant-51059\/#breadcrumb","itemListElement":[{"@type":"ListItem","position":1,"name":"Home","item":"https:\/\/www.purejewels.com\/"},{"@type":"ListItem","position":2,"name":"Shop","item":"https:\/\/www.purejewels.com\/shop\/"},{"@type":"ListItem","position":3,"name":"22 Carat Gold Initial T Pendant"}]},{"@type":"WebSite","@id":"https:\/\/www.purejewels.com\/#website","url":"https:\/\/www.purejewels.com\/","name":"PureJewels \u0130ngiltere","description":"Sevgiyi Payla\u015f\u0131n","publisher":{"@id":"https:\/\/www.purejewels.com\/#organization"},"potentialAction":[{"@type":"SearchAction","target":{"@type":"EntryPoint","urlTemplate":"https:\/\/www.purejewels.com\/?s={search_term_string}"},"query-input":{"@type":"PropertyValueSpecification","valueRequired":true,"valueName":"search_term_string"}}],"inLanguage":"tr"},{"@type":"Organization","@id":"https:\/\/www.purejewels.com\/#organization","name":"PureJewels \u0130ngiltere","url":"https:\/\/www.purejewels.com\/","logo":{"@type":"ImageObject","inLanguage":"tr","@id":"https:\/\/www.purejewels.com\/#\/schema\/logo\/image\/","url":"https:\/\/static.purejewels.com\/wp-content\/uploads\/2020\/11\/Logo-PJ-New-1.png","contentUrl":"https:\/\/static.purejewels.com\/wp-content\/uploads\/2020\/11\/Logo-PJ-New-1.png","width":150,"height":80,"caption":"PureJewels UK"},"image":{"@id":"https:\/\/www.purejewels.com\/#\/schema\/logo\/image\/"}}]}},"_links":{"self":[{"href":"https:\/\/www.purejewels.com\/tr\/wp-json\/wp\/v2\/product\/396375","targetHints":{"allow":["GET"]}}],"collection":[{"href":"https:\/\/www.purejewels.com\/tr\/wp-json\/wp\/v2\/product"}],"about":[{"href":"https:\/\/www.purejewels.com\/tr\/wp-json\/wp\/v2\/types\/product"}],"replies":[{"embeddable":true,"href":"https:\/\/www.purejewels.com\/tr\/wp-json\/wp\/v2\/comments?post=396375"}],"version-history":[{"count":4,"href":"https:\/\/www.purejewels.com\/tr\/wp-json\/wp\/v2\/product\/396375\/revisions"}],"predecessor-version":[{"id":396378,"href":"https:\/\/www.purejewels.com\/tr\/wp-json\/wp\/v2\/product\/396375\/revisions\/396378"}],"wp:featuredmedia":[{"embeddable":true,"href":"https:\/\/www.purejewels.com\/tr\/wp-json\/wp\/v2\/media\/409095"}],"wp:attachment":[{"href":"https:\/\/www.purejewels.com\/tr\/wp-json\/wp\/v2\/media?parent=396375"}],"wp:term":[{"taxonomy":"product_brand","embeddable":true,"href":"https:\/\/www.purejewels.com\/tr\/wp-json\/wp\/v2\/product_brand?post=396375"},{"taxonomy":"product_cat","embeddable":true,"href":"https:\/\/www.purejewels.com\/tr\/wp-json\/wp\/v2\/product_cat?post=396375"},{"taxonomy":"product_tag","embeddable":true,"href":"https:\/\/www.purejewels.com\/tr\/wp-json\/wp\/v2\/product_tag?post=396375"}],"curies":[{"name":"wp","href":"https:\/\/api.w.org\/{rel}","templated":true}]}}