{"id":396386,"date":"2025-01-12T12:24:32","date_gmt":"2025-01-12T12:24:32","guid":{"rendered":"https:\/\/www.purejewels.com\/?post_type=product&#038;p=396386"},"modified":"2026-04-27T09:09:22","modified_gmt":"2026-04-27T08:09:22","slug":"22-ayar-altindan-y-harfi-kolye-51058","status":"publish","type":"product","link":"https:\/\/www.purejewels.com\/tr\/product\/letter-y-pendant-in-22-carat-gold-51058\/","title":{"rendered":"CZ ile 22 Ayar Alt\u0131n Ba\u015f Harfi Y Kolye"},"content":{"rendered":"<p data-start=\"663\" data-end=\"963\">Ki\u015fisel kimli\u011fe ve anlaml\u0131 anlara bir \u00f6vg\u00fc niteli\u011findeki <strong data-start=\"722\" data-end=\"770\">CZ Ta\u015fl\u0131 22 Ayar Alt\u0131n Y Ba\u015f Harfi Kolye<\/strong> zarafet, sembolizm ve el i\u015f\u00e7ili\u011fini bir araya getiriyor. \u0130ster isminizi ister kalbinize yak\u0131n birini temsil etsin, bu kolye ucu mevsimler ve nesiller boyunca el \u00fcst\u00fcnde tutulmak \u00fczere tasarlanm\u0131\u015ft\u0131r.<\/p>\n<p data-start=\"965\" data-end=\"1290\">Ustal\u0131kla el i\u015f\u00e7ili\u011fi ile <strong data-start=\"991\" data-end=\"1015\">22 ayar alt\u0131n damgal\u0131<\/strong>, stilize edilmi\u015f mektup <strong data-start=\"1037\" data-end=\"1044\">\"Y\"<\/strong> PureJewels'in miras\u0131n modernlikle bulu\u015ftu\u011fu benzersiz tasar\u0131m esteti\u011fini yans\u0131tan ak\u0131c\u0131 k\u0131vr\u0131mlar ve yumu\u015fak konturlarla \u015fekillendirilmi\u015ftir. Hassas ayarl\u0131 <strong data-start=\"1189\" data-end=\"1218\">k\u00fcbik zirkonya (CZ) ta\u015f<\/strong> berrakl\u0131\u011f\u0131, niyeti ve sessiz parlakl\u0131\u011f\u0131 \u00e7a\u011fr\u0131\u015ft\u0131ran \u0131\u015f\u0131lt\u0131l\u0131 bir par\u0131lt\u0131 katar.<\/p>","protected":false},"excerpt":{"rendered":"<p>\u0130sminizi veya sevdi\u011finiz birinin ismini, 22 ayar alt\u0131ndan yap\u0131lm\u0131\u015f ve \u0131\u015f\u0131lt\u0131l\u0131 bir CZ ta\u015fla zarif bir \u015fekilde tamamlanm\u0131\u015f bu Y Ba\u015f Harfi Kolyesi ile kutlay\u0131n. Zarif ve anlaml\u0131 bir hat\u0131ra.<\/p>\n<p><strong>Malzeme:<\/strong> 22 Ayar Alt\u0131n<strong><br \/>\nHallmark:\u00a0<\/strong>\u0130ngiliz Damgas\u0131<strong><br \/>\n<\/strong><strong>Br\u00fct A\u011f\u0131rl\u0131k: <\/strong>1.87 Gms<strong><br \/>\nSKU: <\/strong>51058<br \/>\n<strong>Zincir<\/strong>: Zincir dahil de\u011fildir - 22 ayar alt\u0131n\u0131m\u0131z\u0131 ke\u015ffedin<a href=\"https:\/\/www.purejewels.com\/tr\/urun-kategori%cc%87si%cc%87\/22-ayar-altin-takilar\/altin-zincirler\/tilki-kuyrugu-zinciri\/\"> tilki kuyru\u011fu zincirleri<\/a><\/p>\n<p><strong>Fiyat ve Teslimat: <\/strong>KDV ve teslimat \u00fccretleri dahil<strong><br \/>\n<a href=\"https:\/\/www.purejewels.com\/tr\/i%cc%87ade-poli%cc%87ti%cc%87kasi\/\">\u0130ade Politikas\u0131<\/a><\/strong><\/p>","protected":false},"featured_media":409089,"comment_status":"closed","ping_status":"closed","template":"","meta":{"_eb_attr":"","_crsspst_to_jayantr4sg-hostcom":true},"product_brand":[],"product_cat":[1576,1793,1770,1792,1790,1229,1255,5598,5343,1767,1572,1768,5338,1575,1574,5349],"product_tag":[],"class_list":{"0":"post-396386","1":"product","2":"type-product","3":"status-publish","4":"has-post-thumbnail","6":"product_cat-childrens-jewellery","7":"product_cat-diwali-gifts","8":"product_cat-fancy-pendants","9":"product_cat-festival-gifts","10":"product_cat-for-whom-when","11":"product_cat-22ct-gold-jewellery","12":"product_cat-gold-pendants","13":"product_cat-initial-pendant","14":"product_cat-jewellery-under-550","15":"product_cat-ladies-pendants","16":"product_cat-mens-jewellery","17":"product_cat-mens-pendants","18":"product_cat-shop-by-price","19":"product_cat-teenage-jewellery","20":"product_cat-womens-jewellery","21":"product_cat-yellow-gold-jewellery","23":"first","24":"instock","25":"taxable","26":"shipping-taxable","27":"purchasable","28":"product-type-simple","29":"add-to-wishlist-before_image"},"yoast_head":"<!-- This site is optimized with the Yoast SEO plugin v27.6 - https:\/\/yoast.com\/product\/yoast-seo-wordpress\/ -->\n<title>Letter Y Pendant in 22 carat gold | PureJewels UK<\/title>\n<meta name=\"description\" content=\"Express yourself with the elegance of this 22 carat gold Letter Y Pendant from PureJewels UK \u2013 a timeless piece of personalised jewellery, ideal for gifting.\" \/>\n<meta name=\"robots\" content=\"index, follow, max-snippet:-1, max-image-preview:large, max-video-preview:-1\" \/>\n<link rel=\"canonical\" href=\"https:\/\/www.purejewels.com\/tr\/urun\/22-ayar-altindan-y-harfi-kolye-51058\/\" \/>\n<meta property=\"og:locale\" content=\"tr_TR\" \/>\n<meta property=\"og:type\" content=\"article\" \/>\n<meta property=\"og:title\" content=\"Letter Y Pendant in 22 carat gold | PureJewels UK\" \/>\n<meta property=\"og:description\" content=\"Express yourself with the elegance of this 22 carat gold Letter Y Pendant from PureJewels UK \u2013 a timeless piece of personalised jewellery, ideal for gifting.\" \/>\n<meta property=\"og:url\" content=\"https:\/\/www.purejewels.com\/tr\/urun\/22-ayar-altindan-y-harfi-kolye-51058\/\" \/>\n<meta property=\"og:site_name\" content=\"PureJewels UK\" \/>\n<meta property=\"article:modified_time\" content=\"2026-04-27T08:09:22+00:00\" \/>\n<meta property=\"og:image\" content=\"https:\/\/static.purejewels.com\/wp-content\/uploads\/2025\/01\/SKU-51058.jpg\" \/>\n\t<meta property=\"og:image:width\" content=\"1000\" \/>\n\t<meta property=\"og:image:height\" content=\"1000\" \/>\n\t<meta property=\"og:image:type\" content=\"image\/jpeg\" \/>\n<meta name=\"twitter:card\" content=\"summary_large_image\" \/>\n<meta name=\"twitter:label1\" content=\"Tahmini okuma s\u00fcresi\" \/>\n\t<meta name=\"twitter:data1\" content=\"1 dakika\" \/>\n<script type=\"application\/ld+json\" class=\"yoast-schema-graph\">{\"@context\":\"https:\\\/\\\/schema.org\",\"@graph\":[{\"@type\":[\"WebPage\",\"ItemPage\"],\"@id\":\"https:\\\/\\\/www.purejewels.com\\\/product\\\/letter-y-pendant-in-22-carat-gold-51058\\\/\",\"url\":\"https:\\\/\\\/www.purejewels.com\\\/product\\\/letter-y-pendant-in-22-carat-gold-51058\\\/\",\"name\":\"Letter Y Pendant in 22 carat gold | PureJewels UK\",\"isPartOf\":{\"@id\":\"https:\\\/\\\/www.purejewels.com\\\/#website\"},\"primaryImageOfPage\":{\"@id\":\"https:\\\/\\\/www.purejewels.com\\\/product\\\/letter-y-pendant-in-22-carat-gold-51058\\\/#primaryimage\"},\"image\":{\"@id\":\"https:\\\/\\\/www.purejewels.com\\\/product\\\/letter-y-pendant-in-22-carat-gold-51058\\\/#primaryimage\"},\"thumbnailUrl\":\"https:\\\/\\\/static.purejewels.com\\\/wp-content\\\/uploads\\\/2025\\\/01\\\/SKU-51058.jpg\",\"datePublished\":\"2025-01-12T12:24:32+00:00\",\"dateModified\":\"2026-04-27T08:09:22+00:00\",\"description\":\"Express yourself with the elegance of this 22 carat gold Letter Y Pendant from PureJewels UK \u2013 a timeless piece of personalised jewellery, ideal for gifting.\",\"breadcrumb\":{\"@id\":\"https:\\\/\\\/www.purejewels.com\\\/product\\\/letter-y-pendant-in-22-carat-gold-51058\\\/#breadcrumb\"},\"inLanguage\":\"tr\",\"potentialAction\":[{\"@type\":\"ReadAction\",\"target\":[\"https:\\\/\\\/www.purejewels.com\\\/product\\\/letter-y-pendant-in-22-carat-gold-51058\\\/\"]}]},{\"@type\":\"ImageObject\",\"inLanguage\":\"tr\",\"@id\":\"https:\\\/\\\/www.purejewels.com\\\/product\\\/letter-y-pendant-in-22-carat-gold-51058\\\/#primaryimage\",\"url\":\"https:\\\/\\\/static.purejewels.com\\\/wp-content\\\/uploads\\\/2025\\\/01\\\/SKU-51058.jpg\",\"contentUrl\":\"https:\\\/\\\/static.purejewels.com\\\/wp-content\\\/uploads\\\/2025\\\/01\\\/SKU-51058.jpg\",\"width\":1000,\"height\":1000,\"caption\":\"Stacked from 6 images. Method=B (R=8,S=4)\"},{\"@type\":\"BreadcrumbList\",\"@id\":\"https:\\\/\\\/www.purejewels.com\\\/product\\\/letter-y-pendant-in-22-carat-gold-51058\\\/#breadcrumb\",\"itemListElement\":[{\"@type\":\"ListItem\",\"position\":1,\"name\":\"Home\",\"item\":\"https:\\\/\\\/www.purejewels.com\\\/\"},{\"@type\":\"ListItem\",\"position\":2,\"name\":\"Shop\",\"item\":\"https:\\\/\\\/www.purejewels.com\\\/shop\\\/\"},{\"@type\":\"ListItem\",\"position\":3,\"name\":\"Initial Y Pendant in 22ct Gold with CZ\"}]},{\"@type\":\"WebSite\",\"@id\":\"https:\\\/\\\/www.purejewels.com\\\/#website\",\"url\":\"https:\\\/\\\/www.purejewels.com\\\/\",\"name\":\"PureJewels UK\",\"description\":\"Share the Love\",\"publisher\":{\"@id\":\"https:\\\/\\\/www.purejewels.com\\\/#organization\"},\"potentialAction\":[{\"@type\":\"SearchAction\",\"target\":{\"@type\":\"EntryPoint\",\"urlTemplate\":\"https:\\\/\\\/www.purejewels.com\\\/?s={search_term_string}\"},\"query-input\":{\"@type\":\"PropertyValueSpecification\",\"valueRequired\":true,\"valueName\":\"search_term_string\"}}],\"inLanguage\":\"tr\"},{\"@type\":\"Organization\",\"@id\":\"https:\\\/\\\/www.purejewels.com\\\/#organization\",\"name\":\"PureJewels UK\",\"url\":\"https:\\\/\\\/www.purejewels.com\\\/\",\"logo\":{\"@type\":\"ImageObject\",\"inLanguage\":\"tr\",\"@id\":\"https:\\\/\\\/www.purejewels.com\\\/#\\\/schema\\\/logo\\\/image\\\/\",\"url\":\"https:\\\/\\\/static.purejewels.com\\\/wp-content\\\/uploads\\\/2020\\\/11\\\/Logo-PJ-New-1.png\",\"contentUrl\":\"https:\\\/\\\/static.purejewels.com\\\/wp-content\\\/uploads\\\/2020\\\/11\\\/Logo-PJ-New-1.png\",\"width\":150,\"height\":80,\"caption\":\"PureJewels UK\"},\"image\":{\"@id\":\"https:\\\/\\\/www.purejewels.com\\\/#\\\/schema\\\/logo\\\/image\\\/\"}}]}<\/script>\n<!-- \/ Yoast SEO plugin. -->","yoast_head_json":{"title":"22 ayar alt\u0131n Y harfi kolye ucu | PureJewels UK","description":"PureJewels UK'den bu 22 ayar alt\u0131n Y Harfi Kolyenin zarafetiyle kendinizi ifade edin - hediye etmek i\u00e7in ideal, zamans\u0131z bir ki\u015fiselle\u015ftirilmi\u015f m\u00fccevher par\u00e7as\u0131.","robots":{"index":"index","follow":"follow","max-snippet":"max-snippet:-1","max-image-preview":"max-image-preview:large","max-video-preview":"max-video-preview:-1"},"canonical":"https:\/\/www.purejewels.com\/tr\/urun\/22-ayar-altindan-y-harfi-kolye-51058\/","og_locale":"tr_TR","og_type":"article","og_title":"Letter Y Pendant in 22 carat gold | PureJewels UK","og_description":"Express yourself with the elegance of this 22 carat gold Letter Y Pendant from PureJewels UK \u2013 a timeless piece of personalised jewellery, ideal for gifting.","og_url":"https:\/\/www.purejewels.com\/tr\/urun\/22-ayar-altindan-y-harfi-kolye-51058\/","og_site_name":"PureJewels UK","article_modified_time":"2026-04-27T08:09:22+00:00","og_image":[{"width":1000,"height":1000,"url":"https:\/\/static.purejewels.com\/wp-content\/uploads\/2025\/01\/SKU-51058.jpg","type":"image\/jpeg"}],"twitter_card":"summary_large_image","twitter_misc":{"Tahmini okuma s\u00fcresi":"1 dakika"},"schema":{"@context":"https:\/\/schema.org","@graph":[{"@type":["WebPage","ItemPage"],"@id":"https:\/\/www.purejewels.com\/product\/letter-y-pendant-in-22-carat-gold-51058\/","url":"https:\/\/www.purejewels.com\/product\/letter-y-pendant-in-22-carat-gold-51058\/","name":"22 ayar alt\u0131n Y harfi kolye ucu | PureJewels UK","isPartOf":{"@id":"https:\/\/www.purejewels.com\/#website"},"primaryImageOfPage":{"@id":"https:\/\/www.purejewels.com\/product\/letter-y-pendant-in-22-carat-gold-51058\/#primaryimage"},"image":{"@id":"https:\/\/www.purejewels.com\/product\/letter-y-pendant-in-22-carat-gold-51058\/#primaryimage"},"thumbnailUrl":"https:\/\/static.purejewels.com\/wp-content\/uploads\/2025\/01\/SKU-51058.jpg","datePublished":"2025-01-12T12:24:32+00:00","dateModified":"2026-04-27T08:09:22+00:00","description":"PureJewels UK'den bu 22 ayar alt\u0131n Y Harfi Kolyenin zarafetiyle kendinizi ifade edin - hediye etmek i\u00e7in ideal, zamans\u0131z bir ki\u015fiselle\u015ftirilmi\u015f m\u00fccevher par\u00e7as\u0131.","breadcrumb":{"@id":"https:\/\/www.purejewels.com\/product\/letter-y-pendant-in-22-carat-gold-51058\/#breadcrumb"},"inLanguage":"tr","potentialAction":[{"@type":"ReadAction","target":["https:\/\/www.purejewels.com\/product\/letter-y-pendant-in-22-carat-gold-51058\/"]}]},{"@type":"ImageObject","inLanguage":"tr","@id":"https:\/\/www.purejewels.com\/product\/letter-y-pendant-in-22-carat-gold-51058\/#primaryimage","url":"https:\/\/static.purejewels.com\/wp-content\/uploads\/2025\/01\/SKU-51058.jpg","contentUrl":"https:\/\/static.purejewels.com\/wp-content\/uploads\/2025\/01\/SKU-51058.jpg","width":1000,"height":1000,"caption":"Stacked from 6 images. Method=B (R=8,S=4)"},{"@type":"BreadcrumbList","@id":"https:\/\/www.purejewels.com\/product\/letter-y-pendant-in-22-carat-gold-51058\/#breadcrumb","itemListElement":[{"@type":"ListItem","position":1,"name":"Home","item":"https:\/\/www.purejewels.com\/"},{"@type":"ListItem","position":2,"name":"Shop","item":"https:\/\/www.purejewels.com\/shop\/"},{"@type":"ListItem","position":3,"name":"Initial Y Pendant in 22ct Gold with CZ"}]},{"@type":"WebSite","@id":"https:\/\/www.purejewels.com\/#website","url":"https:\/\/www.purejewels.com\/","name":"PureJewels \u0130ngiltere","description":"Sevgiyi Payla\u015f\u0131n","publisher":{"@id":"https:\/\/www.purejewels.com\/#organization"},"potentialAction":[{"@type":"SearchAction","target":{"@type":"EntryPoint","urlTemplate":"https:\/\/www.purejewels.com\/?s={search_term_string}"},"query-input":{"@type":"PropertyValueSpecification","valueRequired":true,"valueName":"search_term_string"}}],"inLanguage":"tr"},{"@type":"Organization","@id":"https:\/\/www.purejewels.com\/#organization","name":"PureJewels \u0130ngiltere","url":"https:\/\/www.purejewels.com\/","logo":{"@type":"ImageObject","inLanguage":"tr","@id":"https:\/\/www.purejewels.com\/#\/schema\/logo\/image\/","url":"https:\/\/static.purejewels.com\/wp-content\/uploads\/2020\/11\/Logo-PJ-New-1.png","contentUrl":"https:\/\/static.purejewels.com\/wp-content\/uploads\/2020\/11\/Logo-PJ-New-1.png","width":150,"height":80,"caption":"PureJewels UK"},"image":{"@id":"https:\/\/www.purejewels.com\/#\/schema\/logo\/image\/"}}]}},"_links":{"self":[{"href":"https:\/\/www.purejewels.com\/tr\/wp-json\/wp\/v2\/product\/396386","targetHints":{"allow":["GET"]}}],"collection":[{"href":"https:\/\/www.purejewels.com\/tr\/wp-json\/wp\/v2\/product"}],"about":[{"href":"https:\/\/www.purejewels.com\/tr\/wp-json\/wp\/v2\/types\/product"}],"replies":[{"embeddable":true,"href":"https:\/\/www.purejewels.com\/tr\/wp-json\/wp\/v2\/comments?post=396386"}],"version-history":[{"count":3,"href":"https:\/\/www.purejewels.com\/tr\/wp-json\/wp\/v2\/product\/396386\/revisions"}],"predecessor-version":[{"id":409092,"href":"https:\/\/www.purejewels.com\/tr\/wp-json\/wp\/v2\/product\/396386\/revisions\/409092"}],"wp:featuredmedia":[{"embeddable":true,"href":"https:\/\/www.purejewels.com\/tr\/wp-json\/wp\/v2\/media\/409089"}],"wp:attachment":[{"href":"https:\/\/www.purejewels.com\/tr\/wp-json\/wp\/v2\/media?parent=396386"}],"wp:term":[{"taxonomy":"product_brand","embeddable":true,"href":"https:\/\/www.purejewels.com\/tr\/wp-json\/wp\/v2\/product_brand?post=396386"},{"taxonomy":"product_cat","embeddable":true,"href":"https:\/\/www.purejewels.com\/tr\/wp-json\/wp\/v2\/product_cat?post=396386"},{"taxonomy":"product_tag","embeddable":true,"href":"https:\/\/www.purejewels.com\/tr\/wp-json\/wp\/v2\/product_tag?post=396386"}],"curies":[{"name":"wp","href":"https:\/\/api.w.org\/{rel}","templated":true}]}}