{"id":396571,"date":"2025-01-13T08:04:45","date_gmt":"2025-01-13T08:04:45","guid":{"rendered":"https:\/\/www.purejewels.com\/?post_type=product&#038;p=396571"},"modified":"2026-04-27T09:08:34","modified_gmt":"2026-04-27T08:08:34","slug":"22-ayar-altin-alfabe-kolye-51056","status":"publish","type":"product","link":"https:\/\/www.purejewels.com\/tr\/product\/alphabet-pendant-in-22ct-gold-51056\/","title":{"rendered":"22 Ayar Alt\u0131n Alfabe F Kolye Ucu"},"content":{"rendered":"<p>22 ayar alt\u0131ndan F harfli kolye ucu, bireyselli\u011fin zarif bir kutlamas\u0131d\u0131r; ki\u015finin ad\u0131n\u0131n, an\u0131s\u0131n\u0131n veya ki\u015fisel duygular\u0131n\u0131n zarif bir ifadesidir. \u0130ster kendiniz ister sevdi\u011finiz biri i\u00e7in se\u00e7in, s\u00fcslemenin \u00f6tesine ge\u00e7erek hikayenizin bir par\u00e7as\u0131 haline gelir.<\/p>\n<p>Damgal\u0131 22 ayar alt\u0131ndan g\u00fczel bir el i\u015f\u00e7ili\u011fiyle \u00fcretilen kolye ucunda, PureJewels'in kendine \u00f6zg\u00fc tasar\u0131m dilinin yumu\u015fak k\u0131vr\u0131mlar\u0131n\u0131 \u00e7a\u011fr\u0131\u015ft\u0131rmak i\u00e7in konturlar\u0131 yumu\u015fat\u0131lm\u0131\u015f, zarif bir serif formunda yontulmu\u015f \"F\" harfi yer almaktad\u0131r. \u0130nce s\u00fcslemeler ve y\u00fcksek cilal\u0131 kaplama, miras i\u015f\u00e7ili\u011fimizi yans\u0131t\u0131rken par\u00e7aya modern bir sofistike hava kat\u0131yor.<\/p>","protected":false},"excerpt":{"rendered":"<p>Zarif ve ki\u015fisel, 22 ayar alt\u0131n damgal\u0131 F Harfli Kolye ucu, kimli\u011fi zamans\u0131z bir stille kutluyor; g\u00fcnl\u00fck bir imza veya i\u00e7ten bir hediye olarak m\u00fckemmel.<\/p>\n<p><strong>Malzeme:<\/strong> 22 Ayar Alt\u0131n<strong><br \/>\nHallmark:\u00a0<\/strong>\u0130ngiliz Damgas\u0131<strong><br \/>\n<\/strong><strong>Br\u00fct A\u011f\u0131rl\u0131k: <\/strong>1.85 Gms<strong><br \/>\nSKU: <\/strong>51056<br \/>\n<strong>Zincir:<\/strong> Zincir dahil de\u011fildir - koleksiyonumuzdan 22 ayar alt\u0131n bir zincirle e\u015fle\u015ftirin<\/p>\n<p><strong>Fiyat ve Teslimat:<\/strong>KDV ve teslimat \u00fccretleri dahil<strong><br \/>\n<a href=\"https:\/\/www.purejewels.com\/tr\/i%cc%87ade-poli%cc%87ti%cc%87kasi\/\">\u0130ade Politikas\u0131<\/a><\/strong><\/p>","protected":false},"featured_media":409079,"comment_status":"closed","ping_status":"closed","template":"","meta":{"_eb_attr":"","_crsspst_to_jayantr4sg-hostcom":true},"product_brand":[],"product_cat":[1576,1793,1770,1792,1790,1229,1255,5598,5343,1767,1572,1768,5338,1575,1574,5349],"product_tag":[],"class_list":{"0":"post-396571","1":"product","2":"type-product","3":"status-publish","4":"has-post-thumbnail","6":"product_cat-childrens-jewellery","7":"product_cat-diwali-gifts","8":"product_cat-fancy-pendants","9":"product_cat-festival-gifts","10":"product_cat-for-whom-when","11":"product_cat-22ct-gold-jewellery","12":"product_cat-gold-pendants","13":"product_cat-initial-pendant","14":"product_cat-jewellery-under-550","15":"product_cat-ladies-pendants","16":"product_cat-mens-jewellery","17":"product_cat-mens-pendants","18":"product_cat-shop-by-price","19":"product_cat-teenage-jewellery","20":"product_cat-womens-jewellery","21":"product_cat-yellow-gold-jewellery","23":"first","24":"instock","25":"taxable","26":"shipping-taxable","27":"purchasable","28":"product-type-simple","29":"add-to-wishlist-before_image"},"yoast_head":"<!-- This site is optimized with the Yoast SEO plugin v27.5 - https:\/\/yoast.com\/product\/yoast-seo-wordpress\/ -->\n<title>Alphabet Pendant in 22ct Gold | Personalised Letter Jewellery<\/title>\n<meta name=\"description\" content=\"Celebrate your story with our 22ct Gold Alphabet Pendant \u2013 a personalised letter jewellery piece crafted in radiant gold. A timeless keepsake from PureJewels London.\" \/>\n<meta name=\"robots\" content=\"index, follow, max-snippet:-1, max-image-preview:large, max-video-preview:-1\" \/>\n<link rel=\"canonical\" href=\"https:\/\/www.purejewels.com\/tr\/urun\/22-ayar-altin-alfabe-kolye-51056\/\" \/>\n<meta property=\"og:locale\" content=\"tr_TR\" \/>\n<meta property=\"og:type\" content=\"article\" \/>\n<meta property=\"og:title\" content=\"Alphabet Pendant in 22ct Gold | Personalised Letter Jewellery\" \/>\n<meta property=\"og:description\" content=\"Celebrate your story with our 22ct Gold Alphabet Pendant \u2013 a personalised letter jewellery piece crafted in radiant gold. A timeless keepsake from PureJewels London.\" \/>\n<meta property=\"og:url\" content=\"https:\/\/www.purejewels.com\/tr\/urun\/22-ayar-altin-alfabe-kolye-51056\/\" \/>\n<meta property=\"og:site_name\" content=\"PureJewels UK\" \/>\n<meta property=\"article:modified_time\" content=\"2026-04-27T08:08:34+00:00\" \/>\n<meta property=\"og:image\" content=\"https:\/\/static.purejewels.com\/wp-content\/uploads\/2025\/01\/SKU-51056.jpg\" \/>\n\t<meta property=\"og:image:width\" content=\"1000\" \/>\n\t<meta property=\"og:image:height\" content=\"1000\" \/>\n\t<meta property=\"og:image:type\" content=\"image\/jpeg\" \/>\n<meta name=\"twitter:card\" content=\"summary_large_image\" \/>\n<meta name=\"twitter:label1\" content=\"Tahmini okuma s\u00fcresi\" \/>\n\t<meta name=\"twitter:data1\" content=\"1 dakika\" \/>\n<script type=\"application\/ld+json\" class=\"yoast-schema-graph\">{\"@context\":\"https:\\\/\\\/schema.org\",\"@graph\":[{\"@type\":[\"WebPage\",\"ItemPage\"],\"@id\":\"https:\\\/\\\/www.purejewels.com\\\/product\\\/alphabet-pendant-in-22ct-gold-51056\\\/\",\"url\":\"https:\\\/\\\/www.purejewels.com\\\/product\\\/alphabet-pendant-in-22ct-gold-51056\\\/\",\"name\":\"Alphabet Pendant in 22ct Gold | Personalised Letter Jewellery\",\"isPartOf\":{\"@id\":\"https:\\\/\\\/www.purejewels.com\\\/#website\"},\"primaryImageOfPage\":{\"@id\":\"https:\\\/\\\/www.purejewels.com\\\/product\\\/alphabet-pendant-in-22ct-gold-51056\\\/#primaryimage\"},\"image\":{\"@id\":\"https:\\\/\\\/www.purejewels.com\\\/product\\\/alphabet-pendant-in-22ct-gold-51056\\\/#primaryimage\"},\"thumbnailUrl\":\"https:\\\/\\\/static.purejewels.com\\\/wp-content\\\/uploads\\\/2025\\\/01\\\/SKU-51056.jpg\",\"datePublished\":\"2025-01-13T08:04:45+00:00\",\"dateModified\":\"2026-04-27T08:08:34+00:00\",\"description\":\"Celebrate your story with our 22ct Gold Alphabet Pendant \u2013 a personalised letter jewellery piece crafted in radiant gold. A timeless keepsake from PureJewels London.\",\"breadcrumb\":{\"@id\":\"https:\\\/\\\/www.purejewels.com\\\/product\\\/alphabet-pendant-in-22ct-gold-51056\\\/#breadcrumb\"},\"inLanguage\":\"tr\",\"potentialAction\":[{\"@type\":\"ReadAction\",\"target\":[\"https:\\\/\\\/www.purejewels.com\\\/product\\\/alphabet-pendant-in-22ct-gold-51056\\\/\"]}]},{\"@type\":\"ImageObject\",\"inLanguage\":\"tr\",\"@id\":\"https:\\\/\\\/www.purejewels.com\\\/product\\\/alphabet-pendant-in-22ct-gold-51056\\\/#primaryimage\",\"url\":\"https:\\\/\\\/static.purejewels.com\\\/wp-content\\\/uploads\\\/2025\\\/01\\\/SKU-51056.jpg\",\"contentUrl\":\"https:\\\/\\\/static.purejewels.com\\\/wp-content\\\/uploads\\\/2025\\\/01\\\/SKU-51056.jpg\",\"width\":1000,\"height\":1000,\"caption\":\"Stacked from 6 images. Method=B (R=8,S=4)\"},{\"@type\":\"BreadcrumbList\",\"@id\":\"https:\\\/\\\/www.purejewels.com\\\/product\\\/alphabet-pendant-in-22ct-gold-51056\\\/#breadcrumb\",\"itemListElement\":[{\"@type\":\"ListItem\",\"position\":1,\"name\":\"Home\",\"item\":\"https:\\\/\\\/www.purejewels.com\\\/\"},{\"@type\":\"ListItem\",\"position\":2,\"name\":\"Shop\",\"item\":\"https:\\\/\\\/www.purejewels.com\\\/shop\\\/\"},{\"@type\":\"ListItem\",\"position\":3,\"name\":\"Alphabet F Pendant in 22ct Gold\"}]},{\"@type\":\"WebSite\",\"@id\":\"https:\\\/\\\/www.purejewels.com\\\/#website\",\"url\":\"https:\\\/\\\/www.purejewels.com\\\/\",\"name\":\"PureJewels UK\",\"description\":\"Share the Love\",\"publisher\":{\"@id\":\"https:\\\/\\\/www.purejewels.com\\\/#organization\"},\"potentialAction\":[{\"@type\":\"SearchAction\",\"target\":{\"@type\":\"EntryPoint\",\"urlTemplate\":\"https:\\\/\\\/www.purejewels.com\\\/?s={search_term_string}\"},\"query-input\":{\"@type\":\"PropertyValueSpecification\",\"valueRequired\":true,\"valueName\":\"search_term_string\"}}],\"inLanguage\":\"tr\"},{\"@type\":\"Organization\",\"@id\":\"https:\\\/\\\/www.purejewels.com\\\/#organization\",\"name\":\"PureJewels UK\",\"url\":\"https:\\\/\\\/www.purejewels.com\\\/\",\"logo\":{\"@type\":\"ImageObject\",\"inLanguage\":\"tr\",\"@id\":\"https:\\\/\\\/www.purejewels.com\\\/#\\\/schema\\\/logo\\\/image\\\/\",\"url\":\"https:\\\/\\\/static.purejewels.com\\\/wp-content\\\/uploads\\\/2020\\\/11\\\/Logo-PJ-New-1.png\",\"contentUrl\":\"https:\\\/\\\/static.purejewels.com\\\/wp-content\\\/uploads\\\/2020\\\/11\\\/Logo-PJ-New-1.png\",\"width\":150,\"height\":80,\"caption\":\"PureJewels UK\"},\"image\":{\"@id\":\"https:\\\/\\\/www.purejewels.com\\\/#\\\/schema\\\/logo\\\/image\\\/\"}}]}<\/script>\n<!-- \/ Yoast SEO plugin. -->","yoast_head_json":{"title":"22 Ayar Alt\u0131n Alfabe Kolye Ucu | Ki\u015fiye \u00d6zel Harf Tak\u0131lar","description":"Hikayenizi 22 Ayar Alt\u0131n Alfabe Kolyemizle kutlay\u0131n - parlak alt\u0131ndan haz\u0131rlanm\u0131\u015f ki\u015fiselle\u015ftirilmi\u015f bir harf tak\u0131 par\u00e7as\u0131. PureJewels London'dan zamans\u0131z bir hat\u0131ra.","robots":{"index":"index","follow":"follow","max-snippet":"max-snippet:-1","max-image-preview":"max-image-preview:large","max-video-preview":"max-video-preview:-1"},"canonical":"https:\/\/www.purejewels.com\/tr\/urun\/22-ayar-altin-alfabe-kolye-51056\/","og_locale":"tr_TR","og_type":"article","og_title":"Alphabet Pendant in 22ct Gold | Personalised Letter Jewellery","og_description":"Celebrate your story with our 22ct Gold Alphabet Pendant \u2013 a personalised letter jewellery piece crafted in radiant gold. A timeless keepsake from PureJewels London.","og_url":"https:\/\/www.purejewels.com\/tr\/urun\/22-ayar-altin-alfabe-kolye-51056\/","og_site_name":"PureJewels UK","article_modified_time":"2026-04-27T08:08:34+00:00","og_image":[{"width":1000,"height":1000,"url":"https:\/\/static.purejewels.com\/wp-content\/uploads\/2025\/01\/SKU-51056.jpg","type":"image\/jpeg"}],"twitter_card":"summary_large_image","twitter_misc":{"Tahmini okuma s\u00fcresi":"1 dakika"},"schema":{"@context":"https:\/\/schema.org","@graph":[{"@type":["WebPage","ItemPage"],"@id":"https:\/\/www.purejewels.com\/product\/alphabet-pendant-in-22ct-gold-51056\/","url":"https:\/\/www.purejewels.com\/product\/alphabet-pendant-in-22ct-gold-51056\/","name":"22 Ayar Alt\u0131n Alfabe Kolye Ucu | Ki\u015fiye \u00d6zel Harf Tak\u0131lar","isPartOf":{"@id":"https:\/\/www.purejewels.com\/#website"},"primaryImageOfPage":{"@id":"https:\/\/www.purejewels.com\/product\/alphabet-pendant-in-22ct-gold-51056\/#primaryimage"},"image":{"@id":"https:\/\/www.purejewels.com\/product\/alphabet-pendant-in-22ct-gold-51056\/#primaryimage"},"thumbnailUrl":"https:\/\/static.purejewels.com\/wp-content\/uploads\/2025\/01\/SKU-51056.jpg","datePublished":"2025-01-13T08:04:45+00:00","dateModified":"2026-04-27T08:08:34+00:00","description":"Hikayenizi 22 Ayar Alt\u0131n Alfabe Kolyemizle kutlay\u0131n - parlak alt\u0131ndan haz\u0131rlanm\u0131\u015f ki\u015fiselle\u015ftirilmi\u015f bir harf tak\u0131 par\u00e7as\u0131. PureJewels London'dan zamans\u0131z bir hat\u0131ra.","breadcrumb":{"@id":"https:\/\/www.purejewels.com\/product\/alphabet-pendant-in-22ct-gold-51056\/#breadcrumb"},"inLanguage":"tr","potentialAction":[{"@type":"ReadAction","target":["https:\/\/www.purejewels.com\/product\/alphabet-pendant-in-22ct-gold-51056\/"]}]},{"@type":"ImageObject","inLanguage":"tr","@id":"https:\/\/www.purejewels.com\/product\/alphabet-pendant-in-22ct-gold-51056\/#primaryimage","url":"https:\/\/static.purejewels.com\/wp-content\/uploads\/2025\/01\/SKU-51056.jpg","contentUrl":"https:\/\/static.purejewels.com\/wp-content\/uploads\/2025\/01\/SKU-51056.jpg","width":1000,"height":1000,"caption":"Stacked from 6 images. Method=B (R=8,S=4)"},{"@type":"BreadcrumbList","@id":"https:\/\/www.purejewels.com\/product\/alphabet-pendant-in-22ct-gold-51056\/#breadcrumb","itemListElement":[{"@type":"ListItem","position":1,"name":"Home","item":"https:\/\/www.purejewels.com\/"},{"@type":"ListItem","position":2,"name":"Shop","item":"https:\/\/www.purejewels.com\/shop\/"},{"@type":"ListItem","position":3,"name":"Alphabet F Pendant in 22ct Gold"}]},{"@type":"WebSite","@id":"https:\/\/www.purejewels.com\/#website","url":"https:\/\/www.purejewels.com\/","name":"PureJewels \u0130ngiltere","description":"Sevgiyi Payla\u015f\u0131n","publisher":{"@id":"https:\/\/www.purejewels.com\/#organization"},"potentialAction":[{"@type":"SearchAction","target":{"@type":"EntryPoint","urlTemplate":"https:\/\/www.purejewels.com\/?s={search_term_string}"},"query-input":{"@type":"PropertyValueSpecification","valueRequired":true,"valueName":"search_term_string"}}],"inLanguage":"tr"},{"@type":"Organization","@id":"https:\/\/www.purejewels.com\/#organization","name":"PureJewels \u0130ngiltere","url":"https:\/\/www.purejewels.com\/","logo":{"@type":"ImageObject","inLanguage":"tr","@id":"https:\/\/www.purejewels.com\/#\/schema\/logo\/image\/","url":"https:\/\/static.purejewels.com\/wp-content\/uploads\/2020\/11\/Logo-PJ-New-1.png","contentUrl":"https:\/\/static.purejewels.com\/wp-content\/uploads\/2020\/11\/Logo-PJ-New-1.png","width":150,"height":80,"caption":"PureJewels UK"},"image":{"@id":"https:\/\/www.purejewels.com\/#\/schema\/logo\/image\/"}}]}},"_links":{"self":[{"href":"https:\/\/www.purejewels.com\/tr\/wp-json\/wp\/v2\/product\/396571","targetHints":{"allow":["GET"]}}],"collection":[{"href":"https:\/\/www.purejewels.com\/tr\/wp-json\/wp\/v2\/product"}],"about":[{"href":"https:\/\/www.purejewels.com\/tr\/wp-json\/wp\/v2\/types\/product"}],"replies":[{"embeddable":true,"href":"https:\/\/www.purejewels.com\/tr\/wp-json\/wp\/v2\/comments?post=396571"}],"version-history":[{"count":3,"href":"https:\/\/www.purejewels.com\/tr\/wp-json\/wp\/v2\/product\/396571\/revisions"}],"predecessor-version":[{"id":409083,"href":"https:\/\/www.purejewels.com\/tr\/wp-json\/wp\/v2\/product\/396571\/revisions\/409083"}],"wp:featuredmedia":[{"embeddable":true,"href":"https:\/\/www.purejewels.com\/tr\/wp-json\/wp\/v2\/media\/409079"}],"wp:attachment":[{"href":"https:\/\/www.purejewels.com\/tr\/wp-json\/wp\/v2\/media?parent=396571"}],"wp:term":[{"taxonomy":"product_brand","embeddable":true,"href":"https:\/\/www.purejewels.com\/tr\/wp-json\/wp\/v2\/product_brand?post=396571"},{"taxonomy":"product_cat","embeddable":true,"href":"https:\/\/www.purejewels.com\/tr\/wp-json\/wp\/v2\/product_cat?post=396571"},{"taxonomy":"product_tag","embeddable":true,"href":"https:\/\/www.purejewels.com\/tr\/wp-json\/wp\/v2\/product_tag?post=396571"}],"curies":[{"name":"wp","href":"https:\/\/api.w.org\/{rel}","templated":true}]}}