{"id":3968,"date":"2017-07-19T13:22:52","date_gmt":"2017-07-19T12:22:52","guid":{"rendered":"http:\/\/new.purejewels.com\/product\/rado-centrix-diamonds-r30933712\/"},"modified":"2022-05-20T14:00:07","modified_gmt":"2022-05-20T13:00:07","slug":"rado-centrix-diamonds-r30933712","status":"publish","type":"product","link":"https:\/\/www.purejewels.com\/tr\/product\/rado-centrix-diamonds-r30933712\/","title":{"rendered":"Rado Centrix Diamonds Bayan Saati"},"content":{"rendered":"<p>[vc_row][vc_column][vc_column_text]<\/p>\n<h3><strong><b>Design<\/b><\/strong><\/h3>\n<p><span style=\"font-weight: 400;\">The watch has a luxurious finish altogether and is made in beautiful shades of black and silver all over. It has been cast from high-tech ceramic, which is an innovative form of ceramic that\u2019s hypoallergenic, light, and temperature-reactive, therefore it has the capability to adjust to your body temperature. The dial has a minimal touch and has been elegantly designed with four square diamonds encrusted at four unique spots while the dial is encircled with round brilliant diamonds along its circular edge.<\/span><\/p>\n<h3><strong><b>Inspiration<\/b><\/strong><\/h3>\n<p><span style=\"font-weight: 400;\">Inspired by luxury accessorizing trends and aesthetics of the modern- day, this diamond- studded wrist watch Centrix by Rado is a hot one. Already a luxury wrap for your wrist, this Rado wrist watch has been taken to even a higher ground as brilliantly shining diamonds have been encrusted all over it so it shines brightly from any distance and all angles.<\/span><\/p>\n<h3><strong><b>Style<\/b><\/strong><\/h3>\n<p><span style=\"font-weight: 400;\">\u00a0<\/span><span style=\"font-weight: 400;\">Pure luxury and an epitome of class, the Rado Centrix is a supermodel that makes you feel like one! Get your hands on this gorgeous wrist watch from Rado only at Purejewels, while you still can and make all heads turn as you take it out with you.<\/span>[\/vc_column_text][\/vc_column][\/vc_row]<\/p>\n","protected":false},"excerpt":{"rendered":"<p><strong>A\u00e7\u0131klama<br \/>\n<\/strong>Bu \u00e7ok ate\u015fli.  Rado Centrix zaten modan\u0131n favorisiydi... ve \u015fimdi Rado buna bir de p\u0131rlanta ekledi.  Rado Centrix Diamonds i\u00e7in kuyru\u011fa girin veya topuklar\u0131n\u0131z\u0131 kurtar\u0131n ve l\u00fcks g\u00f6steri salonumuzda denemeye gelin.  Rado'nun \u00fcnl\u00fc teknolojisi ve uzmanl\u0131\u011f\u0131n\u0131 kar\u015f\u0131 konulmaz derecede g\u00f6z al\u0131c\u0131 bir y\u00fczeyle birle\u015ftiren Centrix, tam bir s\u00fcper model.  B\u00fcy\u00fck \u00f6l\u00e7\u00fcde hipoalerjenik, hafif ve \u0131s\u0131ya reaktif yenilik\u00e7i bir seramik t\u00fcr\u00fc olan y\u00fcksek teknolojili seramikten d\u00f6k\u00fclm\u00fc\u015ft\u00fcr.  Bu nedenle, sadece her a\u00e7\u0131dan par\u0131ldad\u0131\u011f\u0131 i\u00e7in de\u011fil, ayn\u0131 zamanda bu parlak saat kendi v\u00fccut s\u0131cakl\u0131\u011f\u0131n\u0131za uyum sa\u011flad\u0131\u011f\u0131 i\u00e7in de onu takmak enfes bir zevktir.  Bilezik ve kasan\u0131n siyah ve g\u00fcm\u00fc\u015f tonlar\u0131 \u015f\u0131k ve zariftir ve g\u00f6r\u00fcn\u00fcm\u00fc geli\u015ftirmek i\u00e7in kadran 60 p\u0131rlantadan olu\u015fan tam bir \u00e7emberdir.  Vay be.  Bu sonsuza kadar stokta kalmayacak - sipari\u015finizi bug\u00fcn verin.<\/p>\n<p>Boyut: 28.0<\/p>\n<p>Hareket: Kuvars<\/p>\n<p>Kasa ve \u00c7er\u00e7eve: Paslanmaz \u00e7elik<\/p>\n<p>Bilezik: Paslanmaz \u00e7elik, Y\u00fcksek teknoloji seramik<\/p>\n<p>Kadran: Koyu<\/p>\n<p>Kristal: Safir Kristal<\/p>\n<p>Su ge\u00e7irmezlik: 3bar (30m)<\/p>\n<p>M\u00fccevherler: 60 p\u0131rlanta, 0,216 karat 4 p\u0131rlanta, 0,009 karat<\/p>\n<p>Referans Numaras\u0131: 01.111.0933.3.171<\/p>\n<p>\u0130ngiltere'deki se\u00e7kin Rado saatlerini ke\u015ffetmek i\u00e7in bize ula\u015f\u0131n \/ ma\u011fazam\u0131z\u0131 ziyaret edin<\/p>\n<p><strong>Rado saat se\u00e7imi<\/strong><br \/>\nPureJewels sadece iki saat markas\u0131 ta\u015f\u0131yor ve bu onur i\u00e7in \u00fcnl\u00fc \u0130svi\u00e7reli saat \u00fcreticilerini se\u00e7tik.  Rado d\u00fcnyaca \u00fcnl\u00fcd\u00fcr.  1917 y\u0131l\u0131nda \u00fc\u00e7 karde\u015f taraf\u0131ndan (ailelerinin evinde bir at\u00f6lye kurarak) kurulan marka, saat end\u00fcstrisinde teknolojiye \u00f6nc\u00fcl\u00fck etmesiyle tan\u0131nm\u0131\u015ft\u0131r.  Karde\u015fler \u00e7izilmeye kar\u015f\u0131 dayan\u0131kl\u0131 bir saat yaratmaya kararl\u0131 g\u00f6r\u00fcn\u00fcyorlard\u0131 ve bu g\u00f6revde saat y\u00fcz\u00fc i\u00e7in safir kristali tan\u0131tt\u0131lar.  Daha sonra marka, havac\u0131l\u0131kta kullan\u0131lan y\u00fcksek teknolojili serami\u011fi alarak saatler i\u00e7in kullanmaya ba\u015flad\u0131.  Rado saatleri art\u0131k sa\u011flaml\u0131klar\u0131yla \u00fcnl\u00fcd\u00fcr (bir tanesini \u00e7izmek zordur).<\/p>\n<p>G\u00f6nl\u00fcn\u00fcz p\u0131rlantal\u0131 bir Rado'dan yanaysa, d\u00f6rt ta\u015fl\u0131 minimal bir tasar\u0131m olan Rado Esenza Diamonds'\u0131 veya y\u00fcksek kontrastl\u0131 kadran\u0131yla bir klasik olan Rado Coupole Diamonds'\u0131 da be\u011fenebilirsiniz.<\/p>\n<p><strong>Londra'daki Rado saatleri i\u00e7in PureJewels'i ziyaret edin<\/strong><br \/>\nLondra'daki en yeni Rado saatlerinden baz\u0131lar\u0131n\u0131 denemek isterseniz, l\u00fcks g\u00f6steri salonumuza gelin.  \u0130htiya\u00e7lar\u0131n\u0131z\u0131 kar\u015f\u0131layan bir saat se\u00e7menize yard\u0131mc\u0131 olmaktan ve koleksiyon hakk\u0131nda d\u00fcr\u00fcst tavsiyeler sunmaktan memnuniyet duyar\u0131z.  Online sipari\u015f vermek daha uygunsa, Canl\u0131 Sohbet'i kullanarak bize t\u00fcm sorular\u0131n\u0131z\u0131 sorun.  Ma\u011faza i\u00e7i bir dan\u0131\u015fmana ula\u015facaks\u0131n\u0131z.  Rado saatiniz imzal\u0131 bir kutu i\u00e7inde gelir ve herhangi bir sorun olmas\u0131 halinde bize \u00fccretsiz olarak iade edilebilir.<\/p>\n<p>&nbsp;<\/p>","protected":false},"featured_media":297702,"comment_status":"closed","ping_status":"closed","template":"","meta":{"_eb_attr":"","_crsspst_to_jayantr4sg-hostcom":false},"product_brand":[],"product_cat":[1559,1788,1207,1574],"product_tag":[],"class_list":{"0":"post-3968","1":"product","2":"type-product","3":"status-publish","4":"has-post-thumbnail","6":"product_cat-birthday-gifts","7":"product_cat-ladies-watches","8":"product_cat-watches","9":"product_cat-womens-jewellery","11":"first","12":"outofstock","13":"sale","14":"taxable","15":"shipping-taxable","16":"product-type-simple","17":"add-to-wishlist-before_image"},"yoast_head":"<!-- This site is optimized with the Yoast SEO plugin v27.5 - https:\/\/yoast.com\/product\/yoast-seo-wordpress\/ -->\n<title>Rado Centrix Diamonds R30933712 - PureJewels.com<\/title>\n<meta name=\"description\" content=\"Inspired by luxury accessorizing trends and aesthetics of the modern-day, this diamond-studded wristwatch Centrix by Rado is a hot one.\" \/>\n<meta name=\"robots\" content=\"noindex, follow\" \/>\n<meta property=\"og:locale\" content=\"tr_TR\" \/>\n<meta property=\"og:type\" content=\"article\" \/>\n<meta property=\"og:title\" content=\"Rado Centrix Diamonds R30933712 - PureJewels.com\" \/>\n<meta property=\"og:description\" content=\"Inspired by luxury accessorizing trends and aesthetics of the modern-day, this diamond-studded wristwatch Centrix by Rado is a hot one.\" \/>\n<meta property=\"og:url\" content=\"https:\/\/www.purejewels.com\/tr\/urun\/rado-centrix-diamonds-r30933712\/\" \/>\n<meta property=\"og:site_name\" content=\"PureJewels UK\" \/>\n<meta property=\"article:modified_time\" content=\"2022-05-20T13:00:07+00:00\" \/>\n<meta property=\"og:image\" content=\"https:\/\/www.purejewels.com\/wp-content\/uploads\/2017\/12\/R30933712.png\" \/>\n\t<meta property=\"og:image:width\" content=\"1000\" \/>\n\t<meta property=\"og:image:height\" content=\"1000\" \/>\n\t<meta property=\"og:image:type\" content=\"image\/png\" \/>\n<meta name=\"twitter:card\" content=\"summary_large_image\" \/>\n<meta name=\"twitter:label1\" content=\"Tahmini okuma s\u00fcresi\" \/>\n\t<meta name=\"twitter:data1\" content=\"1 dakika\" \/>\n<script type=\"application\/ld+json\" class=\"yoast-schema-graph\">{\"@context\":\"https:\\\/\\\/schema.org\",\"@graph\":[{\"@type\":[\"WebPage\",\"ItemPage\"],\"@id\":\"https:\\\/\\\/www.purejewels.com\\\/product\\\/rado-centrix-diamonds-r30933712\\\/\",\"url\":\"https:\\\/\\\/www.purejewels.com\\\/product\\\/rado-centrix-diamonds-r30933712\\\/\",\"name\":\"Rado Centrix Diamonds R30933712 - PureJewels.com\",\"isPartOf\":{\"@id\":\"https:\\\/\\\/www.purejewels.com\\\/#website\"},\"primaryImageOfPage\":{\"@id\":\"https:\\\/\\\/www.purejewels.com\\\/product\\\/rado-centrix-diamonds-r30933712\\\/#primaryimage\"},\"image\":{\"@id\":\"https:\\\/\\\/www.purejewels.com\\\/product\\\/rado-centrix-diamonds-r30933712\\\/#primaryimage\"},\"thumbnailUrl\":\"https:\\\/\\\/static.purejewels.com\\\/wp-content\\\/uploads\\\/2017\\\/12\\\/R30933712.png\",\"datePublished\":\"2017-07-19T12:22:52+00:00\",\"dateModified\":\"2022-05-20T13:00:07+00:00\",\"description\":\"Inspired by luxury accessorizing trends and aesthetics of the modern-day, this diamond-studded wristwatch Centrix by Rado is a hot one.\",\"breadcrumb\":{\"@id\":\"https:\\\/\\\/www.purejewels.com\\\/product\\\/rado-centrix-diamonds-r30933712\\\/#breadcrumb\"},\"inLanguage\":\"tr\",\"potentialAction\":[{\"@type\":\"ReadAction\",\"target\":[\"https:\\\/\\\/www.purejewels.com\\\/product\\\/rado-centrix-diamonds-r30933712\\\/\"]}]},{\"@type\":\"ImageObject\",\"inLanguage\":\"tr\",\"@id\":\"https:\\\/\\\/www.purejewels.com\\\/product\\\/rado-centrix-diamonds-r30933712\\\/#primaryimage\",\"url\":\"https:\\\/\\\/static.purejewels.com\\\/wp-content\\\/uploads\\\/2017\\\/12\\\/R30933712.png\",\"contentUrl\":\"https:\\\/\\\/static.purejewels.com\\\/wp-content\\\/uploads\\\/2017\\\/12\\\/R30933712.png\",\"width\":1000,\"height\":1000,\"caption\":\"R30933712\"},{\"@type\":\"BreadcrumbList\",\"@id\":\"https:\\\/\\\/www.purejewels.com\\\/product\\\/rado-centrix-diamonds-r30933712\\\/#breadcrumb\",\"itemListElement\":[{\"@type\":\"ListItem\",\"position\":1,\"name\":\"Home\",\"item\":\"https:\\\/\\\/www.purejewels.com\\\/\"},{\"@type\":\"ListItem\",\"position\":2,\"name\":\"Shop\",\"item\":\"https:\\\/\\\/www.purejewels.com\\\/shop\\\/\"},{\"@type\":\"ListItem\",\"position\":3,\"name\":\"Rado Centrix Diamonds Ladies Watch\"}]},{\"@type\":\"WebSite\",\"@id\":\"https:\\\/\\\/www.purejewels.com\\\/#website\",\"url\":\"https:\\\/\\\/www.purejewels.com\\\/\",\"name\":\"PureJewels UK\",\"description\":\"Share the Love\",\"publisher\":{\"@id\":\"https:\\\/\\\/www.purejewels.com\\\/#organization\"},\"potentialAction\":[{\"@type\":\"SearchAction\",\"target\":{\"@type\":\"EntryPoint\",\"urlTemplate\":\"https:\\\/\\\/www.purejewels.com\\\/?s={search_term_string}\"},\"query-input\":{\"@type\":\"PropertyValueSpecification\",\"valueRequired\":true,\"valueName\":\"search_term_string\"}}],\"inLanguage\":\"tr\"},{\"@type\":\"Organization\",\"@id\":\"https:\\\/\\\/www.purejewels.com\\\/#organization\",\"name\":\"PureJewels UK\",\"url\":\"https:\\\/\\\/www.purejewels.com\\\/\",\"logo\":{\"@type\":\"ImageObject\",\"inLanguage\":\"tr\",\"@id\":\"https:\\\/\\\/www.purejewels.com\\\/#\\\/schema\\\/logo\\\/image\\\/\",\"url\":\"https:\\\/\\\/static.purejewels.com\\\/wp-content\\\/uploads\\\/2020\\\/11\\\/Logo-PJ-New-1.png\",\"contentUrl\":\"https:\\\/\\\/static.purejewels.com\\\/wp-content\\\/uploads\\\/2020\\\/11\\\/Logo-PJ-New-1.png\",\"width\":150,\"height\":80,\"caption\":\"PureJewels UK\"},\"image\":{\"@id\":\"https:\\\/\\\/www.purejewels.com\\\/#\\\/schema\\\/logo\\\/image\\\/\"}}]}<\/script>\n<!-- \/ Yoast SEO plugin. -->","yoast_head_json":{"title":"Rado Centrix Diamonds R30933712 - PureJewels.com","description":"G\u00fcn\u00fcm\u00fcz\u00fcn l\u00fcks aksesuar trendlerinden ve esteti\u011finden ilham alan Rado'nun bu p\u0131rlanta i\u015flemeli kol saati Centrix, g\u00f6z al\u0131c\u0131 bir model.","robots":{"index":"noindex","follow":"follow"},"og_locale":"tr_TR","og_type":"article","og_title":"Rado Centrix Diamonds R30933712 - PureJewels.com","og_description":"Inspired by luxury accessorizing trends and aesthetics of the modern-day, this diamond-studded wristwatch Centrix by Rado is a hot one.","og_url":"https:\/\/www.purejewels.com\/tr\/urun\/rado-centrix-diamonds-r30933712\/","og_site_name":"PureJewels UK","article_modified_time":"2022-05-20T13:00:07+00:00","og_image":[{"width":1000,"height":1000,"url":"https:\/\/www.purejewels.com\/wp-content\/uploads\/2017\/12\/R30933712.png","type":"image\/png"}],"twitter_card":"summary_large_image","twitter_misc":{"Tahmini okuma s\u00fcresi":"1 dakika"},"schema":{"@context":"https:\/\/schema.org","@graph":[{"@type":["WebPage","ItemPage"],"@id":"https:\/\/www.purejewels.com\/product\/rado-centrix-diamonds-r30933712\/","url":"https:\/\/www.purejewels.com\/product\/rado-centrix-diamonds-r30933712\/","name":"Rado Centrix Diamonds R30933712 - PureJewels.com","isPartOf":{"@id":"https:\/\/www.purejewels.com\/#website"},"primaryImageOfPage":{"@id":"https:\/\/www.purejewels.com\/product\/rado-centrix-diamonds-r30933712\/#primaryimage"},"image":{"@id":"https:\/\/www.purejewels.com\/product\/rado-centrix-diamonds-r30933712\/#primaryimage"},"thumbnailUrl":"https:\/\/static.purejewels.com\/wp-content\/uploads\/2017\/12\/R30933712.png","datePublished":"2017-07-19T12:22:52+00:00","dateModified":"2022-05-20T13:00:07+00:00","description":"G\u00fcn\u00fcm\u00fcz\u00fcn l\u00fcks aksesuar trendlerinden ve esteti\u011finden ilham alan Rado'nun bu p\u0131rlanta i\u015flemeli kol saati Centrix, g\u00f6z al\u0131c\u0131 bir model.","breadcrumb":{"@id":"https:\/\/www.purejewels.com\/product\/rado-centrix-diamonds-r30933712\/#breadcrumb"},"inLanguage":"tr","potentialAction":[{"@type":"ReadAction","target":["https:\/\/www.purejewels.com\/product\/rado-centrix-diamonds-r30933712\/"]}]},{"@type":"ImageObject","inLanguage":"tr","@id":"https:\/\/www.purejewels.com\/product\/rado-centrix-diamonds-r30933712\/#primaryimage","url":"https:\/\/static.purejewels.com\/wp-content\/uploads\/2017\/12\/R30933712.png","contentUrl":"https:\/\/static.purejewels.com\/wp-content\/uploads\/2017\/12\/R30933712.png","width":1000,"height":1000,"caption":"R30933712"},{"@type":"BreadcrumbList","@id":"https:\/\/www.purejewels.com\/product\/rado-centrix-diamonds-r30933712\/#breadcrumb","itemListElement":[{"@type":"ListItem","position":1,"name":"Home","item":"https:\/\/www.purejewels.com\/"},{"@type":"ListItem","position":2,"name":"Shop","item":"https:\/\/www.purejewels.com\/shop\/"},{"@type":"ListItem","position":3,"name":"Rado Centrix Diamonds Ladies Watch"}]},{"@type":"WebSite","@id":"https:\/\/www.purejewels.com\/#website","url":"https:\/\/www.purejewels.com\/","name":"PureJewels \u0130ngiltere","description":"Sevgiyi Payla\u015f\u0131n","publisher":{"@id":"https:\/\/www.purejewels.com\/#organization"},"potentialAction":[{"@type":"SearchAction","target":{"@type":"EntryPoint","urlTemplate":"https:\/\/www.purejewels.com\/?s={search_term_string}"},"query-input":{"@type":"PropertyValueSpecification","valueRequired":true,"valueName":"search_term_string"}}],"inLanguage":"tr"},{"@type":"Organization","@id":"https:\/\/www.purejewels.com\/#organization","name":"PureJewels \u0130ngiltere","url":"https:\/\/www.purejewels.com\/","logo":{"@type":"ImageObject","inLanguage":"tr","@id":"https:\/\/www.purejewels.com\/#\/schema\/logo\/image\/","url":"https:\/\/static.purejewels.com\/wp-content\/uploads\/2020\/11\/Logo-PJ-New-1.png","contentUrl":"https:\/\/static.purejewels.com\/wp-content\/uploads\/2020\/11\/Logo-PJ-New-1.png","width":150,"height":80,"caption":"PureJewels UK"},"image":{"@id":"https:\/\/www.purejewels.com\/#\/schema\/logo\/image\/"}}]}},"_links":{"self":[{"href":"https:\/\/www.purejewels.com\/tr\/wp-json\/wp\/v2\/product\/3968","targetHints":{"allow":["GET"]}}],"collection":[{"href":"https:\/\/www.purejewels.com\/tr\/wp-json\/wp\/v2\/product"}],"about":[{"href":"https:\/\/www.purejewels.com\/tr\/wp-json\/wp\/v2\/types\/product"}],"replies":[{"embeddable":true,"href":"https:\/\/www.purejewels.com\/tr\/wp-json\/wp\/v2\/comments?post=3968"}],"version-history":[{"count":0,"href":"https:\/\/www.purejewels.com\/tr\/wp-json\/wp\/v2\/product\/3968\/revisions"}],"wp:featuredmedia":[{"embeddable":true,"href":"https:\/\/www.purejewels.com\/tr\/wp-json\/wp\/v2\/media\/297702"}],"wp:attachment":[{"href":"https:\/\/www.purejewels.com\/tr\/wp-json\/wp\/v2\/media?parent=3968"}],"wp:term":[{"taxonomy":"product_brand","embeddable":true,"href":"https:\/\/www.purejewels.com\/tr\/wp-json\/wp\/v2\/product_brand?post=3968"},{"taxonomy":"product_cat","embeddable":true,"href":"https:\/\/www.purejewels.com\/tr\/wp-json\/wp\/v2\/product_cat?post=3968"},{"taxonomy":"product_tag","embeddable":true,"href":"https:\/\/www.purejewels.com\/tr\/wp-json\/wp\/v2\/product_tag?post=3968"}],"curies":[{"name":"wp","href":"https:\/\/api.w.org\/{rel}","templated":true}]}}