{"id":396883,"date":"2024-05-14T08:55:55","date_gmt":"2024-05-14T07:55:55","guid":{"rendered":"https:\/\/www.purejewels.com\/?post_type=product&#038;p=396883"},"modified":"2026-04-29T06:21:03","modified_gmt":"2026-04-29T05:21:03","slug":"22-ayar-altin-rodyum-dokulu-halka-kupe","status":"publish","type":"product","link":"https:\/\/www.purejewels.com\/tr\/product\/22ct-gold-rhodium-textured-hoop-earrings\/","title":{"rendered":"22 Ayar Alt\u0131n Dokulu Kare Halka K\u00fcpe | Rodyum U\u00e7lu"},"content":{"rendered":"<h3 data-start=\"166\" data-end=\"190\"><strong data-start=\"170\" data-end=\"188\">Tasar\u0131m Konsepti<\/strong><\/h3>\n<p data-start=\"191\" data-end=\"531\">Bu 22 ayar alt\u0131n kare halkalar, geleneksel zarafetin modern bir yeniden yorumudur. K\u00f6\u015feli siluet g\u00fcc\u00fc ve bireyselli\u011fi simgelerken, f\u0131r\u00e7alanm\u0131\u015f doku cesur formu yumu\u015fat\u0131r. Rodyum u\u00e7lu vurgu, PureJewels'in Do\u011fu ile Bat\u0131'n\u0131n sessiz bir uyum i\u00e7inde bulu\u015ftu\u011fu miras ve modernlik hikayesini yans\u0131tan so\u011fuk bir kontrast sunuyor.<\/p>\n<hr data-start=\"533\" data-end=\"536\" \/>\n<h3 data-start=\"538\" data-end=\"561\"><strong data-start=\"542\" data-end=\"559\">Zanaatkarl\u0131k<\/strong><\/h3>\n<p data-start=\"562\" data-end=\"912\">Usta zanaatk\u00e2rlar taraf\u0131ndan el i\u015f\u00e7ili\u011fiyle \u00fcretilen her bir k\u00fcpe, y\u00fcksek safl\u0131kta 22 ayar alt\u0131ndan \u015fekillendirilmi\u015f ve detaylara titizlikle dikkat edilerek tamamlanm\u0131\u015ft\u0131r. Dokulu y\u00fczey \u00f6zel f\u0131r\u00e7alama teknikleriyle elde edilir ve rodyum u\u00e7lar hassasiyetle uygulan\u0131r. Londra Assay Ofisi taraf\u0131ndan damgalanan bu k\u00fcpeler, safl\u0131k ve zanaata olan ba\u011fl\u0131l\u0131\u011f\u0131m\u0131z\u0131 somutla\u015ft\u0131rmaktad\u0131r.<\/p>\n<hr data-start=\"914\" data-end=\"917\" \/>\n<h3 data-start=\"919\" data-end=\"941\"><strong data-start=\"923\" data-end=\"939\">Stil Fikri<\/strong><\/h3>\n<p data-start=\"942\" data-end=\"1251\">Zarif oldu\u011fu kadar \u00e7ok y\u00f6nl\u00fc olan bu k\u00fcpeler, hem g\u00fcnl\u00fck hem de \u00f6zel g\u00fcnlerdeki kullan\u0131m\u0131n\u0131z\u0131 y\u00fckseltir. Zarif bir sofistike g\u00f6r\u00fcn\u00fcm i\u00e7in ipek bir bluz veya \u00f6zel dikim bir blazer ceketle kullan\u0131n. Geometrik \u015fekli y\u00fcz\u00fc g\u00fczel bir \u015fekilde \u00e7er\u00e7eveler, \u015f\u0131k sa\u00e7lar veya yumu\u015fak bukleler i\u00e7in idealdir - g\u00fcnd\u00fczden geceye ince bir g\u00fcven ifadesi.<\/p>","protected":false},"excerpt":{"rendered":"<p>Zengin 22 ayar alt\u0131ndan yontulmu\u015f bu kare halka k\u00fcpeler, geleneksel zenginli\u011fe modern bir selam niteli\u011findeki p\u0131r\u0131l p\u0131r\u0131l rodyum u\u00e7lu bir vurguyla y\u00fckseltiliyor. Dokulu y\u00fczeyleri \u0131\u015f\u0131k ve g\u00f6lgenin etkile\u015fimini yakalayarak PureJewels'in \u00fcnl\u00fc zanaatkar inceli\u011fini yans\u0131t\u0131yor. G\u00fcnd\u00fczden geceye \u015f\u0131kl\u0131k i\u00e7in m\u00fckemmel \u00e7ok y\u00f6nl\u00fc bir tasar\u0131m.<\/p>\n<ul>\n<li><strong>Malzeme:<\/strong> 22 Ayar Alt\u0131n (91,6% Saf Alt\u0131n)<\/li>\n<li><strong>Hallmark: <\/strong>\u0130ngiliz Damgas\u0131<\/li>\n<li><strong>Br\u00fct A\u011f\u0131rl\u0131k: <\/strong>3.1 Gms<\/li>\n<li><strong>SKU: <\/strong>50982<\/li>\n<\/ul>\n<p><strong><br \/>\nFiyat ve Teslimat: <\/strong>KDV ve teslimat \u00fccretleri dahil<\/p>\n<p><strong><a href=\"https:\/\/www.purejewels.com\/tr\/i%cc%87ade-poli%cc%87ti%cc%87kasi\/\">\u0130ade Politikas\u0131<\/a><\/strong><\/p>","protected":false},"featured_media":396885,"comment_status":"closed","ping_status":"closed","template":"","meta":{"_eb_attr":"","_crsspst_to_jayantr4sg-hostcom":true},"product_brand":[],"product_cat":[1793,1792,1790,1254,1229,1579,5344,1573,1574,5349],"product_tag":[5933,5922,66],"class_list":{"0":"post-396883","1":"product","2":"type-product","3":"status-publish","4":"has-post-thumbnail","6":"product_cat-diwali-gifts","7":"product_cat-festival-gifts","8":"product_cat-for-whom-when","9":"product_cat-gold-earrings","10":"product_cat-22ct-gold-jewellery","11":"product_cat-hoop-earrings","12":"product_cat-jewellery-under-750","13":"product_cat-wedding-gifts","14":"product_cat-womens-jewellery","15":"product_cat-yellow-gold-jewellery","16":"product_tag-22ct-gold","17":"product_tag-22ct-gold-earrings","18":"product_tag-earrings","20":"first","21":"instock","22":"taxable","23":"shipping-taxable","24":"purchasable","25":"product-type-simple","26":"add-to-wishlist-before_image"},"yoast_head":"<!-- This site is optimized with the Yoast SEO plugin v27.5 - https:\/\/yoast.com\/product\/yoast-seo-wordpress\/ -->\n<title>22ct Gold Rhodium Textured Hoop Earrings | PureJewels UK<\/title>\n<meta name=\"description\" content=\"Discover elegant craftsmanship with these 22ct gold hoop earrings, featuring engraved texture and rhodium-tipped detail. Shop at PureJewels UK.\" \/>\n<meta name=\"robots\" content=\"index, follow, max-snippet:-1, max-image-preview:large, max-video-preview:-1\" \/>\n<link rel=\"canonical\" href=\"https:\/\/www.purejewels.com\/tr\/urun\/22-ayar-altin-rodyum-dokulu-halka-kupe\/\" \/>\n<meta property=\"og:locale\" content=\"tr_TR\" \/>\n<meta property=\"og:type\" content=\"article\" \/>\n<meta property=\"og:title\" content=\"22ct Gold Rhodium Textured Hoop Earrings | PureJewels UK\" \/>\n<meta property=\"og:description\" content=\"Discover elegant craftsmanship with these 22ct gold hoop earrings, featuring engraved texture and rhodium-tipped detail. Shop at PureJewels UK.\" \/>\n<meta property=\"og:url\" content=\"https:\/\/www.purejewels.com\/tr\/urun\/22-ayar-altin-rodyum-dokulu-halka-kupe\/\" \/>\n<meta property=\"og:site_name\" content=\"PureJewels UK\" \/>\n<meta property=\"article:modified_time\" content=\"2026-04-29T05:21:03+00:00\" \/>\n<meta property=\"og:image\" content=\"https:\/\/static.purejewels.com\/wp-content\/uploads\/2025\/05\/MHS745-09_1.png\" \/>\n\t<meta property=\"og:image:width\" content=\"1000\" \/>\n\t<meta property=\"og:image:height\" content=\"1000\" \/>\n\t<meta property=\"og:image:type\" content=\"image\/png\" \/>\n<meta name=\"twitter:card\" content=\"summary_large_image\" \/>\n<meta name=\"twitter:label1\" content=\"Tahmini okuma s\u00fcresi\" \/>\n\t<meta name=\"twitter:data1\" content=\"1 dakika\" \/>\n<script type=\"application\/ld+json\" class=\"yoast-schema-graph\">{\"@context\":\"https:\\\/\\\/schema.org\",\"@graph\":[{\"@type\":[\"WebPage\",\"ItemPage\"],\"@id\":\"https:\\\/\\\/www.purejewels.com\\\/product\\\/22ct-gold-rhodium-textured-hoop-earrings\\\/\",\"url\":\"https:\\\/\\\/www.purejewels.com\\\/product\\\/22ct-gold-rhodium-textured-hoop-earrings\\\/\",\"name\":\"22ct Gold Rhodium Textured Hoop Earrings | PureJewels UK\",\"isPartOf\":{\"@id\":\"https:\\\/\\\/www.purejewels.com\\\/#website\"},\"primaryImageOfPage\":{\"@id\":\"https:\\\/\\\/www.purejewels.com\\\/product\\\/22ct-gold-rhodium-textured-hoop-earrings\\\/#primaryimage\"},\"image\":{\"@id\":\"https:\\\/\\\/www.purejewels.com\\\/product\\\/22ct-gold-rhodium-textured-hoop-earrings\\\/#primaryimage\"},\"thumbnailUrl\":\"https:\\\/\\\/static.purejewels.com\\\/wp-content\\\/uploads\\\/2025\\\/05\\\/MHS745-09_1.png\",\"datePublished\":\"2024-05-14T07:55:55+00:00\",\"dateModified\":\"2026-04-29T05:21:03+00:00\",\"description\":\"Discover elegant craftsmanship with these 22ct gold hoop earrings, featuring engraved texture and rhodium-tipped detail. Shop at PureJewels UK.\",\"breadcrumb\":{\"@id\":\"https:\\\/\\\/www.purejewels.com\\\/product\\\/22ct-gold-rhodium-textured-hoop-earrings\\\/#breadcrumb\"},\"inLanguage\":\"tr\",\"potentialAction\":[{\"@type\":\"ReadAction\",\"target\":[\"https:\\\/\\\/www.purejewels.com\\\/product\\\/22ct-gold-rhodium-textured-hoop-earrings\\\/\"]}]},{\"@type\":\"ImageObject\",\"inLanguage\":\"tr\",\"@id\":\"https:\\\/\\\/www.purejewels.com\\\/product\\\/22ct-gold-rhodium-textured-hoop-earrings\\\/#primaryimage\",\"url\":\"https:\\\/\\\/static.purejewels.com\\\/wp-content\\\/uploads\\\/2025\\\/05\\\/MHS745-09_1.png\",\"contentUrl\":\"https:\\\/\\\/static.purejewels.com\\\/wp-content\\\/uploads\\\/2025\\\/05\\\/MHS745-09_1.png\",\"width\":1000,\"height\":1000},{\"@type\":\"BreadcrumbList\",\"@id\":\"https:\\\/\\\/www.purejewels.com\\\/product\\\/22ct-gold-rhodium-textured-hoop-earrings\\\/#breadcrumb\",\"itemListElement\":[{\"@type\":\"ListItem\",\"position\":1,\"name\":\"Home\",\"item\":\"https:\\\/\\\/www.purejewels.com\\\/\"},{\"@type\":\"ListItem\",\"position\":2,\"name\":\"Shop\",\"item\":\"https:\\\/\\\/www.purejewels.com\\\/shop\\\/\"},{\"@type\":\"ListItem\",\"position\":3,\"name\":\"22ct Gold Textured Square Hoop Earring | With Rhodium Tip\"}]},{\"@type\":\"WebSite\",\"@id\":\"https:\\\/\\\/www.purejewels.com\\\/#website\",\"url\":\"https:\\\/\\\/www.purejewels.com\\\/\",\"name\":\"PureJewels UK\",\"description\":\"Share the Love\",\"publisher\":{\"@id\":\"https:\\\/\\\/www.purejewels.com\\\/#organization\"},\"potentialAction\":[{\"@type\":\"SearchAction\",\"target\":{\"@type\":\"EntryPoint\",\"urlTemplate\":\"https:\\\/\\\/www.purejewels.com\\\/?s={search_term_string}\"},\"query-input\":{\"@type\":\"PropertyValueSpecification\",\"valueRequired\":true,\"valueName\":\"search_term_string\"}}],\"inLanguage\":\"tr\"},{\"@type\":\"Organization\",\"@id\":\"https:\\\/\\\/www.purejewels.com\\\/#organization\",\"name\":\"PureJewels UK\",\"url\":\"https:\\\/\\\/www.purejewels.com\\\/\",\"logo\":{\"@type\":\"ImageObject\",\"inLanguage\":\"tr\",\"@id\":\"https:\\\/\\\/www.purejewels.com\\\/#\\\/schema\\\/logo\\\/image\\\/\",\"url\":\"https:\\\/\\\/static.purejewels.com\\\/wp-content\\\/uploads\\\/2020\\\/11\\\/Logo-PJ-New-1.png\",\"contentUrl\":\"https:\\\/\\\/static.purejewels.com\\\/wp-content\\\/uploads\\\/2020\\\/11\\\/Logo-PJ-New-1.png\",\"width\":150,\"height\":80,\"caption\":\"PureJewels UK\"},\"image\":{\"@id\":\"https:\\\/\\\/www.purejewels.com\\\/#\\\/schema\\\/logo\\\/image\\\/\"}}]}<\/script>\n<!-- \/ Yoast SEO plugin. -->","yoast_head_json":{"title":"22 Ayar Alt\u0131n Rodyum Dokulu Halka K\u00fcpe | PureJewels UK","description":"Oymal\u0131 dokuya ve rodyum u\u00e7lu detaylara sahip bu 22 ayar alt\u0131n halka k\u00fcpelerle zarif i\u015f\u00e7ili\u011fi ke\u015ffedin. PureJewels UK'de al\u0131\u015fveri\u015f yap\u0131n.","robots":{"index":"index","follow":"follow","max-snippet":"max-snippet:-1","max-image-preview":"max-image-preview:large","max-video-preview":"max-video-preview:-1"},"canonical":"https:\/\/www.purejewels.com\/tr\/urun\/22-ayar-altin-rodyum-dokulu-halka-kupe\/","og_locale":"tr_TR","og_type":"article","og_title":"22ct Gold Rhodium Textured Hoop Earrings | PureJewels UK","og_description":"Discover elegant craftsmanship with these 22ct gold hoop earrings, featuring engraved texture and rhodium-tipped detail. Shop at PureJewels UK.","og_url":"https:\/\/www.purejewels.com\/tr\/urun\/22-ayar-altin-rodyum-dokulu-halka-kupe\/","og_site_name":"PureJewels UK","article_modified_time":"2026-04-29T05:21:03+00:00","og_image":[{"width":1000,"height":1000,"url":"https:\/\/static.purejewels.com\/wp-content\/uploads\/2025\/05\/MHS745-09_1.png","type":"image\/png"}],"twitter_card":"summary_large_image","twitter_misc":{"Tahmini okuma s\u00fcresi":"1 dakika"},"schema":{"@context":"https:\/\/schema.org","@graph":[{"@type":["WebPage","ItemPage"],"@id":"https:\/\/www.purejewels.com\/product\/22ct-gold-rhodium-textured-hoop-earrings\/","url":"https:\/\/www.purejewels.com\/product\/22ct-gold-rhodium-textured-hoop-earrings\/","name":"22 Ayar Alt\u0131n Rodyum Dokulu Halka K\u00fcpe | PureJewels UK","isPartOf":{"@id":"https:\/\/www.purejewels.com\/#website"},"primaryImageOfPage":{"@id":"https:\/\/www.purejewels.com\/product\/22ct-gold-rhodium-textured-hoop-earrings\/#primaryimage"},"image":{"@id":"https:\/\/www.purejewels.com\/product\/22ct-gold-rhodium-textured-hoop-earrings\/#primaryimage"},"thumbnailUrl":"https:\/\/static.purejewels.com\/wp-content\/uploads\/2025\/05\/MHS745-09_1.png","datePublished":"2024-05-14T07:55:55+00:00","dateModified":"2026-04-29T05:21:03+00:00","description":"Oymal\u0131 dokuya ve rodyum u\u00e7lu detaylara sahip bu 22 ayar alt\u0131n halka k\u00fcpelerle zarif i\u015f\u00e7ili\u011fi ke\u015ffedin. PureJewels UK'de al\u0131\u015fveri\u015f yap\u0131n.","breadcrumb":{"@id":"https:\/\/www.purejewels.com\/product\/22ct-gold-rhodium-textured-hoop-earrings\/#breadcrumb"},"inLanguage":"tr","potentialAction":[{"@type":"ReadAction","target":["https:\/\/www.purejewels.com\/product\/22ct-gold-rhodium-textured-hoop-earrings\/"]}]},{"@type":"ImageObject","inLanguage":"tr","@id":"https:\/\/www.purejewels.com\/product\/22ct-gold-rhodium-textured-hoop-earrings\/#primaryimage","url":"https:\/\/static.purejewels.com\/wp-content\/uploads\/2025\/05\/MHS745-09_1.png","contentUrl":"https:\/\/static.purejewels.com\/wp-content\/uploads\/2025\/05\/MHS745-09_1.png","width":1000,"height":1000},{"@type":"BreadcrumbList","@id":"https:\/\/www.purejewels.com\/product\/22ct-gold-rhodium-textured-hoop-earrings\/#breadcrumb","itemListElement":[{"@type":"ListItem","position":1,"name":"Home","item":"https:\/\/www.purejewels.com\/"},{"@type":"ListItem","position":2,"name":"Shop","item":"https:\/\/www.purejewels.com\/shop\/"},{"@type":"ListItem","position":3,"name":"22ct Gold Textured Square Hoop Earring | With Rhodium Tip"}]},{"@type":"WebSite","@id":"https:\/\/www.purejewels.com\/#website","url":"https:\/\/www.purejewels.com\/","name":"PureJewels \u0130ngiltere","description":"Sevgiyi Payla\u015f\u0131n","publisher":{"@id":"https:\/\/www.purejewels.com\/#organization"},"potentialAction":[{"@type":"SearchAction","target":{"@type":"EntryPoint","urlTemplate":"https:\/\/www.purejewels.com\/?s={search_term_string}"},"query-input":{"@type":"PropertyValueSpecification","valueRequired":true,"valueName":"search_term_string"}}],"inLanguage":"tr"},{"@type":"Organization","@id":"https:\/\/www.purejewels.com\/#organization","name":"PureJewels \u0130ngiltere","url":"https:\/\/www.purejewels.com\/","logo":{"@type":"ImageObject","inLanguage":"tr","@id":"https:\/\/www.purejewels.com\/#\/schema\/logo\/image\/","url":"https:\/\/static.purejewels.com\/wp-content\/uploads\/2020\/11\/Logo-PJ-New-1.png","contentUrl":"https:\/\/static.purejewels.com\/wp-content\/uploads\/2020\/11\/Logo-PJ-New-1.png","width":150,"height":80,"caption":"PureJewels UK"},"image":{"@id":"https:\/\/www.purejewels.com\/#\/schema\/logo\/image\/"}}]}},"_links":{"self":[{"href":"https:\/\/www.purejewels.com\/tr\/wp-json\/wp\/v2\/product\/396883","targetHints":{"allow":["GET"]}}],"collection":[{"href":"https:\/\/www.purejewels.com\/tr\/wp-json\/wp\/v2\/product"}],"about":[{"href":"https:\/\/www.purejewels.com\/tr\/wp-json\/wp\/v2\/types\/product"}],"replies":[{"embeddable":true,"href":"https:\/\/www.purejewels.com\/tr\/wp-json\/wp\/v2\/comments?post=396883"}],"version-history":[{"count":3,"href":"https:\/\/www.purejewels.com\/tr\/wp-json\/wp\/v2\/product\/396883\/revisions"}],"predecessor-version":[{"id":417876,"href":"https:\/\/www.purejewels.com\/tr\/wp-json\/wp\/v2\/product\/396883\/revisions\/417876"}],"wp:featuredmedia":[{"embeddable":true,"href":"https:\/\/www.purejewels.com\/tr\/wp-json\/wp\/v2\/media\/396885"}],"wp:attachment":[{"href":"https:\/\/www.purejewels.com\/tr\/wp-json\/wp\/v2\/media?parent=396883"}],"wp:term":[{"taxonomy":"product_brand","embeddable":true,"href":"https:\/\/www.purejewels.com\/tr\/wp-json\/wp\/v2\/product_brand?post=396883"},{"taxonomy":"product_cat","embeddable":true,"href":"https:\/\/www.purejewels.com\/tr\/wp-json\/wp\/v2\/product_cat?post=396883"},{"taxonomy":"product_tag","embeddable":true,"href":"https:\/\/www.purejewels.com\/tr\/wp-json\/wp\/v2\/product_tag?post=396883"}],"curies":[{"name":"wp","href":"https:\/\/api.w.org\/{rel}","templated":true}]}}