{"id":3974,"date":"2017-07-19T13:23:00","date_gmt":"2017-07-19T12:23:00","guid":{"rendered":"http:\/\/new.purejewels.com\/product\/22ct-gold-sparkle-bangle\/"},"modified":"2026-04-21T08:51:16","modified_gmt":"2026-04-21T07:51:16","slug":"22-ayar-altin-isiltili-bileklik","status":"publish","type":"product","link":"https:\/\/www.purejewels.com\/tr\/product\/22ct-gold-sparkle-bangle\/","title":{"rendered":"Rodyum Kaplamal\u0131 22 Ayar Alt\u0131n Dokulu Boncuk Bileklik"},"content":{"rendered":"<p>Bu bileklik, p\u00fcr\u00fczs\u00fcz bir alt\u0131n bant boyunca dizilmi\u015f bir dizi yontulmu\u015f k\u00fcresel boncukla tan\u0131mlan\u0131r. Her bir boncuk, alt\u0131n\u0131n s\u0131cakl\u0131\u011f\u0131na kar\u015f\u0131 kontrast olu\u015fturan rodyum vurgularla zenginle\u015ftirilmi\u015f karma\u015f\u0131k y\u00fczey detaylar\u0131na sahiptir. Elemanlar\u0131n de\u011fi\u015fen \u00f6l\u00e7e\u011fi yap\u0131land\u0131r\u0131lm\u0131\u015f bir ritim yaratarak par\u00e7aya dengeli ama ay\u0131rt edici bir karakter kazand\u0131r\u0131r.<\/p>","protected":false},"excerpt":{"rendered":"<ul>\n<li>\n<ul>\n<li>22 Ayar Alt\u0131n I\u015f\u0131lt\u0131l\u0131 Bileklik<\/li>\n<li>SKU: 28592<\/li>\n<li>27.4g<\/li>\n<li>Rodyum Kaplama<\/li>\n<li>Londra Assay Ofisi taraf\u0131ndan damgalanm\u0131\u015f alt\u0131n<\/li>\n<li>T\u00fcm Bilezikler Sunum Kutusuyla Birlikte Gelir<\/li>\n<li>Teslimat Dahil<\/li>\n<li>T\u00fcm fiyatlara KDV dahildir<\/li>\n<li>Stok durumu ve stokta bulunan benzer tasar\u0131mlar\u0131n daha fazla g\u00f6r\u00fcnt\u00fcs\u00fc i\u00e7in bizimle canl\u0131 sohbet edin<\/li>\n<\/ul>\n<p>&nbsp;<\/li>\n<\/ul>","protected":false},"featured_media":3975,"comment_status":"closed","ping_status":"closed","template":"","meta":{"_eb_attr":"","_crsspst_to_jayantr4sg-hostcom":false},"product_brand":[],"product_cat":[1657,248],"product_tag":[1514,63,1521],"class_list":{"0":"post-3974","1":"product","2":"type-product","3":"status-publish","4":"has-post-thumbnail","6":"product_cat-single-bangle","7":"product_cat-sparkle-collections","8":"product_tag-bangles","9":"product_tag-gold","10":"product_tag-kada","12":"first","13":"outofstock","14":"taxable","15":"shipping-taxable","16":"product-type-simple","17":"add-to-wishlist-before_image"},"yoast_head":"<!-- This site is optimized with the Yoast SEO plugin v27.5 - https:\/\/yoast.com\/product\/yoast-seo-wordpress\/ -->\n<title>Rhodium Detailed 22ct Gold Bead Bangle | Shop PureJewels UK<\/title>\n<meta name=\"description\" content=\"Shop a 22ct gold bangle with textured beads and rhodium finish. A refined design, hallmarked in the UK for assured purity.\" \/>\n<meta name=\"robots\" content=\"index, follow, max-snippet:-1, max-image-preview:large, max-video-preview:-1\" \/>\n<link rel=\"canonical\" href=\"https:\/\/www.purejewels.com\/tr\/urun\/22-ayar-altin-isiltili-bileklik\/\" \/>\n<meta property=\"og:locale\" content=\"tr_TR\" \/>\n<meta property=\"og:type\" content=\"article\" \/>\n<meta property=\"og:title\" content=\"Rhodium Detailed 22ct Gold Bead Bangle | Shop PureJewels UK\" \/>\n<meta property=\"og:description\" content=\"Shop a 22ct gold bangle with textured beads and rhodium finish. A refined design, hallmarked in the UK for assured purity.\" \/>\n<meta property=\"og:url\" content=\"https:\/\/www.purejewels.com\/tr\/urun\/22-ayar-altin-isiltili-bileklik\/\" \/>\n<meta property=\"og:site_name\" content=\"PureJewels UK\" \/>\n<meta property=\"article:modified_time\" content=\"2026-04-21T07:51:16+00:00\" \/>\n<meta property=\"og:image\" content=\"https:\/\/static.purejewels.com\/wp-content\/uploads\/2017\/07\/23717_bangle-2.jpg\" \/>\n\t<meta property=\"og:image:width\" content=\"960\" \/>\n\t<meta property=\"og:image:height\" content=\"960\" \/>\n\t<meta property=\"og:image:type\" content=\"image\/jpeg\" \/>\n<meta name=\"twitter:card\" content=\"summary_large_image\" \/>\n<meta name=\"twitter:label1\" content=\"Tahmini okuma s\u00fcresi\" \/>\n\t<meta name=\"twitter:data1\" content=\"1 dakika\" \/>\n<script type=\"application\/ld+json\" class=\"yoast-schema-graph\">{\"@context\":\"https:\\\/\\\/schema.org\",\"@graph\":[{\"@type\":[\"WebPage\",\"ItemPage\"],\"@id\":\"https:\\\/\\\/www.purejewels.com\\\/product\\\/22ct-gold-sparkle-bangle\\\/\",\"url\":\"https:\\\/\\\/www.purejewels.com\\\/product\\\/22ct-gold-sparkle-bangle\\\/\",\"name\":\"Rhodium Detailed 22ct Gold Bead Bangle | Shop PureJewels UK\",\"isPartOf\":{\"@id\":\"https:\\\/\\\/www.purejewels.com\\\/#website\"},\"primaryImageOfPage\":{\"@id\":\"https:\\\/\\\/www.purejewels.com\\\/product\\\/22ct-gold-sparkle-bangle\\\/#primaryimage\"},\"image\":{\"@id\":\"https:\\\/\\\/www.purejewels.com\\\/product\\\/22ct-gold-sparkle-bangle\\\/#primaryimage\"},\"thumbnailUrl\":\"https:\\\/\\\/static.purejewels.com\\\/wp-content\\\/uploads\\\/2017\\\/07\\\/23717_bangle-2.jpg\",\"datePublished\":\"2017-07-19T12:23:00+00:00\",\"dateModified\":\"2026-04-21T07:51:16+00:00\",\"description\":\"Shop a 22ct gold bangle with textured beads and rhodium finish. A refined design, hallmarked in the UK for assured purity.\",\"breadcrumb\":{\"@id\":\"https:\\\/\\\/www.purejewels.com\\\/product\\\/22ct-gold-sparkle-bangle\\\/#breadcrumb\"},\"inLanguage\":\"tr\",\"potentialAction\":[{\"@type\":\"ReadAction\",\"target\":[\"https:\\\/\\\/www.purejewels.com\\\/product\\\/22ct-gold-sparkle-bangle\\\/\"]}]},{\"@type\":\"ImageObject\",\"inLanguage\":\"tr\",\"@id\":\"https:\\\/\\\/www.purejewels.com\\\/product\\\/22ct-gold-sparkle-bangle\\\/#primaryimage\",\"url\":\"https:\\\/\\\/static.purejewels.com\\\/wp-content\\\/uploads\\\/2017\\\/07\\\/23717_bangle-2.jpg\",\"contentUrl\":\"https:\\\/\\\/static.purejewels.com\\\/wp-content\\\/uploads\\\/2017\\\/07\\\/23717_bangle-2.jpg\",\"width\":960,\"height\":960,\"caption\":\"23717_bangle.jpg\"},{\"@type\":\"BreadcrumbList\",\"@id\":\"https:\\\/\\\/www.purejewels.com\\\/product\\\/22ct-gold-sparkle-bangle\\\/#breadcrumb\",\"itemListElement\":[{\"@type\":\"ListItem\",\"position\":1,\"name\":\"Home\",\"item\":\"https:\\\/\\\/www.purejewels.com\\\/\"},{\"@type\":\"ListItem\",\"position\":2,\"name\":\"Shop\",\"item\":\"https:\\\/\\\/www.purejewels.com\\\/shop\\\/\"},{\"@type\":\"ListItem\",\"position\":3,\"name\":\"22ct Gold Textured Bead Bracelet with Rhodium Finish\"}]},{\"@type\":\"WebSite\",\"@id\":\"https:\\\/\\\/www.purejewels.com\\\/#website\",\"url\":\"https:\\\/\\\/www.purejewels.com\\\/\",\"name\":\"PureJewels UK\",\"description\":\"Share the Love\",\"publisher\":{\"@id\":\"https:\\\/\\\/www.purejewels.com\\\/#organization\"},\"potentialAction\":[{\"@type\":\"SearchAction\",\"target\":{\"@type\":\"EntryPoint\",\"urlTemplate\":\"https:\\\/\\\/www.purejewels.com\\\/?s={search_term_string}\"},\"query-input\":{\"@type\":\"PropertyValueSpecification\",\"valueRequired\":true,\"valueName\":\"search_term_string\"}}],\"inLanguage\":\"tr\"},{\"@type\":\"Organization\",\"@id\":\"https:\\\/\\\/www.purejewels.com\\\/#organization\",\"name\":\"PureJewels UK\",\"url\":\"https:\\\/\\\/www.purejewels.com\\\/\",\"logo\":{\"@type\":\"ImageObject\",\"inLanguage\":\"tr\",\"@id\":\"https:\\\/\\\/www.purejewels.com\\\/#\\\/schema\\\/logo\\\/image\\\/\",\"url\":\"https:\\\/\\\/static.purejewels.com\\\/wp-content\\\/uploads\\\/2020\\\/11\\\/Logo-PJ-New-1.png\",\"contentUrl\":\"https:\\\/\\\/static.purejewels.com\\\/wp-content\\\/uploads\\\/2020\\\/11\\\/Logo-PJ-New-1.png\",\"width\":150,\"height\":80,\"caption\":\"PureJewels UK\"},\"image\":{\"@id\":\"https:\\\/\\\/www.purejewels.com\\\/#\\\/schema\\\/logo\\\/image\\\/\"}}]}<\/script>\n<!-- \/ Yoast SEO plugin. -->","yoast_head_json":{"title":"Rodyum Detayl\u0131 22 Ayar Alt\u0131n Boncuk Bileklik | Shop PureJewels UK","description":"Dokulu boncuklara ve rodyum kaplamaya sahip 22 ayar alt\u0131n bileklik sat\u0131n al\u0131n. Safl\u0131\u011f\u0131 garantilemek i\u00e7in \u0130ngiltere'de damgalanm\u0131\u015f zarif bir tasar\u0131m.","robots":{"index":"index","follow":"follow","max-snippet":"max-snippet:-1","max-image-preview":"max-image-preview:large","max-video-preview":"max-video-preview:-1"},"canonical":"https:\/\/www.purejewels.com\/tr\/urun\/22-ayar-altin-isiltili-bileklik\/","og_locale":"tr_TR","og_type":"article","og_title":"Rhodium Detailed 22ct Gold Bead Bangle | Shop PureJewels UK","og_description":"Shop a 22ct gold bangle with textured beads and rhodium finish. A refined design, hallmarked in the UK for assured purity.","og_url":"https:\/\/www.purejewels.com\/tr\/urun\/22-ayar-altin-isiltili-bileklik\/","og_site_name":"PureJewels UK","article_modified_time":"2026-04-21T07:51:16+00:00","og_image":[{"width":960,"height":960,"url":"https:\/\/static.purejewels.com\/wp-content\/uploads\/2017\/07\/23717_bangle-2.jpg","type":"image\/jpeg"}],"twitter_card":"summary_large_image","twitter_misc":{"Tahmini okuma s\u00fcresi":"1 dakika"},"schema":{"@context":"https:\/\/schema.org","@graph":[{"@type":["WebPage","ItemPage"],"@id":"https:\/\/www.purejewels.com\/product\/22ct-gold-sparkle-bangle\/","url":"https:\/\/www.purejewels.com\/product\/22ct-gold-sparkle-bangle\/","name":"Rodyum Detayl\u0131 22 Ayar Alt\u0131n Boncuk Bileklik | Shop PureJewels UK","isPartOf":{"@id":"https:\/\/www.purejewels.com\/#website"},"primaryImageOfPage":{"@id":"https:\/\/www.purejewels.com\/product\/22ct-gold-sparkle-bangle\/#primaryimage"},"image":{"@id":"https:\/\/www.purejewels.com\/product\/22ct-gold-sparkle-bangle\/#primaryimage"},"thumbnailUrl":"https:\/\/static.purejewels.com\/wp-content\/uploads\/2017\/07\/23717_bangle-2.jpg","datePublished":"2017-07-19T12:23:00+00:00","dateModified":"2026-04-21T07:51:16+00:00","description":"Dokulu boncuklara ve rodyum kaplamaya sahip 22 ayar alt\u0131n bileklik sat\u0131n al\u0131n. Safl\u0131\u011f\u0131 garantilemek i\u00e7in \u0130ngiltere'de damgalanm\u0131\u015f zarif bir tasar\u0131m.","breadcrumb":{"@id":"https:\/\/www.purejewels.com\/product\/22ct-gold-sparkle-bangle\/#breadcrumb"},"inLanguage":"tr","potentialAction":[{"@type":"ReadAction","target":["https:\/\/www.purejewels.com\/product\/22ct-gold-sparkle-bangle\/"]}]},{"@type":"ImageObject","inLanguage":"tr","@id":"https:\/\/www.purejewels.com\/product\/22ct-gold-sparkle-bangle\/#primaryimage","url":"https:\/\/static.purejewels.com\/wp-content\/uploads\/2017\/07\/23717_bangle-2.jpg","contentUrl":"https:\/\/static.purejewels.com\/wp-content\/uploads\/2017\/07\/23717_bangle-2.jpg","width":960,"height":960,"caption":"23717_bangle.jpg"},{"@type":"BreadcrumbList","@id":"https:\/\/www.purejewels.com\/product\/22ct-gold-sparkle-bangle\/#breadcrumb","itemListElement":[{"@type":"ListItem","position":1,"name":"Home","item":"https:\/\/www.purejewels.com\/"},{"@type":"ListItem","position":2,"name":"Shop","item":"https:\/\/www.purejewels.com\/shop\/"},{"@type":"ListItem","position":3,"name":"22ct Gold Textured Bead Bracelet with Rhodium Finish"}]},{"@type":"WebSite","@id":"https:\/\/www.purejewels.com\/#website","url":"https:\/\/www.purejewels.com\/","name":"PureJewels \u0130ngiltere","description":"Sevgiyi Payla\u015f\u0131n","publisher":{"@id":"https:\/\/www.purejewels.com\/#organization"},"potentialAction":[{"@type":"SearchAction","target":{"@type":"EntryPoint","urlTemplate":"https:\/\/www.purejewels.com\/?s={search_term_string}"},"query-input":{"@type":"PropertyValueSpecification","valueRequired":true,"valueName":"search_term_string"}}],"inLanguage":"tr"},{"@type":"Organization","@id":"https:\/\/www.purejewels.com\/#organization","name":"PureJewels \u0130ngiltere","url":"https:\/\/www.purejewels.com\/","logo":{"@type":"ImageObject","inLanguage":"tr","@id":"https:\/\/www.purejewels.com\/#\/schema\/logo\/image\/","url":"https:\/\/static.purejewels.com\/wp-content\/uploads\/2020\/11\/Logo-PJ-New-1.png","contentUrl":"https:\/\/static.purejewels.com\/wp-content\/uploads\/2020\/11\/Logo-PJ-New-1.png","width":150,"height":80,"caption":"PureJewels UK"},"image":{"@id":"https:\/\/www.purejewels.com\/#\/schema\/logo\/image\/"}}]}},"_links":{"self":[{"href":"https:\/\/www.purejewels.com\/tr\/wp-json\/wp\/v2\/product\/3974","targetHints":{"allow":["GET"]}}],"collection":[{"href":"https:\/\/www.purejewels.com\/tr\/wp-json\/wp\/v2\/product"}],"about":[{"href":"https:\/\/www.purejewels.com\/tr\/wp-json\/wp\/v2\/types\/product"}],"replies":[{"embeddable":true,"href":"https:\/\/www.purejewels.com\/tr\/wp-json\/wp\/v2\/comments?post=3974"}],"version-history":[{"count":1,"href":"https:\/\/www.purejewels.com\/tr\/wp-json\/wp\/v2\/product\/3974\/revisions"}],"predecessor-version":[{"id":427887,"href":"https:\/\/www.purejewels.com\/tr\/wp-json\/wp\/v2\/product\/3974\/revisions\/427887"}],"wp:featuredmedia":[{"embeddable":true,"href":"https:\/\/www.purejewels.com\/tr\/wp-json\/wp\/v2\/media\/3975"}],"wp:attachment":[{"href":"https:\/\/www.purejewels.com\/tr\/wp-json\/wp\/v2\/media?parent=3974"}],"wp:term":[{"taxonomy":"product_brand","embeddable":true,"href":"https:\/\/www.purejewels.com\/tr\/wp-json\/wp\/v2\/product_brand?post=3974"},{"taxonomy":"product_cat","embeddable":true,"href":"https:\/\/www.purejewels.com\/tr\/wp-json\/wp\/v2\/product_cat?post=3974"},{"taxonomy":"product_tag","embeddable":true,"href":"https:\/\/www.purejewels.com\/tr\/wp-json\/wp\/v2\/product_tag?post=3974"}],"curies":[{"name":"wp","href":"https:\/\/api.w.org\/{rel}","templated":true}]}}