{"id":397701,"date":"2024-05-20T10:23:02","date_gmt":"2024-05-20T09:23:02","guid":{"rendered":"https:\/\/www.purejewels.com\/?post_type=product&#038;p=397701"},"modified":"2026-04-01T13:28:16","modified_gmt":"2026-04-01T12:28:16","slug":"gunluk-kullanim-icin-22-ayar-altin-acik-kalp-saplama-kupe-kadin-uk","status":"publish","type":"product","link":"https:\/\/www.purejewels.com\/tr\/product\/22ct-gold-open-heart-stud-earrings-for-everyday-wear-women-uk\/","title":{"rendered":"A\u00e7\u0131k Kalp Saplama K\u00fcpe"},"content":{"rendered":"<p data-start=\"0\" data-end=\"349\"><strong data-start=\"0\" data-end=\"10\">Tasar\u0131m<\/strong><br data-start=\"10\" data-end=\"13\" \/>Bu a\u00e7\u0131k kalp k\u00fcpeler, hafif ve \u00e7a\u011fda\u015f bir kalp silueti olu\u015fturan temiz, ak\u0131c\u0131 \u00e7izgilerle \u015fekillendirilmi\u015ftir. Ba\u011flant\u0131 ve a\u00e7\u0131kl\u0131\u011f\u0131 simgeleyen a\u00e7\u0131k form, klasik bir motife modern bir yorum getiriyor. \u0130nce ve dengeli tasar\u0131m, a\u015f\u0131r\u0131l\u0131ktan ziyade sessiz bir zarafetle Sevgililer G\u00fcn\u00fc'n\u00fcn ruhunu yakal\u0131yor.<\/p>\n<p data-start=\"351\" data-end=\"701\"><strong data-start=\"351\" data-end=\"368\">Zanaatkarl\u0131k<\/strong><br data-start=\"368\" data-end=\"371\" \/>Parlat\u0131lm\u0131\u015f alt\u0131ndan \u00fcretilen her bir saplama, p\u00fcr\u00fczs\u00fcz hatlar\u0131n\u0131 ve yumu\u015fak yans\u0131t\u0131c\u0131 \u0131\u015f\u0131lt\u0131s\u0131n\u0131 geli\u015ftirmek i\u00e7in \u00f6zenle tamamlanm\u0131\u015ft\u0131r. Hafif yap\u0131s\u0131 g\u00fcnl\u00fck kullan\u0131mda rahatl\u0131k sa\u011flarken, zarif oranlar\u0131 par\u00e7aya kal\u0131c\u0131 bir \u00e7ekicilik kazand\u0131r\u0131r. Birle\u015fik Krall\u0131k'ta damgalanan bu k\u00fcpeler g\u00fcvenilir kaliteyi ve \u00f6zenli i\u015f\u00e7ili\u011fi yans\u0131t\u0131r.<\/p>\n<p data-start=\"703\" data-end=\"1091\" data-is-last-node=\"\" data-is-only-node=\"\"><strong data-start=\"703\" data-end=\"724\">\u015eekillendirme &amp; Hediyele\u015fme<\/strong><br data-start=\"724\" data-end=\"727\" \/>G\u00fcnl\u00fck kullan\u0131m i\u00e7in m\u00fckemmel olan bu a\u00e7\u0131k kalp k\u00fcpeler, hem g\u00fcndelik g\u00f6r\u00fcn\u00fcmlerle hem de zarif gece k\u0131yafetleriyle zahmetsizce e\u015fle\u015fir. Tek ba\u015flar\u0131na tak\u0131ld\u0131klar\u0131nda a\u015fk\u0131n zarif bir ifadesini sunarlar veya uyumlu bir g\u00f6r\u00fcn\u00fcm i\u00e7in ince alt\u0131n tak\u0131larla katmanland\u0131r\u0131labilirler. Zamans\u0131z bir Sevgililer G\u00fcn\u00fc hediyesi olan bu tak\u0131lar, a\u015fk\u0131, anlaml\u0131 anlar\u0131 kutlamak ve ona d\u00fc\u015f\u00fcnceli bir hediye vermek i\u00e7in idealdir.<\/p>","protected":false},"excerpt":{"rendered":"<p>Tatl\u0131 ama sofistike, 22 ayar alt\u0131ndan bu a\u00e7\u0131k kalp k\u00fcpeler a\u015fk\u0131n \u015fefkatli bir ifadesidir. Minimalist tasar\u0131m\u0131yla, hediye etmek ya da her g\u00fcn takmak i\u00e7in m\u00fckemmeldir.<\/p>\n<ul>\n<li><strong>Malzeme:<\/strong> 22 Ayar Alt\u0131n (91,6% Saf Alt\u0131n)<\/li>\n<li><strong>Hallmark: <\/strong>\u0130ngiliz Damgas\u0131<\/li>\n<li><strong>Br\u00fct A\u011f\u0131rl\u0131k: <\/strong>2.13 Gms<\/li>\n<li><strong>SKU: <\/strong>51186, 53118, 53120, 53121<\/li>\n<\/ul>\n<p>&nbsp;<\/p>\n<p><strong>Fiyat ve Teslimat: <\/strong>KDV ve teslimat \u00fccretleri dahil<br \/>\n<strong><a href=\"https:\/\/www.purejewels.com\/tr\/i%cc%87ade-poli%cc%87ti%cc%87kasi\/\">\u0130ade Politikas\u0131<\/a><\/strong><\/p>","protected":false},"featured_media":406936,"comment_status":"closed","ping_status":"closed","template":"","meta":{"_eb_attr":"","_crsspst_to_jayantr4sg-hostcom":true},"product_brand":[],"product_cat":[1793,1792,1790,1254,1229,5343,1577,1573,1574,5349],"product_tag":[5933,5922,66,5919],"class_list":{"0":"post-397701","1":"product","2":"type-product","3":"status-publish","4":"has-post-thumbnail","6":"product_cat-diwali-gifts","7":"product_cat-festival-gifts","8":"product_cat-for-whom-when","9":"product_cat-gold-earrings","10":"product_cat-22ct-gold-jewellery","11":"product_cat-jewellery-under-550","12":"product_cat-stud-earrings","13":"product_cat-wedding-gifts","14":"product_cat-womens-jewellery","15":"product_cat-yellow-gold-jewellery","16":"product_tag-22ct-gold","17":"product_tag-22ct-gold-earrings","18":"product_tag-earrings","19":"product_tag-stud","21":"first","22":"outofstock","23":"taxable","24":"shipping-taxable","25":"product-type-simple","26":"add-to-wishlist-before_image"},"yoast_head":"<!-- This site is optimized with the Yoast SEO plugin v27.6 - https:\/\/yoast.com\/product\/yoast-seo-wordpress\/ -->\n<title>22ct Gold Heart Stud Earrings Lightweight | PureJewels UK<\/title>\n<meta name=\"description\" content=\"Discover elegant craftsmanship with these 22ct gold heart stud earrings, featuring a lightweight openwork design. Shop at PureJewels UK.\" \/>\n<meta name=\"robots\" content=\"index, follow, max-snippet:-1, max-image-preview:large, max-video-preview:-1\" \/>\n<link rel=\"canonical\" href=\"https:\/\/www.purejewels.com\/tr\/urun\/gunluk-kullanim-icin-22-ayar-altin-acik-kalp-saplama-kupe-kadin-uk\/\" \/>\n<meta property=\"og:locale\" content=\"tr_TR\" \/>\n<meta property=\"og:type\" content=\"article\" \/>\n<meta property=\"og:title\" content=\"22ct Gold Heart Stud Earrings Lightweight | PureJewels UK\" \/>\n<meta property=\"og:description\" content=\"Discover elegant craftsmanship with these 22ct gold heart stud earrings, featuring a lightweight openwork design. Shop at PureJewels UK.\" \/>\n<meta property=\"og:url\" content=\"https:\/\/www.purejewels.com\/tr\/urun\/gunluk-kullanim-icin-22-ayar-altin-acik-kalp-saplama-kupe-kadin-uk\/\" \/>\n<meta property=\"og:site_name\" content=\"PureJewels UK\" \/>\n<meta property=\"article:modified_time\" content=\"2026-04-01T12:28:16+00:00\" \/>\n<meta property=\"og:image\" content=\"https:\/\/static.purejewels.com\/wp-content\/uploads\/2024\/05\/SKU-51186.jpg\" \/>\n\t<meta property=\"og:image:width\" content=\"1000\" \/>\n\t<meta property=\"og:image:height\" content=\"1000\" \/>\n\t<meta property=\"og:image:type\" content=\"image\/jpeg\" \/>\n<meta name=\"twitter:card\" content=\"summary_large_image\" \/>\n<meta name=\"twitter:label1\" content=\"Tahmini okuma s\u00fcresi\" \/>\n\t<meta name=\"twitter:data1\" content=\"1 dakika\" \/>\n<script type=\"application\/ld+json\" class=\"yoast-schema-graph\">{\"@context\":\"https:\\\/\\\/schema.org\",\"@graph\":[{\"@type\":[\"WebPage\",\"ItemPage\"],\"@id\":\"https:\\\/\\\/www.purejewels.com\\\/product\\\/22ct-gold-open-heart-stud-earrings-for-everyday-wear-women-uk\\\/\",\"url\":\"https:\\\/\\\/www.purejewels.com\\\/product\\\/22ct-gold-open-heart-stud-earrings-for-everyday-wear-women-uk\\\/\",\"name\":\"22ct Gold Heart Stud Earrings Lightweight | PureJewels UK\",\"isPartOf\":{\"@id\":\"https:\\\/\\\/www.purejewels.com\\\/#website\"},\"primaryImageOfPage\":{\"@id\":\"https:\\\/\\\/www.purejewels.com\\\/product\\\/22ct-gold-open-heart-stud-earrings-for-everyday-wear-women-uk\\\/#primaryimage\"},\"image\":{\"@id\":\"https:\\\/\\\/www.purejewels.com\\\/product\\\/22ct-gold-open-heart-stud-earrings-for-everyday-wear-women-uk\\\/#primaryimage\"},\"thumbnailUrl\":\"https:\\\/\\\/static.purejewels.com\\\/wp-content\\\/uploads\\\/2024\\\/05\\\/SKU-51186.jpg\",\"datePublished\":\"2024-05-20T09:23:02+00:00\",\"dateModified\":\"2026-04-01T12:28:16+00:00\",\"description\":\"Discover elegant craftsmanship with these 22ct gold heart stud earrings, featuring a lightweight openwork design. Shop at PureJewels UK.\",\"breadcrumb\":{\"@id\":\"https:\\\/\\\/www.purejewels.com\\\/product\\\/22ct-gold-open-heart-stud-earrings-for-everyday-wear-women-uk\\\/#breadcrumb\"},\"inLanguage\":\"tr\",\"potentialAction\":[{\"@type\":\"ReadAction\",\"target\":[\"https:\\\/\\\/www.purejewels.com\\\/product\\\/22ct-gold-open-heart-stud-earrings-for-everyday-wear-women-uk\\\/\"]}]},{\"@type\":\"ImageObject\",\"inLanguage\":\"tr\",\"@id\":\"https:\\\/\\\/www.purejewels.com\\\/product\\\/22ct-gold-open-heart-stud-earrings-for-everyday-wear-women-uk\\\/#primaryimage\",\"url\":\"https:\\\/\\\/static.purejewels.com\\\/wp-content\\\/uploads\\\/2024\\\/05\\\/SKU-51186.jpg\",\"contentUrl\":\"https:\\\/\\\/static.purejewels.com\\\/wp-content\\\/uploads\\\/2024\\\/05\\\/SKU-51186.jpg\",\"width\":1000,\"height\":1000,\"caption\":\"51186\"},{\"@type\":\"BreadcrumbList\",\"@id\":\"https:\\\/\\\/www.purejewels.com\\\/product\\\/22ct-gold-open-heart-stud-earrings-for-everyday-wear-women-uk\\\/#breadcrumb\",\"itemListElement\":[{\"@type\":\"ListItem\",\"position\":1,\"name\":\"Home\",\"item\":\"https:\\\/\\\/www.purejewels.com\\\/\"},{\"@type\":\"ListItem\",\"position\":2,\"name\":\"Shop\",\"item\":\"https:\\\/\\\/www.purejewels.com\\\/shop\\\/\"},{\"@type\":\"ListItem\",\"position\":3,\"name\":\"Open Heart Stud Earrings\"}]},{\"@type\":\"WebSite\",\"@id\":\"https:\\\/\\\/www.purejewels.com\\\/#website\",\"url\":\"https:\\\/\\\/www.purejewels.com\\\/\",\"name\":\"PureJewels UK\",\"description\":\"Share the Love\",\"publisher\":{\"@id\":\"https:\\\/\\\/www.purejewels.com\\\/#organization\"},\"potentialAction\":[{\"@type\":\"SearchAction\",\"target\":{\"@type\":\"EntryPoint\",\"urlTemplate\":\"https:\\\/\\\/www.purejewels.com\\\/?s={search_term_string}\"},\"query-input\":{\"@type\":\"PropertyValueSpecification\",\"valueRequired\":true,\"valueName\":\"search_term_string\"}}],\"inLanguage\":\"tr\"},{\"@type\":\"Organization\",\"@id\":\"https:\\\/\\\/www.purejewels.com\\\/#organization\",\"name\":\"PureJewels UK\",\"url\":\"https:\\\/\\\/www.purejewels.com\\\/\",\"logo\":{\"@type\":\"ImageObject\",\"inLanguage\":\"tr\",\"@id\":\"https:\\\/\\\/www.purejewels.com\\\/#\\\/schema\\\/logo\\\/image\\\/\",\"url\":\"https:\\\/\\\/static.purejewels.com\\\/wp-content\\\/uploads\\\/2020\\\/11\\\/Logo-PJ-New-1.png\",\"contentUrl\":\"https:\\\/\\\/static.purejewels.com\\\/wp-content\\\/uploads\\\/2020\\\/11\\\/Logo-PJ-New-1.png\",\"width\":150,\"height\":80,\"caption\":\"PureJewels UK\"},\"image\":{\"@id\":\"https:\\\/\\\/www.purejewels.com\\\/#\\\/schema\\\/logo\\\/image\\\/\"}}]}<\/script>\n<!-- \/ Yoast SEO plugin. -->","yoast_head_json":{"title":"22 Ayar Alt\u0131n Kalp Saplama K\u00fcpe Hafif | PureJewels UK","description":"Hafif ajurlu tasar\u0131ma sahip bu 22 ayar alt\u0131n kalp k\u00fcpelerle zarif i\u015f\u00e7ili\u011fi ke\u015ffedin. PureJewels UK'de al\u0131\u015fveri\u015f yap\u0131n.","robots":{"index":"index","follow":"follow","max-snippet":"max-snippet:-1","max-image-preview":"max-image-preview:large","max-video-preview":"max-video-preview:-1"},"canonical":"https:\/\/www.purejewels.com\/tr\/urun\/gunluk-kullanim-icin-22-ayar-altin-acik-kalp-saplama-kupe-kadin-uk\/","og_locale":"tr_TR","og_type":"article","og_title":"22ct Gold Heart Stud Earrings Lightweight | PureJewels UK","og_description":"Discover elegant craftsmanship with these 22ct gold heart stud earrings, featuring a lightweight openwork design. Shop at PureJewels UK.","og_url":"https:\/\/www.purejewels.com\/tr\/urun\/gunluk-kullanim-icin-22-ayar-altin-acik-kalp-saplama-kupe-kadin-uk\/","og_site_name":"PureJewels UK","article_modified_time":"2026-04-01T12:28:16+00:00","og_image":[{"width":1000,"height":1000,"url":"https:\/\/static.purejewels.com\/wp-content\/uploads\/2024\/05\/SKU-51186.jpg","type":"image\/jpeg"}],"twitter_card":"summary_large_image","twitter_misc":{"Tahmini okuma s\u00fcresi":"1 dakika"},"schema":{"@context":"https:\/\/schema.org","@graph":[{"@type":["WebPage","ItemPage"],"@id":"https:\/\/www.purejewels.com\/product\/22ct-gold-open-heart-stud-earrings-for-everyday-wear-women-uk\/","url":"https:\/\/www.purejewels.com\/product\/22ct-gold-open-heart-stud-earrings-for-everyday-wear-women-uk\/","name":"22 Ayar Alt\u0131n Kalp Saplama K\u00fcpe Hafif | PureJewels UK","isPartOf":{"@id":"https:\/\/www.purejewels.com\/#website"},"primaryImageOfPage":{"@id":"https:\/\/www.purejewels.com\/product\/22ct-gold-open-heart-stud-earrings-for-everyday-wear-women-uk\/#primaryimage"},"image":{"@id":"https:\/\/www.purejewels.com\/product\/22ct-gold-open-heart-stud-earrings-for-everyday-wear-women-uk\/#primaryimage"},"thumbnailUrl":"https:\/\/static.purejewels.com\/wp-content\/uploads\/2024\/05\/SKU-51186.jpg","datePublished":"2024-05-20T09:23:02+00:00","dateModified":"2026-04-01T12:28:16+00:00","description":"Hafif ajurlu tasar\u0131ma sahip bu 22 ayar alt\u0131n kalp k\u00fcpelerle zarif i\u015f\u00e7ili\u011fi ke\u015ffedin. PureJewels UK'de al\u0131\u015fveri\u015f yap\u0131n.","breadcrumb":{"@id":"https:\/\/www.purejewels.com\/product\/22ct-gold-open-heart-stud-earrings-for-everyday-wear-women-uk\/#breadcrumb"},"inLanguage":"tr","potentialAction":[{"@type":"ReadAction","target":["https:\/\/www.purejewels.com\/product\/22ct-gold-open-heart-stud-earrings-for-everyday-wear-women-uk\/"]}]},{"@type":"ImageObject","inLanguage":"tr","@id":"https:\/\/www.purejewels.com\/product\/22ct-gold-open-heart-stud-earrings-for-everyday-wear-women-uk\/#primaryimage","url":"https:\/\/static.purejewels.com\/wp-content\/uploads\/2024\/05\/SKU-51186.jpg","contentUrl":"https:\/\/static.purejewels.com\/wp-content\/uploads\/2024\/05\/SKU-51186.jpg","width":1000,"height":1000,"caption":"51186"},{"@type":"BreadcrumbList","@id":"https:\/\/www.purejewels.com\/product\/22ct-gold-open-heart-stud-earrings-for-everyday-wear-women-uk\/#breadcrumb","itemListElement":[{"@type":"ListItem","position":1,"name":"Home","item":"https:\/\/www.purejewels.com\/"},{"@type":"ListItem","position":2,"name":"Shop","item":"https:\/\/www.purejewels.com\/shop\/"},{"@type":"ListItem","position":3,"name":"Open Heart Stud Earrings"}]},{"@type":"WebSite","@id":"https:\/\/www.purejewels.com\/#website","url":"https:\/\/www.purejewels.com\/","name":"PureJewels \u0130ngiltere","description":"Sevgiyi Payla\u015f\u0131n","publisher":{"@id":"https:\/\/www.purejewels.com\/#organization"},"potentialAction":[{"@type":"SearchAction","target":{"@type":"EntryPoint","urlTemplate":"https:\/\/www.purejewels.com\/?s={search_term_string}"},"query-input":{"@type":"PropertyValueSpecification","valueRequired":true,"valueName":"search_term_string"}}],"inLanguage":"tr"},{"@type":"Organization","@id":"https:\/\/www.purejewels.com\/#organization","name":"PureJewels \u0130ngiltere","url":"https:\/\/www.purejewels.com\/","logo":{"@type":"ImageObject","inLanguage":"tr","@id":"https:\/\/www.purejewels.com\/#\/schema\/logo\/image\/","url":"https:\/\/static.purejewels.com\/wp-content\/uploads\/2020\/11\/Logo-PJ-New-1.png","contentUrl":"https:\/\/static.purejewels.com\/wp-content\/uploads\/2020\/11\/Logo-PJ-New-1.png","width":150,"height":80,"caption":"PureJewels UK"},"image":{"@id":"https:\/\/www.purejewels.com\/#\/schema\/logo\/image\/"}}]}},"_links":{"self":[{"href":"https:\/\/www.purejewels.com\/tr\/wp-json\/wp\/v2\/product\/397701","targetHints":{"allow":["GET"]}}],"collection":[{"href":"https:\/\/www.purejewels.com\/tr\/wp-json\/wp\/v2\/product"}],"about":[{"href":"https:\/\/www.purejewels.com\/tr\/wp-json\/wp\/v2\/types\/product"}],"replies":[{"embeddable":true,"href":"https:\/\/www.purejewels.com\/tr\/wp-json\/wp\/v2\/comments?post=397701"}],"version-history":[{"count":6,"href":"https:\/\/www.purejewels.com\/tr\/wp-json\/wp\/v2\/product\/397701\/revisions"}],"predecessor-version":[{"id":427359,"href":"https:\/\/www.purejewels.com\/tr\/wp-json\/wp\/v2\/product\/397701\/revisions\/427359"}],"wp:featuredmedia":[{"embeddable":true,"href":"https:\/\/www.purejewels.com\/tr\/wp-json\/wp\/v2\/media\/406936"}],"wp:attachment":[{"href":"https:\/\/www.purejewels.com\/tr\/wp-json\/wp\/v2\/media?parent=397701"}],"wp:term":[{"taxonomy":"product_brand","embeddable":true,"href":"https:\/\/www.purejewels.com\/tr\/wp-json\/wp\/v2\/product_brand?post=397701"},{"taxonomy":"product_cat","embeddable":true,"href":"https:\/\/www.purejewels.com\/tr\/wp-json\/wp\/v2\/product_cat?post=397701"},{"taxonomy":"product_tag","embeddable":true,"href":"https:\/\/www.purejewels.com\/tr\/wp-json\/wp\/v2\/product_tag?post=397701"}],"curies":[{"name":"wp","href":"https:\/\/api.w.org\/{rel}","templated":true}]}}