{"id":397710,"date":"2025-07-24T10:45:01","date_gmt":"2025-07-24T09:45:01","guid":{"rendered":"https:\/\/www.purejewels.com\/?post_type=product&#038;p=397710"},"modified":"2026-03-11T06:55:25","modified_gmt":"2026-03-11T06:55:25","slug":"22-ayar-altin-kalp-seklinde-cz-tasli-saplama-kupe","status":"publish","type":"product","link":"https:\/\/www.purejewels.com\/tr\/product\/22ct-gold-heart-shaped-stud-earrings-cz-stones\/","title":{"rendered":"Glintleaf Kalp \u00c7\u0131t\u00e7\u0131tlar"},"content":{"rendered":"<p data-start=\"0\" data-end=\"472\"><strong data-start=\"0\" data-end=\"18\">Tasar\u0131m Konsepti<\/strong><br data-start=\"18\" data-end=\"21\" \/>Glintleaf Kalp \u00c7\u0131t\u00e7\u0131t, kalp motifinin yumu\u015fakl\u0131\u011f\u0131 ile yaprak formunun do\u011fal zarafetini bir araya getiriyor. A\u00e7\u0131k kalbin d\u0131\u015f hatlar\u0131 hafif bir \u0131\u015f\u0131lt\u0131 \u00e7izgisiyle izlenirken, i\u00e7teki yaprak detay\u0131 derinlik ve organik bir karakter kat\u0131yor. Bu form etkile\u015fimi, b\u00fcy\u00fcyen ve kal\u0131c\u0131 olan a\u015fk\u0131 sembolize ediyor ve romantik ama ayn\u0131 zamanda sakin hissettiren bir tasar\u0131mla ifade ediliyor. Dengeli ve zarif olan \u00e7\u0131t\u00e7\u0131tlar, abart\u0131ya ka\u00e7madan etkileyici hissettirmek i\u00e7in yarat\u0131lm\u0131\u015ft\u0131r.<\/p>\n<p data-start=\"474\" data-end=\"983\"><strong data-start=\"474\" data-end=\"491\">Zanaatkarl\u0131k<\/strong><br data-start=\"491\" data-end=\"494\" \/>Parlak 22 ayar alt\u0131ndan \u00fcretilen bu \u00e7\u0131t\u00e7\u0131tlar, temiz hatlar ve kula\u011fa rahat, dengeli bir uyum sa\u011flamak i\u00e7in \u00f6zenle \u015fekillendirilmi\u015ftir. K\u00fcbik zirkon ta\u015flar, p\u00fcr\u00fczs\u00fcz ve zarif bir profili korurken \u0131\u015f\u0131\u011f\u0131 ve parlakl\u0131\u011f\u0131 art\u0131rmak i\u00e7in hassas bir \u015fekilde ayarlanm\u0131\u015ft\u0131r. Parlat\u0131lm\u0131\u015f alt\u0131n y\u00fczey, y\u00fcksek safl\u0131ktaki alt\u0131n\u0131n s\u0131cakl\u0131\u011f\u0131n\u0131 vurgular ve g\u00fcnl\u00fck kullan\u0131m i\u00e7in kenar yumu\u015fakl\u0131\u011f\u0131na dikkat edilir. Her bir \u00e7ift, g\u00fcvenilir i\u015f\u00e7ilik ve kaliteyi yans\u0131tan safl\u0131k sertifikas\u0131 i\u00e7in \u0130ngiltere'de damgalanm\u0131\u015ft\u0131r.<\/p>\n<p data-start=\"985\" data-end=\"1445\" data-is-last-node=\"\" data-is-only-node=\"\"><strong data-start=\"985\" data-end=\"1006\">\u015eekillendirme &amp; Hediyele\u015fme<\/strong><br data-start=\"1006\" data-end=\"1009\" \/>\u00c7ok y\u00f6nl\u00fcl\u00fck i\u00e7in tasarlanan Glintleaf Kalp \u00c7\u0131t\u00e7\u0131tlar g\u00fcnl\u00fck kullan\u0131m i\u00e7in idealdir ve hem g\u00fcndelik hem de zarif g\u00f6r\u00fcn\u00fcmlere ince bir \u0131\u015f\u0131lt\u0131 katar. Uyumlu bir stil i\u00e7in narin bir alt\u0131n zincir veya kalp kolye ile g\u00fczel bir \u015fekilde e\u015fle\u015fir veya sessiz bir ifade olarak tek ba\u015f\u0131na tak\u0131labilir. Do\u011fum g\u00fcnleri, y\u0131l d\u00f6n\u00fcmleri veya anlaml\u0131 hediyeler i\u00e7in m\u00fckemmel olan bu k\u00fcpeler, s\u0131k s\u0131k tak\u0131lmak ve zaman i\u00e7inde sevginin ve d\u00fc\u015f\u00fcnceli tasar\u0131m\u0131n bir sembol\u00fc olarak el \u00fcst\u00fcnde tutulmak \u00fczere \u00fcretilmi\u015ftir.<\/p>","protected":false},"excerpt":{"rendered":"<p>Bu zarif 22 ayar alt\u0131n k\u00fcpeler, do\u011fadan ilham alan zarafeti zarif bir \u0131\u015f\u0131lt\u0131yla birle\u015ftiriyor. P\u0131rlantal\u0131 bir girdap ve telkari yaprakla sarmalanm\u0131\u015f kalp \u015feklinde bir motife sahip olan bu k\u00fcpeler, a\u015fka ve yenilenmeye zarif bir selam veriyor.<\/p>\n<ul>\n<li><strong>Malzeme:<\/strong> 22 Ayar Alt\u0131n<\/li>\n<li><strong>Hallmark: <\/strong>\u0130ngiliz Damgas\u0131<\/li>\n<li><strong>Br\u00fct A\u011f\u0131rl\u0131k: <\/strong>3.23 Gms<\/li>\n<li><strong>SKU: <\/strong>51194<\/li>\n<\/ul>\n<p><strong><br \/>\nFiyat ve Teslimat: <\/strong>KDV ve teslimat \u00fccretleri dahil<br \/>\n<strong><a href=\"https:\/\/www.purejewels.com\/tr\/i%cc%87ade-poli%cc%87ti%cc%87kasi\/\">\u0130ade Politikas\u0131<\/a><\/strong><\/p>","protected":false},"featured_media":407131,"comment_status":"closed","ping_status":"closed","template":"","meta":{"_eb_attr":"","_crsspst_to_jayantr4sg-hostcom":true},"product_brand":[],"product_cat":[1793,6190,1792,1790,1254,1229,5344,1570,5338,1577,1573,1574,5349],"product_tag":[],"class_list":{"0":"post-397710","1":"product","2":"type-product","3":"status-publish","4":"has-post-thumbnail","6":"product_cat-diwali-gifts","7":"product_cat-easter-jewellery","8":"product_cat-festival-gifts","9":"product_cat-for-whom-when","10":"product_cat-gold-earrings","11":"product_cat-22ct-gold-jewellery","12":"product_cat-jewellery-under-750","13":"product_cat-mothers-day-gifts","14":"product_cat-shop-by-price","15":"product_cat-stud-earrings","16":"product_cat-wedding-gifts","17":"product_cat-womens-jewellery","18":"product_cat-yellow-gold-jewellery","20":"first","21":"instock","22":"taxable","23":"shipping-taxable","24":"purchasable","25":"product-type-simple","26":"add-to-wishlist-before_image"},"yoast_head":"<!-- This site is optimized with the Yoast SEO plugin v27.3 - https:\/\/yoast.com\/product\/yoast-seo-wordpress\/ -->\n<title>Valentine\u2019s Day Heart Stud Earrings in 22ct Gold | Gift for Her<\/title>\n<meta name=\"description\" content=\"Make Valentine\u2019s Day unforgettable with these 22ct gold heart stud earrings, accented with sparkling cubic zirconia and leaf detailing.\" \/>\n<meta name=\"robots\" content=\"index, follow, max-snippet:-1, max-image-preview:large, max-video-preview:-1\" \/>\n<link rel=\"canonical\" href=\"https:\/\/www.purejewels.com\/tr\/urun\/22-ayar-altin-kalp-seklinde-cz-tasli-saplama-kupe\/\" \/>\n<meta property=\"og:locale\" content=\"tr_TR\" \/>\n<meta property=\"og:type\" content=\"article\" \/>\n<meta property=\"og:title\" content=\"Valentine\u2019s Day Heart Stud Earrings in 22ct Gold | Gift for Her\" \/>\n<meta property=\"og:description\" content=\"Make Valentine\u2019s Day unforgettable with these 22ct gold heart stud earrings, accented with sparkling cubic zirconia and leaf detailing.\" \/>\n<meta property=\"og:url\" content=\"https:\/\/www.purejewels.com\/tr\/urun\/22-ayar-altin-kalp-seklinde-cz-tasli-saplama-kupe\/\" \/>\n<meta property=\"og:site_name\" content=\"PureJewels UK\" \/>\n<meta property=\"article:modified_time\" content=\"2026-03-11T06:55:25+00:00\" \/>\n<meta property=\"og:image\" content=\"https:\/\/static.purejewels.com\/wp-content\/uploads\/2024\/05\/SKU-51194.jpg\" \/>\n\t<meta property=\"og:image:width\" content=\"1000\" \/>\n\t<meta property=\"og:image:height\" content=\"1000\" \/>\n\t<meta property=\"og:image:type\" content=\"image\/jpeg\" \/>\n<meta name=\"twitter:card\" content=\"summary_large_image\" \/>\n<meta name=\"twitter:label1\" content=\"Tahmini okuma s\u00fcresi\" \/>\n\t<meta name=\"twitter:data1\" content=\"2 dakika\" \/>\n<script type=\"application\/ld+json\" class=\"yoast-schema-graph\">{\"@context\":\"https:\\\/\\\/schema.org\",\"@graph\":[{\"@type\":[\"WebPage\",\"ItemPage\"],\"@id\":\"https:\\\/\\\/www.purejewels.com\\\/product\\\/22ct-gold-heart-shaped-stud-earrings-cz-stones\\\/\",\"url\":\"https:\\\/\\\/www.purejewels.com\\\/product\\\/22ct-gold-heart-shaped-stud-earrings-cz-stones\\\/\",\"name\":\"Valentine\u2019s Day Heart Stud Earrings in 22ct Gold | Gift for Her\",\"isPartOf\":{\"@id\":\"https:\\\/\\\/www.purejewels.com\\\/#website\"},\"primaryImageOfPage\":{\"@id\":\"https:\\\/\\\/www.purejewels.com\\\/product\\\/22ct-gold-heart-shaped-stud-earrings-cz-stones\\\/#primaryimage\"},\"image\":{\"@id\":\"https:\\\/\\\/www.purejewels.com\\\/product\\\/22ct-gold-heart-shaped-stud-earrings-cz-stones\\\/#primaryimage\"},\"thumbnailUrl\":\"https:\\\/\\\/static.purejewels.com\\\/wp-content\\\/uploads\\\/2024\\\/05\\\/SKU-51194.jpg\",\"datePublished\":\"2025-07-24T09:45:01+00:00\",\"dateModified\":\"2026-03-11T06:55:25+00:00\",\"description\":\"Make Valentine\u2019s Day unforgettable with these 22ct gold heart stud earrings, accented with sparkling cubic zirconia and leaf detailing.\",\"breadcrumb\":{\"@id\":\"https:\\\/\\\/www.purejewels.com\\\/product\\\/22ct-gold-heart-shaped-stud-earrings-cz-stones\\\/#breadcrumb\"},\"inLanguage\":\"tr\",\"potentialAction\":[{\"@type\":\"ReadAction\",\"target\":[\"https:\\\/\\\/www.purejewels.com\\\/product\\\/22ct-gold-heart-shaped-stud-earrings-cz-stones\\\/\"]}]},{\"@type\":\"ImageObject\",\"inLanguage\":\"tr\",\"@id\":\"https:\\\/\\\/www.purejewels.com\\\/product\\\/22ct-gold-heart-shaped-stud-earrings-cz-stones\\\/#primaryimage\",\"url\":\"https:\\\/\\\/static.purejewels.com\\\/wp-content\\\/uploads\\\/2024\\\/05\\\/SKU-51194.jpg\",\"contentUrl\":\"https:\\\/\\\/static.purejewels.com\\\/wp-content\\\/uploads\\\/2024\\\/05\\\/SKU-51194.jpg\",\"width\":1000,\"height\":1000,\"caption\":\"51194\"},{\"@type\":\"BreadcrumbList\",\"@id\":\"https:\\\/\\\/www.purejewels.com\\\/product\\\/22ct-gold-heart-shaped-stud-earrings-cz-stones\\\/#breadcrumb\",\"itemListElement\":[{\"@type\":\"ListItem\",\"position\":1,\"name\":\"Home\",\"item\":\"https:\\\/\\\/www.purejewels.com\\\/\"},{\"@type\":\"ListItem\",\"position\":2,\"name\":\"Shop\",\"item\":\"https:\\\/\\\/www.purejewels.com\\\/shop\\\/\"},{\"@type\":\"ListItem\",\"position\":3,\"name\":\"Glintleaf Heart Studs\"}]},{\"@type\":\"WebSite\",\"@id\":\"https:\\\/\\\/www.purejewels.com\\\/#website\",\"url\":\"https:\\\/\\\/www.purejewels.com\\\/\",\"name\":\"PureJewels UK\",\"description\":\"Share the Love\",\"publisher\":{\"@id\":\"https:\\\/\\\/www.purejewels.com\\\/#organization\"},\"potentialAction\":[{\"@type\":\"SearchAction\",\"target\":{\"@type\":\"EntryPoint\",\"urlTemplate\":\"https:\\\/\\\/www.purejewels.com\\\/?s={search_term_string}\"},\"query-input\":{\"@type\":\"PropertyValueSpecification\",\"valueRequired\":true,\"valueName\":\"search_term_string\"}}],\"inLanguage\":\"tr\"},{\"@type\":\"Organization\",\"@id\":\"https:\\\/\\\/www.purejewels.com\\\/#organization\",\"name\":\"PureJewels UK\",\"url\":\"https:\\\/\\\/www.purejewels.com\\\/\",\"logo\":{\"@type\":\"ImageObject\",\"inLanguage\":\"tr\",\"@id\":\"https:\\\/\\\/www.purejewels.com\\\/#\\\/schema\\\/logo\\\/image\\\/\",\"url\":\"https:\\\/\\\/static.purejewels.com\\\/wp-content\\\/uploads\\\/2020\\\/11\\\/Logo-PJ-New-1.png\",\"contentUrl\":\"https:\\\/\\\/static.purejewels.com\\\/wp-content\\\/uploads\\\/2020\\\/11\\\/Logo-PJ-New-1.png\",\"width\":150,\"height\":80,\"caption\":\"PureJewels UK\"},\"image\":{\"@id\":\"https:\\\/\\\/www.purejewels.com\\\/#\\\/schema\\\/logo\\\/image\\\/\"}}]}<\/script>\n<!-- \/ Yoast SEO plugin. -->","yoast_head_json":{"title":"Sevgililer G\u00fcn\u00fc 22 Ayar Alt\u0131n Kalp Saplama K\u00fcpe | Ona Hediye","description":"I\u015f\u0131lt\u0131l\u0131 k\u00fcbik zirkonya ve yaprak detaylar\u0131yla vurgulanan bu 22 ayar alt\u0131n kalp k\u00fcpelerle Sevgililer G\u00fcn\u00fc'n\u00fc unutulmaz k\u0131l\u0131n.","robots":{"index":"index","follow":"follow","max-snippet":"max-snippet:-1","max-image-preview":"max-image-preview:large","max-video-preview":"max-video-preview:-1"},"canonical":"https:\/\/www.purejewels.com\/tr\/urun\/22-ayar-altin-kalp-seklinde-cz-tasli-saplama-kupe\/","og_locale":"tr_TR","og_type":"article","og_title":"Valentine\u2019s Day Heart Stud Earrings in 22ct Gold | Gift for Her","og_description":"Make Valentine\u2019s Day unforgettable with these 22ct gold heart stud earrings, accented with sparkling cubic zirconia and leaf detailing.","og_url":"https:\/\/www.purejewels.com\/tr\/urun\/22-ayar-altin-kalp-seklinde-cz-tasli-saplama-kupe\/","og_site_name":"PureJewels UK","article_modified_time":"2026-03-11T06:55:25+00:00","og_image":[{"width":1000,"height":1000,"url":"https:\/\/static.purejewels.com\/wp-content\/uploads\/2024\/05\/SKU-51194.jpg","type":"image\/jpeg"}],"twitter_card":"summary_large_image","twitter_misc":{"Tahmini okuma s\u00fcresi":"2 dakika"},"schema":{"@context":"https:\/\/schema.org","@graph":[{"@type":["WebPage","ItemPage"],"@id":"https:\/\/www.purejewels.com\/product\/22ct-gold-heart-shaped-stud-earrings-cz-stones\/","url":"https:\/\/www.purejewels.com\/product\/22ct-gold-heart-shaped-stud-earrings-cz-stones\/","name":"Sevgililer G\u00fcn\u00fc 22 Ayar Alt\u0131n Kalp Saplama K\u00fcpe | Ona Hediye","isPartOf":{"@id":"https:\/\/www.purejewels.com\/#website"},"primaryImageOfPage":{"@id":"https:\/\/www.purejewels.com\/product\/22ct-gold-heart-shaped-stud-earrings-cz-stones\/#primaryimage"},"image":{"@id":"https:\/\/www.purejewels.com\/product\/22ct-gold-heart-shaped-stud-earrings-cz-stones\/#primaryimage"},"thumbnailUrl":"https:\/\/static.purejewels.com\/wp-content\/uploads\/2024\/05\/SKU-51194.jpg","datePublished":"2025-07-24T09:45:01+00:00","dateModified":"2026-03-11T06:55:25+00:00","description":"I\u015f\u0131lt\u0131l\u0131 k\u00fcbik zirkonya ve yaprak detaylar\u0131yla vurgulanan bu 22 ayar alt\u0131n kalp k\u00fcpelerle Sevgililer G\u00fcn\u00fc'n\u00fc unutulmaz k\u0131l\u0131n.","breadcrumb":{"@id":"https:\/\/www.purejewels.com\/product\/22ct-gold-heart-shaped-stud-earrings-cz-stones\/#breadcrumb"},"inLanguage":"tr","potentialAction":[{"@type":"ReadAction","target":["https:\/\/www.purejewels.com\/product\/22ct-gold-heart-shaped-stud-earrings-cz-stones\/"]}]},{"@type":"ImageObject","inLanguage":"tr","@id":"https:\/\/www.purejewels.com\/product\/22ct-gold-heart-shaped-stud-earrings-cz-stones\/#primaryimage","url":"https:\/\/static.purejewels.com\/wp-content\/uploads\/2024\/05\/SKU-51194.jpg","contentUrl":"https:\/\/static.purejewels.com\/wp-content\/uploads\/2024\/05\/SKU-51194.jpg","width":1000,"height":1000,"caption":"51194"},{"@type":"BreadcrumbList","@id":"https:\/\/www.purejewels.com\/product\/22ct-gold-heart-shaped-stud-earrings-cz-stones\/#breadcrumb","itemListElement":[{"@type":"ListItem","position":1,"name":"Home","item":"https:\/\/www.purejewels.com\/"},{"@type":"ListItem","position":2,"name":"Shop","item":"https:\/\/www.purejewels.com\/shop\/"},{"@type":"ListItem","position":3,"name":"Glintleaf Heart Studs"}]},{"@type":"WebSite","@id":"https:\/\/www.purejewels.com\/#website","url":"https:\/\/www.purejewels.com\/","name":"PureJewels \u0130ngiltere","description":"Sevgiyi Payla\u015f\u0131n","publisher":{"@id":"https:\/\/www.purejewels.com\/#organization"},"potentialAction":[{"@type":"SearchAction","target":{"@type":"EntryPoint","urlTemplate":"https:\/\/www.purejewels.com\/?s={search_term_string}"},"query-input":{"@type":"PropertyValueSpecification","valueRequired":true,"valueName":"search_term_string"}}],"inLanguage":"tr"},{"@type":"Organization","@id":"https:\/\/www.purejewels.com\/#organization","name":"PureJewels \u0130ngiltere","url":"https:\/\/www.purejewels.com\/","logo":{"@type":"ImageObject","inLanguage":"tr","@id":"https:\/\/www.purejewels.com\/#\/schema\/logo\/image\/","url":"https:\/\/static.purejewels.com\/wp-content\/uploads\/2020\/11\/Logo-PJ-New-1.png","contentUrl":"https:\/\/static.purejewels.com\/wp-content\/uploads\/2020\/11\/Logo-PJ-New-1.png","width":150,"height":80,"caption":"PureJewels UK"},"image":{"@id":"https:\/\/www.purejewels.com\/#\/schema\/logo\/image\/"}}]}},"_links":{"self":[{"href":"https:\/\/www.purejewels.com\/tr\/wp-json\/wp\/v2\/product\/397710","targetHints":{"allow":["GET"]}}],"collection":[{"href":"https:\/\/www.purejewels.com\/tr\/wp-json\/wp\/v2\/product"}],"about":[{"href":"https:\/\/www.purejewels.com\/tr\/wp-json\/wp\/v2\/types\/product"}],"replies":[{"embeddable":true,"href":"https:\/\/www.purejewels.com\/tr\/wp-json\/wp\/v2\/comments?post=397710"}],"version-history":[{"count":3,"href":"https:\/\/www.purejewels.com\/tr\/wp-json\/wp\/v2\/product\/397710\/revisions"}],"predecessor-version":[{"id":424413,"href":"https:\/\/www.purejewels.com\/tr\/wp-json\/wp\/v2\/product\/397710\/revisions\/424413"}],"wp:featuredmedia":[{"embeddable":true,"href":"https:\/\/www.purejewels.com\/tr\/wp-json\/wp\/v2\/media\/407131"}],"wp:attachment":[{"href":"https:\/\/www.purejewels.com\/tr\/wp-json\/wp\/v2\/media?parent=397710"}],"wp:term":[{"taxonomy":"product_brand","embeddable":true,"href":"https:\/\/www.purejewels.com\/tr\/wp-json\/wp\/v2\/product_brand?post=397710"},{"taxonomy":"product_cat","embeddable":true,"href":"https:\/\/www.purejewels.com\/tr\/wp-json\/wp\/v2\/product_cat?post=397710"},{"taxonomy":"product_tag","embeddable":true,"href":"https:\/\/www.purejewels.com\/tr\/wp-json\/wp\/v2\/product_tag?post=397710"}],"curies":[{"name":"wp","href":"https:\/\/api.w.org\/{rel}","templated":true}]}}