{"id":397729,"date":"2024-05-20T12:15:19","date_gmt":"2024-05-20T11:15:19","guid":{"rendered":"https:\/\/www.purejewels.com\/?post_type=product&#038;p=397729"},"modified":"2026-02-22T06:11:44","modified_gmt":"2026-02-22T06:11:44","slug":"kadinlar-icin-rodyum-cilali-22-ayar-altin-cz-halka-kupeler-uk","status":"publish","type":"product","link":"https:\/\/www.purejewels.com\/tr\/product\/22ct-gold-cz-hoop-earrings-with-rhodium-polish-for-women-uk\/","title":{"rendered":"22 Ayar Alt\u0131n CZ Halka K\u00fcpe | Rodyum Kaplama ile"},"content":{"rendered":"<p data-start=\"870\" data-end=\"1154\"><strong data-start=\"870\" data-end=\"889\">Tasar\u0131m Konsepti<\/strong><\/p>\n<p data-start=\"870\" data-end=\"1154\">Klasik \u00e7emberlerin kal\u0131c\u0131 zarafetinden ilham alan tasar\u0131m, bir s\u0131ra \u0131\u015f\u0131lt\u0131l\u0131 CZ ile geleneksel formu y\u00fckseltiyor. \u00c7ift tonlu kaplama (alt\u0131n ve rodyum) sofistike bir derinlik yaratarak k\u00fcpelerin g\u00fcnd\u00fczden ak\u015fama zahmetsizce ge\u00e7i\u015f yapmas\u0131n\u0131 sa\u011flar.<\/p>\n<hr data-start=\"1156\" data-end=\"1159\" \/>\n<p data-start=\"1161\" data-end=\"1464\"><strong data-start=\"1161\" data-end=\"1179\">Zanaatkarl\u0131k<\/strong><\/p>\n<p data-start=\"1161\" data-end=\"1464\">22 ayar sar\u0131 alt\u0131ndan el i\u015f\u00e7ili\u011fiyle \u00fcretilen bu k\u00fcpede, g\u00fcvenli ta\u015f ayar\u0131ndan dayan\u0131kl\u0131l\u0131\u011f\u0131 ve parlakl\u0131\u011f\u0131 art\u0131ran rodyum kaplamal\u0131 cilaya kadar her ayr\u0131nt\u0131 \u00f6zenle d\u00fc\u015f\u00fcn\u00fclm\u00fc\u015ft\u00fcr. Londra Assay Ofisi taraf\u0131ndan tam damgalanm\u0131\u015f olan bu k\u00fcpeler \u00f6zg\u00fcnl\u00fc\u011f\u00fc ve ince sanat\u0131 temsil eder.<\/p>\n<hr data-start=\"1466\" data-end=\"1469\" \/>\n<p data-start=\"1471\" data-end=\"1908\"><strong data-start=\"1471\" data-end=\"1488\">Stil Fikri<\/strong><\/p>\n<p data-start=\"1471\" data-end=\"1908\">Bu k\u00fcpeler zarif oldu\u011fu kadar \u00e7ok y\u00f6nl\u00fcd\u00fcr. G\u00fcnl\u00fck giyimde, ofis veya g\u00fcndelik k\u0131yafetlerinize ince bir \u0131\u015f\u0131lt\u0131 katmak i\u00e7in basit bir alt\u0131n zincir veya bilezikle e\u015fle\u015ftirin. Ak\u015fam \u015f\u0131kl\u0131\u011f\u0131 i\u00e7inse, uyumlu ve g\u00f6z kama\u015ft\u0131r\u0131c\u0131 bir g\u00f6r\u00fcn\u00fcm olu\u015fturmak \u00fczere CZ ta\u015fl\u0131 bir bileklik veya g\u00f6steri\u015fli bir kokteyl y\u00fcz\u00fc\u011f\u00fc ile tamamlay\u0131n. Abart\u0131s\u0131z \u0131\u015f\u0131lt\u0131s\u0131 sayesinde kutlamalar, hediyeler veya imza halkalar\u0131n\u0131z i\u00e7in uygundur.<\/p>","protected":false},"excerpt":{"rendered":"<ul>\n<li><strong>Malzeme:<\/strong> 22 Ayar Alt\u0131n<\/li>\n<li><strong>Hallmark: <\/strong>\u0130ngiliz Damgas\u0131<\/li>\n<li><strong>Br\u00fct A\u011f\u0131rl\u0131k: <\/strong>1.9 Gms<\/li>\n<li><strong>SKU:<\/strong>51211, 53575<\/li>\n<\/ul>\n<p><strong><br \/>\nFiyat ve Teslimat: <\/strong>KDV ve teslimat \u00fccretleri dahil<\/p>\n<p><strong><a href=\"https:\/\/www.purejewels.com\/tr\/i%cc%87ade-poli%cc%87ti%cc%87kasi\/\">\u0130ade Politikas\u0131<\/a><\/strong><\/p>","protected":false},"featured_media":397738,"comment_status":"closed","ping_status":"closed","template":"","meta":{"_eb_attr":"","_crsspst_to_jayantr4sg-hostcom":true},"product_brand":[],"product_cat":[1793,1792,1790,1254,1229,1579,1573,1574,5349],"product_tag":[5933,5922,66,5919],"class_list":{"0":"post-397729","1":"product","2":"type-product","3":"status-publish","4":"has-post-thumbnail","6":"product_cat-diwali-gifts","7":"product_cat-festival-gifts","8":"product_cat-for-whom-when","9":"product_cat-gold-earrings","10":"product_cat-22ct-gold-jewellery","11":"product_cat-hoop-earrings","12":"product_cat-wedding-gifts","13":"product_cat-womens-jewellery","14":"product_cat-yellow-gold-jewellery","15":"product_tag-22ct-gold","16":"product_tag-22ct-gold-earrings","17":"product_tag-earrings","18":"product_tag-stud","20":"first","21":"outofstock","22":"taxable","23":"shipping-taxable","24":"product-type-simple","25":"add-to-wishlist-before_image"},"yoast_head":"<!-- This site is optimized with the Yoast SEO plugin v27.5 - https:\/\/yoast.com\/product\/yoast-seo-wordpress\/ -->\n<title>22ct Gold Rhodium CZ Hoop Earrings | PureJewels UK<\/title>\n<meta name=\"description\" content=\"Discover elegant craftsmanship with these 22ct gold CZ hoop earrings, featuring rhodium detailing and secure clasp. Shop at PureJewels UK.\" \/>\n<meta name=\"robots\" content=\"index, follow, max-snippet:-1, max-image-preview:large, max-video-preview:-1\" \/>\n<link rel=\"canonical\" href=\"https:\/\/www.purejewels.com\/tr\/urun\/kadinlar-icin-rodyum-cilali-22-ayar-altin-cz-halka-kupeler-uk\/\" \/>\n<meta property=\"og:locale\" content=\"tr_TR\" \/>\n<meta property=\"og:type\" content=\"article\" \/>\n<meta property=\"og:title\" content=\"22ct Gold Rhodium CZ Hoop Earrings | PureJewels UK\" \/>\n<meta property=\"og:description\" content=\"Discover elegant craftsmanship with these 22ct gold CZ hoop earrings, featuring rhodium detailing and secure clasp. Shop at PureJewels UK.\" \/>\n<meta property=\"og:url\" content=\"https:\/\/www.purejewels.com\/tr\/urun\/kadinlar-icin-rodyum-cilali-22-ayar-altin-cz-halka-kupeler-uk\/\" \/>\n<meta property=\"og:site_name\" content=\"PureJewels UK\" \/>\n<meta property=\"article:modified_time\" content=\"2026-02-22T06:11:44+00:00\" \/>\n<meta property=\"og:image\" content=\"https:\/\/static.purejewels.com\/wp-content\/uploads\/2025\/05\/SSD051-08-SB_1.png\" \/>\n\t<meta property=\"og:image:width\" content=\"1000\" \/>\n\t<meta property=\"og:image:height\" content=\"1000\" \/>\n\t<meta property=\"og:image:type\" content=\"image\/png\" \/>\n<meta name=\"twitter:card\" content=\"summary_large_image\" \/>\n<meta name=\"twitter:label1\" content=\"Tahmini okuma s\u00fcresi\" \/>\n\t<meta name=\"twitter:data1\" content=\"1 dakika\" \/>\n<script type=\"application\/ld+json\" class=\"yoast-schema-graph\">{\"@context\":\"https:\\\/\\\/schema.org\",\"@graph\":[{\"@type\":[\"WebPage\",\"ItemPage\"],\"@id\":\"https:\\\/\\\/www.purejewels.com\\\/product\\\/22ct-gold-cz-hoop-earrings-with-rhodium-polish-for-women-uk\\\/\",\"url\":\"https:\\\/\\\/www.purejewels.com\\\/product\\\/22ct-gold-cz-hoop-earrings-with-rhodium-polish-for-women-uk\\\/\",\"name\":\"22ct Gold Rhodium CZ Hoop Earrings | PureJewels UK\",\"isPartOf\":{\"@id\":\"https:\\\/\\\/www.purejewels.com\\\/#website\"},\"primaryImageOfPage\":{\"@id\":\"https:\\\/\\\/www.purejewels.com\\\/product\\\/22ct-gold-cz-hoop-earrings-with-rhodium-polish-for-women-uk\\\/#primaryimage\"},\"image\":{\"@id\":\"https:\\\/\\\/www.purejewels.com\\\/product\\\/22ct-gold-cz-hoop-earrings-with-rhodium-polish-for-women-uk\\\/#primaryimage\"},\"thumbnailUrl\":\"https:\\\/\\\/static.purejewels.com\\\/wp-content\\\/uploads\\\/2025\\\/05\\\/SSD051-08-SB_1.png\",\"datePublished\":\"2024-05-20T11:15:19+00:00\",\"dateModified\":\"2026-02-22T06:11:44+00:00\",\"description\":\"Discover elegant craftsmanship with these 22ct gold CZ hoop earrings, featuring rhodium detailing and secure clasp. Shop at PureJewels UK.\",\"breadcrumb\":{\"@id\":\"https:\\\/\\\/www.purejewels.com\\\/product\\\/22ct-gold-cz-hoop-earrings-with-rhodium-polish-for-women-uk\\\/#breadcrumb\"},\"inLanguage\":\"tr\",\"potentialAction\":[{\"@type\":\"ReadAction\",\"target\":[\"https:\\\/\\\/www.purejewels.com\\\/product\\\/22ct-gold-cz-hoop-earrings-with-rhodium-polish-for-women-uk\\\/\"]}]},{\"@type\":\"ImageObject\",\"inLanguage\":\"tr\",\"@id\":\"https:\\\/\\\/www.purejewels.com\\\/product\\\/22ct-gold-cz-hoop-earrings-with-rhodium-polish-for-women-uk\\\/#primaryimage\",\"url\":\"https:\\\/\\\/static.purejewels.com\\\/wp-content\\\/uploads\\\/2025\\\/05\\\/SSD051-08-SB_1.png\",\"contentUrl\":\"https:\\\/\\\/static.purejewels.com\\\/wp-content\\\/uploads\\\/2025\\\/05\\\/SSD051-08-SB_1.png\",\"width\":1000,\"height\":1000},{\"@type\":\"BreadcrumbList\",\"@id\":\"https:\\\/\\\/www.purejewels.com\\\/product\\\/22ct-gold-cz-hoop-earrings-with-rhodium-polish-for-women-uk\\\/#breadcrumb\",\"itemListElement\":[{\"@type\":\"ListItem\",\"position\":1,\"name\":\"Home\",\"item\":\"https:\\\/\\\/www.purejewels.com\\\/\"},{\"@type\":\"ListItem\",\"position\":2,\"name\":\"Shop\",\"item\":\"https:\\\/\\\/www.purejewels.com\\\/shop\\\/\"},{\"@type\":\"ListItem\",\"position\":3,\"name\":\"22ct Gold CZ Hoop Earrings | With Rhodium Finish\"}]},{\"@type\":\"WebSite\",\"@id\":\"https:\\\/\\\/www.purejewels.com\\\/#website\",\"url\":\"https:\\\/\\\/www.purejewels.com\\\/\",\"name\":\"PureJewels UK\",\"description\":\"Share the Love\",\"publisher\":{\"@id\":\"https:\\\/\\\/www.purejewels.com\\\/#organization\"},\"potentialAction\":[{\"@type\":\"SearchAction\",\"target\":{\"@type\":\"EntryPoint\",\"urlTemplate\":\"https:\\\/\\\/www.purejewels.com\\\/?s={search_term_string}\"},\"query-input\":{\"@type\":\"PropertyValueSpecification\",\"valueRequired\":true,\"valueName\":\"search_term_string\"}}],\"inLanguage\":\"tr\"},{\"@type\":\"Organization\",\"@id\":\"https:\\\/\\\/www.purejewels.com\\\/#organization\",\"name\":\"PureJewels UK\",\"url\":\"https:\\\/\\\/www.purejewels.com\\\/\",\"logo\":{\"@type\":\"ImageObject\",\"inLanguage\":\"tr\",\"@id\":\"https:\\\/\\\/www.purejewels.com\\\/#\\\/schema\\\/logo\\\/image\\\/\",\"url\":\"https:\\\/\\\/static.purejewels.com\\\/wp-content\\\/uploads\\\/2020\\\/11\\\/Logo-PJ-New-1.png\",\"contentUrl\":\"https:\\\/\\\/static.purejewels.com\\\/wp-content\\\/uploads\\\/2020\\\/11\\\/Logo-PJ-New-1.png\",\"width\":150,\"height\":80,\"caption\":\"PureJewels UK\"},\"image\":{\"@id\":\"https:\\\/\\\/www.purejewels.com\\\/#\\\/schema\\\/logo\\\/image\\\/\"}}]}<\/script>\n<!-- \/ Yoast SEO plugin. -->","yoast_head_json":{"title":"22 Ayar Alt\u0131n Rodyum CZ Halka K\u00fcpe | PureJewels UK","description":"Rodyum detaylara ve g\u00fcvenli tokaya sahip bu 22 ayar alt\u0131n CZ halka k\u00fcpelerle zarif i\u015f\u00e7ili\u011fi ke\u015ffedin. PureJewels UK'de al\u0131\u015fveri\u015f yap\u0131n.","robots":{"index":"index","follow":"follow","max-snippet":"max-snippet:-1","max-image-preview":"max-image-preview:large","max-video-preview":"max-video-preview:-1"},"canonical":"https:\/\/www.purejewels.com\/tr\/urun\/kadinlar-icin-rodyum-cilali-22-ayar-altin-cz-halka-kupeler-uk\/","og_locale":"tr_TR","og_type":"article","og_title":"22ct Gold Rhodium CZ Hoop Earrings | PureJewels UK","og_description":"Discover elegant craftsmanship with these 22ct gold CZ hoop earrings, featuring rhodium detailing and secure clasp. Shop at PureJewels UK.","og_url":"https:\/\/www.purejewels.com\/tr\/urun\/kadinlar-icin-rodyum-cilali-22-ayar-altin-cz-halka-kupeler-uk\/","og_site_name":"PureJewels UK","article_modified_time":"2026-02-22T06:11:44+00:00","og_image":[{"width":1000,"height":1000,"url":"https:\/\/static.purejewels.com\/wp-content\/uploads\/2025\/05\/SSD051-08-SB_1.png","type":"image\/png"}],"twitter_card":"summary_large_image","twitter_misc":{"Tahmini okuma s\u00fcresi":"1 dakika"},"schema":{"@context":"https:\/\/schema.org","@graph":[{"@type":["WebPage","ItemPage"],"@id":"https:\/\/www.purejewels.com\/product\/22ct-gold-cz-hoop-earrings-with-rhodium-polish-for-women-uk\/","url":"https:\/\/www.purejewels.com\/product\/22ct-gold-cz-hoop-earrings-with-rhodium-polish-for-women-uk\/","name":"22 Ayar Alt\u0131n Rodyum CZ Halka K\u00fcpe | PureJewels UK","isPartOf":{"@id":"https:\/\/www.purejewels.com\/#website"},"primaryImageOfPage":{"@id":"https:\/\/www.purejewels.com\/product\/22ct-gold-cz-hoop-earrings-with-rhodium-polish-for-women-uk\/#primaryimage"},"image":{"@id":"https:\/\/www.purejewels.com\/product\/22ct-gold-cz-hoop-earrings-with-rhodium-polish-for-women-uk\/#primaryimage"},"thumbnailUrl":"https:\/\/static.purejewels.com\/wp-content\/uploads\/2025\/05\/SSD051-08-SB_1.png","datePublished":"2024-05-20T11:15:19+00:00","dateModified":"2026-02-22T06:11:44+00:00","description":"Rodyum detaylara ve g\u00fcvenli tokaya sahip bu 22 ayar alt\u0131n CZ halka k\u00fcpelerle zarif i\u015f\u00e7ili\u011fi ke\u015ffedin. PureJewels UK'de al\u0131\u015fveri\u015f yap\u0131n.","breadcrumb":{"@id":"https:\/\/www.purejewels.com\/product\/22ct-gold-cz-hoop-earrings-with-rhodium-polish-for-women-uk\/#breadcrumb"},"inLanguage":"tr","potentialAction":[{"@type":"ReadAction","target":["https:\/\/www.purejewels.com\/product\/22ct-gold-cz-hoop-earrings-with-rhodium-polish-for-women-uk\/"]}]},{"@type":"ImageObject","inLanguage":"tr","@id":"https:\/\/www.purejewels.com\/product\/22ct-gold-cz-hoop-earrings-with-rhodium-polish-for-women-uk\/#primaryimage","url":"https:\/\/static.purejewels.com\/wp-content\/uploads\/2025\/05\/SSD051-08-SB_1.png","contentUrl":"https:\/\/static.purejewels.com\/wp-content\/uploads\/2025\/05\/SSD051-08-SB_1.png","width":1000,"height":1000},{"@type":"BreadcrumbList","@id":"https:\/\/www.purejewels.com\/product\/22ct-gold-cz-hoop-earrings-with-rhodium-polish-for-women-uk\/#breadcrumb","itemListElement":[{"@type":"ListItem","position":1,"name":"Home","item":"https:\/\/www.purejewels.com\/"},{"@type":"ListItem","position":2,"name":"Shop","item":"https:\/\/www.purejewels.com\/shop\/"},{"@type":"ListItem","position":3,"name":"22ct Gold CZ Hoop Earrings | With Rhodium Finish"}]},{"@type":"WebSite","@id":"https:\/\/www.purejewels.com\/#website","url":"https:\/\/www.purejewels.com\/","name":"PureJewels \u0130ngiltere","description":"Sevgiyi Payla\u015f\u0131n","publisher":{"@id":"https:\/\/www.purejewels.com\/#organization"},"potentialAction":[{"@type":"SearchAction","target":{"@type":"EntryPoint","urlTemplate":"https:\/\/www.purejewels.com\/?s={search_term_string}"},"query-input":{"@type":"PropertyValueSpecification","valueRequired":true,"valueName":"search_term_string"}}],"inLanguage":"tr"},{"@type":"Organization","@id":"https:\/\/www.purejewels.com\/#organization","name":"PureJewels \u0130ngiltere","url":"https:\/\/www.purejewels.com\/","logo":{"@type":"ImageObject","inLanguage":"tr","@id":"https:\/\/www.purejewels.com\/#\/schema\/logo\/image\/","url":"https:\/\/static.purejewels.com\/wp-content\/uploads\/2020\/11\/Logo-PJ-New-1.png","contentUrl":"https:\/\/static.purejewels.com\/wp-content\/uploads\/2020\/11\/Logo-PJ-New-1.png","width":150,"height":80,"caption":"PureJewels UK"},"image":{"@id":"https:\/\/www.purejewels.com\/#\/schema\/logo\/image\/"}}]}},"_links":{"self":[{"href":"https:\/\/www.purejewels.com\/tr\/wp-json\/wp\/v2\/product\/397729","targetHints":{"allow":["GET"]}}],"collection":[{"href":"https:\/\/www.purejewels.com\/tr\/wp-json\/wp\/v2\/product"}],"about":[{"href":"https:\/\/www.purejewels.com\/tr\/wp-json\/wp\/v2\/types\/product"}],"replies":[{"embeddable":true,"href":"https:\/\/www.purejewels.com\/tr\/wp-json\/wp\/v2\/comments?post=397729"}],"version-history":[{"count":4,"href":"https:\/\/www.purejewels.com\/tr\/wp-json\/wp\/v2\/product\/397729\/revisions"}],"predecessor-version":[{"id":426241,"href":"https:\/\/www.purejewels.com\/tr\/wp-json\/wp\/v2\/product\/397729\/revisions\/426241"}],"wp:featuredmedia":[{"embeddable":true,"href":"https:\/\/www.purejewels.com\/tr\/wp-json\/wp\/v2\/media\/397738"}],"wp:attachment":[{"href":"https:\/\/www.purejewels.com\/tr\/wp-json\/wp\/v2\/media?parent=397729"}],"wp:term":[{"taxonomy":"product_brand","embeddable":true,"href":"https:\/\/www.purejewels.com\/tr\/wp-json\/wp\/v2\/product_brand?post=397729"},{"taxonomy":"product_cat","embeddable":true,"href":"https:\/\/www.purejewels.com\/tr\/wp-json\/wp\/v2\/product_cat?post=397729"},{"taxonomy":"product_tag","embeddable":true,"href":"https:\/\/www.purejewels.com\/tr\/wp-json\/wp\/v2\/product_tag?post=397729"}],"curies":[{"name":"wp","href":"https:\/\/api.w.org\/{rel}","templated":true}]}}